{"id":42167,"date":"2025-01-27T11:09:40","date_gmt":"2025-01-27T10:09:40","guid":{"rendered":"https:\/\/www.linslerhof.de\/restaurant-in-saarland\/genuss-events-2\/easter-buffet\/"},"modified":"2026-01-14T19:12:21","modified_gmt":"2026-01-14T18:12:21","slug":"easter-buffet","status":"publish","type":"page","link":"https:\/\/www.linslerhof.de\/en\/restaurant-in-saarland\/enjoyment-events\/easter-buffet\/","title":{"rendered":"Easter buffet"},"content":{"rendered":"<section class=\"l-section wpb_row us_custom_8d4f5dab height_medium\"><div class=\"l-section-h i-cf\"><div class=\"g-cols vc_row via_flex valign_top type_boxes stacking_default\"><div class=\"vc_col-sm-12 wpb_column vc_column_container fs-page-header-area fs-landscape has_bg_color\"><div class=\"vc_column-inner us_custom_3edbc8d4\"><div class=\"wpb_wrapper\"><\/div><\/div><\/div><\/div><\/div><\/section><section class=\"l-section wpb_row us_custom_98b4ceb1 fs-section-reverse hide_on_mobiles height_medium\"><div class=\"l-section-h i-cf\"><div class=\"g-cols vc_row via_flex valign_top type_boxes stacking_default\" style=\"--additional-gap:10px;\"><div class=\"vc_col-sm-6 wpb_column vc_column_container has_bg_color\"><div class=\"vc_column-inner us_custom_94501421\"><div class=\"wpb_wrapper\"><div class=\"wpb_text_column us_custom_50cc7d67\"><div class=\"wpb_wrapper\"><h1><strong>Easter buffet<\/strong><\/h1>\n<h3>Easter Sunday &amp; Easter Monday, April 05 &amp; 06, 2026 <\/h3>\n<p style=\"text-align: left;\">In each case 12:00 to 14:30 &#8211; 54,90 \u20ac<\/p>\n<\/div><\/div><div class=\" vc_custom_1722427994617 ubtn-ctn-left \"><a class=\"ubtn-link ult-adjust-bottom-margin ubtn-left ubtn-large \" href=\"https:\/\/www.linslerhof.de\/restaurant-im-saarland\/tischreservierung\/\" title=\"Angebote\" ><button type=\"button\" id=\"ubtn-9600\"  class=\"ubtn ult-adjust-bottom-margin ult-responsive ubtn-large ubtn-no-hover-bg  ulta-push  ubtn-left   tooltip-69f2afa70b976\"  data-hover=\"\" data-border-color=\"\" data-bg=\"#ea5b0b\" data-hover-bg=\"\" data-border-hover=\"\" data-shadow-hover=\"\" data-shadow-click=\"none\" data-shadow=\"\" data-shd-shadow=\"\"  data-ultimate-target='#ubtn-9600'  data-responsive-json-new='{\"font-size\":\"desktop:20px;\",\"line-height\":\"desktop:18px;\"}'  style=\"font-family:&#039;Open Sans Condensed&#039;;font-weight:normal;font-style:normal;border:none;background: #ea5b0b;color: #ffffff;\"><span class=\"ubtn-hover\" style=\"background-color:\"><\/span><span class=\"ubtn-data ubtn-text \" >TABLE RESERVATION<\/span><\/button><\/a><\/div><div class=\"wpb_text_column us_custom_090aafef\"><div class=\"wpb_wrapper\"><p>Or contact us:<br \/>\n<strong><a href=\"tel:+49683680766\">+49 (0)6836 &#8211; 807-66<\/a><\/strong><br \/>\n<strong><a href=\"mailto:bankett@linslerhof.de\">bankett@linslerhof.de<\/a><\/strong><\/p>\n<\/div><\/div><div class=\"wpb_text_column us_custom_69561aa4\"><div class=\"wpb_wrapper\"><p><a href=\"https:\/\/www.linslerhof.de\/en\/restaurant-in-saarland\/enjoyment-events\/\"><span style=\"color: #d74808;\"><strong>&gt;&gt;  BACK TO THE ENJOYMENT EVENTS<\/strong><\/span><\/a><\/p>\n<\/div><\/div><\/div><\/div><\/div><div class=\"vc_col-sm-6 wpb_column vc_column_container  has_bg_color\"><div class=\"vc_column-inner us_custom_87010153 us_animate_this\"><div class=\"wpb_wrapper\"><div class=\"wpb_text_column us_custom_50cc7d67\"><div class=\"wpb_wrapper\"><h3>Buffet<\/h3>\n<p><strong>Starters<\/strong><br \/>\nSmoked salmon | Paprika and cucumber salad | Wasabi and horseradish cream<br \/>\nGame p\u00e2t\u00e9 with cranberry cream<br \/>\nVariation of antipasti vegetables<br \/>\nSlices of cold marinated roast beef | Baby leaf | Remoulade saucesauce<br \/>\nBaked mini tarts | cottage cheese<br \/>\nTomato and mozzarella with basil pesto<br \/>\nBeef carpaccio | pine nuts | Grana Padano<br \/>\nVarious raw vegetable salads<br \/>\nLamb&#8217;s lettuce with bacon dressing and balsamic dressing<\/p>\n<p><strong>Soup<\/strong><br \/>\nCauliflower cream soup | roasted onions | herb oil<\/p>\n<p><strong>Main course<\/strong><br \/>\nGame goulash from local forests | port wine jus<br \/>\nCorn-fed chicken breast | herb and white wine sauce<br \/>\nDuet of Label Rouge salmon and gilthead fillet | saffron and chili saucesauce<br \/>\nPotato gratin<br \/>\nRice variation<br \/>\nGratinated broccoli | freshly chopped herbs<br \/>\nLisdorfer market vegetables | butter crumbs<br \/>\nVegetarian lasagna<br \/>\nSweet potato curry | refined with coconut<\/p>\n<p><strong>Dessert<\/strong><br \/>\nDark chocolate mousse<br \/>\nCheesecake tartlets | Berry gel<br \/>\nChocolate cake I Vanilla sauce<br \/>\nTwo kinds of brownies<br \/>\nCr\u00e8me br\u00fbl\u00e9e<br \/>\nFruit salad<\/p>\n<\/div><\/div><\/div><\/div><\/div><\/div><\/div><\/section><section class=\"l-section wpb_row us_custom_98b4ceb1 fs-section-reverse hide_on_default hide_on_laptops hide_on_tablets height_medium\"><div class=\"l-section-h i-cf\"><div class=\"g-cols vc_row via_flex valign_middle type_boxes stacking_default\" style=\"--additional-gap:10px;\"><div class=\"vc_col-sm-12 wpb_column vc_column_container has_bg_color\"><div class=\"vc_column-inner us_custom_94501421\"><div class=\"wpb_wrapper\"><div class=\"wpb_text_column us_custom_50cc7d67\"><div class=\"wpb_wrapper\"><h1><strong>Easter buffet<\/strong><\/h1>\n<h3>Easter Sunday &amp; Easter Monday, April 05 &amp; 06, 2026 <\/h3>\n<p style=\"text-align: left;\">In each case 12:00 to 14:30 &#8211; 54,90 \u20ac<\/p>\n<\/div><\/div><div class=\" vc_custom_1722428007190 ubtn-ctn-left \"><a class=\"ubtn-link ult-adjust-bottom-margin ubtn-left ubtn-large \" href=\"https:\/\/www.linslerhof.de\/restaurant-im-saarland\/tischreservierung\/\" title=\"Angebote\" ><button type=\"button\" id=\"ubtn-9098\"  class=\"ubtn ult-adjust-bottom-margin ult-responsive ubtn-large ubtn-no-hover-bg  ulta-push  ubtn-left   tooltip-69f2afa70c2a4\"  data-hover=\"\" data-border-color=\"\" data-bg=\"#ea5b0b\" data-hover-bg=\"\" data-border-hover=\"\" data-shadow-hover=\"\" data-shadow-click=\"none\" data-shadow=\"\" data-shd-shadow=\"\"  data-ultimate-target='#ubtn-9098'  data-responsive-json-new='{\"font-size\":\"desktop:20px;\",\"line-height\":\"desktop:18px;\"}'  style=\"font-family:&#039;Open Sans Condensed&#039;;font-weight:normal;font-style:normal;border:none;background: #ea5b0b;color: #ffffff;\"><span class=\"ubtn-hover\" style=\"background-color:\"><\/span><span class=\"ubtn-data ubtn-text \" >TABLE RESERVATION<\/span><\/button><\/a><\/div><div class=\"wpb_text_column us_custom_090aafef\"><div class=\"wpb_wrapper\"><p>Or contact us:<br \/>\n<strong><a href=\"tel:+49683680766\">+49 (0)6836 &#8211; 807-66<\/a><\/strong><br \/>\n<strong><a href=\"mailto:bankett@linslerhof.de\">bankett@linslerhof.de<\/a><\/strong><\/p>\n<\/div><\/div><div class=\"wpb_text_column us_custom_69561aa4\"><div class=\"wpb_wrapper\"><p><a href=\"https:\/\/www.linslerhof.de\/en\/restaurant-in-saarland\/enjoyment-events\/\"><span style=\"color: #d74808;\"><strong>&gt;&gt;  BACK TO THE ENJOYMENT EVENTS<\/strong><\/span><\/a><\/p>\n<\/div><\/div><div class=\"w-separator size_small with_line width_default thick_1 style_solid color_border align_center\"><div class=\"w-separator-h\"><\/div><\/div><div class=\"wpb_text_column us_custom_50cc7d67\"><div class=\"wpb_wrapper\"><h3>Buffet<\/h3>\n<p><strong>Starters<\/strong><br \/>\nSmoked salmon | Paprika and cucumber salad | Wasabi and horseradish cream<br \/>\nGame p\u00e2t\u00e9 with cranberry cream<br \/>\nVariation of antipasti vegetables<br \/>\nSlices of cold marinated roast beef | Baby leaf | Remoulade saucesauce<br \/>\nBaked mini tarts | cottage cheese<br \/>\nTomato and mozzarella with basil pesto<br \/>\nBeef carpaccio | pine nuts | Grana Padano<br \/>\nVarious raw vegetable salads<br \/>\nLamb&#8217;s lettuce with bacon dressing and balsamic dressing<\/p>\n<p><strong>Soup<\/strong><br \/>\nCauliflower cream soup | roasted onions | herb oil<\/p>\n<p><strong>Main course<\/strong><br \/>\nGame goulash from local forests | port wine jus<br \/>\nCorn-fed chicken breast | herb and white wine sauce<br \/>\nDuet of Label Rouge salmon and gilthead fillet | saffron and chili saucesauce<br \/>\nPotato gratin<br \/>\nRice variation<br \/>\nGratinated broccoli | freshly chopped herbs<br \/>\nLisdorfer market vegetables | butter crumbs<br \/>\nVegetarian lasagna<br \/>\nSweet potato curry | refined with coconut<\/p>\n<p><strong>Dessert<\/strong><br \/>\nDark chocolate mousse<br \/>\nCheesecake tartlets | Berry gel<br \/>\nChocolate cake I Vanilla sauce<br \/>\nTwo kinds of brownies<br \/>\nCr\u00e8me br\u00fbl\u00e9e<br \/>\nFruit salad<\/p>\n<\/div><\/div><\/div><\/div><\/div><\/div><\/div><\/section>\n","protected":false},"excerpt":{"rendered":"Easter buffet Easter Sunday &amp; Easter Monday, April 05 &amp; 06, 2026 In each case 12:00 to 14:30 &#8211; 54,90 \u20ac TABLE RESERVATIONOr contact us: +49 (0)6836 &#8211; 807-66 bankett@linslerhof.de &gt;&gt; BACK TO THE ENJOYMENT EVENTS Buffet Starters Smoked salmon | Paprika and cucumber salad | Wasabi and horseradish cream Game p\u00e2t\u00e9 with cranberry cream...","protected":false},"author":3,"featured_media":0,"parent":15551,"menu_order":17,"comment_status":"closed","ping_status":"closed","template":"","meta":{"footnotes":""},"class_list":["post-42167","page","type-page","status-publish","hentry"],"yoast_head":"<!-- This site is optimized with the Yoast SEO plugin v27.5 - https:\/\/yoast.com\/product\/yoast-seo-wordpress\/ -->\n<title>Easter buffet | Linslerhof<\/title>\n<meta name=\"description\" content=\"LARGE LUNCH BUFFET Every Sunday lunchtime from 12:00 to 14:30 \u20ac 39.50 per person -&gt; Now rEasterbuffetEaster Sunday &amp; Easter Monday, 20. &amp; April 21, 202552,90 \u20acreserve!\" \/>\n<meta name=\"robots\" content=\"index, follow, max-snippet:-1, max-image-preview:large, max-video-preview:-1\" \/>\n<link rel=\"canonical\" href=\"https:\/\/www.linslerhof.de\/en\/restaurant-in-saarland\/enjoyment-events\/easter-buffet\/\" \/>\n<meta property=\"og:locale\" content=\"en_US\" \/>\n<meta property=\"og:type\" content=\"article\" \/>\n<meta property=\"og:title\" content=\"Easter buffet | Linslerhof\" \/>\n<meta property=\"og:description\" content=\"LARGE LUNCH BUFFET Every Sunday lunchtime from 12:00 to 14:30 \u20ac 39.50 per person -&gt; Now rEasterbuffetEaster Sunday &amp; Easter Monday, 20. &amp; April 21, 202552,90 \u20acreserve!\" \/>\n<meta property=\"og:url\" content=\"https:\/\/www.linslerhof.de\/en\/restaurant-in-saarland\/enjoyment-events\/easter-buffet\/\" \/>\n<meta property=\"og:site_name\" content=\"Linslerhof\" \/>\n<meta property=\"article:publisher\" content=\"https:\/\/www.facebook.com\/Linslerhof\" \/>\n<meta property=\"article:modified_time\" content=\"2026-01-14T18:12:21+00:00\" \/>\n<meta name=\"twitter:card\" content=\"summary_large_image\" \/>\n<meta name=\"twitter:label1\" content=\"Est. reading time\" \/>\n\t<meta name=\"twitter:data1\" content=\"3 minutes\" \/>\n<script type=\"application\/ld+json\" class=\"yoast-schema-graph\">{\"@context\":\"https:\\\/\\\/schema.org\",\"@graph\":[{\"@type\":\"WebPage\",\"@id\":\"https:\\\/\\\/www.linslerhof.de\\\/en\\\/restaurant-in-saarland\\\/enjoyment-events\\\/easter-buffet\\\/\",\"url\":\"https:\\\/\\\/www.linslerhof.de\\\/en\\\/restaurant-in-saarland\\\/enjoyment-events\\\/easter-buffet\\\/\",\"name\":\"Easter buffet | Linslerhof\",\"isPartOf\":{\"@id\":\"https:\\\/\\\/www.linslerhof.de\\\/en\\\/#website\"},\"datePublished\":\"2025-01-27T10:09:40+00:00\",\"dateModified\":\"2026-01-14T18:12:21+00:00\",\"description\":\"LARGE LUNCH BUFFET Every Sunday lunchtime from 12:00 to 14:30 \u20ac 39.50 per person -> Now rEasterbuffetEaster Sunday & Easter Monday, 20. & April 21, 202552,90 \u20acreserve!\",\"breadcrumb\":{\"@id\":\"https:\\\/\\\/www.linslerhof.de\\\/en\\\/restaurant-in-saarland\\\/enjoyment-events\\\/easter-buffet\\\/#breadcrumb\"},\"inLanguage\":\"en-US\",\"potentialAction\":[{\"@type\":\"ReadAction\",\"target\":[\"https:\\\/\\\/www.linslerhof.de\\\/en\\\/restaurant-in-saarland\\\/enjoyment-events\\\/easter-buffet\\\/\"]}]},{\"@type\":\"BreadcrumbList\",\"@id\":\"https:\\\/\\\/www.linslerhof.de\\\/en\\\/restaurant-in-saarland\\\/enjoyment-events\\\/easter-buffet\\\/#breadcrumb\",\"itemListElement\":[{\"@type\":\"ListItem\",\"position\":1,\"name\":\"Home\",\"item\":\"https:\\\/\\\/www.linslerhof.de\\\/en\\\/4-star-hotel-in-saarland\\\/\"},{\"@type\":\"ListItem\",\"position\":2,\"name\":\"Restaurant in Saarland\",\"item\":\"https:\\\/\\\/www.linslerhof.de\\\/en\\\/restaurant-in-saarland\\\/\"},{\"@type\":\"ListItem\",\"position\":3,\"name\":\"Enjoyment Events\",\"item\":\"https:\\\/\\\/www.linslerhof.de\\\/en\\\/restaurant-in-saarland\\\/enjoyment-events\\\/\"},{\"@type\":\"ListItem\",\"position\":4,\"name\":\"Easter buffet\"}]},{\"@type\":\"WebSite\",\"@id\":\"https:\\\/\\\/www.linslerhof.de\\\/en\\\/#website\",\"url\":\"https:\\\/\\\/www.linslerhof.de\\\/en\\\/\",\"name\":\"Linslerhof\",\"description\":\"Historischer Gutshof\",\"publisher\":{\"@id\":\"https:\\\/\\\/www.linslerhof.de\\\/en\\\/#organization\"},\"potentialAction\":[{\"@type\":\"SearchAction\",\"target\":{\"@type\":\"EntryPoint\",\"urlTemplate\":\"https:\\\/\\\/www.linslerhof.de\\\/en\\\/?s={search_term_string}\"},\"query-input\":{\"@type\":\"PropertyValueSpecification\",\"valueRequired\":true,\"valueName\":\"search_term_string\"}}],\"inLanguage\":\"en-US\"},{\"@type\":\"Organization\",\"@id\":\"https:\\\/\\\/www.linslerhof.de\\\/en\\\/#organization\",\"name\":\"Linslerhof\",\"url\":\"https:\\\/\\\/www.linslerhof.de\\\/en\\\/\",\"logo\":{\"@type\":\"ImageObject\",\"inLanguage\":\"en-US\",\"@id\":\"https:\\\/\\\/www.linslerhof.de\\\/en\\\/#\\\/schema\\\/logo\\\/image\\\/\",\"url\":\"https:\\\/\\\/www.linslerhof.de\\\/wp-content\\\/uploads\\\/2020\\\/12\\\/Logo_2020.png\",\"contentUrl\":\"https:\\\/\\\/www.linslerhof.de\\\/wp-content\\\/uploads\\\/2020\\\/12\\\/Logo_2020.png\",\"width\":466,\"height\":300,\"caption\":\"Linslerhof\"},\"image\":{\"@id\":\"https:\\\/\\\/www.linslerhof.de\\\/en\\\/#\\\/schema\\\/logo\\\/image\\\/\"},\"sameAs\":[\"https:\\\/\\\/www.facebook.com\\\/Linslerhof\",\"https:\\\/\\\/www.instagram.com\\\/linslerhof\\\/\"]}]}<\/script>\n<!-- \/ Yoast SEO plugin. -->","yoast_head_json":{"title":"Easter buffet | Linslerhof","description":"LARGE LUNCH BUFFET Every Sunday lunchtime from 12:00 to 14:30 \u20ac 39.50 per person -> Now rEasterbuffetEaster Sunday & Easter Monday, 20. & April 21, 202552,90 \u20acreserve!","robots":{"index":"index","follow":"follow","max-snippet":"max-snippet:-1","max-image-preview":"max-image-preview:large","max-video-preview":"max-video-preview:-1"},"canonical":"https:\/\/www.linslerhof.de\/en\/restaurant-in-saarland\/enjoyment-events\/easter-buffet\/","og_locale":"en_US","og_type":"article","og_title":"Easter buffet | Linslerhof","og_description":"LARGE LUNCH BUFFET Every Sunday lunchtime from 12:00 to 14:30 \u20ac 39.50 per person -> Now rEasterbuffetEaster Sunday & Easter Monday, 20. & April 21, 202552,90 \u20acreserve!","og_url":"https:\/\/www.linslerhof.de\/en\/restaurant-in-saarland\/enjoyment-events\/easter-buffet\/","og_site_name":"Linslerhof","article_publisher":"https:\/\/www.facebook.com\/Linslerhof","article_modified_time":"2026-01-14T18:12:21+00:00","twitter_card":"summary_large_image","twitter_misc":{"Est. reading time":"3 minutes"},"schema":{"@context":"https:\/\/schema.org","@graph":[{"@type":"WebPage","@id":"https:\/\/www.linslerhof.de\/en\/restaurant-in-saarland\/enjoyment-events\/easter-buffet\/","url":"https:\/\/www.linslerhof.de\/en\/restaurant-in-saarland\/enjoyment-events\/easter-buffet\/","name":"Easter buffet | Linslerhof","isPartOf":{"@id":"https:\/\/www.linslerhof.de\/en\/#website"},"datePublished":"2025-01-27T10:09:40+00:00","dateModified":"2026-01-14T18:12:21+00:00","description":"LARGE LUNCH BUFFET Every Sunday lunchtime from 12:00 to 14:30 \u20ac 39.50 per person -> Now rEasterbuffetEaster Sunday & Easter Monday, 20. & April 21, 202552,90 \u20acreserve!","breadcrumb":{"@id":"https:\/\/www.linslerhof.de\/en\/restaurant-in-saarland\/enjoyment-events\/easter-buffet\/#breadcrumb"},"inLanguage":"en-US","potentialAction":[{"@type":"ReadAction","target":["https:\/\/www.linslerhof.de\/en\/restaurant-in-saarland\/enjoyment-events\/easter-buffet\/"]}]},{"@type":"BreadcrumbList","@id":"https:\/\/www.linslerhof.de\/en\/restaurant-in-saarland\/enjoyment-events\/easter-buffet\/#breadcrumb","itemListElement":[{"@type":"ListItem","position":1,"name":"Home","item":"https:\/\/www.linslerhof.de\/en\/4-star-hotel-in-saarland\/"},{"@type":"ListItem","position":2,"name":"Restaurant in Saarland","item":"https:\/\/www.linslerhof.de\/en\/restaurant-in-saarland\/"},{"@type":"ListItem","position":3,"name":"Enjoyment Events","item":"https:\/\/www.linslerhof.de\/en\/restaurant-in-saarland\/enjoyment-events\/"},{"@type":"ListItem","position":4,"name":"Easter buffet"}]},{"@type":"WebSite","@id":"https:\/\/www.linslerhof.de\/en\/#website","url":"https:\/\/www.linslerhof.de\/en\/","name":"Linslerhof","description":"Historischer Gutshof","publisher":{"@id":"https:\/\/www.linslerhof.de\/en\/#organization"},"potentialAction":[{"@type":"SearchAction","target":{"@type":"EntryPoint","urlTemplate":"https:\/\/www.linslerhof.de\/en\/?s={search_term_string}"},"query-input":{"@type":"PropertyValueSpecification","valueRequired":true,"valueName":"search_term_string"}}],"inLanguage":"en-US"},{"@type":"Organization","@id":"https:\/\/www.linslerhof.de\/en\/#organization","name":"Linslerhof","url":"https:\/\/www.linslerhof.de\/en\/","logo":{"@type":"ImageObject","inLanguage":"en-US","@id":"https:\/\/www.linslerhof.de\/en\/#\/schema\/logo\/image\/","url":"https:\/\/www.linslerhof.de\/wp-content\/uploads\/2020\/12\/Logo_2020.png","contentUrl":"https:\/\/www.linslerhof.de\/wp-content\/uploads\/2020\/12\/Logo_2020.png","width":466,"height":300,"caption":"Linslerhof"},"image":{"@id":"https:\/\/www.linslerhof.de\/en\/#\/schema\/logo\/image\/"},"sameAs":["https:\/\/www.facebook.com\/Linslerhof","https:\/\/www.instagram.com\/linslerhof\/"]}]}},"_links":{"self":[{"href":"https:\/\/www.linslerhof.de\/en\/wp-json\/wp\/v2\/pages\/42167","targetHints":{"allow":["GET"]}}],"collection":[{"href":"https:\/\/www.linslerhof.de\/en\/wp-json\/wp\/v2\/pages"}],"about":[{"href":"https:\/\/www.linslerhof.de\/en\/wp-json\/wp\/v2\/types\/page"}],"author":[{"embeddable":true,"href":"https:\/\/www.linslerhof.de\/en\/wp-json\/wp\/v2\/users\/3"}],"replies":[{"embeddable":true,"href":"https:\/\/www.linslerhof.de\/en\/wp-json\/wp\/v2\/comments?post=42167"}],"version-history":[{"count":8,"href":"https:\/\/www.linslerhof.de\/en\/wp-json\/wp\/v2\/pages\/42167\/revisions"}],"predecessor-version":[{"id":46907,"href":"https:\/\/www.linslerhof.de\/en\/wp-json\/wp\/v2\/pages\/42167\/revisions\/46907"}],"up":[{"embeddable":true,"href":"https:\/\/www.linslerhof.de\/en\/wp-json\/wp\/v2\/pages\/15551"}],"wp:attachment":[{"href":"https:\/\/www.linslerhof.de\/en\/wp-json\/wp\/v2\/media?parent=42167"}],"curies":[{"name":"wp","href":"https:\/\/api.w.org\/{rel}","templated":true}]}}