{"id":33290,"date":"2018-10-16T17:24:47","date_gmt":"2018-10-16T15:24:47","guid":{"rendered":"https:\/\/dev.linslerhof.de\/actualites\/"},"modified":"2026-01-22T09:15:00","modified_gmt":"2026-01-22T08:15:00","slug":"actualites","status":"publish","type":"page","link":"https:\/\/www.linslerhof.de\/fr\/linslerhof\/actualites\/","title":{"rendered":"Actualit\u00e9s"},"content":{"rendered":"<section class=\"l-section wpb_row us_custom_8d4f5dab height_medium\"><div class=\"l-section-h i-cf\"><div class=\"g-cols vc_row via_flex valign_top type_boxes stacking_default\"><div class=\"vc_col-sm-12 wpb_column vc_column_container fs-page-header-area fs-landscape has_bg_color has-link\"><div class=\"vc_column-inner us_custom_8fad0644\"><div class=\"wpb_wrapper\"><\/div><\/div><a title=\"Bestpreisgarantie\" href=\"https:\/\/www.linslerhof.de\/linslerhof\/bestpreisgarantie\/\" class=\"vc_column-link smooth-scroll\"><\/a><\/div><\/div><\/div><\/section><section class=\"l-section wpb_row us_custom_1abdb309 height_medium\"><div class=\"l-section-h i-cf\"><div class=\"g-cols vc_row via_flex valign_middle type_boxes stacking_default\" style=\"--additional-gap:10px;\"><div class=\"vc_col-sm-6 wpb_column vc_column_container has_bg_color\"><div class=\"vc_column-inner us_custom_94501421\"><div class=\"wpb_wrapper\"><div class=\"w-image us_custom_3090c82c align_center\"><div class=\"w-image-h\"><img decoding=\"async\" width=\"600\" height=\"400\" src=\"https:\/\/www.linslerhof.de\/wp-content\/uploads\/2024\/11\/restaurant2.jpg\" class=\"attachment-us_600_600_crop size-us_600_600_crop\" alt=\"Hotel im Saarland - Restaurant Linslerstube - saarl\u00e4ndische Gastlichkeit\" loading=\"lazy\" srcset=\"https:\/\/www.linslerhof.de\/wp-content\/uploads\/2024\/11\/restaurant2.jpg 600w, https:\/\/www.linslerhof.de\/wp-content\/uploads\/2024\/11\/restaurant2-300x200.jpg 300w, https:\/\/www.linslerhof.de\/wp-content\/uploads\/2024\/11\/restaurant2-272x182.jpg 272w\" sizes=\"auto, (max-width: 600px) 100vw, 600px\" \/><\/div><\/div><div class=\"wpb_text_column us_custom_50cc7d67\"><div class=\"wpb_wrapper\"><h3 style=\"text-align: left;\">Heures d&rsquo;ouverture du restaurant<\/h3>\n<p>Le restaurant est ouvert du mercredi au samedi de 17h \u00e0 22h. La fermeture de la cuisine et le dernier service ont lieu \u00e0 21 heures. Le dimanche, nous proposons notre d\u00e9jeuner-buffet de 12h \u00e0 14h30. Le lundi et le mardi, le restaurant est ferm\u00e9.   <\/p>\n<p><a href=\"https:\/\/www.linslerhof.de\/fr\/restaurant-en-sarre\/reservation-de-table\/\"><span style=\"color: #d74808;\"><strong>&gt;&gt;  R\u00c9SERVER MAINTENANT<\/strong><\/span><\/a><\/p>\n<\/div><\/div><\/div><\/div><\/div><div class=\"vc_col-sm-6 wpb_column vc_column_container has_bg_color\"><div class=\"vc_column-inner us_custom_04b5345d\"><div class=\"wpb_wrapper\">[vc_custom_heading text=\u00a0\u00bb<strong>Nouveau \u00e0 l&apos;h\u00f4tel<\/strong>\u00a0\u00bb use_theme_fonts=\u00a0\u00bbyes\u00a0\u00bb]<div class=\"wpb_text_column us_custom_50cc7d67\"><div class=\"wpb_wrapper\"><h3 style=\"text-align: left;\">Profitez de notre copieux petit d\u00e9jeuner buffet.<\/h3>\n<p class=\"p2\">Pour les clients externes, nous proposons un petit-d\u00e9jeuner quotidien \u00e0 l&rsquo;h\u00f4tel. Vous y trouverez des petits pains frais, de la p\u00e2te \u00e0 tartiner d\u00e9licieuse, du miel du Linslerhof, des c\u00e9r\u00e9ales, des fruits et des l\u00e9gumes. Vous trouverez \u00e9galement un grand choix de fromages et de charcuteries. Le tout accompagn\u00e9 de caf\u00e9, de th\u00e9 et de jus de fruits. Le buffet, boissons comprises, co\u00fbte 19,50\u20ac par personne. Les \u0153ufs, les omelettes et les pancakes sont disponibles moyennant un suppl\u00e9ment.     <\/p>\n<p>Les r\u00e9servations sont demand\u00e9es \u00e0 l&rsquo;adresse suivante<br \/>\n<a href=\"mailto:%20info@linslerhof.de\"><strong> info@linslerhof.de<\/strong><\/a><br \/>\n<a href=\"tel:+4968368070\"><strong>06836-8070<\/strong><\/a><\/p>\n<p><strong>Horaires du petit-d\u00e9jeuner :<\/strong><br \/>\nLundi \u00e0 vendredi : 06:30 &#8211; 10:00<br \/>\nSamedi, dimanche &amp; jours f\u00e9ri\u00e9s : 07:00 &#8211; 11:00<\/p>\n<\/div><\/div><\/div><\/div><\/div><\/div><\/div><\/section><section class=\"l-section wpb_row us_custom_3fcb7a80 fs-title-row height_medium\"><div class=\"l-section-h i-cf\"><div class=\"g-cols vc_row via_flex valign_top type_boxes stacking_default\"><div class=\"vc_col-sm-12 wpb_column vc_column_container\"><div class=\"vc_column-inner us_custom_5af77061\"><div class=\"wpb_wrapper\"><div class=\"g-cols wpb_row us_custom_d19ec48c fs-inner-area via_flex valign_top type_default stacking_default\"><div class=\"vc_col-sm-12 wpb_column vc_column_container\"><div class=\"vc_column-inner us_custom_e645dbf4\"><div class=\"wpb_wrapper\"><div class=\"wpb_text_column\"><div class=\"wpb_wrapper\"><p style=\"text-align: left;\"><strong>Chers h\u00f4tes et amis du Linslerhof,<\/strong><\/p>\n<p style=\"text-align: left;\">Nous sommes ouverts aux invit\u00e9s et nous nous r\u00e9jouissons de votre visite.<\/p>\n<p style=\"text-align: left;\"><strong>Heures d&rsquo;ouverture du sauna et de la cabine infrarouge :<\/strong><br \/>\nLundi \u00e0 samedi 16 &#8211; 21 heures \/\/ Dimanche &amp; jours f\u00e9ri\u00e9s 14 &#8211; 18 heures<br \/>\nNous vous prions de bien vouloir r\u00e9server \u00e0 l&rsquo;avance.<\/p>\n<p style=\"text-align: left;\"><a href=\"https:\/\/www.linslerhof.de\/linslerhof\/veranstaltungskalender\/\"><strong>&gt;&gt;  Vers le calendrier des manifestations<\/strong><\/a><\/p>\n<\/div><\/div>[vc_custom_heading text=\u00a0\u00bb<strong>Garantie du meilleur prix<\/strong>\u00a0\u00bb font_container=\u00a0\u00bbtag:h1|font_size:45px|text_align:left|line_height:1.1em\u00a0\u00bb use_theme_fonts=\u00a0\u00bbyes\u00a0\u00bb css=\u00a0\u00bb%7B%22default%22%3A%7B%22font-size%22%3A%2245px%22%2C%22line-height%22%3A%221.1em%22%2C%22margin-top%22%3A%2220px%22%2C%22margin-bottom%22%3A%2220px%22%7D%7D\u00a0\u00bb]<div class=\"wpb_text_column\"><div class=\"wpb_wrapper\"><p style=\"text-align: left;\">Sur notre site, vous avez la garantie de toujours r\u00e9server au meilleur prix !<\/p>\n<p style=\"text-align: left;\"><a href=\"https:\/\/www.linslerhof.de\/linslerhof\/bestpreisgarantie\/\"><strong>&gt;&gt;  Toutes les informations<\/strong><\/a><\/p>\n<\/div><\/div><\/div><\/div><\/div><\/div><\/div><\/div><\/div><\/div><\/div><\/section><section class=\"l-section wpb_row us_custom_d65abc75 height_large\"><div class=\"l-section-h i-cf\"><div class=\"g-cols vc_row via_flex valign_middle type_boxes stacking_default\" style=\"--additional-gap:2.5px;\"><div class=\"vc_col-sm-12 wpb_column vc_column_container\"><div class=\"vc_column-inner us_custom_36724591\"><div class=\"wpb_wrapper\">\n\t\t\t<!-- START Slider Restaurants REVOLUTION SLIDER 6.7.41 --><p class=\"rs-p-wp-fix\"><\/p>\n\t\t\t<rs-module-wrap id=\"rev_slider_2_1_wrapper\" data-source=\"gallery\" style=\"visibility:hidden;background:transparent;padding:0;margin:0px auto;margin-top:0;margin-bottom:0;\">\n\t\t\t\t<rs-module id=\"rev_slider_2_1\" style=\"\" data-version=\"6.7.41\">\n\t\t\t\t\t<rs-slides style=\"overflow: hidden; position: absolute;\">\n\t\t\t\t\t\t<rs-slide style=\"position: absolute;\" data-key=\"rs-2\" data-title=\"Slide\" data-thumb=\"\/\/www.linslerhof.de\/wp-content\/uploads\/2024\/11\/slide-restaurant-03-100x50.jpg\" data-anim=\"adpr:false;\" data-in=\"o:0;\" data-out=\"a:false;\">\n\t\t\t\t\t\t\t<img decoding=\"async\" src=\"\/\/www.linslerhof.de\/wp-content\/plugins\/revslider\/sr6\/assets\/assets\/dummy.png\" alt=\"Biergarten im Saarland mit Grillh\u00fctte\" title=\"slide-restaurant-03\" width=\"1024\" height=\"512\" class=\"rev-slidebg tp-rs-img rs-lazyload\" data-lazyload=\"\/\/www.linslerhof.de\/wp-content\/uploads\/2024\/11\/slide-restaurant-03.jpg\" data-no-retina>\n<!---->\t\t\t\t\t<\/rs-slide>\n\t\t\t\t\t\t<rs-slide style=\"position: absolute;\" data-key=\"rs-37\" data-title=\"Slide\" data-thumb=\"\/\/www.linslerhof.de\/wp-content\/uploads\/2024\/11\/slide-restaurant-01-100x50.jpg\" data-anim=\"adpr:false;\" data-in=\"o:0;\" data-out=\"a:false;\">\n\t\t\t\t\t\t\t<img decoding=\"async\" src=\"\/\/www.linslerhof.de\/wp-content\/plugins\/revslider\/sr6\/assets\/assets\/dummy.png\" alt=\"Genuss im Saarland, Fischgericht wird mit Sauce betr\u00e4ufelt\" title=\"slide-restaurant-01\" width=\"1024\" height=\"512\" class=\"rev-slidebg tp-rs-img rs-lazyload\" data-lazyload=\"\/\/www.linslerhof.de\/wp-content\/uploads\/2024\/11\/slide-restaurant-01.jpg\" data-no-retina>\n<!---->\t\t\t\t\t<\/rs-slide>\n\t\t\t\t\t\t<rs-slide style=\"position: absolute;\" data-key=\"rs-4\" data-title=\"Slide\" data-thumb=\"\/\/www.linslerhof.de\/wp-content\/uploads\/2024\/11\/slide-restaurant-04-1-100x50.jpg\" data-anim=\"adpr:false;\" data-in=\"o:0;\" data-out=\"a:false;\">\n\t\t\t\t\t\t\t<img decoding=\"async\" src=\"\/\/www.linslerhof.de\/wp-content\/plugins\/revslider\/sr6\/assets\/assets\/dummy.png\" alt=\"Restaurant im Saarland, eingedeckte Linslerstube, Genuss im Saarland\" title=\"slide-restaurant-04\" width=\"1024\" height=\"512\" class=\"rev-slidebg tp-rs-img rs-lazyload\" data-lazyload=\"\/\/www.linslerhof.de\/wp-content\/uploads\/2024\/11\/slide-restaurant-04-1.jpg\" data-no-retina>\n<!---->\t\t\t\t\t<\/rs-slide>\n\t\t\t\t\t\t<rs-slide style=\"position: absolute;\" data-key=\"rs-3\" data-title=\"Slide\" data-thumb=\"\/\/www.linslerhof.de\/wp-content\/uploads\/2024\/11\/slide-restaurant-02-100x50.jpg\" data-anim=\"adpr:false;\" data-in=\"o:0;\" data-out=\"a:false;\">\n\t\t\t\t\t\t\t<img decoding=\"async\" src=\"\/\/www.linslerhof.de\/wp-content\/plugins\/revslider\/sr6\/assets\/assets\/dummy.png\" alt=\"Restaurant im Saarland, Schild der Georgstube als Close-Up\" title=\"slide-restaurant-02\" width=\"1024\" height=\"512\" class=\"rev-slidebg tp-rs-img rs-lazyload\" data-lazyload=\"\/\/www.linslerhof.de\/wp-content\/uploads\/2024\/11\/slide-restaurant-02.jpg\" data-no-retina>\n<!---->\t\t\t\t\t<\/rs-slide>\n\t\t\t\t\t<\/rs-slides>\n\t\t\t\t<\/rs-module>\n\t\t\t\t<script>\n\t\t\t\t\tsetREVStartSize({c: 'rev_slider_2_1',rl:[1240,1024,778,480],el:[650],gw:[1300],gh:[650],type:'standard',justify:'',layout:'fullwidth',mh:\"0\"});if (window.RS_MODULES!==undefined && window.RS_MODULES.modules!==undefined && window.RS_MODULES.modules[\"revslider21\"]!==undefined) {window.RS_MODULES.modules[\"revslider21\"].once = false;window.revapi2 = undefined;if (window.RS_MODULES.checkMinimal!==undefined) window.RS_MODULES.checkMinimal()}\n\t\t\t\t<\/script>\n\t\t\t<\/rs-module-wrap>\n\t\t\t<!-- END REVOLUTION SLIDER -->\n<\/div><\/div><\/div><\/div><\/div><\/section>\n","protected":false},"excerpt":{"rendered":"Heures d&rsquo;ouverture du restaurant Le restaurant est ouvert du mercredi au samedi de 17h \u00e0 22h. La fermeture de la cuisine et le dernier service ont lieu \u00e0 21 heures. Le dimanche, nous proposons notre d\u00e9jeuner-buffet de 12h \u00e0 14h30. Le lundi et le mardi, le restaurant est ferm\u00e9. &gt;&gt; R\u00c9SERVER MAINTENANT [vc_custom_heading text=\"Nouveau \u00e0...","protected":false},"author":3,"featured_media":0,"parent":33319,"menu_order":1,"comment_status":"closed","ping_status":"closed","template":"","meta":{"footnotes":""},"class_list":["post-33290","page","type-page","status-publish","hentry"],"yoast_head":"<!-- This site is optimized with the Yoast SEO plugin v27.3 - https:\/\/yoast.com\/product\/yoast-seo-wordpress\/ -->\n<title>Actualit\u00e9s | Linslerhof<\/title>\n<meta name=\"description\" content=\"D\u00e9couvrez les actualit\u00e9s &amp; nouveaut\u00e9s concernant notre h\u00f4tel 4 \u00e9toiles Linslerhof et notre offre.\" \/>\n<meta name=\"robots\" content=\"index, follow, max-snippet:-1, max-image-preview:large, max-video-preview:-1\" \/>\n<link rel=\"canonical\" href=\"https:\/\/www.linslerhof.de\/fr\/linslerhof\/actualites\/\" \/>\n<meta property=\"og:locale\" content=\"fr_FR\" \/>\n<meta property=\"og:type\" content=\"article\" \/>\n<meta property=\"og:title\" content=\"Actualit\u00e9s | Linslerhof\" \/>\n<meta property=\"og:description\" content=\"D\u00e9couvrez les actualit\u00e9s &amp; nouveaut\u00e9s concernant notre h\u00f4tel 4 \u00e9toiles Linslerhof et notre offre.\" \/>\n<meta property=\"og:url\" content=\"https:\/\/www.linslerhof.de\/fr\/linslerhof\/actualites\/\" \/>\n<meta property=\"og:site_name\" content=\"Linslerhof\" \/>\n<meta property=\"article:publisher\" content=\"https:\/\/www.facebook.com\/Linslerhof\" \/>\n<meta property=\"article:modified_time\" content=\"2026-01-22T08:15:00+00:00\" \/>\n<meta name=\"twitter:card\" content=\"summary_large_image\" \/>\n<meta name=\"twitter:label1\" content=\"Dur\u00e9e de lecture estim\u00e9e\" \/>\n\t<meta name=\"twitter:data1\" content=\"4 minutes\" \/>\n<script type=\"application\/ld+json\" class=\"yoast-schema-graph\">{\"@context\":\"https:\\\/\\\/schema.org\",\"@graph\":[{\"@type\":\"WebPage\",\"@id\":\"https:\\\/\\\/www.linslerhof.de\\\/fr\\\/linslerhof\\\/actualites\\\/\",\"url\":\"https:\\\/\\\/www.linslerhof.de\\\/fr\\\/linslerhof\\\/actualites\\\/\",\"name\":\"Actualit\u00e9s | Linslerhof\",\"isPartOf\":{\"@id\":\"https:\\\/\\\/www.linslerhof.de\\\/fr\\\/#website\"},\"datePublished\":\"2018-10-16T15:24:47+00:00\",\"dateModified\":\"2026-01-22T08:15:00+00:00\",\"description\":\"D\u00e9couvrez les actualit\u00e9s & nouveaut\u00e9s concernant notre h\u00f4tel 4 \u00e9toiles Linslerhof et notre offre.\",\"breadcrumb\":{\"@id\":\"https:\\\/\\\/www.linslerhof.de\\\/fr\\\/linslerhof\\\/actualites\\\/#breadcrumb\"},\"inLanguage\":\"fr-FR\",\"potentialAction\":[{\"@type\":\"ReadAction\",\"target\":[\"https:\\\/\\\/www.linslerhof.de\\\/fr\\\/linslerhof\\\/actualites\\\/\"]}]},{\"@type\":\"BreadcrumbList\",\"@id\":\"https:\\\/\\\/www.linslerhof.de\\\/fr\\\/linslerhof\\\/actualites\\\/#breadcrumb\",\"itemListElement\":[{\"@type\":\"ListItem\",\"position\":1,\"name\":\"Startseite\",\"item\":\"https:\\\/\\\/www.linslerhof.de\\\/fr\\\/hotel-4-etoiles-en-sarre\\\/\"},{\"@type\":\"ListItem\",\"position\":2,\"name\":\"Linslerhof\",\"item\":\"https:\\\/\\\/www.linslerhof.de\\\/fr\\\/linslerhof\\\/\"},{\"@type\":\"ListItem\",\"position\":3,\"name\":\"Actualit\u00e9s\"}]},{\"@type\":\"WebSite\",\"@id\":\"https:\\\/\\\/www.linslerhof.de\\\/fr\\\/#website\",\"url\":\"https:\\\/\\\/www.linslerhof.de\\\/fr\\\/\",\"name\":\"Linslerhof\",\"description\":\"Historischer Gutshof\",\"publisher\":{\"@id\":\"https:\\\/\\\/www.linslerhof.de\\\/fr\\\/#organization\"},\"potentialAction\":[{\"@type\":\"SearchAction\",\"target\":{\"@type\":\"EntryPoint\",\"urlTemplate\":\"https:\\\/\\\/www.linslerhof.de\\\/fr\\\/?s={search_term_string}\"},\"query-input\":{\"@type\":\"PropertyValueSpecification\",\"valueRequired\":true,\"valueName\":\"search_term_string\"}}],\"inLanguage\":\"fr-FR\"},{\"@type\":\"Organization\",\"@id\":\"https:\\\/\\\/www.linslerhof.de\\\/fr\\\/#organization\",\"name\":\"Linslerhof\",\"url\":\"https:\\\/\\\/www.linslerhof.de\\\/fr\\\/\",\"logo\":{\"@type\":\"ImageObject\",\"inLanguage\":\"fr-FR\",\"@id\":\"https:\\\/\\\/www.linslerhof.de\\\/fr\\\/#\\\/schema\\\/logo\\\/image\\\/\",\"url\":\"https:\\\/\\\/www.linslerhof.de\\\/wp-content\\\/uploads\\\/2020\\\/12\\\/Logo_2020.png\",\"contentUrl\":\"https:\\\/\\\/www.linslerhof.de\\\/wp-content\\\/uploads\\\/2020\\\/12\\\/Logo_2020.png\",\"width\":466,\"height\":300,\"caption\":\"Linslerhof\"},\"image\":{\"@id\":\"https:\\\/\\\/www.linslerhof.de\\\/fr\\\/#\\\/schema\\\/logo\\\/image\\\/\"},\"sameAs\":[\"https:\\\/\\\/www.facebook.com\\\/Linslerhof\",\"https:\\\/\\\/www.instagram.com\\\/linslerhof\\\/\"]}]}<\/script>\n<!-- \/ Yoast SEO plugin. -->","yoast_head_json":{"title":"Actualit\u00e9s | Linslerhof","description":"D\u00e9couvrez les actualit\u00e9s & nouveaut\u00e9s concernant notre h\u00f4tel 4 \u00e9toiles Linslerhof et notre offre.","robots":{"index":"index","follow":"follow","max-snippet":"max-snippet:-1","max-image-preview":"max-image-preview:large","max-video-preview":"max-video-preview:-1"},"canonical":"https:\/\/www.linslerhof.de\/fr\/linslerhof\/actualites\/","og_locale":"fr_FR","og_type":"article","og_title":"Actualit\u00e9s | Linslerhof","og_description":"D\u00e9couvrez les actualit\u00e9s & nouveaut\u00e9s concernant notre h\u00f4tel 4 \u00e9toiles Linslerhof et notre offre.","og_url":"https:\/\/www.linslerhof.de\/fr\/linslerhof\/actualites\/","og_site_name":"Linslerhof","article_publisher":"https:\/\/www.facebook.com\/Linslerhof","article_modified_time":"2026-01-22T08:15:00+00:00","twitter_card":"summary_large_image","twitter_misc":{"Dur\u00e9e de lecture estim\u00e9e":"4 minutes"},"schema":{"@context":"https:\/\/schema.org","@graph":[{"@type":"WebPage","@id":"https:\/\/www.linslerhof.de\/fr\/linslerhof\/actualites\/","url":"https:\/\/www.linslerhof.de\/fr\/linslerhof\/actualites\/","name":"Actualit\u00e9s | Linslerhof","isPartOf":{"@id":"https:\/\/www.linslerhof.de\/fr\/#website"},"datePublished":"2018-10-16T15:24:47+00:00","dateModified":"2026-01-22T08:15:00+00:00","description":"D\u00e9couvrez les actualit\u00e9s & nouveaut\u00e9s concernant notre h\u00f4tel 4 \u00e9toiles Linslerhof et notre offre.","breadcrumb":{"@id":"https:\/\/www.linslerhof.de\/fr\/linslerhof\/actualites\/#breadcrumb"},"inLanguage":"fr-FR","potentialAction":[{"@type":"ReadAction","target":["https:\/\/www.linslerhof.de\/fr\/linslerhof\/actualites\/"]}]},{"@type":"BreadcrumbList","@id":"https:\/\/www.linslerhof.de\/fr\/linslerhof\/actualites\/#breadcrumb","itemListElement":[{"@type":"ListItem","position":1,"name":"Startseite","item":"https:\/\/www.linslerhof.de\/fr\/hotel-4-etoiles-en-sarre\/"},{"@type":"ListItem","position":2,"name":"Linslerhof","item":"https:\/\/www.linslerhof.de\/fr\/linslerhof\/"},{"@type":"ListItem","position":3,"name":"Actualit\u00e9s"}]},{"@type":"WebSite","@id":"https:\/\/www.linslerhof.de\/fr\/#website","url":"https:\/\/www.linslerhof.de\/fr\/","name":"Linslerhof","description":"Historischer Gutshof","publisher":{"@id":"https:\/\/www.linslerhof.de\/fr\/#organization"},"potentialAction":[{"@type":"SearchAction","target":{"@type":"EntryPoint","urlTemplate":"https:\/\/www.linslerhof.de\/fr\/?s={search_term_string}"},"query-input":{"@type":"PropertyValueSpecification","valueRequired":true,"valueName":"search_term_string"}}],"inLanguage":"fr-FR"},{"@type":"Organization","@id":"https:\/\/www.linslerhof.de\/fr\/#organization","name":"Linslerhof","url":"https:\/\/www.linslerhof.de\/fr\/","logo":{"@type":"ImageObject","inLanguage":"fr-FR","@id":"https:\/\/www.linslerhof.de\/fr\/#\/schema\/logo\/image\/","url":"https:\/\/www.linslerhof.de\/wp-content\/uploads\/2020\/12\/Logo_2020.png","contentUrl":"https:\/\/www.linslerhof.de\/wp-content\/uploads\/2020\/12\/Logo_2020.png","width":466,"height":300,"caption":"Linslerhof"},"image":{"@id":"https:\/\/www.linslerhof.de\/fr\/#\/schema\/logo\/image\/"},"sameAs":["https:\/\/www.facebook.com\/Linslerhof","https:\/\/www.instagram.com\/linslerhof\/"]}]}},"_links":{"self":[{"href":"https:\/\/www.linslerhof.de\/fr\/wp-json\/wp\/v2\/pages\/33290","targetHints":{"allow":["GET"]}}],"collection":[{"href":"https:\/\/www.linslerhof.de\/fr\/wp-json\/wp\/v2\/pages"}],"about":[{"href":"https:\/\/www.linslerhof.de\/fr\/wp-json\/wp\/v2\/types\/page"}],"author":[{"embeddable":true,"href":"https:\/\/www.linslerhof.de\/fr\/wp-json\/wp\/v2\/users\/3"}],"replies":[{"embeddable":true,"href":"https:\/\/www.linslerhof.de\/fr\/wp-json\/wp\/v2\/comments?post=33290"}],"version-history":[{"count":80,"href":"https:\/\/www.linslerhof.de\/fr\/wp-json\/wp\/v2\/pages\/33290\/revisions"}],"predecessor-version":[{"id":47058,"href":"https:\/\/www.linslerhof.de\/fr\/wp-json\/wp\/v2\/pages\/33290\/revisions\/47058"}],"up":[{"embeddable":true,"href":"https:\/\/www.linslerhof.de\/fr\/wp-json\/wp\/v2\/pages\/33319"}],"wp:attachment":[{"href":"https:\/\/www.linslerhof.de\/fr\/wp-json\/wp\/v2\/media?parent=33290"}],"curies":[{"name":"wp","href":"https:\/\/api.w.org\/{rel}","templated":true}]}}