{"id":33301,"date":"2018-11-01T08:43:21","date_gmt":"2018-11-01T07:43:21","guid":{"rendered":"https:\/\/dev.linslerhof.de\/chambre\/chambre-deluxe\/"},"modified":"2025-10-01T15:19:45","modified_gmt":"2025-10-01T13:19:45","slug":"suite-junior","status":"publish","type":"page","link":"https:\/\/www.linslerhof.de\/fr\/hotel\/suite-junior\/","title":{"rendered":"Suite junior"},"content":{"rendered":"<section class=\"l-section wpb_row us_custom_8d4f5dab height_medium\"><div class=\"l-section-h i-cf\"><div class=\"g-cols vc_row via_flex valign_top type_boxes stacking_default\"><div class=\"vc_col-sm-12 wpb_column vc_column_container fs-page-header-area fs-landscape has_bg_color has-link\"><div class=\"vc_column-inner us_custom_e3bffe56\"><div class=\"wpb_wrapper\"><\/div><\/div><a title=\"Garantie du meilleur prix\" href=\"https:\/\/www.linslerhof.de\/fr\/garantie-du-meilleur-prix\/\" class=\"vc_column-link smooth-scroll\"><\/a><\/div><\/div><\/div><\/section><section class=\"l-section wpb_row us_custom_3fcb7a80 fs-title-row height_medium\"><div class=\"l-section-h i-cf\"><div class=\"g-cols vc_row via_flex valign_top type_boxes stacking_default\"><div class=\"vc_col-sm-12 wpb_column vc_column_container\"><div class=\"vc_column-inner us_custom_5af77061\"><div class=\"wpb_wrapper\"><div class=\"g-cols wpb_row us_custom_d19ec48c fs-inner-area via_flex valign_top type_default stacking_default\"><div class=\"vc_col-sm-12 wpb_column vc_column_container\"><div class=\"vc_column-inner us_custom_86196ebf\"><div class=\"wpb_wrapper\"><div class=\"wpb_text_column us_custom_50cc7d67\"><div class=\"wpb_wrapper\"><h1 style=\"text-align: center;\"><strong>SUITE JUNIOR<\/strong><\/h1>\n<h3 style=\"text-align: left;\">Le charme g\u00e9n\u00e9reux d&rsquo;une maison de campagne pour un s\u00e9jour prolong\u00e9<\/h3>\n<p><span>Nos suites junior sont am\u00e9nag\u00e9es dans un style campagnard \u00e9l\u00e9gant avec un coin salon s\u00e9par\u00e9 et offrent beaucoup d&rsquo;espace pour un s\u00e9jour de d\u00e9tente. Les chambres sont situ\u00e9es dans la maison Galhau, le manoir ou le pavillon de jardin. <\/span><\/p>\n<\/div><\/div><div class=\" vc_custom_1722428140582 ubtn-ctn-center fs-arrow-link d21-trigger-ibe\"><button type=\"button\" id=\"ubtn-2651\"  class=\"ubtn ult-adjust-bottom-margin ult-responsive ubtn-large ubtn-no-hover-bg  ulta-grow  ubtn-center   tooltip-69de0b154e8aa\"  data-hover=\"\" data-border-color=\"\" data-bg=\"#d74808\" data-hover-bg=\"\" data-border-hover=\"\" data-shadow-hover=\"\" data-shadow-click=\"none\" data-shadow=\"\" data-shd-shadow=\"\"  data-ultimate-target='#ubtn-2651'  data-responsive-json-new='{\"font-size\":\"desktop:20px;tablet:18px;tablet_portrait:18px;mobile_landscape:15px;mobile:15px;\",\"line-height\":\"\"}'  style=\"font-family:&#039;Open Sans Condensed&#039;;font-weight:normal;font-style:normal;border:none;background: #d74808;color: #ffffff;\"><span class=\"ubtn-hover\" style=\"background-color:\"><\/span><span class=\"ubtn-data ubtn-text \" >R\u00c9SERVEZ MAINTENANT !<\/span><\/button><\/div><\/div><\/div><\/div><\/div><\/div><\/div><\/div><\/div><\/div><\/section><section class=\"l-section wpb_row us_custom_e3cfe923 height_medium\"><div class=\"l-section-h i-cf\"><div class=\"g-cols vc_row via_flex valign_middle type_boxes stacking_default\" style=\"--additional-gap:5px;\"><div class=\"vc_col-sm-6 wpb_column vc_column_container has_bg_color\"><div class=\"vc_column-inner us_custom_2c17af6b\"><div class=\"wpb_wrapper\"><div class=\"wpb_text_column us_custom_38ec8cf5\"><div class=\"wpb_wrapper\"><h2 style=\"text-align: left;\"><strong>\u00c9quipement des suites junior<\/strong><\/h2>\n<ul>\n<li style=\"text-align: left;\">Taille moyenne des chambres : 30 m\u00e8tres carr\u00e9s<\/li>\n<li>Lit boxspring avec un matelas d&rsquo;un seul tenant <span>(min. 1,80m)<\/span><\/li>\n<li>Bain, douche &amp; WC<\/li>\n<li>S\u00e8che-cheveux<\/li>\n<li>TV \u00e0 \u00e9cran plat<\/li>\n<li>Minibar<\/li>\n<li>Coffre-fort<\/li>\n<\/ul>\n<p><a class=\"d21-trigger-ibe\" href=\"#\"><span style=\"color: #d74808;\"><strong>&gt;&gt;  DISPONIBILIT\u00c9 &amp; PRIX<\/strong><\/span><\/a><\/p>\n<\/div><\/div><\/div><\/div><\/div><div class=\"vc_col-sm-6 wpb_column vc_column_container has_bg_color has-link\"><div class=\"vc_column-inner us_custom_46180842\"><div class=\"wpb_wrapper\"><\/div><\/div><a href=\"https:\/\/www.linslerhof.de\/fr\/garantie-du-meilleur-prix\/\" class=\"vc_column-link smooth-scroll\" aria-label=\"Lien\"><\/a><\/div><\/div><\/div><\/section><section class=\"l-section wpb_row us_custom_d65abc75 height_large\"><div class=\"l-section-h i-cf\"><div class=\"g-cols vc_row via_flex valign_middle type_boxes stacking_default\" style=\"--additional-gap:2.5px;\"><div class=\"vc_col-sm-12 wpb_column vc_column_container\"><div class=\"vc_column-inner us_custom_36724591\"><div class=\"wpb_wrapper\">\n\t\t\t<!-- START Deluxe Zimmer REVOLUTION SLIDER 6.7.41 --><p class=\"rs-p-wp-fix\"><\/p>\n\t\t\t<rs-module-wrap id=\"rev_slider_5_1_wrapper\" data-source=\"gallery\" style=\"visibility:hidden;background:transparent;padding:0;margin:0px auto;margin-top:0;margin-bottom:0;\">\n\t\t\t\t<rs-module id=\"rev_slider_5_1\" style=\"\" data-version=\"6.7.41\">\n\t\t\t\t\t<rs-slides style=\"overflow: hidden; position: absolute;\">\n\t\t\t\t\t\t<rs-slide style=\"position: absolute;\" data-key=\"rs-16\" data-title=\"Slide\" data-thumb=\"\/\/www.linslerhof.de\/wp-content\/uploads\/2024\/11\/slide-junior-suite-01-100x50.jpg\" data-in=\"o:0;e:expo.in;\" data-out=\"e:expo.out;\">\n\t\t\t\t\t\t\t<img decoding=\"async\" src=\"\/\/www.linslerhof.de\/wp-content\/plugins\/revslider\/sr6\/assets\/assets\/dummy.png\" alt=\"Deluxezimmer am  Linslerhof mit heller Couch Schreibtisch und Stuhll\" title=\"Deluxezimmer mit Couch und Schreibtisch\" width=\"1300\" height=\"650\" class=\"rev-slidebg tp-rs-img rs-lazyload\" data-lazyload=\"\/\/www.linslerhof.de\/wp-content\/uploads\/2024\/11\/slide-junior-suite-01.jpg\" data-no-retina>\n<!---->\t\t\t\t\t<\/rs-slide>\n\t\t\t\t\t\t<rs-slide style=\"position: absolute;\" data-key=\"rs-17\" data-title=\"Slide\" data-thumb=\"\/\/www.linslerhof.de\/wp-content\/uploads\/2024\/11\/slide-junior-suite-02-100x50.jpg\" data-in=\"o:0;e:expo.in;\" data-out=\"e:expo.out;\">\n\t\t\t\t\t\t\t<img decoding=\"async\" src=\"\/\/www.linslerhof.de\/wp-content\/plugins\/revslider\/sr6\/assets\/assets\/dummy.png\" alt=\"Badezimmer mit blauen Fliesen\" title=\"Badezimmer mit blauen Fliesen\" width=\"1300\" height=\"650\" class=\"rev-slidebg tp-rs-img rs-lazyload\" data-lazyload=\"\/\/www.linslerhof.de\/wp-content\/uploads\/2024\/11\/slide-junior-suite-02.jpg\" data-no-retina>\n<!---->\t\t\t\t\t<\/rs-slide>\n\t\t\t\t\t\t<rs-slide style=\"position: absolute;\" data-key=\"rs-18\" data-title=\"Slide\" data-thumb=\"\/\/www.linslerhof.de\/wp-content\/uploads\/2024\/11\/slide-junior-suite-03-100x50.jpg\" data-in=\"o:0;e:expo.in;\" data-out=\"e:expo.out;\">\n\t\t\t\t\t\t\t<img decoding=\"async\" src=\"\/\/www.linslerhof.de\/wp-content\/plugins\/revslider\/sr6\/assets\/assets\/dummy.png\" alt=\"Eine gem\u00fctliche Schreibtisch-Ecke mit Leselampe und gedimmtem Licht\" title=\"Schreibtisch und Leselampe\" width=\"1300\" height=\"650\" class=\"rev-slidebg tp-rs-img rs-lazyload\" data-lazyload=\"\/\/www.linslerhof.de\/wp-content\/uploads\/2024\/11\/slide-junior-suite-03.jpg\" data-no-retina>\n<!---->\t\t\t\t\t<\/rs-slide>\n\t\t\t\t\t<\/rs-slides>\n\t\t\t\t<\/rs-module>\n\t\t\t\t<script>\n\t\t\t\t\tsetREVStartSize({c: 'rev_slider_5_1',rl:[1240,1024,778,480],el:[650],gw:[1300],gh:[650],type:'standard',justify:'',layout:'fullwidth',mh:\"0\"});if (window.RS_MODULES!==undefined && window.RS_MODULES.modules!==undefined && window.RS_MODULES.modules[\"revslider51\"]!==undefined) {window.RS_MODULES.modules[\"revslider51\"].once = false;window.revapi5 = undefined;if (window.RS_MODULES.checkMinimal!==undefined) window.RS_MODULES.checkMinimal()}\n\t\t\t\t<\/script>\n\t\t\t<\/rs-module-wrap>\n\t\t\t<!-- END REVOLUTION SLIDER -->\n<\/div><\/div><\/div><\/div><\/div><\/section>\n","protected":false},"excerpt":{"rendered":"SUITE JUNIOR Le charme g\u00e9n\u00e9reux d&rsquo;une maison de campagne pour un s\u00e9jour prolong\u00e9 Nos suites junior sont am\u00e9nag\u00e9es dans un style campagnard \u00e9l\u00e9gant avec un coin salon s\u00e9par\u00e9 et offrent beaucoup d&rsquo;espace pour un s\u00e9jour de d\u00e9tente. Les chambres sont situ\u00e9es dans la maison Galhau, le manoir ou le pavillon de jardin. R\u00c9SERVEZ MAINTENANT !\u00c9quipement...","protected":false},"author":3,"featured_media":0,"parent":33299,"menu_order":2,"comment_status":"closed","ping_status":"closed","template":"","meta":{"footnotes":""},"class_list":["post-33301","page","type-page","status-publish","hentry"],"yoast_head":"<!-- This site is optimized with the Yoast SEO plugin v27.3 - https:\/\/yoast.com\/product\/yoast-seo-wordpress\/ -->\n<title>Suite junior | Linslerhof<\/title>\n<meta name=\"description\" content=\"D&#039;une superficie moyenne de 30 m\u00b2, nos chambres Deluxe vous offrent suffisamment d&#039;espace pour vous d\u00e9tendre.\" \/>\n<meta name=\"robots\" content=\"index, follow, max-snippet:-1, max-image-preview:large, max-video-preview:-1\" \/>\n<link rel=\"canonical\" href=\"https:\/\/www.linslerhof.de\/fr\/hotel\/suite-junior\/\" \/>\n<meta property=\"og:locale\" content=\"fr_FR\" \/>\n<meta property=\"og:type\" content=\"article\" \/>\n<meta property=\"og:title\" content=\"Suite junior | Linslerhof\" \/>\n<meta property=\"og:description\" content=\"D&#039;une superficie moyenne de 30 m\u00b2, nos chambres Deluxe vous offrent suffisamment d&#039;espace pour vous d\u00e9tendre.\" \/>\n<meta property=\"og:url\" content=\"https:\/\/www.linslerhof.de\/fr\/hotel\/suite-junior\/\" \/>\n<meta property=\"og:site_name\" content=\"Linslerhof\" \/>\n<meta property=\"article:publisher\" content=\"https:\/\/www.facebook.com\/Linslerhof\" \/>\n<meta property=\"article:modified_time\" content=\"2025-10-01T13:19:45+00:00\" \/>\n<meta name=\"twitter:card\" content=\"summary_large_image\" \/>\n<meta name=\"twitter:label1\" content=\"Dur\u00e9e de lecture estim\u00e9e\" \/>\n\t<meta name=\"twitter:data1\" content=\"1 minute\" \/>\n<script type=\"application\/ld+json\" class=\"yoast-schema-graph\">{\"@context\":\"https:\\\/\\\/schema.org\",\"@graph\":[{\"@type\":\"WebPage\",\"@id\":\"https:\\\/\\\/www.linslerhof.de\\\/fr\\\/hotel\\\/suite-junior\\\/\",\"url\":\"https:\\\/\\\/www.linslerhof.de\\\/fr\\\/hotel\\\/suite-junior\\\/\",\"name\":\"Suite junior | Linslerhof\",\"isPartOf\":{\"@id\":\"https:\\\/\\\/www.linslerhof.de\\\/fr\\\/#website\"},\"datePublished\":\"2018-11-01T07:43:21+00:00\",\"dateModified\":\"2025-10-01T13:19:45+00:00\",\"description\":\"D'une superficie moyenne de 30 m\u00b2, nos chambres Deluxe vous offrent suffisamment d'espace pour vous d\u00e9tendre.\",\"breadcrumb\":{\"@id\":\"https:\\\/\\\/www.linslerhof.de\\\/fr\\\/hotel\\\/suite-junior\\\/#breadcrumb\"},\"inLanguage\":\"fr-FR\",\"potentialAction\":[{\"@type\":\"ReadAction\",\"target\":[\"https:\\\/\\\/www.linslerhof.de\\\/fr\\\/hotel\\\/suite-junior\\\/\"]}]},{\"@type\":\"BreadcrumbList\",\"@id\":\"https:\\\/\\\/www.linslerhof.de\\\/fr\\\/hotel\\\/suite-junior\\\/#breadcrumb\",\"itemListElement\":[{\"@type\":\"ListItem\",\"position\":1,\"name\":\"Startseite\",\"item\":\"https:\\\/\\\/www.linslerhof.de\\\/fr\\\/hotel-4-etoiles-en-sarre\\\/\"},{\"@type\":\"ListItem\",\"position\":2,\"name\":\"H\u00f4tel\",\"item\":\"https:\\\/\\\/www.linslerhof.de\\\/fr\\\/hotel\\\/\"},{\"@type\":\"ListItem\",\"position\":3,\"name\":\"Suite junior\"}]},{\"@type\":\"WebSite\",\"@id\":\"https:\\\/\\\/www.linslerhof.de\\\/fr\\\/#website\",\"url\":\"https:\\\/\\\/www.linslerhof.de\\\/fr\\\/\",\"name\":\"Linslerhof\",\"description\":\"Historischer Gutshof\",\"publisher\":{\"@id\":\"https:\\\/\\\/www.linslerhof.de\\\/fr\\\/#organization\"},\"potentialAction\":[{\"@type\":\"SearchAction\",\"target\":{\"@type\":\"EntryPoint\",\"urlTemplate\":\"https:\\\/\\\/www.linslerhof.de\\\/fr\\\/?s={search_term_string}\"},\"query-input\":{\"@type\":\"PropertyValueSpecification\",\"valueRequired\":true,\"valueName\":\"search_term_string\"}}],\"inLanguage\":\"fr-FR\"},{\"@type\":\"Organization\",\"@id\":\"https:\\\/\\\/www.linslerhof.de\\\/fr\\\/#organization\",\"name\":\"Linslerhof\",\"url\":\"https:\\\/\\\/www.linslerhof.de\\\/fr\\\/\",\"logo\":{\"@type\":\"ImageObject\",\"inLanguage\":\"fr-FR\",\"@id\":\"https:\\\/\\\/www.linslerhof.de\\\/fr\\\/#\\\/schema\\\/logo\\\/image\\\/\",\"url\":\"https:\\\/\\\/www.linslerhof.de\\\/wp-content\\\/uploads\\\/2020\\\/12\\\/Logo_2020.png\",\"contentUrl\":\"https:\\\/\\\/www.linslerhof.de\\\/wp-content\\\/uploads\\\/2020\\\/12\\\/Logo_2020.png\",\"width\":466,\"height\":300,\"caption\":\"Linslerhof\"},\"image\":{\"@id\":\"https:\\\/\\\/www.linslerhof.de\\\/fr\\\/#\\\/schema\\\/logo\\\/image\\\/\"},\"sameAs\":[\"https:\\\/\\\/www.facebook.com\\\/Linslerhof\",\"https:\\\/\\\/www.instagram.com\\\/linslerhof\\\/\"]}]}<\/script>\n<!-- \/ Yoast SEO plugin. -->","yoast_head_json":{"title":"Suite junior | Linslerhof","description":"D'une superficie moyenne de 30 m\u00b2, nos chambres Deluxe vous offrent suffisamment d'espace pour vous d\u00e9tendre.","robots":{"index":"index","follow":"follow","max-snippet":"max-snippet:-1","max-image-preview":"max-image-preview:large","max-video-preview":"max-video-preview:-1"},"canonical":"https:\/\/www.linslerhof.de\/fr\/hotel\/suite-junior\/","og_locale":"fr_FR","og_type":"article","og_title":"Suite junior | Linslerhof","og_description":"D'une superficie moyenne de 30 m\u00b2, nos chambres Deluxe vous offrent suffisamment d'espace pour vous d\u00e9tendre.","og_url":"https:\/\/www.linslerhof.de\/fr\/hotel\/suite-junior\/","og_site_name":"Linslerhof","article_publisher":"https:\/\/www.facebook.com\/Linslerhof","article_modified_time":"2025-10-01T13:19:45+00:00","twitter_card":"summary_large_image","twitter_misc":{"Dur\u00e9e de lecture estim\u00e9e":"1 minute"},"schema":{"@context":"https:\/\/schema.org","@graph":[{"@type":"WebPage","@id":"https:\/\/www.linslerhof.de\/fr\/hotel\/suite-junior\/","url":"https:\/\/www.linslerhof.de\/fr\/hotel\/suite-junior\/","name":"Suite junior | Linslerhof","isPartOf":{"@id":"https:\/\/www.linslerhof.de\/fr\/#website"},"datePublished":"2018-11-01T07:43:21+00:00","dateModified":"2025-10-01T13:19:45+00:00","description":"D'une superficie moyenne de 30 m\u00b2, nos chambres Deluxe vous offrent suffisamment d'espace pour vous d\u00e9tendre.","breadcrumb":{"@id":"https:\/\/www.linslerhof.de\/fr\/hotel\/suite-junior\/#breadcrumb"},"inLanguage":"fr-FR","potentialAction":[{"@type":"ReadAction","target":["https:\/\/www.linslerhof.de\/fr\/hotel\/suite-junior\/"]}]},{"@type":"BreadcrumbList","@id":"https:\/\/www.linslerhof.de\/fr\/hotel\/suite-junior\/#breadcrumb","itemListElement":[{"@type":"ListItem","position":1,"name":"Startseite","item":"https:\/\/www.linslerhof.de\/fr\/hotel-4-etoiles-en-sarre\/"},{"@type":"ListItem","position":2,"name":"H\u00f4tel","item":"https:\/\/www.linslerhof.de\/fr\/hotel\/"},{"@type":"ListItem","position":3,"name":"Suite junior"}]},{"@type":"WebSite","@id":"https:\/\/www.linslerhof.de\/fr\/#website","url":"https:\/\/www.linslerhof.de\/fr\/","name":"Linslerhof","description":"Historischer Gutshof","publisher":{"@id":"https:\/\/www.linslerhof.de\/fr\/#organization"},"potentialAction":[{"@type":"SearchAction","target":{"@type":"EntryPoint","urlTemplate":"https:\/\/www.linslerhof.de\/fr\/?s={search_term_string}"},"query-input":{"@type":"PropertyValueSpecification","valueRequired":true,"valueName":"search_term_string"}}],"inLanguage":"fr-FR"},{"@type":"Organization","@id":"https:\/\/www.linslerhof.de\/fr\/#organization","name":"Linslerhof","url":"https:\/\/www.linslerhof.de\/fr\/","logo":{"@type":"ImageObject","inLanguage":"fr-FR","@id":"https:\/\/www.linslerhof.de\/fr\/#\/schema\/logo\/image\/","url":"https:\/\/www.linslerhof.de\/wp-content\/uploads\/2020\/12\/Logo_2020.png","contentUrl":"https:\/\/www.linslerhof.de\/wp-content\/uploads\/2020\/12\/Logo_2020.png","width":466,"height":300,"caption":"Linslerhof"},"image":{"@id":"https:\/\/www.linslerhof.de\/fr\/#\/schema\/logo\/image\/"},"sameAs":["https:\/\/www.facebook.com\/Linslerhof","https:\/\/www.instagram.com\/linslerhof\/"]}]}},"_links":{"self":[{"href":"https:\/\/www.linslerhof.de\/fr\/wp-json\/wp\/v2\/pages\/33301","targetHints":{"allow":["GET"]}}],"collection":[{"href":"https:\/\/www.linslerhof.de\/fr\/wp-json\/wp\/v2\/pages"}],"about":[{"href":"https:\/\/www.linslerhof.de\/fr\/wp-json\/wp\/v2\/types\/page"}],"author":[{"embeddable":true,"href":"https:\/\/www.linslerhof.de\/fr\/wp-json\/wp\/v2\/users\/3"}],"replies":[{"embeddable":true,"href":"https:\/\/www.linslerhof.de\/fr\/wp-json\/wp\/v2\/comments?post=33301"}],"version-history":[{"count":27,"href":"https:\/\/www.linslerhof.de\/fr\/wp-json\/wp\/v2\/pages\/33301\/revisions"}],"predecessor-version":[{"id":46043,"href":"https:\/\/www.linslerhof.de\/fr\/wp-json\/wp\/v2\/pages\/33301\/revisions\/46043"}],"up":[{"embeddable":true,"href":"https:\/\/www.linslerhof.de\/fr\/wp-json\/wp\/v2\/pages\/33299"}],"wp:attachment":[{"href":"https:\/\/www.linslerhof.de\/fr\/wp-json\/wp\/v2\/media?parent=33301"}],"curies":[{"name":"wp","href":"https:\/\/api.w.org\/{rel}","templated":true}]}}