{"id":33345,"date":"2018-11-18T16:28:18","date_gmt":"2018-11-18T15:28:18","guid":{"rendered":"https:\/\/dev.linslerhof.de\/mondes-dexperience\/equitation\/"},"modified":"2025-10-01T15:20:08","modified_gmt":"2025-10-01T13:20:08","slug":"equitation","status":"publish","type":"page","link":"https:\/\/www.linslerhof.de\/fr\/mondes-dexperience\/equitation\/","title":{"rendered":"\u00c9quitation"},"content":{"rendered":"<section class=\"l-section wpb_row us_custom_8d4f5dab height_medium\"><div class=\"l-section-h i-cf\"><div class=\"g-cols vc_row via_flex valign_top type_boxes stacking_default\"><div class=\"vc_col-sm-12 wpb_column vc_column_container fs-page-header-area fs-landscape has_bg_color\"><div class=\"vc_column-inner us_custom_fb0ccc5d\"><div class=\"wpb_wrapper\"><\/div><\/div><\/div><\/div><\/div><\/section><section class=\"l-section wpb_row us_custom_3fcb7a80 fs-title-row height_medium\"><div class=\"l-section-h i-cf\"><div class=\"g-cols vc_row via_flex valign_top type_boxes stacking_default\"><div class=\"vc_col-sm-12 wpb_column vc_column_container\"><div class=\"vc_column-inner us_custom_5af77061\"><div class=\"wpb_wrapper\"><div class=\"g-cols wpb_row us_custom_d19ec48c fs-inner-area via_flex valign_top type_default stacking_default\"><div class=\"vc_col-sm-12 wpb_column vc_column_container\"><div class=\"vc_column-inner us_custom_e645dbf4\"><div class=\"wpb_wrapper\">[vc_custom_heading text=\u00a0\u00bb<strong>Sports \u00e9questres<\/strong>\u00a0\u00bb font_container=\u00a0\u00bbtag:h1|font_size:45px|text_align:center|line_height:1.1em\u00a0\u00bb use_theme_fonts=\u00a0\u00bbyes\u00a0\u00bb css=\u00a0\u00bb%7B%22default%22%3A%7B%22font-size%22%3A%2245px%22%2C%22line-height%22%3A%221.1em%22%2C%22margin-top%22%3A%2220px%22%2C%22margin-bottom%22%3A%2220px%22%7D%7D\u00a0\u00bb]<div class=\"wpb_text_column us_custom_50cc7d67\"><div class=\"wpb_wrapper\"><h3 style=\"text-align: left;\">Pour les passionn\u00e9s d&rsquo;\u00e9quitation : le cheval au Linslerhof<\/h3>\n<p style=\"text-align: left;\">Le Linslerhof est un lieu de pr\u00e9dilection pour les cavaliers qui souhaitent profiter de la belle <a href=\"https:\/\/www.linslerhof.de\/linslerhof\/umweltschutz-nachhaltigkeit\/\">nature<\/a> ou des possibilit\u00e9s d&rsquo;entra\u00eenement de r\u00eave qu&rsquo;offre notre centre \u00e9questre. De vastes sentiers \u00e9questres invitent \u00e0 des promenades \u00e0 cheval jusqu&rsquo;en France voisine, \u00e0 travers les for\u00eats, les douces collines et les \u00e9tendues de r\u00eave. On dit que l&#8217;empereur Barbarossa a d\u00e9j\u00e0 utilis\u00e9 ces chemins !<strong> <\/strong><\/p>\n<p style=\"text-align: left;\">Sur demande, nous organisons des <strong>promenades \u00e0 poney pour les enfants de nos clients de l&rsquo;h\u00f4tel<\/strong>.<br \/>\nEn raison de la forte affluence, nous vous prions de r\u00e9server \u00e0 temps les offres d&rsquo;\u00e9quitation lors de la r\u00e9servation de votre chambre d&rsquo;h\u00f4tel.<\/p>\n<\/div><\/div><\/div><\/div><\/div><\/div><\/div><\/div><\/div><\/div><\/div><\/section><section class=\"l-section wpb_row us_custom_33fe73d0 height_medium\"><div class=\"l-section-h i-cf\"><div class=\"g-cols vc_row via_flex valign_middle type_boxes stacking_default\" style=\"--additional-gap:10px;\"><div class=\"vc_col-sm-6 wpb_column vc_column_container  has_bg_color\"><div class=\"vc_column-inner us_custom_249d6f0e us_animate_this\"><div class=\"wpb_wrapper\"><\/div><\/div><\/div><div class=\"vc_col-sm-6 wpb_column vc_column_container has_bg_color\"><div class=\"vc_column-inner us_custom_94501421\"><div class=\"wpb_wrapper\">[vc_custom_heading text=\u00a0\u00bb<strong>Notre installation<\/strong>\u00a0\u00bb use_theme_fonts=\u00a0\u00bbyes\u00a0\u00bb]<div class=\"wpb_text_column us_custom_50cc7d67\"><div class=\"wpb_wrapper\"><p style=\"text-align: left;\">Man\u00e8ge couvert (20 x 60 m)<br \/>\nDeux terrains d&rsquo;\u00e9quitation ext\u00e9rieurs : Terrain d&rsquo;obstacle (35 x 100 m) et terrain de dressage (30 x 70 m)<br \/>\nune grande prairie de concours complet<br \/>\nune piste d&rsquo;entra\u00eenement (environ 1,5 km)<br \/>\nde magnifiques p\u00e2turages pour faire pa\u00eetre les chevaux toute l&rsquo;ann\u00e9e (service possible)<br \/>\nsolarium, boxes de lavage<br \/>\nstages r\u00e9guliers avec des entra\u00eeneurs r\u00e9put\u00e9s<\/p>\n<\/div><\/div><\/div><\/div><\/div><\/div><\/div><\/section><section class=\"l-section wpb_row us_custom_1abdb309 fs-section-reverse height_medium\"><div class=\"l-section-h i-cf\"><div class=\"g-cols vc_row via_flex valign_middle type_boxes stacking_default\" style=\"--additional-gap:10px;\"><div class=\"vc_col-sm-6 wpb_column vc_column_container has_bg_color\"><div class=\"vc_column-inner us_custom_94501421\"><div class=\"wpb_wrapper\">[vc_custom_heading text=\u00a0\u00bb<strong>Promenade \u00e0 poney<\/strong>\u00a0\u00bb use_theme_fonts=\u00a0\u00bbyes\u00a0\u00bb]<div class=\"wpb_text_column us_custom_50cc7d67\"><div class=\"wpb_wrapper\"><p style=\"text-align: left;\">Les promenades \u00e0 poney sont possibles pour les enfants jusqu&rsquo;\u00e0 12 ans.<br \/>\nPromenade \u00e0 poney 10 \u20ac\/env. 20 minutes<\/p>\n<p style=\"text-align: left;\">Contact : Sandra Newedel-Hilpisch (01785394185)<\/p>\n<p><a href=\"https:\/\/www.linslerhof.de\/fr\/contact\/demandes-sans-engagement\/\"><span style=\"color: #d74808;\"><strong>&gt;&gt;  DEMANDEZ MAINTENANT<\/strong><\/span><\/a><\/p>\n<\/div><\/div><\/div><\/div><\/div><div class=\"vc_col-sm-6 wpb_column vc_column_container  has_bg_color\"><div class=\"vc_column-inner us_custom_1819c852 us_animate_this\"><div class=\"wpb_wrapper\"><\/div><\/div><\/div><\/div><\/div><\/section><section class=\"l-section wpb_row us_custom_1abdb309 height_medium\"><div class=\"l-section-h i-cf\"><div class=\"g-cols vc_row via_flex valign_middle type_boxes stacking_default\" style=\"--additional-gap:10px;\"><div class=\"vc_col-sm-6 wpb_column vc_column_container  has_bg_color\"><div class=\"vc_column-inner us_custom_ef8451db us_animate_this\"><div class=\"wpb_wrapper\"><\/div><\/div><\/div><div class=\"vc_col-sm-6 wpb_column vc_column_container has_bg_color\"><div class=\"vc_column-inner us_custom_94501421\"><div class=\"wpb_wrapper\">[vc_custom_heading text=\u00a0\u00bb<strong>Louer des boxes pour chevaux<\/strong>\u00a0\u00bb use_theme_fonts=\u00a0\u00bbyes\u00a0\u00bb]<div class=\"wpb_text_column us_custom_50cc7d67\"><div class=\"wpb_wrapper\"><h3 style=\"text-align: left;\">Location mensuelle de boxes (sans pansage)<\/h3>\n<table class=\"fs-table-reiten alignleft\" style=\"border-collapse: collapse; width: 100%;\" border=\"1\">\n<thead>\n<tr>\n<td style=\"width: 33.3333%; text-align: center;\"><\/td>\n<td style=\"width: 33.3333%; text-align: center;\">Location de boxes<\/td>\n<td style=\"width: 33.3333%; text-align: center;\">Cheval de saison Location de box<\/td>\n<\/tr>\n<\/thead>\n<tbody>\n<tr>\n<td style=\"width: 33.3333%; text-align: center;\">Loyer pour le box, y compris la nourriture, la liti\u00e8re (paille de lin)<\/td>\n<td style=\"width: 33.3333%; text-align: center;\">400,- \u20ac<\/td>\n<td style=\"width: 33.3333%; text-align: center;\">440,- \u20ac<\/td>\n<\/tr>\n<tr>\n<td style=\"width: 33.3333%; text-align: center;\">Propre nourriture<\/td>\n<td style=\"width: 33.3333%; text-align: center;\">-70,- \u20ac<\/td>\n<td style=\"width: 33.3333%; text-align: center;\">-60,v<\/td>\n<\/tr>\n<tr>\n<td style=\"width: 33.3333%; text-align: center;\">Location de box, sans nourriture<\/td>\n<td style=\"width: 33.3333%; text-align: center;\">330,- \u20ac<\/td>\n<td style=\"width: 33.3333%; text-align: center;\">380,- \u20ac<\/td>\n<\/tr>\n<tr>\n<td style=\"width: 33.3333%; text-align: center;\">Suppl\u00e9ment copeaux<\/td>\n<td style=\"width: 33.3333%; text-align: center;\">40,- \u20ac<\/td>\n<td style=\"width: 33.3333%; text-align: center;\">40,- \u20ac<\/td>\n<\/tr>\n<tr>\n<td style=\"width: 33.3333%; text-align: center;\">R\u00e9duction chez PSC Linslerhof e.V.<\/td>\n<td style=\"width: 33.3333%; text-align: center;\">-5,- \u20ac<\/td>\n<td style=\"width: 33.3333%; text-align: center;\">-5,- \u20ac<\/td>\n<\/tr>\n<\/tbody>\n<\/table>\n<\/div><\/div><div class=\"wpb_text_column fs-special-text fs-box-entdecken\"><div class=\"wpb_wrapper\"><p><a href=\"https:\/\/www.linslerhof.de\/fr\/contact\/demandes-sans-engagement\/\"><span style=\"color: #d74808;\"><strong>&gt;&gt;  DEMANDEZ MAINTENANT<\/strong><\/span><\/a><\/p>\n<\/div><\/div><\/div><\/div><\/div><\/div><\/div><\/section><section class=\"l-section wpb_row us_custom_1abdb309 fs-section-reverse height_medium\"><div class=\"l-section-h i-cf\"><div class=\"g-cols vc_row via_flex valign_middle type_boxes stacking_default\" style=\"--additional-gap:10px;\"><div class=\"vc_col-sm-6 wpb_column vc_column_container has_bg_color\"><div class=\"vc_column-inner us_custom_94501421\"><div class=\"wpb_wrapper\">[vc_custom_heading text=\u00a0\u00bb<strong>Club hippique<\/strong> du Linslerhof e.V.\u00a0\u00bb use_theme_fonts=\u00a0\u00bbyes\u00a0\u00bb]<div class=\"wpb_text_column us_custom_50cc7d67\"><div class=\"wpb_wrapper\"><p style=\"text-align: left;\">Le Linslerhof accueille le club hippique Linslerhof e.V., fond\u00e9 en 2007.<\/p>\n<p style=\"text-align: left;\">Le PSC Linslerhof e.V. offre toujours \u00e0 ses membres ainsi qu&rsquo;\u00e0 d&rsquo;autres cavaliers int\u00e9ress\u00e9s la possibilit\u00e9 de participer \u00e0 des stages int\u00e9ressants dans les disciplines du dressage, du saut d&rsquo;obstacles et du concours complet.<\/p>\n<p style=\"text-align: left;\">Sur le terrain du Linslerhof, le PSC a pu am\u00e9nager l&rsquo;un des rares parcours de concours complet de la Sarre et a ainsi la possibilit\u00e9 d&rsquo;organiser des s\u00e9minaires int\u00e9ressants dans le domaine du concours complet.<\/p>\n<p style=\"text-align: left;\">Le PSC Linslerhof e. V. a \u00e9galement organis\u00e9 \u00e0 deux reprises la comp\u00e9tition f\u00e9d\u00e9rale \u00ab\u00a0Goldene Sch\u00e4rpe Pferde\u00a0\u00bb et accueille r\u00e9guli\u00e8rement les championnats de la Sarre de concours complet.<\/p>\n<p style=\"text-align: left;\">Vous trouverez de plus amples informations sur l&rsquo;association et les manifestations pr\u00e9vues sur le site web de l ? <span style=\"color: #d74808;\"><br \/>\n  <em><br \/>\n    <strong>PSC Linslerhof e. V.<\/strong><br \/>\n  <\/em><br \/>\n<\/span> sous <a href=\"https:\/\/www.psc-linslerhof.de\">www.psc-linslerhof.de.<\/a><\/p>\n<h3 style=\"text-align: left;\">Contact<\/h3>\n<p style=\"text-align: left;\">Ren\u00e9 Semel &#8211; Pr\u00e9sident du conseil d&rsquo;administration :<br \/>\n<a href=\"mailto:psc-linslerhof@kabelmail.de\">psc-linslerhof@kabelmail.de<\/a><\/p>\n<\/div><\/div><\/div><\/div><\/div><div class=\"vc_col-sm-6 wpb_column vc_column_container  has_bg_color\"><div class=\"vc_column-inner us_custom_8325239a us_animate_this\"><div class=\"wpb_wrapper\"><\/div><\/div><\/div><\/div><\/div><\/section>\n","protected":false},"excerpt":{"rendered":"[vc_custom_heading text=\"Sports \u00e9questres\" font_container=\"tag:h1|font_size:45px|text_align:center|line_height:1.1em\" use_theme_fonts=\"yes\" css=\"%7B%22default%22%3A%7B%22font-size%22%3A%2245px%22%2C%22line-height%22%3A%221.1em%22%2C%22margin-top%22%3A%2220px%22%2C%22margin-bottom%22%3A%2220px%22%7D%7D\"]Pour les passionn\u00e9s d&rsquo;\u00e9quitation : le cheval au Linslerhof Le Linslerhof est un lieu de pr\u00e9dilection pour les cavaliers qui souhaitent profiter de la belle nature ou des possibilit\u00e9s d&rsquo;entra\u00eenement de r\u00eave qu&rsquo;offre notre centre \u00e9questre. De vastes sentiers \u00e9questres invitent \u00e0 des promenades \u00e0 cheval jusqu&rsquo;en France voisine, \u00e0...","protected":false},"author":3,"featured_media":0,"parent":33328,"menu_order":2,"comment_status":"closed","ping_status":"closed","template":"","meta":{"footnotes":""},"class_list":["post-33345","page","type-page","status-publish","hentry"],"yoast_head":"<!-- This site is optimized with the Yoast SEO plugin v27.3 - https:\/\/yoast.com\/product\/yoast-seo-wordpress\/ -->\n<title>\u00e9quitation | Linslerhof<\/title>\n<meta name=\"description\" content=\"Le Linslerhof est un lieu d&#039;accueil pour les cavaliers qui souhaitent profiter de la nature ou des possibilit\u00e9s d&#039;entra\u00eenement offertes par notre centre \u00e9questre.\" \/>\n<meta name=\"robots\" content=\"index, follow, max-snippet:-1, max-image-preview:large, max-video-preview:-1\" \/>\n<link rel=\"canonical\" href=\"https:\/\/www.linslerhof.de\/fr\/mondes-dexperience\/equitation\/\" \/>\n<meta property=\"og:locale\" content=\"fr_FR\" \/>\n<meta property=\"og:type\" content=\"article\" \/>\n<meta property=\"og:title\" content=\"\u00e9quitation | Linslerhof\" \/>\n<meta property=\"og:description\" content=\"Le Linslerhof est un lieu d&#039;accueil pour les cavaliers qui souhaitent profiter de la nature ou des possibilit\u00e9s d&#039;entra\u00eenement offertes par notre centre \u00e9questre.\" \/>\n<meta property=\"og:url\" content=\"https:\/\/www.linslerhof.de\/fr\/mondes-dexperience\/equitation\/\" \/>\n<meta property=\"og:site_name\" content=\"Linslerhof\" \/>\n<meta property=\"article:publisher\" content=\"https:\/\/www.facebook.com\/Linslerhof\" \/>\n<meta property=\"article:modified_time\" content=\"2025-10-01T13:20:08+00:00\" \/>\n<meta name=\"twitter:card\" content=\"summary_large_image\" \/>\n<meta name=\"twitter:label1\" content=\"Dur\u00e9e de lecture estim\u00e9e\" \/>\n\t<meta name=\"twitter:data1\" content=\"3 minutes\" \/>\n<script type=\"application\/ld+json\" class=\"yoast-schema-graph\">{\"@context\":\"https:\\\/\\\/schema.org\",\"@graph\":[{\"@type\":\"WebPage\",\"@id\":\"https:\\\/\\\/www.linslerhof.de\\\/fr\\\/mondes-dexperience\\\/equitation\\\/\",\"url\":\"https:\\\/\\\/www.linslerhof.de\\\/fr\\\/mondes-dexperience\\\/equitation\\\/\",\"name\":\"\u00e9quitation | Linslerhof\",\"isPartOf\":{\"@id\":\"https:\\\/\\\/www.linslerhof.de\\\/fr\\\/#website\"},\"datePublished\":\"2018-11-18T15:28:18+00:00\",\"dateModified\":\"2025-10-01T13:20:08+00:00\",\"description\":\"Le Linslerhof est un lieu d'accueil pour les cavaliers qui souhaitent profiter de la nature ou des possibilit\u00e9s d'entra\u00eenement offertes par notre centre \u00e9questre.\",\"breadcrumb\":{\"@id\":\"https:\\\/\\\/www.linslerhof.de\\\/fr\\\/mondes-dexperience\\\/equitation\\\/#breadcrumb\"},\"inLanguage\":\"fr-FR\",\"potentialAction\":[{\"@type\":\"ReadAction\",\"target\":[\"https:\\\/\\\/www.linslerhof.de\\\/fr\\\/mondes-dexperience\\\/equitation\\\/\"]}]},{\"@type\":\"BreadcrumbList\",\"@id\":\"https:\\\/\\\/www.linslerhof.de\\\/fr\\\/mondes-dexperience\\\/equitation\\\/#breadcrumb\",\"itemListElement\":[{\"@type\":\"ListItem\",\"position\":1,\"name\":\"Startseite\",\"item\":\"https:\\\/\\\/www.linslerhof.de\\\/fr\\\/hotel-4-etoiles-en-sarre\\\/\"},{\"@type\":\"ListItem\",\"position\":2,\"name\":\"Mondes d&#8217;exp\u00e9rience\",\"item\":\"https:\\\/\\\/www.linslerhof.de\\\/fr\\\/mondes-dexperience\\\/\"},{\"@type\":\"ListItem\",\"position\":3,\"name\":\"\u00c9quitation\"}]},{\"@type\":\"WebSite\",\"@id\":\"https:\\\/\\\/www.linslerhof.de\\\/fr\\\/#website\",\"url\":\"https:\\\/\\\/www.linslerhof.de\\\/fr\\\/\",\"name\":\"Linslerhof\",\"description\":\"Historischer Gutshof\",\"publisher\":{\"@id\":\"https:\\\/\\\/www.linslerhof.de\\\/fr\\\/#organization\"},\"potentialAction\":[{\"@type\":\"SearchAction\",\"target\":{\"@type\":\"EntryPoint\",\"urlTemplate\":\"https:\\\/\\\/www.linslerhof.de\\\/fr\\\/?s={search_term_string}\"},\"query-input\":{\"@type\":\"PropertyValueSpecification\",\"valueRequired\":true,\"valueName\":\"search_term_string\"}}],\"inLanguage\":\"fr-FR\"},{\"@type\":\"Organization\",\"@id\":\"https:\\\/\\\/www.linslerhof.de\\\/fr\\\/#organization\",\"name\":\"Linslerhof\",\"url\":\"https:\\\/\\\/www.linslerhof.de\\\/fr\\\/\",\"logo\":{\"@type\":\"ImageObject\",\"inLanguage\":\"fr-FR\",\"@id\":\"https:\\\/\\\/www.linslerhof.de\\\/fr\\\/#\\\/schema\\\/logo\\\/image\\\/\",\"url\":\"https:\\\/\\\/www.linslerhof.de\\\/wp-content\\\/uploads\\\/2020\\\/12\\\/Logo_2020.png\",\"contentUrl\":\"https:\\\/\\\/www.linslerhof.de\\\/wp-content\\\/uploads\\\/2020\\\/12\\\/Logo_2020.png\",\"width\":466,\"height\":300,\"caption\":\"Linslerhof\"},\"image\":{\"@id\":\"https:\\\/\\\/www.linslerhof.de\\\/fr\\\/#\\\/schema\\\/logo\\\/image\\\/\"},\"sameAs\":[\"https:\\\/\\\/www.facebook.com\\\/Linslerhof\",\"https:\\\/\\\/www.instagram.com\\\/linslerhof\\\/\"]}]}<\/script>\n<!-- \/ Yoast SEO plugin. -->","yoast_head_json":{"title":"\u00e9quitation | Linslerhof","description":"Le Linslerhof est un lieu d'accueil pour les cavaliers qui souhaitent profiter de la nature ou des possibilit\u00e9s d'entra\u00eenement offertes par notre centre \u00e9questre.","robots":{"index":"index","follow":"follow","max-snippet":"max-snippet:-1","max-image-preview":"max-image-preview:large","max-video-preview":"max-video-preview:-1"},"canonical":"https:\/\/www.linslerhof.de\/fr\/mondes-dexperience\/equitation\/","og_locale":"fr_FR","og_type":"article","og_title":"\u00e9quitation | Linslerhof","og_description":"Le Linslerhof est un lieu d'accueil pour les cavaliers qui souhaitent profiter de la nature ou des possibilit\u00e9s d'entra\u00eenement offertes par notre centre \u00e9questre.","og_url":"https:\/\/www.linslerhof.de\/fr\/mondes-dexperience\/equitation\/","og_site_name":"Linslerhof","article_publisher":"https:\/\/www.facebook.com\/Linslerhof","article_modified_time":"2025-10-01T13:20:08+00:00","twitter_card":"summary_large_image","twitter_misc":{"Dur\u00e9e de lecture estim\u00e9e":"3 minutes"},"schema":{"@context":"https:\/\/schema.org","@graph":[{"@type":"WebPage","@id":"https:\/\/www.linslerhof.de\/fr\/mondes-dexperience\/equitation\/","url":"https:\/\/www.linslerhof.de\/fr\/mondes-dexperience\/equitation\/","name":"\u00e9quitation | Linslerhof","isPartOf":{"@id":"https:\/\/www.linslerhof.de\/fr\/#website"},"datePublished":"2018-11-18T15:28:18+00:00","dateModified":"2025-10-01T13:20:08+00:00","description":"Le Linslerhof est un lieu d'accueil pour les cavaliers qui souhaitent profiter de la nature ou des possibilit\u00e9s d'entra\u00eenement offertes par notre centre \u00e9questre.","breadcrumb":{"@id":"https:\/\/www.linslerhof.de\/fr\/mondes-dexperience\/equitation\/#breadcrumb"},"inLanguage":"fr-FR","potentialAction":[{"@type":"ReadAction","target":["https:\/\/www.linslerhof.de\/fr\/mondes-dexperience\/equitation\/"]}]},{"@type":"BreadcrumbList","@id":"https:\/\/www.linslerhof.de\/fr\/mondes-dexperience\/equitation\/#breadcrumb","itemListElement":[{"@type":"ListItem","position":1,"name":"Startseite","item":"https:\/\/www.linslerhof.de\/fr\/hotel-4-etoiles-en-sarre\/"},{"@type":"ListItem","position":2,"name":"Mondes d&#8217;exp\u00e9rience","item":"https:\/\/www.linslerhof.de\/fr\/mondes-dexperience\/"},{"@type":"ListItem","position":3,"name":"\u00c9quitation"}]},{"@type":"WebSite","@id":"https:\/\/www.linslerhof.de\/fr\/#website","url":"https:\/\/www.linslerhof.de\/fr\/","name":"Linslerhof","description":"Historischer Gutshof","publisher":{"@id":"https:\/\/www.linslerhof.de\/fr\/#organization"},"potentialAction":[{"@type":"SearchAction","target":{"@type":"EntryPoint","urlTemplate":"https:\/\/www.linslerhof.de\/fr\/?s={search_term_string}"},"query-input":{"@type":"PropertyValueSpecification","valueRequired":true,"valueName":"search_term_string"}}],"inLanguage":"fr-FR"},{"@type":"Organization","@id":"https:\/\/www.linslerhof.de\/fr\/#organization","name":"Linslerhof","url":"https:\/\/www.linslerhof.de\/fr\/","logo":{"@type":"ImageObject","inLanguage":"fr-FR","@id":"https:\/\/www.linslerhof.de\/fr\/#\/schema\/logo\/image\/","url":"https:\/\/www.linslerhof.de\/wp-content\/uploads\/2020\/12\/Logo_2020.png","contentUrl":"https:\/\/www.linslerhof.de\/wp-content\/uploads\/2020\/12\/Logo_2020.png","width":466,"height":300,"caption":"Linslerhof"},"image":{"@id":"https:\/\/www.linslerhof.de\/fr\/#\/schema\/logo\/image\/"},"sameAs":["https:\/\/www.facebook.com\/Linslerhof","https:\/\/www.instagram.com\/linslerhof\/"]}]}},"_links":{"self":[{"href":"https:\/\/www.linslerhof.de\/fr\/wp-json\/wp\/v2\/pages\/33345","targetHints":{"allow":["GET"]}}],"collection":[{"href":"https:\/\/www.linslerhof.de\/fr\/wp-json\/wp\/v2\/pages"}],"about":[{"href":"https:\/\/www.linslerhof.de\/fr\/wp-json\/wp\/v2\/types\/page"}],"author":[{"embeddable":true,"href":"https:\/\/www.linslerhof.de\/fr\/wp-json\/wp\/v2\/users\/3"}],"replies":[{"embeddable":true,"href":"https:\/\/www.linslerhof.de\/fr\/wp-json\/wp\/v2\/comments?post=33345"}],"version-history":[{"count":18,"href":"https:\/\/www.linslerhof.de\/fr\/wp-json\/wp\/v2\/pages\/33345\/revisions"}],"predecessor-version":[{"id":46062,"href":"https:\/\/www.linslerhof.de\/fr\/wp-json\/wp\/v2\/pages\/33345\/revisions\/46062"}],"up":[{"embeddable":true,"href":"https:\/\/www.linslerhof.de\/fr\/wp-json\/wp\/v2\/pages\/33328"}],"wp:attachment":[{"href":"https:\/\/www.linslerhof.de\/fr\/wp-json\/wp\/v2\/media?parent=33345"}],"curies":[{"name":"wp","href":"https:\/\/api.w.org\/{rel}","templated":true}]}}