{"id":33354,"date":"2018-11-19T09:31:32","date_gmt":"2018-11-19T08:31:32","guid":{"rendered":"https:\/\/dev.linslerhof.de\/mondes-dexperience\/romantique\/"},"modified":"2025-08-12T09:49:25","modified_gmt":"2025-08-12T07:49:25","slug":"romantique","status":"publish","type":"page","link":"https:\/\/www.linslerhof.de\/fr\/mondes-dexperience\/romantique\/","title":{"rendered":"Romantique"},"content":{"rendered":"<section class=\"l-section wpb_row us_custom_8d4f5dab height_medium\"><div class=\"l-section-h i-cf\"><div class=\"g-cols vc_row via_flex valign_top type_boxes stacking_default\"><div class=\"vc_col-sm-12 wpb_column vc_column_container fs-page-header-area fs-landscape has_bg_color\"><div class=\"vc_column-inner us_custom_2a3ff089\"><div class=\"wpb_wrapper\"><\/div><\/div><\/div><\/div><\/div><\/section><section class=\"l-section wpb_row us_custom_3fcb7a80 fs-title-row height_medium\"><div class=\"l-section-h i-cf\"><div class=\"g-cols vc_row via_flex valign_top type_boxes stacking_default\"><div class=\"vc_col-sm-12 wpb_column vc_column_container\"><div class=\"vc_column-inner us_custom_5af77061\"><div class=\"wpb_wrapper\"><div class=\"g-cols wpb_row us_custom_d19ec48c fs-inner-area via_flex valign_top type_default stacking_default\"><div class=\"vc_col-sm-12 wpb_column vc_column_container\"><div class=\"vc_column-inner us_custom_e645dbf4\"><div class=\"wpb_wrapper\">[vc_custom_heading text=\u00a0\u00bb<strong>Se d\u00e9tendre <\/strong>dans un h\u00f4tel romantique\u00a0\u00bb font_container=\u00a0\u00bbtag:h1|text_align:center\u00a0\u00bb use_theme_fonts=\u00a0\u00bbyes\u00a0\u00bb css=\u00a0\u00bb%7B%22default%22%3A%7B%22font-size%22%3A%2245px%22%2C%22line-height%22%3A%221.1em%22%2C%22margin-top%22%3A%2220px%22%2C%22margin-bottom%22%3A%2220px%22%7D%7D\u00a0\u00bb]<div class=\"wpb_text_column us_custom_50cc7d67\"><div class=\"wpb_wrapper\"><p style=\"text-align: left;\">Notre h\u00f4tel est nich\u00e9 dans <strong><a href=\"https:\/\/www.linslerhof.de\/linslerhof\/umweltschutz-nachhaltigkeit\/\">paysage idyllique <\/a><\/strong>et promet calme et repos \u00e0 l&rsquo;\u00e9tat pur !<\/p>\n<p style=\"text-align: left;\">Les chambres charmantes de cet h\u00f4tel de campagne sont am\u00e9nag\u00e9es individuellement et le domaine bien entretenu invite \u00e0 la promenade et \u00e0 la d\u00e9tente en plein air. Les vieux arbres et la roseraie font du Linslerhof un petit paradis. Alors pourquoi ne pas passer un week-end en amoureux ou un court s\u00e9jour romantique dans notre magnifique domaine ? Votre s\u00e9jour dans notre h\u00f4tel et sur nos terres sera \u00e0 coup s\u00fbr un v\u00e9ritable moment fort dont vous vous souviendrez avec plaisir.<\/p>\n<p style=\"text-align: left;\">Laissez-nous vous g\u00e2ter dans les r\u00e8gles de l&rsquo;art: De la r\u00e9ception cocktail au d\u00eener artistiquement servi, du week-end romantique \u00e0 deux \u00e0 la grande f\u00eate de mariage &#8211; chez nous, toutes les possibilit\u00e9s vous sont ouvertes!<\/p>\n<p style=\"text-align: left;\">Le Linslerhof est un lieu de mariage tr\u00e8s appr\u00e9ci\u00e9 et absolument romantique. <strong><a href=\"https:\/\/www.linslerhof.de\/feste-feiern\/hochzeiten-feiern\/\">Lieu de mariage <\/a><\/strong>et c&rsquo;est pourquoi notre \u00e9quipe dispose d&rsquo;une longue exp\u00e9rience dans l&rsquo;organisation et l&rsquo;encadrement de f\u00eates de mariage. Plongez dans notre univers de mariage et vivez le jour le plus important de votre vie au Linslerhof.<\/p>\n<p style=\"text-align: left;\">Qu&rsquo;il s&rsquo;agisse d&rsquo;une promenade en cal\u00e8che ou d&rsquo;une r\u00e9ception au champagne, nous r\u00e9alisons vos r\u00eaves de mariage.<br \/>\nPoint fort particulier : notre chapelle Saint-Antoine, propri\u00e9t\u00e9 du domaine, est un lieu particuli\u00e8rement romantique. Mais notre salle de mariage \u00ab\u00a0Kaiser Barbarossa\u00a0\u00bb vous offre \u00e9galement un cadre plein d&rsquo;ambiance pour dire \u00ab\u00a0oui\u00a0\u00bb.<\/p>\n<\/div><\/div><\/div><\/div><\/div><\/div><\/div><\/div><\/div><\/div><\/div><\/section><section class=\"l-section wpb_row us_custom_3fcb7a80 fs-title-row height_medium\"><div class=\"l-section-h i-cf\"><div class=\"g-cols vc_row via_flex valign_top type_boxes stacking_default\"><div class=\"vc_col-sm-12 wpb_column vc_column_container\"><div class=\"vc_column-inner us_custom_5af77061\"><div class=\"wpb_wrapper\"><div class=\"g-cols wpb_row us_custom_d19ec48c fs-inner-area via_flex valign_top type_default stacking_default\"><div class=\"vc_col-sm-6 wpb_column vc_column_container\"><div class=\"vc_column-inner us_custom_e645dbf4\"><div class=\"wpb_wrapper\"><div class=\"wpb_text_column us_custom_50cc7d67\"><div class=\"wpb_wrapper\"><h3 style=\"text-align: left;\"><strong>NOTRE OFFRE<\/strong> &#8211; EXCURSION AU LINSLERHOF<\/h3>\n<ul>\n<li>1x nuit dans une chambre confortable, petit d\u00e9jeuner inclus<\/li>\n<li>Menu \u00e0 quatre plats, vins correspondants inclus<\/li>\n<li>Utilisation du sauna, de la cabine infrarouge &amp; de la salle de fitness<\/li>\n<li>Arriv\u00e9e possible : du mardi au dimanche<\/li>\n<li><strong>\u00e0 partir de 164,- \u20ac par personne<\/strong><\/li>\n<\/ul>\n<\/div><\/div><div class=\" vc_custom_1749626796280 ubtn-ctn-left \"><a class=\"ubtn-link ult-adjust-bottom-margin ubtn-left ubtn-normal \" href=\"https:\/\/reservation.one.dirs21.de\/linslerhof\/result?package_id=52213\" title=\"Ausflug\" ><button type=\"button\" id=\"ubtn-4925\"  class=\"ubtn ult-adjust-bottom-margin ult-responsive ubtn-normal ubtn-no-hover-bg  ulta-push  ubtn-left   tooltip-69f3fc3c95600\"  data-hover=\"\" data-border-color=\"\" data-bg=\"#ea5b0b\" data-hover-bg=\"\" data-border-hover=\"\" data-shadow-hover=\"\" data-shadow-click=\"none\" data-shadow=\"\" data-shd-shadow=\"\"  data-ultimate-target='#ubtn-4925'  data-responsive-json-new='{\"font-size\":\"desktop:20px;\",\"line-height\":\"desktop:18px;\"}'  style=\"font-family:&#039;Open Sans Condensed&#039;;font-weight:normal;font-style:normal;border:none;background: #ea5b0b;color: #ffffff;\"><span class=\"ubtn-hover\" style=\"background-color:\"><\/span><span class=\"ubtn-data ubtn-text \" >INFOS &amp; R\u00c9SERVATION<\/span><\/button><\/a><\/div><div class=\"wpb_text_column us_custom_4fd89a8b\"><div class=\"wpb_wrapper\"><p>Informations &amp; R\u00e9servation :<br \/>\n<strong><a href=\"tel:+4968368070\">+49 (0)6836 &#8211; 8070<\/a><\/strong><br \/>\n<strong><a href=\"mailto:info@linslerhof.de\">info@linslerhof.de<\/a><\/strong><\/p>\n<\/div><\/div><\/div><\/div><\/div><div class=\"vc_col-sm-6 wpb_column vc_column_container has_bg_color\"><div class=\"vc_column-inner us_custom_a92b5e41\"><div class=\"wpb_wrapper\"><\/div><\/div><\/div><\/div><\/div><\/div><\/div><\/div><\/div><\/section>\n","protected":false},"excerpt":{"rendered":"[vc_custom_heading text=\"Se d\u00e9tendre dans un h\u00f4tel romantique\" font_container=\"tag:h1|text_align:center\" use_theme_fonts=\"yes\" css=\"%7B%22default%22%3A%7B%22font-size%22%3A%2245px%22%2C%22line-height%22%3A%221.1em%22%2C%22margin-top%22%3A%2220px%22%2C%22margin-bottom%22%3A%2220px%22%7D%7D\"]Notre h\u00f4tel est nich\u00e9 dans paysage idyllique et promet calme et repos \u00e0 l&rsquo;\u00e9tat pur ! Les chambres charmantes de cet h\u00f4tel de campagne sont am\u00e9nag\u00e9es individuellement et le domaine bien entretenu invite \u00e0 la promenade et \u00e0 la d\u00e9tente en plein air. Les vieux arbres...","protected":false},"author":3,"featured_media":0,"parent":33328,"menu_order":12,"comment_status":"closed","ping_status":"closed","template":"","meta":{"footnotes":""},"class_list":["post-33354","page","type-page","status-publish","hentry"],"yoast_head":"<!-- This site is optimized with the Yoast SEO plugin v27.5 - https:\/\/yoast.com\/product\/yoast-seo-wordpress\/ -->\n<title>Romantique %%page% | Linslerhof<\/title>\n<meta name=\"description\" content=\"Loin de l&#039;agitation et du stress du quotidien, le Linslerhof permet de passer des heures romantiques dans un environnement idyllique et calme.\" \/>\n<meta name=\"robots\" content=\"index, follow, max-snippet:-1, max-image-preview:large, max-video-preview:-1\" \/>\n<link rel=\"canonical\" href=\"https:\/\/www.linslerhof.de\/fr\/mondes-dexperience\/romantique\/\" \/>\n<meta property=\"og:locale\" content=\"fr_FR\" \/>\n<meta property=\"og:type\" content=\"article\" \/>\n<meta property=\"og:title\" content=\"Romantique %%page% | Linslerhof\" \/>\n<meta property=\"og:description\" content=\"Loin de l&#039;agitation et du stress du quotidien, le Linslerhof permet de passer des heures romantiques dans un environnement idyllique et calme.\" \/>\n<meta property=\"og:url\" content=\"https:\/\/www.linslerhof.de\/fr\/mondes-dexperience\/romantique\/\" \/>\n<meta property=\"og:site_name\" content=\"Linslerhof\" \/>\n<meta property=\"article:publisher\" content=\"https:\/\/www.facebook.com\/Linslerhof\" \/>\n<meta property=\"article:modified_time\" content=\"2025-08-12T07:49:25+00:00\" \/>\n<meta name=\"twitter:card\" content=\"summary_large_image\" \/>\n<meta name=\"twitter:label1\" content=\"Dur\u00e9e de lecture estim\u00e9e\" \/>\n\t<meta name=\"twitter:data1\" content=\"2 minutes\" \/>\n<script type=\"application\/ld+json\" class=\"yoast-schema-graph\">{\"@context\":\"https:\\\/\\\/schema.org\",\"@graph\":[{\"@type\":\"WebPage\",\"@id\":\"https:\\\/\\\/www.linslerhof.de\\\/fr\\\/mondes-dexperience\\\/romantique\\\/\",\"url\":\"https:\\\/\\\/www.linslerhof.de\\\/fr\\\/mondes-dexperience\\\/romantique\\\/\",\"name\":\"Romantique %%page% | Linslerhof\",\"isPartOf\":{\"@id\":\"https:\\\/\\\/www.linslerhof.de\\\/fr\\\/#website\"},\"datePublished\":\"2018-11-19T08:31:32+00:00\",\"dateModified\":\"2025-08-12T07:49:25+00:00\",\"description\":\"Loin de l'agitation et du stress du quotidien, le Linslerhof permet de passer des heures romantiques dans un environnement idyllique et calme.\",\"breadcrumb\":{\"@id\":\"https:\\\/\\\/www.linslerhof.de\\\/fr\\\/mondes-dexperience\\\/romantique\\\/#breadcrumb\"},\"inLanguage\":\"fr-FR\",\"potentialAction\":[{\"@type\":\"ReadAction\",\"target\":[\"https:\\\/\\\/www.linslerhof.de\\\/fr\\\/mondes-dexperience\\\/romantique\\\/\"]}]},{\"@type\":\"BreadcrumbList\",\"@id\":\"https:\\\/\\\/www.linslerhof.de\\\/fr\\\/mondes-dexperience\\\/romantique\\\/#breadcrumb\",\"itemListElement\":[{\"@type\":\"ListItem\",\"position\":1,\"name\":\"Startseite\",\"item\":\"https:\\\/\\\/www.linslerhof.de\\\/fr\\\/hotel-4-etoiles-en-sarre\\\/\"},{\"@type\":\"ListItem\",\"position\":2,\"name\":\"Mondes d&rsquo;exp\u00e9rience\",\"item\":\"https:\\\/\\\/www.linslerhof.de\\\/fr\\\/mondes-dexperience\\\/\"},{\"@type\":\"ListItem\",\"position\":3,\"name\":\"Romantique\"}]},{\"@type\":\"WebSite\",\"@id\":\"https:\\\/\\\/www.linslerhof.de\\\/fr\\\/#website\",\"url\":\"https:\\\/\\\/www.linslerhof.de\\\/fr\\\/\",\"name\":\"Linslerhof\",\"description\":\"Historischer Gutshof\",\"publisher\":{\"@id\":\"https:\\\/\\\/www.linslerhof.de\\\/fr\\\/#organization\"},\"potentialAction\":[{\"@type\":\"SearchAction\",\"target\":{\"@type\":\"EntryPoint\",\"urlTemplate\":\"https:\\\/\\\/www.linslerhof.de\\\/fr\\\/?s={search_term_string}\"},\"query-input\":{\"@type\":\"PropertyValueSpecification\",\"valueRequired\":true,\"valueName\":\"search_term_string\"}}],\"inLanguage\":\"fr-FR\"},{\"@type\":\"Organization\",\"@id\":\"https:\\\/\\\/www.linslerhof.de\\\/fr\\\/#organization\",\"name\":\"Linslerhof\",\"url\":\"https:\\\/\\\/www.linslerhof.de\\\/fr\\\/\",\"logo\":{\"@type\":\"ImageObject\",\"inLanguage\":\"fr-FR\",\"@id\":\"https:\\\/\\\/www.linslerhof.de\\\/fr\\\/#\\\/schema\\\/logo\\\/image\\\/\",\"url\":\"https:\\\/\\\/www.linslerhof.de\\\/wp-content\\\/uploads\\\/2020\\\/12\\\/Logo_2020.png\",\"contentUrl\":\"https:\\\/\\\/www.linslerhof.de\\\/wp-content\\\/uploads\\\/2020\\\/12\\\/Logo_2020.png\",\"width\":466,\"height\":300,\"caption\":\"Linslerhof\"},\"image\":{\"@id\":\"https:\\\/\\\/www.linslerhof.de\\\/fr\\\/#\\\/schema\\\/logo\\\/image\\\/\"},\"sameAs\":[\"https:\\\/\\\/www.facebook.com\\\/Linslerhof\",\"https:\\\/\\\/www.instagram.com\\\/linslerhof\\\/\"]}]}<\/script>\n<!-- \/ Yoast SEO plugin. -->","yoast_head_json":{"title":"Romantique %%page% | Linslerhof","description":"Loin de l'agitation et du stress du quotidien, le Linslerhof permet de passer des heures romantiques dans un environnement idyllique et calme.","robots":{"index":"index","follow":"follow","max-snippet":"max-snippet:-1","max-image-preview":"max-image-preview:large","max-video-preview":"max-video-preview:-1"},"canonical":"https:\/\/www.linslerhof.de\/fr\/mondes-dexperience\/romantique\/","og_locale":"fr_FR","og_type":"article","og_title":"Romantique %%page% | Linslerhof","og_description":"Loin de l'agitation et du stress du quotidien, le Linslerhof permet de passer des heures romantiques dans un environnement idyllique et calme.","og_url":"https:\/\/www.linslerhof.de\/fr\/mondes-dexperience\/romantique\/","og_site_name":"Linslerhof","article_publisher":"https:\/\/www.facebook.com\/Linslerhof","article_modified_time":"2025-08-12T07:49:25+00:00","twitter_card":"summary_large_image","twitter_misc":{"Dur\u00e9e de lecture estim\u00e9e":"2 minutes"},"schema":{"@context":"https:\/\/schema.org","@graph":[{"@type":"WebPage","@id":"https:\/\/www.linslerhof.de\/fr\/mondes-dexperience\/romantique\/","url":"https:\/\/www.linslerhof.de\/fr\/mondes-dexperience\/romantique\/","name":"Romantique %%page% | Linslerhof","isPartOf":{"@id":"https:\/\/www.linslerhof.de\/fr\/#website"},"datePublished":"2018-11-19T08:31:32+00:00","dateModified":"2025-08-12T07:49:25+00:00","description":"Loin de l'agitation et du stress du quotidien, le Linslerhof permet de passer des heures romantiques dans un environnement idyllique et calme.","breadcrumb":{"@id":"https:\/\/www.linslerhof.de\/fr\/mondes-dexperience\/romantique\/#breadcrumb"},"inLanguage":"fr-FR","potentialAction":[{"@type":"ReadAction","target":["https:\/\/www.linslerhof.de\/fr\/mondes-dexperience\/romantique\/"]}]},{"@type":"BreadcrumbList","@id":"https:\/\/www.linslerhof.de\/fr\/mondes-dexperience\/romantique\/#breadcrumb","itemListElement":[{"@type":"ListItem","position":1,"name":"Startseite","item":"https:\/\/www.linslerhof.de\/fr\/hotel-4-etoiles-en-sarre\/"},{"@type":"ListItem","position":2,"name":"Mondes d&rsquo;exp\u00e9rience","item":"https:\/\/www.linslerhof.de\/fr\/mondes-dexperience\/"},{"@type":"ListItem","position":3,"name":"Romantique"}]},{"@type":"WebSite","@id":"https:\/\/www.linslerhof.de\/fr\/#website","url":"https:\/\/www.linslerhof.de\/fr\/","name":"Linslerhof","description":"Historischer Gutshof","publisher":{"@id":"https:\/\/www.linslerhof.de\/fr\/#organization"},"potentialAction":[{"@type":"SearchAction","target":{"@type":"EntryPoint","urlTemplate":"https:\/\/www.linslerhof.de\/fr\/?s={search_term_string}"},"query-input":{"@type":"PropertyValueSpecification","valueRequired":true,"valueName":"search_term_string"}}],"inLanguage":"fr-FR"},{"@type":"Organization","@id":"https:\/\/www.linslerhof.de\/fr\/#organization","name":"Linslerhof","url":"https:\/\/www.linslerhof.de\/fr\/","logo":{"@type":"ImageObject","inLanguage":"fr-FR","@id":"https:\/\/www.linslerhof.de\/fr\/#\/schema\/logo\/image\/","url":"https:\/\/www.linslerhof.de\/wp-content\/uploads\/2020\/12\/Logo_2020.png","contentUrl":"https:\/\/www.linslerhof.de\/wp-content\/uploads\/2020\/12\/Logo_2020.png","width":466,"height":300,"caption":"Linslerhof"},"image":{"@id":"https:\/\/www.linslerhof.de\/fr\/#\/schema\/logo\/image\/"},"sameAs":["https:\/\/www.facebook.com\/Linslerhof","https:\/\/www.instagram.com\/linslerhof\/"]}]}},"_links":{"self":[{"href":"https:\/\/www.linslerhof.de\/fr\/wp-json\/wp\/v2\/pages\/33354","targetHints":{"allow":["GET"]}}],"collection":[{"href":"https:\/\/www.linslerhof.de\/fr\/wp-json\/wp\/v2\/pages"}],"about":[{"href":"https:\/\/www.linslerhof.de\/fr\/wp-json\/wp\/v2\/types\/page"}],"author":[{"embeddable":true,"href":"https:\/\/www.linslerhof.de\/fr\/wp-json\/wp\/v2\/users\/3"}],"replies":[{"embeddable":true,"href":"https:\/\/www.linslerhof.de\/fr\/wp-json\/wp\/v2\/comments?post=33354"}],"version-history":[{"count":25,"href":"https:\/\/www.linslerhof.de\/fr\/wp-json\/wp\/v2\/pages\/33354\/revisions"}],"predecessor-version":[{"id":44975,"href":"https:\/\/www.linslerhof.de\/fr\/wp-json\/wp\/v2\/pages\/33354\/revisions\/44975"}],"up":[{"embeddable":true,"href":"https:\/\/www.linslerhof.de\/fr\/wp-json\/wp\/v2\/pages\/33328"}],"wp:attachment":[{"href":"https:\/\/www.linslerhof.de\/fr\/wp-json\/wp\/v2\/media?parent=33354"}],"curies":[{"name":"wp","href":"https:\/\/api.w.org\/{rel}","templated":true}]}}