{"id":33360,"date":"2018-11-18T19:41:40","date_gmt":"2018-11-18T18:41:40","guid":{"rendered":"https:\/\/dev.linslerhof.de\/mondes-dexperience\/chasse-fauconnerie\/"},"modified":"2026-01-22T10:57:44","modified_gmt":"2026-01-22T09:57:44","slug":"chasse","status":"publish","type":"page","link":"https:\/\/www.linslerhof.de\/fr\/mondes-dexperience\/chasse\/","title":{"rendered":"\u00c9cole de chasse"},"content":{"rendered":"<section class=\"l-section wpb_row us_custom_8d4f5dab height_medium\"><div class=\"l-section-h i-cf\"><div class=\"g-cols vc_row via_flex valign_top type_boxes stacking_default\"><div class=\"vc_col-sm-12 wpb_column vc_column_container fs-page-header-area fs-landscape has_bg_color\"><div class=\"vc_column-inner us_custom_e0f960e0\"><div class=\"wpb_wrapper\"><\/div><\/div><\/div><\/div><\/div><\/section><section class=\"l-section wpb_row us_custom_3fcb7a80 fs-title-row height_medium\"><div class=\"l-section-h i-cf\"><div class=\"g-cols vc_row via_flex valign_top type_boxes stacking_default\"><div class=\"vc_col-sm-12 wpb_column vc_column_container\"><div class=\"vc_column-inner us_custom_5af77061\"><div class=\"wpb_wrapper\"><div class=\"g-cols wpb_row us_custom_d19ec48c fs-inner-area via_flex valign_top type_default stacking_default\"><div class=\"vc_col-sm-12 wpb_column vc_column_container\"><div class=\"vc_column-inner us_custom_e645dbf4\"><div class=\"wpb_wrapper\">[vc_custom_heading text=\u00a0\u00bbChasse<strong> et nature<\/strong>\u00a0\u00bb font_container=\u00a0\u00bbtag:h1|font_size:45px|text_align:center|line_height:1.1em\u00a0\u00bb use_theme_fonts=\u00a0\u00bbyes\u00a0\u00bb css=\u00a0\u00bb%7B%22default%22%3A%7B%22font-size%22%3A%2245px%22%2C%22line-height%22%3A%221.1em%22%2C%22margin-top%22%3A%2220px%22%2C%22margin-bottom%22%3A%2220px%22%7D%7D\u00a0\u00bb]<div class=\"wpb_text_column us_custom_50cc7d67\"><div class=\"wpb_wrapper\"><p style=\"text-align: left;\">La chasse fait partie de la nature depuis des temps imm\u00e9moriaux. Le retour croissant \u00e0 la vie originelle implique \u00e9galement une approche ouverte et inform\u00e9e de l&rsquo;entretien et des soins des esp\u00e8ces sauvages indig\u00e8nes. On dit que l&#8217;empereur Barberousse chassait d\u00e9j\u00e0 au Linslerhof. Dans cette tradition, nous proposons non seulement une \u00e9cole de chasse et un cin\u00e9ma de tir, mais aussi la possibilit\u00e9 pour les petits et les grands de vivre et d&rsquo;apprendre \u00e0 conna\u00eetre tout simplement la <a href=\"https:\/\/www.linslerhof.de\/linslerhof\/umweltschutz-nachhaltigkeit\/\">nature pure<\/a>.<\/p>\n<p style=\"text-align: left;\">En raison de la forte affluence, nous vous prions de r\u00e9server ces offres \u00e0 temps, d\u00e8s la r\u00e9servation de votre chambre d&rsquo;h\u00f4tel.<\/p>\n<\/div><\/div><\/div><\/div><\/div><\/div><\/div><\/div><\/div><\/div><\/div><\/section><section class=\"l-section wpb_row us_custom_e3cfe923 height_medium\"><div class=\"l-section-h i-cf\"><div class=\"g-cols vc_row via_flex valign_middle type_boxes stacking_default\" style=\"--additional-gap:10px;\"><div class=\"vc_col-sm-12 wpb_column vc_column_container\"><div class=\"vc_column-inner us_custom_d8bb1ad6\"><div class=\"wpb_wrapper\"><div class=\"g-cols wpb_row via_flex valign_top type_default stacking_default\"><div class=\"vc_col-sm-4 vc_col-lg-4 vc_col-md-12 vc_col-xs-12 wpb_column vc_column_container has_bg_color has-link\"><div class=\"vc_column-inner us_custom_e30de060\"><div class=\"wpb_wrapper\"><div id=\"ultimate-heading-276069f349ae669b5\" class=\"uvc-heading ult-adjust-bottom-margin ultimate-heading-276069f349ae669b5 uvc-8107 fs-box-heading fs-big-height\" data-hspacer=\"no_spacer\"  data-halign=\"center\" style=\"text-align:center\"><div class=\"uvc-heading-spacer no_spacer\" style=\"top\"><\/div><div class=\"uvc-sub-heading ult-responsive\"  data-ultimate-target='.uvc-heading.ultimate-heading-276069f349ae669b5 .uvc-sub-heading '  data-responsive-json-new='{\"font-size\":\"\",\"line-height\":\"\"}'  style=\"font-weight:normal;\">\n<h2><strong><span style=\"text-transform: uppercase;\">\u00c9COLE DE CHASSE<\/span><\/strong><\/h2>\n<\/div><\/div><\/div><\/div><a href=\"https:\/\/jagen-lernen.de\/\" class=\"vc_column-link smooth-scroll\" aria-label=\"Lien\"><\/a><\/div><div class=\"vc_col-sm-4 vc_col-lg-4 vc_col-md-12 vc_col-xs-12 wpb_column vc_column_container has_bg_color\"><div class=\"vc_column-inner us_custom_04b5345d\"><div class=\"wpb_wrapper\"><div class=\"wpb_text_column us_custom_43d836d8\"><div class=\"wpb_wrapper\"><p style=\"text-align: left;\">L&rsquo;<a href=\"https:\/\/jagen-lernen.de\/\">\u00e9cole de chasse<\/a> (Jagen Lernen JL GmbH) du Linslerhof a pour objectif de dispenser une formation consciencieuse et approfondie en vue de pr\u00e9parer l&rsquo;examen de chasseur et le permis de fauconnerie. L&rsquo;\u00e9cole de chasse dispose d&rsquo;une \u00e9quipe d&rsquo;enseignants professionnels et form\u00e9s \u00e0 la p\u00e9dagogie. Si vous avez d\u00e9cid\u00e9 de suivre une formation de chasseur, les enseignants vous transmettront des connaissances solides gr\u00e2ce \u00e0 leur expertise et \u00e0 leur engagement. Veuillez noter que le tarif r\u00e9duit pour l&rsquo;h\u00e9bergement des \u00e9l\u00e8ves chasseurs ne peut \u00eatre r\u00e9serv\u00e9 que par e-mail ou par t\u00e9l\u00e9phone. Notre \u00e9quipe de r\u00e9ception se tient volontiers \u00e0 votre disposition pour r\u00e9pondre \u00e0 vos questions !<\/p>\n<\/div><\/div><\/div><\/div><\/div><div class=\"vc_col-sm-4 vc_col-lg-4 vc_col-md-12 vc_col-xs-12 wpb_column vc_column_container has_bg_color has-link\"><div class=\"vc_column-inner us_custom_1738e529\"><div class=\"wpb_wrapper\"><div id=\"ultimate-heading-183569f349ae66fb5\" class=\"uvc-heading ult-adjust-bottom-margin ultimate-heading-183569f349ae66fb5 uvc-9590 fs-box-heading fs-big-height\" data-hspacer=\"no_spacer\"  data-halign=\"center\" style=\"text-align:center\"><div class=\"uvc-heading-spacer no_spacer\" style=\"top\"><\/div><div class=\"uvc-sub-heading ult-responsive\"  data-ultimate-target='.uvc-heading.ultimate-heading-183569f349ae66fb5 .uvc-sub-heading '  data-responsive-json-new='{\"font-size\":\"\",\"line-height\":\"\"}'  style=\"font-weight:normal;\">\n<h2><strong><span style=\"text-transform: uppercase;\">STAND DE FERMETURE<\/span><\/strong><\/h2>\n<\/div><\/div><\/div><\/div><a href=\"https:\/\/jagen-lernen.de\/jagdschule\/schiessstande\" class=\"vc_column-link smooth-scroll\" aria-label=\"Lien\"><\/a><\/div><\/div><\/div><\/div><\/div><\/div><\/div><\/section>\n","protected":false},"excerpt":{"rendered":"[vc_custom_heading text=\"Chasse et nature\" font_container=\"tag:h1|font_size:45px|text_align:center|line_height:1.1em\" use_theme_fonts=\"yes\" css=\"%7B%22default%22%3A%7B%22font-size%22%3A%2245px%22%2C%22line-height%22%3A%221.1em%22%2C%22margin-top%22%3A%2220px%22%2C%22margin-bottom%22%3A%2220px%22%7D%7D\"]La chasse fait partie de la nature depuis des temps imm\u00e9moriaux. Le retour croissant \u00e0 la vie originelle implique \u00e9galement une approche ouverte et inform\u00e9e de l&rsquo;entretien et des soins des esp\u00e8ces sauvages indig\u00e8nes. On dit que l&#8217;empereur Barberousse chassait d\u00e9j\u00e0 au Linslerhof. Dans cette tradition, nous proposons non...","protected":false},"author":3,"featured_media":0,"parent":33328,"menu_order":8,"comment_status":"closed","ping_status":"closed","template":"","meta":{"footnotes":""},"class_list":["post-33360","page","type-page","status-publish","hentry"],"yoast_head":"<!-- This site is optimized with the Yoast SEO plugin v27.5 - https:\/\/yoast.com\/product\/yoast-seo-wordpress\/ -->\n<title>\u00c9cole de chasse | Linslerhof<\/title>\n<meta name=\"description\" content=\"Le Linslerhof se consid\u00e8re comme un \u00e9tablissement h\u00f4telier proche de la nature. Vous y d\u00e9couvrirez entre autres l&#039;art de la chasse.\" \/>\n<meta name=\"robots\" content=\"index, follow, max-snippet:-1, max-image-preview:large, max-video-preview:-1\" \/>\n<link rel=\"canonical\" href=\"https:\/\/www.linslerhof.de\/fr\/mondes-dexperience\/chasse\/\" \/>\n<meta property=\"og:locale\" content=\"fr_FR\" \/>\n<meta property=\"og:type\" content=\"article\" \/>\n<meta property=\"og:title\" content=\"\u00c9cole de chasse | Linslerhof\" \/>\n<meta property=\"og:description\" content=\"Le Linslerhof se consid\u00e8re comme un \u00e9tablissement h\u00f4telier proche de la nature. Vous y d\u00e9couvrirez entre autres l&#039;art de la chasse.\" \/>\n<meta property=\"og:url\" content=\"https:\/\/www.linslerhof.de\/fr\/mondes-dexperience\/chasse\/\" \/>\n<meta property=\"og:site_name\" content=\"Linslerhof\" \/>\n<meta property=\"article:publisher\" content=\"https:\/\/www.facebook.com\/Linslerhof\" \/>\n<meta property=\"article:modified_time\" content=\"2026-01-22T09:57:44+00:00\" \/>\n<meta name=\"twitter:card\" content=\"summary_large_image\" \/>\n<meta name=\"twitter:label1\" content=\"Dur\u00e9e de lecture estim\u00e9e\" \/>\n\t<meta name=\"twitter:data1\" content=\"4 minutes\" \/>\n<script type=\"application\/ld+json\" class=\"yoast-schema-graph\">{\"@context\":\"https:\\\/\\\/schema.org\",\"@graph\":[{\"@type\":\"WebPage\",\"@id\":\"https:\\\/\\\/www.linslerhof.de\\\/fr\\\/mondes-dexperience\\\/chasse\\\/\",\"url\":\"https:\\\/\\\/www.linslerhof.de\\\/fr\\\/mondes-dexperience\\\/chasse\\\/\",\"name\":\"\u00c9cole de chasse | Linslerhof\",\"isPartOf\":{\"@id\":\"https:\\\/\\\/www.linslerhof.de\\\/fr\\\/#website\"},\"datePublished\":\"2018-11-18T18:41:40+00:00\",\"dateModified\":\"2026-01-22T09:57:44+00:00\",\"description\":\"Le Linslerhof se consid\u00e8re comme un \u00e9tablissement h\u00f4telier proche de la nature. Vous y d\u00e9couvrirez entre autres l'art de la chasse.\",\"breadcrumb\":{\"@id\":\"https:\\\/\\\/www.linslerhof.de\\\/fr\\\/mondes-dexperience\\\/chasse\\\/#breadcrumb\"},\"inLanguage\":\"fr-FR\",\"potentialAction\":[{\"@type\":\"ReadAction\",\"target\":[\"https:\\\/\\\/www.linslerhof.de\\\/fr\\\/mondes-dexperience\\\/chasse\\\/\"]}]},{\"@type\":\"BreadcrumbList\",\"@id\":\"https:\\\/\\\/www.linslerhof.de\\\/fr\\\/mondes-dexperience\\\/chasse\\\/#breadcrumb\",\"itemListElement\":[{\"@type\":\"ListItem\",\"position\":1,\"name\":\"Startseite\",\"item\":\"https:\\\/\\\/www.linslerhof.de\\\/fr\\\/hotel-4-etoiles-en-sarre\\\/\"},{\"@type\":\"ListItem\",\"position\":2,\"name\":\"Mondes d&rsquo;exp\u00e9rience\",\"item\":\"https:\\\/\\\/www.linslerhof.de\\\/fr\\\/mondes-dexperience\\\/\"},{\"@type\":\"ListItem\",\"position\":3,\"name\":\"\u00c9cole de chasse\"}]},{\"@type\":\"WebSite\",\"@id\":\"https:\\\/\\\/www.linslerhof.de\\\/fr\\\/#website\",\"url\":\"https:\\\/\\\/www.linslerhof.de\\\/fr\\\/\",\"name\":\"Linslerhof\",\"description\":\"Historischer Gutshof\",\"publisher\":{\"@id\":\"https:\\\/\\\/www.linslerhof.de\\\/fr\\\/#organization\"},\"potentialAction\":[{\"@type\":\"SearchAction\",\"target\":{\"@type\":\"EntryPoint\",\"urlTemplate\":\"https:\\\/\\\/www.linslerhof.de\\\/fr\\\/?s={search_term_string}\"},\"query-input\":{\"@type\":\"PropertyValueSpecification\",\"valueRequired\":true,\"valueName\":\"search_term_string\"}}],\"inLanguage\":\"fr-FR\"},{\"@type\":\"Organization\",\"@id\":\"https:\\\/\\\/www.linslerhof.de\\\/fr\\\/#organization\",\"name\":\"Linslerhof\",\"url\":\"https:\\\/\\\/www.linslerhof.de\\\/fr\\\/\",\"logo\":{\"@type\":\"ImageObject\",\"inLanguage\":\"fr-FR\",\"@id\":\"https:\\\/\\\/www.linslerhof.de\\\/fr\\\/#\\\/schema\\\/logo\\\/image\\\/\",\"url\":\"https:\\\/\\\/www.linslerhof.de\\\/wp-content\\\/uploads\\\/2020\\\/12\\\/Logo_2020.png\",\"contentUrl\":\"https:\\\/\\\/www.linslerhof.de\\\/wp-content\\\/uploads\\\/2020\\\/12\\\/Logo_2020.png\",\"width\":466,\"height\":300,\"caption\":\"Linslerhof\"},\"image\":{\"@id\":\"https:\\\/\\\/www.linslerhof.de\\\/fr\\\/#\\\/schema\\\/logo\\\/image\\\/\"},\"sameAs\":[\"https:\\\/\\\/www.facebook.com\\\/Linslerhof\",\"https:\\\/\\\/www.instagram.com\\\/linslerhof\\\/\"]}]}<\/script>\n<!-- \/ Yoast SEO plugin. -->","yoast_head_json":{"title":"\u00c9cole de chasse | Linslerhof","description":"Le Linslerhof se consid\u00e8re comme un \u00e9tablissement h\u00f4telier proche de la nature. Vous y d\u00e9couvrirez entre autres l'art de la chasse.","robots":{"index":"index","follow":"follow","max-snippet":"max-snippet:-1","max-image-preview":"max-image-preview:large","max-video-preview":"max-video-preview:-1"},"canonical":"https:\/\/www.linslerhof.de\/fr\/mondes-dexperience\/chasse\/","og_locale":"fr_FR","og_type":"article","og_title":"\u00c9cole de chasse | Linslerhof","og_description":"Le Linslerhof se consid\u00e8re comme un \u00e9tablissement h\u00f4telier proche de la nature. Vous y d\u00e9couvrirez entre autres l'art de la chasse.","og_url":"https:\/\/www.linslerhof.de\/fr\/mondes-dexperience\/chasse\/","og_site_name":"Linslerhof","article_publisher":"https:\/\/www.facebook.com\/Linslerhof","article_modified_time":"2026-01-22T09:57:44+00:00","twitter_card":"summary_large_image","twitter_misc":{"Dur\u00e9e de lecture estim\u00e9e":"4 minutes"},"schema":{"@context":"https:\/\/schema.org","@graph":[{"@type":"WebPage","@id":"https:\/\/www.linslerhof.de\/fr\/mondes-dexperience\/chasse\/","url":"https:\/\/www.linslerhof.de\/fr\/mondes-dexperience\/chasse\/","name":"\u00c9cole de chasse | Linslerhof","isPartOf":{"@id":"https:\/\/www.linslerhof.de\/fr\/#website"},"datePublished":"2018-11-18T18:41:40+00:00","dateModified":"2026-01-22T09:57:44+00:00","description":"Le Linslerhof se consid\u00e8re comme un \u00e9tablissement h\u00f4telier proche de la nature. Vous y d\u00e9couvrirez entre autres l'art de la chasse.","breadcrumb":{"@id":"https:\/\/www.linslerhof.de\/fr\/mondes-dexperience\/chasse\/#breadcrumb"},"inLanguage":"fr-FR","potentialAction":[{"@type":"ReadAction","target":["https:\/\/www.linslerhof.de\/fr\/mondes-dexperience\/chasse\/"]}]},{"@type":"BreadcrumbList","@id":"https:\/\/www.linslerhof.de\/fr\/mondes-dexperience\/chasse\/#breadcrumb","itemListElement":[{"@type":"ListItem","position":1,"name":"Startseite","item":"https:\/\/www.linslerhof.de\/fr\/hotel-4-etoiles-en-sarre\/"},{"@type":"ListItem","position":2,"name":"Mondes d&rsquo;exp\u00e9rience","item":"https:\/\/www.linslerhof.de\/fr\/mondes-dexperience\/"},{"@type":"ListItem","position":3,"name":"\u00c9cole de chasse"}]},{"@type":"WebSite","@id":"https:\/\/www.linslerhof.de\/fr\/#website","url":"https:\/\/www.linslerhof.de\/fr\/","name":"Linslerhof","description":"Historischer Gutshof","publisher":{"@id":"https:\/\/www.linslerhof.de\/fr\/#organization"},"potentialAction":[{"@type":"SearchAction","target":{"@type":"EntryPoint","urlTemplate":"https:\/\/www.linslerhof.de\/fr\/?s={search_term_string}"},"query-input":{"@type":"PropertyValueSpecification","valueRequired":true,"valueName":"search_term_string"}}],"inLanguage":"fr-FR"},{"@type":"Organization","@id":"https:\/\/www.linslerhof.de\/fr\/#organization","name":"Linslerhof","url":"https:\/\/www.linslerhof.de\/fr\/","logo":{"@type":"ImageObject","inLanguage":"fr-FR","@id":"https:\/\/www.linslerhof.de\/fr\/#\/schema\/logo\/image\/","url":"https:\/\/www.linslerhof.de\/wp-content\/uploads\/2020\/12\/Logo_2020.png","contentUrl":"https:\/\/www.linslerhof.de\/wp-content\/uploads\/2020\/12\/Logo_2020.png","width":466,"height":300,"caption":"Linslerhof"},"image":{"@id":"https:\/\/www.linslerhof.de\/fr\/#\/schema\/logo\/image\/"},"sameAs":["https:\/\/www.facebook.com\/Linslerhof","https:\/\/www.instagram.com\/linslerhof\/"]}]}},"_links":{"self":[{"href":"https:\/\/www.linslerhof.de\/fr\/wp-json\/wp\/v2\/pages\/33360","targetHints":{"allow":["GET"]}}],"collection":[{"href":"https:\/\/www.linslerhof.de\/fr\/wp-json\/wp\/v2\/pages"}],"about":[{"href":"https:\/\/www.linslerhof.de\/fr\/wp-json\/wp\/v2\/types\/page"}],"author":[{"embeddable":true,"href":"https:\/\/www.linslerhof.de\/fr\/wp-json\/wp\/v2\/users\/3"}],"replies":[{"embeddable":true,"href":"https:\/\/www.linslerhof.de\/fr\/wp-json\/wp\/v2\/comments?post=33360"}],"version-history":[{"count":26,"href":"https:\/\/www.linslerhof.de\/fr\/wp-json\/wp\/v2\/pages\/33360\/revisions"}],"predecessor-version":[{"id":47200,"href":"https:\/\/www.linslerhof.de\/fr\/wp-json\/wp\/v2\/pages\/33360\/revisions\/47200"}],"up":[{"embeddable":true,"href":"https:\/\/www.linslerhof.de\/fr\/wp-json\/wp\/v2\/pages\/33328"}],"wp:attachment":[{"href":"https:\/\/www.linslerhof.de\/fr\/wp-json\/wp\/v2\/media?parent=33360"}],"curies":[{"name":"wp","href":"https:\/\/api.w.org\/{rel}","templated":true}]}}