{"id":33366,"date":"2018-11-18T09:30:02","date_gmt":"2018-11-18T08:30:02","guid":{"rendered":"https:\/\/dev.linslerhof.de\/reunions\/offre-de-reunion\/"},"modified":"2026-01-22T10:47:49","modified_gmt":"2026-01-22T09:47:49","slug":"offre-de-reunion","status":"publish","type":"page","link":"https:\/\/www.linslerhof.de\/fr\/reunions\/offre-de-reunion\/","title":{"rendered":"Offre de r\u00e9union"},"content":{"rendered":"<section class=\"l-section wpb_row us_custom_8d4f5dab height_medium\"><div class=\"l-section-h i-cf\"><div class=\"g-cols vc_row via_flex valign_top type_boxes stacking_default\"><div class=\"vc_col-sm-12 wpb_column vc_column_container fs-page-header-area fs-landscape hide_on_mobiles has_bg_color\"><div class=\"vc_column-inner us_custom_3d52a732\"><div class=\"wpb_wrapper\"><\/div><\/div><\/div><\/div><\/div><\/section><section class=\"l-section wpb_row us_custom_3fcb7a80 fs-title-row height_medium\"><div class=\"l-section-h i-cf\"><div class=\"g-cols vc_row via_flex valign_top type_boxes stacking_default\"><div class=\"vc_col-sm-12 wpb_column vc_column_container\"><div class=\"vc_column-inner us_custom_5af77061\"><div class=\"wpb_wrapper\"><div class=\"g-cols wpb_row us_custom_d19ec48c fs-inner-area via_flex valign_top type_default stacking_default\"><div class=\"vc_col-sm-12 wpb_column vc_column_container\"><div class=\"vc_column-inner us_custom_e645dbf4\"><div class=\"wpb_wrapper\"><div class=\"wpb_text_column us_custom_50cc7d67\"><div class=\"wpb_wrapper\"><h1 style=\"text-align: center;\"><strong>Offre de r\u00e9union<\/strong><\/h1>\n<p style=\"text-align: left;\">Louez une salle de r\u00e9union pour votre offre de r\u00e9union personnelle. Nous nous occupons du lieu et du service. Confiez-nous l&rsquo;organisation de votre formation continue, de votre formation, de votre congr\u00e8s ou de votre s\u00e9minaire.<\/p>\n<p style=\"text-align: left;\">T\u00e9l\u00e9chargez ici notre <a href=\"https:\/\/www.linslerhof.de\/wp-content\/uploads\/2025\/05\/Tagungsmappe-2025.pdf\"><strong>D\u00e9pliant d&rsquo;information<\/strong><\/a> \u00e0 t\u00e9l\u00e9charger ! D\u00e9couvrez nos offres pour un forfait conf\u00e9rence avec ou sans nuit\u00e9e \u00e0 l&rsquo;h\u00f4tel. En tant qu&rsquo;<strong data-start=\"321\" data-end=\"342\">h\u00f4tel de r\u00e9union MICE<\/strong> polyvalent, nous combinons des \u00e9quipements modernes avec une ambiance historique et cr\u00e9ons ainsi le cadre parfait pour vos \u00e9v\u00e9nements professionnels en Sarre.<\/p>\n<\/div><\/div><\/div><\/div><\/div><\/div><\/div><\/div><\/div><\/div><\/div><\/section><section class=\"l-section wpb_row us_custom_1abdb309 height_medium\"><div class=\"l-section-h i-cf\"><div class=\"g-cols vc_row via_flex valign_top type_default stacking_default\"><div class=\"vc_col-sm-12 wpb_column vc_column_container\"><div class=\"vc_column-inner\"><div class=\"wpb_wrapper\"><div class=\"g-cols wpb_row via_flex valign_bottom type_boxes stacking_default\" style=\"--additional-gap:5px;\"><div class=\"vc_col-sm-4 wpb_column vc_column_container fs-linked-col has_bg_color has-link\"><div class=\"vc_column-inner us_custom_bd33c70c\"><div class=\"wpb_wrapper\"><div id=\"ultimate-heading-87476a0323ab78631\" class=\"uvc-heading ult-adjust-bottom-margin ultimate-heading-87476a0323ab78631 uvc-9901 fs-box-heading fs-big-height\" data-hspacer=\"no_spacer\"  data-halign=\"center\" style=\"text-align:center\"><div class=\"uvc-heading-spacer no_spacer\" style=\"top\"><\/div><div class=\"uvc-sub-heading ult-responsive\"  data-ultimate-target='.uvc-heading.ultimate-heading-87476a0323ab78631 .uvc-sub-heading '  data-responsive-json-new='{\"font-size\":\"\",\"line-height\":\"\"}'  style=\"font-weight:normal;\">\n<h2><strong><span style=\"text-transform: uppercase;\">Offre de r\u00e9union au Linslerhof \u00ab BASIC \u00bb.<\/span><\/strong><span style=\"text-transform: uppercase;\"><br \/>\n\u00e0 partir de 39,50 \u20ac \/ personne<\/span><br \/>\n&gt;&gt; D\u00e9tails &amp; R\u00e9servation<\/h2>\n<\/div><\/div><div class=\"w-separator us_custom_60ff3cc3 hide_on_default hide_on_laptops hide_on_tablets size_small\"><\/div><\/div><\/div><a href=\"https:\/\/www.linslerhof.de\/fr\/reunions\/offre-de-reunion\/offre-de-reunion-linslerhof-basic\/\" class=\"vc_column-link smooth-scroll\" aria-label=\"Lien\"><\/a><\/div><div class=\"vc_col-sm-4 wpb_column vc_column_container fs-linked-col  has_bg_color has-link\"><div class=\"vc_column-inner us_custom_17e36046 us_animate_this\"><div class=\"wpb_wrapper\"><div id=\"ultimate-heading-22646a0323ab789b7\" class=\"uvc-heading ult-adjust-bottom-margin ultimate-heading-22646a0323ab789b7 uvc-1171 fs-box-heading fs-big-height\" data-hspacer=\"no_spacer\"  data-halign=\"center\" style=\"text-align:center\"><div class=\"uvc-heading-spacer no_spacer\" style=\"top\"><\/div><div class=\"uvc-sub-heading ult-responsive\"  data-ultimate-target='.uvc-heading.ultimate-heading-22646a0323ab789b7 .uvc-sub-heading '  data-responsive-json-new='{\"font-size\":\"\",\"line-height\":\"\"}'  style=\"font-weight:normal;\">\n<h2><strong><span style=\"text-transform: uppercase;\">Offre de r\u00e9union au Linslerhof \u00ab Classic \u00bb.<\/span><\/strong><span style=\"text-transform: uppercase;\"><br \/>\n\u00e0 partir de 83,50 \u20ac \/ personne<\/span><br \/>\n&gt;&gt; D\u00e9tails &amp; R\u00e9servation<\/h2>\n<\/div><\/div><div class=\"w-separator us_custom_60ff3cc3 hide_on_default hide_on_laptops hide_on_tablets size_small\"><\/div><\/div><\/div><a title=\"Salles de r\u00e9union\" href=\"https:\/\/www.linslerhof.de\/fr\/reunions\/offre-de-reunion\/offre-de-congres-linslerhof-classic\/\" class=\"vc_column-link smooth-scroll\"><\/a><\/div><div class=\"vc_col-sm-4 wpb_column vc_column_container fs-linked-col  has_bg_color has-link\"><div class=\"vc_column-inner us_custom_72fa85d3 us_animate_this\"><div class=\"wpb_wrapper\"><div id=\"ultimate-heading-52236a0323ab78bab\" class=\"uvc-heading ult-adjust-bottom-margin ultimate-heading-52236a0323ab78bab uvc-3186 fs-box-heading fs-big-height\" data-hspacer=\"no_spacer\"  data-halign=\"center\" style=\"text-align:center\"><div class=\"uvc-heading-spacer no_spacer\" style=\"top\"><\/div><div class=\"uvc-sub-heading ult-responsive\"  data-ultimate-target='.uvc-heading.ultimate-heading-52236a0323ab78bab .uvc-sub-heading '  data-responsive-json-new='{\"font-size\":\"\",\"line-height\":\"\"}'  style=\"font-weight:normal;\">\n<h2><strong><span style=\"text-transform: uppercase;\">Offre de congr\u00e8s Linslerhof \u00ab\u00a0Vie \u00e0 la campagne<\/span><\/strong><span style=\"text-transform: uppercase;\"><br \/>\n\u00e0 partir de 99,50 \u20ac \/ personne<\/span><br \/>\n&gt;&gt; D\u00e9tails &amp; r\u00e9servation<\/h2>\n<\/div><\/div><\/div><\/div><a title=\"Salles de r\u00e9union\" href=\"https:\/\/www.linslerhof.de\/fr\/reunions\/offre-de-reunion\/offre-de-congres-vie-a-la-campagne\/\" class=\"vc_column-link smooth-scroll\"><\/a><\/div><\/div><\/div><\/div><\/div><\/div><\/div><\/section><section class=\"l-section wpb_row us_custom_1abdb309 height_medium\"><div class=\"l-section-h i-cf\"><div class=\"g-cols vc_row via_flex valign_top type_default stacking_default\"><div class=\"vc_col-sm-12 wpb_column vc_column_container\"><div class=\"vc_column-inner\"><div class=\"wpb_wrapper\"><div class=\"g-cols wpb_row via_flex valign_bottom type_boxes stacking_default\" style=\"--additional-gap:5px;\"><div class=\"vc_col-sm-4 wpb_column vc_column_container fs-linked-col  has_bg_color has-link\"><div class=\"vc_column-inner us_custom_effcf16c us_animate_this\"><div class=\"wpb_wrapper\"><div id=\"ultimate-heading-24516a0323ab78fc9\" class=\"uvc-heading ult-adjust-bottom-margin ultimate-heading-24516a0323ab78fc9 uvc-1991 fs-box-heading fs-big-height\" data-hspacer=\"no_spacer\"  data-halign=\"center\" style=\"text-align:center\"><div class=\"uvc-heading-spacer no_spacer\" style=\"top\"><\/div><div class=\"uvc-sub-heading ult-responsive\"  data-ultimate-target='.uvc-heading.ultimate-heading-24516a0323ab78fc9 .uvc-sub-heading '  data-responsive-json-new='{\"font-size\":\"\",\"line-height\":\"\"}'  style=\"font-weight:normal;\">\n<h2><strong><span style=\"text-transform: uppercase;\">Offre de congr\u00e8s Linslerhof \u00ab\u00a0sup\u00e9rieur<\/span><\/strong><span style=\"text-transform: uppercase;\"><br \/>\n\u00e0 partir de 163,- \u20ac \/ personne<\/span><br \/>\n&gt;&gt; D\u00e9tails &amp; R\u00e9servation<\/h2>\n<\/div><\/div><div class=\"w-separator us_custom_60ff3cc3 hide_on_default hide_on_laptops hide_on_tablets size_small\"><\/div><\/div><\/div><a title=\"Salles de r\u00e9union\" href=\"https:\/\/www.linslerhof.de\/fr\/reunions\/offre-de-reunion\/offre-de-congres-linslerhof-superior\/\" class=\"vc_column-link smooth-scroll\"><\/a><\/div><div class=\"vc_col-sm-4 wpb_column vc_column_container fs-linked-col has_bg_color has-link\"><div class=\"vc_column-inner us_custom_bd33c70c\"><div class=\"wpb_wrapper\"><div id=\"ultimate-heading-75016a0323ab79197\" class=\"uvc-heading ult-adjust-bottom-margin ultimate-heading-75016a0323ab79197 uvc-4786 fs-box-heading fs-big-height\" data-hspacer=\"no_spacer\"  data-halign=\"center\" style=\"text-align:center\"><div class=\"uvc-heading-spacer no_spacer\" style=\"top\"><\/div><div class=\"uvc-sub-heading ult-responsive\"  data-ultimate-target='.uvc-heading.ultimate-heading-75016a0323ab79197 .uvc-sub-heading '  data-responsive-json-new='{\"font-size\":\"\",\"line-height\":\"\"}'  style=\"font-weight:normal;\">\n<h2><strong><span style=\"text-transform: uppercase;\">Offre de r\u00e9union Linslerhof \u00ab\u00a0Premium<\/span><\/strong><span style=\"text-transform: uppercase;\"><br \/>\n\u00e0 partir de 317,40 \u20ac \/ personne<\/span><br \/>\n&gt;&gt; D\u00e9tails &amp; R\u00e9servation<\/h2>\n<\/div><\/div><div class=\"w-separator us_custom_60ff3cc3 hide_on_default hide_on_laptops hide_on_tablets size_small\"><\/div><\/div><\/div><a href=\"https:\/\/www.linslerhof.de\/fr\/reunions\/offre-de-reunion\/offre-de-reunion-linslerhof-premium\/\" class=\"vc_column-link smooth-scroll\" aria-label=\"Lien\"><\/a><\/div><div class=\"vc_col-sm-4 wpb_column vc_column_container fs-linked-col  has_bg_color has-link\"><div class=\"vc_column-inner us_custom_9d6ba08e us_animate_this\"><div class=\"wpb_wrapper\"><div id=\"ultimate-heading-27006a0323ab79357\" class=\"uvc-heading ult-adjust-bottom-margin ultimate-heading-27006a0323ab79357 uvc-8854 fs-box-heading fs-big-height\" data-hspacer=\"no_spacer\"  data-halign=\"center\" style=\"text-align:center\"><div class=\"uvc-heading-spacer no_spacer\" style=\"top\"><\/div><div class=\"uvc-sub-heading ult-responsive\"  data-ultimate-target='.uvc-heading.ultimate-heading-27006a0323ab79357 .uvc-sub-heading '  data-responsive-json-new='{\"font-size\":\"\",\"line-height\":\"\"}'  style=\"font-weight:normal;\">\n<h2><strong><span style=\"text-transform: uppercase;\">F\u00eates d&rsquo;entreprise au Linslerhof<\/span><br \/>\n<\/strong>&gt;&gt; Plus d&rsquo;informations<\/h2>\n<\/div><\/div><\/div><\/div><a title=\"Salles de r\u00e9union\" href=\"https:\/\/www.linslerhof.de\/fr\/evenements-dentreprise\/\" class=\"vc_column-link smooth-scroll\"><\/a><\/div><\/div><\/div><\/div><\/div><\/div><\/div><\/section><section class=\"l-section wpb_row us_custom_3fcb7a80 fs-title-row height_medium\"><div class=\"l-section-h i-cf\"><div class=\"g-cols vc_row via_flex valign_top type_boxes stacking_default\"><div class=\"vc_col-sm-12 wpb_column vc_column_container\"><div class=\"vc_column-inner us_custom_5af77061\"><div class=\"wpb_wrapper\"><div class=\"g-cols wpb_row us_custom_d19ec48c fs-inner-area via_flex valign_top type_default stacking_default\"><div class=\"vc_col-sm-12 wpb_column vc_column_container\"><div class=\"vc_column-inner us_custom_e645dbf4\"><div class=\"wpb_wrapper\"><div class=\"wpb_text_column us_custom_50cc7d67\"><div class=\"wpb_wrapper\"><h2 style=\"text-align: left;\"><strong>Nous nous ferons un plaisir de vous conseiller !<\/strong><\/h2>\n<p style=\"text-align: left;\">Notre responsable de congr\u00e8s est l&rsquo;interlocuteur id\u00e9al pour l&rsquo;organisation de votre congr\u00e8s. Vous pouvez nous joindre par t\u00e9l\u00e9phone au <strong><a href=\"tel:+4968368070\">06836-8070<\/a> <\/strong>et par e-mail \u00e0\u00a0<strong><a href=\"mailto:%20tagung@linslerhof.de\">tagung@linslerhof.de<\/a> <\/strong>ou utilisez notre formulaire de contact directement ici.<\/p>\n<\/div><\/div><\/div><\/div><\/div><\/div><\/div><\/div><\/div><\/div><\/div><\/section>\n","protected":false},"excerpt":{"rendered":"Offre de r\u00e9union Louez une salle de r\u00e9union pour votre offre de r\u00e9union personnelle. Nous nous occupons du lieu et du service. Confiez-nous l&rsquo;organisation de votre formation continue, de votre formation, de votre congr\u00e8s ou de votre s\u00e9minaire. T\u00e9l\u00e9chargez ici notre D\u00e9pliant d&rsquo;information \u00e0 t\u00e9l\u00e9charger ! D\u00e9couvrez nos offres pour un forfait conf\u00e9rence avec ou...","protected":false},"author":3,"featured_media":0,"parent":33327,"menu_order":0,"comment_status":"closed","ping_status":"closed","template":"","meta":{"footnotes":""},"class_list":["post-33366","page","type-page","status-publish","hentry"],"yoast_head":"<!-- This site is optimized with the Yoast SEO plugin v27.5 - https:\/\/yoast.com\/product\/yoast-seo-wordpress\/ -->\n<title>Offre de r\u00e9union | Linslerhof<\/title>\n<meta name=\"description\" content=\"Offres de r\u00e9union pour votre \u00e9v\u00e9nement d&#039;entreprise ou s\u00e9minaire dans le cadre idyllique du Linslerhof.\" \/>\n<meta name=\"robots\" content=\"index, follow, max-snippet:-1, max-image-preview:large, max-video-preview:-1\" \/>\n<link rel=\"canonical\" href=\"https:\/\/www.linslerhof.de\/fr\/reunions\/offre-de-reunion\/\" \/>\n<meta property=\"og:locale\" content=\"fr_FR\" \/>\n<meta property=\"og:type\" content=\"article\" \/>\n<meta property=\"og:title\" content=\"Offre de r\u00e9union | Linslerhof\" \/>\n<meta property=\"og:description\" content=\"Offres de r\u00e9union pour votre \u00e9v\u00e9nement d&#039;entreprise ou s\u00e9minaire dans le cadre idyllique du Linslerhof.\" \/>\n<meta property=\"og:url\" content=\"https:\/\/www.linslerhof.de\/fr\/reunions\/offre-de-reunion\/\" \/>\n<meta property=\"og:site_name\" content=\"Linslerhof\" \/>\n<meta property=\"article:publisher\" content=\"https:\/\/www.facebook.com\/Linslerhof\" \/>\n<meta property=\"article:modified_time\" content=\"2026-01-22T09:47:49+00:00\" \/>\n<meta name=\"twitter:card\" content=\"summary_large_image\" \/>\n<meta name=\"twitter:label1\" content=\"Dur\u00e9e de lecture estim\u00e9e\" \/>\n\t<meta name=\"twitter:data1\" content=\"2 minutes\" \/>\n<script type=\"application\/ld+json\" class=\"yoast-schema-graph\">{\"@context\":\"https:\\\/\\\/schema.org\",\"@graph\":[{\"@type\":\"WebPage\",\"@id\":\"https:\\\/\\\/www.linslerhof.de\\\/fr\\\/reunions\\\/offre-de-reunion\\\/\",\"url\":\"https:\\\/\\\/www.linslerhof.de\\\/fr\\\/reunions\\\/offre-de-reunion\\\/\",\"name\":\"Offre de r\u00e9union | Linslerhof\",\"isPartOf\":{\"@id\":\"https:\\\/\\\/www.linslerhof.de\\\/fr\\\/#website\"},\"datePublished\":\"2018-11-18T08:30:02+00:00\",\"dateModified\":\"2026-01-22T09:47:49+00:00\",\"description\":\"Offres de r\u00e9union pour votre \u00e9v\u00e9nement d'entreprise ou s\u00e9minaire dans le cadre idyllique du Linslerhof.\",\"breadcrumb\":{\"@id\":\"https:\\\/\\\/www.linslerhof.de\\\/fr\\\/reunions\\\/offre-de-reunion\\\/#breadcrumb\"},\"inLanguage\":\"fr-FR\",\"potentialAction\":[{\"@type\":\"ReadAction\",\"target\":[\"https:\\\/\\\/www.linslerhof.de\\\/fr\\\/reunions\\\/offre-de-reunion\\\/\"]}]},{\"@type\":\"BreadcrumbList\",\"@id\":\"https:\\\/\\\/www.linslerhof.de\\\/fr\\\/reunions\\\/offre-de-reunion\\\/#breadcrumb\",\"itemListElement\":[{\"@type\":\"ListItem\",\"position\":1,\"name\":\"Startseite\",\"item\":\"https:\\\/\\\/www.linslerhof.de\\\/fr\\\/hotel-4-etoiles-en-sarre\\\/\"},{\"@type\":\"ListItem\",\"position\":2,\"name\":\"R\u00e9unions\",\"item\":\"https:\\\/\\\/www.linslerhof.de\\\/fr\\\/reunions\\\/\"},{\"@type\":\"ListItem\",\"position\":3,\"name\":\"Offre de r\u00e9union\"}]},{\"@type\":\"WebSite\",\"@id\":\"https:\\\/\\\/www.linslerhof.de\\\/fr\\\/#website\",\"url\":\"https:\\\/\\\/www.linslerhof.de\\\/fr\\\/\",\"name\":\"Linslerhof\",\"description\":\"Historischer Gutshof\",\"publisher\":{\"@id\":\"https:\\\/\\\/www.linslerhof.de\\\/fr\\\/#organization\"},\"potentialAction\":[{\"@type\":\"SearchAction\",\"target\":{\"@type\":\"EntryPoint\",\"urlTemplate\":\"https:\\\/\\\/www.linslerhof.de\\\/fr\\\/?s={search_term_string}\"},\"query-input\":{\"@type\":\"PropertyValueSpecification\",\"valueRequired\":true,\"valueName\":\"search_term_string\"}}],\"inLanguage\":\"fr-FR\"},{\"@type\":\"Organization\",\"@id\":\"https:\\\/\\\/www.linslerhof.de\\\/fr\\\/#organization\",\"name\":\"Linslerhof\",\"url\":\"https:\\\/\\\/www.linslerhof.de\\\/fr\\\/\",\"logo\":{\"@type\":\"ImageObject\",\"inLanguage\":\"fr-FR\",\"@id\":\"https:\\\/\\\/www.linslerhof.de\\\/fr\\\/#\\\/schema\\\/logo\\\/image\\\/\",\"url\":\"https:\\\/\\\/www.linslerhof.de\\\/wp-content\\\/uploads\\\/2020\\\/12\\\/Logo_2020.png\",\"contentUrl\":\"https:\\\/\\\/www.linslerhof.de\\\/wp-content\\\/uploads\\\/2020\\\/12\\\/Logo_2020.png\",\"width\":466,\"height\":300,\"caption\":\"Linslerhof\"},\"image\":{\"@id\":\"https:\\\/\\\/www.linslerhof.de\\\/fr\\\/#\\\/schema\\\/logo\\\/image\\\/\"},\"sameAs\":[\"https:\\\/\\\/www.facebook.com\\\/Linslerhof\",\"https:\\\/\\\/www.instagram.com\\\/linslerhof\\\/\"]}]}<\/script>\n<!-- \/ Yoast SEO plugin. -->","yoast_head_json":{"title":"Offre de r\u00e9union | Linslerhof","description":"Offres de r\u00e9union pour votre \u00e9v\u00e9nement d'entreprise ou s\u00e9minaire dans le cadre idyllique du Linslerhof.","robots":{"index":"index","follow":"follow","max-snippet":"max-snippet:-1","max-image-preview":"max-image-preview:large","max-video-preview":"max-video-preview:-1"},"canonical":"https:\/\/www.linslerhof.de\/fr\/reunions\/offre-de-reunion\/","og_locale":"fr_FR","og_type":"article","og_title":"Offre de r\u00e9union | Linslerhof","og_description":"Offres de r\u00e9union pour votre \u00e9v\u00e9nement d'entreprise ou s\u00e9minaire dans le cadre idyllique du Linslerhof.","og_url":"https:\/\/www.linslerhof.de\/fr\/reunions\/offre-de-reunion\/","og_site_name":"Linslerhof","article_publisher":"https:\/\/www.facebook.com\/Linslerhof","article_modified_time":"2026-01-22T09:47:49+00:00","twitter_card":"summary_large_image","twitter_misc":{"Dur\u00e9e de lecture estim\u00e9e":"2 minutes"},"schema":{"@context":"https:\/\/schema.org","@graph":[{"@type":"WebPage","@id":"https:\/\/www.linslerhof.de\/fr\/reunions\/offre-de-reunion\/","url":"https:\/\/www.linslerhof.de\/fr\/reunions\/offre-de-reunion\/","name":"Offre de r\u00e9union | Linslerhof","isPartOf":{"@id":"https:\/\/www.linslerhof.de\/fr\/#website"},"datePublished":"2018-11-18T08:30:02+00:00","dateModified":"2026-01-22T09:47:49+00:00","description":"Offres de r\u00e9union pour votre \u00e9v\u00e9nement d'entreprise ou s\u00e9minaire dans le cadre idyllique du Linslerhof.","breadcrumb":{"@id":"https:\/\/www.linslerhof.de\/fr\/reunions\/offre-de-reunion\/#breadcrumb"},"inLanguage":"fr-FR","potentialAction":[{"@type":"ReadAction","target":["https:\/\/www.linslerhof.de\/fr\/reunions\/offre-de-reunion\/"]}]},{"@type":"BreadcrumbList","@id":"https:\/\/www.linslerhof.de\/fr\/reunions\/offre-de-reunion\/#breadcrumb","itemListElement":[{"@type":"ListItem","position":1,"name":"Startseite","item":"https:\/\/www.linslerhof.de\/fr\/hotel-4-etoiles-en-sarre\/"},{"@type":"ListItem","position":2,"name":"R\u00e9unions","item":"https:\/\/www.linslerhof.de\/fr\/reunions\/"},{"@type":"ListItem","position":3,"name":"Offre de r\u00e9union"}]},{"@type":"WebSite","@id":"https:\/\/www.linslerhof.de\/fr\/#website","url":"https:\/\/www.linslerhof.de\/fr\/","name":"Linslerhof","description":"Historischer Gutshof","publisher":{"@id":"https:\/\/www.linslerhof.de\/fr\/#organization"},"potentialAction":[{"@type":"SearchAction","target":{"@type":"EntryPoint","urlTemplate":"https:\/\/www.linslerhof.de\/fr\/?s={search_term_string}"},"query-input":{"@type":"PropertyValueSpecification","valueRequired":true,"valueName":"search_term_string"}}],"inLanguage":"fr-FR"},{"@type":"Organization","@id":"https:\/\/www.linslerhof.de\/fr\/#organization","name":"Linslerhof","url":"https:\/\/www.linslerhof.de\/fr\/","logo":{"@type":"ImageObject","inLanguage":"fr-FR","@id":"https:\/\/www.linslerhof.de\/fr\/#\/schema\/logo\/image\/","url":"https:\/\/www.linslerhof.de\/wp-content\/uploads\/2020\/12\/Logo_2020.png","contentUrl":"https:\/\/www.linslerhof.de\/wp-content\/uploads\/2020\/12\/Logo_2020.png","width":466,"height":300,"caption":"Linslerhof"},"image":{"@id":"https:\/\/www.linslerhof.de\/fr\/#\/schema\/logo\/image\/"},"sameAs":["https:\/\/www.facebook.com\/Linslerhof","https:\/\/www.instagram.com\/linslerhof\/"]}]}},"_links":{"self":[{"href":"https:\/\/www.linslerhof.de\/fr\/wp-json\/wp\/v2\/pages\/33366","targetHints":{"allow":["GET"]}}],"collection":[{"href":"https:\/\/www.linslerhof.de\/fr\/wp-json\/wp\/v2\/pages"}],"about":[{"href":"https:\/\/www.linslerhof.de\/fr\/wp-json\/wp\/v2\/types\/page"}],"author":[{"embeddable":true,"href":"https:\/\/www.linslerhof.de\/fr\/wp-json\/wp\/v2\/users\/3"}],"replies":[{"embeddable":true,"href":"https:\/\/www.linslerhof.de\/fr\/wp-json\/wp\/v2\/comments?post=33366"}],"version-history":[{"count":37,"href":"https:\/\/www.linslerhof.de\/fr\/wp-json\/wp\/v2\/pages\/33366\/revisions"}],"predecessor-version":[{"id":47186,"href":"https:\/\/www.linslerhof.de\/fr\/wp-json\/wp\/v2\/pages\/33366\/revisions\/47186"}],"up":[{"embeddable":true,"href":"https:\/\/www.linslerhof.de\/fr\/wp-json\/wp\/v2\/pages\/33327"}],"wp:attachment":[{"href":"https:\/\/www.linslerhof.de\/fr\/wp-json\/wp\/v2\/media?parent=33366"}],"curies":[{"name":"wp","href":"https:\/\/api.w.org\/{rel}","templated":true}]}}