{"id":33384,"date":"2018-11-19T17:26:15","date_gmt":"2018-11-19T16:26:15","guid":{"rendered":"https:\/\/dev.linslerhof.de\/contact-demandes\/bulletin-dinformation\/"},"modified":"2025-08-12T10:15:16","modified_gmt":"2025-08-12T08:15:16","slug":"bulletin-dinformation","status":"publish","type":"page","link":"https:\/\/www.linslerhof.de\/fr\/contact\/bulletin-dinformation\/","title":{"rendered":"Bulletin d&rsquo;information"},"content":{"rendered":"<section class=\"l-section wpb_row us_custom_8d4f5dab height_medium\"><div class=\"l-section-h i-cf\"><div class=\"g-cols vc_row via_flex valign_top type_boxes stacking_default\"><div class=\"vc_col-sm-12 wpb_column vc_column_container fs-page-header-area fs-landscape has_bg_color\"><div class=\"vc_column-inner us_custom_562d16b5\"><div class=\"wpb_wrapper\"><\/div><\/div><\/div><\/div><\/div><\/section><section class=\"l-section wpb_row us_custom_3fcb7a80 fs-title-row height_medium\"><div class=\"l-section-h i-cf\"><div class=\"g-cols vc_row via_flex valign_top type_boxes stacking_default\"><div class=\"vc_col-sm-12 wpb_column vc_column_container\"><div class=\"vc_column-inner us_custom_5af77061\"><div class=\"wpb_wrapper\"><div class=\"g-cols wpb_row us_custom_d19ec48c fs-inner-area via_flex valign_top type_default stacking_default\"><div class=\"vc_col-sm-12 wpb_column vc_column_container\"><div class=\"vc_column-inner us_custom_e645dbf4\"><div class=\"wpb_wrapper\">[vc_custom_heading text=\u00a0\u00bb<strong>Bulletin d&apos;information<\/strong>\u00a0\u00bb font_container=\u00a0\u00bbtag:h1|font_size:45px|text_align:center|line_height:1.1em\u00a0\u00bb use_theme_fonts=\u00a0\u00bbyes\u00a0\u00bb css=\u00a0\u00bb%7B%22default%22%3A%7B%22margin-top%22%3A%2220px%22%2C%22margin-bottom%22%3A%2220px%22%2C%22font-size%22%3A%2245px%22%2C%22line-height%22%3A%221.1em%22%7D%7D\u00a0\u00bb]<div class=\"wpb_text_column us_custom_50cc7d67\"><div class=\"wpb_wrapper\"><h2 style=\"text-align: center;\">Toujours \u00e0 la pointe de l&rsquo;actualit\u00e9<\/h2>\n<p style=\"text-align: center;\">Ne manquez aucune nouvelle ! Dans notre newsletter, nous vous informons environ deux fois par mois des offres actuelles, de notre menu et des \u00e9v\u00e9nements de la ferme. Vous pouvez vous d\u00e9sinscrire \u00e0 tout moment sans probl\u00e8me &#8211; vous trouverez un lien de d\u00e9sinscription dans chaque newsletter.  <\/p>\n<\/div><\/div>[vc_raw_html]PHNjcmlwdCBpZD0ibjJnX3NjcmlwdCI+IWZ1bmN0aW9uKGUsdCxuLGMscixhLGkpe2UuTmV3c2xldHRlcjJHb1RyYWNraW5nT2JqZWN0PXIsZVtyXT1lW3JdfHxmdW5jdGlvbigpeyhlW3JdLnE9ZVtyXS5xfHxbXSkucHVzaChhcmd1bWVudHMpfSxlW3JdLmw9MSpuZXcgRGF0ZSxhPXQuY3JlYXRlRWxlbWVudChuKSxpPXQuZ2V0RWxlbWVudHNCeVRhZ05hbWUobilbMF0sYS5hc3luYz0xLGEuc3JjPWMsaS5wYXJlbnROb2RlLmluc2VydEJlZm9yZShhLGkpfSh3aW5kb3csZG9jdW1lbnQsInNjcmlwdCIsImh0dHBzOi8vc3RhdGljLm5ld3NsZXR0ZXIyZ28uY29tL3V0aWxzLmpzIiwibjJnIik7CnZhciBjb25maWcgPSAKeyJjb250YWluZXIiOiB7InR5cGUiOiAiZGl2IiwiY2xhc3MiOiAiIiwic3R5bGUiOiAiIn0sCiJyb3ciOiB7InR5cGUiOiAiZGl2IiwiY2xhc3MiOiAiIiwic3R5bGUiOiAibWFyZ2luLXRvcDogMTVweDsifSwKImNvbHVtbkxlZnQiOiB7InR5cGUiOiAiZGl2IiwiY2xhc3MiOiAiIiwic3R5bGUiOiAiIn0sCiJjb2x1bW5SaWdodCI6IHsidHlwZSI6ICJkaXYiLCJjbGFzcyI6ICIiLCJzdHlsZSI6ICIifSwKICAgImJ1dHRvbiI6IHsKICAgICAgICAidHlwZSI6ICJidXR0b24iLAogICAgICAgICJjbGFzcyI6ICIiLAogICAgICAgICJpZCI6ICIiLAogICAgICAgICJzdHlsZSI6ICJiYWNrZ3JvdW5kLWNvbG9yOiAjZDc0ODA4OyBib3JkZXI6IG5vbmU7IGJvcmRlci1yYWRpdXM6IDRweDsgcGFkZGluZzogMTBweCAyMHB4OyBjb2xvcjogI2ZmZmZmZjsgbWFyZ2luLXRvcDogMjBweDsgY3Vyc29yOiBwb2ludGVyOyIKICAgIH0sCiJsYWJlbCI6IHsidHlwZSI6ICJsYWJlbCIsImNsYXNzIjogIiIsInN0eWxlIjogIiJ9fTsKbjJnKCdjcmVhdGUnLCAna2Y0cmE2a24tZjlvZDNvYjctbGpvJyk7bjJnKCdzdWJzY3JpYmU6Y3JlYXRlRm9ybScsIGNvbmZpZyk7PC9zY3JpcHQ+[\/vc_raw_html]<\/div><\/div><\/div><\/div><\/div><\/div><\/div><\/div><\/div><\/section>\n","protected":false},"excerpt":{"rendered":"[vc_custom_heading text=\"Bulletin d&apos;information\" font_container=\"tag:h1|font_size:45px|text_align:center|line_height:1.1em\" use_theme_fonts=\"yes\" css=\"%7B%22default%22%3A%7B%22margin-top%22%3A%2220px%22%2C%22margin-bottom%22%3A%2220px%22%2C%22font-size%22%3A%2245px%22%2C%22line-height%22%3A%221.1em%22%7D%7D\"]Toujours \u00e0 la pointe de l&rsquo;actualit\u00e9 Ne manquez aucune nouvelle ! Dans notre newsletter, nous vous informons environ deux fois par mois des offres actuelles, de notre menu et des \u00e9v\u00e9nements de la ferme. Vous pouvez vous d\u00e9sinscrire \u00e0 tout moment sans probl\u00e8me &#8211; vous trouverez un lien de d\u00e9sinscription...","protected":false},"author":3,"featured_media":0,"parent":33382,"menu_order":1,"comment_status":"closed","ping_status":"closed","template":"","meta":{"footnotes":""},"class_list":["post-33384","page","type-page","status-publish","hentry"],"yoast_head":"<!-- This site is optimized with the Yoast SEO plugin v27.6 - https:\/\/yoast.com\/product\/yoast-seo-wordpress\/ -->\n<title>Bulletin d&#039;information | Linslerhof<\/title>\n<meta name=\"description\" content=\"Inscrivez-vous \u00e0 notre newsletter et soyez les premiers inform\u00e9s des offres actuelles et des nouveaut\u00e9s !\" \/>\n<meta name=\"robots\" content=\"index, follow, max-snippet:-1, max-image-preview:large, max-video-preview:-1\" \/>\n<link rel=\"canonical\" href=\"https:\/\/www.linslerhof.de\/fr\/contact\/bulletin-dinformation\/\" \/>\n<meta property=\"og:locale\" content=\"fr_FR\" \/>\n<meta property=\"og:type\" content=\"article\" \/>\n<meta property=\"og:title\" content=\"Bulletin d&#039;information | Linslerhof\" \/>\n<meta property=\"og:description\" content=\"Inscrivez-vous \u00e0 notre newsletter et soyez les premiers inform\u00e9s des offres actuelles et des nouveaut\u00e9s !\" \/>\n<meta property=\"og:url\" content=\"https:\/\/www.linslerhof.de\/fr\/contact\/bulletin-dinformation\/\" \/>\n<meta property=\"og:site_name\" content=\"Linslerhof\" \/>\n<meta property=\"article:publisher\" content=\"https:\/\/www.facebook.com\/Linslerhof\" \/>\n<meta property=\"article:modified_time\" content=\"2025-08-12T08:15:16+00:00\" \/>\n<meta name=\"twitter:card\" content=\"summary_large_image\" \/>\n<meta name=\"twitter:label1\" content=\"Dur\u00e9e de lecture estim\u00e9e\" \/>\n\t<meta name=\"twitter:data1\" content=\"1 minute\" \/>\n<script type=\"application\/ld+json\" class=\"yoast-schema-graph\">{\"@context\":\"https:\\\/\\\/schema.org\",\"@graph\":[{\"@type\":\"WebPage\",\"@id\":\"https:\\\/\\\/www.linslerhof.de\\\/fr\\\/contact\\\/bulletin-dinformation\\\/\",\"url\":\"https:\\\/\\\/www.linslerhof.de\\\/fr\\\/contact\\\/bulletin-dinformation\\\/\",\"name\":\"Bulletin d'information | Linslerhof\",\"isPartOf\":{\"@id\":\"https:\\\/\\\/www.linslerhof.de\\\/fr\\\/#website\"},\"datePublished\":\"2018-11-19T16:26:15+00:00\",\"dateModified\":\"2025-08-12T08:15:16+00:00\",\"description\":\"Inscrivez-vous \u00e0 notre newsletter et soyez les premiers inform\u00e9s des offres actuelles et des nouveaut\u00e9s !\",\"breadcrumb\":{\"@id\":\"https:\\\/\\\/www.linslerhof.de\\\/fr\\\/contact\\\/bulletin-dinformation\\\/#breadcrumb\"},\"inLanguage\":\"fr-FR\",\"potentialAction\":[{\"@type\":\"ReadAction\",\"target\":[\"https:\\\/\\\/www.linslerhof.de\\\/fr\\\/contact\\\/bulletin-dinformation\\\/\"]}]},{\"@type\":\"BreadcrumbList\",\"@id\":\"https:\\\/\\\/www.linslerhof.de\\\/fr\\\/contact\\\/bulletin-dinformation\\\/#breadcrumb\",\"itemListElement\":[{\"@type\":\"ListItem\",\"position\":1,\"name\":\"Startseite\",\"item\":\"https:\\\/\\\/www.linslerhof.de\\\/fr\\\/hotel-4-etoiles-en-sarre\\\/\"},{\"@type\":\"ListItem\",\"position\":2,\"name\":\"Contact\",\"item\":\"https:\\\/\\\/www.linslerhof.de\\\/fr\\\/contact\\\/\"},{\"@type\":\"ListItem\",\"position\":3,\"name\":\"Bulletin d&#8217;information\"}]},{\"@type\":\"WebSite\",\"@id\":\"https:\\\/\\\/www.linslerhof.de\\\/fr\\\/#website\",\"url\":\"https:\\\/\\\/www.linslerhof.de\\\/fr\\\/\",\"name\":\"Linslerhof\",\"description\":\"Historischer Gutshof\",\"publisher\":{\"@id\":\"https:\\\/\\\/www.linslerhof.de\\\/fr\\\/#organization\"},\"potentialAction\":[{\"@type\":\"SearchAction\",\"target\":{\"@type\":\"EntryPoint\",\"urlTemplate\":\"https:\\\/\\\/www.linslerhof.de\\\/fr\\\/?s={search_term_string}\"},\"query-input\":{\"@type\":\"PropertyValueSpecification\",\"valueRequired\":true,\"valueName\":\"search_term_string\"}}],\"inLanguage\":\"fr-FR\"},{\"@type\":\"Organization\",\"@id\":\"https:\\\/\\\/www.linslerhof.de\\\/fr\\\/#organization\",\"name\":\"Linslerhof\",\"url\":\"https:\\\/\\\/www.linslerhof.de\\\/fr\\\/\",\"logo\":{\"@type\":\"ImageObject\",\"inLanguage\":\"fr-FR\",\"@id\":\"https:\\\/\\\/www.linslerhof.de\\\/fr\\\/#\\\/schema\\\/logo\\\/image\\\/\",\"url\":\"https:\\\/\\\/www.linslerhof.de\\\/wp-content\\\/uploads\\\/2020\\\/12\\\/Logo_2020.png\",\"contentUrl\":\"https:\\\/\\\/www.linslerhof.de\\\/wp-content\\\/uploads\\\/2020\\\/12\\\/Logo_2020.png\",\"width\":466,\"height\":300,\"caption\":\"Linslerhof\"},\"image\":{\"@id\":\"https:\\\/\\\/www.linslerhof.de\\\/fr\\\/#\\\/schema\\\/logo\\\/image\\\/\"},\"sameAs\":[\"https:\\\/\\\/www.facebook.com\\\/Linslerhof\",\"https:\\\/\\\/www.instagram.com\\\/linslerhof\\\/\"]}]}<\/script>\n<!-- \/ Yoast SEO plugin. -->","yoast_head_json":{"title":"Bulletin d'information | Linslerhof","description":"Inscrivez-vous \u00e0 notre newsletter et soyez les premiers inform\u00e9s des offres actuelles et des nouveaut\u00e9s !","robots":{"index":"index","follow":"follow","max-snippet":"max-snippet:-1","max-image-preview":"max-image-preview:large","max-video-preview":"max-video-preview:-1"},"canonical":"https:\/\/www.linslerhof.de\/fr\/contact\/bulletin-dinformation\/","og_locale":"fr_FR","og_type":"article","og_title":"Bulletin d'information | Linslerhof","og_description":"Inscrivez-vous \u00e0 notre newsletter et soyez les premiers inform\u00e9s des offres actuelles et des nouveaut\u00e9s !","og_url":"https:\/\/www.linslerhof.de\/fr\/contact\/bulletin-dinformation\/","og_site_name":"Linslerhof","article_publisher":"https:\/\/www.facebook.com\/Linslerhof","article_modified_time":"2025-08-12T08:15:16+00:00","twitter_card":"summary_large_image","twitter_misc":{"Dur\u00e9e de lecture estim\u00e9e":"1 minute"},"schema":{"@context":"https:\/\/schema.org","@graph":[{"@type":"WebPage","@id":"https:\/\/www.linslerhof.de\/fr\/contact\/bulletin-dinformation\/","url":"https:\/\/www.linslerhof.de\/fr\/contact\/bulletin-dinformation\/","name":"Bulletin d'information | Linslerhof","isPartOf":{"@id":"https:\/\/www.linslerhof.de\/fr\/#website"},"datePublished":"2018-11-19T16:26:15+00:00","dateModified":"2025-08-12T08:15:16+00:00","description":"Inscrivez-vous \u00e0 notre newsletter et soyez les premiers inform\u00e9s des offres actuelles et des nouveaut\u00e9s !","breadcrumb":{"@id":"https:\/\/www.linslerhof.de\/fr\/contact\/bulletin-dinformation\/#breadcrumb"},"inLanguage":"fr-FR","potentialAction":[{"@type":"ReadAction","target":["https:\/\/www.linslerhof.de\/fr\/contact\/bulletin-dinformation\/"]}]},{"@type":"BreadcrumbList","@id":"https:\/\/www.linslerhof.de\/fr\/contact\/bulletin-dinformation\/#breadcrumb","itemListElement":[{"@type":"ListItem","position":1,"name":"Startseite","item":"https:\/\/www.linslerhof.de\/fr\/hotel-4-etoiles-en-sarre\/"},{"@type":"ListItem","position":2,"name":"Contact","item":"https:\/\/www.linslerhof.de\/fr\/contact\/"},{"@type":"ListItem","position":3,"name":"Bulletin d&#8217;information"}]},{"@type":"WebSite","@id":"https:\/\/www.linslerhof.de\/fr\/#website","url":"https:\/\/www.linslerhof.de\/fr\/","name":"Linslerhof","description":"Historischer Gutshof","publisher":{"@id":"https:\/\/www.linslerhof.de\/fr\/#organization"},"potentialAction":[{"@type":"SearchAction","target":{"@type":"EntryPoint","urlTemplate":"https:\/\/www.linslerhof.de\/fr\/?s={search_term_string}"},"query-input":{"@type":"PropertyValueSpecification","valueRequired":true,"valueName":"search_term_string"}}],"inLanguage":"fr-FR"},{"@type":"Organization","@id":"https:\/\/www.linslerhof.de\/fr\/#organization","name":"Linslerhof","url":"https:\/\/www.linslerhof.de\/fr\/","logo":{"@type":"ImageObject","inLanguage":"fr-FR","@id":"https:\/\/www.linslerhof.de\/fr\/#\/schema\/logo\/image\/","url":"https:\/\/www.linslerhof.de\/wp-content\/uploads\/2020\/12\/Logo_2020.png","contentUrl":"https:\/\/www.linslerhof.de\/wp-content\/uploads\/2020\/12\/Logo_2020.png","width":466,"height":300,"caption":"Linslerhof"},"image":{"@id":"https:\/\/www.linslerhof.de\/fr\/#\/schema\/logo\/image\/"},"sameAs":["https:\/\/www.facebook.com\/Linslerhof","https:\/\/www.instagram.com\/linslerhof\/"]}]}},"_links":{"self":[{"href":"https:\/\/www.linslerhof.de\/fr\/wp-json\/wp\/v2\/pages\/33384","targetHints":{"allow":["GET"]}}],"collection":[{"href":"https:\/\/www.linslerhof.de\/fr\/wp-json\/wp\/v2\/pages"}],"about":[{"href":"https:\/\/www.linslerhof.de\/fr\/wp-json\/wp\/v2\/types\/page"}],"author":[{"embeddable":true,"href":"https:\/\/www.linslerhof.de\/fr\/wp-json\/wp\/v2\/users\/3"}],"replies":[{"embeddable":true,"href":"https:\/\/www.linslerhof.de\/fr\/wp-json\/wp\/v2\/comments?post=33384"}],"version-history":[{"count":15,"href":"https:\/\/www.linslerhof.de\/fr\/wp-json\/wp\/v2\/pages\/33384\/revisions"}],"predecessor-version":[{"id":45007,"href":"https:\/\/www.linslerhof.de\/fr\/wp-json\/wp\/v2\/pages\/33384\/revisions\/45007"}],"up":[{"embeddable":true,"href":"https:\/\/www.linslerhof.de\/fr\/wp-json\/wp\/v2\/pages\/33382"}],"wp:attachment":[{"href":"https:\/\/www.linslerhof.de\/fr\/wp-json\/wp\/v2\/media?parent=33384"}],"curies":[{"name":"wp","href":"https:\/\/api.w.org\/{rel}","templated":true}]}}