{"id":33479,"date":"2020-05-27T16:57:10","date_gmt":"2020-05-27T14:57:10","guid":{"rendered":"https:\/\/dev.linslerhof.de\/mondes-dexperience\/les-abeilles-au-linslerhof\/"},"modified":"2026-02-19T10:50:36","modified_gmt":"2026-02-19T09:50:36","slug":"les-abeilles-au-linslerhof","status":"publish","type":"page","link":"https:\/\/www.linslerhof.de\/fr\/mondes-dexperience\/les-abeilles-au-linslerhof\/","title":{"rendered":"Les abeilles au Linslerhof"},"content":{"rendered":"<section class=\"l-section wpb_row us_custom_8d4f5dab height_medium\"><div class=\"l-section-h i-cf\"><div class=\"g-cols vc_row via_flex valign_top type_boxes stacking_default\"><div class=\"vc_col-sm-12 wpb_column vc_column_container fs-page-header-area fs-landscape has_bg_color\"><div class=\"vc_column-inner us_custom_008a4399\"><div class=\"wpb_wrapper\"><\/div><\/div><\/div><\/div><\/div><\/section><section class=\"l-section wpb_row us_custom_3fcb7a80 fs-title-row height_medium\"><div class=\"l-section-h i-cf\"><div class=\"g-cols vc_row via_flex valign_top type_boxes stacking_default\"><div class=\"vc_col-sm-12 wpb_column vc_column_container\"><div class=\"vc_column-inner us_custom_5af77061\"><div class=\"wpb_wrapper\"><div class=\"g-cols wpb_row us_custom_d19ec48c fs-inner-area via_flex valign_top type_default stacking_default\"><div class=\"vc_col-sm-12 wpb_column vc_column_container\"><div class=\"vc_column-inner us_custom_e645dbf4\"><div class=\"wpb_wrapper\">[vc_custom_heading text=\u00a0\u00bb<strong>Les abeilles<\/strong> au Linslerhof\u00a0\u00bb font_container=\u00a0\u00bbtag:h1|font_size:45px|text_align:center|line_height:1.1em\u00a0\u00bb use_theme_fonts=\u00a0\u00bbyes\u00a0\u00bb css=\u00a0\u00bb%7B%22default%22%3A%7B%22margin-top%22%3A%2220px%22%2C%22margin-bottom%22%3A%2220px%22%2C%22font-size%22%3A%2245px%22%2C%22line-height%22%3A%221.1em%22%7D%7D\u00a0\u00bb]<div class=\"wpb_text_column us_custom_50cc7d67\"><div class=\"wpb_wrapper\"><p class=\"p1\" style=\"text-align: left;\">Au Linslerhof, nous avons nos propres ruches, qui doivent contribuer \u00e0 garantir la <a href=\"https:\/\/www.linslerhof.de\/linslerhof\/umweltschutz-nachhaltigkeit\/\">biodiversit\u00e9<\/a> et qui g\u00e9n\u00e8rent, en tant que sous-produit, du miel pur et naturel du Linslerhof. De plus, il existe au Linslerhof des prairies favorables aux abeilles sauvages.<\/p>\n<\/div><\/div><\/div><\/div><\/div><\/div><\/div><\/div><\/div><\/div><\/div><\/section><section class=\"l-section wpb_row us_custom_33fe73d0 height_medium\"><div class=\"l-section-h i-cf\"><div class=\"g-cols vc_row via_flex valign_middle type_boxes stacking_default\" style=\"--additional-gap:10px;\"><div class=\"vc_col-sm-6 wpb_column vc_column_container  has_bg_color\"><div class=\"vc_column-inner us_custom_e7371f69 us_animate_this\"><div class=\"wpb_wrapper\"><\/div><\/div><\/div><div class=\"vc_col-sm-6 wpb_column vc_column_container has_bg_color\"><div class=\"vc_column-inner us_custom_94501421\"><div class=\"wpb_wrapper\">[vc_custom_heading text=\u00a0\u00bb<strong>Miel du Linslerhof<\/strong>\u00a0\u00bb use_theme_fonts=\u00a0\u00bbyes\u00a0\u00bb]<div class=\"wpb_text_column us_custom_50cc7d67\"><div class=\"wpb_wrapper\"><p class=\"p1\" style=\"text-align: left;\">Vous pouvez d\u00e9sormais acheter notre d\u00e9licieux miel du Linslerhof \u00e0 la r\u00e9ception de l&rsquo;h\u00f4tel ou en ligne. Le miel liquide dor\u00e9 <a href=\"https:\/\/www.bevonboch.com\/linslerhof\/linslerhof-honig\/linslerhof-honig-sommertracht_5000002_26953\"><strong>Miel d&rsquo;\u00e9t\u00e9 <\/strong><\/a>en pot de 250g sont le cadeau id\u00e9al \u00e0 rapporter du Linslerhof. Le miel est extrait et mis en pot directement sur place par notre apiculteur, M. Jorzyk.<\/p>\n<p><a href=\"https:\/\/www.bevonboch.com\/linslerhof\/linslerhof-honig\/linslerhof-honig-spaettracht_5000003_26954\"><span style=\"color: #d74808;\"><strong>&gt;&gt;  BOUTIQUE MAINTENANT<\/strong><\/span><\/a><\/p>\n<\/div><\/div><\/div><\/div><\/div><\/div><\/div><\/section><section class=\"l-section wpb_row us_custom_1abdb309 fs-section-reverse height_medium\"><div class=\"l-section-h i-cf\"><div class=\"g-cols vc_row via_flex valign_middle type_boxes stacking_default\" style=\"--additional-gap:10px;\"><div class=\"vc_col-sm-6 wpb_column vc_column_container has_bg_color\"><div class=\"vc_column-inner us_custom_94501421\"><div class=\"wpb_wrapper\">[vc_custom_heading text=\u00a0\u00bb<strong>Petits auxiliaires<\/strong>, grands effets\u00a0\u00bb use_theme_fonts=\u00a0\u00bbyes\u00a0\u00bb]<div class=\"wpb_text_column us_custom_50cc7d67\"><div class=\"wpb_wrapper\"><p class=\"p1\" style=\"text-align: left;\">Les abeilles ont toujours eu une grande importance pour l&rsquo;\u00e9cologie, la s\u00e9curit\u00e9 alimentaire, la soci\u00e9t\u00e9 et la culture. La pollinisation est essentielle au fonctionnement des \u00e9cosyst\u00e8mes.<br \/>\nCes \u00e9cosyst\u00e8mes et les organismes qu&rsquo;ils abritent fournissent, entre autres, de l&rsquo;oxyg\u00e8ne, de l&rsquo;eau propre, r\u00e9gulent le climat et fournissent des aliments et des m\u00e9dicaments, ce que l&rsquo;on appelle les services \u00e9cosyst\u00e9miques. Gr\u00e2ce \u00e0 leur service de pollinisation, ils jouent un r\u00f4le essentiel dans la garantie de la biodiversit\u00e9 et de la nourriture<br \/>\npour les mammif\u00e8res, les oiseaux et d&rsquo;autres \u00eatres vivants &#8211; et en fin de compte aussi pour les humains, confirme le Conseil mondial de la biodiversit\u00e9 des Nations unies (IPBES).  Une agriculture durable serait impensable sans la pollinisation par les abeilles. Les fruits et l\u00e9gumes, les graines, les noix et les plantes ol\u00e9agineuses pollinis\u00e9es par les abeilles contribuent de mani\u00e8re significative \u00e0 notre alimentation saine en nous fournissant des vitamines et des min\u00e9raux essentiels.<\/p>\n<\/div><\/div><\/div><\/div><\/div><div class=\"vc_col-sm-6 wpb_column vc_column_container  has_bg_color\"><div class=\"vc_column-inner us_custom_7c68b6d8 us_animate_this\"><div class=\"wpb_wrapper\"><\/div><\/div><\/div><\/div><\/div><\/section>\n","protected":false},"excerpt":{"rendered":"[vc_custom_heading text=\"Les abeilles au Linslerhof\" font_container=\"tag:h1|font_size:45px|text_align:center|line_height:1.1em\" use_theme_fonts=\"yes\" css=\"%7B%22default%22%3A%7B%22margin-top%22%3A%2220px%22%2C%22margin-bottom%22%3A%2220px%22%2C%22font-size%22%3A%2245px%22%2C%22line-height%22%3A%221.1em%22%7D%7D\"]Au Linslerhof, nous avons nos propres ruches, qui doivent contribuer \u00e0 garantir la biodiversit\u00e9 et qui g\u00e9n\u00e8rent, en tant que sous-produit, du miel pur et naturel du Linslerhof. De plus, il existe au Linslerhof des prairies favorables aux abeilles sauvages. [vc_custom_heading text=\"Miel du Linslerhof\" use_theme_fonts=\"yes\"]Vous pouvez d\u00e9sormais acheter...","protected":false},"author":3,"featured_media":0,"parent":33328,"menu_order":6,"comment_status":"closed","ping_status":"closed","template":"","meta":{"footnotes":""},"class_list":["post-33479","page","type-page","status-publish","hentry"],"yoast_head":"<!-- This site is optimized with the Yoast SEO plugin v27.4 - https:\/\/yoast.com\/product\/yoast-seo-wordpress\/ -->\n<title>Les abeilles au Linslerhof | Linslerhof<\/title>\n<meta name=\"description\" content=\"Au Linslerhof, nous avons nos propres ruches, qui doivent contribuer \u00e0 garantir la biodiversit\u00e9 et qui g\u00e9n\u00e8rent, en tant que sous-produit, du miel pur et naturel du Linslerhof.\" \/>\n<meta name=\"robots\" content=\"index, follow, max-snippet:-1, max-image-preview:large, max-video-preview:-1\" \/>\n<link rel=\"canonical\" href=\"https:\/\/www.linslerhof.de\/fr\/mondes-dexperience\/les-abeilles-au-linslerhof\/\" \/>\n<meta property=\"og:locale\" content=\"fr_FR\" \/>\n<meta property=\"og:type\" content=\"article\" \/>\n<meta property=\"og:title\" content=\"Les abeilles au Linslerhof | Linslerhof\" \/>\n<meta property=\"og:description\" content=\"Au Linslerhof, nous avons nos propres ruches, qui doivent contribuer \u00e0 garantir la biodiversit\u00e9 et qui g\u00e9n\u00e8rent, en tant que sous-produit, du miel pur et naturel du Linslerhof.\" \/>\n<meta property=\"og:url\" content=\"https:\/\/www.linslerhof.de\/fr\/mondes-dexperience\/les-abeilles-au-linslerhof\/\" \/>\n<meta property=\"og:site_name\" content=\"Linslerhof\" \/>\n<meta property=\"article:publisher\" content=\"https:\/\/www.facebook.com\/Linslerhof\" \/>\n<meta property=\"article:modified_time\" content=\"2026-02-19T09:50:36+00:00\" \/>\n<meta name=\"twitter:card\" content=\"summary_large_image\" \/>\n<meta name=\"twitter:label1\" content=\"Dur\u00e9e de lecture estim\u00e9e\" \/>\n\t<meta name=\"twitter:data1\" content=\"4 minutes\" \/>\n<script type=\"application\/ld+json\" class=\"yoast-schema-graph\">{\"@context\":\"https:\\\/\\\/schema.org\",\"@graph\":[{\"@type\":\"WebPage\",\"@id\":\"https:\\\/\\\/www.linslerhof.de\\\/fr\\\/mondes-dexperience\\\/les-abeilles-au-linslerhof\\\/\",\"url\":\"https:\\\/\\\/www.linslerhof.de\\\/fr\\\/mondes-dexperience\\\/les-abeilles-au-linslerhof\\\/\",\"name\":\"Les abeilles au Linslerhof | Linslerhof\",\"isPartOf\":{\"@id\":\"https:\\\/\\\/www.linslerhof.de\\\/fr\\\/#website\"},\"datePublished\":\"2020-05-27T14:57:10+00:00\",\"dateModified\":\"2026-02-19T09:50:36+00:00\",\"description\":\"Au Linslerhof, nous avons nos propres ruches, qui doivent contribuer \u00e0 garantir la biodiversit\u00e9 et qui g\u00e9n\u00e8rent, en tant que sous-produit, du miel pur et naturel du Linslerhof.\",\"breadcrumb\":{\"@id\":\"https:\\\/\\\/www.linslerhof.de\\\/fr\\\/mondes-dexperience\\\/les-abeilles-au-linslerhof\\\/#breadcrumb\"},\"inLanguage\":\"fr-FR\",\"potentialAction\":[{\"@type\":\"ReadAction\",\"target\":[\"https:\\\/\\\/www.linslerhof.de\\\/fr\\\/mondes-dexperience\\\/les-abeilles-au-linslerhof\\\/\"]}]},{\"@type\":\"BreadcrumbList\",\"@id\":\"https:\\\/\\\/www.linslerhof.de\\\/fr\\\/mondes-dexperience\\\/les-abeilles-au-linslerhof\\\/#breadcrumb\",\"itemListElement\":[{\"@type\":\"ListItem\",\"position\":1,\"name\":\"Startseite\",\"item\":\"https:\\\/\\\/www.linslerhof.de\\\/fr\\\/hotel-4-etoiles-en-sarre\\\/\"},{\"@type\":\"ListItem\",\"position\":2,\"name\":\"Mondes d&#8217;exp\u00e9rience\",\"item\":\"https:\\\/\\\/www.linslerhof.de\\\/fr\\\/mondes-dexperience\\\/\"},{\"@type\":\"ListItem\",\"position\":3,\"name\":\"Les abeilles au Linslerhof\"}]},{\"@type\":\"WebSite\",\"@id\":\"https:\\\/\\\/www.linslerhof.de\\\/fr\\\/#website\",\"url\":\"https:\\\/\\\/www.linslerhof.de\\\/fr\\\/\",\"name\":\"Linslerhof\",\"description\":\"Historischer Gutshof\",\"publisher\":{\"@id\":\"https:\\\/\\\/www.linslerhof.de\\\/fr\\\/#organization\"},\"potentialAction\":[{\"@type\":\"SearchAction\",\"target\":{\"@type\":\"EntryPoint\",\"urlTemplate\":\"https:\\\/\\\/www.linslerhof.de\\\/fr\\\/?s={search_term_string}\"},\"query-input\":{\"@type\":\"PropertyValueSpecification\",\"valueRequired\":true,\"valueName\":\"search_term_string\"}}],\"inLanguage\":\"fr-FR\"},{\"@type\":\"Organization\",\"@id\":\"https:\\\/\\\/www.linslerhof.de\\\/fr\\\/#organization\",\"name\":\"Linslerhof\",\"url\":\"https:\\\/\\\/www.linslerhof.de\\\/fr\\\/\",\"logo\":{\"@type\":\"ImageObject\",\"inLanguage\":\"fr-FR\",\"@id\":\"https:\\\/\\\/www.linslerhof.de\\\/fr\\\/#\\\/schema\\\/logo\\\/image\\\/\",\"url\":\"https:\\\/\\\/www.linslerhof.de\\\/wp-content\\\/uploads\\\/2020\\\/12\\\/Logo_2020.png\",\"contentUrl\":\"https:\\\/\\\/www.linslerhof.de\\\/wp-content\\\/uploads\\\/2020\\\/12\\\/Logo_2020.png\",\"width\":466,\"height\":300,\"caption\":\"Linslerhof\"},\"image\":{\"@id\":\"https:\\\/\\\/www.linslerhof.de\\\/fr\\\/#\\\/schema\\\/logo\\\/image\\\/\"},\"sameAs\":[\"https:\\\/\\\/www.facebook.com\\\/Linslerhof\",\"https:\\\/\\\/www.instagram.com\\\/linslerhof\\\/\"]}]}<\/script>\n<!-- \/ Yoast SEO plugin. -->","yoast_head_json":{"title":"Les abeilles au Linslerhof | Linslerhof","description":"Au Linslerhof, nous avons nos propres ruches, qui doivent contribuer \u00e0 garantir la biodiversit\u00e9 et qui g\u00e9n\u00e8rent, en tant que sous-produit, du miel pur et naturel du Linslerhof.","robots":{"index":"index","follow":"follow","max-snippet":"max-snippet:-1","max-image-preview":"max-image-preview:large","max-video-preview":"max-video-preview:-1"},"canonical":"https:\/\/www.linslerhof.de\/fr\/mondes-dexperience\/les-abeilles-au-linslerhof\/","og_locale":"fr_FR","og_type":"article","og_title":"Les abeilles au Linslerhof | Linslerhof","og_description":"Au Linslerhof, nous avons nos propres ruches, qui doivent contribuer \u00e0 garantir la biodiversit\u00e9 et qui g\u00e9n\u00e8rent, en tant que sous-produit, du miel pur et naturel du Linslerhof.","og_url":"https:\/\/www.linslerhof.de\/fr\/mondes-dexperience\/les-abeilles-au-linslerhof\/","og_site_name":"Linslerhof","article_publisher":"https:\/\/www.facebook.com\/Linslerhof","article_modified_time":"2026-02-19T09:50:36+00:00","twitter_card":"summary_large_image","twitter_misc":{"Dur\u00e9e de lecture estim\u00e9e":"4 minutes"},"schema":{"@context":"https:\/\/schema.org","@graph":[{"@type":"WebPage","@id":"https:\/\/www.linslerhof.de\/fr\/mondes-dexperience\/les-abeilles-au-linslerhof\/","url":"https:\/\/www.linslerhof.de\/fr\/mondes-dexperience\/les-abeilles-au-linslerhof\/","name":"Les abeilles au Linslerhof | Linslerhof","isPartOf":{"@id":"https:\/\/www.linslerhof.de\/fr\/#website"},"datePublished":"2020-05-27T14:57:10+00:00","dateModified":"2026-02-19T09:50:36+00:00","description":"Au Linslerhof, nous avons nos propres ruches, qui doivent contribuer \u00e0 garantir la biodiversit\u00e9 et qui g\u00e9n\u00e8rent, en tant que sous-produit, du miel pur et naturel du Linslerhof.","breadcrumb":{"@id":"https:\/\/www.linslerhof.de\/fr\/mondes-dexperience\/les-abeilles-au-linslerhof\/#breadcrumb"},"inLanguage":"fr-FR","potentialAction":[{"@type":"ReadAction","target":["https:\/\/www.linslerhof.de\/fr\/mondes-dexperience\/les-abeilles-au-linslerhof\/"]}]},{"@type":"BreadcrumbList","@id":"https:\/\/www.linslerhof.de\/fr\/mondes-dexperience\/les-abeilles-au-linslerhof\/#breadcrumb","itemListElement":[{"@type":"ListItem","position":1,"name":"Startseite","item":"https:\/\/www.linslerhof.de\/fr\/hotel-4-etoiles-en-sarre\/"},{"@type":"ListItem","position":2,"name":"Mondes d&#8217;exp\u00e9rience","item":"https:\/\/www.linslerhof.de\/fr\/mondes-dexperience\/"},{"@type":"ListItem","position":3,"name":"Les abeilles au Linslerhof"}]},{"@type":"WebSite","@id":"https:\/\/www.linslerhof.de\/fr\/#website","url":"https:\/\/www.linslerhof.de\/fr\/","name":"Linslerhof","description":"Historischer Gutshof","publisher":{"@id":"https:\/\/www.linslerhof.de\/fr\/#organization"},"potentialAction":[{"@type":"SearchAction","target":{"@type":"EntryPoint","urlTemplate":"https:\/\/www.linslerhof.de\/fr\/?s={search_term_string}"},"query-input":{"@type":"PropertyValueSpecification","valueRequired":true,"valueName":"search_term_string"}}],"inLanguage":"fr-FR"},{"@type":"Organization","@id":"https:\/\/www.linslerhof.de\/fr\/#organization","name":"Linslerhof","url":"https:\/\/www.linslerhof.de\/fr\/","logo":{"@type":"ImageObject","inLanguage":"fr-FR","@id":"https:\/\/www.linslerhof.de\/fr\/#\/schema\/logo\/image\/","url":"https:\/\/www.linslerhof.de\/wp-content\/uploads\/2020\/12\/Logo_2020.png","contentUrl":"https:\/\/www.linslerhof.de\/wp-content\/uploads\/2020\/12\/Logo_2020.png","width":466,"height":300,"caption":"Linslerhof"},"image":{"@id":"https:\/\/www.linslerhof.de\/fr\/#\/schema\/logo\/image\/"},"sameAs":["https:\/\/www.facebook.com\/Linslerhof","https:\/\/www.instagram.com\/linslerhof\/"]}]}},"_links":{"self":[{"href":"https:\/\/www.linslerhof.de\/fr\/wp-json\/wp\/v2\/pages\/33479","targetHints":{"allow":["GET"]}}],"collection":[{"href":"https:\/\/www.linslerhof.de\/fr\/wp-json\/wp\/v2\/pages"}],"about":[{"href":"https:\/\/www.linslerhof.de\/fr\/wp-json\/wp\/v2\/types\/page"}],"author":[{"embeddable":true,"href":"https:\/\/www.linslerhof.de\/fr\/wp-json\/wp\/v2\/users\/3"}],"replies":[{"embeddable":true,"href":"https:\/\/www.linslerhof.de\/fr\/wp-json\/wp\/v2\/comments?post=33479"}],"version-history":[{"count":22,"href":"https:\/\/www.linslerhof.de\/fr\/wp-json\/wp\/v2\/pages\/33479\/revisions"}],"predecessor-version":[{"id":47567,"href":"https:\/\/www.linslerhof.de\/fr\/wp-json\/wp\/v2\/pages\/33479\/revisions\/47567"}],"up":[{"embeddable":true,"href":"https:\/\/www.linslerhof.de\/fr\/wp-json\/wp\/v2\/pages\/33328"}],"wp:attachment":[{"href":"https:\/\/www.linslerhof.de\/fr\/wp-json\/wp\/v2\/media?parent=33479"}],"curies":[{"name":"wp","href":"https:\/\/api.w.org\/{rel}","templated":true}]}}