{"id":33480,"date":"2020-05-29T10:03:12","date_gmt":"2020-05-29T08:03:12","guid":{"rendered":"https:\/\/dev.linslerhof.de\/linslerhof\/blog\/"},"modified":"2025-10-01T15:18:07","modified_gmt":"2025-10-01T13:18:07","slug":"blog","status":"publish","type":"page","link":"https:\/\/www.linslerhof.de\/fr\/linslerhof\/blog\/","title":{"rendered":"Blog"},"content":{"rendered":"<section class=\"l-section wpb_row us_custom_8d4f5dab height_medium\"><div class=\"l-section-h i-cf\"><div class=\"g-cols vc_row via_flex valign_top type_boxes stacking_default\"><div class=\"vc_col-sm-12 wpb_column vc_column_container fs-page-header-area fs-landscape has_bg_color\"><div class=\"vc_column-inner us_custom_4bb9c97b\"><div class=\"wpb_wrapper\"><\/div><\/div><\/div><\/div><\/div><\/section><section class=\"l-section wpb_row us_custom_3fcb7a80 fs-title-row height_medium\"><div class=\"l-section-h i-cf\"><div class=\"g-cols vc_row via_flex valign_top type_boxes stacking_default\"><div class=\"vc_col-sm-12 wpb_column vc_column_container\"><div class=\"vc_column-inner us_custom_5af77061\"><div class=\"wpb_wrapper\"><div class=\"g-cols wpb_row us_custom_d19ec48c fs-inner-area via_flex valign_top type_default stacking_default\"><div class=\"vc_col-sm-12 wpb_column vc_column_container\"><div class=\"vc_column-inner us_custom_e645dbf4\"><div class=\"wpb_wrapper\">[vc_custom_heading text=\u00a0\u00bb<strong> Blog<\/strong> du Linslerhof\u00a0\u00bb font_container=\u00a0\u00bbtag:h1|font_size:45px|text_align:center|line_height:1.1em\u00a0\u00bb use_theme_fonts=\u00a0\u00bbyes\u00a0\u00bb css=\u00a0\u00bb%7B%22default%22%3A%7B%22margin-top%22%3A%2220px%22%2C%22margin-bottom%22%3A%2220px%22%2C%22font-size%22%3A%2245px%22%2C%22line-height%22%3A%221.1em%22%7D%7D\u00a0\u00bb]<div class=\"wpb_text_column\"><div class=\"wpb_wrapper\"><p style=\"text-align: left;\">Vous trouverez ici les nouvelles de la ferme ainsi que les actions &amp; \u00e9v\u00e9nements.<\/p>\n<\/div><\/div><\/div><\/div><\/div><\/div><div class=\"g-cols wpb_row us_custom_d19ec48c fs-inner-area via_flex valign_top type_default stacking_default\"><div class=\"vc_col-sm-12 wpb_column vc_column_container\"><div class=\"vc_column-inner us_custom_e645dbf4\"><div class=\"wpb_wrapper\"><div class=\"w-grid us_grid with_filters type_masonry layout_8983 cols_3 pagination_infinite preload_style_spinner with_isotope\" id=\"us_grid_1\" style=\"--columns:3;--gap:1.5rem;\"><style>@media (max-width:1024px){#us_grid_1{--columns:2!important}}@media (max-width:600px){#us_grid_1{--columns:1!important}}.layout_8983 .w-grid-item-h{}.layout_8983 .usg_post_image_1{margin-bottom:10px!important}.layout_8983 .usg_post_content_1{margin-bottom:20px!important;font-family:var(--font-family)!important}.layout_8983 .usg_post_title_1{margin-bottom:0!important;font-family:var(--h1-font-family)!important;font-size:20px!important;font-weight:700!important}.layout_8983 .usg_hwrapper_1{margin-bottom:10px!important}.layout_8983 .usg_post_date_1{font-family:var(--font-family)!important}.layout_8983 .usg_post_taxonomy_1{font-family:var(--font-family)!important}.layout_8983 .usg_btn_1{font-size:15px!important}<\/style><div class=\"g-filters style_1 align_center\"><button class=\"g-filters-item active\" data-taxonomy=\"*\"><span>Tous<\/span><\/button><button class=\"g-filters-item\" data-taxonomy=\"fetes-et-celebrations\" data-amount=\"2\"><span>F\u00eates et c\u00e9l\u00e9brations<\/span><span class=\"g-filters-item-amount\">2<\/span><\/button><button class=\"g-filters-item\" data-taxonomy=\"generalites\" data-amount=\"2\"><span>G\u00e9n\u00e9ralit\u00e9s<\/span><span class=\"g-filters-item-amount\">2<\/span><\/button><button class=\"g-filters-item\" data-taxonomy=\"generalites-2\" data-amount=\"1\"><span>G\u00e9n\u00e9ralit\u00e9s<\/span><span class=\"g-filters-item-amount\">1<\/span><\/button><button class=\"g-filters-item\" data-taxonomy=\"le-plaisir\" data-amount=\"7\"><span>Le plaisir<\/span><span class=\"g-filters-item-amount\">7<\/span><\/button><button class=\"g-filters-item\" data-taxonomy=\"mondes-dexperience\" data-amount=\"5\"><span>Mondes d'exp\u00e9rience<\/span><span class=\"g-filters-item-amount\">5<\/span><\/button><button class=\"g-filters-item\" data-taxonomy=\"non-classifiee\" data-amount=\"14\"><span>Non classifi\u00e9(e)<\/span><span class=\"g-filters-item-amount\">14<\/span><\/button><button class=\"g-filters-item\" data-taxonomy=\"reunions\" data-amount=\"6\"><span>R\u00e9unions<\/span><span class=\"g-filters-item-amount\">6<\/span><\/button><button class=\"g-filters-item\" data-taxonomy=\"romantique\" data-amount=\"6\"><span>Romantique<\/span><span class=\"g-filters-item-amount\">6<\/span><\/button><\/div><div class=\"w-grid-list\" data-filter_taxonomy_name=\"category\">\t<article class=\"w-grid-item size_1x1 post-47576 post type-post status-publish format-standard has-post-thumbnail hentry category-fetes-et-celebrations tag-coutumes-de-paques tag-paques\" data-id=\"47576\">\r\n\t\t<div class=\"w-grid-item-h\">\r\n\t\t\t\t\t\t<div class=\"w-post-elm post_image usg_post_image_1 stretched\"><a href=\"https:\/\/www.linslerhof.de\/fr\/redecouvrir-des-coutumes-pascales-presque-oubliees\/\" aria-label=\"Red\u00e9couvrir des coutumes pascales presque oubli\u00e9es\"><img decoding=\"async\" width=\"600\" height=\"366\" src=\"https:\/\/www.linslerhof.de\/wp-content\/uploads\/2026\/02\/ostern4.jpg\" class=\"attachment-large size-large wp-post-image\" alt=\"Niedliche Ostereier mit kleinen gesichtern liegen auf einem Teller\" srcset=\"https:\/\/www.linslerhof.de\/wp-content\/uploads\/2026\/02\/ostern4.jpg 600w, https:\/\/www.linslerhof.de\/wp-content\/uploads\/2026\/02\/ostern4-300x183.jpg 300w\" sizes=\"(max-width: 600px) 100vw, 600px\" \/><\/a><\/div><h2 class=\"w-post-elm post_title usg_post_title_1 entry-title color_link_inherit\"><a href=\"https:\/\/www.linslerhof.de\/fr\/redecouvrir-des-coutumes-pascales-presque-oubliees\/\">Red\u00e9couvrir des coutumes pascales presque oubli\u00e9es<\/a><\/h2><div class=\"w-hwrapper usg_hwrapper_1 align_left valign_top\"><time class=\"w-post-elm post_date usg_post_date_1 entry-date published\" datetime=\"2026-02-19T11:31:07+01:00\"><span class=\"w-post-elm-before\">Datum: <\/span>19 f\u00e9vrier 2026<\/time><div class=\"w-post-elm post_taxonomy usg_post_taxonomy_1 style_simple color_link_inherit\"><span class=\"w-post-elm-before\">Kategorie: <\/span><a class=\"term-704 term-fetes-et-celebrations\" href=\"https:\/\/www.linslerhof.de\/fr\/category\/fetes-et-celebrations\/\">F\u00eates et c\u00e9l\u00e9brations<\/a><\/div><\/div><div class=\"w-post-elm post_content usg_post_content_1\">Dans de nombreuses r\u00e9gions de la Sarre et d&rsquo;Allemagne, P\u00e2ques a toujours \u00e9t\u00e9 associ\u00e9e \u00e0 une multitude de coutumes et de rituels, souvent tomb\u00e9s dans l&rsquo;oubli, mais qui reviennent en\u2026<\/div><a class=\"w-btn us-btn-style_1 usg_btn_1 fs-post-btn\" href=\"https:\/\/www.linslerhof.de\/fr\/redecouvrir-des-coutumes-pascales-presque-oubliees\/\"><span class=\"w-btn-label\">Weiter lesen<\/span><\/a>\t\t<\/div>\r\n\t\t\t<\/article>\r\n\t<article class=\"w-grid-item size_1x1 post-47242 post type-post status-publish format-standard has-post-thumbnail hentry category-mondes-dexperience tag-court-sejour tag-excursion-de-printemps tag-printemps\" data-id=\"47242\">\r\n\t\t<div class=\"w-grid-item-h\">\r\n\t\t\t\t\t\t<div class=\"w-post-elm post_image usg_post_image_1 stretched\"><a href=\"https:\/\/www.linslerhof.de\/fr\/court-sejour-au-vert-decouverte-du-printemps-et-detente-a-la-campagne\/\" aria-label=\"Court s\u00e9jour au vert : d\u00e9couverte du printemps et d\u00e9tente \u00e0 la campagne\"><img decoding=\"async\" width=\"600\" height=\"366\" src=\"https:\/\/www.linslerhof.de\/wp-content\/uploads\/2026\/01\/blog1-1.jpg\" class=\"attachment-large size-large wp-post-image\" alt=\"Ein Hund liegt entspannt vor einer Bank, auf der mehrere Blument\u00f6pfe stehen.\" srcset=\"https:\/\/www.linslerhof.de\/wp-content\/uploads\/2026\/01\/blog1-1.jpg 600w, https:\/\/www.linslerhof.de\/wp-content\/uploads\/2026\/01\/blog1-1-300x183.jpg 300w\" sizes=\"(max-width: 600px) 100vw, 600px\" \/><\/a><\/div><h2 class=\"w-post-elm post_title usg_post_title_1 entry-title color_link_inherit\"><a href=\"https:\/\/www.linslerhof.de\/fr\/court-sejour-au-vert-decouverte-du-printemps-et-detente-a-la-campagne\/\">Court s\u00e9jour au vert : d\u00e9couverte du printemps et d\u00e9tente \u00e0 la campagne<\/a><\/h2><div class=\"w-hwrapper usg_hwrapper_1 align_left valign_top\"><time class=\"w-post-elm post_date usg_post_date_1 entry-date published\" datetime=\"2026-01-29T12:03:41+01:00\"><span class=\"w-post-elm-before\">Datum: <\/span>29 janvier 2026<\/time><div class=\"w-post-elm post_taxonomy usg_post_taxonomy_1 style_simple color_link_inherit\"><span class=\"w-post-elm-before\">Kategorie: <\/span><a class=\"term-480 term-mondes-dexperience\" href=\"https:\/\/www.linslerhof.de\/fr\/category\/mondes-dexperience\/\">Mondes d'exp\u00e9rience<\/a><\/div><\/div><div class=\"w-post-elm post_content usg_post_content_1\">Des paysages naturels uniques et des moments de d\u00e9tente particuliers Lorsque le printemps pointe le bout de son nez et que la nature sort de son sommeil hivernal, la campagne\u2026<\/div><a class=\"w-btn us-btn-style_1 usg_btn_1 fs-post-btn\" href=\"https:\/\/www.linslerhof.de\/fr\/court-sejour-au-vert-decouverte-du-printemps-et-detente-a-la-campagne\/\"><span class=\"w-btn-label\">Weiter lesen<\/span><\/a>\t\t<\/div>\r\n\t\t\t<\/article>\r\n\t<article class=\"w-grid-item size_1x1 post-46860 post type-post status-publish format-standard has-post-thumbnail hentry category-generalites-2 category-le-plaisir tag-heure-dhiver tag-hiver tag-ralentir\" data-id=\"46860\">\r\n\t\t<div class=\"w-grid-item-h\">\r\n\t\t\t\t\t\t<div class=\"w-post-elm post_image usg_post_image_1 stretched\"><a href=\"https:\/\/www.linslerhof.de\/fr\/ralentir-en-hiver-decouvrir-la-nature-et-trouver-la-paix-interieure\/\" aria-label=\"Ralentir en hiver : d\u00e9couvrir la nature et trouver la paix int\u00e9rieure\"><img decoding=\"async\" width=\"600\" height=\"366\" src=\"https:\/\/www.linslerhof.de\/wp-content\/uploads\/2026\/01\/winterblog.jpg\" class=\"attachment-large size-large wp-post-image\" alt=\"Linslerhof im Schnee\" srcset=\"https:\/\/www.linslerhof.de\/wp-content\/uploads\/2026\/01\/winterblog.jpg 600w, https:\/\/www.linslerhof.de\/wp-content\/uploads\/2026\/01\/winterblog-300x183.jpg 300w\" sizes=\"(max-width: 600px) 100vw, 600px\" \/><\/a><\/div><h2 class=\"w-post-elm post_title usg_post_title_1 entry-title color_link_inherit\"><a href=\"https:\/\/www.linslerhof.de\/fr\/ralentir-en-hiver-decouvrir-la-nature-et-trouver-la-paix-interieure\/\">Ralentir en hiver : d\u00e9couvrir la nature et trouver la paix int\u00e9rieure<\/a><\/h2><div class=\"w-hwrapper usg_hwrapper_1 align_left valign_top\"><time class=\"w-post-elm post_date usg_post_date_1 entry-date published\" datetime=\"2026-01-08T08:56:08+01:00\"><span class=\"w-post-elm-before\">Datum: <\/span>8 janvier 2026<\/time><div class=\"w-post-elm post_taxonomy usg_post_taxonomy_1 style_simple color_link_inherit\"><span class=\"w-post-elm-before\">Kategorie: <\/span><a class=\"term-738 term-generalites-2\" href=\"https:\/\/www.linslerhof.de\/fr\/category\/generalites-2\/\">G\u00e9n\u00e9ralit\u00e9s<\/a><b>, <\/b><a class=\"term-476 term-le-plaisir\" href=\"https:\/\/www.linslerhof.de\/fr\/category\/le-plaisir\/\">Le plaisir<\/a><\/div><\/div><div class=\"w-post-elm post_content usg_post_content_1\">Conseils g\u00e9n\u00e9raux pour ralentir en hiver La saison froide invite \u00e0 un rythme de vie plus lent et offre la possibilit\u00e9 de r\u00e9duire le stress de mani\u00e8re cibl\u00e9e. De nombreuses\u2026<\/div><a class=\"w-btn us-btn-style_1 usg_btn_1 fs-post-btn\" href=\"https:\/\/www.linslerhof.de\/fr\/ralentir-en-hiver-decouvrir-la-nature-et-trouver-la-paix-interieure\/\"><span class=\"w-btn-label\">Weiter lesen<\/span><\/a>\t\t<\/div>\r\n\t\t\t<\/article>\r\n<\/div>\t<div class=\"w-grid-preloader\">\r\n\t\t<div class=\"g-preloader type_1\">\r\n\t\t\t<div><\/div>\r\n\t\t<\/div>\r\n\t<\/div>\r\n\t\t\t\t<div class=\"g-loadmore\">\r\n\t\t\t\t<div class=\"g-preloader type_1\">\r\n\t\t\t\t\t<div><\/div>\r\n\t\t\t\t<\/div>\r\n\t\t\t\t<button class=\"w-btn us-btn-style_1\">\r\n\t\t\t\t\t<span class=\"w-btn-label\">Charger plus<\/span>\r\n\t\t\t\t<\/button>\r\n\t\t\t<\/div>\r\n\t\t\t\t<div class=\"w-grid-json hidden\" onclick='return {&quot;action&quot;:&quot;us_ajax_grid&quot;,&quot;infinite_scroll&quot;:true,&quot;max_num_pages&quot;:14,&quot;pagination&quot;:&quot;ajax&quot;,&quot;template_vars&quot;:{&quot;columns&quot;:&quot;3&quot;,&quot;exclude_items&quot;:&quot;none&quot;,&quot;img_size&quot;:&quot;default&quot;,&quot;ignore_items_size&quot;:0,&quot;items_layout&quot;:&quot;8983&quot;,&quot;items_offset&quot;:&quot;1&quot;,&quot;load_animation&quot;:&quot;none&quot;,&quot;overriding_link&quot;:&quot;{\\&quot;url\\&quot;:\\&quot;\\&quot;}&quot;,&quot;post_id&quot;:0,&quot;query_args&quot;:{&quot;post_type&quot;:[&quot;post&quot;],&quot;post_status&quot;:[&quot;publish&quot;],&quot;posts_per_page&quot;:&quot;3&quot;},&quot;orderby_query_args&quot;:{&quot;orderby&quot;:{&quot;date&quot;:&quot;DESC&quot;}},&quot;type&quot;:&quot;masonry&quot;,&quot;us_grid_post_type&quot;:&quot;post&quot;,&quot;us_grid_ajax_index&quot;:1,&quot;us_grid_filter_query_string&quot;:null,&quot;us_grid_index&quot;:1,&quot;page_args&quot;:[],&quot;lang&quot;:&quot;fr&quot;}}'><\/div>\r\n\t<\/div><\/div><\/div><\/div><\/div><\/div><\/div><\/div><\/div><\/div><\/section><section class=\"l-section wpb_row us_custom_d65abc75 height_large\"><div class=\"l-section-h i-cf\"><div class=\"g-cols vc_row via_flex valign_middle type_boxes stacking_default\" style=\"--additional-gap:2.5px;\"><div class=\"vc_col-sm-12 wpb_column vc_column_container\"><div class=\"vc_column-inner us_custom_36724591\"><div class=\"wpb_wrapper\">\n\t\t\t<!-- START Slider Restaurants REVOLUTION SLIDER 6.7.41 --><p class=\"rs-p-wp-fix\"><\/p>\n\t\t\t<rs-module-wrap id=\"rev_slider_2_1_wrapper\" data-source=\"gallery\" style=\"visibility:hidden;background:transparent;padding:0;margin:0px auto;margin-top:0;margin-bottom:0;\">\n\t\t\t\t<rs-module id=\"rev_slider_2_1\" style=\"\" data-version=\"6.7.41\">\n\t\t\t\t\t<rs-slides style=\"overflow: hidden; position: absolute;\">\n\t\t\t\t\t\t<rs-slide style=\"position: absolute;\" data-key=\"rs-2\" data-title=\"Slide\" data-thumb=\"\/\/www.linslerhof.de\/wp-content\/uploads\/2024\/11\/slide-restaurant-03-100x50.jpg\" data-anim=\"adpr:false;\" data-in=\"o:0;\" data-out=\"a:false;\">\n\t\t\t\t\t\t\t<img decoding=\"async\" src=\"\/\/www.linslerhof.de\/wp-content\/plugins\/revslider\/sr6\/assets\/assets\/dummy.png\" alt=\"Biergarten im Saarland mit Grillh\u00fctte\" title=\"slide-restaurant-03\" width=\"1024\" height=\"512\" class=\"rev-slidebg tp-rs-img rs-lazyload\" data-lazyload=\"\/\/www.linslerhof.de\/wp-content\/uploads\/2024\/11\/slide-restaurant-03.jpg\" data-no-retina>\n<!---->\t\t\t\t\t<\/rs-slide>\n\t\t\t\t\t\t<rs-slide style=\"position: absolute;\" data-key=\"rs-37\" data-title=\"Slide\" data-thumb=\"\/\/www.linslerhof.de\/wp-content\/uploads\/2024\/11\/slide-restaurant-01-100x50.jpg\" data-anim=\"adpr:false;\" data-in=\"o:0;\" data-out=\"a:false;\">\n\t\t\t\t\t\t\t<img decoding=\"async\" src=\"\/\/www.linslerhof.de\/wp-content\/plugins\/revslider\/sr6\/assets\/assets\/dummy.png\" alt=\"Genuss im Saarland, Fischgericht wird mit Sauce betr\u00e4ufelt\" title=\"slide-restaurant-01\" width=\"1024\" height=\"512\" class=\"rev-slidebg tp-rs-img rs-lazyload\" data-lazyload=\"\/\/www.linslerhof.de\/wp-content\/uploads\/2024\/11\/slide-restaurant-01.jpg\" data-no-retina>\n<!---->\t\t\t\t\t<\/rs-slide>\n\t\t\t\t\t\t<rs-slide style=\"position: absolute;\" data-key=\"rs-4\" data-title=\"Slide\" data-thumb=\"\/\/www.linslerhof.de\/wp-content\/uploads\/2024\/11\/slide-restaurant-04-1-100x50.jpg\" data-anim=\"adpr:false;\" data-in=\"o:0;\" data-out=\"a:false;\">\n\t\t\t\t\t\t\t<img decoding=\"async\" src=\"\/\/www.linslerhof.de\/wp-content\/plugins\/revslider\/sr6\/assets\/assets\/dummy.png\" alt=\"Restaurant im Saarland, eingedeckte Linslerstube, Genuss im Saarland\" title=\"slide-restaurant-04\" width=\"1024\" height=\"512\" class=\"rev-slidebg tp-rs-img rs-lazyload\" data-lazyload=\"\/\/www.linslerhof.de\/wp-content\/uploads\/2024\/11\/slide-restaurant-04-1.jpg\" data-no-retina>\n<!---->\t\t\t\t\t<\/rs-slide>\n\t\t\t\t\t\t<rs-slide style=\"position: absolute;\" data-key=\"rs-3\" data-title=\"Slide\" data-thumb=\"\/\/www.linslerhof.de\/wp-content\/uploads\/2024\/11\/slide-restaurant-02-100x50.jpg\" data-anim=\"adpr:false;\" data-in=\"o:0;\" data-out=\"a:false;\">\n\t\t\t\t\t\t\t<img decoding=\"async\" src=\"\/\/www.linslerhof.de\/wp-content\/plugins\/revslider\/sr6\/assets\/assets\/dummy.png\" alt=\"Restaurant im Saarland, Schild der Georgstube als Close-Up\" title=\"slide-restaurant-02\" width=\"1024\" height=\"512\" class=\"rev-slidebg tp-rs-img rs-lazyload\" data-lazyload=\"\/\/www.linslerhof.de\/wp-content\/uploads\/2024\/11\/slide-restaurant-02.jpg\" data-no-retina>\n<!---->\t\t\t\t\t<\/rs-slide>\n\t\t\t\t\t<\/rs-slides>\n\t\t\t\t<\/rs-module>\n\t\t\t\t<script>\n\t\t\t\t\tsetREVStartSize({c: 'rev_slider_2_1',rl:[1240,1024,778,480],el:[650],gw:[1300],gh:[650],type:'standard',justify:'',layout:'fullwidth',mh:\"0\"});if (window.RS_MODULES!==undefined && window.RS_MODULES.modules!==undefined && window.RS_MODULES.modules[\"revslider21\"]!==undefined) {window.RS_MODULES.modules[\"revslider21\"].once = false;window.revapi2 = undefined;if (window.RS_MODULES.checkMinimal!==undefined) window.RS_MODULES.checkMinimal()}\n\t\t\t\t<\/script>\n\t\t\t<\/rs-module-wrap>\n\t\t\t<!-- END REVOLUTION SLIDER -->\n<\/div><\/div><\/div><\/div><\/div><\/section>\n","protected":false},"excerpt":{"rendered":"Conseils g\u00e9n\u00e9raux pour ralentir en hiver La saison froide invite \u00e0 un rythme de vie plus lent et offre la possibilit\u00e9 de r\u00e9duire le stress de mani\u00e8re cibl\u00e9e. De nombreuses activit\u00e9s permettent de ralentir consciemment pendant l&rsquo;hiver et d&rsquo;harmoniser le corps et l&rsquo;esprit. Un conseil essentiel est de se promener r\u00e9guli\u00e8rement dans la nature. La...","protected":false},"author":3,"featured_media":0,"parent":33319,"menu_order":8,"comment_status":"closed","ping_status":"closed","template":"","meta":{"footnotes":""},"class_list":["post-33480","page","type-page","status-publish","hentry"],"yoast_head":"<!-- This site is optimized with the Yoast SEO plugin v27.5 - https:\/\/yoast.com\/product\/yoast-seo-wordpress\/ -->\n<title>Blog | Linslerhof<\/title>\n<meta name=\"description\" content=\"Notre blog traite de sujets d&#039;actualit\u00e9 concernant le Linslerhof, les voyages &amp; les plaisirs de la table !\" \/>\n<meta name=\"robots\" content=\"index, follow, max-snippet:-1, max-image-preview:large, max-video-preview:-1\" \/>\n<link rel=\"canonical\" href=\"https:\/\/www.linslerhof.de\/fr\/linslerhof\/blog\/\" \/>\n<meta property=\"og:locale\" content=\"fr_FR\" \/>\n<meta property=\"og:type\" content=\"article\" \/>\n<meta property=\"og:title\" content=\"Blog | Linslerhof\" \/>\n<meta property=\"og:description\" content=\"Notre blog traite de sujets d&#039;actualit\u00e9 concernant le Linslerhof, les voyages &amp; les plaisirs de la table !\" \/>\n<meta property=\"og:url\" content=\"https:\/\/www.linslerhof.de\/fr\/linslerhof\/blog\/\" \/>\n<meta property=\"og:site_name\" content=\"Linslerhof\" \/>\n<meta property=\"article:publisher\" content=\"https:\/\/www.facebook.com\/Linslerhof\" \/>\n<meta property=\"article:modified_time\" content=\"2025-10-01T13:18:07+00:00\" \/>\n<meta name=\"twitter:card\" content=\"summary_large_image\" \/>\n<meta name=\"twitter:label1\" content=\"Dur\u00e9e de lecture estim\u00e9e\" \/>\n\t<meta name=\"twitter:data1\" content=\"2 minutes\" \/>\n<script type=\"application\/ld+json\" class=\"yoast-schema-graph\">{\"@context\":\"https:\\\/\\\/schema.org\",\"@graph\":[{\"@type\":\"WebPage\",\"@id\":\"https:\\\/\\\/www.linslerhof.de\\\/fr\\\/linslerhof\\\/blog\\\/\",\"url\":\"https:\\\/\\\/www.linslerhof.de\\\/fr\\\/linslerhof\\\/blog\\\/\",\"name\":\"Blog | Linslerhof\",\"isPartOf\":{\"@id\":\"https:\\\/\\\/www.linslerhof.de\\\/fr\\\/#website\"},\"datePublished\":\"2020-05-29T08:03:12+00:00\",\"dateModified\":\"2025-10-01T13:18:07+00:00\",\"description\":\"Notre blog traite de sujets d'actualit\u00e9 concernant le Linslerhof, les voyages & les plaisirs de la table !\",\"breadcrumb\":{\"@id\":\"https:\\\/\\\/www.linslerhof.de\\\/fr\\\/linslerhof\\\/blog\\\/#breadcrumb\"},\"inLanguage\":\"fr-FR\",\"potentialAction\":[{\"@type\":\"ReadAction\",\"target\":[\"https:\\\/\\\/www.linslerhof.de\\\/fr\\\/linslerhof\\\/blog\\\/\"]}]},{\"@type\":\"BreadcrumbList\",\"@id\":\"https:\\\/\\\/www.linslerhof.de\\\/fr\\\/linslerhof\\\/blog\\\/#breadcrumb\",\"itemListElement\":[{\"@type\":\"ListItem\",\"position\":1,\"name\":\"Startseite\",\"item\":\"https:\\\/\\\/www.linslerhof.de\\\/fr\\\/hotel-4-etoiles-en-sarre\\\/\"},{\"@type\":\"ListItem\",\"position\":2,\"name\":\"Linslerhof\",\"item\":\"https:\\\/\\\/www.linslerhof.de\\\/fr\\\/linslerhof\\\/\"},{\"@type\":\"ListItem\",\"position\":3,\"name\":\"Blog\"}]},{\"@type\":\"WebSite\",\"@id\":\"https:\\\/\\\/www.linslerhof.de\\\/fr\\\/#website\",\"url\":\"https:\\\/\\\/www.linslerhof.de\\\/fr\\\/\",\"name\":\"Linslerhof\",\"description\":\"Historischer Gutshof\",\"publisher\":{\"@id\":\"https:\\\/\\\/www.linslerhof.de\\\/fr\\\/#organization\"},\"potentialAction\":[{\"@type\":\"SearchAction\",\"target\":{\"@type\":\"EntryPoint\",\"urlTemplate\":\"https:\\\/\\\/www.linslerhof.de\\\/fr\\\/?s={search_term_string}\"},\"query-input\":{\"@type\":\"PropertyValueSpecification\",\"valueRequired\":true,\"valueName\":\"search_term_string\"}}],\"inLanguage\":\"fr-FR\"},{\"@type\":\"Organization\",\"@id\":\"https:\\\/\\\/www.linslerhof.de\\\/fr\\\/#organization\",\"name\":\"Linslerhof\",\"url\":\"https:\\\/\\\/www.linslerhof.de\\\/fr\\\/\",\"logo\":{\"@type\":\"ImageObject\",\"inLanguage\":\"fr-FR\",\"@id\":\"https:\\\/\\\/www.linslerhof.de\\\/fr\\\/#\\\/schema\\\/logo\\\/image\\\/\",\"url\":\"https:\\\/\\\/www.linslerhof.de\\\/wp-content\\\/uploads\\\/2020\\\/12\\\/Logo_2020.png\",\"contentUrl\":\"https:\\\/\\\/www.linslerhof.de\\\/wp-content\\\/uploads\\\/2020\\\/12\\\/Logo_2020.png\",\"width\":466,\"height\":300,\"caption\":\"Linslerhof\"},\"image\":{\"@id\":\"https:\\\/\\\/www.linslerhof.de\\\/fr\\\/#\\\/schema\\\/logo\\\/image\\\/\"},\"sameAs\":[\"https:\\\/\\\/www.facebook.com\\\/Linslerhof\",\"https:\\\/\\\/www.instagram.com\\\/linslerhof\\\/\"]}]}<\/script>\n<!-- \/ Yoast SEO plugin. -->","yoast_head_json":{"title":"Blog | Linslerhof","description":"Notre blog traite de sujets d'actualit\u00e9 concernant le Linslerhof, les voyages & les plaisirs de la table !","robots":{"index":"index","follow":"follow","max-snippet":"max-snippet:-1","max-image-preview":"max-image-preview:large","max-video-preview":"max-video-preview:-1"},"canonical":"https:\/\/www.linslerhof.de\/fr\/linslerhof\/blog\/","og_locale":"fr_FR","og_type":"article","og_title":"Blog | Linslerhof","og_description":"Notre blog traite de sujets d'actualit\u00e9 concernant le Linslerhof, les voyages & les plaisirs de la table !","og_url":"https:\/\/www.linslerhof.de\/fr\/linslerhof\/blog\/","og_site_name":"Linslerhof","article_publisher":"https:\/\/www.facebook.com\/Linslerhof","article_modified_time":"2025-10-01T13:18:07+00:00","twitter_card":"summary_large_image","twitter_misc":{"Dur\u00e9e de lecture estim\u00e9e":"2 minutes"},"schema":{"@context":"https:\/\/schema.org","@graph":[{"@type":"WebPage","@id":"https:\/\/www.linslerhof.de\/fr\/linslerhof\/blog\/","url":"https:\/\/www.linslerhof.de\/fr\/linslerhof\/blog\/","name":"Blog | Linslerhof","isPartOf":{"@id":"https:\/\/www.linslerhof.de\/fr\/#website"},"datePublished":"2020-05-29T08:03:12+00:00","dateModified":"2025-10-01T13:18:07+00:00","description":"Notre blog traite de sujets d'actualit\u00e9 concernant le Linslerhof, les voyages & les plaisirs de la table !","breadcrumb":{"@id":"https:\/\/www.linslerhof.de\/fr\/linslerhof\/blog\/#breadcrumb"},"inLanguage":"fr-FR","potentialAction":[{"@type":"ReadAction","target":["https:\/\/www.linslerhof.de\/fr\/linslerhof\/blog\/"]}]},{"@type":"BreadcrumbList","@id":"https:\/\/www.linslerhof.de\/fr\/linslerhof\/blog\/#breadcrumb","itemListElement":[{"@type":"ListItem","position":1,"name":"Startseite","item":"https:\/\/www.linslerhof.de\/fr\/hotel-4-etoiles-en-sarre\/"},{"@type":"ListItem","position":2,"name":"Linslerhof","item":"https:\/\/www.linslerhof.de\/fr\/linslerhof\/"},{"@type":"ListItem","position":3,"name":"Blog"}]},{"@type":"WebSite","@id":"https:\/\/www.linslerhof.de\/fr\/#website","url":"https:\/\/www.linslerhof.de\/fr\/","name":"Linslerhof","description":"Historischer Gutshof","publisher":{"@id":"https:\/\/www.linslerhof.de\/fr\/#organization"},"potentialAction":[{"@type":"SearchAction","target":{"@type":"EntryPoint","urlTemplate":"https:\/\/www.linslerhof.de\/fr\/?s={search_term_string}"},"query-input":{"@type":"PropertyValueSpecification","valueRequired":true,"valueName":"search_term_string"}}],"inLanguage":"fr-FR"},{"@type":"Organization","@id":"https:\/\/www.linslerhof.de\/fr\/#organization","name":"Linslerhof","url":"https:\/\/www.linslerhof.de\/fr\/","logo":{"@type":"ImageObject","inLanguage":"fr-FR","@id":"https:\/\/www.linslerhof.de\/fr\/#\/schema\/logo\/image\/","url":"https:\/\/www.linslerhof.de\/wp-content\/uploads\/2020\/12\/Logo_2020.png","contentUrl":"https:\/\/www.linslerhof.de\/wp-content\/uploads\/2020\/12\/Logo_2020.png","width":466,"height":300,"caption":"Linslerhof"},"image":{"@id":"https:\/\/www.linslerhof.de\/fr\/#\/schema\/logo\/image\/"},"sameAs":["https:\/\/www.facebook.com\/Linslerhof","https:\/\/www.instagram.com\/linslerhof\/"]}]}},"_links":{"self":[{"href":"https:\/\/www.linslerhof.de\/fr\/wp-json\/wp\/v2\/pages\/33480","targetHints":{"allow":["GET"]}}],"collection":[{"href":"https:\/\/www.linslerhof.de\/fr\/wp-json\/wp\/v2\/pages"}],"about":[{"href":"https:\/\/www.linslerhof.de\/fr\/wp-json\/wp\/v2\/types\/page"}],"author":[{"embeddable":true,"href":"https:\/\/www.linslerhof.de\/fr\/wp-json\/wp\/v2\/users\/3"}],"replies":[{"embeddable":true,"href":"https:\/\/www.linslerhof.de\/fr\/wp-json\/wp\/v2\/comments?post=33480"}],"version-history":[{"count":7,"href":"https:\/\/www.linslerhof.de\/fr\/wp-json\/wp\/v2\/pages\/33480\/revisions"}],"predecessor-version":[{"id":41376,"href":"https:\/\/www.linslerhof.de\/fr\/wp-json\/wp\/v2\/pages\/33480\/revisions\/41376"}],"up":[{"embeddable":true,"href":"https:\/\/www.linslerhof.de\/fr\/wp-json\/wp\/v2\/pages\/33319"}],"wp:attachment":[{"href":"https:\/\/www.linslerhof.de\/fr\/wp-json\/wp\/v2\/media?parent=33480"}],"curies":[{"name":"wp","href":"https:\/\/api.w.org\/{rel}","templated":true}]}}