{"id":33494,"date":"2021-11-15T11:27:47","date_gmt":"2021-11-15T10:27:47","guid":{"rendered":"https:\/\/dev.linslerhof.de\/offres\/offre-excursion\/"},"modified":"2025-11-05T10:13:40","modified_gmt":"2025-11-05T09:13:40","slug":"offre-excursion","status":"publish","type":"page","link":"https:\/\/www.linslerhof.de\/fr\/offres\/offre-excursion\/","title":{"rendered":"Offre Excursion"},"content":{"rendered":"<section class=\"l-section wpb_row us_custom_98b4ceb1 fs-section-reverse height_medium\"><div class=\"l-section-h i-cf\"><div class=\"g-cols vc_row via_flex valign_middle type_boxes stacking_default\" style=\"--additional-gap:10px;\"><div class=\"vc_col-sm-6 wpb_column vc_column_container has_bg_color\"><div class=\"vc_column-inner us_custom_94501421\"><div class=\"wpb_wrapper\"><div class=\"wpb_text_column us_custom_50cc7d67\"><div class=\"wpb_wrapper\"><h1 style=\"text-align: left;\"><strong>EXCURSION AU LINSLERHOF<\/strong><\/h1>\n<h3>Court s\u00e9jour culturel et de d\u00e9tente<\/h3>\n<p>Profitez d&rsquo;un court s\u00e9jour dans le domaine historique, un petit paradis, pour d\u00e9couvrir \u00e0 partir de l\u00e0 les plus beaux aspects de la Sarre. Randonn\u00e9es, excursions en Sarre, en France voisine ou au Luxembourg, culture et d\u00e9tente \u00e0 l&rsquo;\u00e9tat pur &#8211; nous vous aiderons volontiers \u00e0 choisir et \u00e0 organiser vos visites ou excursions.<\/p>\n<ul>\n<li>1x nuit dans une chambre confortable, petit d\u00e9jeuner inclus<\/li>\n<li>Menu \u00e0 quatre plats, vins correspondants inclus<\/li>\n<li>Utilisation du sauna, de la cabine infrarouge &amp; de la salle de fitness<\/li>\n<li>Arriv\u00e9e possible : du mardi au dimanche<\/li>\n<li><strong>\u00e0 partir de 176,- \u20ac par personne<\/strong><\/li>\n<\/ul>\n<\/div><\/div><div class=\" vc_custom_1745396336395 ubtn-ctn-left \"><a class=\"ubtn-link ult-adjust-bottom-margin ubtn-left ubtn-large \" href=\"https:\/\/reservation.one.dirs21.de\/linslerhof\/result?package_id=52213\" title=\"Angebot Ausflug\" ><button type=\"button\" id=\"ubtn-8562\"  class=\"ubtn ult-adjust-bottom-margin ult-responsive ubtn-large ubtn-no-hover-bg  ulta-push  ubtn-left   tooltip-69f73efc423c3\"  data-hover=\"\" data-border-color=\"\" data-bg=\"#ea5b0b\" data-hover-bg=\"\" data-border-hover=\"\" data-shadow-hover=\"\" data-shadow-click=\"none\" data-shadow=\"\" data-shd-shadow=\"\"  data-ultimate-target='#ubtn-8562'  data-responsive-json-new='{\"font-size\":\"desktop:20px;\",\"line-height\":\"desktop:18px;\"}'  style=\"font-family:&#039;Open Sans Condensed&#039;;font-weight:normal;font-style:normal;border:none;background: #ea5b0b;color: #ffffff;\"><span class=\"ubtn-hover\" style=\"background-color:\"><\/span><span class=\"ubtn-data ubtn-text \" >R\u00c9SERVEZ MAINTENANT !<\/span><\/button><\/a><\/div><div class=\"wpb_text_column us_custom_090aafef\"><div class=\"wpb_wrapper\"><p>N&rsquo;h\u00e9sitez pas \u00e0 nous contacter :<br \/>\n<strong><a href=\"tel:+4968368070\">+49 (0)6836 &#8211; 8070<\/a><\/strong><br \/>\n<strong><a href=\"mailto:info@linslerhof.de\">info@linslerhof.de<\/a><\/strong><\/p>\n<\/div><\/div><div class=\"wpb_text_column us_custom_69561aa4\"><div class=\"wpb_wrapper\"><p><a href=\"https:\/\/www.linslerhof.de\/fr\/offres\/\"><span style=\"color: #d74808;\"><strong>&gt;&gt;  RETOUR \u00c0 L&rsquo;APER\u00c7U DES OFFRES<\/strong><\/span><\/a><\/p>\n<\/div><\/div><\/div><\/div><\/div><div class=\"vc_col-sm-6 wpb_column vc_column_container  has_bg_color\"><div class=\"vc_column-inner us_custom_93843324 us_animate_this\"><div class=\"wpb_wrapper\"><\/div><\/div><\/div><\/div><\/div><\/section><section class=\"l-section wpb_row us_custom_3fcb7a80 fs-title-row height_medium\"><div class=\"l-section-h i-cf\"><div class=\"g-cols vc_row via_flex valign_top type_boxes stacking_default\"><div class=\"vc_col-sm-12 wpb_column vc_column_container\"><div class=\"vc_column-inner us_custom_5af77061\"><div class=\"wpb_wrapper\"><div class=\"g-cols wpb_row us_custom_d19ec48c fs-inner-area via_flex valign_top type_default stacking_default\"><div class=\"vc_col-sm-12 wpb_column vc_column_container\"><div class=\"vc_column-inner us_custom_e645dbf4\"><div class=\"wpb_wrapper\"><div class=\"wpb_text_column us_custom_50cc7d67\"><div class=\"wpb_wrapper\"><h1 style=\"text-align: center;\"><strong>Demander directement<\/strong><\/h1>\n<\/div><\/div>\n<div class=\"wpcf7 no-js\" id=\"wpcf7-f36790-o1\" lang=\"fr-FR\" dir=\"ltr\">\n<div class=\"screen-reader-response\"><p role=\"status\" aria-live=\"polite\" aria-atomic=\"true\"><\/p> <ul><\/ul><\/div>\n<form action=\"\/fr\/wp-json\/wp\/v2\/pages\/33494#wpcf7-f36790-o1\" method=\"post\" class=\"wpcf7-form init\" aria-label=\"Formulaire de contact\" novalidate=\"novalidate\" data-status=\"init\">\n<div style=\"display: none;\">\n<input type=\"hidden\" name=\"_wpcf7\" value=\"36790\" \/>\n<input type=\"hidden\" name=\"_wpcf7_version\" value=\"59.9.3\" \/>\n<input type=\"hidden\" name=\"_wpcf7_locale\" value=\"fr_FR\" \/>\n<input type=\"hidden\" name=\"_wpcf7_unit_tag\" value=\"wpcf7-f36790-o1\" \/>\n<input type=\"hidden\" name=\"_wpcf7_container_post\" value=\"0\" \/>\n<input type=\"hidden\" name=\"_wpcf7_posted_data_hash\" value=\"\" \/>\n<\/div>\n<div class=\"nrcf7\">\n\t<div class=\"cf7-col-50 first\">\n\t\t<p><span class=\"wpcf7-form-control-wrap\" data-name=\"fe-vorname\"><input size=\"40\" class=\"wpcf7-form-control wpcf7-text wpcf7-validates-as-required\" aria-required=\"true\" aria-invalid=\"false\" placeholder=\"Pr\u00e9nom\" value=\"\" type=\"text\" name=\"fe-vorname\" \/><\/span>\n\t\t<\/p>\n\t<\/div>\n\t<div class=\"cf7-col-50 last\">\n\t\t<p><span class=\"wpcf7-form-control-wrap\" data-name=\"fe-nachname\"><input size=\"40\" class=\"wpcf7-form-control wpcf7-text wpcf7-validates-as-required\" aria-required=\"true\" aria-invalid=\"false\" placeholder=\"Nom de famille\" value=\"\" type=\"text\" name=\"fe-nachname\" \/><\/span>\n\t\t<\/p>\n\t<\/div>\n\t<div class=\"cf7-col-50 first\">\n\t\t<p><span class=\"wpcf7-form-control-wrap\" data-name=\"fe-telefon\"><input size=\"40\" class=\"wpcf7-form-control wpcf7-text\" aria-invalid=\"false\" placeholder=\"T\u00e9l\u00e9phone\" value=\"\" type=\"text\" name=\"fe-telefon\" \/><\/span>\n\t\t<\/p>\n\t<\/div>\n\t<div class=\"cf7-col-50 last\">\n\t\t<p><span class=\"wpcf7-form-control-wrap\" data-name=\"fe-email\"><input size=\"40\" class=\"wpcf7-form-control wpcf7-email wpcf7-validates-as-required wpcf7-text wpcf7-validates-as-email\" aria-required=\"true\" aria-invalid=\"false\" placeholder=\"Adresse \u00e9lectronique\" value=\"\" type=\"email\" name=\"fe-email\" \/><\/span>\n\t\t<\/p>\n\t<\/div>\n\t<div class=\"cf7-row\">\n\t\t<div class=\"cf7-col-100\">\n\t\t\t<p><span class=\"wpcf7-form-control-wrap\" data-name=\"fe-allgemeine-nachricht\"><textarea cols=\"40\" rows=\"4\" class=\"wpcf7-form-control wpcf7-textarea\" aria-invalid=\"false\" placeholder=\"Vous \u00eates int\u00e9ress\u00e9 par notre offre Excursion au Linslerhof ?\" name=\"fe-allgemeine-nachricht\"><\/textarea><\/span>\n\t\t\t<\/p>\n\t\t<\/div>\n\t\t<div class=\"cf7-col-50 last\">\n\t\t\t<p><span class=\"wpcf7-form-control-wrap\" data-name=\"date-718\"><input class=\"wpcf7-form-control wpcf7-date wpcf7-validates-as-required wpcf7-validates-as-date\" aria-required=\"true\" aria-invalid=\"false\" placeholder=\"Votre date souhait\u00e9e\" value=\"\" type=\"date\" name=\"date-718\" \/><\/span>\n\t\t\t<\/p>\n\t\t<\/div>\n\t\t<div class=\"cf7-col-50 last\">\n\t\t\t<p><span class=\"wpcf7-form-control-wrap\" data-name=\"number-449\"><input class=\"wpcf7-form-control wpcf7-number wpcf7-validates-as-required wpcf7-validates-as-number\" aria-required=\"true\" aria-invalid=\"false\" placeholder=\"Nombre de personnes souhait\u00e9es\" value=\"\" type=\"number\" name=\"number-449\" \/><\/span>\n\t\t\t<\/p>\n\t\t<\/div>\n\t<\/div>\n\n\n\n\n<!-- Abschluss des Formulares -->\n\t<div class=\"cf7-row\">\n\t\t<div class=\"cf7-col-100\">\n\t\t\t<p><span class=\"wpcf7-form-control-wrap\" data-name=\"acceptance-46\"><span class=\"wpcf7-form-control wpcf7-acceptance\"><span class=\"wpcf7-list-item\"><label><input type=\"checkbox\" name=\"acceptance-46\" value=\"1\" aria-invalid=\"false\" \/><span class=\"wpcf7-list-item-label\">J'ai lu la <a href=\"https:\/\/dev.linslerhof.de\/kontakt-anfragen\/datenschutz\/\" target=\"_blank\"><strong>D\u00e9claration de confidentialit\u00e9<\/strong><\/a> lu et accept\u00e9<\/span><\/label><\/span><\/span><\/span>\n\t\t\t<\/p>\n\t\t<\/div>\n\t<\/div>\n\t<div class=\"cf7-row\">\n\t\t<div class=\"cf7-col-100\">\n\t\t\t<p><span id=\"wpcf7-69f73efc44cd1-wrapper\" class=\"wpcf7-form-control-wrap honeypot-30-wrap\" style=\"display:none !important; visibility:hidden !important;\"><label for=\"wpcf7-69f73efc44cd1-field\" class=\"hp-message\">Veuillez laisser ce champ vide.<\/label><input id=\"wpcf7-69f73efc44cd1-field\"  class=\"wpcf7-form-control wpcf7-text\" type=\"text\" name=\"honeypot-30\" value=\"\" size=\"40\" tabindex=\"-1\" autocomplete=\"new-password\" \/><\/span><br \/>\n<input class=\"wpcf7-form-control wpcf7-submit has-spinner\" type=\"submit\" value=\"Envoyer\" \/>\n\t\t\t<\/p>\n\t\t<\/div>\n\t<\/div>\n<\/div><div class=\"wpcf7-response-output\" aria-hidden=\"true\"><\/div>\n<\/form>\n<\/div>\n<\/div><\/div><\/div><\/div><\/div><\/div><\/div><\/div><\/div><\/section><section class=\"l-section wpb_row us_custom_297c95c5 height_large\"><div class=\"l-section-h i-cf\"><div class=\"g-cols vc_row via_flex valign_middle type_boxes stacking_default\" style=\"--additional-gap:2.5px;\"><div class=\"vc_col-sm-12 wpb_column vc_column_container\"><div class=\"vc_column-inner us_custom_36724591\"><div class=\"wpb_wrapper\">\n\t\t\t<!-- START Slider Zimmer REVOLUTION SLIDER 6.7.41 --><p class=\"rs-p-wp-fix\"><\/p>\n\t\t\t<rs-module-wrap id=\"rev_slider_3_1_wrapper\" data-source=\"gallery\" style=\"visibility:hidden;background:transparent;padding:0;margin:0px auto;margin-top:0;margin-bottom:0;\">\n\t\t\t\t<rs-module id=\"rev_slider_3_1\" style=\"\" data-version=\"6.7.41\">\n\t\t\t\t\t<rs-slides style=\"overflow: hidden; position: absolute;\">\n\t\t\t\t\t\t<rs-slide style=\"position: absolute;\" data-key=\"rs-6\" data-title=\"Slide\" data-thumb=\"\/\/www.linslerhof.de\/wp-content\/uploads\/2024\/11\/slide-junior-suite-01-100x50.jpg\" data-anim=\"adpr:false;\" data-in=\"o:0;\" data-out=\"a:false;\">\n\t\t\t\t\t\t\t<img decoding=\"async\" src=\"\/\/www.linslerhof.de\/wp-content\/plugins\/revslider\/sr6\/assets\/assets\/dummy.png\" alt=\"Hotelzimmer im Saarland, Junior Suite, Bett, warmes Licht\" title=\"slide-junior-suite-01\" width=\"1300\" height=\"650\" class=\"rev-slidebg tp-rs-img rs-lazyload\" data-lazyload=\"\/\/www.linslerhof.de\/wp-content\/uploads\/2024\/11\/slide-junior-suite-01.jpg\" data-no-retina>\n<!---->\t\t\t\t\t<\/rs-slide>\n\t\t\t\t\t\t<rs-slide style=\"position: absolute;\" data-key=\"rs-7\" data-title=\"Slide\" data-thumb=\"\/\/www.linslerhof.de\/wp-content\/uploads\/2024\/11\/slide_standard-03-1-100x50.jpg\" data-anim=\"adpr:false;\" data-in=\"o:0;\" data-out=\"a:false;\">\n\t\t\t\t\t\t\t<img decoding=\"async\" src=\"\/\/www.linslerhof.de\/wp-content\/plugins\/revslider\/sr6\/assets\/assets\/dummy.png\" alt=\"Hotelzimmer im Saarland, standardzimmer mit rustikaler Einrichtung\" title=\"slide_standard-03\" width=\"1300\" height=\"650\" class=\"rev-slidebg tp-rs-img rs-lazyload\" data-lazyload=\"\/\/www.linslerhof.de\/wp-content\/uploads\/2024\/11\/slide_standard-03-1.jpg\" data-no-retina>\n<!---->\t\t\t\t\t<\/rs-slide>\n\t\t\t\t\t\t<rs-slide style=\"position: absolute;\" data-key=\"rs-8\" data-title=\"Slide\" data-thumb=\"\/\/www.linslerhof.de\/wp-content\/uploads\/2024\/11\/comfortzimmer-rot-slide-100x50.jpg\" data-anim=\"adpr:false;\" data-in=\"o:0;\" data-out=\"a:false;\">\n\t\t\t\t\t\t\t<img decoding=\"async\" src=\"\/\/www.linslerhof.de\/wp-content\/plugins\/revslider\/sr6\/assets\/assets\/dummy.png\" alt=\"Hotelzimmer im Saarland, comfortzimmer in rot\" title=\"comfortzimmer-rot-slide\" width=\"1024\" height=\"512\" class=\"rev-slidebg tp-rs-img rs-lazyload\" data-lazyload=\"\/\/www.linslerhof.de\/wp-content\/uploads\/2024\/11\/comfortzimmer-rot-slide.jpg\" data-no-retina>\n<!---->\t\t\t\t\t<\/rs-slide>\n\t\t\t\t\t\t<rs-slide style=\"position: absolute;\" data-key=\"rs-48\" data-title=\"Slide\" data-thumb=\"\/\/www.linslerhof.de\/wp-content\/uploads\/2024\/11\/comfortzimmer-gelb-slide-100x50.jpg\" data-anim=\"adpr:false;\" data-in=\"o:0;\" data-out=\"a:false;\">\n\t\t\t\t\t\t\t<img decoding=\"async\" src=\"\/\/www.linslerhof.de\/wp-content\/plugins\/revslider\/sr6\/assets\/assets\/dummy.png\" alt=\"Hotelzimmer im Saarland, comfortzimmer in gelb mit Schreibtisch\" title=\"comfortzimmer-gelb-slide\" width=\"1024\" height=\"512\" class=\"rev-slidebg tp-rs-img rs-lazyload\" data-lazyload=\"\/\/www.linslerhof.de\/wp-content\/uploads\/2024\/11\/comfortzimmer-gelb-slide.jpg\" data-no-retina>\n<!---->\t\t\t\t\t<\/rs-slide>\n\t\t\t\t\t<\/rs-slides>\n\t\t\t\t<\/rs-module>\n\t\t\t\t<script>\n\t\t\t\t\tsetREVStartSize({c: 'rev_slider_3_1',rl:[1240,1024,778,480],el:[650],gw:[1300],gh:[650],type:'standard',justify:'',layout:'fullwidth',mh:\"0\"});if (window.RS_MODULES!==undefined && window.RS_MODULES.modules!==undefined && window.RS_MODULES.modules[\"revslider31\"]!==undefined) {window.RS_MODULES.modules[\"revslider31\"].once = false;window.revapi3 = undefined;if (window.RS_MODULES.checkMinimal!==undefined) window.RS_MODULES.checkMinimal()}\n\t\t\t\t<\/script>\n\t\t\t<\/rs-module-wrap>\n\t\t\t<!-- END REVOLUTION SLIDER -->\n<\/div><\/div><\/div><\/div><\/div><\/section>\n","protected":false},"excerpt":{"rendered":"EXCURSION AU LINSLERHOF Court s\u00e9jour culturel et de d\u00e9tente Profitez d&rsquo;un court s\u00e9jour dans le domaine historique, un petit paradis, pour d\u00e9couvrir \u00e0 partir de l\u00e0 les plus beaux aspects de la Sarre. Randonn\u00e9es, excursions en Sarre, en France voisine ou au Luxembourg, culture et d\u00e9tente \u00e0 l&rsquo;\u00e9tat pur &#8211; nous vous aiderons volontiers \u00e0...","protected":false},"author":3,"featured_media":0,"parent":33321,"menu_order":1,"comment_status":"closed","ping_status":"closed","template":"","meta":{"footnotes":""},"class_list":["post-33494","page","type-page","status-publish","hentry"],"yoast_head":"<!-- This site is optimized with the Yoast SEO plugin v27.5 - https:\/\/yoast.com\/product\/yoast-seo-wordpress\/ -->\n<title>Offre Excursion | Linslerhof<\/title>\n<meta name=\"robots\" content=\"index, follow, max-snippet:-1, max-image-preview:large, max-video-preview:-1\" \/>\n<link rel=\"canonical\" href=\"https:\/\/www.linslerhof.de\/fr\/offres\/offre-excursion\/\" \/>\n<meta property=\"og:locale\" content=\"fr_FR\" \/>\n<meta property=\"og:type\" content=\"article\" \/>\n<meta property=\"og:title\" content=\"Offre Excursion | Linslerhof\" \/>\n<meta property=\"og:url\" content=\"https:\/\/www.linslerhof.de\/fr\/offres\/offre-excursion\/\" \/>\n<meta property=\"og:site_name\" content=\"Linslerhof\" \/>\n<meta property=\"article:publisher\" content=\"https:\/\/www.facebook.com\/Linslerhof\" \/>\n<meta property=\"article:modified_time\" content=\"2025-11-05T09:13:40+00:00\" \/>\n<meta name=\"twitter:card\" content=\"summary_large_image\" \/>\n<meta name=\"twitter:label1\" content=\"Dur\u00e9e de lecture estim\u00e9e\" \/>\n\t<meta name=\"twitter:data1\" content=\"1 minute\" \/>\n<script type=\"application\/ld+json\" class=\"yoast-schema-graph\">{\"@context\":\"https:\\\/\\\/schema.org\",\"@graph\":[{\"@type\":\"WebPage\",\"@id\":\"https:\\\/\\\/www.linslerhof.de\\\/fr\\\/offres\\\/offre-excursion\\\/\",\"url\":\"https:\\\/\\\/www.linslerhof.de\\\/fr\\\/offres\\\/offre-excursion\\\/\",\"name\":\"Offre Excursion | Linslerhof\",\"isPartOf\":{\"@id\":\"https:\\\/\\\/www.linslerhof.de\\\/fr\\\/#website\"},\"datePublished\":\"2021-11-15T10:27:47+00:00\",\"dateModified\":\"2025-11-05T09:13:40+00:00\",\"breadcrumb\":{\"@id\":\"https:\\\/\\\/www.linslerhof.de\\\/fr\\\/offres\\\/offre-excursion\\\/#breadcrumb\"},\"inLanguage\":\"fr-FR\",\"potentialAction\":[{\"@type\":\"ReadAction\",\"target\":[\"https:\\\/\\\/www.linslerhof.de\\\/fr\\\/offres\\\/offre-excursion\\\/\"]}]},{\"@type\":\"BreadcrumbList\",\"@id\":\"https:\\\/\\\/www.linslerhof.de\\\/fr\\\/offres\\\/offre-excursion\\\/#breadcrumb\",\"itemListElement\":[{\"@type\":\"ListItem\",\"position\":1,\"name\":\"Startseite\",\"item\":\"https:\\\/\\\/www.linslerhof.de\\\/fr\\\/hotel-4-etoiles-en-sarre\\\/\"},{\"@type\":\"ListItem\",\"position\":2,\"name\":\"Offres\",\"item\":\"https:\\\/\\\/www.linslerhof.de\\\/fr\\\/offres\\\/\"},{\"@type\":\"ListItem\",\"position\":3,\"name\":\"Offre Excursion\"}]},{\"@type\":\"WebSite\",\"@id\":\"https:\\\/\\\/www.linslerhof.de\\\/fr\\\/#website\",\"url\":\"https:\\\/\\\/www.linslerhof.de\\\/fr\\\/\",\"name\":\"Linslerhof\",\"description\":\"Historischer Gutshof\",\"publisher\":{\"@id\":\"https:\\\/\\\/www.linslerhof.de\\\/fr\\\/#organization\"},\"potentialAction\":[{\"@type\":\"SearchAction\",\"target\":{\"@type\":\"EntryPoint\",\"urlTemplate\":\"https:\\\/\\\/www.linslerhof.de\\\/fr\\\/?s={search_term_string}\"},\"query-input\":{\"@type\":\"PropertyValueSpecification\",\"valueRequired\":true,\"valueName\":\"search_term_string\"}}],\"inLanguage\":\"fr-FR\"},{\"@type\":\"Organization\",\"@id\":\"https:\\\/\\\/www.linslerhof.de\\\/fr\\\/#organization\",\"name\":\"Linslerhof\",\"url\":\"https:\\\/\\\/www.linslerhof.de\\\/fr\\\/\",\"logo\":{\"@type\":\"ImageObject\",\"inLanguage\":\"fr-FR\",\"@id\":\"https:\\\/\\\/www.linslerhof.de\\\/fr\\\/#\\\/schema\\\/logo\\\/image\\\/\",\"url\":\"https:\\\/\\\/www.linslerhof.de\\\/wp-content\\\/uploads\\\/2020\\\/12\\\/Logo_2020.png\",\"contentUrl\":\"https:\\\/\\\/www.linslerhof.de\\\/wp-content\\\/uploads\\\/2020\\\/12\\\/Logo_2020.png\",\"width\":466,\"height\":300,\"caption\":\"Linslerhof\"},\"image\":{\"@id\":\"https:\\\/\\\/www.linslerhof.de\\\/fr\\\/#\\\/schema\\\/logo\\\/image\\\/\"},\"sameAs\":[\"https:\\\/\\\/www.facebook.com\\\/Linslerhof\",\"https:\\\/\\\/www.instagram.com\\\/linslerhof\\\/\"]}]}<\/script>\n<!-- \/ Yoast SEO plugin. -->","yoast_head_json":{"title":"Offre Excursion | Linslerhof","robots":{"index":"index","follow":"follow","max-snippet":"max-snippet:-1","max-image-preview":"max-image-preview:large","max-video-preview":"max-video-preview:-1"},"canonical":"https:\/\/www.linslerhof.de\/fr\/offres\/offre-excursion\/","og_locale":"fr_FR","og_type":"article","og_title":"Offre Excursion | Linslerhof","og_url":"https:\/\/www.linslerhof.de\/fr\/offres\/offre-excursion\/","og_site_name":"Linslerhof","article_publisher":"https:\/\/www.facebook.com\/Linslerhof","article_modified_time":"2025-11-05T09:13:40+00:00","twitter_card":"summary_large_image","twitter_misc":{"Dur\u00e9e de lecture estim\u00e9e":"1 minute"},"schema":{"@context":"https:\/\/schema.org","@graph":[{"@type":"WebPage","@id":"https:\/\/www.linslerhof.de\/fr\/offres\/offre-excursion\/","url":"https:\/\/www.linslerhof.de\/fr\/offres\/offre-excursion\/","name":"Offre Excursion | Linslerhof","isPartOf":{"@id":"https:\/\/www.linslerhof.de\/fr\/#website"},"datePublished":"2021-11-15T10:27:47+00:00","dateModified":"2025-11-05T09:13:40+00:00","breadcrumb":{"@id":"https:\/\/www.linslerhof.de\/fr\/offres\/offre-excursion\/#breadcrumb"},"inLanguage":"fr-FR","potentialAction":[{"@type":"ReadAction","target":["https:\/\/www.linslerhof.de\/fr\/offres\/offre-excursion\/"]}]},{"@type":"BreadcrumbList","@id":"https:\/\/www.linslerhof.de\/fr\/offres\/offre-excursion\/#breadcrumb","itemListElement":[{"@type":"ListItem","position":1,"name":"Startseite","item":"https:\/\/www.linslerhof.de\/fr\/hotel-4-etoiles-en-sarre\/"},{"@type":"ListItem","position":2,"name":"Offres","item":"https:\/\/www.linslerhof.de\/fr\/offres\/"},{"@type":"ListItem","position":3,"name":"Offre Excursion"}]},{"@type":"WebSite","@id":"https:\/\/www.linslerhof.de\/fr\/#website","url":"https:\/\/www.linslerhof.de\/fr\/","name":"Linslerhof","description":"Historischer Gutshof","publisher":{"@id":"https:\/\/www.linslerhof.de\/fr\/#organization"},"potentialAction":[{"@type":"SearchAction","target":{"@type":"EntryPoint","urlTemplate":"https:\/\/www.linslerhof.de\/fr\/?s={search_term_string}"},"query-input":{"@type":"PropertyValueSpecification","valueRequired":true,"valueName":"search_term_string"}}],"inLanguage":"fr-FR"},{"@type":"Organization","@id":"https:\/\/www.linslerhof.de\/fr\/#organization","name":"Linslerhof","url":"https:\/\/www.linslerhof.de\/fr\/","logo":{"@type":"ImageObject","inLanguage":"fr-FR","@id":"https:\/\/www.linslerhof.de\/fr\/#\/schema\/logo\/image\/","url":"https:\/\/www.linslerhof.de\/wp-content\/uploads\/2020\/12\/Logo_2020.png","contentUrl":"https:\/\/www.linslerhof.de\/wp-content\/uploads\/2020\/12\/Logo_2020.png","width":466,"height":300,"caption":"Linslerhof"},"image":{"@id":"https:\/\/www.linslerhof.de\/fr\/#\/schema\/logo\/image\/"},"sameAs":["https:\/\/www.facebook.com\/Linslerhof","https:\/\/www.instagram.com\/linslerhof\/"]}]}},"_links":{"self":[{"href":"https:\/\/www.linslerhof.de\/fr\/wp-json\/wp\/v2\/pages\/33494","targetHints":{"allow":["GET"]}}],"collection":[{"href":"https:\/\/www.linslerhof.de\/fr\/wp-json\/wp\/v2\/pages"}],"about":[{"href":"https:\/\/www.linslerhof.de\/fr\/wp-json\/wp\/v2\/types\/page"}],"author":[{"embeddable":true,"href":"https:\/\/www.linslerhof.de\/fr\/wp-json\/wp\/v2\/users\/3"}],"replies":[{"embeddable":true,"href":"https:\/\/www.linslerhof.de\/fr\/wp-json\/wp\/v2\/comments?post=33494"}],"version-history":[{"count":47,"href":"https:\/\/www.linslerhof.de\/fr\/wp-json\/wp\/v2\/pages\/33494\/revisions"}],"predecessor-version":[{"id":46449,"href":"https:\/\/www.linslerhof.de\/fr\/wp-json\/wp\/v2\/pages\/33494\/revisions\/46449"}],"up":[{"embeddable":true,"href":"https:\/\/www.linslerhof.de\/fr\/wp-json\/wp\/v2\/pages\/33321"}],"wp:attachment":[{"href":"https:\/\/www.linslerhof.de\/fr\/wp-json\/wp\/v2\/media?parent=33494"}],"curies":[{"name":"wp","href":"https:\/\/api.w.org\/{rel}","templated":true}]}}