{"id":33508,"date":"2022-02-03T11:32:00","date_gmt":"2022-02-03T10:32:00","guid":{"rendered":"https:\/\/dev.linslerhof.de\/formation\/"},"modified":"2025-11-21T09:39:40","modified_gmt":"2025-11-21T08:39:40","slug":"formation","status":"publish","type":"page","link":"https:\/\/www.linslerhof.de\/fr\/equipe\/formation\/","title":{"rendered":"Formation"},"content":{"rendered":"<section class=\"l-section wpb_row us_custom_8d4f5dab hide_on_mobiles height_medium\"><div class=\"l-section-h i-cf\"><div class=\"g-cols vc_row via_flex valign_top type_boxes stacking_default\"><div class=\"vc_col-sm-12 wpb_column vc_column_container fs-page-header-area fs-landscape hide_on_mobiles has_bg_color\"><div class=\"vc_column-inner us_custom_f7a9503c\"><div class=\"wpb_wrapper\"><\/div><\/div><\/div><\/div><\/div><\/section><section class=\"l-section wpb_row us_custom_3fcb7a80 fs-title-row height_medium\"><div class=\"l-section-h i-cf\"><div class=\"g-cols vc_row via_flex valign_top type_boxes stacking_default\"><div class=\"vc_col-sm-12 wpb_column vc_column_container has_bg_color\"><div class=\"vc_column-inner us_custom_d5ef216f\"><div class=\"wpb_wrapper\"><div class=\"g-cols wpb_row us_custom_f89971aa fs-inner-area via_flex valign_top type_default stacking_default\"><div class=\"vc_col-sm-12 wpb_column vc_column_container\"><div class=\"vc_column-inner us_custom_e645dbf4\"><div class=\"wpb_wrapper\"><div class=\"wpb_text_column us_custom_50cc7d67\"><div class=\"wpb_wrapper\"><h1 style=\"text-align: center;\"><strong>FORMATION<\/strong> AU LINSLERHOF<\/h1>\n<h3 style=\"text-align: left;\">R\u00e9ussir en tant qu&rsquo;apprenti de haut niveau<\/h3>\n<p style=\"text-align: left;\">Nous sommes heureux que tu t&rsquo;int\u00e9resses au Linslerhof en tant qu&rsquo;entreprise formatrice. La gastronomie et l&rsquo;h\u00f4tellerie t&rsquo;offrent des places d&rsquo;apprentissage vari\u00e9es et de belles possibilit\u00e9s de promotion. Tu aimes travailler avec les gens, tu es aimable et flexible ? Alors rejoins notre \u00e9quipe, car tu peux apprendre tout le reste au Linslerhof !<\/p>\n<\/div><\/div><\/div><\/div><\/div><\/div><\/div><\/div><\/div><\/div><\/div><\/section><section class=\"l-section wpb_row us_custom_e3cfe923 height_medium\"><div class=\"l-section-h i-cf\"><div class=\"g-cols vc_row via_flex valign_middle type_boxes stacking_default\" style=\"--additional-gap:5px;\"><div class=\"vc_col-sm-6 wpb_column vc_column_container has_bg_color\"><div class=\"vc_column-inner us_custom_9fb9c1b5\"><div class=\"wpb_wrapper\"><\/div><\/div><\/div><div class=\"vc_col-sm-6 wpb_column vc_column_container has_bg_color\"><div class=\"vc_column-inner us_custom_2c17af6b\"><div class=\"wpb_wrapper\"><div class=\"wpb_text_column us_custom_38ec8cf5\"><div class=\"wpb_wrapper\"><h2 style=\"text-align: left;\"><strong>Nous offrons<\/strong><\/h2>\n<ul>\n<li style=\"text-align: left;\">formation polyvalente dans l&rsquo;un des meilleurs h\u00f4tels de la Sarre<\/li>\n<li style=\"text-align: left;\">La premi\u00e8re pierre d&rsquo;une carri\u00e8re internationale<\/li>\n<li style=\"text-align: left;\">Esprit d&rsquo;\u00e9quipe dans un domaine familial<\/li>\n<li style=\"text-align: left;\">formation transfrontali\u00e8re possible<\/li>\n<li style=\"text-align: left;\">diverses possibilit\u00e9s de formation continue<\/li>\n<li style=\"text-align: left;\">Promotion des int\u00e9r\u00eats personnels<\/li>\n<li>Participation \u00e0 des concours<\/li>\n<li>entretiens de d\u00e9veloppement r\u00e9guliers<\/li>\n<li>Appartements pour apprentis directement \u00e0 la ferme<\/li>\n<\/ul>\n<p><a href=\"https:\/\/www.linslerhof.de\/fr\/equipe\/postuler-maintenant\/\"><span style=\"color: #d74808;\"><strong>&gt;&gt;  POSTULEZ MAINTENANT !<\/strong><\/span><\/a><\/p>\n<\/div><\/div><\/div><\/div><\/div><\/div><\/div><\/section><section class=\"l-section wpb_row us_custom_1abdb309 height_medium\"><div class=\"l-section-h i-cf\"><div class=\"g-cols vc_row via_flex valign_top type_default stacking_default\"><div class=\"vc_col-sm-12 wpb_column vc_column_container\"><div class=\"vc_column-inner\"><div class=\"wpb_wrapper\"><div class=\"w-separator size_small\"><\/div><div class=\"wpb_text_column us_custom_50cc7d67\"><div class=\"wpb_wrapper\"><h2 style=\"text-align: center;\"><strong>Nous formons<\/strong><\/h2>\n<\/div><\/div><div class=\"g-cols wpb_row via_flex valign_bottom type_boxes stacking_default\" style=\"--additional-gap:5px;\"><div class=\"vc_col-sm-6 wpb_column vc_column_container fs-linked-col  has_bg_color has-link\"><div class=\"vc_column-inner us_custom_56c3ded3 us_animate_this\"><div class=\"wpb_wrapper\"><div id=\"ultimate-heading-729269f8ef8adf3d4\" class=\"uvc-heading ult-adjust-bottom-margin ultimate-heading-729269f8ef8adf3d4 uvc-1783 fs-box-heading fs-big-height\" data-hspacer=\"no_spacer\"  data-halign=\"center\" style=\"text-align:center\"><div class=\"uvc-heading-spacer no_spacer\" style=\"top\"><\/div><div class=\"uvc-sub-heading ult-responsive\"  data-ultimate-target='.uvc-heading.ultimate-heading-729269f8ef8adf3d4 .uvc-sub-heading '  data-responsive-json-new='{\"font-size\":\"\",\"line-height\":\"\"}'  style=\"font-weight:normal;\">\n<h2><strong>Sp\u00e9cialiste en h\u00f4tellerie<\/strong> (H\/F)<br \/>\n&gt;&gt; Details<\/h2>\n<\/div><\/div><div class=\"w-separator us_custom_60ff3cc3 hide_on_default hide_on_laptops hide_on_tablets size_small\"><\/div><\/div><\/div><a title=\"Hochzeiten Feiern\" href=\"https:\/\/www.linslerhof.de\/fr\/equipe\/formation\/specialiste-en-hotellerie\/\" class=\"vc_column-link smooth-scroll\"><\/a><\/div><div class=\"vc_col-sm-6 wpb_column vc_column_container fs-linked-col  has_bg_color has-link\"><div class=\"vc_column-inner us_custom_7ca8b6f9 us_animate_this\"><div class=\"wpb_wrapper\"><div id=\"ultimate-heading-887669f8ef8adf6b1\" class=\"uvc-heading ult-adjust-bottom-margin ultimate-heading-887669f8ef8adf6b1 uvc-5669 fs-box-heading fs-big-height\" data-hspacer=\"no_spacer\"  data-halign=\"center\" style=\"text-align:center\"><div class=\"uvc-heading-spacer no_spacer\" style=\"top\"><\/div><div class=\"uvc-sub-heading ult-responsive\"  data-ultimate-target='.uvc-heading.ultimate-heading-887669f8ef8adf6b1 .uvc-sub-heading '  data-responsive-json-new='{\"font-size\":\"\",\"line-height\":\"\"}'  style=\"font-weight:normal;\">\n<h2><strong><span style=\"text-transform: uppercase;\">Sp\u00e9cialiste des restaurants &amp; de la restauration \u00e9v\u00e9nementielle <\/span><\/strong><span style=\"text-transform: uppercase;\">(H\/F)<\/span><strong><span style=\"text-transform: uppercase;\"><br \/>\n<\/span><\/strong>&gt;&gt; D\u00e9tails<\/h2>\n<\/div><\/div><\/div><\/div><a target=\"_blank\" title=\"Hochzeitsvideo\" href=\"https:\/\/www.linslerhof.de\/fr\/equipe\/formation\/\" class=\"vc_column-link smooth-scroll\"><\/a><\/div><\/div><div class=\"g-cols wpb_row us_custom_b2452879 via_flex valign_bottom type_boxes stacking_default\" style=\"--additional-gap:5px;\"><div class=\"vc_col-sm-6 wpb_column vc_column_container fs-linked-col  has_bg_color has-link\"><div class=\"vc_column-inner us_custom_b3410c5a us_animate_this\"><div class=\"wpb_wrapper\"><div id=\"ultimate-heading-773169f8ef8adf9fd\" class=\"uvc-heading ult-adjust-bottom-margin ultimate-heading-773169f8ef8adf9fd uvc-1674 fs-box-heading fs-big-height\" data-hspacer=\"no_spacer\"  data-halign=\"center\" style=\"text-align:center\"><div class=\"uvc-heading-spacer no_spacer\" style=\"top\"><\/div><div class=\"uvc-sub-heading ult-responsive\"  data-ultimate-target='.uvc-heading.ultimate-heading-773169f8ef8adf9fd .uvc-sub-heading '  data-responsive-json-new='{\"font-size\":\"\",\"line-height\":\"\"}'  style=\"font-weight:normal;\">\n<h2><strong>Agent de restauration<\/strong> (H\/F)<br \/>\n&gt;&gt; D\u00e9tails<\/h2>\n<\/div><\/div><div class=\"w-separator us_custom_60ff3cc3 hide_on_default hide_on_laptops hide_on_tablets size_small\"><\/div><\/div><\/div><a title=\"Hochzeiten Feiern\" href=\"https:\/\/www.linslerhof.de\/fr\/equipe\/formation\/\" class=\"vc_column-link smooth-scroll\"><\/a><\/div><div class=\"vc_col-sm-6 wpb_column vc_column_container fs-linked-col  has_bg_color has-link\"><div class=\"vc_column-inner us_custom_e85e34bc us_animate_this\"><div class=\"wpb_wrapper\"><div id=\"ultimate-heading-689069f8ef8adfc8e\" class=\"uvc-heading ult-adjust-bottom-margin ultimate-heading-689069f8ef8adfc8e uvc-7220 fs-box-heading fs-big-height\" data-hspacer=\"no_spacer\"  data-halign=\"center\" style=\"text-align:center\"><div class=\"uvc-heading-spacer no_spacer\" style=\"top\"><\/div><div class=\"uvc-sub-heading ult-responsive\"  data-ultimate-target='.uvc-heading.ultimate-heading-689069f8ef8adfc8e .uvc-sub-heading '  data-responsive-json-new='{\"font-size\":\"\",\"line-height\":\"\"}'  style=\"font-weight:normal;\">\n<h2><strong><span style=\"text-transform: uppercase;\">Qualification compl\u00e9mentaire \u00ab\u00a0Management dans l&rsquo;h\u00f4tellerie et la restauration<br \/>\n<\/span><\/strong>&gt;&gt; D\u00e9tails<\/h2>\n<\/div><\/div><\/div><\/div><a target=\"_blank\" title=\"Hochzeitsvideo\" href=\"https:\/\/www.linslerhof.de\/fr\/equipe\/formation\/qualification-supplementaire\/\" class=\"vc_column-link smooth-scroll\"><\/a><\/div><\/div><\/div><\/div><\/div><\/div><\/div><\/section><section class=\"l-section wpb_row us_custom_d2d8f450 height_medium\"><div class=\"l-section-h i-cf\"><div class=\"g-cols vc_row via_flex valign_middle type_boxes stacking_default\" style=\"--additional-gap:5px;\"><div class=\"vc_col-sm-6 wpb_column vc_column_container has_bg_color\"><div class=\"vc_column-inner us_custom_c7372283\"><div class=\"wpb_wrapper\"><\/div><\/div><\/div><div class=\"vc_col-sm-6 wpb_column vc_column_container has_bg_color\"><div class=\"vc_column-inner us_custom_2c17af6b\"><div class=\"wpb_wrapper\"><div class=\"wpb_text_column us_custom_38ec8cf5\"><div class=\"wpb_wrapper\"><h2 style=\"text-align: left;\"><strong>Tu apportes !<\/strong><\/h2>\n<ul>\n<li style=\"text-align: left;\">Attitude amicale et courtoise<\/li>\n<li style=\"text-align: left;\">Volont\u00e9 d&rsquo;aider<\/li>\n<li style=\"text-align: left;\">Sens des responsabilit\u00e9s<\/li>\n<li style=\"text-align: left;\">Esprit d&rsquo;\u00e9quipe &amp; flexibilit\u00e9<\/li>\n<li style=\"text-align: left;\">Grande volont\u00e9 d&rsquo;apprendre<\/li>\n<li style=\"text-align: left;\">Esprit d&rsquo;initiative et engagement<\/li>\n<li style=\"text-align: left;\">Aisance relationnelle et empathie<\/li>\n<li style=\"text-align: left;\">Penser en fonction des clients<\/li>\n<\/ul>\n<p><a href=\"https:\/\/www.linslerhof.de\/fr\/equipe\/postuler-maintenant\/\"><span style=\"color: #d74808;\"><strong>&gt;&gt;  POSTULEZ MAINTENANT !<\/strong><\/span><\/a><\/p>\n<\/div><\/div><\/div><\/div><\/div><\/div><\/div><\/section><section class=\"l-section wpb_row us_custom_cc561784 height_medium\"><div class=\"l-section-h i-cf\"><div class=\"g-cols vc_row via_flex valign_middle type_boxes stacking_default\" style=\"--additional-gap:5px;\"><div class=\"vc_col-sm-6 wpb_column vc_column_container has_bg_color\"><div class=\"vc_column-inner us_custom_2c17af6b\"><div class=\"wpb_wrapper\"><div class=\"wpb_text_column us_custom_38ec8cf5\"><div class=\"wpb_wrapper\"><h2 style=\"text-align: left;\"><strong>Ta perspective<\/strong><\/h2>\n<p>Dans notre secteur, nous r\u00e9pandons la joie de vivre et le plaisir. Les promotions rapides de l&rsquo;auzbi au chef de cuisine ou \u00e0 la direction de l&rsquo;h\u00f4tel ne sont pas exceptionnelles et, avec ta formation dans l&rsquo;h\u00f4tellerie-restauration, tu as la meilleure qualification pour diriger plus tard ton propre \u00e9tablissement et r\u00e9aliser tes r\u00eaves &#8211; que ce soit en Allemagne ou dans le monde entier.<\/p>\n<p><a href=\"https:\/\/www.linslerhof.de\/fr\/equipe\/postuler-maintenant\/\"><span style=\"color: #d74808;\"><strong>&gt;&gt;  POSTULEZ MAINTENANT !<\/strong><\/span><\/a><\/p>\n<\/div><\/div><\/div><\/div><\/div><div class=\"vc_col-sm-6 wpb_column vc_column_container has_bg_color\"><div class=\"vc_column-inner us_custom_842938ab\"><div class=\"wpb_wrapper\"><\/div><\/div><\/div><\/div><\/div><\/section><section class=\"l-section wpb_row us_custom_33fe73d0 height_medium\"><div class=\"l-section-h i-cf\"><div class=\"g-cols vc_row via_flex valign_middle type_boxes stacking_default\" style=\"--additional-gap:10px;\"><div class=\"vc_col-sm-6 wpb_column vc_column_container  has_bg_color\"><div class=\"vc_column-inner us_custom_edf9f361 us_animate_this\"><div class=\"wpb_wrapper\"><\/div><\/div><\/div><div class=\"vc_col-sm-6 wpb_column vc_column_container has_bg_color\"><div class=\"vc_column-inner us_custom_99df24c7\"><div class=\"wpb_wrapper\"><div class=\"w-image us_custom_8d5aa4e2 align_center\"><div class=\"w-image-h\"><img decoding=\"async\" width=\"600\" height=\"252\" src=\"https:\/\/www.linslerhof.de\/wp-content\/uploads\/2019\/04\/top-ausbildungsbetrieb-600x252.png\" class=\"attachment-us_600_600_crop size-us_600_600_crop\" alt=\"Der Linslerhof ist Top Ausbildungsbetrieb\" loading=\"lazy\" \/><\/div><\/div><\/div><\/div><\/div><\/div><\/div><\/section>\n","protected":false},"excerpt":{"rendered":"FORMATION AU LINSLERHOF R\u00e9ussir en tant qu&rsquo;apprenti de haut niveau Nous sommes heureux que tu t&rsquo;int\u00e9resses au Linslerhof en tant qu&rsquo;entreprise formatrice. La gastronomie et l&rsquo;h\u00f4tellerie t&rsquo;offrent des places d&rsquo;apprentissage vari\u00e9es et de belles possibilit\u00e9s de promotion. Tu aimes travailler avec les gens, tu es aimable et flexible ? Alors rejoins notre \u00e9quipe, car tu...","protected":false},"author":3,"featured_media":0,"parent":33710,"menu_order":1,"comment_status":"closed","ping_status":"closed","template":"","meta":{"footnotes":""},"class_list":["post-33508","page","type-page","status-publish","hentry"],"yoast_head":"<!-- This site is optimized with the Yoast SEO plugin v27.5 - https:\/\/yoast.com\/product\/yoast-seo-wordpress\/ -->\n<title>Formation au Linslerhof %%page% | Linslerhof<\/title>\n<meta name=\"description\" content=\"Formation au Linslerhof ! Nous recherchons des renforts dans presque tous les domaines de notre domaine. Posez votre candidature ! +++ FORMATION +++\" \/>\n<meta name=\"robots\" content=\"index, follow, max-snippet:-1, max-image-preview:large, max-video-preview:-1\" \/>\n<link rel=\"canonical\" href=\"https:\/\/www.linslerhof.de\/fr\/equipe\/formation\/\" \/>\n<meta property=\"og:locale\" content=\"fr_FR\" \/>\n<meta property=\"og:type\" content=\"article\" \/>\n<meta property=\"og:title\" content=\"Formation au Linslerhof %%page% | Linslerhof\" \/>\n<meta property=\"og:description\" content=\"Formation au Linslerhof ! Nous recherchons des renforts dans presque tous les domaines de notre domaine. Posez votre candidature ! +++ FORMATION +++\" \/>\n<meta property=\"og:url\" content=\"https:\/\/www.linslerhof.de\/fr\/equipe\/formation\/\" \/>\n<meta property=\"og:site_name\" content=\"Linslerhof\" \/>\n<meta property=\"article:publisher\" content=\"https:\/\/www.facebook.com\/Linslerhof\" \/>\n<meta property=\"article:modified_time\" content=\"2025-11-21T08:39:40+00:00\" \/>\n<meta name=\"twitter:card\" content=\"summary_large_image\" \/>\n<meta name=\"twitter:label1\" content=\"Dur\u00e9e de lecture estim\u00e9e\" \/>\n\t<meta name=\"twitter:data1\" content=\"3 minutes\" \/>\n<script type=\"application\/ld+json\" class=\"yoast-schema-graph\">{\"@context\":\"https:\\\/\\\/schema.org\",\"@graph\":[{\"@type\":\"WebPage\",\"@id\":\"https:\\\/\\\/www.linslerhof.de\\\/fr\\\/equipe\\\/formation\\\/\",\"url\":\"https:\\\/\\\/www.linslerhof.de\\\/fr\\\/equipe\\\/formation\\\/\",\"name\":\"Formation au Linslerhof %%page% | Linslerhof\",\"isPartOf\":{\"@id\":\"https:\\\/\\\/www.linslerhof.de\\\/fr\\\/#website\"},\"datePublished\":\"2022-02-03T10:32:00+00:00\",\"dateModified\":\"2025-11-21T08:39:40+00:00\",\"description\":\"Formation au Linslerhof ! Nous recherchons des renforts dans presque tous les domaines de notre domaine. Posez votre candidature ! +++ FORMATION +++\",\"breadcrumb\":{\"@id\":\"https:\\\/\\\/www.linslerhof.de\\\/fr\\\/equipe\\\/formation\\\/#breadcrumb\"},\"inLanguage\":\"fr-FR\",\"potentialAction\":[{\"@type\":\"ReadAction\",\"target\":[\"https:\\\/\\\/www.linslerhof.de\\\/fr\\\/equipe\\\/formation\\\/\"]}]},{\"@type\":\"BreadcrumbList\",\"@id\":\"https:\\\/\\\/www.linslerhof.de\\\/fr\\\/equipe\\\/formation\\\/#breadcrumb\",\"itemListElement\":[{\"@type\":\"ListItem\",\"position\":1,\"name\":\"Startseite\",\"item\":\"https:\\\/\\\/www.linslerhof.de\\\/fr\\\/hotel-4-etoiles-en-sarre\\\/\"},{\"@type\":\"ListItem\",\"position\":2,\"name\":\"\u00c9quipe\",\"item\":\"https:\\\/\\\/www.linslerhof.de\\\/fr\\\/equipe\\\/\"},{\"@type\":\"ListItem\",\"position\":3,\"name\":\"Formation\"}]},{\"@type\":\"WebSite\",\"@id\":\"https:\\\/\\\/www.linslerhof.de\\\/fr\\\/#website\",\"url\":\"https:\\\/\\\/www.linslerhof.de\\\/fr\\\/\",\"name\":\"Linslerhof\",\"description\":\"Historischer Gutshof\",\"publisher\":{\"@id\":\"https:\\\/\\\/www.linslerhof.de\\\/fr\\\/#organization\"},\"potentialAction\":[{\"@type\":\"SearchAction\",\"target\":{\"@type\":\"EntryPoint\",\"urlTemplate\":\"https:\\\/\\\/www.linslerhof.de\\\/fr\\\/?s={search_term_string}\"},\"query-input\":{\"@type\":\"PropertyValueSpecification\",\"valueRequired\":true,\"valueName\":\"search_term_string\"}}],\"inLanguage\":\"fr-FR\"},{\"@type\":\"Organization\",\"@id\":\"https:\\\/\\\/www.linslerhof.de\\\/fr\\\/#organization\",\"name\":\"Linslerhof\",\"url\":\"https:\\\/\\\/www.linslerhof.de\\\/fr\\\/\",\"logo\":{\"@type\":\"ImageObject\",\"inLanguage\":\"fr-FR\",\"@id\":\"https:\\\/\\\/www.linslerhof.de\\\/fr\\\/#\\\/schema\\\/logo\\\/image\\\/\",\"url\":\"https:\\\/\\\/www.linslerhof.de\\\/wp-content\\\/uploads\\\/2020\\\/12\\\/Logo_2020.png\",\"contentUrl\":\"https:\\\/\\\/www.linslerhof.de\\\/wp-content\\\/uploads\\\/2020\\\/12\\\/Logo_2020.png\",\"width\":466,\"height\":300,\"caption\":\"Linslerhof\"},\"image\":{\"@id\":\"https:\\\/\\\/www.linslerhof.de\\\/fr\\\/#\\\/schema\\\/logo\\\/image\\\/\"},\"sameAs\":[\"https:\\\/\\\/www.facebook.com\\\/Linslerhof\",\"https:\\\/\\\/www.instagram.com\\\/linslerhof\\\/\"]}]}<\/script>\n<!-- \/ Yoast SEO plugin. -->","yoast_head_json":{"title":"Formation au Linslerhof %%page% | Linslerhof","description":"Formation au Linslerhof ! Nous recherchons des renforts dans presque tous les domaines de notre domaine. Posez votre candidature ! +++ FORMATION +++","robots":{"index":"index","follow":"follow","max-snippet":"max-snippet:-1","max-image-preview":"max-image-preview:large","max-video-preview":"max-video-preview:-1"},"canonical":"https:\/\/www.linslerhof.de\/fr\/equipe\/formation\/","og_locale":"fr_FR","og_type":"article","og_title":"Formation au Linslerhof %%page% | Linslerhof","og_description":"Formation au Linslerhof ! Nous recherchons des renforts dans presque tous les domaines de notre domaine. Posez votre candidature ! +++ FORMATION +++","og_url":"https:\/\/www.linslerhof.de\/fr\/equipe\/formation\/","og_site_name":"Linslerhof","article_publisher":"https:\/\/www.facebook.com\/Linslerhof","article_modified_time":"2025-11-21T08:39:40+00:00","twitter_card":"summary_large_image","twitter_misc":{"Dur\u00e9e de lecture estim\u00e9e":"3 minutes"},"schema":{"@context":"https:\/\/schema.org","@graph":[{"@type":"WebPage","@id":"https:\/\/www.linslerhof.de\/fr\/equipe\/formation\/","url":"https:\/\/www.linslerhof.de\/fr\/equipe\/formation\/","name":"Formation au Linslerhof %%page% | Linslerhof","isPartOf":{"@id":"https:\/\/www.linslerhof.de\/fr\/#website"},"datePublished":"2022-02-03T10:32:00+00:00","dateModified":"2025-11-21T08:39:40+00:00","description":"Formation au Linslerhof ! Nous recherchons des renforts dans presque tous les domaines de notre domaine. Posez votre candidature ! +++ FORMATION +++","breadcrumb":{"@id":"https:\/\/www.linslerhof.de\/fr\/equipe\/formation\/#breadcrumb"},"inLanguage":"fr-FR","potentialAction":[{"@type":"ReadAction","target":["https:\/\/www.linslerhof.de\/fr\/equipe\/formation\/"]}]},{"@type":"BreadcrumbList","@id":"https:\/\/www.linslerhof.de\/fr\/equipe\/formation\/#breadcrumb","itemListElement":[{"@type":"ListItem","position":1,"name":"Startseite","item":"https:\/\/www.linslerhof.de\/fr\/hotel-4-etoiles-en-sarre\/"},{"@type":"ListItem","position":2,"name":"\u00c9quipe","item":"https:\/\/www.linslerhof.de\/fr\/equipe\/"},{"@type":"ListItem","position":3,"name":"Formation"}]},{"@type":"WebSite","@id":"https:\/\/www.linslerhof.de\/fr\/#website","url":"https:\/\/www.linslerhof.de\/fr\/","name":"Linslerhof","description":"Historischer Gutshof","publisher":{"@id":"https:\/\/www.linslerhof.de\/fr\/#organization"},"potentialAction":[{"@type":"SearchAction","target":{"@type":"EntryPoint","urlTemplate":"https:\/\/www.linslerhof.de\/fr\/?s={search_term_string}"},"query-input":{"@type":"PropertyValueSpecification","valueRequired":true,"valueName":"search_term_string"}}],"inLanguage":"fr-FR"},{"@type":"Organization","@id":"https:\/\/www.linslerhof.de\/fr\/#organization","name":"Linslerhof","url":"https:\/\/www.linslerhof.de\/fr\/","logo":{"@type":"ImageObject","inLanguage":"fr-FR","@id":"https:\/\/www.linslerhof.de\/fr\/#\/schema\/logo\/image\/","url":"https:\/\/www.linslerhof.de\/wp-content\/uploads\/2020\/12\/Logo_2020.png","contentUrl":"https:\/\/www.linslerhof.de\/wp-content\/uploads\/2020\/12\/Logo_2020.png","width":466,"height":300,"caption":"Linslerhof"},"image":{"@id":"https:\/\/www.linslerhof.de\/fr\/#\/schema\/logo\/image\/"},"sameAs":["https:\/\/www.facebook.com\/Linslerhof","https:\/\/www.instagram.com\/linslerhof\/"]}]}},"_links":{"self":[{"href":"https:\/\/www.linslerhof.de\/fr\/wp-json\/wp\/v2\/pages\/33508","targetHints":{"allow":["GET"]}}],"collection":[{"href":"https:\/\/www.linslerhof.de\/fr\/wp-json\/wp\/v2\/pages"}],"about":[{"href":"https:\/\/www.linslerhof.de\/fr\/wp-json\/wp\/v2\/types\/page"}],"author":[{"embeddable":true,"href":"https:\/\/www.linslerhof.de\/fr\/wp-json\/wp\/v2\/users\/3"}],"replies":[{"embeddable":true,"href":"https:\/\/www.linslerhof.de\/fr\/wp-json\/wp\/v2\/comments?post=33508"}],"version-history":[{"count":48,"href":"https:\/\/www.linslerhof.de\/fr\/wp-json\/wp\/v2\/pages\/33508\/revisions"}],"predecessor-version":[{"id":46566,"href":"https:\/\/www.linslerhof.de\/fr\/wp-json\/wp\/v2\/pages\/33508\/revisions\/46566"}],"up":[{"embeddable":true,"href":"https:\/\/www.linslerhof.de\/fr\/wp-json\/wp\/v2\/pages\/33710"}],"wp:attachment":[{"href":"https:\/\/www.linslerhof.de\/fr\/wp-json\/wp\/v2\/media?parent=33508"}],"curies":[{"name":"wp","href":"https:\/\/api.w.org\/{rel}","templated":true}]}}