{"id":33521,"date":"2018-11-18T18:18:28","date_gmt":"2018-11-18T17:18:28","guid":{"rendered":"https:\/\/dev.linslerhof.de\/mondes-dexperience\/randonnee-et-velo\/"},"modified":"2025-08-12T09:40:47","modified_gmt":"2025-08-12T07:40:47","slug":"randonnee-et-velo","status":"publish","type":"page","link":"https:\/\/www.linslerhof.de\/fr\/mondes-dexperience\/randonnee-et-velo\/","title":{"rendered":"Randonn\u00e9e et v\u00e9lo"},"content":{"rendered":"<section class=\"l-section wpb_row us_custom_8d4f5dab height_medium\"><div class=\"l-section-h i-cf\"><div class=\"g-cols vc_row via_flex valign_top type_boxes stacking_default\"><div class=\"vc_col-sm-12 wpb_column vc_column_container fs-page-header-area fs-landscape has_bg_color\"><div class=\"vc_column-inner us_custom_5dab0e0a\"><div class=\"wpb_wrapper\"><\/div><\/div><\/div><\/div><\/div><\/section><section class=\"l-section wpb_row us_custom_3fcb7a80 fs-title-row height_medium\"><div class=\"l-section-h i-cf\"><div class=\"g-cols vc_row via_flex valign_top type_boxes stacking_default\"><div class=\"vc_col-sm-12 wpb_column vc_column_container\"><div class=\"vc_column-inner us_custom_5af77061\"><div class=\"wpb_wrapper\"><div class=\"g-cols wpb_row us_custom_d19ec48c fs-inner-area via_flex valign_top type_default stacking_default\"><div class=\"vc_col-sm-12 wpb_column vc_column_container\"><div class=\"vc_column-inner us_custom_e645dbf4\"><div class=\"wpb_wrapper\">[vc_custom_heading text=\u00a0\u00bb<strong>Randonn\u00e9e<\/strong> et v\u00e9lo\u00a0\u00bb font_container=\u00a0\u00bbtag:h1|font_size:45px|text_align:center|line_height:1.1em\u00a0\u00bb use_theme_fonts=\u00a0\u00bbyes\u00a0\u00bb css=\u00a0\u00bb%7B%22default%22%3A%7B%22margin-top%22%3A%2220px%22%2C%22margin-bottom%22%3A%2220px%22%2C%22font-size%22%3A%2245px%22%2C%22line-height%22%3A%221.1em%22%7D%7D\u00a0\u00bb]<div class=\"wpb_text_column us_custom_50cc7d67\"><div class=\"wpb_wrapper\"><h2 style=\"text-align: left;\">Randonn\u00e9es \u00e0 pied et \u00e0 v\u00e9lo en Sarre<\/h2>\n<p style=\"text-align: left;\">Profitez de notre <a href=\"https:\/\/www.linslerhof.de\/linslerhof\/umweltschutz-nachhaltigkeit\/\">paysage idyllique <\/a>avec de magnifiques destinations d&rsquo;excursion en faisant de longues randonn\u00e9es sur notre r\u00e9seau de sentiers de randonn\u00e9e transfrontalier. Des vues vari\u00e9es vous attendent par exemple sur l&rsquo;\u00a0\u00bbAlte Grenzweg &#8211; Chemin de la Fronti\u00e8re\u00a0\u00bb.<\/p>\n<p style=\"text-align: left;\">La Sarre propose \u00e9galement de nombreux sentiers de randonn\u00e9e premium, comme le \u00ab\u00a0Vauban-Steig\u00a0\u00bb, qui passe devant le Teufelsburg sur 12,5 km de parcours int\u00e9ressant. Si vous souhaitez en savoir plus sur les beaux itin\u00e9raires et les sentiers premium pour la randonn\u00e9e et le v\u00e9lo, n&rsquo;h\u00e9sitez pas \u00e0 consulter le <strong><a href=\"https:\/\/ueberherrn.de\/freizeit-kultur-tourismus\/wandern\/\" target=\"_blank\" rel=\"noopener noreferrer\">site web de la commune d&rsquo;\u00dcberherren <\/a><\/strong>sur le site ! L&rsquo;office du tourisme de la Sarre propose \u00e9galement <a href=\"https:\/\/www.urlaub.saarland\/wanderlust\"><strong>&gt;&gt; ICI<\/strong><\/a> un aper\u00e7u des plus beaux sentiers de randonn\u00e9e locaux.<\/p>\n<p style=\"text-align: left;\">Vous n&rsquo;avez pas envie de faire une longue randonn\u00e9e, mais vous voulez quand m\u00eame profiter de la nature autour du Linslerhof tout en restant en mouvement ? Le Wendelinusweg, long de 2,5 km, fait le tour de notre ferme et se pr\u00eate \u00e0 de petites promenades, au jogging ou \u00e0 la marche.<\/p>\n<p style=\"text-align: left;\">Vous pouvez \u00e9galement explorer nos environs \u00e0 v\u00e9lo, que vous pr\u00e9f\u00e9riez faire une balade tranquille \u00e0 v\u00e9lo ou vous lancer dans une aventure en VTT. Enfourchez votre selle de v\u00e9lo et laissez-vous s\u00e9duire par la nature magnifique qui entoure le Linslerhof. Nous mettons volontiers \u00e0 votre disposition une carte cyclable et des v\u00e9los de location (5,- \u20ac de location par jour) pour votre tour \u00e0 v\u00e9lo.<\/p>\n<p style=\"text-align: left;\"><a class=\"fs-arrow-link\" href=\"https:\/\/www.linslerhof.de\/wp-content\/uploads\/2019\/04\/fahradkarte.pdf\" target=\"_blank\" rel=\"noopener noreferrer\"><strong>T\u00e9l\u00e9charger la carte g\u00e9n\u00e9rale des parcours cyclables au format PDF<\/strong><\/a><\/p>\n<\/div><\/div><div class=\"wpb_text_column us_custom_50cc7d67\"><div class=\"wpb_wrapper\"><h2 style=\"text-align: left;\"><strong>H\u00f4te de qualit\u00e9 \u00ab\u00a0Wanderbares Deutschland<\/strong><\/h2>\n<p style=\"text-align: left;\">Nous avons \u00e9t\u00e9 distingu\u00e9s par l&rsquo;association allemande de la randonn\u00e9e comme h\u00f4te de qualit\u00e9 et remplissons ainsi un grand nombre de crit\u00e8res que les amateurs de randonn\u00e9e exigeants attendent. Vous trouverez plus d&rsquo;informations \u00e0 ce sujet  <strong>&gt;&gt;<\/strong><a href=\"https:\/\/www.wanderbares-deutschland.de\/\"><strong>ICI<\/strong><\/a> .<\/p>\n<\/div><\/div><div class=\"w-image align_center\"><div class=\"w-image-h\"><img decoding=\"async\" width=\"270\" height=\"300\" src=\"https:\/\/www.linslerhof.de\/wp-content\/uploads\/2021\/08\/Qualitaetsgastgeber-allgemein-270x300.png\" class=\"attachment-medium size-medium\" alt=\"\" loading=\"lazy\" srcset=\"https:\/\/www.linslerhof.de\/wp-content\/uploads\/2021\/08\/Qualitaetsgastgeber-allgemein-270x300.png 270w, https:\/\/www.linslerhof.de\/wp-content\/uploads\/2021\/08\/Qualitaetsgastgeber-allgemein.png 804w\" sizes=\"auto, (max-width: 270px) 100vw, 270px\" \/><\/div><\/div><\/div><\/div><\/div><\/div><\/div><\/div><\/div><\/div><\/div><\/section><section class=\"l-section wpb_row us_custom_3fcb7a80 fs-title-row height_medium\"><div class=\"l-section-h i-cf\"><div class=\"g-cols vc_row via_flex valign_top type_boxes stacking_default\"><div class=\"vc_col-sm-12 wpb_column vc_column_container\"><div class=\"vc_column-inner us_custom_5af77061\"><div class=\"wpb_wrapper\"><div class=\"g-cols wpb_row us_custom_d19ec48c fs-inner-area via_flex valign_top type_default stacking_default\"><div class=\"vc_col-sm-6 wpb_column vc_column_container\"><div class=\"vc_column-inner us_custom_e645dbf4\"><div class=\"wpb_wrapper\"><div class=\"wpb_text_column us_custom_4fd89a8b\"><div class=\"wpb_wrapper\"><h2 style=\"text-align: left;\" data-pm-slice=\"1 1 &#091;&#093;\"><strong>Offre de randonn\u00e9e et de cyclisme<\/strong><\/h2>\n<p style=\"text-align: left;\" data-pm-slice=\"1 1 &#091;&#093;\">Vivez des randonn\u00e9es p\u00e9destres et cyclistes inoubliables dans la r\u00e9gion SaarLorLux !<\/p>\n<\/div><\/div><div class=\" vc_custom_1749625524963 ubtn-ctn-left \"><a class=\"ubtn-link ult-adjust-bottom-margin ubtn-left ubtn-normal \" href=\"https:\/\/reservation.one.dirs21.de\/linslerhof\/result?package_id=144792\" title=\"Wandern &amp; Radfahren\" ><button type=\"button\" id=\"ubtn-9530\"  class=\"ubtn ult-adjust-bottom-margin ult-responsive ubtn-normal ubtn-no-hover-bg  ulta-push  ubtn-left   tooltip-6a00d2108aa7f\"  data-hover=\"\" data-border-color=\"\" data-bg=\"#ea5b0b\" data-hover-bg=\"\" data-border-hover=\"\" data-shadow-hover=\"\" data-shadow-click=\"none\" data-shadow=\"\" data-shd-shadow=\"\"  data-ultimate-target='#ubtn-9530'  data-responsive-json-new='{\"font-size\":\"desktop:20px;\",\"line-height\":\"desktop:18px;\"}'  style=\"font-family:&#039;Open Sans Condensed&#039;;font-weight:normal;font-style:normal;border:none;background: #ea5b0b;color: #ffffff;\"><span class=\"ubtn-hover\" style=\"background-color:\"><\/span><span class=\"ubtn-data ubtn-text \" >INFOS &amp; R\u00c9SERVATION<\/span><\/button><\/a><\/div><\/div><\/div><\/div><div class=\"vc_col-sm-6 wpb_column vc_column_container\"><div class=\"vc_column-inner\"><div class=\"wpb_wrapper\"><div class=\"w-image align_center\"><a href=\"https:\/\/reservation.one.dirs21.de\/linslerhof\/result?package_id=144792\" aria-label=\"Angebot zum Wandern &amp; Radfahren am Linslerhof\" class=\"w-image-h\"><img decoding=\"async\" width=\"600\" height=\"354\" src=\"https:\/\/www.linslerhof.de\/wp-content\/uploads\/2025\/04\/radfahr-angebot.jpg\" class=\"attachment-large size-large\" alt=\"Angebot zum Wandern &amp; Radfahren am Linslerhof\" loading=\"lazy\" srcset=\"https:\/\/www.linslerhof.de\/wp-content\/uploads\/2025\/04\/radfahr-angebot.jpg 600w, https:\/\/www.linslerhof.de\/wp-content\/uploads\/2025\/04\/radfahr-angebot-300x177.jpg 300w\" sizes=\"auto, (max-width: 600px) 100vw, 600px\" \/><\/a><\/div><\/div><\/div><\/div><\/div><\/div><\/div><\/div><\/div><\/div><\/section>\n","protected":false},"excerpt":{"rendered":"[vc_custom_heading text=\"Randonn\u00e9e et v\u00e9lo\" font_container=\"tag:h1|font_size:45px|text_align:center|line_height:1.1em\" use_theme_fonts=\"yes\" css=\"%7B%22default%22%3A%7B%22margin-top%22%3A%2220px%22%2C%22margin-bottom%22%3A%2220px%22%2C%22font-size%22%3A%2245px%22%2C%22line-height%22%3A%221.1em%22%7D%7D\"]Randonn\u00e9es \u00e0 pied et \u00e0 v\u00e9lo en Sarre Profitez de notre paysage idyllique avec de magnifiques destinations d&rsquo;excursion en faisant de longues randonn\u00e9es sur notre r\u00e9seau de sentiers de randonn\u00e9e transfrontalier. Des vues vari\u00e9es vous attendent par exemple sur l'\u00a0\u00bbAlte Grenzweg &#8211; Chemin de la Fronti\u00e8re\u00a0\u00bb. La Sarre propose...","protected":false},"author":3,"featured_media":0,"parent":33328,"menu_order":3,"comment_status":"closed","ping_status":"closed","template":"","meta":{"footnotes":""},"class_list":["post-33521","page","type-page","status-publish","hentry"],"yoast_head":"<!-- This site is optimized with the Yoast SEO plugin v27.5 - https:\/\/yoast.com\/product\/yoast-seo-wordpress\/ -->\n<title>Randonn\u00e9e et v\u00e9lo | Linslerhof<\/title>\n<meta name=\"description\" content=\"Les magnifiques destinations d&#039;excursions dans le paysage idyllique autour du Linslerhof invitent \u00e0 faire de longues randonn\u00e9es \u00e0 pied ou \u00e0 v\u00e9lo.\" \/>\n<meta name=\"robots\" content=\"index, follow, max-snippet:-1, max-image-preview:large, max-video-preview:-1\" \/>\n<link rel=\"canonical\" href=\"https:\/\/www.linslerhof.de\/fr\/mondes-dexperience\/randonnee-et-velo\/\" \/>\n<meta property=\"og:locale\" content=\"fr_FR\" \/>\n<meta property=\"og:type\" content=\"article\" \/>\n<meta property=\"og:title\" content=\"Randonn\u00e9e et v\u00e9lo | Linslerhof\" \/>\n<meta property=\"og:description\" content=\"Les magnifiques destinations d&#039;excursions dans le paysage idyllique autour du Linslerhof invitent \u00e0 faire de longues randonn\u00e9es \u00e0 pied ou \u00e0 v\u00e9lo.\" \/>\n<meta property=\"og:url\" content=\"https:\/\/www.linslerhof.de\/fr\/mondes-dexperience\/randonnee-et-velo\/\" \/>\n<meta property=\"og:site_name\" content=\"Linslerhof\" \/>\n<meta property=\"article:publisher\" content=\"https:\/\/www.facebook.com\/Linslerhof\" \/>\n<meta property=\"article:modified_time\" content=\"2025-08-12T07:40:47+00:00\" \/>\n<meta name=\"twitter:card\" content=\"summary_large_image\" \/>\n<meta name=\"twitter:label1\" content=\"Dur\u00e9e de lecture estim\u00e9e\" \/>\n\t<meta name=\"twitter:data1\" content=\"4 minutes\" \/>\n<script type=\"application\/ld+json\" class=\"yoast-schema-graph\">{\"@context\":\"https:\\\/\\\/schema.org\",\"@graph\":[{\"@type\":\"WebPage\",\"@id\":\"https:\\\/\\\/www.linslerhof.de\\\/fr\\\/mondes-dexperience\\\/randonnee-et-velo\\\/\",\"url\":\"https:\\\/\\\/www.linslerhof.de\\\/fr\\\/mondes-dexperience\\\/randonnee-et-velo\\\/\",\"name\":\"Randonn\u00e9e et v\u00e9lo | Linslerhof\",\"isPartOf\":{\"@id\":\"https:\\\/\\\/www.linslerhof.de\\\/fr\\\/#website\"},\"datePublished\":\"2018-11-18T17:18:28+00:00\",\"dateModified\":\"2025-08-12T07:40:47+00:00\",\"description\":\"Les magnifiques destinations d'excursions dans le paysage idyllique autour du Linslerhof invitent \u00e0 faire de longues randonn\u00e9es \u00e0 pied ou \u00e0 v\u00e9lo.\",\"breadcrumb\":{\"@id\":\"https:\\\/\\\/www.linslerhof.de\\\/fr\\\/mondes-dexperience\\\/randonnee-et-velo\\\/#breadcrumb\"},\"inLanguage\":\"fr-FR\",\"potentialAction\":[{\"@type\":\"ReadAction\",\"target\":[\"https:\\\/\\\/www.linslerhof.de\\\/fr\\\/mondes-dexperience\\\/randonnee-et-velo\\\/\"]}]},{\"@type\":\"BreadcrumbList\",\"@id\":\"https:\\\/\\\/www.linslerhof.de\\\/fr\\\/mondes-dexperience\\\/randonnee-et-velo\\\/#breadcrumb\",\"itemListElement\":[{\"@type\":\"ListItem\",\"position\":1,\"name\":\"Startseite\",\"item\":\"https:\\\/\\\/www.linslerhof.de\\\/fr\\\/hotel-4-etoiles-en-sarre\\\/\"},{\"@type\":\"ListItem\",\"position\":2,\"name\":\"Mondes d&rsquo;exp\u00e9rience\",\"item\":\"https:\\\/\\\/www.linslerhof.de\\\/fr\\\/mondes-dexperience\\\/\"},{\"@type\":\"ListItem\",\"position\":3,\"name\":\"Randonn\u00e9e et v\u00e9lo\"}]},{\"@type\":\"WebSite\",\"@id\":\"https:\\\/\\\/www.linslerhof.de\\\/fr\\\/#website\",\"url\":\"https:\\\/\\\/www.linslerhof.de\\\/fr\\\/\",\"name\":\"Linslerhof\",\"description\":\"Historischer Gutshof\",\"publisher\":{\"@id\":\"https:\\\/\\\/www.linslerhof.de\\\/fr\\\/#organization\"},\"potentialAction\":[{\"@type\":\"SearchAction\",\"target\":{\"@type\":\"EntryPoint\",\"urlTemplate\":\"https:\\\/\\\/www.linslerhof.de\\\/fr\\\/?s={search_term_string}\"},\"query-input\":{\"@type\":\"PropertyValueSpecification\",\"valueRequired\":true,\"valueName\":\"search_term_string\"}}],\"inLanguage\":\"fr-FR\"},{\"@type\":\"Organization\",\"@id\":\"https:\\\/\\\/www.linslerhof.de\\\/fr\\\/#organization\",\"name\":\"Linslerhof\",\"url\":\"https:\\\/\\\/www.linslerhof.de\\\/fr\\\/\",\"logo\":{\"@type\":\"ImageObject\",\"inLanguage\":\"fr-FR\",\"@id\":\"https:\\\/\\\/www.linslerhof.de\\\/fr\\\/#\\\/schema\\\/logo\\\/image\\\/\",\"url\":\"https:\\\/\\\/www.linslerhof.de\\\/wp-content\\\/uploads\\\/2020\\\/12\\\/Logo_2020.png\",\"contentUrl\":\"https:\\\/\\\/www.linslerhof.de\\\/wp-content\\\/uploads\\\/2020\\\/12\\\/Logo_2020.png\",\"width\":466,\"height\":300,\"caption\":\"Linslerhof\"},\"image\":{\"@id\":\"https:\\\/\\\/www.linslerhof.de\\\/fr\\\/#\\\/schema\\\/logo\\\/image\\\/\"},\"sameAs\":[\"https:\\\/\\\/www.facebook.com\\\/Linslerhof\",\"https:\\\/\\\/www.instagram.com\\\/linslerhof\\\/\"]}]}<\/script>\n<!-- \/ Yoast SEO plugin. -->","yoast_head_json":{"title":"Randonn\u00e9e et v\u00e9lo | Linslerhof","description":"Les magnifiques destinations d'excursions dans le paysage idyllique autour du Linslerhof invitent \u00e0 faire de longues randonn\u00e9es \u00e0 pied ou \u00e0 v\u00e9lo.","robots":{"index":"index","follow":"follow","max-snippet":"max-snippet:-1","max-image-preview":"max-image-preview:large","max-video-preview":"max-video-preview:-1"},"canonical":"https:\/\/www.linslerhof.de\/fr\/mondes-dexperience\/randonnee-et-velo\/","og_locale":"fr_FR","og_type":"article","og_title":"Randonn\u00e9e et v\u00e9lo | Linslerhof","og_description":"Les magnifiques destinations d'excursions dans le paysage idyllique autour du Linslerhof invitent \u00e0 faire de longues randonn\u00e9es \u00e0 pied ou \u00e0 v\u00e9lo.","og_url":"https:\/\/www.linslerhof.de\/fr\/mondes-dexperience\/randonnee-et-velo\/","og_site_name":"Linslerhof","article_publisher":"https:\/\/www.facebook.com\/Linslerhof","article_modified_time":"2025-08-12T07:40:47+00:00","twitter_card":"summary_large_image","twitter_misc":{"Dur\u00e9e de lecture estim\u00e9e":"4 minutes"},"schema":{"@context":"https:\/\/schema.org","@graph":[{"@type":"WebPage","@id":"https:\/\/www.linslerhof.de\/fr\/mondes-dexperience\/randonnee-et-velo\/","url":"https:\/\/www.linslerhof.de\/fr\/mondes-dexperience\/randonnee-et-velo\/","name":"Randonn\u00e9e et v\u00e9lo | Linslerhof","isPartOf":{"@id":"https:\/\/www.linslerhof.de\/fr\/#website"},"datePublished":"2018-11-18T17:18:28+00:00","dateModified":"2025-08-12T07:40:47+00:00","description":"Les magnifiques destinations d'excursions dans le paysage idyllique autour du Linslerhof invitent \u00e0 faire de longues randonn\u00e9es \u00e0 pied ou \u00e0 v\u00e9lo.","breadcrumb":{"@id":"https:\/\/www.linslerhof.de\/fr\/mondes-dexperience\/randonnee-et-velo\/#breadcrumb"},"inLanguage":"fr-FR","potentialAction":[{"@type":"ReadAction","target":["https:\/\/www.linslerhof.de\/fr\/mondes-dexperience\/randonnee-et-velo\/"]}]},{"@type":"BreadcrumbList","@id":"https:\/\/www.linslerhof.de\/fr\/mondes-dexperience\/randonnee-et-velo\/#breadcrumb","itemListElement":[{"@type":"ListItem","position":1,"name":"Startseite","item":"https:\/\/www.linslerhof.de\/fr\/hotel-4-etoiles-en-sarre\/"},{"@type":"ListItem","position":2,"name":"Mondes d&rsquo;exp\u00e9rience","item":"https:\/\/www.linslerhof.de\/fr\/mondes-dexperience\/"},{"@type":"ListItem","position":3,"name":"Randonn\u00e9e et v\u00e9lo"}]},{"@type":"WebSite","@id":"https:\/\/www.linslerhof.de\/fr\/#website","url":"https:\/\/www.linslerhof.de\/fr\/","name":"Linslerhof","description":"Historischer Gutshof","publisher":{"@id":"https:\/\/www.linslerhof.de\/fr\/#organization"},"potentialAction":[{"@type":"SearchAction","target":{"@type":"EntryPoint","urlTemplate":"https:\/\/www.linslerhof.de\/fr\/?s={search_term_string}"},"query-input":{"@type":"PropertyValueSpecification","valueRequired":true,"valueName":"search_term_string"}}],"inLanguage":"fr-FR"},{"@type":"Organization","@id":"https:\/\/www.linslerhof.de\/fr\/#organization","name":"Linslerhof","url":"https:\/\/www.linslerhof.de\/fr\/","logo":{"@type":"ImageObject","inLanguage":"fr-FR","@id":"https:\/\/www.linslerhof.de\/fr\/#\/schema\/logo\/image\/","url":"https:\/\/www.linslerhof.de\/wp-content\/uploads\/2020\/12\/Logo_2020.png","contentUrl":"https:\/\/www.linslerhof.de\/wp-content\/uploads\/2020\/12\/Logo_2020.png","width":466,"height":300,"caption":"Linslerhof"},"image":{"@id":"https:\/\/www.linslerhof.de\/fr\/#\/schema\/logo\/image\/"},"sameAs":["https:\/\/www.facebook.com\/Linslerhof","https:\/\/www.instagram.com\/linslerhof\/"]}]}},"_links":{"self":[{"href":"https:\/\/www.linslerhof.de\/fr\/wp-json\/wp\/v2\/pages\/33521","targetHints":{"allow":["GET"]}}],"collection":[{"href":"https:\/\/www.linslerhof.de\/fr\/wp-json\/wp\/v2\/pages"}],"about":[{"href":"https:\/\/www.linslerhof.de\/fr\/wp-json\/wp\/v2\/types\/page"}],"author":[{"embeddable":true,"href":"https:\/\/www.linslerhof.de\/fr\/wp-json\/wp\/v2\/users\/3"}],"replies":[{"embeddable":true,"href":"https:\/\/www.linslerhof.de\/fr\/wp-json\/wp\/v2\/comments?post=33521"}],"version-history":[{"count":28,"href":"https:\/\/www.linslerhof.de\/fr\/wp-json\/wp\/v2\/pages\/33521\/revisions"}],"predecessor-version":[{"id":44959,"href":"https:\/\/www.linslerhof.de\/fr\/wp-json\/wp\/v2\/pages\/33521\/revisions\/44959"}],"up":[{"embeddable":true,"href":"https:\/\/www.linslerhof.de\/fr\/wp-json\/wp\/v2\/pages\/33328"}],"wp:attachment":[{"href":"https:\/\/www.linslerhof.de\/fr\/wp-json\/wp\/v2\/media?parent=33521"}],"curies":[{"name":"wp","href":"https:\/\/api.w.org\/{rel}","templated":true}]}}