{"id":33547,"date":"2022-02-11T12:47:57","date_gmt":"2022-02-11T11:47:57","guid":{"rendered":"https:\/\/dev.linslerhof.de\/mondes-dexperience\/saarland-card-de\/"},"modified":"2025-10-01T15:18:07","modified_gmt":"2025-10-01T13:18:07","slug":"saarland-card-de","status":"publish","type":"page","link":"https:\/\/www.linslerhof.de\/fr\/mondes-dexperience\/saarland-card-de\/","title":{"rendered":"Saarland Card DE"},"content":{"rendered":"<section class=\"l-section wpb_row us_custom_8d4f5dab height_medium\"><div class=\"l-section-h i-cf\"><div class=\"g-cols vc_row via_flex valign_top type_boxes stacking_default\"><div class=\"vc_col-sm-12 wpb_column vc_column_container fs-page-header-area fs-landscape has_bg_color\"><div class=\"vc_column-inner us_custom_1c839e9c\"><div class=\"wpb_wrapper\"><\/div><\/div><\/div><\/div><\/div><\/section><section class=\"l-section wpb_row us_custom_3fcb7a80 fs-title-row height_medium\"><div class=\"l-section-h i-cf\"><div class=\"g-cols vc_row via_flex valign_top type_boxes stacking_default\"><div class=\"vc_col-sm-12 wpb_column vc_column_container\"><div class=\"vc_column-inner us_custom_5af77061\"><div class=\"wpb_wrapper\"><div class=\"g-cols wpb_row us_custom_d19ec48c fs-inner-area via_flex valign_top type_default stacking_default\"><div class=\"vc_col-sm-12 wpb_column vc_column_container\"><div class=\"vc_column-inner us_custom_e645dbf4\"><div class=\"wpb_wrapper\">[vc_custom_heading text=\u00a0\u00bb<strong>Saarland Card<\/strong> &#8211; UNE CARTE. DES AVANTAGES FANTASTIQUES\u00a0\u00bb font_container=\u00a0\u00bbtag:h1|text_align:center\u00a0\u00bb use_theme_fonts=\u00a0\u00bbyes\u00a0\u00bb css=\u00a0\u00bb%7B%22default%22%3A%7B%22font-size%22%3A%2245px%22%2C%22line-height%22%3A%221.1em%22%2C%22margin-top%22%3A%2220px%22%2C%22margin-bottom%22%3A%2220px%22%7D%7D\u00a0\u00bb]<div class=\"wpb_text_column us_custom_50cc7d67\"><div class=\"wpb_wrapper\"><p style=\"text-align: left;\">Avec la Saarland Card, d\u00e9couvrez des activit\u00e9s passionnantes, insolites et <a href=\"https:\/\/www.linslerhof.de\/erlebniswelten\/sehenswuerdigkeiten\/\"><br \/>\n  <strong>des attractions en Sarre <\/strong><br \/>\n<\/a>et au-del\u00e0 des fronti\u00e8res &#8211; et ce, sans frais suppl\u00e9mentaires. De plus, la <a href=\"https:\/\/www.urlaub.saarland\/Reisefuehrer\/Saarland-Card\"><br \/>\n  <strong>Saarland Card <\/strong><br \/>\n<\/a>votre billet de bus et de train en Sarre.<\/p>\n<p style=\"text-align: left;\">1. R\u00e9servez au moins 2 nuit\u00e9es chez nous et recevez gratuitement la Saarland Card \u00e0 votre arriv\u00e9e.<\/p>\n<p style=\"text-align: left;\">2. T\u00e9l\u00e9chargez l&rsquo;application \u00ab\u00a0Guide de la Sarre\u00a0\u00bb sur votre smartphone. Ensuite, sous \u00ab\u00a0Ma Saarland Card\u00a0\u00bb, entrez le code que vous avez re\u00e7u de votre h\u00f4te.<\/p>\n<p style=\"text-align: left;\">3. Il y a un code QR pour l&rsquo;utilisation des attractions et un autre code QR pour l&rsquo;utilisation des transports en commun sarrois (en cliquant sur le bus jaune). Ces codes sont valables pour toutes les personnes qui se sont inscrites avec vous chez l&rsquo;h\u00f4te (p.ex. partenaire, famille, groupe, etc.).<\/p>\n<p style=\"text-align: left;\">4. Ensuite, c&rsquo;est parti ! Organisez vos vacances en Sarre comme vous le souhaitez. Avec plus de 100 attractions participantes, tous les souhaits seront combl\u00e9s.<\/p>\n<p style=\"text-align: left;\">5. Laissez votre voiture et partez \u00e0 la d\u00e9couverte de la Sarre. L&rsquo;utilisation des transports publics sur le r\u00e9seau de lignes du saarVV est gratuite pendant vos vacances gr\u00e2ce \u00e0 la Saarland Card !<\/p>\n<\/div><\/div><\/div><\/div><\/div><\/div><\/div><\/div><\/div><\/div><\/div><\/section><section class=\"l-section wpb_row us_custom_e3cfe923 height_medium\"><div class=\"l-section-h i-cf\"><div class=\"g-cols vc_row via_flex valign_top type_default stacking_default\"><div class=\"vc_col-sm-12 wpb_column vc_column_container\"><div class=\"vc_column-inner\"><div class=\"wpb_wrapper\">[vc_custom_heading text=\u00a0\u00bb<strong>Attractions<\/strong>\u00a0\u00bb font_container=\u00a0\u00bbtag:h1|text_align:center\u00a0\u00bb use_theme_fonts=\u00a0\u00bbyes\u00a0\u00bb css=\u00a0\u00bb%7B%22default%22%3A%7B%22font-size%22%3A%2245px%22%2C%22line-height%22%3A%221.1em%22%2C%22margin-top%22%3A%2220px%22%2C%22margin-bottom%22%3A%2220px%22%7D%7D\u00a0\u00bb link=\u00a0\u00bburl:https%3A%2F%2Fwww.urlaub.saarland%2FReisefuehrer%2FSaarland-Card%2FSaarland-Card-Attraktionen|target:_blank|\u00a0\u00bb][vc_raw_html]PHRvdWJpei13aWRnZXQgcm91dGU9Ii9hcnRpY2xlIiBsYW5nPSJkZSIgY2xhc3M9InRvdWJpei13aWRnZXQiIGFwaS10b2tlbj0iJDJ5JDEwJEtJWkFqMjkxSjN4ZVM5NFhTR3BZek9UbnhqenVHREtjWlM3OVgxaktySGpicDlMdHNGRDVXIiBiYXNlLXVyaT0iaHR0cHM6Ly9tZWluLnRvdWJpei5kZSIgc2VyaWFsaXplZC1jb25maWd1cmF0aW9uPSJ7aGlkZGVuVmlzaXRvckNoYW5uZWxpbmdTZWN0aW9uczogWydwYXJraW5nJywgJ2NhcGFjaXR5JywgJ2FjY2VzcycsICdpbmNpZGVuY2UnLCd0aWNrZXQnXSwgZGlzcGxheUVsZW1lbnRUaXRsZTogZmFsc2UsICAgICAgICAgcXVlcnk6eyAgICAgICAgICAgICBmaWx0ZXI6eyAgICAgICAgICAgICAgICAgZWxlbWVudDoncG9pbnRzJywgICAgICAgICAgICAgICAgIGNsaWVudEluY2x1ZGluZ01hbmFnZWQ6ICcnLCAgICAgICAgICAgICAgICAgYXdhcmRzOlsnMjc0MmEzYTItZGViZS00YTZlLWEwMzEtMzdkMjE3MTljN2NjJ10gICAgICAgICAgICAgfSAgICAgICAgIH0gICAgIH0iPgo8L3RvdWJpei13aWRnZXQ+CjxzY3JpcHQgc3JjPSJodHRwczovL3dpZGdldC50b3ViaXouZGUvanMvc3RhYmxlL3dpZGdldC5qcyI+Cjwvc2NyaXB0Pg==[\/vc_raw_html]<\/div><\/div><\/div><\/div><\/div><\/section>\n","protected":false},"excerpt":{"rendered":"[vc_custom_heading text=\"Saarland Card - UNE CARTE. DES AVANTAGES FANTASTIQUES\" font_container=\"tag:h1|text_align:center\" use_theme_fonts=\"yes\" css=\"%7B%22default%22%3A%7B%22font-size%22%3A%2245px%22%2C%22line-height%22%3A%221.1em%22%2C%22margin-top%22%3A%2220px%22%2C%22margin-bottom%22%3A%2220px%22%7D%7D\"]Avec la Saarland Card, d\u00e9couvrez des activit\u00e9s passionnantes, insolites et des attractions en Sarre et au-del\u00e0 des fronti\u00e8res &#8211; et ce, sans frais suppl\u00e9mentaires. De plus, la Saarland Card votre billet de bus et de train en Sarre. 1. R\u00e9servez au moins 2 nuit\u00e9es...","protected":false},"author":3,"featured_media":0,"parent":33328,"menu_order":1,"comment_status":"closed","ping_status":"closed","template":"","meta":{"footnotes":""},"class_list":["post-33547","page","type-page","status-publish","hentry"],"yoast_head":"<!-- This site is optimized with the Yoast SEO plugin v27.5 - https:\/\/yoast.com\/product\/yoast-seo-wordpress\/ -->\n<title>Saarland Card DE | Linslerhof<\/title>\n<meta name=\"description\" content=\"Avec la Saarland Card, organisez des excursions passionnantes au d\u00e9part du Linslerhof et profitez de multiples r\u00e9ductions !\" \/>\n<meta name=\"robots\" content=\"index, follow, max-snippet:-1, max-image-preview:large, max-video-preview:-1\" \/>\n<link rel=\"canonical\" href=\"https:\/\/www.linslerhof.de\/fr\/mondes-dexperience\/saarland-card-de\/\" \/>\n<meta property=\"og:locale\" content=\"fr_FR\" \/>\n<meta property=\"og:type\" content=\"article\" \/>\n<meta property=\"og:title\" content=\"Saarland Card DE | Linslerhof\" \/>\n<meta property=\"og:description\" content=\"Avec la Saarland Card, organisez des excursions passionnantes au d\u00e9part du Linslerhof et profitez de multiples r\u00e9ductions !\" \/>\n<meta property=\"og:url\" content=\"https:\/\/www.linslerhof.de\/fr\/mondes-dexperience\/saarland-card-de\/\" \/>\n<meta property=\"og:site_name\" content=\"Linslerhof\" \/>\n<meta property=\"article:publisher\" content=\"https:\/\/www.facebook.com\/Linslerhof\" \/>\n<meta property=\"article:modified_time\" content=\"2025-10-01T13:18:07+00:00\" \/>\n<meta name=\"twitter:card\" content=\"summary_large_image\" \/>\n<meta name=\"twitter:label1\" content=\"Dur\u00e9e de lecture estim\u00e9e\" \/>\n\t<meta name=\"twitter:data1\" content=\"2 minutes\" \/>\n<script type=\"application\/ld+json\" class=\"yoast-schema-graph\">{\"@context\":\"https:\\\/\\\/schema.org\",\"@graph\":[{\"@type\":\"WebPage\",\"@id\":\"https:\\\/\\\/www.linslerhof.de\\\/fr\\\/mondes-dexperience\\\/saarland-card-de\\\/\",\"url\":\"https:\\\/\\\/www.linslerhof.de\\\/fr\\\/mondes-dexperience\\\/saarland-card-de\\\/\",\"name\":\"Saarland Card DE | Linslerhof\",\"isPartOf\":{\"@id\":\"https:\\\/\\\/www.linslerhof.de\\\/fr\\\/#website\"},\"datePublished\":\"2022-02-11T11:47:57+00:00\",\"dateModified\":\"2025-10-01T13:18:07+00:00\",\"description\":\"Avec la Saarland Card, organisez des excursions passionnantes au d\u00e9part du Linslerhof et profitez de multiples r\u00e9ductions !\",\"breadcrumb\":{\"@id\":\"https:\\\/\\\/www.linslerhof.de\\\/fr\\\/mondes-dexperience\\\/saarland-card-de\\\/#breadcrumb\"},\"inLanguage\":\"fr-FR\",\"potentialAction\":[{\"@type\":\"ReadAction\",\"target\":[\"https:\\\/\\\/www.linslerhof.de\\\/fr\\\/mondes-dexperience\\\/saarland-card-de\\\/\"]}]},{\"@type\":\"BreadcrumbList\",\"@id\":\"https:\\\/\\\/www.linslerhof.de\\\/fr\\\/mondes-dexperience\\\/saarland-card-de\\\/#breadcrumb\",\"itemListElement\":[{\"@type\":\"ListItem\",\"position\":1,\"name\":\"Startseite\",\"item\":\"https:\\\/\\\/www.linslerhof.de\\\/fr\\\/hotel-4-etoiles-en-sarre\\\/\"},{\"@type\":\"ListItem\",\"position\":2,\"name\":\"Mondes d&rsquo;exp\u00e9rience\",\"item\":\"https:\\\/\\\/www.linslerhof.de\\\/fr\\\/mondes-dexperience\\\/\"},{\"@type\":\"ListItem\",\"position\":3,\"name\":\"Saarland Card DE\"}]},{\"@type\":\"WebSite\",\"@id\":\"https:\\\/\\\/www.linslerhof.de\\\/fr\\\/#website\",\"url\":\"https:\\\/\\\/www.linslerhof.de\\\/fr\\\/\",\"name\":\"Linslerhof\",\"description\":\"Historischer Gutshof\",\"publisher\":{\"@id\":\"https:\\\/\\\/www.linslerhof.de\\\/fr\\\/#organization\"},\"potentialAction\":[{\"@type\":\"SearchAction\",\"target\":{\"@type\":\"EntryPoint\",\"urlTemplate\":\"https:\\\/\\\/www.linslerhof.de\\\/fr\\\/?s={search_term_string}\"},\"query-input\":{\"@type\":\"PropertyValueSpecification\",\"valueRequired\":true,\"valueName\":\"search_term_string\"}}],\"inLanguage\":\"fr-FR\"},{\"@type\":\"Organization\",\"@id\":\"https:\\\/\\\/www.linslerhof.de\\\/fr\\\/#organization\",\"name\":\"Linslerhof\",\"url\":\"https:\\\/\\\/www.linslerhof.de\\\/fr\\\/\",\"logo\":{\"@type\":\"ImageObject\",\"inLanguage\":\"fr-FR\",\"@id\":\"https:\\\/\\\/www.linslerhof.de\\\/fr\\\/#\\\/schema\\\/logo\\\/image\\\/\",\"url\":\"https:\\\/\\\/www.linslerhof.de\\\/wp-content\\\/uploads\\\/2020\\\/12\\\/Logo_2020.png\",\"contentUrl\":\"https:\\\/\\\/www.linslerhof.de\\\/wp-content\\\/uploads\\\/2020\\\/12\\\/Logo_2020.png\",\"width\":466,\"height\":300,\"caption\":\"Linslerhof\"},\"image\":{\"@id\":\"https:\\\/\\\/www.linslerhof.de\\\/fr\\\/#\\\/schema\\\/logo\\\/image\\\/\"},\"sameAs\":[\"https:\\\/\\\/www.facebook.com\\\/Linslerhof\",\"https:\\\/\\\/www.instagram.com\\\/linslerhof\\\/\"]}]}<\/script>\n<!-- \/ Yoast SEO plugin. -->","yoast_head_json":{"title":"Saarland Card DE | Linslerhof","description":"Avec la Saarland Card, organisez des excursions passionnantes au d\u00e9part du Linslerhof et profitez de multiples r\u00e9ductions !","robots":{"index":"index","follow":"follow","max-snippet":"max-snippet:-1","max-image-preview":"max-image-preview:large","max-video-preview":"max-video-preview:-1"},"canonical":"https:\/\/www.linslerhof.de\/fr\/mondes-dexperience\/saarland-card-de\/","og_locale":"fr_FR","og_type":"article","og_title":"Saarland Card DE | Linslerhof","og_description":"Avec la Saarland Card, organisez des excursions passionnantes au d\u00e9part du Linslerhof et profitez de multiples r\u00e9ductions !","og_url":"https:\/\/www.linslerhof.de\/fr\/mondes-dexperience\/saarland-card-de\/","og_site_name":"Linslerhof","article_publisher":"https:\/\/www.facebook.com\/Linslerhof","article_modified_time":"2025-10-01T13:18:07+00:00","twitter_card":"summary_large_image","twitter_misc":{"Dur\u00e9e de lecture estim\u00e9e":"2 minutes"},"schema":{"@context":"https:\/\/schema.org","@graph":[{"@type":"WebPage","@id":"https:\/\/www.linslerhof.de\/fr\/mondes-dexperience\/saarland-card-de\/","url":"https:\/\/www.linslerhof.de\/fr\/mondes-dexperience\/saarland-card-de\/","name":"Saarland Card DE | Linslerhof","isPartOf":{"@id":"https:\/\/www.linslerhof.de\/fr\/#website"},"datePublished":"2022-02-11T11:47:57+00:00","dateModified":"2025-10-01T13:18:07+00:00","description":"Avec la Saarland Card, organisez des excursions passionnantes au d\u00e9part du Linslerhof et profitez de multiples r\u00e9ductions !","breadcrumb":{"@id":"https:\/\/www.linslerhof.de\/fr\/mondes-dexperience\/saarland-card-de\/#breadcrumb"},"inLanguage":"fr-FR","potentialAction":[{"@type":"ReadAction","target":["https:\/\/www.linslerhof.de\/fr\/mondes-dexperience\/saarland-card-de\/"]}]},{"@type":"BreadcrumbList","@id":"https:\/\/www.linslerhof.de\/fr\/mondes-dexperience\/saarland-card-de\/#breadcrumb","itemListElement":[{"@type":"ListItem","position":1,"name":"Startseite","item":"https:\/\/www.linslerhof.de\/fr\/hotel-4-etoiles-en-sarre\/"},{"@type":"ListItem","position":2,"name":"Mondes d&rsquo;exp\u00e9rience","item":"https:\/\/www.linslerhof.de\/fr\/mondes-dexperience\/"},{"@type":"ListItem","position":3,"name":"Saarland Card DE"}]},{"@type":"WebSite","@id":"https:\/\/www.linslerhof.de\/fr\/#website","url":"https:\/\/www.linslerhof.de\/fr\/","name":"Linslerhof","description":"Historischer Gutshof","publisher":{"@id":"https:\/\/www.linslerhof.de\/fr\/#organization"},"potentialAction":[{"@type":"SearchAction","target":{"@type":"EntryPoint","urlTemplate":"https:\/\/www.linslerhof.de\/fr\/?s={search_term_string}"},"query-input":{"@type":"PropertyValueSpecification","valueRequired":true,"valueName":"search_term_string"}}],"inLanguage":"fr-FR"},{"@type":"Organization","@id":"https:\/\/www.linslerhof.de\/fr\/#organization","name":"Linslerhof","url":"https:\/\/www.linslerhof.de\/fr\/","logo":{"@type":"ImageObject","inLanguage":"fr-FR","@id":"https:\/\/www.linslerhof.de\/fr\/#\/schema\/logo\/image\/","url":"https:\/\/www.linslerhof.de\/wp-content\/uploads\/2020\/12\/Logo_2020.png","contentUrl":"https:\/\/www.linslerhof.de\/wp-content\/uploads\/2020\/12\/Logo_2020.png","width":466,"height":300,"caption":"Linslerhof"},"image":{"@id":"https:\/\/www.linslerhof.de\/fr\/#\/schema\/logo\/image\/"},"sameAs":["https:\/\/www.facebook.com\/Linslerhof","https:\/\/www.instagram.com\/linslerhof\/"]}]}},"_links":{"self":[{"href":"https:\/\/www.linslerhof.de\/fr\/wp-json\/wp\/v2\/pages\/33547","targetHints":{"allow":["GET"]}}],"collection":[{"href":"https:\/\/www.linslerhof.de\/fr\/wp-json\/wp\/v2\/pages"}],"about":[{"href":"https:\/\/www.linslerhof.de\/fr\/wp-json\/wp\/v2\/types\/page"}],"author":[{"embeddable":true,"href":"https:\/\/www.linslerhof.de\/fr\/wp-json\/wp\/v2\/users\/3"}],"replies":[{"embeddable":true,"href":"https:\/\/www.linslerhof.de\/fr\/wp-json\/wp\/v2\/comments?post=33547"}],"version-history":[{"count":27,"href":"https:\/\/www.linslerhof.de\/fr\/wp-json\/wp\/v2\/pages\/33547\/revisions"}],"predecessor-version":[{"id":45988,"href":"https:\/\/www.linslerhof.de\/fr\/wp-json\/wp\/v2\/pages\/33547\/revisions\/45988"}],"up":[{"embeddable":true,"href":"https:\/\/www.linslerhof.de\/fr\/wp-json\/wp\/v2\/pages\/33328"}],"wp:attachment":[{"href":"https:\/\/www.linslerhof.de\/fr\/wp-json\/wp\/v2\/media?parent=33547"}],"curies":[{"name":"wp","href":"https:\/\/api.w.org\/{rel}","templated":true}]}}