{"id":33550,"date":"2023-08-09T14:09:44","date_gmt":"2023-08-09T12:09:44","guid":{"rendered":"https:\/\/dev.linslerhof.de\/lieu-devenement-en-sarre\/demandes-devenements\/"},"modified":"2026-01-22T11:11:54","modified_gmt":"2026-01-22T10:11:54","slug":"demandes-devenements","status":"publish","type":"page","link":"https:\/\/www.linslerhof.de\/fr\/lieu-devenement-en-sarre\/demandes-devenements\/","title":{"rendered":"Demandes d&rsquo;\u00e9v\u00e9nements"},"content":{"rendered":"<section class=\"l-section wpb_row us_custom_8d4f5dab height_medium\"><div class=\"l-section-h i-cf\"><div class=\"g-cols vc_row via_flex valign_top type_boxes stacking_default\"><div class=\"vc_col-sm-12 wpb_column vc_column_container fs-page-header-area fs-landscape hide_on_mobiles has_bg_color\"><div class=\"vc_column-inner us_custom_6805c22c\"><div class=\"wpb_wrapper\"><\/div><\/div><\/div><\/div><\/div><\/section><section class=\"l-section wpb_row us_custom_3fcb7a80 fs-title-row height_medium\"><div class=\"l-section-h i-cf\"><div class=\"g-cols vc_row via_flex valign_top type_boxes stacking_default\"><div class=\"vc_col-sm-12 wpb_column vc_column_container\"><div class=\"vc_column-inner us_custom_5af77061\"><div class=\"wpb_wrapper\"><div class=\"g-cols wpb_row us_custom_d19ec48c fs-inner-area via_flex valign_top type_default stacking_default\"><div class=\"vc_col-sm-12 wpb_column vc_column_container\"><div class=\"vc_column-inner us_custom_e645dbf4\"><div class=\"wpb_wrapper\"><div class=\"wpb_text_column us_custom_50cc7d67\"><div class=\"wpb_wrapper\"><h1 style=\"text-align: center;\"><strong>Demander un \u00e9v\u00e9nement<\/strong> en Sarre<\/h1>\n<p style=\"text-align: left;\">Nous nous ferons un plaisir de vous aider \u00e0 planifier votre f\u00eate !<br \/>\nVous pouvez joindre notre \u00e9quipe de banquets autour de Kathrin Schleich par t\u00e9l\u00e9phone au <strong><a href=\"tel:+49683680766\">06836-807-66<\/a> <\/strong>et par e-mail \u00e0<strong> <a href=\"mailto:%20bankett@linslerhof.de\">bankett@linslerhof.de<\/a> <\/strong>ou utilisez notre formulaire de contact directement ici :<\/p>\n<\/div><\/div>\n<div class=\"wpcf7 no-js\" id=\"wpcf7-f33881-o1\" lang=\"fr-FR\" dir=\"ltr\">\n<div class=\"screen-reader-response\"><p role=\"status\" aria-live=\"polite\" aria-atomic=\"true\"><\/p> <ul><\/ul><\/div>\n<form action=\"\/fr\/wp-json\/wp\/v2\/pages\/33550#wpcf7-f33881-o1\" method=\"post\" class=\"wpcf7-form init\" aria-label=\"Formulaire de contact\" novalidate=\"novalidate\" data-status=\"init\">\n<div style=\"display: none;\">\n<input type=\"hidden\" name=\"_wpcf7\" value=\"33881\" \/>\n<input type=\"hidden\" name=\"_wpcf7_version\" value=\"59.9.3\" \/>\n<input type=\"hidden\" name=\"_wpcf7_locale\" value=\"fr_FR\" \/>\n<input type=\"hidden\" name=\"_wpcf7_unit_tag\" value=\"wpcf7-f33881-o1\" \/>\n<input type=\"hidden\" name=\"_wpcf7_container_post\" value=\"0\" \/>\n<input type=\"hidden\" name=\"_wpcf7_posted_data_hash\" value=\"\" \/>\n<\/div>\n<div class=\"nrcf7\">\n\t<div class=\"cf7-col-50 first\">\n\t\t<p><span class=\"wpcf7-form-control-wrap\" data-name=\"fe-vorname\"><input size=\"40\" class=\"wpcf7-form-control wpcf7-text wpcf7-validates-as-required\" aria-required=\"true\" aria-invalid=\"false\" placeholder=\"Pr\u00e9nom\" value=\"\" type=\"text\" name=\"fe-vorname\" \/><\/span>\n\t\t<\/p>\n\t<\/div>\n\t<div class=\"cf7-col-50 last\">\n\t\t<p><span class=\"wpcf7-form-control-wrap\" data-name=\"fe-nachname\"><input size=\"40\" class=\"wpcf7-form-control wpcf7-text wpcf7-validates-as-required\" aria-required=\"true\" aria-invalid=\"false\" placeholder=\"Nom de famille\" value=\"\" type=\"text\" name=\"fe-nachname\" \/><\/span>\n\t\t<\/p>\n\t<\/div>\n\t<div class=\"cf7-col-50 first\">\n\t\t<p><span class=\"wpcf7-form-control-wrap\" data-name=\"fe-telefon\"><input size=\"40\" class=\"wpcf7-form-control wpcf7-text\" aria-invalid=\"false\" placeholder=\"T\u00e9l\u00e9phone\" value=\"\" type=\"text\" name=\"fe-telefon\" \/><\/span>\n\t\t<\/p>\n\t<\/div>\n\t<div class=\"cf7-col-50 last\">\n\t\t<p><span class=\"wpcf7-form-control-wrap\" data-name=\"fe-email\"><input size=\"40\" class=\"wpcf7-form-control wpcf7-email wpcf7-validates-as-required wpcf7-text wpcf7-validates-as-email\" aria-required=\"true\" aria-invalid=\"false\" placeholder=\"Adresse \u00e9lectronique\" value=\"\" type=\"email\" name=\"fe-email\" \/><\/span>\n\t\t<\/p>\n\t<\/div>\n\t<div class=\"cf7-row\">\n\t\t<div class=\"cf7-col-100\">\n\t\t\t<p><span class=\"wpcf7-form-control-wrap\" data-name=\"fe-allgemeine-nachricht\"><textarea cols=\"40\" rows=\"4\" class=\"wpcf7-form-control wpcf7-textarea\" aria-invalid=\"false\" placeholder=\"Nous organisons volontiers votre f\u00eate ou votre \u00e9v\u00e9nement. Ecrivez-nous simplement vos coordonn\u00e9es et l&#039;heure \u00e0 laquelle vous \u00eates le plus facilement joignable, et nous vous contacterons avec plaisir !   Veuillez indiquer ci-dessous la date souhait\u00e9e et le nombre approximatif de personnes - vous pouvez \u00e9galement indiquer des alternatives ici. Merci beaucoup !\" name=\"fe-allgemeine-nachricht\"><\/textarea><\/span>\n\t\t\t<\/p>\n\t\t<\/div>\n\t\t<div class=\"cf7-col-50 last\">\n\t\t\t<p><span class=\"wpcf7-form-control-wrap\" data-name=\"date-718\"><input class=\"wpcf7-form-control wpcf7-date wpcf7-validates-as-required wpcf7-validates-as-date\" aria-required=\"true\" aria-invalid=\"false\" placeholder=\"Votre date souhait\u00e9e\" value=\"\" type=\"date\" name=\"date-718\" \/><\/span>\n\t\t\t<\/p>\n\t\t<\/div>\n\t\t<div class=\"cf7-col-50 last\">\n\t\t\t<p><span class=\"wpcf7-form-control-wrap\" data-name=\"number-449\"><input class=\"wpcf7-form-control wpcf7-number wpcf7-validates-as-required wpcf7-validates-as-number\" aria-required=\"true\" aria-invalid=\"false\" placeholder=\"Nombre de personnes souhait\u00e9es\" value=\"\" type=\"number\" name=\"number-449\" \/><\/span>\n\t\t\t<\/p>\n\t\t<\/div>\n\t<\/div>\n\n\n\n\n<!-- Abschluss des Formulares -->\n\t<div class=\"cf7-row\">\n\t\t<div class=\"cf7-col-100\">\n\t\t\t<p><span class=\"wpcf7-form-control-wrap\" data-name=\"acceptance-46\"><span class=\"wpcf7-form-control wpcf7-acceptance\"><span class=\"wpcf7-list-item\"><label><input type=\"checkbox\" name=\"acceptance-46\" value=\"1\" aria-invalid=\"false\" \/><span class=\"wpcf7-list-item-label\">J'ai lu la <a href=\"https:\/\/dev.linslerhof.de\/kontakt-anfragen\/datenschutz\/\" target=\"_blank\">\n  <strong>D\u00e9claration de confidentialit\u00e9<\/strong>\n<\/a> lu et accept\u00e9<\/span><\/label><\/span><\/span><\/span>\n\t\t\t<\/p>\n\t\t<\/div>\n\t<\/div>\n\t<div class=\"cf7-row\">\n\t\t<div class=\"cf7-col-100\">\n\t\t\t<p><span id=\"wpcf7-69dc09f9c92e5-wrapper\" class=\"wpcf7-form-control-wrap honeypot-30-wrap\" style=\"display:none !important; visibility:hidden !important;\"><label for=\"wpcf7-69dc09f9c92e5-field\" class=\"hp-message\">Veuillez laisser ce champ vide.<\/label><input id=\"wpcf7-69dc09f9c92e5-field\"  class=\"wpcf7-form-control wpcf7-text\" type=\"text\" name=\"honeypot-30\" value=\"\" size=\"40\" tabindex=\"-1\" autocomplete=\"new-password\" \/><\/span><br \/>\n<input class=\"wpcf7-form-control wpcf7-submit has-spinner\" type=\"submit\" value=\"Senden\" \/>\n\t\t\t<\/p>\n\t\t<\/div>\n\t<\/div>\n<\/div><div class=\"wpcf7-response-output\" aria-hidden=\"true\"><\/div>\n<\/form>\n<\/div>\n<\/div><\/div><\/div><\/div><\/div><\/div><\/div><\/div><\/div><\/section>\n","protected":false},"excerpt":{"rendered":"Demander un \u00e9v\u00e9nement en Sarre Nous nous ferons un plaisir de vous aider \u00e0 planifier votre f\u00eate ! Vous pouvez joindre notre \u00e9quipe de banquets autour de Kathrin Schleich par t\u00e9l\u00e9phone au 06836-807-66 et par e-mail \u00e0 bankett@linslerhof.de ou utilisez notre formulaire de contact directement ici : J'ai lu la D\u00e9claration de confidentialit\u00e9 lu et...","protected":false},"author":4,"featured_media":0,"parent":33346,"menu_order":7,"comment_status":"closed","ping_status":"closed","template":"","meta":{"footnotes":""},"class_list":["post-33550","page","type-page","status-publish","hentry"],"yoast_head":"<!-- This site is optimized with the Yoast SEO plugin v27.3 - https:\/\/yoast.com\/product\/yoast-seo-wordpress\/ -->\n<title>Demandes d&#039;\u00e9v\u00e9nements en Sarre | Linslerhof<\/title>\n<meta name=\"description\" content=\"Demandes d&#039;\u00e9v\u00e9nements ! R\u00e9servez d\u00e8s maintenant votre lieu d&#039;\u00e9v\u00e9nement en Sarre pour des mariages, des f\u00eates de famille, des bapt\u00eames, des \u00e9v\u00e9nements d&#039;entreprise, des banquets &amp; des soir\u00e9es de bal.\" \/>\n<meta name=\"robots\" content=\"index, follow, max-snippet:-1, max-image-preview:large, max-video-preview:-1\" \/>\n<link rel=\"canonical\" href=\"https:\/\/www.linslerhof.de\/fr\/lieu-devenement-en-sarre\/demandes-devenements\/\" \/>\n<meta property=\"og:locale\" content=\"fr_FR\" \/>\n<meta property=\"og:type\" content=\"article\" \/>\n<meta property=\"og:title\" content=\"Demandes d&#039;\u00e9v\u00e9nements en Sarre | Linslerhof\" \/>\n<meta property=\"og:description\" content=\"Demandes d&#039;\u00e9v\u00e9nements ! R\u00e9servez d\u00e8s maintenant votre lieu d&#039;\u00e9v\u00e9nement en Sarre pour des mariages, des f\u00eates de famille, des bapt\u00eames, des \u00e9v\u00e9nements d&#039;entreprise, des banquets &amp; des soir\u00e9es de bal.\" \/>\n<meta property=\"og:url\" content=\"https:\/\/www.linslerhof.de\/fr\/lieu-devenement-en-sarre\/demandes-devenements\/\" \/>\n<meta property=\"og:site_name\" content=\"Linslerhof\" \/>\n<meta property=\"article:publisher\" content=\"https:\/\/www.facebook.com\/Linslerhof\" \/>\n<meta property=\"article:modified_time\" content=\"2026-01-22T10:11:54+00:00\" \/>\n<meta name=\"twitter:card\" content=\"summary_large_image\" \/>\n<meta name=\"twitter:label1\" content=\"Dur\u00e9e de lecture estim\u00e9e\" \/>\n\t<meta name=\"twitter:data1\" content=\"1 minute\" \/>\n<script type=\"application\/ld+json\" class=\"yoast-schema-graph\">{\"@context\":\"https:\\\/\\\/schema.org\",\"@graph\":[{\"@type\":\"WebPage\",\"@id\":\"https:\\\/\\\/www.linslerhof.de\\\/fr\\\/lieu-devenement-en-sarre\\\/demandes-devenements\\\/\",\"url\":\"https:\\\/\\\/www.linslerhof.de\\\/fr\\\/lieu-devenement-en-sarre\\\/demandes-devenements\\\/\",\"name\":\"Demandes d'\u00e9v\u00e9nements en Sarre | Linslerhof\",\"isPartOf\":{\"@id\":\"https:\\\/\\\/www.linslerhof.de\\\/fr\\\/#website\"},\"datePublished\":\"2023-08-09T12:09:44+00:00\",\"dateModified\":\"2026-01-22T10:11:54+00:00\",\"description\":\"Demandes d'\u00e9v\u00e9nements ! R\u00e9servez d\u00e8s maintenant votre lieu d'\u00e9v\u00e9nement en Sarre pour des mariages, des f\u00eates de famille, des bapt\u00eames, des \u00e9v\u00e9nements d'entreprise, des banquets & des soir\u00e9es de bal.\",\"breadcrumb\":{\"@id\":\"https:\\\/\\\/www.linslerhof.de\\\/fr\\\/lieu-devenement-en-sarre\\\/demandes-devenements\\\/#breadcrumb\"},\"inLanguage\":\"fr-FR\",\"potentialAction\":[{\"@type\":\"ReadAction\",\"target\":[\"https:\\\/\\\/www.linslerhof.de\\\/fr\\\/lieu-devenement-en-sarre\\\/demandes-devenements\\\/\"]}]},{\"@type\":\"BreadcrumbList\",\"@id\":\"https:\\\/\\\/www.linslerhof.de\\\/fr\\\/lieu-devenement-en-sarre\\\/demandes-devenements\\\/#breadcrumb\",\"itemListElement\":[{\"@type\":\"ListItem\",\"position\":1,\"name\":\"Startseite\",\"item\":\"https:\\\/\\\/www.linslerhof.de\\\/fr\\\/hotel-4-etoiles-en-sarre\\\/\"},{\"@type\":\"ListItem\",\"position\":2,\"name\":\"Lieu d&#8217;\u00e9v\u00e9nement en Sarre\",\"item\":\"https:\\\/\\\/www.linslerhof.de\\\/fr\\\/lieu-devenement-en-sarre\\\/\"},{\"@type\":\"ListItem\",\"position\":3,\"name\":\"Demandes d&#8217;\u00e9v\u00e9nements\"}]},{\"@type\":\"WebSite\",\"@id\":\"https:\\\/\\\/www.linslerhof.de\\\/fr\\\/#website\",\"url\":\"https:\\\/\\\/www.linslerhof.de\\\/fr\\\/\",\"name\":\"Linslerhof\",\"description\":\"Historischer Gutshof\",\"publisher\":{\"@id\":\"https:\\\/\\\/www.linslerhof.de\\\/fr\\\/#organization\"},\"potentialAction\":[{\"@type\":\"SearchAction\",\"target\":{\"@type\":\"EntryPoint\",\"urlTemplate\":\"https:\\\/\\\/www.linslerhof.de\\\/fr\\\/?s={search_term_string}\"},\"query-input\":{\"@type\":\"PropertyValueSpecification\",\"valueRequired\":true,\"valueName\":\"search_term_string\"}}],\"inLanguage\":\"fr-FR\"},{\"@type\":\"Organization\",\"@id\":\"https:\\\/\\\/www.linslerhof.de\\\/fr\\\/#organization\",\"name\":\"Linslerhof\",\"url\":\"https:\\\/\\\/www.linslerhof.de\\\/fr\\\/\",\"logo\":{\"@type\":\"ImageObject\",\"inLanguage\":\"fr-FR\",\"@id\":\"https:\\\/\\\/www.linslerhof.de\\\/fr\\\/#\\\/schema\\\/logo\\\/image\\\/\",\"url\":\"https:\\\/\\\/www.linslerhof.de\\\/wp-content\\\/uploads\\\/2020\\\/12\\\/Logo_2020.png\",\"contentUrl\":\"https:\\\/\\\/www.linslerhof.de\\\/wp-content\\\/uploads\\\/2020\\\/12\\\/Logo_2020.png\",\"width\":466,\"height\":300,\"caption\":\"Linslerhof\"},\"image\":{\"@id\":\"https:\\\/\\\/www.linslerhof.de\\\/fr\\\/#\\\/schema\\\/logo\\\/image\\\/\"},\"sameAs\":[\"https:\\\/\\\/www.facebook.com\\\/Linslerhof\",\"https:\\\/\\\/www.instagram.com\\\/linslerhof\\\/\"]}]}<\/script>\n<!-- \/ Yoast SEO plugin. -->","yoast_head_json":{"title":"Demandes d'\u00e9v\u00e9nements en Sarre | Linslerhof","description":"Demandes d'\u00e9v\u00e9nements ! R\u00e9servez d\u00e8s maintenant votre lieu d'\u00e9v\u00e9nement en Sarre pour des mariages, des f\u00eates de famille, des bapt\u00eames, des \u00e9v\u00e9nements d'entreprise, des banquets & des soir\u00e9es de bal.","robots":{"index":"index","follow":"follow","max-snippet":"max-snippet:-1","max-image-preview":"max-image-preview:large","max-video-preview":"max-video-preview:-1"},"canonical":"https:\/\/www.linslerhof.de\/fr\/lieu-devenement-en-sarre\/demandes-devenements\/","og_locale":"fr_FR","og_type":"article","og_title":"Demandes d'\u00e9v\u00e9nements en Sarre | Linslerhof","og_description":"Demandes d'\u00e9v\u00e9nements ! R\u00e9servez d\u00e8s maintenant votre lieu d'\u00e9v\u00e9nement en Sarre pour des mariages, des f\u00eates de famille, des bapt\u00eames, des \u00e9v\u00e9nements d'entreprise, des banquets & des soir\u00e9es de bal.","og_url":"https:\/\/www.linslerhof.de\/fr\/lieu-devenement-en-sarre\/demandes-devenements\/","og_site_name":"Linslerhof","article_publisher":"https:\/\/www.facebook.com\/Linslerhof","article_modified_time":"2026-01-22T10:11:54+00:00","twitter_card":"summary_large_image","twitter_misc":{"Dur\u00e9e de lecture estim\u00e9e":"1 minute"},"schema":{"@context":"https:\/\/schema.org","@graph":[{"@type":"WebPage","@id":"https:\/\/www.linslerhof.de\/fr\/lieu-devenement-en-sarre\/demandes-devenements\/","url":"https:\/\/www.linslerhof.de\/fr\/lieu-devenement-en-sarre\/demandes-devenements\/","name":"Demandes d'\u00e9v\u00e9nements en Sarre | Linslerhof","isPartOf":{"@id":"https:\/\/www.linslerhof.de\/fr\/#website"},"datePublished":"2023-08-09T12:09:44+00:00","dateModified":"2026-01-22T10:11:54+00:00","description":"Demandes d'\u00e9v\u00e9nements ! R\u00e9servez d\u00e8s maintenant votre lieu d'\u00e9v\u00e9nement en Sarre pour des mariages, des f\u00eates de famille, des bapt\u00eames, des \u00e9v\u00e9nements d'entreprise, des banquets & des soir\u00e9es de bal.","breadcrumb":{"@id":"https:\/\/www.linslerhof.de\/fr\/lieu-devenement-en-sarre\/demandes-devenements\/#breadcrumb"},"inLanguage":"fr-FR","potentialAction":[{"@type":"ReadAction","target":["https:\/\/www.linslerhof.de\/fr\/lieu-devenement-en-sarre\/demandes-devenements\/"]}]},{"@type":"BreadcrumbList","@id":"https:\/\/www.linslerhof.de\/fr\/lieu-devenement-en-sarre\/demandes-devenements\/#breadcrumb","itemListElement":[{"@type":"ListItem","position":1,"name":"Startseite","item":"https:\/\/www.linslerhof.de\/fr\/hotel-4-etoiles-en-sarre\/"},{"@type":"ListItem","position":2,"name":"Lieu d&#8217;\u00e9v\u00e9nement en Sarre","item":"https:\/\/www.linslerhof.de\/fr\/lieu-devenement-en-sarre\/"},{"@type":"ListItem","position":3,"name":"Demandes d&#8217;\u00e9v\u00e9nements"}]},{"@type":"WebSite","@id":"https:\/\/www.linslerhof.de\/fr\/#website","url":"https:\/\/www.linslerhof.de\/fr\/","name":"Linslerhof","description":"Historischer Gutshof","publisher":{"@id":"https:\/\/www.linslerhof.de\/fr\/#organization"},"potentialAction":[{"@type":"SearchAction","target":{"@type":"EntryPoint","urlTemplate":"https:\/\/www.linslerhof.de\/fr\/?s={search_term_string}"},"query-input":{"@type":"PropertyValueSpecification","valueRequired":true,"valueName":"search_term_string"}}],"inLanguage":"fr-FR"},{"@type":"Organization","@id":"https:\/\/www.linslerhof.de\/fr\/#organization","name":"Linslerhof","url":"https:\/\/www.linslerhof.de\/fr\/","logo":{"@type":"ImageObject","inLanguage":"fr-FR","@id":"https:\/\/www.linslerhof.de\/fr\/#\/schema\/logo\/image\/","url":"https:\/\/www.linslerhof.de\/wp-content\/uploads\/2020\/12\/Logo_2020.png","contentUrl":"https:\/\/www.linslerhof.de\/wp-content\/uploads\/2020\/12\/Logo_2020.png","width":466,"height":300,"caption":"Linslerhof"},"image":{"@id":"https:\/\/www.linslerhof.de\/fr\/#\/schema\/logo\/image\/"},"sameAs":["https:\/\/www.facebook.com\/Linslerhof","https:\/\/www.instagram.com\/linslerhof\/"]}]}},"_links":{"self":[{"href":"https:\/\/www.linslerhof.de\/fr\/wp-json\/wp\/v2\/pages\/33550","targetHints":{"allow":["GET"]}}],"collection":[{"href":"https:\/\/www.linslerhof.de\/fr\/wp-json\/wp\/v2\/pages"}],"about":[{"href":"https:\/\/www.linslerhof.de\/fr\/wp-json\/wp\/v2\/types\/page"}],"author":[{"embeddable":true,"href":"https:\/\/www.linslerhof.de\/fr\/wp-json\/wp\/v2\/users\/4"}],"replies":[{"embeddable":true,"href":"https:\/\/www.linslerhof.de\/fr\/wp-json\/wp\/v2\/comments?post=33550"}],"version-history":[{"count":20,"href":"https:\/\/www.linslerhof.de\/fr\/wp-json\/wp\/v2\/pages\/33550\/revisions"}],"predecessor-version":[{"id":47210,"href":"https:\/\/www.linslerhof.de\/fr\/wp-json\/wp\/v2\/pages\/33550\/revisions\/47210"}],"up":[{"embeddable":true,"href":"https:\/\/www.linslerhof.de\/fr\/wp-json\/wp\/v2\/pages\/33346"}],"wp:attachment":[{"href":"https:\/\/www.linslerhof.de\/fr\/wp-json\/wp\/v2\/media?parent=33550"}],"curies":[{"name":"wp","href":"https:\/\/api.w.org\/{rel}","templated":true}]}}