{"id":33577,"date":"2023-12-14T14:28:18","date_gmt":"2023-12-14T13:28:18","guid":{"rendered":"https:\/\/dev.linslerhof.de\/restaurant-en-sarre\/evenements-plaisir\/offre-buffet-de-noel\/"},"modified":"2026-02-16T11:57:32","modified_gmt":"2026-02-16T10:57:32","slug":"offre-buffet-de-noel","status":"publish","type":"page","link":"https:\/\/www.linslerhof.de\/fr\/restaurant-en-sarre\/evenements-plaisir\/offre-buffet-de-noel\/","title":{"rendered":"Offre Buffet de No\u00ebl"},"content":{"rendered":"<section class=\"l-section wpb_row us_custom_8d4f5dab height_medium\"><div class=\"l-section-h i-cf\"><div class=\"g-cols vc_row via_flex valign_top type_boxes stacking_default\"><div class=\"vc_col-sm-12 wpb_column vc_column_container fs-page-header-area fs-landscape has_bg_color\"><div class=\"vc_column-inner us_custom_76b55f56\"><div class=\"wpb_wrapper\"><\/div><\/div><\/div><\/div><\/div><\/section><section class=\"l-section wpb_row us_custom_98b4ceb1 fs-section-reverse hide_on_mobiles height_medium\"><div class=\"l-section-h i-cf\"><div class=\"g-cols vc_row via_flex valign_top type_boxes stacking_default\" style=\"--additional-gap:10px;\"><div class=\"vc_col-sm-6 wpb_column vc_column_container has_bg_color\"><div class=\"vc_column-inner us_custom_94501421\"><div class=\"wpb_wrapper\"><div class=\"wpb_text_column us_custom_50cc7d67\"><div class=\"wpb_wrapper\"><h1><strong>Buffet de No\u00ebl<\/strong><\/h1>\n<h3>25. &amp; 26 d\u00e9cembre<\/h3>\n<p style=\"text-align: left;\">D\u00e9couvrez un buffet de f\u00eates vari\u00e9 pour 55,90 \u20ac par personne.<br \/>\nNous proposons le buffet les deux jours f\u00e9ri\u00e9s, le midi de <span>12h \u00e0 14h30 et le soir \u00e0 partir de 18h.<\/span><\/p>\n<\/div><\/div><div class=\" vc_custom_1754642404170 ubtn-ctn-left \"><a class=\"ubtn-link ult-adjust-bottom-margin ubtn-left ubtn-normal \" href=\"https:\/\/www.linslerhof.de\/restaurant-im-saarland\/tischreservierung\/\" title=\"tischreservierung\" ><button type=\"button\" id=\"ubtn-4367\"  class=\"ubtn ult-adjust-bottom-margin ult-responsive ubtn-normal ubtn-no-hover-bg  ulta-push  ubtn-left   tooltip-69ff5ea63ac21\"  data-hover=\"\" data-border-color=\"\" data-bg=\"#ea5b0b\" data-hover-bg=\"\" data-border-hover=\"\" data-shadow-hover=\"\" data-shadow-click=\"none\" data-shadow=\"\" data-shd-shadow=\"\"  data-ultimate-target='#ubtn-4367'  data-responsive-json-new='{\"font-size\":\"desktop:20px;\",\"line-height\":\"desktop:18px;\"}'  style=\"font-family:&#039;Open Sans Condensed&#039;;font-weight:normal;font-style:normal;border:none;background: #ea5b0b;color: #ffffff;\"><span class=\"ubtn-hover\" style=\"background-color:\"><\/span><span class=\"ubtn-data ubtn-text \" >POUR R\u00c9SERVER UNE TABLE<\/span><\/button><\/a><\/div><div class=\"wpb_text_column us_custom_54e7f678\"><div class=\"wpb_wrapper\"><p>Ou contactez-nous :<br \/>\n<strong><a href=\"mailto:bankett@linslerhof.de\">bankett@linslerhof.de <\/a><\/strong><br \/>\n<strong><a href=\"tel:+49683680766\">06836-807-66<\/a><\/strong>.<\/p>\n<p><a href=\"https:\/\/www.linslerhof.de\/fr\/restaurant-en-sarre\/evenements-plaisir\/\"><span style=\"color: #d74808;\"><strong>&gt;&gt; RETOUR AUX \u00c9V\u00c9NEMENTS GOURMANDS<\/strong><\/span><\/a><\/p>\n<\/div><\/div><\/div><\/div><\/div><div class=\"vc_col-sm-6 wpb_column vc_column_container  has_bg_color\"><div class=\"vc_column-inner us_custom_87010153 us_animate_this\"><div class=\"wpb_wrapper\"><div class=\"wpb_text_column us_custom_50cc7d67\"><div class=\"wpb_wrapper\"><h3>Le choix des plats suivra.<\/h3>\n<\/div><\/div><\/div><\/div><\/div><\/div><\/div><\/section><section class=\"l-section wpb_row us_custom_98b4ceb1 fs-section-reverse hide_on_default hide_on_laptops hide_on_tablets height_medium\"><div class=\"l-section-h i-cf\"><div class=\"g-cols vc_row via_flex valign_middle type_boxes stacking_default\" style=\"--additional-gap:10px;\"><div class=\"vc_col-sm-12 wpb_column vc_column_container has_bg_color\"><div class=\"vc_column-inner us_custom_94501421\"><div class=\"wpb_wrapper\"><div class=\"wpb_text_column us_custom_50cc7d67\"><div class=\"wpb_wrapper\"><h1><strong>Buffet de No\u00ebl<\/strong><\/h1>\n<h3>25. &amp; 26 d\u00e9cembre<\/h3>\n<p style=\"text-align: left;\">D\u00e9couvrez un buffet de f\u00eates vari\u00e9 pour 55,90 \u20ac par personne.<br \/>\nNous proposons le buffet les deux jours f\u00e9ri\u00e9s, le midi de <span>12h \u00e0 14h30 et le soir \u00e0 partir de 18h.<\/span><\/p>\n<\/div><\/div><div class=\" vc_custom_1754642404170 ubtn-ctn-left \"><a class=\"ubtn-link ult-adjust-bottom-margin ubtn-left ubtn-normal \" href=\"https:\/\/www.linslerhof.de\/restaurant-im-saarland\/tischreservierung\/\" title=\"tischreservierung\" ><button type=\"button\" id=\"ubtn-1099\"  class=\"ubtn ult-adjust-bottom-margin ult-responsive ubtn-normal ubtn-no-hover-bg  ulta-push  ubtn-left   tooltip-69ff5ea63b378\"  data-hover=\"\" data-border-color=\"\" data-bg=\"#ea5b0b\" data-hover-bg=\"\" data-border-hover=\"\" data-shadow-hover=\"\" data-shadow-click=\"none\" data-shadow=\"\" data-shd-shadow=\"\"  data-ultimate-target='#ubtn-1099'  data-responsive-json-new='{\"font-size\":\"desktop:20px;\",\"line-height\":\"desktop:18px;\"}'  style=\"font-family:&#039;Open Sans Condensed&#039;;font-weight:normal;font-style:normal;border:none;background: #ea5b0b;color: #ffffff;\"><span class=\"ubtn-hover\" style=\"background-color:\"><\/span><span class=\"ubtn-data ubtn-text \" >POUR R\u00c9SERVER UNE TABLE<\/span><\/button><\/a><\/div><div class=\"wpb_text_column us_custom_54e7f678\"><div class=\"wpb_wrapper\"><p>Ou contactez-nous :<br \/>\n<strong><a href=\"mailto:bankett@linslerhof.de\">bankett@linslerhof.de <\/a><\/strong><br \/>\n<strong><a href=\"tel:+49683680766\">06836-807-66<\/a><\/strong>.<\/p>\n<p><a href=\"https:\/\/www.linslerhof.de\/fr\/restaurant-en-sarre\/evenements-plaisir\/\"><span style=\"color: #d74808;\"><strong>&gt;&gt; RETOUR AUX \u00c9V\u00c9NEMENTS GOURMANDS<\/strong><\/span><\/a><\/p>\n<\/div><\/div><div class=\"w-separator size_small with_line width_default thick_1 style_solid color_border align_center\"><div class=\"w-separator-h\"><\/div><\/div><div class=\"wpb_text_column us_custom_50cc7d67\"><div class=\"wpb_wrapper\"><h3>Choix du fer \u00e0 suivre<\/h3>\n<\/div><\/div><\/div><\/div><\/div><\/div><\/div><\/section>\n","protected":false},"excerpt":{"rendered":"Buffet de No\u00ebl 25. &amp; 26 d\u00e9cembre D\u00e9couvrez un buffet de f\u00eates vari\u00e9 pour 55,90 \u20ac par personne. Nous proposons le buffet les deux jours f\u00e9ri\u00e9s, le midi de 12h \u00e0 14h30 et le soir \u00e0 partir de 18h. POUR R\u00c9SERVER UNE TABLEOu contactez-nous : bankett@linslerhof.de 06836-807-66. &gt;&gt; RETOUR AUX \u00c9V\u00c9NEMENTS GOURMANDS Le choix des...","protected":false},"author":3,"featured_media":0,"parent":33503,"menu_order":11,"comment_status":"closed","ping_status":"closed","template":"","meta":{"footnotes":""},"class_list":["post-33577","page","type-page","status-publish","hentry"],"yoast_head":"<!-- This site is optimized with the Yoast SEO plugin v27.5 - https:\/\/yoast.com\/product\/yoast-seo-wordpress\/ -->\n<title>Offre Buffet de No\u00ebl | Linslerhof<\/title>\n<meta name=\"description\" content=\"D\u00e9couvrez un buffet de f\u00eates vari\u00e9 \u00e0 55,90 \u20ac par personne. Nous proposons ce buffet les deux jours f\u00e9ri\u00e9s, le midi de 12h \u00e0 14h30 et le soir \u00e0 partir de 18h.\" \/>\n<meta name=\"robots\" content=\"index, follow, max-snippet:-1, max-image-preview:large, max-video-preview:-1\" \/>\n<link rel=\"canonical\" href=\"https:\/\/www.linslerhof.de\/fr\/restaurant-en-sarre\/evenements-plaisir\/offre-buffet-de-noel\/\" \/>\n<meta property=\"og:locale\" content=\"fr_FR\" \/>\n<meta property=\"og:type\" content=\"article\" \/>\n<meta property=\"og:title\" content=\"Offre Buffet de No\u00ebl | Linslerhof\" \/>\n<meta property=\"og:description\" content=\"D\u00e9couvrez un buffet de f\u00eates vari\u00e9 \u00e0 55,90 \u20ac par personne. Nous proposons ce buffet les deux jours f\u00e9ri\u00e9s, le midi de 12h \u00e0 14h30 et le soir \u00e0 partir de 18h.\" \/>\n<meta property=\"og:url\" content=\"https:\/\/www.linslerhof.de\/fr\/restaurant-en-sarre\/evenements-plaisir\/offre-buffet-de-noel\/\" \/>\n<meta property=\"og:site_name\" content=\"Linslerhof\" \/>\n<meta property=\"article:publisher\" content=\"https:\/\/www.facebook.com\/Linslerhof\" \/>\n<meta property=\"article:modified_time\" content=\"2026-02-16T10:57:32+00:00\" \/>\n<meta name=\"twitter:card\" content=\"summary_large_image\" \/>\n<meta name=\"twitter:label1\" content=\"Dur\u00e9e de lecture estim\u00e9e\" \/>\n\t<meta name=\"twitter:data1\" content=\"5 minutes\" \/>\n<script type=\"application\/ld+json\" class=\"yoast-schema-graph\">{\"@context\":\"https:\\\/\\\/schema.org\",\"@graph\":[{\"@type\":\"WebPage\",\"@id\":\"https:\\\/\\\/www.linslerhof.de\\\/fr\\\/restaurant-en-sarre\\\/evenements-plaisir\\\/offre-buffet-de-noel\\\/\",\"url\":\"https:\\\/\\\/www.linslerhof.de\\\/fr\\\/restaurant-en-sarre\\\/evenements-plaisir\\\/offre-buffet-de-noel\\\/\",\"name\":\"Offre Buffet de No\u00ebl | Linslerhof\",\"isPartOf\":{\"@id\":\"https:\\\/\\\/www.linslerhof.de\\\/fr\\\/#website\"},\"datePublished\":\"2023-12-14T13:28:18+00:00\",\"dateModified\":\"2026-02-16T10:57:32+00:00\",\"description\":\"D\u00e9couvrez un buffet de f\u00eates vari\u00e9 \u00e0 55,90 \u20ac par personne. Nous proposons ce buffet les deux jours f\u00e9ri\u00e9s, le midi de 12h \u00e0 14h30 et le soir \u00e0 partir de 18h.\",\"breadcrumb\":{\"@id\":\"https:\\\/\\\/www.linslerhof.de\\\/fr\\\/restaurant-en-sarre\\\/evenements-plaisir\\\/offre-buffet-de-noel\\\/#breadcrumb\"},\"inLanguage\":\"fr-FR\",\"potentialAction\":[{\"@type\":\"ReadAction\",\"target\":[\"https:\\\/\\\/www.linslerhof.de\\\/fr\\\/restaurant-en-sarre\\\/evenements-plaisir\\\/offre-buffet-de-noel\\\/\"]}]},{\"@type\":\"BreadcrumbList\",\"@id\":\"https:\\\/\\\/www.linslerhof.de\\\/fr\\\/restaurant-en-sarre\\\/evenements-plaisir\\\/offre-buffet-de-noel\\\/#breadcrumb\",\"itemListElement\":[{\"@type\":\"ListItem\",\"position\":1,\"name\":\"Startseite\",\"item\":\"https:\\\/\\\/www.linslerhof.de\\\/fr\\\/hotel-4-etoiles-en-sarre\\\/\"},{\"@type\":\"ListItem\",\"position\":2,\"name\":\"Restaurant en Sarre\",\"item\":\"https:\\\/\\\/www.linslerhof.de\\\/fr\\\/restaurant-en-sarre\\\/\"},{\"@type\":\"ListItem\",\"position\":3,\"name\":\"\u00c9v\u00e9nements plaisir\",\"item\":\"https:\\\/\\\/www.linslerhof.de\\\/fr\\\/restaurant-en-sarre\\\/evenements-plaisir\\\/\"},{\"@type\":\"ListItem\",\"position\":4,\"name\":\"Offre Buffet de No\u00ebl\"}]},{\"@type\":\"WebSite\",\"@id\":\"https:\\\/\\\/www.linslerhof.de\\\/fr\\\/#website\",\"url\":\"https:\\\/\\\/www.linslerhof.de\\\/fr\\\/\",\"name\":\"Linslerhof\",\"description\":\"Historischer Gutshof\",\"publisher\":{\"@id\":\"https:\\\/\\\/www.linslerhof.de\\\/fr\\\/#organization\"},\"potentialAction\":[{\"@type\":\"SearchAction\",\"target\":{\"@type\":\"EntryPoint\",\"urlTemplate\":\"https:\\\/\\\/www.linslerhof.de\\\/fr\\\/?s={search_term_string}\"},\"query-input\":{\"@type\":\"PropertyValueSpecification\",\"valueRequired\":true,\"valueName\":\"search_term_string\"}}],\"inLanguage\":\"fr-FR\"},{\"@type\":\"Organization\",\"@id\":\"https:\\\/\\\/www.linslerhof.de\\\/fr\\\/#organization\",\"name\":\"Linslerhof\",\"url\":\"https:\\\/\\\/www.linslerhof.de\\\/fr\\\/\",\"logo\":{\"@type\":\"ImageObject\",\"inLanguage\":\"fr-FR\",\"@id\":\"https:\\\/\\\/www.linslerhof.de\\\/fr\\\/#\\\/schema\\\/logo\\\/image\\\/\",\"url\":\"https:\\\/\\\/www.linslerhof.de\\\/wp-content\\\/uploads\\\/2020\\\/12\\\/Logo_2020.png\",\"contentUrl\":\"https:\\\/\\\/www.linslerhof.de\\\/wp-content\\\/uploads\\\/2020\\\/12\\\/Logo_2020.png\",\"width\":466,\"height\":300,\"caption\":\"Linslerhof\"},\"image\":{\"@id\":\"https:\\\/\\\/www.linslerhof.de\\\/fr\\\/#\\\/schema\\\/logo\\\/image\\\/\"},\"sameAs\":[\"https:\\\/\\\/www.facebook.com\\\/Linslerhof\",\"https:\\\/\\\/www.instagram.com\\\/linslerhof\\\/\"]}]}<\/script>\n<!-- \/ Yoast SEO plugin. -->","yoast_head_json":{"title":"Offre Buffet de No\u00ebl | Linslerhof","description":"D\u00e9couvrez un buffet de f\u00eates vari\u00e9 \u00e0 55,90 \u20ac par personne. Nous proposons ce buffet les deux jours f\u00e9ri\u00e9s, le midi de 12h \u00e0 14h30 et le soir \u00e0 partir de 18h.","robots":{"index":"index","follow":"follow","max-snippet":"max-snippet:-1","max-image-preview":"max-image-preview:large","max-video-preview":"max-video-preview:-1"},"canonical":"https:\/\/www.linslerhof.de\/fr\/restaurant-en-sarre\/evenements-plaisir\/offre-buffet-de-noel\/","og_locale":"fr_FR","og_type":"article","og_title":"Offre Buffet de No\u00ebl | Linslerhof","og_description":"D\u00e9couvrez un buffet de f\u00eates vari\u00e9 \u00e0 55,90 \u20ac par personne. Nous proposons ce buffet les deux jours f\u00e9ri\u00e9s, le midi de 12h \u00e0 14h30 et le soir \u00e0 partir de 18h.","og_url":"https:\/\/www.linslerhof.de\/fr\/restaurant-en-sarre\/evenements-plaisir\/offre-buffet-de-noel\/","og_site_name":"Linslerhof","article_publisher":"https:\/\/www.facebook.com\/Linslerhof","article_modified_time":"2026-02-16T10:57:32+00:00","twitter_card":"summary_large_image","twitter_misc":{"Dur\u00e9e de lecture estim\u00e9e":"5 minutes"},"schema":{"@context":"https:\/\/schema.org","@graph":[{"@type":"WebPage","@id":"https:\/\/www.linslerhof.de\/fr\/restaurant-en-sarre\/evenements-plaisir\/offre-buffet-de-noel\/","url":"https:\/\/www.linslerhof.de\/fr\/restaurant-en-sarre\/evenements-plaisir\/offre-buffet-de-noel\/","name":"Offre Buffet de No\u00ebl | Linslerhof","isPartOf":{"@id":"https:\/\/www.linslerhof.de\/fr\/#website"},"datePublished":"2023-12-14T13:28:18+00:00","dateModified":"2026-02-16T10:57:32+00:00","description":"D\u00e9couvrez un buffet de f\u00eates vari\u00e9 \u00e0 55,90 \u20ac par personne. Nous proposons ce buffet les deux jours f\u00e9ri\u00e9s, le midi de 12h \u00e0 14h30 et le soir \u00e0 partir de 18h.","breadcrumb":{"@id":"https:\/\/www.linslerhof.de\/fr\/restaurant-en-sarre\/evenements-plaisir\/offre-buffet-de-noel\/#breadcrumb"},"inLanguage":"fr-FR","potentialAction":[{"@type":"ReadAction","target":["https:\/\/www.linslerhof.de\/fr\/restaurant-en-sarre\/evenements-plaisir\/offre-buffet-de-noel\/"]}]},{"@type":"BreadcrumbList","@id":"https:\/\/www.linslerhof.de\/fr\/restaurant-en-sarre\/evenements-plaisir\/offre-buffet-de-noel\/#breadcrumb","itemListElement":[{"@type":"ListItem","position":1,"name":"Startseite","item":"https:\/\/www.linslerhof.de\/fr\/hotel-4-etoiles-en-sarre\/"},{"@type":"ListItem","position":2,"name":"Restaurant en Sarre","item":"https:\/\/www.linslerhof.de\/fr\/restaurant-en-sarre\/"},{"@type":"ListItem","position":3,"name":"\u00c9v\u00e9nements plaisir","item":"https:\/\/www.linslerhof.de\/fr\/restaurant-en-sarre\/evenements-plaisir\/"},{"@type":"ListItem","position":4,"name":"Offre Buffet de No\u00ebl"}]},{"@type":"WebSite","@id":"https:\/\/www.linslerhof.de\/fr\/#website","url":"https:\/\/www.linslerhof.de\/fr\/","name":"Linslerhof","description":"Historischer Gutshof","publisher":{"@id":"https:\/\/www.linslerhof.de\/fr\/#organization"},"potentialAction":[{"@type":"SearchAction","target":{"@type":"EntryPoint","urlTemplate":"https:\/\/www.linslerhof.de\/fr\/?s={search_term_string}"},"query-input":{"@type":"PropertyValueSpecification","valueRequired":true,"valueName":"search_term_string"}}],"inLanguage":"fr-FR"},{"@type":"Organization","@id":"https:\/\/www.linslerhof.de\/fr\/#organization","name":"Linslerhof","url":"https:\/\/www.linslerhof.de\/fr\/","logo":{"@type":"ImageObject","inLanguage":"fr-FR","@id":"https:\/\/www.linslerhof.de\/fr\/#\/schema\/logo\/image\/","url":"https:\/\/www.linslerhof.de\/wp-content\/uploads\/2020\/12\/Logo_2020.png","contentUrl":"https:\/\/www.linslerhof.de\/wp-content\/uploads\/2020\/12\/Logo_2020.png","width":466,"height":300,"caption":"Linslerhof"},"image":{"@id":"https:\/\/www.linslerhof.de\/fr\/#\/schema\/logo\/image\/"},"sameAs":["https:\/\/www.facebook.com\/Linslerhof","https:\/\/www.instagram.com\/linslerhof\/"]}]}},"_links":{"self":[{"href":"https:\/\/www.linslerhof.de\/fr\/wp-json\/wp\/v2\/pages\/33577","targetHints":{"allow":["GET"]}}],"collection":[{"href":"https:\/\/www.linslerhof.de\/fr\/wp-json\/wp\/v2\/pages"}],"about":[{"href":"https:\/\/www.linslerhof.de\/fr\/wp-json\/wp\/v2\/types\/page"}],"author":[{"embeddable":true,"href":"https:\/\/www.linslerhof.de\/fr\/wp-json\/wp\/v2\/users\/3"}],"replies":[{"embeddable":true,"href":"https:\/\/www.linslerhof.de\/fr\/wp-json\/wp\/v2\/comments?post=33577"}],"version-history":[{"count":14,"href":"https:\/\/www.linslerhof.de\/fr\/wp-json\/wp\/v2\/pages\/33577\/revisions"}],"predecessor-version":[{"id":47432,"href":"https:\/\/www.linslerhof.de\/fr\/wp-json\/wp\/v2\/pages\/33577\/revisions\/47432"}],"up":[{"embeddable":true,"href":"https:\/\/www.linslerhof.de\/fr\/wp-json\/wp\/v2\/pages\/33503"}],"wp:attachment":[{"href":"https:\/\/www.linslerhof.de\/fr\/wp-json\/wp\/v2\/media?parent=33577"}],"curies":[{"name":"wp","href":"https:\/\/api.w.org\/{rel}","templated":true}]}}