{"id":33580,"date":"2023-12-15T22:31:46","date_gmt":"2023-12-15T21:31:46","guid":{"rendered":"https:\/\/dev.linslerhof.de\/reunions\/offre-de-reunion\/offre-de-congres-vie-a-la-campagne\/"},"modified":"2026-01-22T10:49:21","modified_gmt":"2026-01-22T09:49:21","slug":"offre-de-congres-vie-a-la-campagne","status":"publish","type":"page","link":"https:\/\/www.linslerhof.de\/fr\/reunions\/offre-de-reunion\/offre-de-congres-vie-a-la-campagne\/","title":{"rendered":"Offre de conf\u00e9rence \u00ab\u00a0Vie \u00e0 la campagne"},"content":{"rendered":"<section class=\"l-section wpb_row us_custom_1abdb309 height_medium\"><div class=\"l-section-h i-cf\"><div class=\"g-cols vc_row via_flex valign_middle type_boxes stacking_default\" style=\"--additional-gap:10px;\"><div class=\"vc_col-sm-6 wpb_column vc_column_container  has_bg_color\"><div class=\"vc_column-inner us_custom_d183ecd1 us_animate_this\"><div class=\"wpb_wrapper\"><\/div><\/div><\/div><div class=\"vc_col-sm-6 wpb_column vc_column_container has_bg_color\"><div class=\"vc_column-inner us_custom_94501421\"><div class=\"wpb_wrapper\"><div class=\"wpb_text_column us_custom_50cc7d67\"><div class=\"wpb_wrapper\"><h2 style=\"text-align: left;\"><strong>Offre de congr\u00e8s<\/strong> \u00ab\u00a0Vie \u00e0 la campagne<\/h2>\n<p style=\"text-align: left;\"><strong>R\u00e9servable \u00e0 partir de 20 personnes \u00e0 partir de 99,50 \u20ac par personne <\/strong><\/p>\n<ul style=\"text-align: left;\">\n<li style=\"text-align: left;\">Utilisation de la salle de r\u00e9union \u00e0 la demi-journ\u00e9e ou \u00e0 la journ\u00e9e<\/li>\n<li style=\"text-align: left;\">Utilisation d&rsquo;un vid\u00e9oprojecteur, d&rsquo;un tableau d&rsquo;affichage, d&rsquo;un flipchart et d&rsquo;une mallette d&rsquo;animateur<\/li>\n<li style=\"text-align: left;\">Eau min\u00e9rale \u00e0 volont\u00e9 dans la salle de r\u00e9union<\/li>\n<li style=\"text-align: left;\">Divers jus de fruits r\u00e9frig\u00e9r\u00e9s et boissons non alcoolis\u00e9es \u00e0 volont\u00e9 dans la salle de r\u00e9union<\/li>\n<li style=\"text-align: left;\">Pause-caf\u00e9 le matin avec des petits g\u00e2teaux sucr\u00e9s ou sal\u00e9s et une salade de fruits frais<\/li>\n<li style=\"text-align: left;\">D\u00e9jeuner d&rsquo;affaires le midi, 2 plats au choix du chef (menu ou buffet), plusieurs plats principaux au choix, boisson non alcoolis\u00e9e et boisson chaude comprises, dans nos locaux de restauration<\/li>\n<li style=\"text-align: left;\">Pause caf\u00e9 l&rsquo;apr\u00e8s-midi avec des sp\u00e9cialit\u00e9s de p\u00e2tisserie et des fruits frais de saison<\/li>\n<li style=\"text-align: left;\">Acc\u00e8s WLAN s\u00e9par\u00e9 jusqu&rsquo;\u00e0 200 Mbits\/s<\/li>\n<li style=\"text-align: left;\">Parking gratuit<\/li>\n<li>des wallboxes pratiques pour toutes les voitures \u00e9lectriques<\/li>\n<\/ul>\n<\/div><\/div><div class=\" vc_custom_1769075353413 ubtn-ctn-left \"><a class=\"ubtn-link ult-adjust-bottom-margin ubtn-left ubtn-large \" href=\"https:\/\/www.linslerhof.de\/fr\/reunions\/demander-une-reunion\/\" title=\"demander une reunion\" ><button type=\"button\" id=\"ubtn-9548\"  class=\"ubtn ult-adjust-bottom-margin ult-responsive ubtn-large ubtn-no-hover-bg  ulta-push  ubtn-left   tooltip-6a05a826a7466\"  data-hover=\"\" data-border-color=\"\" data-bg=\"#ea5b0b\" data-hover-bg=\"\" data-border-hover=\"\" data-shadow-hover=\"\" data-shadow-click=\"none\" data-shadow=\"\" data-shd-shadow=\"\"  data-ultimate-target='#ubtn-9548'  data-responsive-json-new='{\"font-size\":\"desktop:20px;\",\"line-height\":\"desktop:18px;\"}'  style=\"font-family:&#039;Open Sans Condensed&#039;;font-weight:normal;font-style:normal;border:none;background: #ea5b0b;color: #ffffff;\"><span class=\"ubtn-hover\" style=\"background-color:\"><\/span><span class=\"ubtn-data ubtn-text \" >DEMANDEZ MAINTENANT<\/span><\/button><\/a><\/div><div class=\"wpb_text_column us_custom_090aafef\"><div class=\"wpb_wrapper\"><p>Ou contactez-nous :<strong><br \/>\n<a href=\"tel:+4968368070\">+49 (0)6836 &#8211; 8070<\/a><\/strong><strong><br \/>\n<a href=\"mailto:tagung@linslerhof.de\">tagung@linslerhof.de<\/a><br \/>\n<\/strong><\/p>\n<\/div><\/div><div class=\"wpb_text_column us_custom_69561aa4\"><div class=\"wpb_wrapper\"><p><a href=\"https:\/\/www.linslerhof.de\/fr\/reunions\/offre-de-reunion\/\"><span style=\"color: #d74808;\"><strong>&gt;&gt; RETOUR \u00c0 L&rsquo;APER\u00c7U DES OFFRES<\/strong><\/span><\/a><\/p>\n<\/div><\/div><\/div><\/div><\/div><\/div><\/div><\/section>\n","protected":false},"excerpt":{"rendered":"Offre de congr\u00e8s \u00ab\u00a0Vie \u00e0 la campagne R\u00e9servable \u00e0 partir de 20 personnes \u00e0 partir de 99,50 \u20ac par personne Utilisation de la salle de r\u00e9union \u00e0 la demi-journ\u00e9e ou \u00e0 la journ\u00e9e Utilisation d&rsquo;un vid\u00e9oprojecteur, d&rsquo;un tableau d&rsquo;affichage, d&rsquo;un flipchart et d&rsquo;une mallette d&rsquo;animateur Eau min\u00e9rale \u00e0 volont\u00e9 dans la salle de r\u00e9union Divers...","protected":false},"author":3,"featured_media":0,"parent":33366,"menu_order":2,"comment_status":"closed","ping_status":"closed","template":"","meta":{"footnotes":""},"class_list":["post-33580","page","type-page","status-publish","hentry"],"yoast_head":"<!-- This site is optimized with the Yoast SEO plugin v27.6 - https:\/\/yoast.com\/product\/yoast-seo-wordpress\/ -->\n<title>Offre de conf\u00e9rence &quot;Vie \u00e0 la campagne | Linslerhof<\/title>\n<meta name=\"description\" content=\"R\u00e9unissez-vous au Linslerhof \u00e0 partir de 99,50 \u20ac par personne, repas compris. Demandez maintenant !\" \/>\n<meta name=\"robots\" content=\"index, follow, max-snippet:-1, max-image-preview:large, max-video-preview:-1\" \/>\n<link rel=\"canonical\" href=\"https:\/\/www.linslerhof.de\/fr\/reunions\/offre-de-reunion\/offre-de-congres-vie-a-la-campagne\/\" \/>\n<meta property=\"og:locale\" content=\"fr_FR\" \/>\n<meta property=\"og:type\" content=\"article\" \/>\n<meta property=\"og:title\" content=\"Offre de conf\u00e9rence &quot;Vie \u00e0 la campagne | Linslerhof\" \/>\n<meta property=\"og:description\" content=\"R\u00e9unissez-vous au Linslerhof \u00e0 partir de 99,50 \u20ac par personne, repas compris. Demandez maintenant !\" \/>\n<meta property=\"og:url\" content=\"https:\/\/www.linslerhof.de\/fr\/reunions\/offre-de-reunion\/offre-de-congres-vie-a-la-campagne\/\" \/>\n<meta property=\"og:site_name\" content=\"Linslerhof\" \/>\n<meta property=\"article:publisher\" content=\"https:\/\/www.facebook.com\/Linslerhof\" \/>\n<meta property=\"article:modified_time\" content=\"2026-01-22T09:49:21+00:00\" \/>\n<meta name=\"twitter:card\" content=\"summary_large_image\" \/>\n<meta name=\"twitter:label1\" content=\"Dur\u00e9e de lecture estim\u00e9e\" \/>\n\t<meta name=\"twitter:data1\" content=\"2 minutes\" \/>\n<script type=\"application\/ld+json\" class=\"yoast-schema-graph\">{\"@context\":\"https:\\\/\\\/schema.org\",\"@graph\":[{\"@type\":\"WebPage\",\"@id\":\"https:\\\/\\\/www.linslerhof.de\\\/fr\\\/reunions\\\/offre-de-reunion\\\/offre-de-congres-vie-a-la-campagne\\\/\",\"url\":\"https:\\\/\\\/www.linslerhof.de\\\/fr\\\/reunions\\\/offre-de-reunion\\\/offre-de-congres-vie-a-la-campagne\\\/\",\"name\":\"Offre de conf\u00e9rence \\\"Vie \u00e0 la campagne | Linslerhof\",\"isPartOf\":{\"@id\":\"https:\\\/\\\/www.linslerhof.de\\\/fr\\\/#website\"},\"datePublished\":\"2023-12-15T21:31:46+00:00\",\"dateModified\":\"2026-01-22T09:49:21+00:00\",\"description\":\"R\u00e9unissez-vous au Linslerhof \u00e0 partir de 99,50 \u20ac par personne, repas compris. Demandez maintenant !\",\"breadcrumb\":{\"@id\":\"https:\\\/\\\/www.linslerhof.de\\\/fr\\\/reunions\\\/offre-de-reunion\\\/offre-de-congres-vie-a-la-campagne\\\/#breadcrumb\"},\"inLanguage\":\"fr-FR\",\"potentialAction\":[{\"@type\":\"ReadAction\",\"target\":[\"https:\\\/\\\/www.linslerhof.de\\\/fr\\\/reunions\\\/offre-de-reunion\\\/offre-de-congres-vie-a-la-campagne\\\/\"]}]},{\"@type\":\"BreadcrumbList\",\"@id\":\"https:\\\/\\\/www.linslerhof.de\\\/fr\\\/reunions\\\/offre-de-reunion\\\/offre-de-congres-vie-a-la-campagne\\\/#breadcrumb\",\"itemListElement\":[{\"@type\":\"ListItem\",\"position\":1,\"name\":\"Startseite\",\"item\":\"https:\\\/\\\/www.linslerhof.de\\\/fr\\\/hotel-4-etoiles-en-sarre\\\/\"},{\"@type\":\"ListItem\",\"position\":2,\"name\":\"R\u00e9unions\",\"item\":\"https:\\\/\\\/www.linslerhof.de\\\/fr\\\/reunions\\\/\"},{\"@type\":\"ListItem\",\"position\":3,\"name\":\"Offre de r\u00e9union\",\"item\":\"https:\\\/\\\/www.linslerhof.de\\\/fr\\\/reunions\\\/offre-de-reunion\\\/\"},{\"@type\":\"ListItem\",\"position\":4,\"name\":\"Offre de conf\u00e9rence &#8222;Vie \u00e0 la campagne\"}]},{\"@type\":\"WebSite\",\"@id\":\"https:\\\/\\\/www.linslerhof.de\\\/fr\\\/#website\",\"url\":\"https:\\\/\\\/www.linslerhof.de\\\/fr\\\/\",\"name\":\"Linslerhof\",\"description\":\"Historischer Gutshof\",\"publisher\":{\"@id\":\"https:\\\/\\\/www.linslerhof.de\\\/fr\\\/#organization\"},\"potentialAction\":[{\"@type\":\"SearchAction\",\"target\":{\"@type\":\"EntryPoint\",\"urlTemplate\":\"https:\\\/\\\/www.linslerhof.de\\\/fr\\\/?s={search_term_string}\"},\"query-input\":{\"@type\":\"PropertyValueSpecification\",\"valueRequired\":true,\"valueName\":\"search_term_string\"}}],\"inLanguage\":\"fr-FR\"},{\"@type\":\"Organization\",\"@id\":\"https:\\\/\\\/www.linslerhof.de\\\/fr\\\/#organization\",\"name\":\"Linslerhof\",\"url\":\"https:\\\/\\\/www.linslerhof.de\\\/fr\\\/\",\"logo\":{\"@type\":\"ImageObject\",\"inLanguage\":\"fr-FR\",\"@id\":\"https:\\\/\\\/www.linslerhof.de\\\/fr\\\/#\\\/schema\\\/logo\\\/image\\\/\",\"url\":\"https:\\\/\\\/www.linslerhof.de\\\/wp-content\\\/uploads\\\/2020\\\/12\\\/Logo_2020.png\",\"contentUrl\":\"https:\\\/\\\/www.linslerhof.de\\\/wp-content\\\/uploads\\\/2020\\\/12\\\/Logo_2020.png\",\"width\":466,\"height\":300,\"caption\":\"Linslerhof\"},\"image\":{\"@id\":\"https:\\\/\\\/www.linslerhof.de\\\/fr\\\/#\\\/schema\\\/logo\\\/image\\\/\"},\"sameAs\":[\"https:\\\/\\\/www.facebook.com\\\/Linslerhof\",\"https:\\\/\\\/www.instagram.com\\\/linslerhof\\\/\"]}]}<\/script>\n<!-- \/ Yoast SEO plugin. -->","yoast_head_json":{"title":"Offre de conf\u00e9rence \"Vie \u00e0 la campagne | Linslerhof","description":"R\u00e9unissez-vous au Linslerhof \u00e0 partir de 99,50 \u20ac par personne, repas compris. Demandez maintenant !","robots":{"index":"index","follow":"follow","max-snippet":"max-snippet:-1","max-image-preview":"max-image-preview:large","max-video-preview":"max-video-preview:-1"},"canonical":"https:\/\/www.linslerhof.de\/fr\/reunions\/offre-de-reunion\/offre-de-congres-vie-a-la-campagne\/","og_locale":"fr_FR","og_type":"article","og_title":"Offre de conf\u00e9rence \"Vie \u00e0 la campagne | Linslerhof","og_description":"R\u00e9unissez-vous au Linslerhof \u00e0 partir de 99,50 \u20ac par personne, repas compris. Demandez maintenant !","og_url":"https:\/\/www.linslerhof.de\/fr\/reunions\/offre-de-reunion\/offre-de-congres-vie-a-la-campagne\/","og_site_name":"Linslerhof","article_publisher":"https:\/\/www.facebook.com\/Linslerhof","article_modified_time":"2026-01-22T09:49:21+00:00","twitter_card":"summary_large_image","twitter_misc":{"Dur\u00e9e de lecture estim\u00e9e":"2 minutes"},"schema":{"@context":"https:\/\/schema.org","@graph":[{"@type":"WebPage","@id":"https:\/\/www.linslerhof.de\/fr\/reunions\/offre-de-reunion\/offre-de-congres-vie-a-la-campagne\/","url":"https:\/\/www.linslerhof.de\/fr\/reunions\/offre-de-reunion\/offre-de-congres-vie-a-la-campagne\/","name":"Offre de conf\u00e9rence \"Vie \u00e0 la campagne | Linslerhof","isPartOf":{"@id":"https:\/\/www.linslerhof.de\/fr\/#website"},"datePublished":"2023-12-15T21:31:46+00:00","dateModified":"2026-01-22T09:49:21+00:00","description":"R\u00e9unissez-vous au Linslerhof \u00e0 partir de 99,50 \u20ac par personne, repas compris. Demandez maintenant !","breadcrumb":{"@id":"https:\/\/www.linslerhof.de\/fr\/reunions\/offre-de-reunion\/offre-de-congres-vie-a-la-campagne\/#breadcrumb"},"inLanguage":"fr-FR","potentialAction":[{"@type":"ReadAction","target":["https:\/\/www.linslerhof.de\/fr\/reunions\/offre-de-reunion\/offre-de-congres-vie-a-la-campagne\/"]}]},{"@type":"BreadcrumbList","@id":"https:\/\/www.linslerhof.de\/fr\/reunions\/offre-de-reunion\/offre-de-congres-vie-a-la-campagne\/#breadcrumb","itemListElement":[{"@type":"ListItem","position":1,"name":"Startseite","item":"https:\/\/www.linslerhof.de\/fr\/hotel-4-etoiles-en-sarre\/"},{"@type":"ListItem","position":2,"name":"R\u00e9unions","item":"https:\/\/www.linslerhof.de\/fr\/reunions\/"},{"@type":"ListItem","position":3,"name":"Offre de r\u00e9union","item":"https:\/\/www.linslerhof.de\/fr\/reunions\/offre-de-reunion\/"},{"@type":"ListItem","position":4,"name":"Offre de conf\u00e9rence &#8222;Vie \u00e0 la campagne"}]},{"@type":"WebSite","@id":"https:\/\/www.linslerhof.de\/fr\/#website","url":"https:\/\/www.linslerhof.de\/fr\/","name":"Linslerhof","description":"Historischer Gutshof","publisher":{"@id":"https:\/\/www.linslerhof.de\/fr\/#organization"},"potentialAction":[{"@type":"SearchAction","target":{"@type":"EntryPoint","urlTemplate":"https:\/\/www.linslerhof.de\/fr\/?s={search_term_string}"},"query-input":{"@type":"PropertyValueSpecification","valueRequired":true,"valueName":"search_term_string"}}],"inLanguage":"fr-FR"},{"@type":"Organization","@id":"https:\/\/www.linslerhof.de\/fr\/#organization","name":"Linslerhof","url":"https:\/\/www.linslerhof.de\/fr\/","logo":{"@type":"ImageObject","inLanguage":"fr-FR","@id":"https:\/\/www.linslerhof.de\/fr\/#\/schema\/logo\/image\/","url":"https:\/\/www.linslerhof.de\/wp-content\/uploads\/2020\/12\/Logo_2020.png","contentUrl":"https:\/\/www.linslerhof.de\/wp-content\/uploads\/2020\/12\/Logo_2020.png","width":466,"height":300,"caption":"Linslerhof"},"image":{"@id":"https:\/\/www.linslerhof.de\/fr\/#\/schema\/logo\/image\/"},"sameAs":["https:\/\/www.facebook.com\/Linslerhof","https:\/\/www.instagram.com\/linslerhof\/"]}]}},"_links":{"self":[{"href":"https:\/\/www.linslerhof.de\/fr\/wp-json\/wp\/v2\/pages\/33580","targetHints":{"allow":["GET"]}}],"collection":[{"href":"https:\/\/www.linslerhof.de\/fr\/wp-json\/wp\/v2\/pages"}],"about":[{"href":"https:\/\/www.linslerhof.de\/fr\/wp-json\/wp\/v2\/types\/page"}],"author":[{"embeddable":true,"href":"https:\/\/www.linslerhof.de\/fr\/wp-json\/wp\/v2\/users\/3"}],"replies":[{"embeddable":true,"href":"https:\/\/www.linslerhof.de\/fr\/wp-json\/wp\/v2\/comments?post=33580"}],"version-history":[{"count":24,"href":"https:\/\/www.linslerhof.de\/fr\/wp-json\/wp\/v2\/pages\/33580\/revisions"}],"predecessor-version":[{"id":47189,"href":"https:\/\/www.linslerhof.de\/fr\/wp-json\/wp\/v2\/pages\/33580\/revisions\/47189"}],"up":[{"embeddable":true,"href":"https:\/\/www.linslerhof.de\/fr\/wp-json\/wp\/v2\/pages\/33366"}],"wp:attachment":[{"href":"https:\/\/www.linslerhof.de\/fr\/wp-json\/wp\/v2\/media?parent=33580"}],"curies":[{"name":"wp","href":"https:\/\/api.w.org\/{rel}","templated":true}]}}