{"id":33584,"date":"2023-06-22T13:17:01","date_gmt":"2023-06-22T11:17:01","guid":{"rendered":"https:\/\/dev.linslerhof.de\/reunions\/demander-une-reunion\/"},"modified":"2025-10-28T12:36:49","modified_gmt":"2025-10-28T11:36:49","slug":"demander-une-reunion","status":"publish","type":"page","link":"https:\/\/www.linslerhof.de\/fr\/reunions\/demander-une-reunion\/","title":{"rendered":"Demander une r\u00e9union"},"content":{"rendered":"<section class=\"l-section wpb_row us_custom_8d4f5dab height_medium\"><div class=\"l-section-h i-cf\"><div class=\"g-cols vc_row via_flex valign_top type_boxes stacking_default\"><div class=\"vc_col-sm-12 wpb_column vc_column_container fs-page-header-area fs-landscape hide_on_mobiles has_bg_color\"><div class=\"vc_column-inner us_custom_1c3a1fef\"><div class=\"wpb_wrapper\"><\/div><\/div><\/div><\/div><\/div><\/section><section class=\"l-section wpb_row us_custom_3fcb7a80 fs-title-row height_medium\"><div class=\"l-section-h i-cf\"><div class=\"g-cols vc_row via_flex valign_top type_boxes stacking_default\"><div class=\"vc_col-sm-12 wpb_column vc_column_container\"><div class=\"vc_column-inner us_custom_5af77061\"><div class=\"wpb_wrapper\"><div class=\"g-cols wpb_row us_custom_d19ec48c fs-inner-area via_flex valign_top type_default stacking_default\"><div class=\"vc_col-sm-12 wpb_column vc_column_container\"><div class=\"vc_column-inner us_custom_e645dbf4\"><div class=\"wpb_wrapper\"><div class=\"wpb_text_column us_custom_50cc7d67\"><div class=\"wpb_wrapper\"><h1 style=\"text-align: center;\"><strong>Demander une r\u00e9union<\/strong><\/h1>\n<h3 style=\"text-align: left;\">Nous nous ferons un plaisir de vous conseiller !<\/h3>\n<p style=\"text-align: left;\"><strong>Planifiez votre congr\u00e8s avec nous !<\/strong><br \/>\nNotre responsable de congr\u00e8s est l&rsquo;interlocuteur id\u00e9al pour l&rsquo;organisation de votre congr\u00e8s. Vous pouvez nous joindre par t\u00e9l\u00e9phone au <strong><a href=\"tel:+4968368070\">06836-8070 <\/a><\/strong>et par e-mail \u00e0 <strong><a href=\"mailto:%20tagung@linslerhof.de\">tagung@linslerhof.de <\/a><\/strong>ou utilisez notre formulaire de contact directement ici.<\/p>\n<p style=\"text-align: left;\"><strong>T\u00e9l\u00e9chargements :<\/strong><br \/>\nT\u00e9l\u00e9chargez ici nos <a href=\"https:\/\/www.linslerhof.de\/wp-content\/uploads\/2024\/03\/Tagungsmappe-A5-2024.pdf\"><strong>d\u00e9pliant d&rsquo;information<\/strong><\/a> ou le <a href=\"https:\/\/dev.linslerhof.de\/wp-content\/uploads\/2024\/02\/Formular-Tagungsanfrage-2024.pdf\"><strong>formulaire de demande<\/strong><\/a> \u00e0 t\u00e9l\u00e9charger !<\/p>\n<\/div><\/div>\n<div class=\"wpcf7 no-js\" id=\"wpcf7-f33882-o1\" lang=\"fr-FR\" dir=\"ltr\">\n<div class=\"screen-reader-response\"><p role=\"status\" aria-live=\"polite\" aria-atomic=\"true\"><\/p> <ul><\/ul><\/div>\n<form action=\"\/fr\/wp-json\/wp\/v2\/pages\/33584#wpcf7-f33882-o1\" method=\"post\" class=\"wpcf7-form init\" aria-label=\"Formulaire de contact\" novalidate=\"novalidate\" data-status=\"init\">\n<div style=\"display: none;\">\n<input type=\"hidden\" name=\"_wpcf7\" value=\"33882\" \/>\n<input type=\"hidden\" name=\"_wpcf7_version\" value=\"59.9.3\" \/>\n<input type=\"hidden\" name=\"_wpcf7_locale\" value=\"fr_FR\" \/>\n<input type=\"hidden\" name=\"_wpcf7_unit_tag\" value=\"wpcf7-f33882-o1\" \/>\n<input type=\"hidden\" name=\"_wpcf7_container_post\" value=\"0\" \/>\n<input type=\"hidden\" name=\"_wpcf7_posted_data_hash\" value=\"\" \/>\n<\/div>\n<div class=\"nrcf7\">\n\t<div class=\"cf7-col-50 first\">\n\t\t<p><span class=\"wpcf7-form-control-wrap\" data-name=\"fe-vorname\"><input size=\"40\" class=\"wpcf7-form-control wpcf7-text\" aria-invalid=\"false\" placeholder=\"Pr\u00e9nom\" value=\"\" type=\"text\" name=\"fe-vorname\" \/><\/span>\n\t\t<\/p>\n\t<\/div>\n\t<div class=\"cf7-col-50 last\">\n\t\t<p><span class=\"wpcf7-form-control-wrap\" data-name=\"fe-nachname\"><input size=\"40\" class=\"wpcf7-form-control wpcf7-text\" aria-invalid=\"false\" placeholder=\"Nom de famille\" value=\"\" type=\"text\" name=\"fe-nachname\" \/><\/span>\n\t\t<\/p>\n\t<\/div>\n\t<div class=\"cf7-col-50 last\">\n\t\t<p><span class=\"wpcf7-form-control-wrap\" data-name=\"fe-firma\"><input size=\"40\" class=\"wpcf7-form-control wpcf7-text\" aria-invalid=\"false\" placeholder=\"Soci\u00e9t\u00e9\" value=\"\" type=\"text\" name=\"fe-firma\" \/><\/span>\n\t\t<\/p>\n\t<\/div>\n\t<div class=\"cf7-col-50 last\">\n\t\t<p><span class=\"wpcf7-form-control-wrap\" data-name=\"fe-adresse\"><input size=\"40\" class=\"wpcf7-form-control wpcf7-text\" aria-invalid=\"false\" placeholder=\"Adresse\" value=\"\" type=\"text\" name=\"fe-adresse\" \/><\/span>\n\t\t<\/p>\n\t<\/div>\n\t<div class=\"cf7-col-50 first\">\n\t\t<p><span class=\"wpcf7-form-control-wrap\" data-name=\"fe-telefon\"><input size=\"40\" class=\"wpcf7-form-control wpcf7-text\" aria-invalid=\"false\" placeholder=\"T\u00e9l\u00e9phone\" value=\"\" type=\"text\" name=\"fe-telefon\" \/><\/span>\n\t\t<\/p>\n\t<\/div>\n\t<div class=\"cf7-col-50 last\">\n\t\t<p><span class=\"wpcf7-form-control-wrap\" data-name=\"fe-email\"><input size=\"40\" class=\"wpcf7-form-control wpcf7-email wpcf7-validates-as-required wpcf7-text wpcf7-validates-as-email\" aria-required=\"true\" aria-invalid=\"false\" placeholder=\"Adresse \u00e9lectronique\" value=\"\" type=\"email\" name=\"fe-email\" \/><\/span>\n\t\t<\/p>\n\t<\/div>\n\t<div class=\"cf7-row\">\n\t\t<div class=\"cf7-col-100\">\n\t\t\t<p><span class=\"wpcf7-form-control-wrap\" data-name=\"fe-allgemeine-nachricht\"><textarea cols=\"40\" rows=\"4\" class=\"wpcf7-form-control wpcf7-textarea\" aria-invalid=\"false\" placeholder=\"Nous nous ferons un plaisir de vous aider \u00e0 organiser vos r\u00e9unions et s\u00e9minaires. Il vous suffit de nous \u00e9crire ici vos coordonn\u00e9es et l&#039;heure \u00e0 laquelle vous \u00eates le plus facilement joignable, et nous vous rappellerons avec plaisir !\" name=\"fe-allgemeine-nachricht\"><\/textarea><\/span>\n\t\t\t<\/p>\n\t\t<\/div>\n\t\t<div class=\"cf7-col-50 first\">\n\t\t\t<p><span class=\"wpcf7-form-control-wrap\" data-name=\"date-718\"><input class=\"wpcf7-form-control wpcf7-date wpcf7-validates-as-date\" aria-invalid=\"false\" placeholder=\"Votre date souhait\u00e9e\" value=\"\" type=\"date\" name=\"date-718\" \/><\/span>\n\t\t\t<\/p>\n\t\t<\/div>\n\t\t<div class=\"cf7-col-50 last\">\n\t\t\t<p><span class=\"wpcf7-form-control-wrap\" data-name=\"fe-tagungsteilnehmer\"><input size=\"40\" class=\"wpcf7-form-control wpcf7-text\" aria-invalid=\"false\" placeholder=\"Combien de participants attendez-vous ?\" value=\"\" type=\"text\" name=\"fe-tagungsteilnehmer\" \/><\/span>\n\t\t\t<\/p>\n\t\t<\/div>\n\t\t<div class=\"cf7-row\">\n\t\t\t<div class=\"cf7-col-50\">\n\t\t\t\t<p><span class=\"wpcf7-form-control-wrap\" data-name=\"fe-anfrage-art\"><select class=\"wpcf7-form-control wpcf7-select\" aria-invalid=\"false\" name=\"fe-anfrage-art\"><option value=\"Souhaitez-vous un forfait pour votre r\u00e9union ?\">Souhaitez-vous un forfait pour votre r\u00e9union ?<\/option><option value=\"&quot;Linslerhof Classic&quot; \u00e0 partir de 89,40 \u20ac\">&quot;Linslerhof Classic&quot; \u00e0 partir de 89,40 \u20ac<\/option><option value=\"&quot;Landleben&quot; \u00e0 partir de 105,40 \u20ac\">&quot;Landleben&quot; \u00e0 partir de 105,40 \u20ac<\/option><option value=\"&quot;Linslerhof Superior&quot; \u00e0 partir de 152,90 \u20ac\">&quot;Linslerhof Superior&quot; \u00e0 partir de 152,90 \u20ac<\/option><option value=\"pas de forfait\">pas de forfait<\/option><\/select><\/span>\n\t\t\t\t<\/p>\n\t\t\t<\/div>\n\t\t\t<div class=\"cf7-col-50 last\">\n\t\t\t\t<p><span class=\"wpcf7-form-control-wrap\" data-name=\"fe-hotelzimmer\"><input size=\"40\" class=\"wpcf7-form-control wpcf7-text\" aria-invalid=\"false\" placeholder=\"De combien de chambres d&#039;h\u00f4tel avez-vous besoin ?\" value=\"\" type=\"text\" name=\"fe-hotelzimmer\" \/><\/span>\n\t\t\t\t<\/p>\n\t\t\t<\/div>\n\t\t<\/div>\n\t<\/div>\n\n\n\n<!-- Abschluss des Formulares -->\n\t<div class=\"cf7-row\">\n\t\t<div class=\"cf7-col-100\">\n\t\t\t<p><span class=\"wpcf7-form-control-wrap\" data-name=\"acceptance-46\"><span class=\"wpcf7-form-control wpcf7-acceptance\"><span class=\"wpcf7-list-item\"><label><input type=\"checkbox\" name=\"acceptance-46\" value=\"1\" aria-invalid=\"false\" \/><span class=\"wpcf7-list-item-label\">J'ai lu la <a href=\"https:\/\/dev.linslerhof.de\/kontakt-anfragen\/datenschutz\/\" target=\"_blank\"><strong>D\u00e9claration de confidentialit\u00e9<\/strong><\/a> lu et accept\u00e9<\/span><\/label><\/span><\/span><\/span>\n\t\t\t<\/p>\n\t\t<\/div>\n\t<\/div>\n\t<div class=\"cf7-row\">\n\t\t<div class=\"cf7-col-100\">\n\t\t\t<p><span id=\"wpcf7-69db5cb91d0f8-wrapper\" class=\"wpcf7-form-control-wrap honeypot-30-wrap\" style=\"display:none !important; visibility:hidden !important;\"><label for=\"wpcf7-69db5cb91d0f8-field\" class=\"hp-message\">Veuillez laisser ce champ vide.<\/label><input id=\"wpcf7-69db5cb91d0f8-field\"  class=\"wpcf7-form-control wpcf7-text\" type=\"text\" name=\"honeypot-30\" value=\"\" size=\"40\" tabindex=\"-1\" autocomplete=\"new-password\" \/><\/span><br \/>\n<input class=\"wpcf7-form-control wpcf7-submit has-spinner\" type=\"submit\" value=\"Faire une demande de conf\u00e9rence\" \/>\n\t\t\t<\/p>\n\t\t<\/div>\n\t<\/div>\n<\/div><div class=\"wpcf7-response-output\" aria-hidden=\"true\"><\/div>\n<\/form>\n<\/div>\n<div class=\"wpb_text_column us_custom_65f827fa\"><div class=\"wpb_wrapper\"><p>Vous avez des questions ? Jetez un coup d&rsquo;\u0153il \u00e0 notre <a href=\"https:\/\/www.linslerhof.de\/fr\/reunions\/reunions-faq\/\"><strong>FAQ<\/strong><\/a> sur les th\u00e8mes des conf\u00e9rences !<\/p>\n<\/div><\/div><\/div><\/div><\/div><\/div><\/div><\/div><\/div><\/div><\/div><\/section>\n","protected":false},"excerpt":{"rendered":"Demander une r\u00e9union Nous nous ferons un plaisir de vous conseiller ! Planifiez votre congr\u00e8s avec nous ! Notre responsable de congr\u00e8s est l&rsquo;interlocuteur id\u00e9al pour l&rsquo;organisation de votre congr\u00e8s. Vous pouvez nous joindre par t\u00e9l\u00e9phone au 06836-8070 et par e-mail \u00e0 tagung@linslerhof.de ou utilisez notre formulaire de contact directement ici. T\u00e9l\u00e9chargements : T\u00e9l\u00e9chargez ici...","protected":false},"author":3,"featured_media":0,"parent":33327,"menu_order":4,"comment_status":"closed","ping_status":"closed","template":"","meta":{"footnotes":""},"class_list":["post-33584","page","type-page","status-publish","hentry"],"yoast_head":"<!-- This site is optimized with the Yoast SEO plugin v27.3 - https:\/\/yoast.com\/product\/yoast-seo-wordpress\/ -->\n<title>Demander une r\u00e9union | Linslerhof<\/title>\n<meta name=\"description\" content=\"Demandez une r\u00e9union - nous vous conseillons volontiers et r\u00e9alisons votre r\u00e9union individuellement pour vous !\" \/>\n<meta name=\"robots\" content=\"index, follow, max-snippet:-1, max-image-preview:large, max-video-preview:-1\" \/>\n<link rel=\"canonical\" href=\"https:\/\/www.linslerhof.de\/fr\/reunions\/demander-une-reunion\/\" \/>\n<meta property=\"og:locale\" content=\"fr_FR\" \/>\n<meta property=\"og:type\" content=\"article\" \/>\n<meta property=\"og:title\" content=\"Demander une r\u00e9union | Linslerhof\" \/>\n<meta property=\"og:description\" content=\"Demandez une r\u00e9union - nous vous conseillons volontiers et r\u00e9alisons votre r\u00e9union individuellement pour vous !\" \/>\n<meta property=\"og:url\" content=\"https:\/\/www.linslerhof.de\/fr\/reunions\/demander-une-reunion\/\" \/>\n<meta property=\"og:site_name\" content=\"Linslerhof\" \/>\n<meta property=\"article:publisher\" content=\"https:\/\/www.facebook.com\/Linslerhof\" \/>\n<meta property=\"article:modified_time\" content=\"2025-10-28T11:36:49+00:00\" \/>\n<meta name=\"twitter:card\" content=\"summary_large_image\" \/>\n<meta name=\"twitter:label1\" content=\"Dur\u00e9e de lecture estim\u00e9e\" \/>\n\t<meta name=\"twitter:data1\" content=\"1 minute\" \/>\n<script type=\"application\/ld+json\" class=\"yoast-schema-graph\">{\"@context\":\"https:\\\/\\\/schema.org\",\"@graph\":[{\"@type\":\"WebPage\",\"@id\":\"https:\\\/\\\/www.linslerhof.de\\\/fr\\\/reunions\\\/demander-une-reunion\\\/\",\"url\":\"https:\\\/\\\/www.linslerhof.de\\\/fr\\\/reunions\\\/demander-une-reunion\\\/\",\"name\":\"Demander une r\u00e9union | Linslerhof\",\"isPartOf\":{\"@id\":\"https:\\\/\\\/www.linslerhof.de\\\/fr\\\/#website\"},\"datePublished\":\"2023-06-22T11:17:01+00:00\",\"dateModified\":\"2025-10-28T11:36:49+00:00\",\"description\":\"Demandez une r\u00e9union - nous vous conseillons volontiers et r\u00e9alisons votre r\u00e9union individuellement pour vous !\",\"breadcrumb\":{\"@id\":\"https:\\\/\\\/www.linslerhof.de\\\/fr\\\/reunions\\\/demander-une-reunion\\\/#breadcrumb\"},\"inLanguage\":\"fr-FR\",\"potentialAction\":[{\"@type\":\"ReadAction\",\"target\":[\"https:\\\/\\\/www.linslerhof.de\\\/fr\\\/reunions\\\/demander-une-reunion\\\/\"]}]},{\"@type\":\"BreadcrumbList\",\"@id\":\"https:\\\/\\\/www.linslerhof.de\\\/fr\\\/reunions\\\/demander-une-reunion\\\/#breadcrumb\",\"itemListElement\":[{\"@type\":\"ListItem\",\"position\":1,\"name\":\"Startseite\",\"item\":\"https:\\\/\\\/www.linslerhof.de\\\/fr\\\/hotel-4-etoiles-en-sarre\\\/\"},{\"@type\":\"ListItem\",\"position\":2,\"name\":\"R\u00e9unions\",\"item\":\"https:\\\/\\\/www.linslerhof.de\\\/fr\\\/reunions\\\/\"},{\"@type\":\"ListItem\",\"position\":3,\"name\":\"Demander une r\u00e9union\"}]},{\"@type\":\"WebSite\",\"@id\":\"https:\\\/\\\/www.linslerhof.de\\\/fr\\\/#website\",\"url\":\"https:\\\/\\\/www.linslerhof.de\\\/fr\\\/\",\"name\":\"Linslerhof\",\"description\":\"Historischer Gutshof\",\"publisher\":{\"@id\":\"https:\\\/\\\/www.linslerhof.de\\\/fr\\\/#organization\"},\"potentialAction\":[{\"@type\":\"SearchAction\",\"target\":{\"@type\":\"EntryPoint\",\"urlTemplate\":\"https:\\\/\\\/www.linslerhof.de\\\/fr\\\/?s={search_term_string}\"},\"query-input\":{\"@type\":\"PropertyValueSpecification\",\"valueRequired\":true,\"valueName\":\"search_term_string\"}}],\"inLanguage\":\"fr-FR\"},{\"@type\":\"Organization\",\"@id\":\"https:\\\/\\\/www.linslerhof.de\\\/fr\\\/#organization\",\"name\":\"Linslerhof\",\"url\":\"https:\\\/\\\/www.linslerhof.de\\\/fr\\\/\",\"logo\":{\"@type\":\"ImageObject\",\"inLanguage\":\"fr-FR\",\"@id\":\"https:\\\/\\\/www.linslerhof.de\\\/fr\\\/#\\\/schema\\\/logo\\\/image\\\/\",\"url\":\"https:\\\/\\\/www.linslerhof.de\\\/wp-content\\\/uploads\\\/2020\\\/12\\\/Logo_2020.png\",\"contentUrl\":\"https:\\\/\\\/www.linslerhof.de\\\/wp-content\\\/uploads\\\/2020\\\/12\\\/Logo_2020.png\",\"width\":466,\"height\":300,\"caption\":\"Linslerhof\"},\"image\":{\"@id\":\"https:\\\/\\\/www.linslerhof.de\\\/fr\\\/#\\\/schema\\\/logo\\\/image\\\/\"},\"sameAs\":[\"https:\\\/\\\/www.facebook.com\\\/Linslerhof\",\"https:\\\/\\\/www.instagram.com\\\/linslerhof\\\/\"]}]}<\/script>\n<!-- \/ Yoast SEO plugin. -->","yoast_head_json":{"title":"Demander une r\u00e9union | Linslerhof","description":"Demandez une r\u00e9union - nous vous conseillons volontiers et r\u00e9alisons votre r\u00e9union individuellement pour vous !","robots":{"index":"index","follow":"follow","max-snippet":"max-snippet:-1","max-image-preview":"max-image-preview:large","max-video-preview":"max-video-preview:-1"},"canonical":"https:\/\/www.linslerhof.de\/fr\/reunions\/demander-une-reunion\/","og_locale":"fr_FR","og_type":"article","og_title":"Demander une r\u00e9union | Linslerhof","og_description":"Demandez une r\u00e9union - nous vous conseillons volontiers et r\u00e9alisons votre r\u00e9union individuellement pour vous !","og_url":"https:\/\/www.linslerhof.de\/fr\/reunions\/demander-une-reunion\/","og_site_name":"Linslerhof","article_publisher":"https:\/\/www.facebook.com\/Linslerhof","article_modified_time":"2025-10-28T11:36:49+00:00","twitter_card":"summary_large_image","twitter_misc":{"Dur\u00e9e de lecture estim\u00e9e":"1 minute"},"schema":{"@context":"https:\/\/schema.org","@graph":[{"@type":"WebPage","@id":"https:\/\/www.linslerhof.de\/fr\/reunions\/demander-une-reunion\/","url":"https:\/\/www.linslerhof.de\/fr\/reunions\/demander-une-reunion\/","name":"Demander une r\u00e9union | Linslerhof","isPartOf":{"@id":"https:\/\/www.linslerhof.de\/fr\/#website"},"datePublished":"2023-06-22T11:17:01+00:00","dateModified":"2025-10-28T11:36:49+00:00","description":"Demandez une r\u00e9union - nous vous conseillons volontiers et r\u00e9alisons votre r\u00e9union individuellement pour vous !","breadcrumb":{"@id":"https:\/\/www.linslerhof.de\/fr\/reunions\/demander-une-reunion\/#breadcrumb"},"inLanguage":"fr-FR","potentialAction":[{"@type":"ReadAction","target":["https:\/\/www.linslerhof.de\/fr\/reunions\/demander-une-reunion\/"]}]},{"@type":"BreadcrumbList","@id":"https:\/\/www.linslerhof.de\/fr\/reunions\/demander-une-reunion\/#breadcrumb","itemListElement":[{"@type":"ListItem","position":1,"name":"Startseite","item":"https:\/\/www.linslerhof.de\/fr\/hotel-4-etoiles-en-sarre\/"},{"@type":"ListItem","position":2,"name":"R\u00e9unions","item":"https:\/\/www.linslerhof.de\/fr\/reunions\/"},{"@type":"ListItem","position":3,"name":"Demander une r\u00e9union"}]},{"@type":"WebSite","@id":"https:\/\/www.linslerhof.de\/fr\/#website","url":"https:\/\/www.linslerhof.de\/fr\/","name":"Linslerhof","description":"Historischer Gutshof","publisher":{"@id":"https:\/\/www.linslerhof.de\/fr\/#organization"},"potentialAction":[{"@type":"SearchAction","target":{"@type":"EntryPoint","urlTemplate":"https:\/\/www.linslerhof.de\/fr\/?s={search_term_string}"},"query-input":{"@type":"PropertyValueSpecification","valueRequired":true,"valueName":"search_term_string"}}],"inLanguage":"fr-FR"},{"@type":"Organization","@id":"https:\/\/www.linslerhof.de\/fr\/#organization","name":"Linslerhof","url":"https:\/\/www.linslerhof.de\/fr\/","logo":{"@type":"ImageObject","inLanguage":"fr-FR","@id":"https:\/\/www.linslerhof.de\/fr\/#\/schema\/logo\/image\/","url":"https:\/\/www.linslerhof.de\/wp-content\/uploads\/2020\/12\/Logo_2020.png","contentUrl":"https:\/\/www.linslerhof.de\/wp-content\/uploads\/2020\/12\/Logo_2020.png","width":466,"height":300,"caption":"Linslerhof"},"image":{"@id":"https:\/\/www.linslerhof.de\/fr\/#\/schema\/logo\/image\/"},"sameAs":["https:\/\/www.facebook.com\/Linslerhof","https:\/\/www.instagram.com\/linslerhof\/"]}]}},"_links":{"self":[{"href":"https:\/\/www.linslerhof.de\/fr\/wp-json\/wp\/v2\/pages\/33584","targetHints":{"allow":["GET"]}}],"collection":[{"href":"https:\/\/www.linslerhof.de\/fr\/wp-json\/wp\/v2\/pages"}],"about":[{"href":"https:\/\/www.linslerhof.de\/fr\/wp-json\/wp\/v2\/types\/page"}],"author":[{"embeddable":true,"href":"https:\/\/www.linslerhof.de\/fr\/wp-json\/wp\/v2\/users\/3"}],"replies":[{"embeddable":true,"href":"https:\/\/www.linslerhof.de\/fr\/wp-json\/wp\/v2\/comments?post=33584"}],"version-history":[{"count":11,"href":"https:\/\/www.linslerhof.de\/fr\/wp-json\/wp\/v2\/pages\/33584\/revisions"}],"predecessor-version":[{"id":41691,"href":"https:\/\/www.linslerhof.de\/fr\/wp-json\/wp\/v2\/pages\/33584\/revisions\/41691"}],"up":[{"embeddable":true,"href":"https:\/\/www.linslerhof.de\/fr\/wp-json\/wp\/v2\/pages\/33327"}],"wp:attachment":[{"href":"https:\/\/www.linslerhof.de\/fr\/wp-json\/wp\/v2\/media?parent=33584"}],"curies":[{"name":"wp","href":"https:\/\/api.w.org\/{rel}","templated":true}]}}