{"id":33598,"date":"2023-08-09T14:46:31","date_gmt":"2023-08-09T12:46:31","guid":{"rendered":"https:\/\/dev.linslerhof.de\/lieu-devenement-en-sarre\/programme-cadre-pour-les-evenements\/"},"modified":"2025-09-04T11:46:01","modified_gmt":"2025-09-04T09:46:01","slug":"programme-cadre-pour-les-evenements","status":"publish","type":"page","link":"https:\/\/www.linslerhof.de\/fr\/lieu-devenement-en-sarre\/programme-cadre-pour-les-evenements\/","title":{"rendered":"Programme-cadre pour les \u00e9v\u00e9nements"},"content":{"rendered":"<section class=\"l-section wpb_row us_custom_8d4f5dab height_medium\"><div class=\"l-section-h i-cf\"><div class=\"g-cols vc_row via_flex valign_top type_boxes stacking_default\"><div class=\"vc_col-sm-12 wpb_column vc_column_container fs-page-header-area fs-landscape hide_on_mobiles has_bg_color\"><div class=\"vc_column-inner us_custom_b983eb20\"><div class=\"wpb_wrapper\"><\/div><\/div><\/div><\/div><\/div><\/section><section class=\"l-section wpb_row us_custom_df4c8a3c height_medium\"><div class=\"l-section-h i-cf\"><div class=\"g-cols vc_row via_flex valign_middle type_boxes stacking_default\" style=\"--additional-gap:10px;\"><div class=\"vc_col-sm-12 wpb_column vc_column_container has_bg_color us_animate_afr\"><div class=\"vc_column-inner us_custom_04b5345d\"><div class=\"wpb_wrapper\"><div class=\"wpb_text_column us_custom_50cc7d67\"><div class=\"wpb_wrapper\"><h2 style=\"text-align: left;\"><strong>Services<\/strong> et incentives <strong>\u00e0 r\u00e9server<\/strong> pour vos f\u00eates et \u00e9v\u00e9nements<\/h2>\n<p style=\"text-align: left;\">Un programme-cadre vari\u00e9 donne \u00e0 votre f\u00eate un petit plus. Profitez des nombreuses possibilit\u00e9s offertes par le Linslerhof pour vous offrir, \u00e0 vous et \u00e0 vos invit\u00e9s, une exp\u00e9rience inoubliable.<\/p>\n<ul>\n<li style=\"text-align: left;\"><strong>Visite guid\u00e9e de la ferme<\/strong> par Monsieur Werner Fritz, dur\u00e9e env. 1 heure Prix : 50,00 \u20ac.<\/li>\n<li style=\"text-align: left;\"><strong>Promenade \u00e0 poney<\/strong> pour les petits Prix : 10,00 \u20ac par enfant<\/li>\n<li style=\"text-align: left;\"><strong>Table pour enfants<\/strong> avec peinture et jouets Prix : 10,00 \u20ac par enfant<\/li>\n<li style=\"text-align: left;\"><strong>Promenades en cal\u00e8che et en chariot couvert<\/strong> avec notre cocher Madame Isolde Heintz autour du Linslerhof, prix sur demande<\/li>\n<li style=\"text-align: left;\"><strong>Excursions en voiture ancienne<\/strong> avec des voitures de location du Linslerhof<\/li>\n<li><strong>Cin\u00e9ma de tir :<\/strong> contact et prix sur : info@jagen-lernen.de<\/li>\n<li style=\"text-align: left;\"><strong>Bo\u00eete \u00e0 photos<\/strong> comprenant 150 photos imprim\u00e9es, une cl\u00e9 USB et des accessoires Prix : 300,00 \u20ac.<\/li>\n<li style=\"text-align: left;\"><strong>Jeux d&rsquo;ext\u00e9rieur<\/strong> pour f\u00eates et \u00e9v\u00e9nements disponibles sur demande<\/li>\n<\/ul>\n<p><a href=\"https:\/\/www.linslerhof.de\/fr\/lieu-devenement-en-sarre\/demandes-devenements\/\"><span style=\"color: #d74808;\"><strong>&gt;&gt;  DEMANDER MAINTENANT !<\/strong><\/span><\/a><\/p>\n<\/div><\/div><\/div><\/div><\/div><\/div><\/div><\/section><section class=\"l-section wpb_row us_custom_5f67bb6e height_medium\"><div class=\"l-section-h i-cf\"><div class=\"g-cols vc_row via_flex valign_middle type_boxes stacking_default\" style=\"--additional-gap:5px;\"><div class=\"vc_col-sm-4 wpb_column vc_column_container has_bg_color\"><div class=\"vc_column-inner us_custom_998d0788\"><div class=\"wpb_wrapper\"><\/div><\/div><\/div><div class=\"vc_col-sm-4 wpb_column vc_column_container has_bg_color\"><div class=\"vc_column-inner us_custom_ad0a0895\"><div class=\"wpb_wrapper\"><\/div><\/div><\/div><div class=\"vc_col-sm-4 wpb_column vc_column_container has_bg_color\"><div class=\"vc_column-inner us_custom_943b9790\"><div class=\"wpb_wrapper\"><\/div><\/div><\/div><\/div><\/div><\/section>\n","protected":false},"excerpt":{"rendered":"Services et incentives \u00e0 r\u00e9server pour vos f\u00eates et \u00e9v\u00e9nements Un programme-cadre vari\u00e9 donne \u00e0 votre f\u00eate un petit plus. Profitez des nombreuses possibilit\u00e9s offertes par le Linslerhof pour vous offrir, \u00e0 vous et \u00e0 vos invit\u00e9s, une exp\u00e9rience inoubliable. Visite guid\u00e9e de la ferme par Monsieur Werner Fritz, dur\u00e9e env. 1 heure Prix :...","protected":false},"author":4,"featured_media":0,"parent":33346,"menu_order":5,"comment_status":"closed","ping_status":"closed","template":"","meta":{"footnotes":""},"class_list":["post-33598","page","type-page","status-publish","hentry"],"yoast_head":"<!-- This site is optimized with the Yoast SEO plugin v27.3 - https:\/\/yoast.com\/product\/yoast-seo-wordpress\/ -->\n<title>Programme-cadre pour les \u00e9v\u00e9nements | Linslerhof<\/title>\n<meta name=\"description\" content=\"Programme cadre pour \u00e9v\u00e9nements : au Linslerhof, vous profitez de nombreuses possibilit\u00e9s pour diversifier votre \u00e9v\u00e9nement.\" \/>\n<meta name=\"robots\" content=\"index, follow, max-snippet:-1, max-image-preview:large, max-video-preview:-1\" \/>\n<link rel=\"canonical\" href=\"https:\/\/www.linslerhof.de\/fr\/lieu-devenement-en-sarre\/programme-cadre-pour-les-evenements\/\" \/>\n<meta property=\"og:locale\" content=\"fr_FR\" \/>\n<meta property=\"og:type\" content=\"article\" \/>\n<meta property=\"og:title\" content=\"Programme-cadre pour les \u00e9v\u00e9nements | Linslerhof\" \/>\n<meta property=\"og:description\" content=\"Programme cadre pour \u00e9v\u00e9nements : au Linslerhof, vous profitez de nombreuses possibilit\u00e9s pour diversifier votre \u00e9v\u00e9nement.\" \/>\n<meta property=\"og:url\" content=\"https:\/\/www.linslerhof.de\/fr\/lieu-devenement-en-sarre\/programme-cadre-pour-les-evenements\/\" \/>\n<meta property=\"og:site_name\" content=\"Linslerhof\" \/>\n<meta property=\"article:publisher\" content=\"https:\/\/www.facebook.com\/Linslerhof\" \/>\n<meta property=\"article:modified_time\" content=\"2025-09-04T09:46:01+00:00\" \/>\n<meta name=\"twitter:card\" content=\"summary_large_image\" \/>\n<meta name=\"twitter:label1\" content=\"Dur\u00e9e de lecture estim\u00e9e\" \/>\n\t<meta name=\"twitter:data1\" content=\"2 minutes\" \/>\n<script type=\"application\/ld+json\" class=\"yoast-schema-graph\">{\"@context\":\"https:\\\/\\\/schema.org\",\"@graph\":[{\"@type\":\"WebPage\",\"@id\":\"https:\\\/\\\/www.linslerhof.de\\\/fr\\\/lieu-devenement-en-sarre\\\/programme-cadre-pour-les-evenements\\\/\",\"url\":\"https:\\\/\\\/www.linslerhof.de\\\/fr\\\/lieu-devenement-en-sarre\\\/programme-cadre-pour-les-evenements\\\/\",\"name\":\"Programme-cadre pour les \u00e9v\u00e9nements | Linslerhof\",\"isPartOf\":{\"@id\":\"https:\\\/\\\/www.linslerhof.de\\\/fr\\\/#website\"},\"datePublished\":\"2023-08-09T12:46:31+00:00\",\"dateModified\":\"2025-09-04T09:46:01+00:00\",\"description\":\"Programme cadre pour \u00e9v\u00e9nements : au Linslerhof, vous profitez de nombreuses possibilit\u00e9s pour diversifier votre \u00e9v\u00e9nement.\",\"breadcrumb\":{\"@id\":\"https:\\\/\\\/www.linslerhof.de\\\/fr\\\/lieu-devenement-en-sarre\\\/programme-cadre-pour-les-evenements\\\/#breadcrumb\"},\"inLanguage\":\"fr-FR\",\"potentialAction\":[{\"@type\":\"ReadAction\",\"target\":[\"https:\\\/\\\/www.linslerhof.de\\\/fr\\\/lieu-devenement-en-sarre\\\/programme-cadre-pour-les-evenements\\\/\"]}]},{\"@type\":\"BreadcrumbList\",\"@id\":\"https:\\\/\\\/www.linslerhof.de\\\/fr\\\/lieu-devenement-en-sarre\\\/programme-cadre-pour-les-evenements\\\/#breadcrumb\",\"itemListElement\":[{\"@type\":\"ListItem\",\"position\":1,\"name\":\"Startseite\",\"item\":\"https:\\\/\\\/www.linslerhof.de\\\/fr\\\/hotel-4-etoiles-en-sarre\\\/\"},{\"@type\":\"ListItem\",\"position\":2,\"name\":\"Lieu d&#8217;\u00e9v\u00e9nement en Sarre\",\"item\":\"https:\\\/\\\/www.linslerhof.de\\\/fr\\\/lieu-devenement-en-sarre\\\/\"},{\"@type\":\"ListItem\",\"position\":3,\"name\":\"Programme-cadre pour les \u00e9v\u00e9nements\"}]},{\"@type\":\"WebSite\",\"@id\":\"https:\\\/\\\/www.linslerhof.de\\\/fr\\\/#website\",\"url\":\"https:\\\/\\\/www.linslerhof.de\\\/fr\\\/\",\"name\":\"Linslerhof\",\"description\":\"Historischer Gutshof\",\"publisher\":{\"@id\":\"https:\\\/\\\/www.linslerhof.de\\\/fr\\\/#organization\"},\"potentialAction\":[{\"@type\":\"SearchAction\",\"target\":{\"@type\":\"EntryPoint\",\"urlTemplate\":\"https:\\\/\\\/www.linslerhof.de\\\/fr\\\/?s={search_term_string}\"},\"query-input\":{\"@type\":\"PropertyValueSpecification\",\"valueRequired\":true,\"valueName\":\"search_term_string\"}}],\"inLanguage\":\"fr-FR\"},{\"@type\":\"Organization\",\"@id\":\"https:\\\/\\\/www.linslerhof.de\\\/fr\\\/#organization\",\"name\":\"Linslerhof\",\"url\":\"https:\\\/\\\/www.linslerhof.de\\\/fr\\\/\",\"logo\":{\"@type\":\"ImageObject\",\"inLanguage\":\"fr-FR\",\"@id\":\"https:\\\/\\\/www.linslerhof.de\\\/fr\\\/#\\\/schema\\\/logo\\\/image\\\/\",\"url\":\"https:\\\/\\\/www.linslerhof.de\\\/wp-content\\\/uploads\\\/2020\\\/12\\\/Logo_2020.png\",\"contentUrl\":\"https:\\\/\\\/www.linslerhof.de\\\/wp-content\\\/uploads\\\/2020\\\/12\\\/Logo_2020.png\",\"width\":466,\"height\":300,\"caption\":\"Linslerhof\"},\"image\":{\"@id\":\"https:\\\/\\\/www.linslerhof.de\\\/fr\\\/#\\\/schema\\\/logo\\\/image\\\/\"},\"sameAs\":[\"https:\\\/\\\/www.facebook.com\\\/Linslerhof\",\"https:\\\/\\\/www.instagram.com\\\/linslerhof\\\/\"]}]}<\/script>\n<!-- \/ Yoast SEO plugin. -->","yoast_head_json":{"title":"Programme-cadre pour les \u00e9v\u00e9nements | Linslerhof","description":"Programme cadre pour \u00e9v\u00e9nements : au Linslerhof, vous profitez de nombreuses possibilit\u00e9s pour diversifier votre \u00e9v\u00e9nement.","robots":{"index":"index","follow":"follow","max-snippet":"max-snippet:-1","max-image-preview":"max-image-preview:large","max-video-preview":"max-video-preview:-1"},"canonical":"https:\/\/www.linslerhof.de\/fr\/lieu-devenement-en-sarre\/programme-cadre-pour-les-evenements\/","og_locale":"fr_FR","og_type":"article","og_title":"Programme-cadre pour les \u00e9v\u00e9nements | Linslerhof","og_description":"Programme cadre pour \u00e9v\u00e9nements : au Linslerhof, vous profitez de nombreuses possibilit\u00e9s pour diversifier votre \u00e9v\u00e9nement.","og_url":"https:\/\/www.linslerhof.de\/fr\/lieu-devenement-en-sarre\/programme-cadre-pour-les-evenements\/","og_site_name":"Linslerhof","article_publisher":"https:\/\/www.facebook.com\/Linslerhof","article_modified_time":"2025-09-04T09:46:01+00:00","twitter_card":"summary_large_image","twitter_misc":{"Dur\u00e9e de lecture estim\u00e9e":"2 minutes"},"schema":{"@context":"https:\/\/schema.org","@graph":[{"@type":"WebPage","@id":"https:\/\/www.linslerhof.de\/fr\/lieu-devenement-en-sarre\/programme-cadre-pour-les-evenements\/","url":"https:\/\/www.linslerhof.de\/fr\/lieu-devenement-en-sarre\/programme-cadre-pour-les-evenements\/","name":"Programme-cadre pour les \u00e9v\u00e9nements | Linslerhof","isPartOf":{"@id":"https:\/\/www.linslerhof.de\/fr\/#website"},"datePublished":"2023-08-09T12:46:31+00:00","dateModified":"2025-09-04T09:46:01+00:00","description":"Programme cadre pour \u00e9v\u00e9nements : au Linslerhof, vous profitez de nombreuses possibilit\u00e9s pour diversifier votre \u00e9v\u00e9nement.","breadcrumb":{"@id":"https:\/\/www.linslerhof.de\/fr\/lieu-devenement-en-sarre\/programme-cadre-pour-les-evenements\/#breadcrumb"},"inLanguage":"fr-FR","potentialAction":[{"@type":"ReadAction","target":["https:\/\/www.linslerhof.de\/fr\/lieu-devenement-en-sarre\/programme-cadre-pour-les-evenements\/"]}]},{"@type":"BreadcrumbList","@id":"https:\/\/www.linslerhof.de\/fr\/lieu-devenement-en-sarre\/programme-cadre-pour-les-evenements\/#breadcrumb","itemListElement":[{"@type":"ListItem","position":1,"name":"Startseite","item":"https:\/\/www.linslerhof.de\/fr\/hotel-4-etoiles-en-sarre\/"},{"@type":"ListItem","position":2,"name":"Lieu d&#8217;\u00e9v\u00e9nement en Sarre","item":"https:\/\/www.linslerhof.de\/fr\/lieu-devenement-en-sarre\/"},{"@type":"ListItem","position":3,"name":"Programme-cadre pour les \u00e9v\u00e9nements"}]},{"@type":"WebSite","@id":"https:\/\/www.linslerhof.de\/fr\/#website","url":"https:\/\/www.linslerhof.de\/fr\/","name":"Linslerhof","description":"Historischer Gutshof","publisher":{"@id":"https:\/\/www.linslerhof.de\/fr\/#organization"},"potentialAction":[{"@type":"SearchAction","target":{"@type":"EntryPoint","urlTemplate":"https:\/\/www.linslerhof.de\/fr\/?s={search_term_string}"},"query-input":{"@type":"PropertyValueSpecification","valueRequired":true,"valueName":"search_term_string"}}],"inLanguage":"fr-FR"},{"@type":"Organization","@id":"https:\/\/www.linslerhof.de\/fr\/#organization","name":"Linslerhof","url":"https:\/\/www.linslerhof.de\/fr\/","logo":{"@type":"ImageObject","inLanguage":"fr-FR","@id":"https:\/\/www.linslerhof.de\/fr\/#\/schema\/logo\/image\/","url":"https:\/\/www.linslerhof.de\/wp-content\/uploads\/2020\/12\/Logo_2020.png","contentUrl":"https:\/\/www.linslerhof.de\/wp-content\/uploads\/2020\/12\/Logo_2020.png","width":466,"height":300,"caption":"Linslerhof"},"image":{"@id":"https:\/\/www.linslerhof.de\/fr\/#\/schema\/logo\/image\/"},"sameAs":["https:\/\/www.facebook.com\/Linslerhof","https:\/\/www.instagram.com\/linslerhof\/"]}]}},"_links":{"self":[{"href":"https:\/\/www.linslerhof.de\/fr\/wp-json\/wp\/v2\/pages\/33598","targetHints":{"allow":["GET"]}}],"collection":[{"href":"https:\/\/www.linslerhof.de\/fr\/wp-json\/wp\/v2\/pages"}],"about":[{"href":"https:\/\/www.linslerhof.de\/fr\/wp-json\/wp\/v2\/types\/page"}],"author":[{"embeddable":true,"href":"https:\/\/www.linslerhof.de\/fr\/wp-json\/wp\/v2\/users\/4"}],"replies":[{"embeddable":true,"href":"https:\/\/www.linslerhof.de\/fr\/wp-json\/wp\/v2\/comments?post=33598"}],"version-history":[{"count":7,"href":"https:\/\/www.linslerhof.de\/fr\/wp-json\/wp\/v2\/pages\/33598\/revisions"}],"predecessor-version":[{"id":45411,"href":"https:\/\/www.linslerhof.de\/fr\/wp-json\/wp\/v2\/pages\/33598\/revisions\/45411"}],"up":[{"embeddable":true,"href":"https:\/\/www.linslerhof.de\/fr\/wp-json\/wp\/v2\/pages\/33346"}],"wp:attachment":[{"href":"https:\/\/www.linslerhof.de\/fr\/wp-json\/wp\/v2\/media?parent=33598"}],"curies":[{"name":"wp","href":"https:\/\/api.w.org\/{rel}","templated":true}]}}