{"id":33613,"date":"2023-12-18T15:57:47","date_gmt":"2023-12-18T14:57:47","guid":{"rendered":"https:\/\/dev.linslerhof.de\/offre-fete-dete-en-plein-air\/"},"modified":"2026-03-30T17:43:21","modified_gmt":"2026-03-30T15:43:21","slug":"offre-fete-dete-en-plein-air","status":"publish","type":"page","link":"https:\/\/www.linslerhof.de\/fr\/lieu-devenement-en-sarre\/evenements-dentreprise\/offre-fete-dete-en-plein-air\/","title":{"rendered":"Offre F\u00eate d&rsquo;\u00e9t\u00e9 en plein air"},"content":{"rendered":"<section class=\"l-section wpb_row us_custom_98b4ceb1 fs-section-reverse height_medium\"><div class=\"l-section-h i-cf\"><div class=\"g-cols vc_row via_flex valign_middle type_boxes stacking_default\" style=\"--additional-gap:10px;\"><div class=\"vc_col-sm-6 wpb_column vc_column_container has_bg_color\"><div class=\"vc_column-inner us_custom_94501421\"><div class=\"wpb_wrapper\"><div class=\"wpb_text_column us_custom_50cc7d67\"><div class=\"wpb_wrapper\"><h1><strong>F\u00caTE D&rsquo;\u00c9T\u00c9 EN PLEIN AIR<\/strong><\/h1>\n<p>Avec notre vaste terrain d&rsquo;h\u00f4tel, y compris le restaurant, le Biergarten et divers espaces ext\u00e9rieurs, nous offrons l&rsquo;endroit id\u00e9al pour une joyeuse f\u00eate d&rsquo;\u00e9t\u00e9 et des heures pass\u00e9es ensemble en \u00e9quipe ! Notre offre est parfaitement adapt\u00e9e aux entreprises, des plus petites aux plus grandes. Nous avons pr\u00e9vu suffisamment de nourriture et de boissons. Passez simplement un bon moment au Linslerhof !   Pour une offre personnalis\u00e9e, veuillez contacter notre \u00e9quipe \u00e9v\u00e9nementielle.<\/p>\n<p><strong>R\u00e9servable \u00e0 partir de 40 \u00e0 200 <\/strong><br \/>\nGroupes plus petits et plus grands sur demande.<\/p>\n<p><strong>\u00e0 partir de 95,- \u20ac par personne<br \/>\n<\/strong>(boissons, buffet et installation inclus)<\/p>\n<\/div><\/div><div class=\" vc_custom_1722427438212 ubtn-ctn-left \"><a class=\"ubtn-link ult-adjust-bottom-margin ubtn-left ubtn-large \" href=\"https:\/\/www.linslerhof.de\/eventlocation-im-saarland\/event-anfragen\/\" title=\"Angebote\" ><button type=\"button\" id=\"ubtn-3021\"  class=\"ubtn ult-adjust-bottom-margin ult-responsive ubtn-large ubtn-no-hover-bg  ulta-push  ubtn-left   tooltip-69f86c6e433bb\"  data-hover=\"\" data-border-color=\"\" data-bg=\"#ea5b0b\" data-hover-bg=\"\" data-border-hover=\"\" data-shadow-hover=\"\" data-shadow-click=\"none\" data-shadow=\"\" data-shd-shadow=\"\"  data-ultimate-target='#ubtn-3021'  data-responsive-json-new='{\"font-size\":\"desktop:20px;\",\"line-height\":\"desktop:18px;\"}'  style=\"font-family:&#039;Open Sans Condensed&#039;;font-weight:normal;font-style:normal;border:none;background: #ea5b0b;color: #ffffff;\"><span class=\"ubtn-hover\" style=\"background-color:\"><\/span><span class=\"ubtn-data ubtn-text \" >DEMANDEZ MAINTENANT<\/span><\/button><\/a><\/div><div class=\"wpb_text_column us_custom_090aafef\"><div class=\"wpb_wrapper\"><p>Ou contactez-nous :<br \/>\n<strong><a href=\"tel:+49683680766\">+49 (0)6836 &#8211; 807-66<\/a><\/strong><br \/>\n<strong><a href=\"mailto:bankett@linslerhof.de\">bankett@linslerhof.de<\/a><\/strong><\/p>\n<\/div><\/div><div class=\"wpb_text_column us_custom_69561aa4\"><div class=\"wpb_wrapper\"><p><a href=\"https:\/\/www.linslerhof.de\/fr\/lieu-devenement-en-sarre\/evenements-dentreprise\/\"><span style=\"color: #d74808;\"><strong>&gt;&gt;  RETOUR \u00c0 L&rsquo;APER\u00c7U DES OFFRES<\/strong><\/span><\/a><\/p>\n<\/div><\/div><\/div><\/div><\/div><div class=\"vc_col-sm-6 wpb_column vc_column_container  has_bg_color\"><div class=\"vc_column-inner us_custom_6c9bf04d us_animate_this\"><div class=\"wpb_wrapper\"><\/div><\/div><\/div><\/div><\/div><\/section><section class=\"l-section wpb_row us_custom_98b4ceb1 fs-section-reverse height_medium\"><div class=\"l-section-h i-cf\"><div class=\"g-cols vc_row via_flex valign_top type_boxes reversed stacking_default\" style=\"--additional-gap:10px;\"><div class=\"vc_col-sm-6 wpb_column vc_column_container has_bg_color\"><div class=\"vc_column-inner us_custom_04b5345d\"><div class=\"wpb_wrapper\"><div class=\"wpb_text_column us_custom_50cc7d67\"><div class=\"wpb_wrapper\"><h1><strong>Services inclus<\/strong><\/h1>\n<p><strong>P\u00e9riodes possibles<\/strong><br \/>\nR\u00e9servable \u00e0 partir de 12h00 jusqu&rsquo;\u00e0 1h00 maximum.<br \/>\nNous serions heureux de convenir avec vous de la p\u00e9riode exacte.<\/p>\n<p><strong>Forfait boissons<\/strong><\/p>\n<p><strong>Buffet BBQ <\/strong>(99\u20ac\/personne)<strong> ou buffet estival<\/strong> (95\u20ac\/personne)<br \/>\nVoir d\u00e9tails ci-dessous<\/p>\n<p><strong>Mise en place<\/strong><br \/>\nChaises ext\u00e9rieures sur la pelouse de l&rsquo;h\u00f4tel et dans la Marstallgasse<br \/>\nInt\u00e9rieur et tables dans les \u00e9curies (jusqu&rsquo;\u00e0 180 personnes maximum)<\/p>\n<p><em><strong>Possibilit\u00e9 de r\u00e9server en plus :<\/strong> des promenades \u00e0 poney pour les enfants et des jeux de plein air pour la pelouse de l&rsquo;h\u00f4tel.<\/em><\/p>\n<p>Nous sommes \u00e0 votre disposition pour vous aider \u00e0 trouver des extras, des d\u00e9corations ou un accompagnement musical pour votre \u00e9v\u00e9nement. N&rsquo;h\u00e9sitez pas \u00e0 nous contacter !<\/p>\n<\/div><\/div><div class=\"wpb_text_column us_custom_50cc7d67\"><div class=\"wpb_wrapper\"><h1><strong>Autres frais<\/strong><\/h1>\n<p class=\"p1\"><b>Location de salle<br \/>\n<\/b><b><\/b> \u00c0 partir de 90 personnes 350,00 \u20ac<br \/>\nMoins de 90 personnes 550,00 \u20ac<br \/>\nMoins de 70 personnes 750,00 \u20ac<br \/>\nMoins de 50 personnes 1 500,00 \u20ac<\/p>\n<p class=\"p2\"><strong>Linge de table<\/strong><br \/>\nInt\u00e9rieur 250,00 \u20ac forfaitaires<br \/>\nExt\u00e9rieur 200,00 \u20ac forfaitaires (si souhait\u00e9)<\/p>\n<\/div><\/div><\/div><\/div><\/div><div class=\"vc_col-sm-6 wpb_column vc_column_container has_bg_color\"><div class=\"vc_column-inner us_custom_04b5345d\"><div class=\"wpb_wrapper\"><div class=\"wpb_text_column us_custom_50cc7d67\"><div class=\"wpb_wrapper\"><h1><strong>Recommandations suppl\u00e9mentaires<\/strong><\/h1>\n<p><strong>Variation de fingerfood<\/strong><br \/>\nPetits g\u00e2teaux au lard et aux oignons<br \/>\nPetits g\u00e2teaux au cottage cheese (v\u00e9g\u00e9tarien)<br \/>\nPetits g\u00e2teaux au pesto et au parmesan (v\u00e9g\u00e9tarien)<br \/>\nBrochettes de poulet yakitory<br \/>\nMini-cheeseburgers<br \/>\n4 pi\u00e8ces m\u00e9lang\u00e9es 14,50 \u20ac par personne<\/p>\n<p> <strong> Tarte flamb\u00e9e<br \/>\n<\/strong>fra\u00eechement sortie du four<br \/>\n-classique avec bacon &amp; oignons<br \/>\n-v\u00e9g\u00e9tarienne avec l\u00e9gumes m\u00e9diterran\u00e9ens<br \/>\n14,50 \u20ac par personne<\/p>\n<p><strong>Confiserie \u00e0 la saumure<\/strong><br \/>\nChoix de diff\u00e9rentes mini-pi\u00e8ces de saumure<br \/>\n3 pi\u00e8ces par personne m\u00e9lang\u00e9es<br \/>\n8,50 \u20ac par personne<\/p>\n<p class=\"p1\"><strong>R\u00e9ception au champagne<\/strong><br \/>\nNous serons heureux de vous accueillir avec un verre de vin mousseux \u00ab\u00a0Linslerhof\u00a0\u00bb.<br \/>\nPrix par personne 5,00 \u20ac.<\/p>\n<p class=\"p1\"><strong>Forfait long drink<\/strong><br \/>\n3 diff\u00e9rents m\u00e9langes de vins mousseux \/ long drinks<br \/>\nPrix par personne 19,50 \u20ac.<\/p>\n<\/div><\/div><\/div><\/div><\/div><\/div><\/div><\/section><section class=\"l-section wpb_row us_custom_98b4ceb1 fs-section-reverse height_medium\"><div class=\"l-section-h i-cf\"><div class=\"g-cols vc_row via_flex valign_top type_boxes reversed stacking_default\" style=\"--additional-gap:10px;\"><div class=\"vc_col-sm-4 wpb_column vc_column_container has_bg_color\"><div class=\"vc_column-inner us_custom_04b5345d\"><div class=\"wpb_wrapper\"><div class=\"w-image us_custom_33c3a0a5 align_none\"><div class=\"w-image-h\"><img decoding=\"async\" width=\"300\" height=\"300\" src=\"https:\/\/www.linslerhof.de\/wp-content\/uploads\/2026\/03\/sommerbuffet.jpg\" class=\"attachment-medium size-medium\" alt=\"\" loading=\"lazy\" srcset=\"https:\/\/www.linslerhof.de\/wp-content\/uploads\/2026\/03\/sommerbuffet.jpg 300w, https:\/\/www.linslerhof.de\/wp-content\/uploads\/2026\/03\/sommerbuffet-150x150.jpg 150w, https:\/\/www.linslerhof.de\/wp-content\/uploads\/2026\/03\/sommerbuffet-200x200.jpg 200w, https:\/\/www.linslerhof.de\/wp-content\/uploads\/2026\/03\/sommerbuffet-90x90.jpg 90w\" sizes=\"auto, (max-width: 300px) 100vw, 300px\" \/><\/div><\/div><div class=\"wpb_text_column us_custom_50cc7d67\"><div class=\"wpb_wrapper\"><h1><strong>Buffet estival<\/strong><\/h1>\n<p><strong>Entr\u00e9es<br \/>\n<\/strong>Salade verte de Lisdorf avec vinaigrette maison &amp; vinaigrette balsamique<br \/>\nSalade de chou sarroise au lard avec vinaigrette \u00e0 la moutarde<br \/>\nSalade de past\u00e8que et de feta<br \/>\nVariation de l\u00e9gumes antipasti<br \/>\nTomate et mozzarella avec pesto de basilic<\/p>\n<p><strong>Plat principal<br \/>\n<\/strong>Poitrine de poulet de ma\u00efs croustillante \u00e0 la sauce aux herbes<br \/>\nFilet de dorade \u00e0 la sauce au vin blanc et aux tomates<br \/>\nLasagnes aux \u00e9pinards et \u00e0 la ricotta<br \/>\nVariation estivale de riz<br \/>\nGratin m\u00e9diterran\u00e9en de pommes de terre<br \/>\nL\u00e9gumes des champs de Lisdorf<\/p>\n<p><strong>Dessert<br \/>\n<\/strong>Cr\u00e8me de mangue \u00e0 la noix de coco<br \/>\nMousse au chocolat blanc sur crumble aux framboises<br \/>\nS\u00e9lection de mini-g\u00e2teaux<\/p>\n<\/div><\/div><\/div><\/div><\/div><div class=\"vc_col-sm-4 wpb_column vc_column_container has_bg_color\"><div class=\"vc_column-inner us_custom_04b5345d\"><div class=\"wpb_wrapper\"><div class=\"w-image us_custom_33c3a0a5 align_none\"><div class=\"w-image-h\"><img decoding=\"async\" width=\"300\" height=\"300\" src=\"https:\/\/www.linslerhof.de\/wp-content\/uploads\/2026\/03\/bbqbuffet.jpg\" class=\"attachment-medium size-medium\" alt=\"\" loading=\"lazy\" srcset=\"https:\/\/www.linslerhof.de\/wp-content\/uploads\/2026\/03\/bbqbuffet.jpg 300w, https:\/\/www.linslerhof.de\/wp-content\/uploads\/2026\/03\/bbqbuffet-150x150.jpg 150w, https:\/\/www.linslerhof.de\/wp-content\/uploads\/2026\/03\/bbqbuffet-200x200.jpg 200w, https:\/\/www.linslerhof.de\/wp-content\/uploads\/2026\/03\/bbqbuffet-90x90.jpg 90w\" sizes=\"auto, (max-width: 300px) 100vw, 300px\" \/><\/div><\/div><div class=\"wpb_text_column us_custom_50cc7d67\"><div class=\"wpb_wrapper\"><h1><strong>Buffet BBQ<\/strong><\/h1>\n<p><strong>Entr\u00e9es<br \/>\n<\/strong>Salade verte de Lisdorf avec vinaigrette maison &amp; vinaigre balsamique<br \/>\nSalade de couscous estivale<br \/>\nSalade de pommes de terre avec radis et ciboulette fra\u00eeche<br \/>\nVariation de l\u00e9gumes antipasti<br \/>\nTomate et mozzarella avec pesto de basilic<br \/>\nCarpaccio de b\u0153uf avec roquette et parmesan r\u00e2p\u00e9<\/p>\n<p><strong>Plat principal<br \/>\n<\/strong>Sauterelle sarroise<br \/>\nSauterelle au curry et \u00e0 la dinde<br \/>\nSaucisses blanches<br \/>\nSaucisses au fromage<br \/>\nDips divers<br \/>\nFromage grill\u00e9 marin\u00e9 au pesto<br \/>\nPommes de terre au romarin<br \/>\nL\u00e9gumes m\u00e9diterran\u00e9ens<\/p>\n<p><strong>Dessert<br \/>\n<\/strong>Mousse de nougat aux noisettes<br \/>\nCr\u00e8me de mascarpone \u00e0 la vanille avec coulis de fraises<br \/>\nS\u00e9lection de mini-g\u00e2teaux<\/p>\n<p class=\"p1\"><strong>Possibilit\u00e9 de r\u00e9server en suppl\u00e9ment<\/strong><br \/>\nCrevettes + 3,00 \u20ac par personne<br \/>\nFilet de saumon + 3,00 \u20ac par personne<br \/>\nSaucisses v\u00e9g\u00e9tariennes <i>ou <\/i>v\u00e9g\u00e9taliennes + 3,00 \u20ac par personne<br \/>\nCopeaux de pommes de terre <i>ou <\/i>frites + 3,00 \u20ac par personne<\/p>\n<\/div><\/div><\/div><\/div><\/div><div class=\"vc_col-sm-4 wpb_column vc_column_container has_bg_color\"><div class=\"vc_column-inner us_custom_04b5345d\"><div class=\"wpb_wrapper\"><div class=\"w-image us_custom_33c3a0a5 align_none\"><div class=\"w-image-h\"><img decoding=\"async\" width=\"300\" height=\"300\" src=\"https:\/\/www.linslerhof.de\/wp-content\/uploads\/2026\/03\/drinks.jpg\" class=\"attachment-medium size-medium\" alt=\"\" loading=\"lazy\" srcset=\"https:\/\/www.linslerhof.de\/wp-content\/uploads\/2026\/03\/drinks.jpg 300w, https:\/\/www.linslerhof.de\/wp-content\/uploads\/2026\/03\/drinks-150x150.jpg 150w, https:\/\/www.linslerhof.de\/wp-content\/uploads\/2026\/03\/drinks-200x200.jpg 200w, https:\/\/www.linslerhof.de\/wp-content\/uploads\/2026\/03\/drinks-90x90.jpg 90w\" sizes=\"auto, (max-width: 300px) 100vw, 300px\" \/><\/div><\/div><div class=\"wpb_text_column us_custom_50cc7d67\"><div class=\"wpb_wrapper\"><h1><strong>Forfait boissons<\/strong><\/h1>\n<p><strong>Boissons<\/strong><br \/>\nVin maison blanc, ros\u00e9 et rouge<br \/>\nBi\u00e8re (Karlsberg Ur-Pils \u00e0 la pression, Karlsberg 0,0 % et 0,0 % Radler, Paulaner Weizen &amp; Weizen sans alcool)<br \/>\nBoissons non alcoolis\u00e9es (Coca-Cola, Cola Light, Fanta, Sprite &amp; Apfelschorle)<br \/>\nEau (Teinacher medium &amp; Teinacher naturell)<br \/>\nCaf\u00e9 et espresso<\/p>\n<\/div><\/div><\/div><\/div><\/div><\/div><\/div><\/section>\n","protected":false},"excerpt":{"rendered":"F\u00caTE D&rsquo;\u00c9T\u00c9 EN PLEIN AIR Avec notre vaste terrain d&rsquo;h\u00f4tel, y compris le restaurant, le Biergarten et divers espaces ext\u00e9rieurs, nous offrons l&rsquo;endroit id\u00e9al pour une joyeuse f\u00eate d&rsquo;\u00e9t\u00e9 et des heures pass\u00e9es ensemble en \u00e9quipe ! Notre offre est parfaitement adapt\u00e9e aux entreprises, des plus petites aux plus grandes. Nous avons pr\u00e9vu suffisamment de...","protected":false},"author":3,"featured_media":0,"parent":33706,"menu_order":0,"comment_status":"closed","ping_status":"closed","template":"","meta":{"footnotes":""},"class_list":["post-33613","page","type-page","status-publish","hentry"],"yoast_head":"<!-- This site is optimized with the Yoast SEO plugin v27.5 - https:\/\/yoast.com\/product\/yoast-seo-wordpress\/ -->\n<title>Offre F\u00eate d&#039;\u00e9t\u00e9 en plein air | Linslerhof<\/title>\n<meta name=\"description\" content=\"Avec notre vaste terrain d&#039;h\u00f4tel, y compris le restaurant, le Biergarten et divers espaces ext\u00e9rieurs, nous offrons l&#039;endroit id\u00e9al pour une joyeuse f\u00eate d&#039;\u00e9t\u00e9 et des heures pass\u00e9es ensemble en \u00e9quipe !\" \/>\n<meta name=\"robots\" content=\"index, follow, max-snippet:-1, max-image-preview:large, max-video-preview:-1\" \/>\n<link rel=\"canonical\" href=\"https:\/\/www.linslerhof.de\/fr\/lieu-devenement-en-sarre\/evenements-dentreprise\/offre-fete-dete-en-plein-air\/\" \/>\n<meta property=\"og:locale\" content=\"fr_FR\" \/>\n<meta property=\"og:type\" content=\"article\" \/>\n<meta property=\"og:title\" content=\"Offre F\u00eate d&#039;\u00e9t\u00e9 en plein air | Linslerhof\" \/>\n<meta property=\"og:description\" content=\"Avec notre vaste terrain d&#039;h\u00f4tel, y compris le restaurant, le Biergarten et divers espaces ext\u00e9rieurs, nous offrons l&#039;endroit id\u00e9al pour une joyeuse f\u00eate d&#039;\u00e9t\u00e9 et des heures pass\u00e9es ensemble en \u00e9quipe !\" \/>\n<meta property=\"og:url\" content=\"https:\/\/www.linslerhof.de\/fr\/lieu-devenement-en-sarre\/evenements-dentreprise\/offre-fete-dete-en-plein-air\/\" \/>\n<meta property=\"og:site_name\" content=\"Linslerhof\" \/>\n<meta property=\"article:publisher\" content=\"https:\/\/www.facebook.com\/Linslerhof\" \/>\n<meta property=\"article:modified_time\" content=\"2026-03-30T15:43:21+00:00\" \/>\n<meta name=\"twitter:card\" content=\"summary_large_image\" \/>\n<meta name=\"twitter:label1\" content=\"Dur\u00e9e de lecture estim\u00e9e\" \/>\n\t<meta name=\"twitter:data1\" content=\"3 minutes\" \/>\n<script type=\"application\/ld+json\" class=\"yoast-schema-graph\">{\"@context\":\"https:\\\/\\\/schema.org\",\"@graph\":[{\"@type\":\"WebPage\",\"@id\":\"https:\\\/\\\/www.linslerhof.de\\\/fr\\\/lieu-devenement-en-sarre\\\/evenements-dentreprise\\\/offre-fete-dete-en-plein-air\\\/\",\"url\":\"https:\\\/\\\/www.linslerhof.de\\\/fr\\\/lieu-devenement-en-sarre\\\/evenements-dentreprise\\\/offre-fete-dete-en-plein-air\\\/\",\"name\":\"Offre F\u00eate d'\u00e9t\u00e9 en plein air | Linslerhof\",\"isPartOf\":{\"@id\":\"https:\\\/\\\/www.linslerhof.de\\\/fr\\\/#website\"},\"datePublished\":\"2023-12-18T14:57:47+00:00\",\"dateModified\":\"2026-03-30T15:43:21+00:00\",\"description\":\"Avec notre vaste terrain d'h\u00f4tel, y compris le restaurant, le Biergarten et divers espaces ext\u00e9rieurs, nous offrons l'endroit id\u00e9al pour une joyeuse f\u00eate d'\u00e9t\u00e9 et des heures pass\u00e9es ensemble en \u00e9quipe !\",\"breadcrumb\":{\"@id\":\"https:\\\/\\\/www.linslerhof.de\\\/fr\\\/lieu-devenement-en-sarre\\\/evenements-dentreprise\\\/offre-fete-dete-en-plein-air\\\/#breadcrumb\"},\"inLanguage\":\"fr-FR\",\"potentialAction\":[{\"@type\":\"ReadAction\",\"target\":[\"https:\\\/\\\/www.linslerhof.de\\\/fr\\\/lieu-devenement-en-sarre\\\/evenements-dentreprise\\\/offre-fete-dete-en-plein-air\\\/\"]}]},{\"@type\":\"BreadcrumbList\",\"@id\":\"https:\\\/\\\/www.linslerhof.de\\\/fr\\\/lieu-devenement-en-sarre\\\/evenements-dentreprise\\\/offre-fete-dete-en-plein-air\\\/#breadcrumb\",\"itemListElement\":[{\"@type\":\"ListItem\",\"position\":1,\"name\":\"Startseite\",\"item\":\"https:\\\/\\\/www.linslerhof.de\\\/fr\\\/hotel-4-etoiles-en-sarre\\\/\"},{\"@type\":\"ListItem\",\"position\":2,\"name\":\"Lieu d&#8217;\u00e9v\u00e9nement en Sarre\",\"item\":\"https:\\\/\\\/www.linslerhof.de\\\/fr\\\/lieu-devenement-en-sarre\\\/\"},{\"@type\":\"ListItem\",\"position\":3,\"name\":\"\u00c9v\u00e9nements d&rsquo;entreprise\",\"item\":\"https:\\\/\\\/www.linslerhof.de\\\/fr\\\/lieu-devenement-en-sarre\\\/evenements-dentreprise\\\/\"},{\"@type\":\"ListItem\",\"position\":4,\"name\":\"Offre F\u00eate d&rsquo;\u00e9t\u00e9 en plein air\"}]},{\"@type\":\"WebSite\",\"@id\":\"https:\\\/\\\/www.linslerhof.de\\\/fr\\\/#website\",\"url\":\"https:\\\/\\\/www.linslerhof.de\\\/fr\\\/\",\"name\":\"Linslerhof\",\"description\":\"Historischer Gutshof\",\"publisher\":{\"@id\":\"https:\\\/\\\/www.linslerhof.de\\\/fr\\\/#organization\"},\"potentialAction\":[{\"@type\":\"SearchAction\",\"target\":{\"@type\":\"EntryPoint\",\"urlTemplate\":\"https:\\\/\\\/www.linslerhof.de\\\/fr\\\/?s={search_term_string}\"},\"query-input\":{\"@type\":\"PropertyValueSpecification\",\"valueRequired\":true,\"valueName\":\"search_term_string\"}}],\"inLanguage\":\"fr-FR\"},{\"@type\":\"Organization\",\"@id\":\"https:\\\/\\\/www.linslerhof.de\\\/fr\\\/#organization\",\"name\":\"Linslerhof\",\"url\":\"https:\\\/\\\/www.linslerhof.de\\\/fr\\\/\",\"logo\":{\"@type\":\"ImageObject\",\"inLanguage\":\"fr-FR\",\"@id\":\"https:\\\/\\\/www.linslerhof.de\\\/fr\\\/#\\\/schema\\\/logo\\\/image\\\/\",\"url\":\"https:\\\/\\\/www.linslerhof.de\\\/wp-content\\\/uploads\\\/2020\\\/12\\\/Logo_2020.png\",\"contentUrl\":\"https:\\\/\\\/www.linslerhof.de\\\/wp-content\\\/uploads\\\/2020\\\/12\\\/Logo_2020.png\",\"width\":466,\"height\":300,\"caption\":\"Linslerhof\"},\"image\":{\"@id\":\"https:\\\/\\\/www.linslerhof.de\\\/fr\\\/#\\\/schema\\\/logo\\\/image\\\/\"},\"sameAs\":[\"https:\\\/\\\/www.facebook.com\\\/Linslerhof\",\"https:\\\/\\\/www.instagram.com\\\/linslerhof\\\/\"]}]}<\/script>\n<!-- \/ Yoast SEO plugin. -->","yoast_head_json":{"title":"Offre F\u00eate d'\u00e9t\u00e9 en plein air | Linslerhof","description":"Avec notre vaste terrain d'h\u00f4tel, y compris le restaurant, le Biergarten et divers espaces ext\u00e9rieurs, nous offrons l'endroit id\u00e9al pour une joyeuse f\u00eate d'\u00e9t\u00e9 et des heures pass\u00e9es ensemble en \u00e9quipe !","robots":{"index":"index","follow":"follow","max-snippet":"max-snippet:-1","max-image-preview":"max-image-preview:large","max-video-preview":"max-video-preview:-1"},"canonical":"https:\/\/www.linslerhof.de\/fr\/lieu-devenement-en-sarre\/evenements-dentreprise\/offre-fete-dete-en-plein-air\/","og_locale":"fr_FR","og_type":"article","og_title":"Offre F\u00eate d'\u00e9t\u00e9 en plein air | Linslerhof","og_description":"Avec notre vaste terrain d'h\u00f4tel, y compris le restaurant, le Biergarten et divers espaces ext\u00e9rieurs, nous offrons l'endroit id\u00e9al pour une joyeuse f\u00eate d'\u00e9t\u00e9 et des heures pass\u00e9es ensemble en \u00e9quipe !","og_url":"https:\/\/www.linslerhof.de\/fr\/lieu-devenement-en-sarre\/evenements-dentreprise\/offre-fete-dete-en-plein-air\/","og_site_name":"Linslerhof","article_publisher":"https:\/\/www.facebook.com\/Linslerhof","article_modified_time":"2026-03-30T15:43:21+00:00","twitter_card":"summary_large_image","twitter_misc":{"Dur\u00e9e de lecture estim\u00e9e":"3 minutes"},"schema":{"@context":"https:\/\/schema.org","@graph":[{"@type":"WebPage","@id":"https:\/\/www.linslerhof.de\/fr\/lieu-devenement-en-sarre\/evenements-dentreprise\/offre-fete-dete-en-plein-air\/","url":"https:\/\/www.linslerhof.de\/fr\/lieu-devenement-en-sarre\/evenements-dentreprise\/offre-fete-dete-en-plein-air\/","name":"Offre F\u00eate d'\u00e9t\u00e9 en plein air | Linslerhof","isPartOf":{"@id":"https:\/\/www.linslerhof.de\/fr\/#website"},"datePublished":"2023-12-18T14:57:47+00:00","dateModified":"2026-03-30T15:43:21+00:00","description":"Avec notre vaste terrain d'h\u00f4tel, y compris le restaurant, le Biergarten et divers espaces ext\u00e9rieurs, nous offrons l'endroit id\u00e9al pour une joyeuse f\u00eate d'\u00e9t\u00e9 et des heures pass\u00e9es ensemble en \u00e9quipe !","breadcrumb":{"@id":"https:\/\/www.linslerhof.de\/fr\/lieu-devenement-en-sarre\/evenements-dentreprise\/offre-fete-dete-en-plein-air\/#breadcrumb"},"inLanguage":"fr-FR","potentialAction":[{"@type":"ReadAction","target":["https:\/\/www.linslerhof.de\/fr\/lieu-devenement-en-sarre\/evenements-dentreprise\/offre-fete-dete-en-plein-air\/"]}]},{"@type":"BreadcrumbList","@id":"https:\/\/www.linslerhof.de\/fr\/lieu-devenement-en-sarre\/evenements-dentreprise\/offre-fete-dete-en-plein-air\/#breadcrumb","itemListElement":[{"@type":"ListItem","position":1,"name":"Startseite","item":"https:\/\/www.linslerhof.de\/fr\/hotel-4-etoiles-en-sarre\/"},{"@type":"ListItem","position":2,"name":"Lieu d&#8217;\u00e9v\u00e9nement en Sarre","item":"https:\/\/www.linslerhof.de\/fr\/lieu-devenement-en-sarre\/"},{"@type":"ListItem","position":3,"name":"\u00c9v\u00e9nements d&rsquo;entreprise","item":"https:\/\/www.linslerhof.de\/fr\/lieu-devenement-en-sarre\/evenements-dentreprise\/"},{"@type":"ListItem","position":4,"name":"Offre F\u00eate d&rsquo;\u00e9t\u00e9 en plein air"}]},{"@type":"WebSite","@id":"https:\/\/www.linslerhof.de\/fr\/#website","url":"https:\/\/www.linslerhof.de\/fr\/","name":"Linslerhof","description":"Historischer Gutshof","publisher":{"@id":"https:\/\/www.linslerhof.de\/fr\/#organization"},"potentialAction":[{"@type":"SearchAction","target":{"@type":"EntryPoint","urlTemplate":"https:\/\/www.linslerhof.de\/fr\/?s={search_term_string}"},"query-input":{"@type":"PropertyValueSpecification","valueRequired":true,"valueName":"search_term_string"}}],"inLanguage":"fr-FR"},{"@type":"Organization","@id":"https:\/\/www.linslerhof.de\/fr\/#organization","name":"Linslerhof","url":"https:\/\/www.linslerhof.de\/fr\/","logo":{"@type":"ImageObject","inLanguage":"fr-FR","@id":"https:\/\/www.linslerhof.de\/fr\/#\/schema\/logo\/image\/","url":"https:\/\/www.linslerhof.de\/wp-content\/uploads\/2020\/12\/Logo_2020.png","contentUrl":"https:\/\/www.linslerhof.de\/wp-content\/uploads\/2020\/12\/Logo_2020.png","width":466,"height":300,"caption":"Linslerhof"},"image":{"@id":"https:\/\/www.linslerhof.de\/fr\/#\/schema\/logo\/image\/"},"sameAs":["https:\/\/www.facebook.com\/Linslerhof","https:\/\/www.instagram.com\/linslerhof\/"]}]}},"_links":{"self":[{"href":"https:\/\/www.linslerhof.de\/fr\/wp-json\/wp\/v2\/pages\/33613","targetHints":{"allow":["GET"]}}],"collection":[{"href":"https:\/\/www.linslerhof.de\/fr\/wp-json\/wp\/v2\/pages"}],"about":[{"href":"https:\/\/www.linslerhof.de\/fr\/wp-json\/wp\/v2\/types\/page"}],"author":[{"embeddable":true,"href":"https:\/\/www.linslerhof.de\/fr\/wp-json\/wp\/v2\/users\/3"}],"replies":[{"embeddable":true,"href":"https:\/\/www.linslerhof.de\/fr\/wp-json\/wp\/v2\/comments?post=33613"}],"version-history":[{"count":25,"href":"https:\/\/www.linslerhof.de\/fr\/wp-json\/wp\/v2\/pages\/33613\/revisions"}],"predecessor-version":[{"id":47753,"href":"https:\/\/www.linslerhof.de\/fr\/wp-json\/wp\/v2\/pages\/33613\/revisions\/47753"}],"up":[{"embeddable":true,"href":"https:\/\/www.linslerhof.de\/fr\/wp-json\/wp\/v2\/pages\/33706"}],"wp:attachment":[{"href":"https:\/\/www.linslerhof.de\/fr\/wp-json\/wp\/v2\/media?parent=33613"}],"curies":[{"name":"wp","href":"https:\/\/api.w.org\/{rel}","templated":true}]}}