{"id":33620,"date":"2023-12-14T14:29:08","date_gmt":"2023-12-14T13:29:08","guid":{"rendered":"https:\/\/dev.linslerhof.de\/restaurant-en-sarre\/evenements-plaisir\/offre-diner-de-gala-du-nouvel-an\/"},"modified":"2026-02-16T11:55:54","modified_gmt":"2026-02-16T10:55:54","slug":"offre-diner-de-gala-du-nouvel-an","status":"publish","type":"page","link":"https:\/\/www.linslerhof.de\/fr\/restaurant-en-sarre\/evenements-plaisir\/offre-diner-de-gala-du-nouvel-an\/","title":{"rendered":"Offre D\u00eener de gala du Nouvel An"},"content":{"rendered":"<section class=\"l-section wpb_row us_custom_8d4f5dab height_medium\"><div class=\"l-section-h i-cf\"><div class=\"g-cols vc_row via_flex valign_top type_boxes stacking_default\"><div class=\"vc_col-sm-12 wpb_column vc_column_container fs-page-header-area fs-landscape has_bg_color\"><div class=\"vc_column-inner us_custom_4daee0b4\"><div class=\"wpb_wrapper\"><\/div><\/div><\/div><\/div><\/div><\/section><section class=\"l-section wpb_row us_custom_98b4ceb1 fs-section-reverse hide_on_mobiles height_medium\"><div class=\"l-section-h i-cf\"><div class=\"g-cols vc_row via_flex valign_top type_boxes stacking_default\" style=\"--additional-gap:10px;\"><div class=\"vc_col-sm-6 wpb_column vc_column_container has_bg_color\"><div class=\"vc_column-inner us_custom_94501421\"><div class=\"wpb_wrapper\"><div class=\"wpb_text_column us_custom_50cc7d67\"><div class=\"wpb_wrapper\"><h1><strong>Gala de la Saint-Sylvestre le 31 d\u00e9cembre<\/strong><\/h1>\n<h3>Un r\u00e9veillon festif avec boissons, musique et danse pour 189,- \u20ac par personne !<\/h3>\n<p style=\"text-align: left;\">Menu de gala \u00e0 5 plats et collation de minuit sous forme de buffet<br \/>\ncomprenant ap\u00e9ritif, vin, eau min\u00e9rale, boissons non alcoolis\u00e9es et caf\u00e9<br \/>\nDJ et piste de danse<br \/>\npetite s\u00e9lection de long drinks (Aperol, Lillet, et bien d&rsquo;autres) \u00e0 partir de 22h00<br \/>\nCr\u00e9mant R\u00e9ception \u00e0 minuit et feu d&rsquo;artifice de minuit<br \/>\nD\u00e9but : 19h00 <\/p>\n<\/div><\/div><div class=\"wpb_text_column us_custom_50cc7d67\"><div class=\"wpb_wrapper\"><p style=\"text-align: left;\"><strong>Informations &amp; r\u00e9servation au : <\/strong><br \/>\n\ud83d\udcde <a href=\"tel:+4968368070\">+49 (0)6836 &#8211; 807-0<\/a><br \/>\n\ud83d\udce7 info@linslerhof.d <a href=\"mailto:info@linslerhof.de\">e<\/a><\/p>\n<\/div><\/div><div class=\"wpb_text_column us_custom_54e7f678\"><div class=\"wpb_wrapper\"><p><a href=\"https:\/\/www.linslerhof.de\/fr\/restaurant-en-sarre\/evenements-plaisir\/\"><span style=\"color: #d74808;\"><strong>&gt;&gt;  RETOUR AUX \u00c9V\u00c9NEMENTS PLAISIR<\/strong><\/span><\/a><\/p>\n<\/div><\/div><\/div><\/div><\/div><div class=\"vc_col-sm-6 wpb_column vc_column_container  has_bg_color\"><div class=\"vc_column-inner us_custom_87010153 us_animate_this\"><div class=\"wpb_wrapper\"><div class=\"wpb_text_column us_custom_50cc7d67\"><div class=\"wpb_wrapper\"><h3>Menu<br \/>\nLe choix du menu suit.<\/h3>\n<\/div><\/div><\/div><\/div><\/div><\/div><\/div><\/section><section class=\"l-section wpb_row us_custom_98b4ceb1 fs-section-reverse hide_on_default hide_on_laptops hide_on_tablets height_medium\"><div class=\"l-section-h i-cf\"><div class=\"g-cols vc_row via_flex valign_middle type_boxes stacking_default\" style=\"--additional-gap:10px;\"><div class=\"vc_col-sm-12 wpb_column vc_column_container has_bg_color\"><div class=\"vc_column-inner us_custom_94501421\"><div class=\"wpb_wrapper\"><div class=\"wpb_text_column us_custom_50cc7d67\"><div class=\"wpb_wrapper\"><h1><strong>Gala de la Saint-Sylvestre le 31 d\u00e9cembre<\/strong><\/h1>\n<h3>Un plaisir festif vous attend le soir du Nouvel An avec boissons, musique et danse pour 189,- \u20ac par personne !<\/h3>\n<p style=\"text-align: left;\">Menu de gala \u00e0 5 plats et collation de minuit sous forme de buffet<br \/>\ncomprenant ap\u00e9ritif, vin, eau min\u00e9rale, boissons non alcoolis\u00e9es et caf\u00e9<br \/>\nDJ et piste de danse<br \/>\npetite s\u00e9lection de long drinks (Aperol, Lillet, et bien d&rsquo;autres) \u00e0 partir de 22h00<br \/>\nCr\u00e9mant R\u00e9ception \u00e0 minuit et feu d&rsquo;artifice de minuit<br \/>\nD\u00e9but : 19h00 <\/p>\n<\/div><\/div><div class=\"wpb_text_column us_custom_50cc7d67\"><div class=\"wpb_wrapper\"><p style=\"text-align: left;\"><strong>Informations &amp; r\u00e9servation au : <\/strong><br \/>\n\ud83d\udcde <a href=\"tel:+4968368070\">+49 (0)6836 &#8211; 807-0<\/a><br \/>\n\ud83d\udce7 info@linslerhof.d <a href=\"mailto:info@linslerhof.de\">e<\/a><\/p>\n<\/div><\/div><div class=\"wpb_text_column us_custom_54e7f678\"><div class=\"wpb_wrapper\"><p><a href=\"https:\/\/www.linslerhof.de\/fr\/restaurant-en-sarre\/evenements-plaisir\/\"><span style=\"color: #d74808;\"><strong>&gt;&gt;  RETOUR AUX \u00c9V\u00c9NEMENTS PLAISIR<\/strong><\/span><\/a><\/p>\n<\/div><\/div><div class=\"w-separator size_small with_line width_default thick_1 style_solid color_border align_center\"><div class=\"w-separator-h\"><\/div><\/div><div class=\"wpb_text_column us_custom_50cc7d67\"><div class=\"wpb_wrapper\"><h3>Menu<br \/>\nLe choix du menu suit.<\/h3>\n<\/div><\/div><\/div><\/div><\/div><\/div><\/div><\/section><section class=\"l-section wpb_row us_custom_ec44a706 height_large\"><div class=\"l-section-h i-cf\"><div class=\"g-cols vc_row via_flex valign_middle type_boxes stacking_default\" style=\"--additional-gap:2.5px;\"><div class=\"vc_col-sm-12 wpb_column vc_column_container has_bg_color\"><div class=\"vc_column-inner us_custom_0c6a7cb3\"><div class=\"wpb_wrapper\"><\/div><\/div><\/div><\/div><\/div><\/section>\n","protected":false},"excerpt":{"rendered":"Gala de la Saint-Sylvestre le 31 d\u00e9cembre Un r\u00e9veillon festif avec boissons, musique et danse pour 189,- \u20ac par personne ! Menu de gala \u00e0 5 plats et collation de minuit sous forme de buffet comprenant ap\u00e9ritif, vin, eau min\u00e9rale, boissons non alcoolis\u00e9es et caf\u00e9 DJ et piste de danse petite s\u00e9lection de long drinks...","protected":false},"author":3,"featured_media":0,"parent":33503,"menu_order":5,"comment_status":"closed","ping_status":"closed","template":"","meta":{"footnotes":""},"class_list":["post-33620","page","type-page","status-publish","hentry"],"yoast_head":"<!-- This site is optimized with the Yoast SEO plugin v27.3 - https:\/\/yoast.com\/product\/yoast-seo-wordpress\/ -->\n<title>Offre D\u00eener de gala du Nouvel An | Linslerhof<\/title>\n<meta name=\"robots\" content=\"index, follow, max-snippet:-1, max-image-preview:large, max-video-preview:-1\" \/>\n<link rel=\"canonical\" href=\"https:\/\/www.linslerhof.de\/fr\/restaurant-en-sarre\/evenements-plaisir\/offre-diner-de-gala-du-nouvel-an\/\" \/>\n<meta property=\"og:locale\" content=\"fr_FR\" \/>\n<meta property=\"og:type\" content=\"article\" \/>\n<meta property=\"og:title\" content=\"Offre D\u00eener de gala du Nouvel An | Linslerhof\" \/>\n<meta property=\"og:url\" content=\"https:\/\/www.linslerhof.de\/fr\/restaurant-en-sarre\/evenements-plaisir\/offre-diner-de-gala-du-nouvel-an\/\" \/>\n<meta property=\"og:site_name\" content=\"Linslerhof\" \/>\n<meta property=\"article:publisher\" content=\"https:\/\/www.facebook.com\/Linslerhof\" \/>\n<meta property=\"article:modified_time\" content=\"2026-02-16T10:55:54+00:00\" \/>\n<meta name=\"twitter:card\" content=\"summary_large_image\" \/>\n<meta name=\"twitter:label1\" content=\"Dur\u00e9e de lecture estim\u00e9e\" \/>\n\t<meta name=\"twitter:data1\" content=\"3 minutes\" \/>\n<script type=\"application\/ld+json\" class=\"yoast-schema-graph\">{\"@context\":\"https:\\\/\\\/schema.org\",\"@graph\":[{\"@type\":\"WebPage\",\"@id\":\"https:\\\/\\\/www.linslerhof.de\\\/fr\\\/restaurant-en-sarre\\\/evenements-plaisir\\\/offre-diner-de-gala-du-nouvel-an\\\/\",\"url\":\"https:\\\/\\\/www.linslerhof.de\\\/fr\\\/restaurant-en-sarre\\\/evenements-plaisir\\\/offre-diner-de-gala-du-nouvel-an\\\/\",\"name\":\"Offre D\u00eener de gala du Nouvel An | Linslerhof\",\"isPartOf\":{\"@id\":\"https:\\\/\\\/www.linslerhof.de\\\/fr\\\/#website\"},\"datePublished\":\"2023-12-14T13:29:08+00:00\",\"dateModified\":\"2026-02-16T10:55:54+00:00\",\"breadcrumb\":{\"@id\":\"https:\\\/\\\/www.linslerhof.de\\\/fr\\\/restaurant-en-sarre\\\/evenements-plaisir\\\/offre-diner-de-gala-du-nouvel-an\\\/#breadcrumb\"},\"inLanguage\":\"fr-FR\",\"potentialAction\":[{\"@type\":\"ReadAction\",\"target\":[\"https:\\\/\\\/www.linslerhof.de\\\/fr\\\/restaurant-en-sarre\\\/evenements-plaisir\\\/offre-diner-de-gala-du-nouvel-an\\\/\"]}]},{\"@type\":\"BreadcrumbList\",\"@id\":\"https:\\\/\\\/www.linslerhof.de\\\/fr\\\/restaurant-en-sarre\\\/evenements-plaisir\\\/offre-diner-de-gala-du-nouvel-an\\\/#breadcrumb\",\"itemListElement\":[{\"@type\":\"ListItem\",\"position\":1,\"name\":\"Startseite\",\"item\":\"https:\\\/\\\/www.linslerhof.de\\\/fr\\\/hotel-4-etoiles-en-sarre\\\/\"},{\"@type\":\"ListItem\",\"position\":2,\"name\":\"Restaurant en Sarre\",\"item\":\"https:\\\/\\\/www.linslerhof.de\\\/fr\\\/restaurant-en-sarre\\\/\"},{\"@type\":\"ListItem\",\"position\":3,\"name\":\"\u00c9v\u00e9nements plaisir\",\"item\":\"https:\\\/\\\/www.linslerhof.de\\\/fr\\\/restaurant-en-sarre\\\/evenements-plaisir\\\/\"},{\"@type\":\"ListItem\",\"position\":4,\"name\":\"Offre D\u00eener de gala du Nouvel An\"}]},{\"@type\":\"WebSite\",\"@id\":\"https:\\\/\\\/www.linslerhof.de\\\/fr\\\/#website\",\"url\":\"https:\\\/\\\/www.linslerhof.de\\\/fr\\\/\",\"name\":\"Linslerhof\",\"description\":\"Historischer Gutshof\",\"publisher\":{\"@id\":\"https:\\\/\\\/www.linslerhof.de\\\/fr\\\/#organization\"},\"potentialAction\":[{\"@type\":\"SearchAction\",\"target\":{\"@type\":\"EntryPoint\",\"urlTemplate\":\"https:\\\/\\\/www.linslerhof.de\\\/fr\\\/?s={search_term_string}\"},\"query-input\":{\"@type\":\"PropertyValueSpecification\",\"valueRequired\":true,\"valueName\":\"search_term_string\"}}],\"inLanguage\":\"fr-FR\"},{\"@type\":\"Organization\",\"@id\":\"https:\\\/\\\/www.linslerhof.de\\\/fr\\\/#organization\",\"name\":\"Linslerhof\",\"url\":\"https:\\\/\\\/www.linslerhof.de\\\/fr\\\/\",\"logo\":{\"@type\":\"ImageObject\",\"inLanguage\":\"fr-FR\",\"@id\":\"https:\\\/\\\/www.linslerhof.de\\\/fr\\\/#\\\/schema\\\/logo\\\/image\\\/\",\"url\":\"https:\\\/\\\/www.linslerhof.de\\\/wp-content\\\/uploads\\\/2020\\\/12\\\/Logo_2020.png\",\"contentUrl\":\"https:\\\/\\\/www.linslerhof.de\\\/wp-content\\\/uploads\\\/2020\\\/12\\\/Logo_2020.png\",\"width\":466,\"height\":300,\"caption\":\"Linslerhof\"},\"image\":{\"@id\":\"https:\\\/\\\/www.linslerhof.de\\\/fr\\\/#\\\/schema\\\/logo\\\/image\\\/\"},\"sameAs\":[\"https:\\\/\\\/www.facebook.com\\\/Linslerhof\",\"https:\\\/\\\/www.instagram.com\\\/linslerhof\\\/\"]}]}<\/script>\n<!-- \/ Yoast SEO plugin. -->","yoast_head_json":{"title":"Offre D\u00eener de gala du Nouvel An | Linslerhof","robots":{"index":"index","follow":"follow","max-snippet":"max-snippet:-1","max-image-preview":"max-image-preview:large","max-video-preview":"max-video-preview:-1"},"canonical":"https:\/\/www.linslerhof.de\/fr\/restaurant-en-sarre\/evenements-plaisir\/offre-diner-de-gala-du-nouvel-an\/","og_locale":"fr_FR","og_type":"article","og_title":"Offre D\u00eener de gala du Nouvel An | Linslerhof","og_url":"https:\/\/www.linslerhof.de\/fr\/restaurant-en-sarre\/evenements-plaisir\/offre-diner-de-gala-du-nouvel-an\/","og_site_name":"Linslerhof","article_publisher":"https:\/\/www.facebook.com\/Linslerhof","article_modified_time":"2026-02-16T10:55:54+00:00","twitter_card":"summary_large_image","twitter_misc":{"Dur\u00e9e de lecture estim\u00e9e":"3 minutes"},"schema":{"@context":"https:\/\/schema.org","@graph":[{"@type":"WebPage","@id":"https:\/\/www.linslerhof.de\/fr\/restaurant-en-sarre\/evenements-plaisir\/offre-diner-de-gala-du-nouvel-an\/","url":"https:\/\/www.linslerhof.de\/fr\/restaurant-en-sarre\/evenements-plaisir\/offre-diner-de-gala-du-nouvel-an\/","name":"Offre D\u00eener de gala du Nouvel An | Linslerhof","isPartOf":{"@id":"https:\/\/www.linslerhof.de\/fr\/#website"},"datePublished":"2023-12-14T13:29:08+00:00","dateModified":"2026-02-16T10:55:54+00:00","breadcrumb":{"@id":"https:\/\/www.linslerhof.de\/fr\/restaurant-en-sarre\/evenements-plaisir\/offre-diner-de-gala-du-nouvel-an\/#breadcrumb"},"inLanguage":"fr-FR","potentialAction":[{"@type":"ReadAction","target":["https:\/\/www.linslerhof.de\/fr\/restaurant-en-sarre\/evenements-plaisir\/offre-diner-de-gala-du-nouvel-an\/"]}]},{"@type":"BreadcrumbList","@id":"https:\/\/www.linslerhof.de\/fr\/restaurant-en-sarre\/evenements-plaisir\/offre-diner-de-gala-du-nouvel-an\/#breadcrumb","itemListElement":[{"@type":"ListItem","position":1,"name":"Startseite","item":"https:\/\/www.linslerhof.de\/fr\/hotel-4-etoiles-en-sarre\/"},{"@type":"ListItem","position":2,"name":"Restaurant en Sarre","item":"https:\/\/www.linslerhof.de\/fr\/restaurant-en-sarre\/"},{"@type":"ListItem","position":3,"name":"\u00c9v\u00e9nements plaisir","item":"https:\/\/www.linslerhof.de\/fr\/restaurant-en-sarre\/evenements-plaisir\/"},{"@type":"ListItem","position":4,"name":"Offre D\u00eener de gala du Nouvel An"}]},{"@type":"WebSite","@id":"https:\/\/www.linslerhof.de\/fr\/#website","url":"https:\/\/www.linslerhof.de\/fr\/","name":"Linslerhof","description":"Historischer Gutshof","publisher":{"@id":"https:\/\/www.linslerhof.de\/fr\/#organization"},"potentialAction":[{"@type":"SearchAction","target":{"@type":"EntryPoint","urlTemplate":"https:\/\/www.linslerhof.de\/fr\/?s={search_term_string}"},"query-input":{"@type":"PropertyValueSpecification","valueRequired":true,"valueName":"search_term_string"}}],"inLanguage":"fr-FR"},{"@type":"Organization","@id":"https:\/\/www.linslerhof.de\/fr\/#organization","name":"Linslerhof","url":"https:\/\/www.linslerhof.de\/fr\/","logo":{"@type":"ImageObject","inLanguage":"fr-FR","@id":"https:\/\/www.linslerhof.de\/fr\/#\/schema\/logo\/image\/","url":"https:\/\/www.linslerhof.de\/wp-content\/uploads\/2020\/12\/Logo_2020.png","contentUrl":"https:\/\/www.linslerhof.de\/wp-content\/uploads\/2020\/12\/Logo_2020.png","width":466,"height":300,"caption":"Linslerhof"},"image":{"@id":"https:\/\/www.linslerhof.de\/fr\/#\/schema\/logo\/image\/"},"sameAs":["https:\/\/www.facebook.com\/Linslerhof","https:\/\/www.instagram.com\/linslerhof\/"]}]}},"_links":{"self":[{"href":"https:\/\/www.linslerhof.de\/fr\/wp-json\/wp\/v2\/pages\/33620","targetHints":{"allow":["GET"]}}],"collection":[{"href":"https:\/\/www.linslerhof.de\/fr\/wp-json\/wp\/v2\/pages"}],"about":[{"href":"https:\/\/www.linslerhof.de\/fr\/wp-json\/wp\/v2\/types\/page"}],"author":[{"embeddable":true,"href":"https:\/\/www.linslerhof.de\/fr\/wp-json\/wp\/v2\/users\/3"}],"replies":[{"embeddable":true,"href":"https:\/\/www.linslerhof.de\/fr\/wp-json\/wp\/v2\/comments?post=33620"}],"version-history":[{"count":37,"href":"https:\/\/www.linslerhof.de\/fr\/wp-json\/wp\/v2\/pages\/33620\/revisions"}],"predecessor-version":[{"id":47423,"href":"https:\/\/www.linslerhof.de\/fr\/wp-json\/wp\/v2\/pages\/33620\/revisions\/47423"}],"up":[{"embeddable":true,"href":"https:\/\/www.linslerhof.de\/fr\/wp-json\/wp\/v2\/pages\/33503"}],"wp:attachment":[{"href":"https:\/\/www.linslerhof.de\/fr\/wp-json\/wp\/v2\/media?parent=33620"}],"curies":[{"name":"wp","href":"https:\/\/api.w.org\/{rel}","templated":true}]}}