{"id":33635,"date":"2023-08-10T14:17:26","date_gmt":"2023-08-10T12:17:26","guid":{"rendered":"https:\/\/dev.linslerhof.de\/lieu-devenement-en-sarre\/lieu-de-mariage-en-sarre\/offre-mariage-dhiver\/"},"modified":"2026-01-22T11:24:33","modified_gmt":"2026-01-22T10:24:33","slug":"offre-mariage-dhiver","status":"publish","type":"page","link":"https:\/\/www.linslerhof.de\/fr\/lieu-devenement-en-sarre\/lieu-de-mariage-en-sarre\/offre-mariage-dhiver\/","title":{"rendered":"Offre mariage d&rsquo;hiver"},"content":{"rendered":"<section class=\"l-section wpb_row us_custom_1abdb309 hide_on_tablets hide_on_mobiles height_medium\"><div class=\"l-section-h i-cf\"><div class=\"g-cols vc_row via_flex valign_middle type_boxes stacking_default\" style=\"--additional-gap:10px;\"><div class=\"vc_col-sm-6 wpb_column vc_column_container  has_bg_color\"><div class=\"vc_column-inner us_custom_20ab4382 us_animate_this\"><div class=\"wpb_wrapper\"><\/div><\/div><\/div><div class=\"vc_col-sm-6 wpb_column vc_column_container has_bg_color\"><div class=\"vc_column-inner us_custom_94501421\"><div class=\"wpb_wrapper\"><div class=\"wpb_text_column us_custom_50cc7d67\"><div class=\"wpb_wrapper\"><h1><strong>Offre mariage d&rsquo;hiver<\/strong><\/h1>\n<h3 style=\"text-align: left;\">Votre mariage de r\u00eave en hiver au Linslerhof<\/h3>\n<p style=\"text-align: left;\">Avec r\u00e9ception au champagne, c\u00e9r\u00e9monie de mariage dans l&rsquo;idyllique chapelle Saint-Antoine ou dans notre salle de mariage et suite nuptiale de luxe pour les jeunes mari\u00e9s. En plus, un buffet copieux avec des plats chauds et froids et un forfait boissons jusqu&rsquo;\u00e0 1 heure.<\/p>\n<p><strong>prix d&rsquo;offre sans engagement : <\/strong><\/p>\n<ul>\n<li>\u00e0 partir de 119 \u20ac par personne pour la r\u00e9ception au champagne, le buffet &amp; les boissons, y compris la location de la salle<\/li>\n<li>La suite nuptiale avec petit-d\u00e9jeuner est gratuite pour les jeunes mari\u00e9s !<\/li>\n<li>r\u00e9servation possible \u00e0 partir de 50 personnes pour la p\u00e9riode de novembre \u00e0 mars<\/li>\n<li style=\"text-align: left;\">C\u00e9r\u00e9monie de mariage libre ou religieuse dans la chapelle pour 350,- \u20ac.<\/li>\n<li style=\"text-align: left;\">C\u00e9r\u00e9monie civile dans la salle de mariage pour 300,- \u20ac.<\/li>\n<\/ul>\n<p style=\"text-align: left;\">Nous nous ferons \u00e9galement un plaisir de vous faire une offre personnalis\u00e9e et de vous conseiller dans l&rsquo;organisation de votre mariage.<br \/>\nT\u00e9l\u00e9phone : <a href=\"tel:+49683680766\"><strong>06836-807-66<\/strong><\/a> \/\/ E-mail : <strong><a href=\"mailto:bankett@linslerhof.de\">bankett@linslerhof.de<\/a><\/strong><\/p>\n<\/div><\/div><div class=\" vc_custom_1769077457315 ubtn-ctn-left \"><a class=\"ubtn-link ult-adjust-bottom-margin ubtn-left ubtn-large \" href=\"https:\/\/www.linslerhof.de\/fr\/lieu-devenement-en-sarre\/demandes-devenements\/\" title=\"Demandes d\" ><button type=\"button\" id=\"ubtn-3579\"  class=\"ubtn ult-adjust-bottom-margin ult-responsive ubtn-large ubtn-no-hover-bg  ulta-grow  ubtn-left   tooltip-6a0515e78b83f\"  data-hover=\"\" data-border-color=\"\" data-bg=\"#d74808\" data-hover-bg=\"\" data-border-hover=\"\" data-shadow-hover=\"\" data-shadow-click=\"none\" data-shadow=\"\" data-shd-shadow=\"\"  data-ultimate-target='#ubtn-3579'  data-responsive-json-new='{\"font-size\":\"desktop:20px;tablet:18px;tablet_portrait:18px;mobile_landscape:15px;mobile:15px;\",\"line-height\":\"\"}'  style=\"font-family:&#039;Open Sans Condensed&#039;;font-weight:normal;font-style:normal;border:none;background: #d74808;color: #ffffff;\"><span class=\"ubtn-hover\" style=\"background-color:\"><\/span><span class=\"ubtn-data ubtn-text \" >DEMANDEZ CONSEIL MAINTENANT !<\/span><\/button><\/a><\/div><div class=\"wpb_text_column us_custom_50cc7d67\"><div class=\"wpb_wrapper\"><p><a href=\"https:\/\/www.linslerhof.de\/fr\/lieu-devenement-en-sarre\/lieu-de-mariage-en-sarre\/\"><span style=\"color: #d74808;\"><strong>&gt;&gt; RETOUR \u00c0 L&rsquo;APER\u00c7U DES OFFRES<\/strong><\/span><\/a><\/p>\n<\/div><\/div><\/div><\/div><\/div><\/div><\/div><\/section><section class=\"l-section wpb_row us_custom_1abdb309 hide_on_default hide_on_laptops height_medium\"><div class=\"l-section-h i-cf\"><div class=\"g-cols vc_row via_flex valign_middle type_boxes stacking_default\" style=\"--additional-gap:10px;\"><div class=\"vc_col-sm-6 wpb_column vc_column_container  hide_on_default hide_on_laptops hide_on_tablets has_bg_color\"><div class=\"vc_column-inner us_custom_70c9a06d us_animate_this\"><div class=\"wpb_wrapper\"><\/div><\/div><\/div><div class=\"vc_col-sm-6 wpb_column vc_column_container has_bg_color\"><div class=\"vc_column-inner us_custom_94501421\"><div class=\"wpb_wrapper\"><div class=\"wpb_text_column us_custom_50cc7d67\"><div class=\"wpb_wrapper\"><h1><strong>Offre mariage d&rsquo;hiver<\/strong><\/h1>\n<h3 style=\"text-align: left;\">Votre mariage de r\u00eave en hiver au Linslerhof<\/h3>\n<p style=\"text-align: left;\">Avec r\u00e9ception au champagne, c\u00e9r\u00e9monie de mariage dans l&rsquo;idyllique chapelle Saint-Antoine ou dans notre salle de mariage et suite nuptiale de luxe pour les jeunes mari\u00e9s. En plus, un buffet copieux avec des plats chauds et froids et un forfait boissons jusqu&rsquo;\u00e0 1 heure.<\/p>\n<p><strong>prix d&rsquo;offre sans engagement : <\/strong><\/p>\n<ul>\n<li>\u00e0 partir de 119 \u20ac par personne pour la r\u00e9ception au champagne, le buffet &amp; les boissons, y compris la location de la salle<\/li>\n<li>La suite nuptiale avec petit-d\u00e9jeuner est gratuite pour les jeunes mari\u00e9s !<\/li>\n<li>r\u00e9servation possible \u00e0 partir de 50 personnes pour la p\u00e9riode de novembre \u00e0 mars<\/li>\n<li style=\"text-align: left;\">C\u00e9r\u00e9monie de mariage libre ou religieuse dans la chapelle pour 350,- \u20ac.<\/li>\n<li style=\"text-align: left;\">C\u00e9r\u00e9monie civile dans la salle de mariage pour 300,- \u20ac.<\/li>\n<\/ul>\n<p style=\"text-align: left;\">Nous nous ferons \u00e9galement un plaisir de vous faire une offre personnalis\u00e9e et de vous conseiller dans l&rsquo;organisation de votre mariage.<br \/>\nT\u00e9l\u00e9phone : <a href=\"tel:+49683680766\"><strong>06836-807-66<\/strong><\/a> \/\/ E-mail : <strong><a href=\"mailto:bankett@linslerhof.de\">bankett@linslerhof.de<\/a><\/strong><\/p>\n<\/div><\/div><div class=\" vc_custom_1769077470878 ubtn-ctn-left \"><a class=\"ubtn-link ult-adjust-bottom-margin ubtn-left ubtn-large \" href=\"https:\/\/www.linslerhof.de\/fr\/lieu-devenement-en-sarre\/demandes-devenements\/\" title=\"Demandes d\" ><button type=\"button\" id=\"ubtn-2692\"  class=\"ubtn ult-adjust-bottom-margin ult-responsive ubtn-large ubtn-no-hover-bg  ulta-grow  ubtn-left   tooltip-6a0515e78c5b2\"  data-hover=\"\" data-border-color=\"\" data-bg=\"#d74808\" data-hover-bg=\"\" data-border-hover=\"\" data-shadow-hover=\"\" data-shadow-click=\"none\" data-shadow=\"\" data-shd-shadow=\"\"  data-ultimate-target='#ubtn-2692'  data-responsive-json-new='{\"font-size\":\"desktop:20px;tablet:18px;tablet_portrait:18px;mobile_landscape:15px;mobile:15px;\",\"line-height\":\"\"}'  style=\"font-family:&#039;Open Sans Condensed&#039;;font-weight:normal;font-style:normal;border:none;background: #d74808;color: #ffffff;\"><span class=\"ubtn-hover\" style=\"background-color:\"><\/span><span class=\"ubtn-data ubtn-text \" >DEMANDEZ CONSEIL MAINTENANT !<\/span><\/button><\/a><\/div><div class=\"wpb_text_column us_custom_50cc7d67\"><div class=\"wpb_wrapper\"><p><a href=\"https:\/\/www.linslerhof.de\/fr\/lieu-devenement-en-sarre\/lieu-de-mariage-en-sarre\/\"><span style=\"color: #d74808;\"><strong>&gt;&gt; RETOUR \u00c0 L&rsquo;APER\u00c7U DES OFFRES<\/strong><\/span><\/a><\/p>\n<\/div><\/div><\/div><\/div><\/div><\/div><\/div><\/section><section class=\"l-section wpb_row us_custom_1abdb309 height_medium\"><div class=\"l-section-h i-cf\"><div class=\"g-cols vc_row via_flex valign_middle type_boxes stacking_default\" style=\"--additional-gap:10px;\"><div class=\"vc_col-sm-12 wpb_column vc_column_container has_bg_color\"><div class=\"vc_column-inner us_custom_94501421\"><div class=\"wpb_wrapper\"><div class=\"wpb_text_column us_custom_50cc7d67\"><div class=\"wpb_wrapper\"><p style=\"text-align: left;\">Vivez votre mariage d&rsquo;hiver romantique au Linslerhof, le lieu de mariage parfait en Sarre, \u00e0 une courte distance en voiture de Sarrebruck. Notre magnifique ferme offre un lieu \u00e9v\u00e9nementiel sp\u00e9cial qui rendra votre f\u00eate inoubliable. Avec un restaurant exclusif proposant un riche buffet et une s\u00e9lection de boissons, votre mariage sera un moment culinaire fort. Notre lieu peut accueillir vos invit\u00e9s, avec un nombre de personnes \u00e0 partir de 50, et veillera \u00e0 ce que chaque moment de votre c\u00e9r\u00e9monie soit parfait. Que vous optiez pour une c\u00e9r\u00e9monie civile dans notre salle de mariage ou que vous souhaitiez vous marier dans la romantique chapelle Saint-Antoine, nous ferons de votre journ\u00e9e sp\u00e9ciale un moment inoubliable. Le Linslerhof est l&rsquo;endroit id\u00e9al pour votre mariage dans la r\u00e9gion. Profitez du magnifique paysage hivernal et prenez des photos de r\u00eave dans la neige, entour\u00e9 d&rsquo;une d\u00e9coration enchanteresse en robe de mari\u00e9e avec des fleurs assorties. Les mari\u00e9s peuvent profiter d&rsquo;une luxueuse suite nuptiale incluse dans le prix. Notre \u00e9quipe exp\u00e9riment\u00e9e est \u00e0 votre disposition pour vous aider \u00e0 planifier votre mariage et vous proposer un devis personnalis\u00e9. Contactez-nous pour organiser votre mariage parfait et vivre cette journ\u00e9e sp\u00e9ciale dans un lieu unique.<\/p>\n<\/div><\/div><\/div><\/div><\/div><\/div><\/div><\/section>\n","protected":false},"excerpt":{"rendered":"Offre mariage d&rsquo;hiver Votre mariage de r\u00eave en hiver au Linslerhof Avec r\u00e9ception au champagne, c\u00e9r\u00e9monie de mariage dans l&rsquo;idyllique chapelle Saint-Antoine ou dans notre salle de mariage et suite nuptiale de luxe pour les jeunes mari\u00e9s. En plus, un buffet copieux avec des plats chauds et froids et un forfait boissons jusqu&rsquo;\u00e0 1 heure....","protected":false},"author":3,"featured_media":0,"parent":33362,"menu_order":5,"comment_status":"closed","ping_status":"closed","template":"","meta":{"footnotes":""},"class_list":["post-33635","page","type-page","status-publish","hentry"],"yoast_head":"<!-- This site is optimized with the Yoast SEO plugin v27.6 - https:\/\/yoast.com\/product\/yoast-seo-wordpress\/ -->\n<title>Offre mariage d&#039;hiver | Linslerhof<\/title>\n<meta name=\"description\" content=\"Mariage d&#039;hiver au Linslerhof \u00e0 partir de 99\u20ac par personne. Le mariage de vos r\u00eaves dans le domaine hivernal !\" \/>\n<meta name=\"robots\" content=\"index, follow, max-snippet:-1, max-image-preview:large, max-video-preview:-1\" \/>\n<link rel=\"canonical\" href=\"https:\/\/www.linslerhof.de\/fr\/lieu-devenement-en-sarre\/lieu-de-mariage-en-sarre\/offre-mariage-dhiver\/\" \/>\n<meta property=\"og:locale\" content=\"fr_FR\" \/>\n<meta property=\"og:type\" content=\"article\" \/>\n<meta property=\"og:title\" content=\"Offre mariage d&#039;hiver | Linslerhof\" \/>\n<meta property=\"og:description\" content=\"Mariage d&#039;hiver au Linslerhof \u00e0 partir de 99\u20ac par personne. Le mariage de vos r\u00eaves dans le domaine hivernal !\" \/>\n<meta property=\"og:url\" content=\"https:\/\/www.linslerhof.de\/fr\/lieu-devenement-en-sarre\/lieu-de-mariage-en-sarre\/offre-mariage-dhiver\/\" \/>\n<meta property=\"og:site_name\" content=\"Linslerhof\" \/>\n<meta property=\"article:publisher\" content=\"https:\/\/www.facebook.com\/Linslerhof\" \/>\n<meta property=\"article:modified_time\" content=\"2026-01-22T10:24:33+00:00\" \/>\n<meta name=\"twitter:card\" content=\"summary_large_image\" \/>\n<meta name=\"twitter:label1\" content=\"Dur\u00e9e de lecture estim\u00e9e\" \/>\n\t<meta name=\"twitter:data1\" content=\"4 minutes\" \/>\n<script type=\"application\/ld+json\" class=\"yoast-schema-graph\">{\"@context\":\"https:\\\/\\\/schema.org\",\"@graph\":[{\"@type\":\"WebPage\",\"@id\":\"https:\\\/\\\/www.linslerhof.de\\\/fr\\\/lieu-devenement-en-sarre\\\/lieu-de-mariage-en-sarre\\\/offre-mariage-dhiver\\\/\",\"url\":\"https:\\\/\\\/www.linslerhof.de\\\/fr\\\/lieu-devenement-en-sarre\\\/lieu-de-mariage-en-sarre\\\/offre-mariage-dhiver\\\/\",\"name\":\"Offre mariage d'hiver | Linslerhof\",\"isPartOf\":{\"@id\":\"https:\\\/\\\/www.linslerhof.de\\\/fr\\\/#website\"},\"datePublished\":\"2023-08-10T12:17:26+00:00\",\"dateModified\":\"2026-01-22T10:24:33+00:00\",\"description\":\"Mariage d'hiver au Linslerhof \u00e0 partir de 99\u20ac par personne. Le mariage de vos r\u00eaves dans le domaine hivernal !\",\"breadcrumb\":{\"@id\":\"https:\\\/\\\/www.linslerhof.de\\\/fr\\\/lieu-devenement-en-sarre\\\/lieu-de-mariage-en-sarre\\\/offre-mariage-dhiver\\\/#breadcrumb\"},\"inLanguage\":\"fr-FR\",\"potentialAction\":[{\"@type\":\"ReadAction\",\"target\":[\"https:\\\/\\\/www.linslerhof.de\\\/fr\\\/lieu-devenement-en-sarre\\\/lieu-de-mariage-en-sarre\\\/offre-mariage-dhiver\\\/\"]}]},{\"@type\":\"BreadcrumbList\",\"@id\":\"https:\\\/\\\/www.linslerhof.de\\\/fr\\\/lieu-devenement-en-sarre\\\/lieu-de-mariage-en-sarre\\\/offre-mariage-dhiver\\\/#breadcrumb\",\"itemListElement\":[{\"@type\":\"ListItem\",\"position\":1,\"name\":\"Startseite\",\"item\":\"https:\\\/\\\/www.linslerhof.de\\\/fr\\\/hotel-4-etoiles-en-sarre\\\/\"},{\"@type\":\"ListItem\",\"position\":2,\"name\":\"Lieu d&#8217;\u00e9v\u00e9nement en Sarre\",\"item\":\"https:\\\/\\\/www.linslerhof.de\\\/fr\\\/lieu-devenement-en-sarre\\\/\"},{\"@type\":\"ListItem\",\"position\":3,\"name\":\"Lieu de mariage en Sarre\",\"item\":\"https:\\\/\\\/www.linslerhof.de\\\/fr\\\/lieu-devenement-en-sarre\\\/lieu-de-mariage-en-sarre\\\/\"},{\"@type\":\"ListItem\",\"position\":4,\"name\":\"Offre mariage d&#8217;hiver\"}]},{\"@type\":\"WebSite\",\"@id\":\"https:\\\/\\\/www.linslerhof.de\\\/fr\\\/#website\",\"url\":\"https:\\\/\\\/www.linslerhof.de\\\/fr\\\/\",\"name\":\"Linslerhof\",\"description\":\"Historischer Gutshof\",\"publisher\":{\"@id\":\"https:\\\/\\\/www.linslerhof.de\\\/fr\\\/#organization\"},\"potentialAction\":[{\"@type\":\"SearchAction\",\"target\":{\"@type\":\"EntryPoint\",\"urlTemplate\":\"https:\\\/\\\/www.linslerhof.de\\\/fr\\\/?s={search_term_string}\"},\"query-input\":{\"@type\":\"PropertyValueSpecification\",\"valueRequired\":true,\"valueName\":\"search_term_string\"}}],\"inLanguage\":\"fr-FR\"},{\"@type\":\"Organization\",\"@id\":\"https:\\\/\\\/www.linslerhof.de\\\/fr\\\/#organization\",\"name\":\"Linslerhof\",\"url\":\"https:\\\/\\\/www.linslerhof.de\\\/fr\\\/\",\"logo\":{\"@type\":\"ImageObject\",\"inLanguage\":\"fr-FR\",\"@id\":\"https:\\\/\\\/www.linslerhof.de\\\/fr\\\/#\\\/schema\\\/logo\\\/image\\\/\",\"url\":\"https:\\\/\\\/www.linslerhof.de\\\/wp-content\\\/uploads\\\/2020\\\/12\\\/Logo_2020.png\",\"contentUrl\":\"https:\\\/\\\/www.linslerhof.de\\\/wp-content\\\/uploads\\\/2020\\\/12\\\/Logo_2020.png\",\"width\":466,\"height\":300,\"caption\":\"Linslerhof\"},\"image\":{\"@id\":\"https:\\\/\\\/www.linslerhof.de\\\/fr\\\/#\\\/schema\\\/logo\\\/image\\\/\"},\"sameAs\":[\"https:\\\/\\\/www.facebook.com\\\/Linslerhof\",\"https:\\\/\\\/www.instagram.com\\\/linslerhof\\\/\"]}]}<\/script>\n<!-- \/ Yoast SEO plugin. -->","yoast_head_json":{"title":"Offre mariage d'hiver | Linslerhof","description":"Mariage d'hiver au Linslerhof \u00e0 partir de 99\u20ac par personne. Le mariage de vos r\u00eaves dans le domaine hivernal !","robots":{"index":"index","follow":"follow","max-snippet":"max-snippet:-1","max-image-preview":"max-image-preview:large","max-video-preview":"max-video-preview:-1"},"canonical":"https:\/\/www.linslerhof.de\/fr\/lieu-devenement-en-sarre\/lieu-de-mariage-en-sarre\/offre-mariage-dhiver\/","og_locale":"fr_FR","og_type":"article","og_title":"Offre mariage d'hiver | Linslerhof","og_description":"Mariage d'hiver au Linslerhof \u00e0 partir de 99\u20ac par personne. Le mariage de vos r\u00eaves dans le domaine hivernal !","og_url":"https:\/\/www.linslerhof.de\/fr\/lieu-devenement-en-sarre\/lieu-de-mariage-en-sarre\/offre-mariage-dhiver\/","og_site_name":"Linslerhof","article_publisher":"https:\/\/www.facebook.com\/Linslerhof","article_modified_time":"2026-01-22T10:24:33+00:00","twitter_card":"summary_large_image","twitter_misc":{"Dur\u00e9e de lecture estim\u00e9e":"4 minutes"},"schema":{"@context":"https:\/\/schema.org","@graph":[{"@type":"WebPage","@id":"https:\/\/www.linslerhof.de\/fr\/lieu-devenement-en-sarre\/lieu-de-mariage-en-sarre\/offre-mariage-dhiver\/","url":"https:\/\/www.linslerhof.de\/fr\/lieu-devenement-en-sarre\/lieu-de-mariage-en-sarre\/offre-mariage-dhiver\/","name":"Offre mariage d'hiver | Linslerhof","isPartOf":{"@id":"https:\/\/www.linslerhof.de\/fr\/#website"},"datePublished":"2023-08-10T12:17:26+00:00","dateModified":"2026-01-22T10:24:33+00:00","description":"Mariage d'hiver au Linslerhof \u00e0 partir de 99\u20ac par personne. Le mariage de vos r\u00eaves dans le domaine hivernal !","breadcrumb":{"@id":"https:\/\/www.linslerhof.de\/fr\/lieu-devenement-en-sarre\/lieu-de-mariage-en-sarre\/offre-mariage-dhiver\/#breadcrumb"},"inLanguage":"fr-FR","potentialAction":[{"@type":"ReadAction","target":["https:\/\/www.linslerhof.de\/fr\/lieu-devenement-en-sarre\/lieu-de-mariage-en-sarre\/offre-mariage-dhiver\/"]}]},{"@type":"BreadcrumbList","@id":"https:\/\/www.linslerhof.de\/fr\/lieu-devenement-en-sarre\/lieu-de-mariage-en-sarre\/offre-mariage-dhiver\/#breadcrumb","itemListElement":[{"@type":"ListItem","position":1,"name":"Startseite","item":"https:\/\/www.linslerhof.de\/fr\/hotel-4-etoiles-en-sarre\/"},{"@type":"ListItem","position":2,"name":"Lieu d&#8217;\u00e9v\u00e9nement en Sarre","item":"https:\/\/www.linslerhof.de\/fr\/lieu-devenement-en-sarre\/"},{"@type":"ListItem","position":3,"name":"Lieu de mariage en Sarre","item":"https:\/\/www.linslerhof.de\/fr\/lieu-devenement-en-sarre\/lieu-de-mariage-en-sarre\/"},{"@type":"ListItem","position":4,"name":"Offre mariage d&#8217;hiver"}]},{"@type":"WebSite","@id":"https:\/\/www.linslerhof.de\/fr\/#website","url":"https:\/\/www.linslerhof.de\/fr\/","name":"Linslerhof","description":"Historischer Gutshof","publisher":{"@id":"https:\/\/www.linslerhof.de\/fr\/#organization"},"potentialAction":[{"@type":"SearchAction","target":{"@type":"EntryPoint","urlTemplate":"https:\/\/www.linslerhof.de\/fr\/?s={search_term_string}"},"query-input":{"@type":"PropertyValueSpecification","valueRequired":true,"valueName":"search_term_string"}}],"inLanguage":"fr-FR"},{"@type":"Organization","@id":"https:\/\/www.linslerhof.de\/fr\/#organization","name":"Linslerhof","url":"https:\/\/www.linslerhof.de\/fr\/","logo":{"@type":"ImageObject","inLanguage":"fr-FR","@id":"https:\/\/www.linslerhof.de\/fr\/#\/schema\/logo\/image\/","url":"https:\/\/www.linslerhof.de\/wp-content\/uploads\/2020\/12\/Logo_2020.png","contentUrl":"https:\/\/www.linslerhof.de\/wp-content\/uploads\/2020\/12\/Logo_2020.png","width":466,"height":300,"caption":"Linslerhof"},"image":{"@id":"https:\/\/www.linslerhof.de\/fr\/#\/schema\/logo\/image\/"},"sameAs":["https:\/\/www.facebook.com\/Linslerhof","https:\/\/www.instagram.com\/linslerhof\/"]}]}},"_links":{"self":[{"href":"https:\/\/www.linslerhof.de\/fr\/wp-json\/wp\/v2\/pages\/33635","targetHints":{"allow":["GET"]}}],"collection":[{"href":"https:\/\/www.linslerhof.de\/fr\/wp-json\/wp\/v2\/pages"}],"about":[{"href":"https:\/\/www.linslerhof.de\/fr\/wp-json\/wp\/v2\/types\/page"}],"author":[{"embeddable":true,"href":"https:\/\/www.linslerhof.de\/fr\/wp-json\/wp\/v2\/users\/3"}],"replies":[{"embeddable":true,"href":"https:\/\/www.linslerhof.de\/fr\/wp-json\/wp\/v2\/comments?post=33635"}],"version-history":[{"count":31,"href":"https:\/\/www.linslerhof.de\/fr\/wp-json\/wp\/v2\/pages\/33635\/revisions"}],"predecessor-version":[{"id":47232,"href":"https:\/\/www.linslerhof.de\/fr\/wp-json\/wp\/v2\/pages\/33635\/revisions\/47232"}],"up":[{"embeddable":true,"href":"https:\/\/www.linslerhof.de\/fr\/wp-json\/wp\/v2\/pages\/33362"}],"wp:attachment":[{"href":"https:\/\/www.linslerhof.de\/fr\/wp-json\/wp\/v2\/media?parent=33635"}],"curies":[{"name":"wp","href":"https:\/\/api.w.org\/{rel}","templated":true}]}}