{"id":33636,"date":"2023-12-18T15:59:50","date_gmt":"2023-12-18T14:59:50","guid":{"rendered":"https:\/\/dev.linslerhof.de\/offre-festivites-individuelles\/"},"modified":"2026-01-22T11:16:47","modified_gmt":"2026-01-22T10:16:47","slug":"offre-festivites-individuelles","status":"publish","type":"page","link":"https:\/\/www.linslerhof.de\/fr\/lieu-devenement-en-sarre\/evenements-dentreprise\/offre-festivites-individuelles\/","title":{"rendered":"Offre festivit\u00e9s individuelles"},"content":{"rendered":"<section class=\"l-section wpb_row us_custom_98b4ceb1 fs-section-reverse height_medium\"><div class=\"l-section-h i-cf\"><div class=\"g-cols vc_row via_flex valign_middle type_boxes stacking_default\" style=\"--additional-gap:10px;\"><div class=\"vc_col-sm-6 wpb_column vc_column_container has_bg_color\"><div class=\"vc_column-inner us_custom_94501421\"><div class=\"wpb_wrapper\"><div class=\"wpb_text_column us_custom_50cc7d67\"><div class=\"wpb_wrapper\"><h1><strong>FESTIVIT\u00c9S INDIVIDUELLES<\/strong><\/h1>\n<p>Nous offrons le cadre id\u00e9al pour votre \u00e9v\u00e9nement d&rsquo;entreprise, une action de team building et des occasions festives qui sont uniques et singuli\u00e8res. Que ce soit en petit comit\u00e9 ou avec jusqu&rsquo;\u00e0 300 invit\u00e9s. Nous disposons de locaux adapt\u00e9s \u00e0 vos besoins. Nous nous ferons un plaisir de vous aider \u00e0 planifier, organiser et r\u00e9aliser votre f\u00eate d&rsquo;entreprise et de vous proposer une offre sur mesure pour une exp\u00e9rience particuli\u00e8re qui renforcera certainement l&rsquo;esprit d&rsquo;\u00e9quipe.<\/p>\n<\/div><\/div><div class=\" vc_custom_1769076986704 ubtn-ctn-left \"><a class=\"ubtn-link ult-adjust-bottom-margin ubtn-left ubtn-large \" href=\"https:\/\/www.linslerhof.de\/fr\/lieu-devenement-en-sarre\/demandes-devenements\/\" title=\"Demandes d\" ><button type=\"button\" id=\"ubtn-5958\"  class=\"ubtn ult-adjust-bottom-margin ult-responsive ubtn-large ubtn-no-hover-bg  ulta-push  ubtn-left   tooltip-69f8598e4dfaf\"  data-hover=\"\" data-border-color=\"\" data-bg=\"#ea5b0b\" data-hover-bg=\"\" data-border-hover=\"\" data-shadow-hover=\"\" data-shadow-click=\"none\" data-shadow=\"\" data-shd-shadow=\"\"  data-ultimate-target='#ubtn-5958'  data-responsive-json-new='{\"font-size\":\"desktop:20px;\",\"line-height\":\"desktop:18px;\"}'  style=\"font-family:&#039;Open Sans Condensed&#039;;font-weight:normal;font-style:normal;border:none;background: #ea5b0b;color: #ffffff;\"><span class=\"ubtn-hover\" style=\"background-color:\"><\/span><span class=\"ubtn-data ubtn-text \" >DEMANDEZ MAINTENANT<\/span><\/button><\/a><\/div><div class=\"wpb_text_column us_custom_090aafef\"><div class=\"wpb_wrapper\"><p>Ou contactez-nous :<strong><br \/>\n<a href=\"tel:+49683680766\">+49 (0)6836 &#8211; 807-66<\/a><\/strong><strong><br \/>\n<a href=\"mailto:bankett@linslerhof.de\">bankett@linslerhof.de<\/a><br \/>\n<\/strong><\/p>\n<\/div><\/div><div class=\"wpb_text_column us_custom_69561aa4\"><div class=\"wpb_wrapper\"><p><a href=\"https:\/\/www.linslerhof.de\/fr\/lieu-devenement-en-sarre\/evenements-dentreprise\/\"><span style=\"color: #d74808;\"><strong>&gt;&gt; RETOUR \u00c0 L&rsquo;APER\u00c7U DES OFFRES<\/strong><\/span><\/a><\/p>\n<\/div><\/div><\/div><\/div><\/div><div class=\"vc_col-sm-6 wpb_column vc_column_container  has_bg_color\"><div class=\"vc_column-inner us_custom_61029ba5 us_animate_this\"><div class=\"wpb_wrapper\"><\/div><\/div><\/div><\/div><\/div><\/section>\n","protected":false},"excerpt":{"rendered":"FESTIVIT\u00c9S INDIVIDUELLES Nous offrons le cadre id\u00e9al pour votre \u00e9v\u00e9nement d&rsquo;entreprise, une action de team building et des occasions festives qui sont uniques et singuli\u00e8res. Que ce soit en petit comit\u00e9 ou avec jusqu&rsquo;\u00e0 300 invit\u00e9s. Nous disposons de locaux adapt\u00e9s \u00e0 vos besoins. Nous nous ferons un plaisir de vous aider \u00e0 planifier, organiser...","protected":false},"author":3,"featured_media":0,"parent":33706,"menu_order":1,"comment_status":"closed","ping_status":"closed","template":"","meta":{"footnotes":""},"class_list":["post-33636","page","type-page","status-publish","hentry"],"yoast_head":"<!-- This site is optimized with the Yoast SEO plugin v27.5 - https:\/\/yoast.com\/product\/yoast-seo-wordpress\/ -->\n<title>Offre festivit\u00e9s individuelles | Linslerhof<\/title>\n<meta name=\"description\" content=\"Nous offrons le cadre id\u00e9al pour votre \u00e9v\u00e9nement d&#039;entreprise, une action de team building et des occasions festives qui sont uniques et singuli\u00e8res. Que ce soit en petit comit\u00e9 ou avec jusqu&#039;\u00e0 300 invit\u00e9s.\" \/>\n<meta name=\"robots\" content=\"index, follow, max-snippet:-1, max-image-preview:large, max-video-preview:-1\" \/>\n<link rel=\"canonical\" href=\"https:\/\/www.linslerhof.de\/fr\/lieu-devenement-en-sarre\/evenements-dentreprise\/offre-festivites-individuelles\/\" \/>\n<meta property=\"og:locale\" content=\"fr_FR\" \/>\n<meta property=\"og:type\" content=\"article\" \/>\n<meta property=\"og:title\" content=\"Offre festivit\u00e9s individuelles | Linslerhof\" \/>\n<meta property=\"og:description\" content=\"Nous offrons le cadre id\u00e9al pour votre \u00e9v\u00e9nement d&#039;entreprise, une action de team building et des occasions festives qui sont uniques et singuli\u00e8res. Que ce soit en petit comit\u00e9 ou avec jusqu&#039;\u00e0 300 invit\u00e9s.\" \/>\n<meta property=\"og:url\" content=\"https:\/\/www.linslerhof.de\/fr\/lieu-devenement-en-sarre\/evenements-dentreprise\/offre-festivites-individuelles\/\" \/>\n<meta property=\"og:site_name\" content=\"Linslerhof\" \/>\n<meta property=\"article:publisher\" content=\"https:\/\/www.facebook.com\/Linslerhof\" \/>\n<meta property=\"article:modified_time\" content=\"2026-01-22T10:16:47+00:00\" \/>\n<meta name=\"twitter:card\" content=\"summary_large_image\" \/>\n<meta name=\"twitter:label1\" content=\"Dur\u00e9e de lecture estim\u00e9e\" \/>\n\t<meta name=\"twitter:data1\" content=\"1 minute\" \/>\n<script type=\"application\/ld+json\" class=\"yoast-schema-graph\">{\"@context\":\"https:\\\/\\\/schema.org\",\"@graph\":[{\"@type\":\"WebPage\",\"@id\":\"https:\\\/\\\/www.linslerhof.de\\\/fr\\\/lieu-devenement-en-sarre\\\/evenements-dentreprise\\\/offre-festivites-individuelles\\\/\",\"url\":\"https:\\\/\\\/www.linslerhof.de\\\/fr\\\/lieu-devenement-en-sarre\\\/evenements-dentreprise\\\/offre-festivites-individuelles\\\/\",\"name\":\"Offre festivit\u00e9s individuelles | Linslerhof\",\"isPartOf\":{\"@id\":\"https:\\\/\\\/www.linslerhof.de\\\/fr\\\/#website\"},\"datePublished\":\"2023-12-18T14:59:50+00:00\",\"dateModified\":\"2026-01-22T10:16:47+00:00\",\"description\":\"Nous offrons le cadre id\u00e9al pour votre \u00e9v\u00e9nement d'entreprise, une action de team building et des occasions festives qui sont uniques et singuli\u00e8res. Que ce soit en petit comit\u00e9 ou avec jusqu'\u00e0 300 invit\u00e9s.\",\"breadcrumb\":{\"@id\":\"https:\\\/\\\/www.linslerhof.de\\\/fr\\\/lieu-devenement-en-sarre\\\/evenements-dentreprise\\\/offre-festivites-individuelles\\\/#breadcrumb\"},\"inLanguage\":\"fr-FR\",\"potentialAction\":[{\"@type\":\"ReadAction\",\"target\":[\"https:\\\/\\\/www.linslerhof.de\\\/fr\\\/lieu-devenement-en-sarre\\\/evenements-dentreprise\\\/offre-festivites-individuelles\\\/\"]}]},{\"@type\":\"BreadcrumbList\",\"@id\":\"https:\\\/\\\/www.linslerhof.de\\\/fr\\\/lieu-devenement-en-sarre\\\/evenements-dentreprise\\\/offre-festivites-individuelles\\\/#breadcrumb\",\"itemListElement\":[{\"@type\":\"ListItem\",\"position\":1,\"name\":\"Startseite\",\"item\":\"https:\\\/\\\/www.linslerhof.de\\\/fr\\\/hotel-4-etoiles-en-sarre\\\/\"},{\"@type\":\"ListItem\",\"position\":2,\"name\":\"Lieu d&#8217;\u00e9v\u00e9nement en Sarre\",\"item\":\"https:\\\/\\\/www.linslerhof.de\\\/fr\\\/lieu-devenement-en-sarre\\\/\"},{\"@type\":\"ListItem\",\"position\":3,\"name\":\"\u00c9v\u00e9nements d&rsquo;entreprise\",\"item\":\"https:\\\/\\\/www.linslerhof.de\\\/fr\\\/lieu-devenement-en-sarre\\\/evenements-dentreprise\\\/\"},{\"@type\":\"ListItem\",\"position\":4,\"name\":\"Offre festivit\u00e9s individuelles\"}]},{\"@type\":\"WebSite\",\"@id\":\"https:\\\/\\\/www.linslerhof.de\\\/fr\\\/#website\",\"url\":\"https:\\\/\\\/www.linslerhof.de\\\/fr\\\/\",\"name\":\"Linslerhof\",\"description\":\"Historischer Gutshof\",\"publisher\":{\"@id\":\"https:\\\/\\\/www.linslerhof.de\\\/fr\\\/#organization\"},\"potentialAction\":[{\"@type\":\"SearchAction\",\"target\":{\"@type\":\"EntryPoint\",\"urlTemplate\":\"https:\\\/\\\/www.linslerhof.de\\\/fr\\\/?s={search_term_string}\"},\"query-input\":{\"@type\":\"PropertyValueSpecification\",\"valueRequired\":true,\"valueName\":\"search_term_string\"}}],\"inLanguage\":\"fr-FR\"},{\"@type\":\"Organization\",\"@id\":\"https:\\\/\\\/www.linslerhof.de\\\/fr\\\/#organization\",\"name\":\"Linslerhof\",\"url\":\"https:\\\/\\\/www.linslerhof.de\\\/fr\\\/\",\"logo\":{\"@type\":\"ImageObject\",\"inLanguage\":\"fr-FR\",\"@id\":\"https:\\\/\\\/www.linslerhof.de\\\/fr\\\/#\\\/schema\\\/logo\\\/image\\\/\",\"url\":\"https:\\\/\\\/www.linslerhof.de\\\/wp-content\\\/uploads\\\/2020\\\/12\\\/Logo_2020.png\",\"contentUrl\":\"https:\\\/\\\/www.linslerhof.de\\\/wp-content\\\/uploads\\\/2020\\\/12\\\/Logo_2020.png\",\"width\":466,\"height\":300,\"caption\":\"Linslerhof\"},\"image\":{\"@id\":\"https:\\\/\\\/www.linslerhof.de\\\/fr\\\/#\\\/schema\\\/logo\\\/image\\\/\"},\"sameAs\":[\"https:\\\/\\\/www.facebook.com\\\/Linslerhof\",\"https:\\\/\\\/www.instagram.com\\\/linslerhof\\\/\"]}]}<\/script>\n<!-- \/ Yoast SEO plugin. -->","yoast_head_json":{"title":"Offre festivit\u00e9s individuelles | Linslerhof","description":"Nous offrons le cadre id\u00e9al pour votre \u00e9v\u00e9nement d'entreprise, une action de team building et des occasions festives qui sont uniques et singuli\u00e8res. Que ce soit en petit comit\u00e9 ou avec jusqu'\u00e0 300 invit\u00e9s.","robots":{"index":"index","follow":"follow","max-snippet":"max-snippet:-1","max-image-preview":"max-image-preview:large","max-video-preview":"max-video-preview:-1"},"canonical":"https:\/\/www.linslerhof.de\/fr\/lieu-devenement-en-sarre\/evenements-dentreprise\/offre-festivites-individuelles\/","og_locale":"fr_FR","og_type":"article","og_title":"Offre festivit\u00e9s individuelles | Linslerhof","og_description":"Nous offrons le cadre id\u00e9al pour votre \u00e9v\u00e9nement d'entreprise, une action de team building et des occasions festives qui sont uniques et singuli\u00e8res. Que ce soit en petit comit\u00e9 ou avec jusqu'\u00e0 300 invit\u00e9s.","og_url":"https:\/\/www.linslerhof.de\/fr\/lieu-devenement-en-sarre\/evenements-dentreprise\/offre-festivites-individuelles\/","og_site_name":"Linslerhof","article_publisher":"https:\/\/www.facebook.com\/Linslerhof","article_modified_time":"2026-01-22T10:16:47+00:00","twitter_card":"summary_large_image","twitter_misc":{"Dur\u00e9e de lecture estim\u00e9e":"1 minute"},"schema":{"@context":"https:\/\/schema.org","@graph":[{"@type":"WebPage","@id":"https:\/\/www.linslerhof.de\/fr\/lieu-devenement-en-sarre\/evenements-dentreprise\/offre-festivites-individuelles\/","url":"https:\/\/www.linslerhof.de\/fr\/lieu-devenement-en-sarre\/evenements-dentreprise\/offre-festivites-individuelles\/","name":"Offre festivit\u00e9s individuelles | Linslerhof","isPartOf":{"@id":"https:\/\/www.linslerhof.de\/fr\/#website"},"datePublished":"2023-12-18T14:59:50+00:00","dateModified":"2026-01-22T10:16:47+00:00","description":"Nous offrons le cadre id\u00e9al pour votre \u00e9v\u00e9nement d'entreprise, une action de team building et des occasions festives qui sont uniques et singuli\u00e8res. Que ce soit en petit comit\u00e9 ou avec jusqu'\u00e0 300 invit\u00e9s.","breadcrumb":{"@id":"https:\/\/www.linslerhof.de\/fr\/lieu-devenement-en-sarre\/evenements-dentreprise\/offre-festivites-individuelles\/#breadcrumb"},"inLanguage":"fr-FR","potentialAction":[{"@type":"ReadAction","target":["https:\/\/www.linslerhof.de\/fr\/lieu-devenement-en-sarre\/evenements-dentreprise\/offre-festivites-individuelles\/"]}]},{"@type":"BreadcrumbList","@id":"https:\/\/www.linslerhof.de\/fr\/lieu-devenement-en-sarre\/evenements-dentreprise\/offre-festivites-individuelles\/#breadcrumb","itemListElement":[{"@type":"ListItem","position":1,"name":"Startseite","item":"https:\/\/www.linslerhof.de\/fr\/hotel-4-etoiles-en-sarre\/"},{"@type":"ListItem","position":2,"name":"Lieu d&#8217;\u00e9v\u00e9nement en Sarre","item":"https:\/\/www.linslerhof.de\/fr\/lieu-devenement-en-sarre\/"},{"@type":"ListItem","position":3,"name":"\u00c9v\u00e9nements d&rsquo;entreprise","item":"https:\/\/www.linslerhof.de\/fr\/lieu-devenement-en-sarre\/evenements-dentreprise\/"},{"@type":"ListItem","position":4,"name":"Offre festivit\u00e9s individuelles"}]},{"@type":"WebSite","@id":"https:\/\/www.linslerhof.de\/fr\/#website","url":"https:\/\/www.linslerhof.de\/fr\/","name":"Linslerhof","description":"Historischer Gutshof","publisher":{"@id":"https:\/\/www.linslerhof.de\/fr\/#organization"},"potentialAction":[{"@type":"SearchAction","target":{"@type":"EntryPoint","urlTemplate":"https:\/\/www.linslerhof.de\/fr\/?s={search_term_string}"},"query-input":{"@type":"PropertyValueSpecification","valueRequired":true,"valueName":"search_term_string"}}],"inLanguage":"fr-FR"},{"@type":"Organization","@id":"https:\/\/www.linslerhof.de\/fr\/#organization","name":"Linslerhof","url":"https:\/\/www.linslerhof.de\/fr\/","logo":{"@type":"ImageObject","inLanguage":"fr-FR","@id":"https:\/\/www.linslerhof.de\/fr\/#\/schema\/logo\/image\/","url":"https:\/\/www.linslerhof.de\/wp-content\/uploads\/2020\/12\/Logo_2020.png","contentUrl":"https:\/\/www.linslerhof.de\/wp-content\/uploads\/2020\/12\/Logo_2020.png","width":466,"height":300,"caption":"Linslerhof"},"image":{"@id":"https:\/\/www.linslerhof.de\/fr\/#\/schema\/logo\/image\/"},"sameAs":["https:\/\/www.facebook.com\/Linslerhof","https:\/\/www.instagram.com\/linslerhof\/"]}]}},"_links":{"self":[{"href":"https:\/\/www.linslerhof.de\/fr\/wp-json\/wp\/v2\/pages\/33636","targetHints":{"allow":["GET"]}}],"collection":[{"href":"https:\/\/www.linslerhof.de\/fr\/wp-json\/wp\/v2\/pages"}],"about":[{"href":"https:\/\/www.linslerhof.de\/fr\/wp-json\/wp\/v2\/types\/page"}],"author":[{"embeddable":true,"href":"https:\/\/www.linslerhof.de\/fr\/wp-json\/wp\/v2\/users\/3"}],"replies":[{"embeddable":true,"href":"https:\/\/www.linslerhof.de\/fr\/wp-json\/wp\/v2\/comments?post=33636"}],"version-history":[{"count":15,"href":"https:\/\/www.linslerhof.de\/fr\/wp-json\/wp\/v2\/pages\/33636\/revisions"}],"predecessor-version":[{"id":47218,"href":"https:\/\/www.linslerhof.de\/fr\/wp-json\/wp\/v2\/pages\/33636\/revisions\/47218"}],"up":[{"embeddable":true,"href":"https:\/\/www.linslerhof.de\/fr\/wp-json\/wp\/v2\/pages\/33706"}],"wp:attachment":[{"href":"https:\/\/www.linslerhof.de\/fr\/wp-json\/wp\/v2\/media?parent=33636"}],"curies":[{"name":"wp","href":"https:\/\/api.w.org\/{rel}","templated":true}]}}