{"id":33684,"date":"2023-12-14T14:55:59","date_gmt":"2023-12-14T13:55:59","guid":{"rendered":"https:\/\/dev.linslerhof.de\/restaurant-en-sarre\/evenements-plaisir\/offre-cabane-barbecue\/"},"modified":"2025-12-18T15:45:38","modified_gmt":"2025-12-18T14:45:38","slug":"offre-cabane-barbecue","status":"publish","type":"page","link":"https:\/\/www.linslerhof.de\/fr\/restaurant-en-sarre\/evenements-plaisir\/offre-cabane-barbecue\/","title":{"rendered":"Offre cabane barbecue"},"content":{"rendered":"<section class=\"l-section wpb_row us_custom_8d4f5dab height_medium\"><div class=\"l-section-h i-cf\"><div class=\"g-cols vc_row via_flex valign_top type_boxes stacking_default\"><div class=\"vc_col-sm-12 wpb_column vc_column_container fs-page-header-area fs-landscape has_bg_color\"><div class=\"vc_column-inner us_custom_89c890dc\"><div class=\"wpb_wrapper\"><\/div><\/div><\/div><\/div><\/div><\/section><section class=\"l-section wpb_row us_custom_98b4ceb1 fs-section-reverse hide_on_mobiles height_medium\"><div class=\"l-section-h i-cf\"><div class=\"g-cols vc_row via_flex valign_top type_boxes stacking_default\" style=\"--additional-gap:10px;\"><div class=\"vc_col-sm-6 wpb_column vc_column_container has_bg_color\"><div class=\"vc_column-inner us_custom_94501421\"><div class=\"wpb_wrapper\"><div class=\"wpb_text_column us_custom_50cc7d67\"><div class=\"wpb_wrapper\"><h1><strong>Offre cabane barbecue<\/strong><\/h1>\n<h3>Romantisme du feu de camp pour petits groupes<\/h3>\n<p style=\"text-align: left;\">Cabane barbecue de 18 \u00e0 22 heures pour 6 \u00e0 10 personnes, grillades, bois de chauffage et un verre de champagne &#8211; 45,- \u20ac par personne<br \/>\n\u00c0 partir de 22 heures, nous facturons un suppl\u00e9ment de nuit de 180,- \u20ac par heure (uniquement sur demande).<\/p>\n<\/div><\/div><div class=\"wpb_text_column us_custom_090aafef\"><div class=\"wpb_wrapper\"><h2>Demandez maintenant !<\/h2>\n<p><strong><a href=\"tel:+49683680766\">+49 (0)6836 &#8211; 807-66<\/a><\/strong><br \/>\n<strong><a href=\"mailto:bankett@linslerhof.de\">bankett@linslerhof.de<\/a><\/strong><\/p>\n<\/div><\/div><div class=\"wpb_text_column us_custom_69561aa4\"><div class=\"wpb_wrapper\"><p><a href=\"https:\/\/www.linslerhof.de\/fr\/restaurant-en-sarre\/evenements-plaisir\/\"><span style=\"color: #d74808;\"><strong>&gt;&gt;  RETOUR AUX \u00c9V\u00c9NEMENTS PLAISIR<\/strong><\/span><\/a><\/p>\n<\/div><\/div><\/div><\/div><\/div><div class=\"vc_col-sm-6 wpb_column vc_column_container  has_bg_color\"><div class=\"vc_column-inner us_custom_87010153 us_animate_this\"><div class=\"wpb_wrapper\"><div class=\"wpb_text_column us_custom_50cc7d67\"><div class=\"wpb_wrapper\"><h3>Votre exp\u00e9rience barbecue au Linslerhof dans notre confortable cabane \u00e0 barbecue.<\/h3>\n<p>Que ce soit pour une petite f\u00eate de famille ou un barbecue d\u00e9contract\u00e9 entre amis. Notre cabane \u00e0 barbecue peut accueillir de 6 \u00e0 10 personnes. Nous mettons \u00e0 votre disposition tout ce dont vous avez besoin pour les grillades. Les boissons peuvent \u00eatre command\u00e9es sur place \u00e0 la carte. Si vous avez d&rsquo;autres souhaits, nous sommes toujours \u00e0 votre disposition.Lors de votre \u00e9v\u00e9nement, un feu flambant, du bois de chauffage suppl\u00e9mentaire (h\u00eatre) \u00e0 alimenter ainsi que notre menu sp\u00e9cial vous attendent.<\/p>\n<h3>Menu sp\u00e9cial \u00ab\u00a0Cabane \u00e0 grillades<\/h3>\n<p>Nous vous accueillons volontiers avec un verre de vin mousseux dans notre Biergarten. Nous vous proposons en outre des tartes flamb\u00e9es maison en entr\u00e9e.<br \/>\n***<br \/>\n<strong>Pour les grillades :<\/strong> Bi\u00e8re et poulet de la ferme, saucisses blanches et merguez, steaks de b\u0153uf Angus et crevettes marin\u00e9es aux herbes, accompagn\u00e9s de l\u00e9gumes grill\u00e9s, de pommes de terre au romarin et de fromage Halloumi.<br \/>\n<strong>Dips :<\/strong> BBQ, salsa, ketchup, moutarde, a\u00efoli et Sweet Chili<br \/>\n***<br \/>\nVariation de desserts \u00ab\u00a0Linslerhof<\/p>\n<\/div><\/div><\/div><\/div><\/div><\/div><\/div><\/section><section class=\"l-section wpb_row us_custom_98b4ceb1 fs-section-reverse hide_on_default hide_on_laptops hide_on_tablets height_medium\"><div class=\"l-section-h i-cf\"><div class=\"g-cols vc_row via_flex valign_middle type_boxes stacking_default\" style=\"--additional-gap:10px;\"><div class=\"vc_col-sm-12 wpb_column vc_column_container has_bg_color\"><div class=\"vc_column-inner us_custom_94501421\"><div class=\"wpb_wrapper\"><div class=\"wpb_text_column us_custom_50cc7d67\"><div class=\"wpb_wrapper\"><h1><strong>Offre cabane barbecue<\/strong><\/h1>\n<h3>Romantisme du feu de camp pour petits groupes<\/h3>\n<p style=\"text-align: left;\">Barbecue de 18 \u00e0 22 heures, grillades, bois de chauffage et un verre de champagne &#8211; 45,- \u20ac par personne<br \/>\n\u00c0 partir de 22 heures, nous facturons un suppl\u00e9ment de nuit de 180,- \u20ac par heure (uniquement sur demande).<\/p>\n<\/div><\/div><div class=\"wpb_text_column us_custom_090aafef\"><div class=\"wpb_wrapper\"><h2>Demandez maintenant !<\/h2>\n<p><strong><a href=\"tel:+49683680766\">+49 (0)6836 &#8211; 807-66<\/a><\/strong><br \/>\n<strong><a href=\"mailto:bankett@linslerhof.de\">bankett@linslerhof.de<\/a><\/strong><\/p>\n<\/div><\/div><div class=\"w-separator size_small with_line width_default thick_1 style_solid color_border align_center\"><div class=\"w-separator-h\"><\/div><\/div><div class=\"wpb_text_column us_custom_50cc7d67\"><div class=\"wpb_wrapper\"><h3>Votre exp\u00e9rience barbecue au Linslerhof dans notre confortable cabane \u00e0 barbecue.<\/h3>\n<p>Que ce soit pour une petite f\u00eate de famille ou un barbecue d\u00e9contract\u00e9 entre amis. Notre cabane \u00e0 barbecue peut accueillir 8 \u00e0 10 personnes. Nous mettons \u00e0 votre disposition tout ce dont vous avez besoin pour les grillades. Les boissons peuvent \u00eatre command\u00e9es sur place \u00e0 la carte. Si vous avez d&rsquo;autres souhaits, nous sommes toujours \u00e0 votre disposition.Lors de votre \u00e9v\u00e9nement, un feu flambant, du bois de chauffage suppl\u00e9mentaire (h\u00eatre) \u00e0 rajouter ainsi que notre menu sp\u00e9cial vous attendent.<\/p>\n<h3>Menu sp\u00e9cial \u00ab\u00a0Cabane \u00e0 grillades<\/h3>\n<p>Nous vous accueillons volontiers avec un verre de vin mousseux dans notre Biergarten. Nous vous proposons en outre des tartes flamb\u00e9es maison en entr\u00e9e.<br \/>\n***<br \/>\n<strong>Pour les grillades :<\/strong> Steaks sarrois et brochettes de poulet, saucisses blanches et merguez, steaks de b\u0153uf Angus et filets de saumon, accompagn\u00e9s de l\u00e9gumes grill\u00e9s, de pommes de terre au romarin et de fromage grill\u00e9 Dips : BBQ, Salsa, Ketchup, Moutarde, Aioli et Sweet Chili<br \/>\n***<br \/>\nVariation de desserts \u00ab\u00a0Linslerhof<\/p>\n<\/div><\/div><div class=\"wpb_text_column us_custom_69561aa4\"><div class=\"wpb_wrapper\"><p><a href=\"https:\/\/www.linslerhof.de\/fr\/restaurant-en-sarre\/evenements-plaisir\/\"><span style=\"color: #d74808;\"><strong>&gt;&gt;  RETOUR AUX \u00c9V\u00c9NEMENTS PLAISIR<\/strong><\/span><\/a><\/p>\n<\/div><\/div><\/div><\/div><\/div><\/div><\/div><\/section>\n","protected":false},"excerpt":{"rendered":"Offre cabane barbecue Romantisme du feu de camp pour petits groupes Cabane barbecue de 18 \u00e0 22 heures pour 6 \u00e0 10 personnes, grillades, bois de chauffage et un verre de champagne &#8211; 45,- \u20ac par personne \u00c0 partir de 22 heures, nous facturons un suppl\u00e9ment de nuit de 180,- \u20ac par heure (uniquement sur...","protected":false},"author":3,"featured_media":0,"parent":33503,"menu_order":8,"comment_status":"closed","ping_status":"closed","template":"","meta":{"footnotes":""},"class_list":["post-33684","page","type-page","status-publish","hentry"],"yoast_head":"<!-- This site is optimized with the Yoast SEO plugin v27.5 - https:\/\/yoast.com\/product\/yoast-seo-wordpress\/ -->\n<title>Offre cabane barbecue | Linslerhof<\/title>\n<meta name=\"description\" content=\"Votre exp\u00e9rience barbecue au Linslerhof dans notre confortable cabane \u00e0 grillades pour jusqu&#039;\u00e0 10 personnes avec menu sp\u00e9cial. - R\u00c9SERVER MAINTENANT\" \/>\n<meta name=\"robots\" content=\"index, follow, max-snippet:-1, max-image-preview:large, max-video-preview:-1\" \/>\n<link rel=\"canonical\" href=\"https:\/\/www.linslerhof.de\/fr\/restaurant-en-sarre\/evenements-plaisir\/offre-cabane-barbecue\/\" \/>\n<meta property=\"og:locale\" content=\"fr_FR\" \/>\n<meta property=\"og:type\" content=\"article\" \/>\n<meta property=\"og:title\" content=\"Offre cabane barbecue | Linslerhof\" \/>\n<meta property=\"og:description\" content=\"Votre exp\u00e9rience barbecue au Linslerhof dans notre confortable cabane \u00e0 grillades pour jusqu&#039;\u00e0 10 personnes avec menu sp\u00e9cial. - R\u00c9SERVER MAINTENANT\" \/>\n<meta property=\"og:url\" content=\"https:\/\/www.linslerhof.de\/fr\/restaurant-en-sarre\/evenements-plaisir\/offre-cabane-barbecue\/\" \/>\n<meta property=\"og:site_name\" content=\"Linslerhof\" \/>\n<meta property=\"article:publisher\" content=\"https:\/\/www.facebook.com\/Linslerhof\" \/>\n<meta property=\"article:modified_time\" content=\"2025-12-18T14:45:38+00:00\" \/>\n<meta name=\"twitter:card\" content=\"summary_large_image\" \/>\n<meta name=\"twitter:label1\" content=\"Dur\u00e9e de lecture estim\u00e9e\" \/>\n\t<meta name=\"twitter:data1\" content=\"4 minutes\" \/>\n<script type=\"application\/ld+json\" class=\"yoast-schema-graph\">{\"@context\":\"https:\\\/\\\/schema.org\",\"@graph\":[{\"@type\":\"WebPage\",\"@id\":\"https:\\\/\\\/www.linslerhof.de\\\/fr\\\/restaurant-en-sarre\\\/evenements-plaisir\\\/offre-cabane-barbecue\\\/\",\"url\":\"https:\\\/\\\/www.linslerhof.de\\\/fr\\\/restaurant-en-sarre\\\/evenements-plaisir\\\/offre-cabane-barbecue\\\/\",\"name\":\"Offre cabane barbecue | Linslerhof\",\"isPartOf\":{\"@id\":\"https:\\\/\\\/www.linslerhof.de\\\/fr\\\/#website\"},\"datePublished\":\"2023-12-14T13:55:59+00:00\",\"dateModified\":\"2025-12-18T14:45:38+00:00\",\"description\":\"Votre exp\u00e9rience barbecue au Linslerhof dans notre confortable cabane \u00e0 grillades pour jusqu'\u00e0 10 personnes avec menu sp\u00e9cial. - R\u00c9SERVER MAINTENANT\",\"breadcrumb\":{\"@id\":\"https:\\\/\\\/www.linslerhof.de\\\/fr\\\/restaurant-en-sarre\\\/evenements-plaisir\\\/offre-cabane-barbecue\\\/#breadcrumb\"},\"inLanguage\":\"fr-FR\",\"potentialAction\":[{\"@type\":\"ReadAction\",\"target\":[\"https:\\\/\\\/www.linslerhof.de\\\/fr\\\/restaurant-en-sarre\\\/evenements-plaisir\\\/offre-cabane-barbecue\\\/\"]}]},{\"@type\":\"BreadcrumbList\",\"@id\":\"https:\\\/\\\/www.linslerhof.de\\\/fr\\\/restaurant-en-sarre\\\/evenements-plaisir\\\/offre-cabane-barbecue\\\/#breadcrumb\",\"itemListElement\":[{\"@type\":\"ListItem\",\"position\":1,\"name\":\"Startseite\",\"item\":\"https:\\\/\\\/www.linslerhof.de\\\/fr\\\/hotel-4-etoiles-en-sarre\\\/\"},{\"@type\":\"ListItem\",\"position\":2,\"name\":\"Restaurant en Sarre\",\"item\":\"https:\\\/\\\/www.linslerhof.de\\\/fr\\\/restaurant-en-sarre\\\/\"},{\"@type\":\"ListItem\",\"position\":3,\"name\":\"\u00c9v\u00e9nements plaisir\",\"item\":\"https:\\\/\\\/www.linslerhof.de\\\/fr\\\/restaurant-en-sarre\\\/evenements-plaisir\\\/\"},{\"@type\":\"ListItem\",\"position\":4,\"name\":\"Offre cabane barbecue\"}]},{\"@type\":\"WebSite\",\"@id\":\"https:\\\/\\\/www.linslerhof.de\\\/fr\\\/#website\",\"url\":\"https:\\\/\\\/www.linslerhof.de\\\/fr\\\/\",\"name\":\"Linslerhof\",\"description\":\"Historischer Gutshof\",\"publisher\":{\"@id\":\"https:\\\/\\\/www.linslerhof.de\\\/fr\\\/#organization\"},\"potentialAction\":[{\"@type\":\"SearchAction\",\"target\":{\"@type\":\"EntryPoint\",\"urlTemplate\":\"https:\\\/\\\/www.linslerhof.de\\\/fr\\\/?s={search_term_string}\"},\"query-input\":{\"@type\":\"PropertyValueSpecification\",\"valueRequired\":true,\"valueName\":\"search_term_string\"}}],\"inLanguage\":\"fr-FR\"},{\"@type\":\"Organization\",\"@id\":\"https:\\\/\\\/www.linslerhof.de\\\/fr\\\/#organization\",\"name\":\"Linslerhof\",\"url\":\"https:\\\/\\\/www.linslerhof.de\\\/fr\\\/\",\"logo\":{\"@type\":\"ImageObject\",\"inLanguage\":\"fr-FR\",\"@id\":\"https:\\\/\\\/www.linslerhof.de\\\/fr\\\/#\\\/schema\\\/logo\\\/image\\\/\",\"url\":\"https:\\\/\\\/www.linslerhof.de\\\/wp-content\\\/uploads\\\/2020\\\/12\\\/Logo_2020.png\",\"contentUrl\":\"https:\\\/\\\/www.linslerhof.de\\\/wp-content\\\/uploads\\\/2020\\\/12\\\/Logo_2020.png\",\"width\":466,\"height\":300,\"caption\":\"Linslerhof\"},\"image\":{\"@id\":\"https:\\\/\\\/www.linslerhof.de\\\/fr\\\/#\\\/schema\\\/logo\\\/image\\\/\"},\"sameAs\":[\"https:\\\/\\\/www.facebook.com\\\/Linslerhof\",\"https:\\\/\\\/www.instagram.com\\\/linslerhof\\\/\"]}]}<\/script>\n<!-- \/ Yoast SEO plugin. -->","yoast_head_json":{"title":"Offre cabane barbecue | Linslerhof","description":"Votre exp\u00e9rience barbecue au Linslerhof dans notre confortable cabane \u00e0 grillades pour jusqu'\u00e0 10 personnes avec menu sp\u00e9cial. - R\u00c9SERVER MAINTENANT","robots":{"index":"index","follow":"follow","max-snippet":"max-snippet:-1","max-image-preview":"max-image-preview:large","max-video-preview":"max-video-preview:-1"},"canonical":"https:\/\/www.linslerhof.de\/fr\/restaurant-en-sarre\/evenements-plaisir\/offre-cabane-barbecue\/","og_locale":"fr_FR","og_type":"article","og_title":"Offre cabane barbecue | Linslerhof","og_description":"Votre exp\u00e9rience barbecue au Linslerhof dans notre confortable cabane \u00e0 grillades pour jusqu'\u00e0 10 personnes avec menu sp\u00e9cial. - R\u00c9SERVER MAINTENANT","og_url":"https:\/\/www.linslerhof.de\/fr\/restaurant-en-sarre\/evenements-plaisir\/offre-cabane-barbecue\/","og_site_name":"Linslerhof","article_publisher":"https:\/\/www.facebook.com\/Linslerhof","article_modified_time":"2025-12-18T14:45:38+00:00","twitter_card":"summary_large_image","twitter_misc":{"Dur\u00e9e de lecture estim\u00e9e":"4 minutes"},"schema":{"@context":"https:\/\/schema.org","@graph":[{"@type":"WebPage","@id":"https:\/\/www.linslerhof.de\/fr\/restaurant-en-sarre\/evenements-plaisir\/offre-cabane-barbecue\/","url":"https:\/\/www.linslerhof.de\/fr\/restaurant-en-sarre\/evenements-plaisir\/offre-cabane-barbecue\/","name":"Offre cabane barbecue | Linslerhof","isPartOf":{"@id":"https:\/\/www.linslerhof.de\/fr\/#website"},"datePublished":"2023-12-14T13:55:59+00:00","dateModified":"2025-12-18T14:45:38+00:00","description":"Votre exp\u00e9rience barbecue au Linslerhof dans notre confortable cabane \u00e0 grillades pour jusqu'\u00e0 10 personnes avec menu sp\u00e9cial. - R\u00c9SERVER MAINTENANT","breadcrumb":{"@id":"https:\/\/www.linslerhof.de\/fr\/restaurant-en-sarre\/evenements-plaisir\/offre-cabane-barbecue\/#breadcrumb"},"inLanguage":"fr-FR","potentialAction":[{"@type":"ReadAction","target":["https:\/\/www.linslerhof.de\/fr\/restaurant-en-sarre\/evenements-plaisir\/offre-cabane-barbecue\/"]}]},{"@type":"BreadcrumbList","@id":"https:\/\/www.linslerhof.de\/fr\/restaurant-en-sarre\/evenements-plaisir\/offre-cabane-barbecue\/#breadcrumb","itemListElement":[{"@type":"ListItem","position":1,"name":"Startseite","item":"https:\/\/www.linslerhof.de\/fr\/hotel-4-etoiles-en-sarre\/"},{"@type":"ListItem","position":2,"name":"Restaurant en Sarre","item":"https:\/\/www.linslerhof.de\/fr\/restaurant-en-sarre\/"},{"@type":"ListItem","position":3,"name":"\u00c9v\u00e9nements plaisir","item":"https:\/\/www.linslerhof.de\/fr\/restaurant-en-sarre\/evenements-plaisir\/"},{"@type":"ListItem","position":4,"name":"Offre cabane barbecue"}]},{"@type":"WebSite","@id":"https:\/\/www.linslerhof.de\/fr\/#website","url":"https:\/\/www.linslerhof.de\/fr\/","name":"Linslerhof","description":"Historischer Gutshof","publisher":{"@id":"https:\/\/www.linslerhof.de\/fr\/#organization"},"potentialAction":[{"@type":"SearchAction","target":{"@type":"EntryPoint","urlTemplate":"https:\/\/www.linslerhof.de\/fr\/?s={search_term_string}"},"query-input":{"@type":"PropertyValueSpecification","valueRequired":true,"valueName":"search_term_string"}}],"inLanguage":"fr-FR"},{"@type":"Organization","@id":"https:\/\/www.linslerhof.de\/fr\/#organization","name":"Linslerhof","url":"https:\/\/www.linslerhof.de\/fr\/","logo":{"@type":"ImageObject","inLanguage":"fr-FR","@id":"https:\/\/www.linslerhof.de\/fr\/#\/schema\/logo\/image\/","url":"https:\/\/www.linslerhof.de\/wp-content\/uploads\/2020\/12\/Logo_2020.png","contentUrl":"https:\/\/www.linslerhof.de\/wp-content\/uploads\/2020\/12\/Logo_2020.png","width":466,"height":300,"caption":"Linslerhof"},"image":{"@id":"https:\/\/www.linslerhof.de\/fr\/#\/schema\/logo\/image\/"},"sameAs":["https:\/\/www.facebook.com\/Linslerhof","https:\/\/www.instagram.com\/linslerhof\/"]}]}},"_links":{"self":[{"href":"https:\/\/www.linslerhof.de\/fr\/wp-json\/wp\/v2\/pages\/33684","targetHints":{"allow":["GET"]}}],"collection":[{"href":"https:\/\/www.linslerhof.de\/fr\/wp-json\/wp\/v2\/pages"}],"about":[{"href":"https:\/\/www.linslerhof.de\/fr\/wp-json\/wp\/v2\/types\/page"}],"author":[{"embeddable":true,"href":"https:\/\/www.linslerhof.de\/fr\/wp-json\/wp\/v2\/users\/3"}],"replies":[{"embeddable":true,"href":"https:\/\/www.linslerhof.de\/fr\/wp-json\/wp\/v2\/comments?post=33684"}],"version-history":[{"count":28,"href":"https:\/\/www.linslerhof.de\/fr\/wp-json\/wp\/v2\/pages\/33684\/revisions"}],"predecessor-version":[{"id":46788,"href":"https:\/\/www.linslerhof.de\/fr\/wp-json\/wp\/v2\/pages\/33684\/revisions\/46788"}],"up":[{"embeddable":true,"href":"https:\/\/www.linslerhof.de\/fr\/wp-json\/wp\/v2\/pages\/33503"}],"wp:attachment":[{"href":"https:\/\/www.linslerhof.de\/fr\/wp-json\/wp\/v2\/media?parent=33684"}],"curies":[{"name":"wp","href":"https:\/\/api.w.org\/{rel}","templated":true}]}}