{"id":33690,"date":"2023-12-15T22:54:20","date_gmt":"2023-12-15T21:54:20","guid":{"rendered":"https:\/\/dev.linslerhof.de\/reunions\/salles-de-reunion\/salle-de-reunion-graf-von-saarbruecken\/"},"modified":"2026-01-22T10:54:21","modified_gmt":"2026-01-22T09:54:21","slug":"salle-de-reunion-graf-von-saarbruecken","status":"publish","type":"page","link":"https:\/\/www.linslerhof.de\/fr\/reunions\/salles-de-reunion\/salle-de-reunion-graf-von-saarbruecken\/","title":{"rendered":"Salle de r\u00e9union Graf von Saarbr\u00fccken"},"content":{"rendered":"<section class=\"l-section wpb_row us_custom_1abdb309 fs-section-reverse hide_on_tablets hide_on_mobiles height_medium\"><div class=\"l-section-h i-cf\"><div class=\"g-cols vc_row via_flex valign_middle type_boxes stacking_default\" style=\"--additional-gap:10px;\"><div class=\"vc_col-sm-6 wpb_column vc_column_container  has_bg_color\"><div class=\"vc_column-inner us_custom_014dbd8b us_animate_this\"><div class=\"wpb_wrapper\"><\/div><\/div><\/div><div class=\"vc_col-sm-6 wpb_column vc_column_container has_bg_color\"><div class=\"vc_column-inner us_custom_94501421\"><div class=\"wpb_wrapper\"><div class=\"wpb_text_column us_custom_50cc7d67\"><div class=\"wpb_wrapper\"><h2 style=\"text-align: left;\"><strong>Comte de Sarrebruck<\/strong><\/h2>\n<h3 style=\"text-align: left;\">Salle de s\u00e9minaire pour jusqu&rsquo;\u00e0 50 personnes &#8211; 60qm<\/h3>\n<p style=\"text-align: left;\">Cette salle de r\u00e9union de taille moyenne, pouvant accueillir jusqu&rsquo;\u00e0 50 personnes, se distingue par sa grande baie vitr\u00e9e baign\u00e9e de soleil, sa vue d\u00e9gag\u00e9e et son acc\u00e8s direct \u00e0 la vaste pelouse de l&rsquo;h\u00f4tel. Ici aussi, nous pouvons volontiers mettre \u00e0 disposition vos pauses caf\u00e9 \u00e0 l&rsquo;ext\u00e9rieur, dans la verdure.<\/p>\n<table class=\"fs-table-bestuhlung\" style=\"border-collapse: collapse; width: 100%;\" border=\"1\">\n<thead>\n<tr style=\"height: 24px;\">\n<td style=\"width: 33.3333%; text-align: center; height: 24px;\">Disposition des si\u00e8ges<\/td>\n<td style=\"width: 33.3333%; text-align: center; height: 24px;\"><\/td>\n<td style=\"width: 33.3333%; text-align: center; height: 24px;\">Nombre maximum de personnes<\/td>\n<\/tr>\n<\/thead>\n<tbody>\n<tr style=\"height: 24px;\">\n<td style=\"width: 33.3333%; height: 24px; text-align: center;\">Forme en U<\/td>\n<td style=\"width: 33.3333%; height: 24px; text-align: center;\"><img decoding=\"async\" class=\"alignnone size-full wp-image-4914\" src=\"https:\/\/www.linslerhof.de\/wp-content\/uploads\/2018\/11\/bestuhlung-u-form.png\" alt=\"\" width=\"135\" height=\"160\" \/><\/td>\n<td style=\"width: 33.3333%; height: 24px; text-align: center;\">20<\/td>\n<\/tr>\n<tr style=\"height: 24px;\">\n<td style=\"width: 33.3333%; height: 24px; text-align: center;\">Bloc<\/td>\n<td style=\"width: 33.3333%; height: 24px; text-align: center;\"><img decoding=\"async\" class=\"alignnone size-full wp-image-4911\" src=\"https:\/\/www.linslerhof.de\/wp-content\/uploads\/2018\/11\/bestuhlung-block.png\" alt=\"\" width=\"137\" height=\"89\" \/><\/td>\n<td style=\"width: 33.3333%; height: 24px; text-align: center;\">24<\/td>\n<\/tr>\n<tr style=\"height: 24px;\">\n<td style=\"width: 33.3333%; height: 24px; text-align: center;\">Parlementaire<\/td>\n<td style=\"width: 33.3333%; height: 24px; text-align: center;\"><img decoding=\"async\" class=\"alignnone size-full wp-image-4912\" src=\"https:\/\/www.linslerhof.de\/wp-content\/uploads\/2018\/11\/bestuhlung-parlamentarisch.png\" alt=\"\" width=\"141\" height=\"153\" \/><\/td>\n<td style=\"width: 33.3333%; height: 24px; text-align: center;\">30<\/td>\n<\/tr>\n<tr style=\"height: 24px;\">\n<td style=\"width: 33.3333%; height: 24px; text-align: center;\">Th\u00e9\u00e2tre<\/td>\n<td style=\"width: 33.3333%; height: 24px; text-align: center;\"><img decoding=\"async\" class=\"alignnone size-full wp-image-4913\" src=\"https:\/\/www.linslerhof.de\/wp-content\/uploads\/2018\/11\/bestuhlung-theater.png\" alt=\"\" width=\"167\" height=\"147\" \/><\/td>\n<td style=\"width: 33.3333%; height: 24px; text-align: center;\">50<\/td>\n<\/tr>\n<\/tbody>\n<\/table>\n<p style=\"text-align: left;\"><span style=\"color: #d74808;\"><br \/>\n<strong>Location journali\u00e8re<\/strong><br \/>\n<\/span> \u20ac 350,00<br \/>\n<span style=\"color: #d74808;\"><br \/>\n<strong>1\/2 journ\u00e9e de location<\/strong><br \/>\n<\/span> \u20ac 200,00<\/p>\n<p style=\"text-align: left;\">Tous les prix de location de salle et les forfaits comprennent notre \u00e9quipement standard : \u00e9cran, vid\u00e9oprojecteur, valise pour animateur, un flipchart et deux tableaux d&rsquo;affichage.<\/p>\n<\/div><\/div><div class=\" vc_custom_1769075635727 ubtn-ctn-left \"><a class=\"ubtn-link ult-adjust-bottom-margin ubtn-left ubtn-large \" href=\"https:\/\/www.linslerhof.de\/fr\/reunions\/demander-une-reunion\/\" title=\"demander une reunion\" ><button type=\"button\" id=\"ubtn-4617\"  class=\"ubtn ult-adjust-bottom-margin ult-responsive ubtn-large ubtn-no-hover-bg  ulta-push  ubtn-left   tooltip-69e60a22b09c7\"  data-hover=\"\" data-border-color=\"\" data-bg=\"#ea5b0b\" data-hover-bg=\"\" data-border-hover=\"\" data-shadow-hover=\"\" data-shadow-click=\"none\" data-shadow=\"\" data-shd-shadow=\"\"  data-ultimate-target='#ubtn-4617'  data-responsive-json-new='{\"font-size\":\"desktop:20px;\",\"line-height\":\"desktop:18px;\"}'  style=\"font-family:&#039;Open Sans Condensed&#039;;font-weight:normal;font-style:normal;border:none;background: #ea5b0b;color: #ffffff;\"><span class=\"ubtn-hover\" style=\"background-color:\"><\/span><span class=\"ubtn-data ubtn-text \" >DEMANDEZ MAINTENANT<\/span><\/button><\/a><\/div><div class=\"wpb_text_column us_custom_090aafef\"><div class=\"wpb_wrapper\"><p>Ou contactez-nous :<strong><br \/>\n<a href=\"tel:+4968368070\">+49 (0)6836 &#8211; 8070<\/a><\/strong><strong><br \/>\n<a href=\"mailto:tagung@linslerhof.de\">tagung@linslerhof.de<\/a><br \/>\n<\/strong><\/p>\n<\/div><\/div><div class=\"wpb_text_column us_custom_69561aa4\"><div class=\"wpb_wrapper\"><p><a href=\"https:\/\/www.linslerhof.de\/fr\/reunions\/\"><span style=\"color: #d74808;\"><strong>&gt;&gt; RETOUR \u00c0 L&rsquo;APER\u00c7U DES SALLES<\/strong><\/span><\/a><\/p>\n<\/div><\/div><\/div><\/div><\/div><\/div><\/div><\/section><section class=\"l-section wpb_row us_custom_1abdb309 fs-section-reverse hide_on_tablets hide_on_mobiles height_medium\"><div class=\"l-section-h i-cf\"><div class=\"g-cols vc_row via_flex valign_middle type_boxes stacking_default\" style=\"--additional-gap:10px;\"><div class=\"vc_col-sm-12 wpb_column vc_column_container  has_bg_color\"><div class=\"vc_column-inner us_custom_936e777e us_animate_this\"><div class=\"wpb_wrapper\"><div class=\"wpb_text_column us_custom_50cc7d67\"><div class=\"wpb_wrapper\"><h2 style=\"text-align: center;\"><strong>PRINCIPE<\/strong><\/h2>\n<\/div><\/div><div class=\"w-image align_center\"><div class=\"w-image-h\"><img decoding=\"async\" width=\"600\" height=\"800\" src=\"https:\/\/www.linslerhof.de\/wp-content\/uploads\/2024\/10\/Masse-Graf-von-Saarbruecken-klein.jpg\" class=\"attachment-large size-large\" alt=\"Grundriss des Tagungsraums Graf von Saarbr\u00fccken\" loading=\"lazy\" srcset=\"https:\/\/www.linslerhof.de\/wp-content\/uploads\/2024\/10\/Masse-Graf-von-Saarbruecken-klein.jpg 600w, https:\/\/www.linslerhof.de\/wp-content\/uploads\/2024\/10\/Masse-Graf-von-Saarbruecken-klein-225x300.jpg 225w\" sizes=\"auto, (max-width: 600px) 100vw, 600px\" \/><\/div><\/div><\/div><\/div><\/div><\/div><\/div><\/section><section class=\"l-section wpb_row us_custom_1abdb309 fs-section-reverse hide_on_default hide_on_laptops height_medium\"><div class=\"l-section-h i-cf\"><div class=\"g-cols vc_row via_flex valign_middle type_boxes reversed stacking_default\" style=\"--additional-gap:10px;\"><div class=\"vc_col-sm-6 wpb_column vc_column_container  has_bg_color\"><div class=\"vc_column-inner us_custom_014dbd8b us_animate_this\"><div class=\"wpb_wrapper\"><\/div><\/div><\/div><div class=\"vc_col-sm-6 wpb_column vc_column_container has_bg_color\"><div class=\"vc_column-inner us_custom_94501421\"><div class=\"wpb_wrapper\"><div class=\"wpb_text_column us_custom_50cc7d67\"><div class=\"wpb_wrapper\"><h2 style=\"text-align: left;\"><strong>Comte de Sarrebruck<\/strong><\/h2>\n<h3 style=\"text-align: left;\">Salle de s\u00e9minaire pour jusqu&rsquo;\u00e0 50 personnes &#8211; 60qm<\/h3>\n<p style=\"text-align: left;\">Cette salle de r\u00e9union de taille moyenne, pouvant accueillir jusqu&rsquo;\u00e0 50 personnes, se distingue par sa grande baie vitr\u00e9e baign\u00e9e de soleil, sa vue d\u00e9gag\u00e9e et son acc\u00e8s direct \u00e0 la vaste pelouse de l&rsquo;h\u00f4tel. Ici aussi, nous pouvons volontiers mettre \u00e0 disposition vos pauses caf\u00e9 \u00e0 l&rsquo;ext\u00e9rieur, dans la verdure.<\/p>\n<table class=\"fs-table-bestuhlung\" style=\"border-collapse: collapse; width: 100%;\" border=\"1\">\n<thead>\n<tr style=\"height: 24px;\">\n<td style=\"width: 33.3333%; text-align: center; height: 24px;\">Disposition des si\u00e8ges<\/td>\n<td style=\"width: 33.3333%; text-align: center; height: 24px;\"><\/td>\n<td style=\"width: 33.3333%; text-align: center; height: 24px;\">Nombre maximum de personnes<\/td>\n<\/tr>\n<\/thead>\n<tbody>\n<tr style=\"height: 24px;\">\n<td style=\"width: 33.3333%; height: 24px; text-align: center;\">Forme en U<\/td>\n<td style=\"width: 33.3333%; height: 24px; text-align: center;\"><img decoding=\"async\" class=\"alignnone size-full wp-image-4914\" src=\"https:\/\/www.linslerhof.de\/wp-content\/uploads\/2018\/11\/bestuhlung-u-form.png\" alt=\"\" width=\"135\" height=\"160\" \/><\/td>\n<td style=\"width: 33.3333%; height: 24px; text-align: center;\">20<\/td>\n<\/tr>\n<tr style=\"height: 24px;\">\n<td style=\"width: 33.3333%; height: 24px; text-align: center;\">Bloc<\/td>\n<td style=\"width: 33.3333%; height: 24px; text-align: center;\"><img decoding=\"async\" class=\"alignnone size-full wp-image-4911\" src=\"https:\/\/www.linslerhof.de\/wp-content\/uploads\/2018\/11\/bestuhlung-block.png\" alt=\"\" width=\"137\" height=\"89\" \/><\/td>\n<td style=\"width: 33.3333%; height: 24px; text-align: center;\">24<\/td>\n<\/tr>\n<tr style=\"height: 24px;\">\n<td style=\"width: 33.3333%; height: 24px; text-align: center;\">Parlementaire<\/td>\n<td style=\"width: 33.3333%; height: 24px; text-align: center;\"><img decoding=\"async\" class=\"alignnone size-full wp-image-4912\" src=\"https:\/\/www.linslerhof.de\/wp-content\/uploads\/2018\/11\/bestuhlung-parlamentarisch.png\" alt=\"\" width=\"141\" height=\"153\" \/><\/td>\n<td style=\"width: 33.3333%; height: 24px; text-align: center;\">30<\/td>\n<\/tr>\n<tr style=\"height: 24px;\">\n<td style=\"width: 33.3333%; height: 24px; text-align: center;\">Th\u00e9\u00e2tre<\/td>\n<td style=\"width: 33.3333%; height: 24px; text-align: center;\"><img decoding=\"async\" class=\"alignnone size-full wp-image-4913\" src=\"https:\/\/www.linslerhof.de\/wp-content\/uploads\/2018\/11\/bestuhlung-theater.png\" alt=\"\" width=\"167\" height=\"147\" \/><\/td>\n<td style=\"width: 33.3333%; height: 24px; text-align: center;\">50<\/td>\n<\/tr>\n<\/tbody>\n<\/table>\n<p style=\"text-align: left;\"><span style=\"color: #d74808;\"><br \/>\n<strong>Location journali\u00e8re<\/strong><br \/>\n<\/span> \u20ac 350,00<br \/>\n<span style=\"color: #d74808;\"><br \/>\n<strong>1\/2 journ\u00e9e de location<\/strong><br \/>\n<\/span> \u20ac 200,00<\/p>\n<p style=\"text-align: left;\">Tous les prix de location de salle et les forfaits comprennent notre \u00e9quipement standard : \u00e9cran, vid\u00e9oprojecteur, valise pour animateur, un flipchart et deux tableaux d&rsquo;affichage.<\/p>\n<\/div><\/div><div class=\" vc_custom_1769075654022 ubtn-ctn-left \"><a class=\"ubtn-link ult-adjust-bottom-margin ubtn-left ubtn-large \" href=\"https:\/\/www.linslerhof.de\/fr\/reunions\/demander-une-reunion\/\" title=\"demander une reunion\" ><button type=\"button\" id=\"ubtn-9757\"  class=\"ubtn ult-adjust-bottom-margin ult-responsive ubtn-large ubtn-no-hover-bg  ulta-push  ubtn-left   tooltip-69e60a22b2317\"  data-hover=\"\" data-border-color=\"\" data-bg=\"#ea5b0b\" data-hover-bg=\"\" data-border-hover=\"\" data-shadow-hover=\"\" data-shadow-click=\"none\" data-shadow=\"\" data-shd-shadow=\"\"  data-ultimate-target='#ubtn-9757'  data-responsive-json-new='{\"font-size\":\"desktop:20px;\",\"line-height\":\"desktop:18px;\"}'  style=\"font-family:&#039;Open Sans Condensed&#039;;font-weight:normal;font-style:normal;border:none;background: #ea5b0b;color: #ffffff;\"><span class=\"ubtn-hover\" style=\"background-color:\"><\/span><span class=\"ubtn-data ubtn-text \" >DEMANDEZ MAINTENANT<\/span><\/button><\/a><\/div><div class=\"wpb_text_column us_custom_090aafef\"><div class=\"wpb_wrapper\"><p>Ou contactez-nous :<strong><br \/>\n<a href=\"tel:+4968368070\">+49 (0)6836 &#8211; 8070<\/a><\/strong><strong><br \/>\n<a href=\"mailto:tagung@linslerhof.de\">tagung@linslerhof.de<\/a><br \/>\n<\/strong><\/p>\n<\/div><\/div><div class=\"wpb_text_column us_custom_69561aa4\"><div class=\"wpb_wrapper\"><p><a href=\"https:\/\/www.linslerhof.de\/fr\/reunions\/\"><span style=\"color: #d74808;\"><strong>&gt;&gt; RETOUR \u00c0 L&rsquo;APER\u00c7U DES SALLES<\/strong><\/span><\/a><\/p>\n<\/div><\/div><div class=\"wpb_text_column us_custom_50cc7d67\"><div class=\"wpb_wrapper\"><h2 style=\"text-align: center;\"><strong>Plan d&rsquo;\u00e9tage<\/strong><\/h2>\n<\/div><\/div><div class=\"w-image align_center\"><div class=\"w-image-h\"><img decoding=\"async\" width=\"600\" height=\"800\" src=\"https:\/\/www.linslerhof.de\/wp-content\/uploads\/2024\/10\/Masse-Graf-von-Saarbruecken-klein.jpg\" class=\"attachment-large size-large\" alt=\"Grundriss des Tagungsraums Graf von Saarbr\u00fccken\" loading=\"lazy\" srcset=\"https:\/\/www.linslerhof.de\/wp-content\/uploads\/2024\/10\/Masse-Graf-von-Saarbruecken-klein.jpg 600w, https:\/\/www.linslerhof.de\/wp-content\/uploads\/2024\/10\/Masse-Graf-von-Saarbruecken-klein-225x300.jpg 225w\" sizes=\"auto, (max-width: 600px) 100vw, 600px\" \/><\/div><\/div><\/div><\/div><\/div><\/div><\/div><\/section>\n","protected":false},"excerpt":{"rendered":"Comte de Sarrebruck Salle de s\u00e9minaire pour jusqu&rsquo;\u00e0 50 personnes &#8211; 60qm Cette salle de r\u00e9union de taille moyenne, pouvant accueillir jusqu&rsquo;\u00e0 50 personnes, se distingue par sa grande baie vitr\u00e9e baign\u00e9e de soleil, sa vue d\u00e9gag\u00e9e et son acc\u00e8s direct \u00e0 la vaste pelouse de l&rsquo;h\u00f4tel. Ici aussi, nous pouvons volontiers mettre \u00e0 disposition...","protected":false},"author":3,"featured_media":0,"parent":33375,"menu_order":1,"comment_status":"closed","ping_status":"closed","template":"","meta":{"footnotes":""},"class_list":["post-33690","page","type-page","status-publish","hentry"],"yoast_head":"<!-- This site is optimized with the Yoast SEO plugin v27.4 - https:\/\/yoast.com\/product\/yoast-seo-wordpress\/ -->\n<title>Salle de r\u00e9union Graf von Saarbr\u00fccken | Linslerhof<\/title>\n<meta name=\"description\" content=\"Des r\u00e9unions efficaces et des s\u00e9minaires r\u00e9ussis au Linslerhof. Demandez maintenant !\" \/>\n<meta name=\"robots\" content=\"index, follow, max-snippet:-1, max-image-preview:large, max-video-preview:-1\" \/>\n<link rel=\"canonical\" href=\"https:\/\/www.linslerhof.de\/fr\/reunions\/salles-de-reunion\/salle-de-reunion-graf-von-saarbruecken\/\" \/>\n<meta property=\"og:locale\" content=\"fr_FR\" \/>\n<meta property=\"og:type\" content=\"article\" \/>\n<meta property=\"og:title\" content=\"Salle de r\u00e9union Graf von Saarbr\u00fccken | Linslerhof\" \/>\n<meta property=\"og:description\" content=\"Des r\u00e9unions efficaces et des s\u00e9minaires r\u00e9ussis au Linslerhof. Demandez maintenant !\" \/>\n<meta property=\"og:url\" content=\"https:\/\/www.linslerhof.de\/fr\/reunions\/salles-de-reunion\/salle-de-reunion-graf-von-saarbruecken\/\" \/>\n<meta property=\"og:site_name\" content=\"Linslerhof\" \/>\n<meta property=\"article:publisher\" content=\"https:\/\/www.facebook.com\/Linslerhof\" \/>\n<meta property=\"article:modified_time\" content=\"2026-01-22T09:54:21+00:00\" \/>\n<meta property=\"og:image\" content=\"https:\/\/www.linslerhof.de\/wp-content\/uploads\/2018\/11\/bestuhlung-u-form.png\" \/>\n\t<meta property=\"og:image:width\" content=\"135\" \/>\n\t<meta property=\"og:image:height\" content=\"160\" \/>\n\t<meta property=\"og:image:type\" content=\"image\/png\" \/>\n<meta name=\"twitter:card\" content=\"summary_large_image\" \/>\n<meta name=\"twitter:label1\" content=\"Dur\u00e9e de lecture estim\u00e9e\" \/>\n\t<meta name=\"twitter:data1\" content=\"4 minutes\" \/>\n<script type=\"application\/ld+json\" class=\"yoast-schema-graph\">{\"@context\":\"https:\\\/\\\/schema.org\",\"@graph\":[{\"@type\":\"WebPage\",\"@id\":\"https:\\\/\\\/www.linslerhof.de\\\/fr\\\/reunions\\\/salles-de-reunion\\\/salle-de-reunion-graf-von-saarbruecken\\\/\",\"url\":\"https:\\\/\\\/www.linslerhof.de\\\/fr\\\/reunions\\\/salles-de-reunion\\\/salle-de-reunion-graf-von-saarbruecken\\\/\",\"name\":\"Salle de r\u00e9union Graf von Saarbr\u00fccken | Linslerhof\",\"isPartOf\":{\"@id\":\"https:\\\/\\\/www.linslerhof.de\\\/fr\\\/#website\"},\"primaryImageOfPage\":{\"@id\":\"https:\\\/\\\/www.linslerhof.de\\\/fr\\\/reunions\\\/salles-de-reunion\\\/salle-de-reunion-graf-von-saarbruecken\\\/#primaryimage\"},\"image\":{\"@id\":\"https:\\\/\\\/www.linslerhof.de\\\/fr\\\/reunions\\\/salles-de-reunion\\\/salle-de-reunion-graf-von-saarbruecken\\\/#primaryimage\"},\"thumbnailUrl\":\"https:\\\/\\\/www.linslerhof.de\\\/wp-content\\\/uploads\\\/2018\\\/11\\\/bestuhlung-u-form.png\",\"datePublished\":\"2023-12-15T21:54:20+00:00\",\"dateModified\":\"2026-01-22T09:54:21+00:00\",\"description\":\"Des r\u00e9unions efficaces et des s\u00e9minaires r\u00e9ussis au Linslerhof. Demandez maintenant !\",\"breadcrumb\":{\"@id\":\"https:\\\/\\\/www.linslerhof.de\\\/fr\\\/reunions\\\/salles-de-reunion\\\/salle-de-reunion-graf-von-saarbruecken\\\/#breadcrumb\"},\"inLanguage\":\"fr-FR\",\"potentialAction\":[{\"@type\":\"ReadAction\",\"target\":[\"https:\\\/\\\/www.linslerhof.de\\\/fr\\\/reunions\\\/salles-de-reunion\\\/salle-de-reunion-graf-von-saarbruecken\\\/\"]}]},{\"@type\":\"ImageObject\",\"inLanguage\":\"fr-FR\",\"@id\":\"https:\\\/\\\/www.linslerhof.de\\\/fr\\\/reunions\\\/salles-de-reunion\\\/salle-de-reunion-graf-von-saarbruecken\\\/#primaryimage\",\"url\":\"https:\\\/\\\/www.linslerhof.de\\\/wp-content\\\/uploads\\\/2018\\\/11\\\/bestuhlung-u-form.png\",\"contentUrl\":\"https:\\\/\\\/www.linslerhof.de\\\/wp-content\\\/uploads\\\/2018\\\/11\\\/bestuhlung-u-form.png\"},{\"@type\":\"BreadcrumbList\",\"@id\":\"https:\\\/\\\/www.linslerhof.de\\\/fr\\\/reunions\\\/salles-de-reunion\\\/salle-de-reunion-graf-von-saarbruecken\\\/#breadcrumb\",\"itemListElement\":[{\"@type\":\"ListItem\",\"position\":1,\"name\":\"Startseite\",\"item\":\"https:\\\/\\\/www.linslerhof.de\\\/fr\\\/hotel-4-etoiles-en-sarre\\\/\"},{\"@type\":\"ListItem\",\"position\":2,\"name\":\"R\u00e9unions\",\"item\":\"https:\\\/\\\/www.linslerhof.de\\\/fr\\\/reunions\\\/\"},{\"@type\":\"ListItem\",\"position\":3,\"name\":\"Salles de r\u00e9union\",\"item\":\"https:\\\/\\\/www.linslerhof.de\\\/fr\\\/reunions\\\/salles-de-reunion\\\/\"},{\"@type\":\"ListItem\",\"position\":4,\"name\":\"Salle de r\u00e9union Graf von Saarbr\u00fccken\"}]},{\"@type\":\"WebSite\",\"@id\":\"https:\\\/\\\/www.linslerhof.de\\\/fr\\\/#website\",\"url\":\"https:\\\/\\\/www.linslerhof.de\\\/fr\\\/\",\"name\":\"Linslerhof\",\"description\":\"Historischer Gutshof\",\"publisher\":{\"@id\":\"https:\\\/\\\/www.linslerhof.de\\\/fr\\\/#organization\"},\"potentialAction\":[{\"@type\":\"SearchAction\",\"target\":{\"@type\":\"EntryPoint\",\"urlTemplate\":\"https:\\\/\\\/www.linslerhof.de\\\/fr\\\/?s={search_term_string}\"},\"query-input\":{\"@type\":\"PropertyValueSpecification\",\"valueRequired\":true,\"valueName\":\"search_term_string\"}}],\"inLanguage\":\"fr-FR\"},{\"@type\":\"Organization\",\"@id\":\"https:\\\/\\\/www.linslerhof.de\\\/fr\\\/#organization\",\"name\":\"Linslerhof\",\"url\":\"https:\\\/\\\/www.linslerhof.de\\\/fr\\\/\",\"logo\":{\"@type\":\"ImageObject\",\"inLanguage\":\"fr-FR\",\"@id\":\"https:\\\/\\\/www.linslerhof.de\\\/fr\\\/#\\\/schema\\\/logo\\\/image\\\/\",\"url\":\"https:\\\/\\\/www.linslerhof.de\\\/wp-content\\\/uploads\\\/2020\\\/12\\\/Logo_2020.png\",\"contentUrl\":\"https:\\\/\\\/www.linslerhof.de\\\/wp-content\\\/uploads\\\/2020\\\/12\\\/Logo_2020.png\",\"width\":466,\"height\":300,\"caption\":\"Linslerhof\"},\"image\":{\"@id\":\"https:\\\/\\\/www.linslerhof.de\\\/fr\\\/#\\\/schema\\\/logo\\\/image\\\/\"},\"sameAs\":[\"https:\\\/\\\/www.facebook.com\\\/Linslerhof\",\"https:\\\/\\\/www.instagram.com\\\/linslerhof\\\/\"]}]}<\/script>\n<!-- \/ Yoast SEO plugin. -->","yoast_head_json":{"title":"Salle de r\u00e9union Graf von Saarbr\u00fccken | Linslerhof","description":"Des r\u00e9unions efficaces et des s\u00e9minaires r\u00e9ussis au Linslerhof. Demandez maintenant !","robots":{"index":"index","follow":"follow","max-snippet":"max-snippet:-1","max-image-preview":"max-image-preview:large","max-video-preview":"max-video-preview:-1"},"canonical":"https:\/\/www.linslerhof.de\/fr\/reunions\/salles-de-reunion\/salle-de-reunion-graf-von-saarbruecken\/","og_locale":"fr_FR","og_type":"article","og_title":"Salle de r\u00e9union Graf von Saarbr\u00fccken | Linslerhof","og_description":"Des r\u00e9unions efficaces et des s\u00e9minaires r\u00e9ussis au Linslerhof. Demandez maintenant !","og_url":"https:\/\/www.linslerhof.de\/fr\/reunions\/salles-de-reunion\/salle-de-reunion-graf-von-saarbruecken\/","og_site_name":"Linslerhof","article_publisher":"https:\/\/www.facebook.com\/Linslerhof","article_modified_time":"2026-01-22T09:54:21+00:00","og_image":[{"width":135,"height":160,"url":"https:\/\/www.linslerhof.de\/wp-content\/uploads\/2018\/11\/bestuhlung-u-form.png","type":"image\/png"}],"twitter_card":"summary_large_image","twitter_misc":{"Dur\u00e9e de lecture estim\u00e9e":"4 minutes"},"schema":{"@context":"https:\/\/schema.org","@graph":[{"@type":"WebPage","@id":"https:\/\/www.linslerhof.de\/fr\/reunions\/salles-de-reunion\/salle-de-reunion-graf-von-saarbruecken\/","url":"https:\/\/www.linslerhof.de\/fr\/reunions\/salles-de-reunion\/salle-de-reunion-graf-von-saarbruecken\/","name":"Salle de r\u00e9union Graf von Saarbr\u00fccken | Linslerhof","isPartOf":{"@id":"https:\/\/www.linslerhof.de\/fr\/#website"},"primaryImageOfPage":{"@id":"https:\/\/www.linslerhof.de\/fr\/reunions\/salles-de-reunion\/salle-de-reunion-graf-von-saarbruecken\/#primaryimage"},"image":{"@id":"https:\/\/www.linslerhof.de\/fr\/reunions\/salles-de-reunion\/salle-de-reunion-graf-von-saarbruecken\/#primaryimage"},"thumbnailUrl":"https:\/\/www.linslerhof.de\/wp-content\/uploads\/2018\/11\/bestuhlung-u-form.png","datePublished":"2023-12-15T21:54:20+00:00","dateModified":"2026-01-22T09:54:21+00:00","description":"Des r\u00e9unions efficaces et des s\u00e9minaires r\u00e9ussis au Linslerhof. Demandez maintenant !","breadcrumb":{"@id":"https:\/\/www.linslerhof.de\/fr\/reunions\/salles-de-reunion\/salle-de-reunion-graf-von-saarbruecken\/#breadcrumb"},"inLanguage":"fr-FR","potentialAction":[{"@type":"ReadAction","target":["https:\/\/www.linslerhof.de\/fr\/reunions\/salles-de-reunion\/salle-de-reunion-graf-von-saarbruecken\/"]}]},{"@type":"ImageObject","inLanguage":"fr-FR","@id":"https:\/\/www.linslerhof.de\/fr\/reunions\/salles-de-reunion\/salle-de-reunion-graf-von-saarbruecken\/#primaryimage","url":"https:\/\/www.linslerhof.de\/wp-content\/uploads\/2018\/11\/bestuhlung-u-form.png","contentUrl":"https:\/\/www.linslerhof.de\/wp-content\/uploads\/2018\/11\/bestuhlung-u-form.png"},{"@type":"BreadcrumbList","@id":"https:\/\/www.linslerhof.de\/fr\/reunions\/salles-de-reunion\/salle-de-reunion-graf-von-saarbruecken\/#breadcrumb","itemListElement":[{"@type":"ListItem","position":1,"name":"Startseite","item":"https:\/\/www.linslerhof.de\/fr\/hotel-4-etoiles-en-sarre\/"},{"@type":"ListItem","position":2,"name":"R\u00e9unions","item":"https:\/\/www.linslerhof.de\/fr\/reunions\/"},{"@type":"ListItem","position":3,"name":"Salles de r\u00e9union","item":"https:\/\/www.linslerhof.de\/fr\/reunions\/salles-de-reunion\/"},{"@type":"ListItem","position":4,"name":"Salle de r\u00e9union Graf von Saarbr\u00fccken"}]},{"@type":"WebSite","@id":"https:\/\/www.linslerhof.de\/fr\/#website","url":"https:\/\/www.linslerhof.de\/fr\/","name":"Linslerhof","description":"Historischer Gutshof","publisher":{"@id":"https:\/\/www.linslerhof.de\/fr\/#organization"},"potentialAction":[{"@type":"SearchAction","target":{"@type":"EntryPoint","urlTemplate":"https:\/\/www.linslerhof.de\/fr\/?s={search_term_string}"},"query-input":{"@type":"PropertyValueSpecification","valueRequired":true,"valueName":"search_term_string"}}],"inLanguage":"fr-FR"},{"@type":"Organization","@id":"https:\/\/www.linslerhof.de\/fr\/#organization","name":"Linslerhof","url":"https:\/\/www.linslerhof.de\/fr\/","logo":{"@type":"ImageObject","inLanguage":"fr-FR","@id":"https:\/\/www.linslerhof.de\/fr\/#\/schema\/logo\/image\/","url":"https:\/\/www.linslerhof.de\/wp-content\/uploads\/2020\/12\/Logo_2020.png","contentUrl":"https:\/\/www.linslerhof.de\/wp-content\/uploads\/2020\/12\/Logo_2020.png","width":466,"height":300,"caption":"Linslerhof"},"image":{"@id":"https:\/\/www.linslerhof.de\/fr\/#\/schema\/logo\/image\/"},"sameAs":["https:\/\/www.facebook.com\/Linslerhof","https:\/\/www.instagram.com\/linslerhof\/"]}]}},"_links":{"self":[{"href":"https:\/\/www.linslerhof.de\/fr\/wp-json\/wp\/v2\/pages\/33690","targetHints":{"allow":["GET"]}}],"collection":[{"href":"https:\/\/www.linslerhof.de\/fr\/wp-json\/wp\/v2\/pages"}],"about":[{"href":"https:\/\/www.linslerhof.de\/fr\/wp-json\/wp\/v2\/types\/page"}],"author":[{"embeddable":true,"href":"https:\/\/www.linslerhof.de\/fr\/wp-json\/wp\/v2\/users\/3"}],"replies":[{"embeddable":true,"href":"https:\/\/www.linslerhof.de\/fr\/wp-json\/wp\/v2\/comments?post=33690"}],"version-history":[{"count":41,"href":"https:\/\/www.linslerhof.de\/fr\/wp-json\/wp\/v2\/pages\/33690\/revisions"}],"predecessor-version":[{"id":47195,"href":"https:\/\/www.linslerhof.de\/fr\/wp-json\/wp\/v2\/pages\/33690\/revisions\/47195"}],"up":[{"embeddable":true,"href":"https:\/\/www.linslerhof.de\/fr\/wp-json\/wp\/v2\/pages\/33375"}],"wp:attachment":[{"href":"https:\/\/www.linslerhof.de\/fr\/wp-json\/wp\/v2\/media?parent=33690"}],"curies":[{"name":"wp","href":"https:\/\/api.w.org\/{rel}","templated":true}]}}