{"id":33738,"date":"2024-01-12T14:47:26","date_gmt":"2024-01-12T13:47:26","guid":{"rendered":"https:\/\/dev.linslerhof.de\/equipe\/formation\/specialiste-en-gastronomie\/"},"modified":"2025-11-21T09:39:41","modified_gmt":"2025-11-21T08:39:41","slug":"specialiste-en-gastronomie","status":"publish","type":"page","link":"https:\/\/www.linslerhof.de\/fr\/equipe\/formation\/specialiste-en-gastronomie\/","title":{"rendered":"SP\u00c9CIALISTE EN GASTRONOMIE"},"content":{"rendered":"<section class=\"l-section wpb_row us_custom_98b4ceb1 fs-section-reverse height_medium\"><div class=\"l-section-h i-cf\"><div class=\"g-cols vc_row via_flex valign_middle type_boxes stacking_default\" style=\"--additional-gap:5px;\"><div class=\"vc_col-sm-6 wpb_column vc_column_container has_bg_color\"><div class=\"vc_column-inner us_custom_94501421\"><div class=\"wpb_wrapper\"><div class=\"wpb_text_column us_custom_50cc7d67\"><div class=\"wpb_wrapper\"><h1 style=\"text-align: left;\">SP\u00c9CIALISTE EN<strong> GASTRONOMIE<\/strong><\/h1>\n<h3>La passion du service<\/h3>\n<p>Es-tu pr\u00eat(e) \u00e0 suivre une formation qui te donnera les cl\u00e9s du monde passionnant de la gastronomie ? Alors, lance-toi d\u00e8s maintenant dans une carri\u00e8re pleine de plaisir, d&rsquo;hospitalit\u00e9 et de diversit\u00e9 !<\/p>\n<\/div><\/div><div class=\" vc_custom_1722426661357 ubtn-ctn-left \"><a class=\"ubtn-link ult-adjust-bottom-margin ubtn-left ubtn-large \" href=\"https:\/\/www.linslerhof.de\/team\/jetzt-bewerben\/\" title=\"Jetzt bewerben!\" ><button type=\"button\" id=\"ubtn-2505\"  class=\"ubtn ult-adjust-bottom-margin ult-responsive ubtn-large ubtn-no-hover-bg  ulta-push  ubtn-left   tooltip-6a05c272bd16f\"  data-hover=\"\" data-border-color=\"\" data-bg=\"#ea5b0b\" data-hover-bg=\"\" data-border-hover=\"\" data-shadow-hover=\"\" data-shadow-click=\"none\" data-shadow=\"\" data-shd-shadow=\"\"  data-ultimate-target='#ubtn-2505'  data-responsive-json-new='{\"font-size\":\"desktop:20px;\",\"line-height\":\"desktop:18px;\"}'  style=\"font-family:&#039;Open Sans Condensed&#039;;font-weight:normal;font-style:normal;border:none;background: #ea5b0b;color: #ffffff;\"><span class=\"ubtn-hover\" style=\"background-color:\"><\/span><span class=\"ubtn-data ubtn-text \" >POSTULEZ MAINTENANT !<\/span><\/button><\/a><\/div><div class=\"wpb_text_column us_custom_090aafef\"><div class=\"wpb_wrapper\"><p>Ou contactez directement Mme Monika Nimsgern :<br \/>\n\ud83d\udcde <strong><br \/>\n  <a href=\"tel:+4968368070\">+49 (0)6836 &#8211; 8070<\/a><br \/>\n<\/strong><br \/>\n\ud83d\udce7 <strong><br \/>\n  <a href=\"mailto:monika.nimsgern@linslerhof.de\">monika.nimsgern@linslerhof.de<\/a><br \/>\n<\/strong><\/p>\n<\/div><\/div><\/div><\/div><\/div><div class=\"vc_col-sm-6 wpb_column vc_column_container  has_bg_color\"><div class=\"vc_column-inner us_custom_ac48618b us_animate_this\"><div class=\"wpb_wrapper\"><\/div><\/div><\/div><\/div><\/div><\/section><section class=\"l-section wpb_row us_custom_98b4ceb1 fs-section-reverse height_medium\"><div class=\"l-section-h i-cf\"><div class=\"g-cols vc_row via_flex valign_top type_boxes reversed stacking_default\" style=\"--additional-gap:5px;\"><div class=\"vc_col-sm-6 wpb_column vc_column_container has_bg_color\"><div class=\"vc_column-inner us_custom_04b5345d\"><div class=\"wpb_wrapper\"><div class=\"wpb_text_column\"><div class=\"wpb_wrapper\"><h2><strong>\u00c0 propos de la formation<\/strong><\/h2>\n<p>Imagine que tu deviennes le visage et la voix de notre restaurant. En tant que sp\u00e9cialiste de la restauration, tu veilles \u00e0 ce que les clients ne se contentent pas de manger, mais profitent d&rsquo;une exp\u00e9rience parfaite \u00e0 tous les niveaux. Que ce soit au service, \u00e0 l&rsquo;accueil ou au bar, tu seras \u00e0 l&rsquo;aise dans de nombreux domaines de la restauration.<br \/>\nTu apprendras non seulement \u00e0 servir des plats et des boissons dans les r\u00e8gles de l&rsquo;art, mais aussi \u00e0 accueillir chaleureusement les clients et \u00e0 r\u00e9pondre \u00e0 leurs attentes. Avec le sourire aux l\u00e8vres et le sens de la qualit\u00e9 du service, tu feras de chaque visite une exp\u00e9rience inoubliable.<br \/>\nAlors, si tu r\u00eaves d&rsquo;enthousiasmer les gens par ton hospitalit\u00e9, si tu aimes travailler dans un environnement anim\u00e9 et en \u00e9quipe, la formation d&rsquo;agent de restauration est faite pour toi.<\/p>\n<\/div><\/div><\/div><\/div><\/div><div class=\"vc_col-sm-6 wpb_column vc_column_container  has_bg_color\"><div class=\"vc_column-inner us_custom_87010153 us_animate_this\"><div class=\"wpb_wrapper\"><div class=\"wpb_text_column\"><div class=\"wpb_wrapper\"><h2><strong>Ce que tu apprends<\/strong><\/h2>\n<ul>\n<li>Accueillir, encadrer et conseiller les clients<\/li>\n<li>Servir des repas et des boissons<\/li>\n<li>Produire et servir des boissons chaudes et froides<\/li>\n<li>Stockage<\/li>\n<li>Pr\u00e9paration et dressage de plats simples<\/li>\n<li>Pr\u00e9paration des salles de restaurant en fonction de l&rsquo;occasion et de la saison<\/li>\n<li>Promotion des ventes<\/li>\n<li>Utilisation de syst\u00e8mes de caisse et de paiement<\/li>\n<li>Durabilit\u00e9 et hygi\u00e8ne<\/li>\n<li>Travailler en \u00e9quipe<\/li>\n<\/ul>\n<\/div><\/div><\/div><\/div><\/div><\/div><\/div><\/section><section class=\"l-section wpb_row us_custom_98b4ceb1 fs-section-reverse height_medium\"><div class=\"l-section-h i-cf\"><div class=\"g-cols vc_row via_flex valign_top type_boxes reversed stacking_default\" style=\"--additional-gap:5px;\"><div class=\"vc_col-sm-6 wpb_column vc_column_container has_bg_color\"><div class=\"vc_column-inner us_custom_04b5345d\"><div class=\"wpb_wrapper\"><div class=\"wpb_text_column\"><div class=\"wpb_wrapper\"><h2><strong>Conditions g\u00e9n\u00e9rales<\/strong><\/h2>\n<p>Dur\u00e9e : 2 ans<br \/>\nFormation en entreprise et \u00e0 l&rsquo;\u00e9cole professionnelle<\/p>\n<h2><strong>Ce que tu apportes<\/strong><\/h2>\n<ul>\n<li>Ouverture et gentillesse<\/li>\n<li>Capacit\u00e9 \u00e0 travailler en \u00e9quipe<\/li>\n<li>Talent de communication et de vente<\/li>\n<li>Les langues \u00e9trang\u00e8res sont un avantage<\/li>\n<\/ul>\n<\/div><\/div><\/div><\/div><\/div><div class=\"vc_col-sm-6 wpb_column vc_column_container has_bg_color\"><div class=\"vc_column-inner us_custom_04b5345d\"><div class=\"wpb_wrapper\"><div class=\"wpb_text_column\"><div class=\"wpb_wrapper\"><h2><strong>Tu peux continuer ainsi<\/strong><\/h2>\n<p>Apr\u00e8s la formation, diff\u00e9rentes carri\u00e8res te seront ouvertes partout o\u00f9 l&rsquo;on propose de la nourriture et des boissons. Si vous souhaitez vous perfectionner, vous pouvez encore suivre une formation de sp\u00e9cialiste de la restauration et de l&rsquo;\u00e9v\u00e9nementiel<br \/>\ngastronomie ou travailler directement dans notre restaurant.<\/p>\n<\/div><\/div><div class=\"wpb_text_column\"><div class=\"wpb_wrapper\"><h2><a href=\"https:\/\/www.linslerhof.de\/fr\/equipe\/formation\/\"><span style=\"color: #d74808;\"><strong>&gt;&gt;  RETOUR \u00c0 LA PAGE DES APPRENTIS<\/strong><\/span><\/a><\/h2>\n<\/div><\/div><\/div><\/div><\/div><\/div><\/div><\/section>\n","protected":false},"excerpt":{"rendered":"SP\u00c9CIALISTE EN GASTRONOMIE La passion du service Es-tu pr\u00eat(e) \u00e0 suivre une formation qui te donnera les cl\u00e9s du monde passionnant de la gastronomie ? Alors, lance-toi d\u00e8s maintenant dans une carri\u00e8re pleine de plaisir, d&rsquo;hospitalit\u00e9 et de diversit\u00e9 ! POSTULEZ MAINTENANT !Ou contactez directement Mme Monika Nimsgern : \ud83d\udcde +49 (0)6836 &#8211; 8070 \ud83d\udce7...","protected":false},"author":3,"featured_media":0,"parent":33508,"menu_order":3,"comment_status":"closed","ping_status":"closed","template":"","meta":{"footnotes":""},"class_list":["post-33738","page","type-page","status-publish","hentry"],"yoast_head":"<!-- This site is optimized with the Yoast SEO plugin v27.6 - https:\/\/yoast.com\/product\/yoast-seo-wordpress\/ -->\n<title>SP\u00c9CIALISTE EN GASTRONOMIE | Linslerhof<\/title>\n<meta name=\"description\" content=\"ASSISTANT(E) RESTAURATEUR(E) *** Es-tu pr\u00eat(e) \u00e0 suivre une formation qui te donnera les cl\u00e9s du monde passionnant de la gastronomie ? Alors, lance-toi d\u00e8s maintenant dans une carri\u00e8re pleine de plaisir, d&#039;hospitalit\u00e9 et de diversit\u00e9 !\" \/>\n<meta name=\"robots\" content=\"index, follow, max-snippet:-1, max-image-preview:large, max-video-preview:-1\" \/>\n<link rel=\"canonical\" href=\"https:\/\/www.linslerhof.de\/fr\/equipe\/formation\/specialiste-en-gastronomie\/\" \/>\n<meta property=\"og:locale\" content=\"fr_FR\" \/>\n<meta property=\"og:type\" content=\"article\" \/>\n<meta property=\"og:title\" content=\"SP\u00c9CIALISTE EN GASTRONOMIE | Linslerhof\" \/>\n<meta property=\"og:description\" content=\"ASSISTANT(E) RESTAURATEUR(E) *** Es-tu pr\u00eat(e) \u00e0 suivre une formation qui te donnera les cl\u00e9s du monde passionnant de la gastronomie ? Alors, lance-toi d\u00e8s maintenant dans une carri\u00e8re pleine de plaisir, d&#039;hospitalit\u00e9 et de diversit\u00e9 !\" \/>\n<meta property=\"og:url\" content=\"https:\/\/www.linslerhof.de\/fr\/equipe\/formation\/specialiste-en-gastronomie\/\" \/>\n<meta property=\"og:site_name\" content=\"Linslerhof\" \/>\n<meta property=\"article:publisher\" content=\"https:\/\/www.facebook.com\/Linslerhof\" \/>\n<meta property=\"article:modified_time\" content=\"2025-11-21T08:39:41+00:00\" \/>\n<meta name=\"twitter:card\" content=\"summary_large_image\" \/>\n<meta name=\"twitter:label1\" content=\"Dur\u00e9e de lecture estim\u00e9e\" \/>\n\t<meta name=\"twitter:data1\" content=\"5 minutes\" \/>\n<script type=\"application\/ld+json\" class=\"yoast-schema-graph\">{\"@context\":\"https:\\\/\\\/schema.org\",\"@graph\":[{\"@type\":\"WebPage\",\"@id\":\"https:\\\/\\\/www.linslerhof.de\\\/fr\\\/equipe\\\/formation\\\/specialiste-en-gastronomie\\\/\",\"url\":\"https:\\\/\\\/www.linslerhof.de\\\/fr\\\/equipe\\\/formation\\\/specialiste-en-gastronomie\\\/\",\"name\":\"SP\u00c9CIALISTE EN GASTRONOMIE | Linslerhof\",\"isPartOf\":{\"@id\":\"https:\\\/\\\/www.linslerhof.de\\\/fr\\\/#website\"},\"datePublished\":\"2024-01-12T13:47:26+00:00\",\"dateModified\":\"2025-11-21T08:39:41+00:00\",\"description\":\"ASSISTANT(E) RESTAURATEUR(E) *** Es-tu pr\u00eat(e) \u00e0 suivre une formation qui te donnera les cl\u00e9s du monde passionnant de la gastronomie ? Alors, lance-toi d\u00e8s maintenant dans une carri\u00e8re pleine de plaisir, d'hospitalit\u00e9 et de diversit\u00e9 !\",\"breadcrumb\":{\"@id\":\"https:\\\/\\\/www.linslerhof.de\\\/fr\\\/equipe\\\/formation\\\/specialiste-en-gastronomie\\\/#breadcrumb\"},\"inLanguage\":\"fr-FR\",\"potentialAction\":[{\"@type\":\"ReadAction\",\"target\":[\"https:\\\/\\\/www.linslerhof.de\\\/fr\\\/equipe\\\/formation\\\/specialiste-en-gastronomie\\\/\"]}]},{\"@type\":\"BreadcrumbList\",\"@id\":\"https:\\\/\\\/www.linslerhof.de\\\/fr\\\/equipe\\\/formation\\\/specialiste-en-gastronomie\\\/#breadcrumb\",\"itemListElement\":[{\"@type\":\"ListItem\",\"position\":1,\"name\":\"Startseite\",\"item\":\"https:\\\/\\\/www.linslerhof.de\\\/fr\\\/hotel-4-etoiles-en-sarre\\\/\"},{\"@type\":\"ListItem\",\"position\":2,\"name\":\"\u00c9quipe\",\"item\":\"https:\\\/\\\/www.linslerhof.de\\\/fr\\\/equipe\\\/\"},{\"@type\":\"ListItem\",\"position\":3,\"name\":\"Formation\",\"item\":\"https:\\\/\\\/www.linslerhof.de\\\/fr\\\/equipe\\\/formation\\\/\"},{\"@type\":\"ListItem\",\"position\":4,\"name\":\"SP\u00c9CIALISTE EN GASTRONOMIE\"}]},{\"@type\":\"WebSite\",\"@id\":\"https:\\\/\\\/www.linslerhof.de\\\/fr\\\/#website\",\"url\":\"https:\\\/\\\/www.linslerhof.de\\\/fr\\\/\",\"name\":\"Linslerhof\",\"description\":\"Historischer Gutshof\",\"publisher\":{\"@id\":\"https:\\\/\\\/www.linslerhof.de\\\/fr\\\/#organization\"},\"potentialAction\":[{\"@type\":\"SearchAction\",\"target\":{\"@type\":\"EntryPoint\",\"urlTemplate\":\"https:\\\/\\\/www.linslerhof.de\\\/fr\\\/?s={search_term_string}\"},\"query-input\":{\"@type\":\"PropertyValueSpecification\",\"valueRequired\":true,\"valueName\":\"search_term_string\"}}],\"inLanguage\":\"fr-FR\"},{\"@type\":\"Organization\",\"@id\":\"https:\\\/\\\/www.linslerhof.de\\\/fr\\\/#organization\",\"name\":\"Linslerhof\",\"url\":\"https:\\\/\\\/www.linslerhof.de\\\/fr\\\/\",\"logo\":{\"@type\":\"ImageObject\",\"inLanguage\":\"fr-FR\",\"@id\":\"https:\\\/\\\/www.linslerhof.de\\\/fr\\\/#\\\/schema\\\/logo\\\/image\\\/\",\"url\":\"https:\\\/\\\/www.linslerhof.de\\\/wp-content\\\/uploads\\\/2020\\\/12\\\/Logo_2020.png\",\"contentUrl\":\"https:\\\/\\\/www.linslerhof.de\\\/wp-content\\\/uploads\\\/2020\\\/12\\\/Logo_2020.png\",\"width\":466,\"height\":300,\"caption\":\"Linslerhof\"},\"image\":{\"@id\":\"https:\\\/\\\/www.linslerhof.de\\\/fr\\\/#\\\/schema\\\/logo\\\/image\\\/\"},\"sameAs\":[\"https:\\\/\\\/www.facebook.com\\\/Linslerhof\",\"https:\\\/\\\/www.instagram.com\\\/linslerhof\\\/\"]}]}<\/script>\n<!-- \/ Yoast SEO plugin. -->","yoast_head_json":{"title":"SP\u00c9CIALISTE EN GASTRONOMIE | Linslerhof","description":"ASSISTANT(E) RESTAURATEUR(E) *** Es-tu pr\u00eat(e) \u00e0 suivre une formation qui te donnera les cl\u00e9s du monde passionnant de la gastronomie ? Alors, lance-toi d\u00e8s maintenant dans une carri\u00e8re pleine de plaisir, d'hospitalit\u00e9 et de diversit\u00e9 !","robots":{"index":"index","follow":"follow","max-snippet":"max-snippet:-1","max-image-preview":"max-image-preview:large","max-video-preview":"max-video-preview:-1"},"canonical":"https:\/\/www.linslerhof.de\/fr\/equipe\/formation\/specialiste-en-gastronomie\/","og_locale":"fr_FR","og_type":"article","og_title":"SP\u00c9CIALISTE EN GASTRONOMIE | Linslerhof","og_description":"ASSISTANT(E) RESTAURATEUR(E) *** Es-tu pr\u00eat(e) \u00e0 suivre une formation qui te donnera les cl\u00e9s du monde passionnant de la gastronomie ? Alors, lance-toi d\u00e8s maintenant dans une carri\u00e8re pleine de plaisir, d'hospitalit\u00e9 et de diversit\u00e9 !","og_url":"https:\/\/www.linslerhof.de\/fr\/equipe\/formation\/specialiste-en-gastronomie\/","og_site_name":"Linslerhof","article_publisher":"https:\/\/www.facebook.com\/Linslerhof","article_modified_time":"2025-11-21T08:39:41+00:00","twitter_card":"summary_large_image","twitter_misc":{"Dur\u00e9e de lecture estim\u00e9e":"5 minutes"},"schema":{"@context":"https:\/\/schema.org","@graph":[{"@type":"WebPage","@id":"https:\/\/www.linslerhof.de\/fr\/equipe\/formation\/specialiste-en-gastronomie\/","url":"https:\/\/www.linslerhof.de\/fr\/equipe\/formation\/specialiste-en-gastronomie\/","name":"SP\u00c9CIALISTE EN GASTRONOMIE | Linslerhof","isPartOf":{"@id":"https:\/\/www.linslerhof.de\/fr\/#website"},"datePublished":"2024-01-12T13:47:26+00:00","dateModified":"2025-11-21T08:39:41+00:00","description":"ASSISTANT(E) RESTAURATEUR(E) *** Es-tu pr\u00eat(e) \u00e0 suivre une formation qui te donnera les cl\u00e9s du monde passionnant de la gastronomie ? Alors, lance-toi d\u00e8s maintenant dans une carri\u00e8re pleine de plaisir, d'hospitalit\u00e9 et de diversit\u00e9 !","breadcrumb":{"@id":"https:\/\/www.linslerhof.de\/fr\/equipe\/formation\/specialiste-en-gastronomie\/#breadcrumb"},"inLanguage":"fr-FR","potentialAction":[{"@type":"ReadAction","target":["https:\/\/www.linslerhof.de\/fr\/equipe\/formation\/specialiste-en-gastronomie\/"]}]},{"@type":"BreadcrumbList","@id":"https:\/\/www.linslerhof.de\/fr\/equipe\/formation\/specialiste-en-gastronomie\/#breadcrumb","itemListElement":[{"@type":"ListItem","position":1,"name":"Startseite","item":"https:\/\/www.linslerhof.de\/fr\/hotel-4-etoiles-en-sarre\/"},{"@type":"ListItem","position":2,"name":"\u00c9quipe","item":"https:\/\/www.linslerhof.de\/fr\/equipe\/"},{"@type":"ListItem","position":3,"name":"Formation","item":"https:\/\/www.linslerhof.de\/fr\/equipe\/formation\/"},{"@type":"ListItem","position":4,"name":"SP\u00c9CIALISTE EN GASTRONOMIE"}]},{"@type":"WebSite","@id":"https:\/\/www.linslerhof.de\/fr\/#website","url":"https:\/\/www.linslerhof.de\/fr\/","name":"Linslerhof","description":"Historischer Gutshof","publisher":{"@id":"https:\/\/www.linslerhof.de\/fr\/#organization"},"potentialAction":[{"@type":"SearchAction","target":{"@type":"EntryPoint","urlTemplate":"https:\/\/www.linslerhof.de\/fr\/?s={search_term_string}"},"query-input":{"@type":"PropertyValueSpecification","valueRequired":true,"valueName":"search_term_string"}}],"inLanguage":"fr-FR"},{"@type":"Organization","@id":"https:\/\/www.linslerhof.de\/fr\/#organization","name":"Linslerhof","url":"https:\/\/www.linslerhof.de\/fr\/","logo":{"@type":"ImageObject","inLanguage":"fr-FR","@id":"https:\/\/www.linslerhof.de\/fr\/#\/schema\/logo\/image\/","url":"https:\/\/www.linslerhof.de\/wp-content\/uploads\/2020\/12\/Logo_2020.png","contentUrl":"https:\/\/www.linslerhof.de\/wp-content\/uploads\/2020\/12\/Logo_2020.png","width":466,"height":300,"caption":"Linslerhof"},"image":{"@id":"https:\/\/www.linslerhof.de\/fr\/#\/schema\/logo\/image\/"},"sameAs":["https:\/\/www.facebook.com\/Linslerhof","https:\/\/www.instagram.com\/linslerhof\/"]}]}},"_links":{"self":[{"href":"https:\/\/www.linslerhof.de\/fr\/wp-json\/wp\/v2\/pages\/33738","targetHints":{"allow":["GET"]}}],"collection":[{"href":"https:\/\/www.linslerhof.de\/fr\/wp-json\/wp\/v2\/pages"}],"about":[{"href":"https:\/\/www.linslerhof.de\/fr\/wp-json\/wp\/v2\/types\/page"}],"author":[{"embeddable":true,"href":"https:\/\/www.linslerhof.de\/fr\/wp-json\/wp\/v2\/users\/3"}],"replies":[{"embeddable":true,"href":"https:\/\/www.linslerhof.de\/fr\/wp-json\/wp\/v2\/comments?post=33738"}],"version-history":[{"count":15,"href":"https:\/\/www.linslerhof.de\/fr\/wp-json\/wp\/v2\/pages\/33738\/revisions"}],"predecessor-version":[{"id":46556,"href":"https:\/\/www.linslerhof.de\/fr\/wp-json\/wp\/v2\/pages\/33738\/revisions\/46556"}],"up":[{"embeddable":true,"href":"https:\/\/www.linslerhof.de\/fr\/wp-json\/wp\/v2\/pages\/33508"}],"wp:attachment":[{"href":"https:\/\/www.linslerhof.de\/fr\/wp-json\/wp\/v2\/media?parent=33738"}],"curies":[{"name":"wp","href":"https:\/\/api.w.org\/{rel}","templated":true}]}}