{"id":33742,"date":"2024-01-12T14:51:13","date_gmt":"2024-01-12T13:51:13","guid":{"rendered":"https:\/\/dev.linslerhof.de\/equipe\/formation\/specialiste-en-restauration\/"},"modified":"2025-11-21T09:39:41","modified_gmt":"2025-11-21T08:39:41","slug":"specialiste-en-restauration","status":"publish","type":"page","link":"https:\/\/www.linslerhof.de\/fr\/equipe\/formation\/specialiste-en-restauration\/","title":{"rendered":"Sp\u00e9cialiste en restauration"},"content":{"rendered":"<section class=\"l-section wpb_row us_custom_98b4ceb1 fs-section-reverse height_medium\"><div class=\"l-section-h i-cf\"><div class=\"g-cols vc_row via_flex valign_middle type_boxes stacking_default\" style=\"--additional-gap:5px;\"><div class=\"vc_col-sm-3\/5 wpb_column vc_column_container has_bg_color\"><div class=\"vc_column-inner us_custom_94501421\"><div class=\"wpb_wrapper\"><div class=\"wpb_text_column us_custom_50cc7d67\"><div class=\"wpb_wrapper\"><h1 style=\"text-align: left;\">SP\u00c9CIALISTE DE LA <strong>RESTAURATION ET DE LA GASTRONOMIE \u00c9V\u00c9NEMENTIELLE<\/strong><\/h1>\n<h3>Expert en services &amp; sp\u00e9cialiste en \u00e9v\u00e9nements<\/h3>\n<p>Es-tu pr\u00eat(e) \u00e0 exercer un m\u00e9tier qui exige non seulement du go\u00fbt, mais aussi un talent d&rsquo;organisation ? Alors cette formation est la cl\u00e9 d&rsquo;une carri\u00e8re pleine de moments culinaires forts et d&rsquo;\u00e9v\u00e9nements inoubliables !<\/p>\n<\/div><\/div><div class=\" vc_custom_1722426669189 ubtn-ctn-left \"><a class=\"ubtn-link ult-adjust-bottom-margin ubtn-left ubtn-large \" href=\"https:\/\/www.linslerhof.de\/team\/jetzt-bewerben\/\" title=\"Jetzt bewerben!\" ><button type=\"button\" id=\"ubtn-6136\"  class=\"ubtn ult-adjust-bottom-margin ult-responsive ubtn-large ubtn-no-hover-bg  ulta-push  ubtn-left   tooltip-69e092363c77a\"  data-hover=\"\" data-border-color=\"\" data-bg=\"#ea5b0b\" data-hover-bg=\"\" data-border-hover=\"\" data-shadow-hover=\"\" data-shadow-click=\"none\" data-shadow=\"\" data-shd-shadow=\"\"  data-ultimate-target='#ubtn-6136'  data-responsive-json-new='{\"font-size\":\"desktop:20px;\",\"line-height\":\"desktop:18px;\"}'  style=\"font-family:&#039;Open Sans Condensed&#039;;font-weight:normal;font-style:normal;border:none;background: #ea5b0b;color: #ffffff;\"><span class=\"ubtn-hover\" style=\"background-color:\"><\/span><span class=\"ubtn-data ubtn-text \" >POSTULEZ MAINTENANT !<\/span><\/button><\/a><\/div><div class=\"wpb_text_column us_custom_090aafef\"><div class=\"wpb_wrapper\"><p>Ou contactez directement Mme Monika Nimsgern :<br \/>\n\ud83d\udcde <strong><br \/>\n  <a href=\"tel:+4968368070\">+49 (0)6836 &#8211; 8070<\/a><br \/>\n<\/strong><br \/>\n\ud83d\udce7 <strong><br \/>\n  <a href=\"mailto:monika.nimsgern@linslerhof.de\">monika.nimsgern@linslerhof.de<\/a><br \/>\n<\/strong><\/p>\n<\/div><\/div><\/div><\/div><\/div><div class=\"vc_col-sm-2\/5 wpb_column vc_column_container  has_bg_color\"><div class=\"vc_column-inner us_custom_8ebc5572 us_animate_this\"><div class=\"wpb_wrapper\"><\/div><\/div><\/div><\/div><\/div><\/section><section class=\"l-section wpb_row us_custom_98b4ceb1 fs-section-reverse height_medium\"><div class=\"l-section-h i-cf\"><div class=\"g-cols vc_row via_flex valign_top type_boxes reversed stacking_default\" style=\"--additional-gap:5px;\"><div class=\"vc_col-sm-6 wpb_column vc_column_container has_bg_color\"><div class=\"vc_column-inner us_custom_04b5345d\"><div class=\"wpb_wrapper\"><div class=\"wpb_text_column\"><div class=\"wpb_wrapper\"><h2><strong>\u00c0 propos de la formation<\/strong><\/h2>\n<p>Tu as le r\u00f4le d&rsquo;h\u00f4te &#8211; que ce soit pour un d\u00eener aux chandelles, un congr\u00e8s, une f\u00eate de mariage ou un service \u00e0 la carte.<br \/>\nEn tant que pont entre la cuisine et les h\u00f4tes, tu as le savoir-faire n\u00e9cessaire pour faire conna\u00eetre aux h\u00f4tes l&rsquo;origine, le go\u00fbt et la pr\u00e9paration des plats et des boissons. Vous apprendrez \u00e0 composer des menus, \u00e0 coordonner le service et \u00e0 faire en sorte que les clients soient non seulement satisfaits, mais aussi ravis.<br \/>\nLe travail d&rsquo;\u00e9quipe est primordial et vous ferez partie d&rsquo;une \u00e9quipe vivante qui se battra ensemble pour offrir une exp\u00e9rience gastronomique parfaite.<br \/>\nDe plus, vous serez un professionnel complet de l&rsquo;organisation et de la gestion de tous les types d&rsquo;\u00e9v\u00e9nements. Aussi anim\u00e9 que cela puisse \u00eatre, tu gardes une vue d&rsquo;ensemble et tu coordonnes l&rsquo;ensemble des activit\u00e9s de restauration.<br \/>\nAlors, si tu r\u00eaves de cr\u00e9er des exp\u00e9riences et que tu aimes travailler dans un environnement vivant, la formation de sp\u00e9cialiste en restauration et en \u00e9v\u00e9nementiel est faite pour toi.<\/p>\n<\/div><\/div><\/div><\/div><\/div><div class=\"vc_col-sm-6 wpb_column vc_column_container  has_bg_color\"><div class=\"vc_column-inner us_custom_87010153 us_animate_this\"><div class=\"wpb_wrapper\"><div class=\"wpb_text_column\"><div class=\"wpb_wrapper\"><h2><strong>Ce que tu apprends<\/strong><\/h2>\n<ul>\n<li>Concevoir l&rsquo;exp\u00e9rience du gaz en tant qu&rsquo;h\u00f4te<\/li>\n<li>Planifier et organiser des \u00e9v\u00e9nements<\/li>\n<li>Conseiller les clients sur les plats et les boissons<\/li>\n<li>Promotion des ventes<\/li>\n<li>Servir des plats et des boissons dans les r\u00e8gles de l&rsquo;art<\/li>\n<li>Fabrication de sp\u00e9cialit\u00e9s de caf\u00e9 et de cocktails<\/li>\n<li>Utilisation des syst\u00e8mes de facturation et de r\u00e9servation<\/li>\n<li>Organiser les proc\u00e9dures de service<\/li>\n<li>Durabilit\u00e9 et hygi\u00e8ne<\/li>\n<li>Encadrement et gestion des collaborateurs et travail en \u00e9quipe<\/li>\n<\/ul>\n<\/div><\/div><\/div><\/div><\/div><\/div><\/div><\/section><section class=\"l-section wpb_row us_custom_98b4ceb1 fs-section-reverse height_medium\"><div class=\"l-section-h i-cf\"><div class=\"g-cols vc_row via_flex valign_top type_boxes reversed stacking_default\" style=\"--additional-gap:5px;\"><div class=\"vc_col-sm-6 wpb_column vc_column_container has_bg_color\"><div class=\"vc_column-inner us_custom_04b5345d\"><div class=\"wpb_wrapper\"><div class=\"wpb_text_column\"><div class=\"wpb_wrapper\"><h2><strong>Conditions g\u00e9n\u00e9rales<\/strong><\/h2>\n<p>Dur\u00e9e : 3 ans, r\u00e9duction possible<br \/>\nFormation en entreprise et \u00e0 l&rsquo;\u00e9cole professionnelle<\/p>\n<h2><strong>Ce que tu apportes<\/strong><\/h2>\n<ul>\n<li>Ouverture et gentillesse<\/li>\n<li>Talent de communication et de vente<\/li>\n<li>Capacit\u00e9 d&rsquo;organisation et de travail en \u00e9quipe<\/li>\n<li>Rapidit\u00e9 de compr\u00e9hension<\/li>\n<li>Les langues \u00e9trang\u00e8res sont un avantage<\/li>\n<\/ul>\n<\/div><\/div><\/div><\/div><\/div><div class=\"vc_col-sm-6 wpb_column vc_column_container has_bg_color\"><div class=\"vc_column-inner us_custom_04b5345d\"><div class=\"wpb_wrapper\"><div class=\"wpb_text_column\"><div class=\"wpb_wrapper\"><h2><strong>Tu peux continuer ainsi<\/strong><\/h2>\n<p>Dans les restaurants, tu commences comme commis de rang. Ensuite, d&rsquo;autres sp\u00e9cialisations techniques sont possibles pour toi, par exemple dans le domaine du vin ou du bar. Ou tu peux \u00e9voluer vers la direction de restaurant ou le Food &amp; Beverage Management. Le d\u00e9partement des banquets et des \u00e9v\u00e9nements offre \u00e9galement des champs d&rsquo;activit\u00e9 passionnants avec un grand potentiel au Linslerhof.<\/p>\n<\/div><\/div><div class=\"wpb_text_column\"><div class=\"wpb_wrapper\"><h2><a href=\"https:\/\/www.linslerhof.de\/fr\/equipe\/formation\/\"><span style=\"color: #d74808;\"><strong>&gt;&gt;  RETOUR \u00c0 LA PAGE DES APPRENTIS<\/strong><\/span><\/a><\/h2>\n<\/div><\/div><\/div><\/div><\/div><\/div><\/div><\/section>\n","protected":false},"excerpt":{"rendered":"SP\u00c9CIALISTE DE LA RESTAURATION ET DE LA GASTRONOMIE \u00c9V\u00c9NEMENTIELLE Expert en services &amp; sp\u00e9cialiste en \u00e9v\u00e9nements Es-tu pr\u00eat(e) \u00e0 exercer un m\u00e9tier qui exige non seulement du go\u00fbt, mais aussi un talent d&rsquo;organisation ? Alors cette formation est la cl\u00e9 d&rsquo;une carri\u00e8re pleine de moments culinaires forts et d&rsquo;\u00e9v\u00e9nements inoubliables ! POSTULEZ MAINTENANT !Ou contactez...","protected":false},"author":3,"featured_media":0,"parent":33508,"menu_order":4,"comment_status":"closed","ping_status":"closed","template":"","meta":{"footnotes":""},"class_list":["post-33742","page","type-page","status-publish","hentry"],"yoast_head":"<!-- This site is optimized with the Yoast SEO plugin v27.4 - https:\/\/yoast.com\/product\/yoast-seo-wordpress\/ -->\n<title>Sp\u00e9cialiste en restauration | Linslerhof<\/title>\n<meta name=\"description\" content=\"RESTAURANT *** Es-tu pr\u00eat(e) \u00e0 exercer un m\u00e9tier qui exige non seulement du go\u00fbt, mais aussi des talents d&#039;organisation ? Alors cette formation est la cl\u00e9 d&#039;une carri\u00e8re pleine de moments culinaires forts et d&#039;\u00e9v\u00e9nements inoubliables !\" \/>\n<meta name=\"robots\" content=\"index, follow, max-snippet:-1, max-image-preview:large, max-video-preview:-1\" \/>\n<link rel=\"canonical\" href=\"https:\/\/www.linslerhof.de\/fr\/equipe\/formation\/specialiste-en-restauration\/\" \/>\n<meta property=\"og:locale\" content=\"fr_FR\" \/>\n<meta property=\"og:type\" content=\"article\" \/>\n<meta property=\"og:title\" content=\"Sp\u00e9cialiste en restauration | Linslerhof\" \/>\n<meta property=\"og:description\" content=\"RESTAURANT *** Es-tu pr\u00eat(e) \u00e0 exercer un m\u00e9tier qui exige non seulement du go\u00fbt, mais aussi des talents d&#039;organisation ? Alors cette formation est la cl\u00e9 d&#039;une carri\u00e8re pleine de moments culinaires forts et d&#039;\u00e9v\u00e9nements inoubliables !\" \/>\n<meta property=\"og:url\" content=\"https:\/\/www.linslerhof.de\/fr\/equipe\/formation\/specialiste-en-restauration\/\" \/>\n<meta property=\"og:site_name\" content=\"Linslerhof\" \/>\n<meta property=\"article:publisher\" content=\"https:\/\/www.facebook.com\/Linslerhof\" \/>\n<meta property=\"article:modified_time\" content=\"2025-11-21T08:39:41+00:00\" \/>\n<meta name=\"twitter:card\" content=\"summary_large_image\" \/>\n<meta name=\"twitter:label1\" content=\"Dur\u00e9e de lecture estim\u00e9e\" \/>\n\t<meta name=\"twitter:data1\" content=\"5 minutes\" \/>\n<script type=\"application\/ld+json\" class=\"yoast-schema-graph\">{\"@context\":\"https:\\\/\\\/schema.org\",\"@graph\":[{\"@type\":\"WebPage\",\"@id\":\"https:\\\/\\\/www.linslerhof.de\\\/fr\\\/equipe\\\/formation\\\/specialiste-en-restauration\\\/\",\"url\":\"https:\\\/\\\/www.linslerhof.de\\\/fr\\\/equipe\\\/formation\\\/specialiste-en-restauration\\\/\",\"name\":\"Sp\u00e9cialiste en restauration | Linslerhof\",\"isPartOf\":{\"@id\":\"https:\\\/\\\/www.linslerhof.de\\\/fr\\\/#website\"},\"datePublished\":\"2024-01-12T13:51:13+00:00\",\"dateModified\":\"2025-11-21T08:39:41+00:00\",\"description\":\"RESTAURANT *** Es-tu pr\u00eat(e) \u00e0 exercer un m\u00e9tier qui exige non seulement du go\u00fbt, mais aussi des talents d'organisation ? Alors cette formation est la cl\u00e9 d'une carri\u00e8re pleine de moments culinaires forts et d'\u00e9v\u00e9nements inoubliables !\",\"breadcrumb\":{\"@id\":\"https:\\\/\\\/www.linslerhof.de\\\/fr\\\/equipe\\\/formation\\\/specialiste-en-restauration\\\/#breadcrumb\"},\"inLanguage\":\"fr-FR\",\"potentialAction\":[{\"@type\":\"ReadAction\",\"target\":[\"https:\\\/\\\/www.linslerhof.de\\\/fr\\\/equipe\\\/formation\\\/specialiste-en-restauration\\\/\"]}]},{\"@type\":\"BreadcrumbList\",\"@id\":\"https:\\\/\\\/www.linslerhof.de\\\/fr\\\/equipe\\\/formation\\\/specialiste-en-restauration\\\/#breadcrumb\",\"itemListElement\":[{\"@type\":\"ListItem\",\"position\":1,\"name\":\"Startseite\",\"item\":\"https:\\\/\\\/www.linslerhof.de\\\/fr\\\/hotel-4-etoiles-en-sarre\\\/\"},{\"@type\":\"ListItem\",\"position\":2,\"name\":\"\u00c9quipe\",\"item\":\"https:\\\/\\\/www.linslerhof.de\\\/fr\\\/equipe\\\/\"},{\"@type\":\"ListItem\",\"position\":3,\"name\":\"Formation\",\"item\":\"https:\\\/\\\/www.linslerhof.de\\\/fr\\\/equipe\\\/formation\\\/\"},{\"@type\":\"ListItem\",\"position\":4,\"name\":\"Sp\u00e9cialiste en restauration\"}]},{\"@type\":\"WebSite\",\"@id\":\"https:\\\/\\\/www.linslerhof.de\\\/fr\\\/#website\",\"url\":\"https:\\\/\\\/www.linslerhof.de\\\/fr\\\/\",\"name\":\"Linslerhof\",\"description\":\"Historischer Gutshof\",\"publisher\":{\"@id\":\"https:\\\/\\\/www.linslerhof.de\\\/fr\\\/#organization\"},\"potentialAction\":[{\"@type\":\"SearchAction\",\"target\":{\"@type\":\"EntryPoint\",\"urlTemplate\":\"https:\\\/\\\/www.linslerhof.de\\\/fr\\\/?s={search_term_string}\"},\"query-input\":{\"@type\":\"PropertyValueSpecification\",\"valueRequired\":true,\"valueName\":\"search_term_string\"}}],\"inLanguage\":\"fr-FR\"},{\"@type\":\"Organization\",\"@id\":\"https:\\\/\\\/www.linslerhof.de\\\/fr\\\/#organization\",\"name\":\"Linslerhof\",\"url\":\"https:\\\/\\\/www.linslerhof.de\\\/fr\\\/\",\"logo\":{\"@type\":\"ImageObject\",\"inLanguage\":\"fr-FR\",\"@id\":\"https:\\\/\\\/www.linslerhof.de\\\/fr\\\/#\\\/schema\\\/logo\\\/image\\\/\",\"url\":\"https:\\\/\\\/www.linslerhof.de\\\/wp-content\\\/uploads\\\/2020\\\/12\\\/Logo_2020.png\",\"contentUrl\":\"https:\\\/\\\/www.linslerhof.de\\\/wp-content\\\/uploads\\\/2020\\\/12\\\/Logo_2020.png\",\"width\":466,\"height\":300,\"caption\":\"Linslerhof\"},\"image\":{\"@id\":\"https:\\\/\\\/www.linslerhof.de\\\/fr\\\/#\\\/schema\\\/logo\\\/image\\\/\"},\"sameAs\":[\"https:\\\/\\\/www.facebook.com\\\/Linslerhof\",\"https:\\\/\\\/www.instagram.com\\\/linslerhof\\\/\"]}]}<\/script>\n<!-- \/ Yoast SEO plugin. -->","yoast_head_json":{"title":"Sp\u00e9cialiste en restauration | Linslerhof","description":"RESTAURANT *** Es-tu pr\u00eat(e) \u00e0 exercer un m\u00e9tier qui exige non seulement du go\u00fbt, mais aussi des talents d'organisation ? Alors cette formation est la cl\u00e9 d'une carri\u00e8re pleine de moments culinaires forts et d'\u00e9v\u00e9nements inoubliables !","robots":{"index":"index","follow":"follow","max-snippet":"max-snippet:-1","max-image-preview":"max-image-preview:large","max-video-preview":"max-video-preview:-1"},"canonical":"https:\/\/www.linslerhof.de\/fr\/equipe\/formation\/specialiste-en-restauration\/","og_locale":"fr_FR","og_type":"article","og_title":"Sp\u00e9cialiste en restauration | Linslerhof","og_description":"RESTAURANT *** Es-tu pr\u00eat(e) \u00e0 exercer un m\u00e9tier qui exige non seulement du go\u00fbt, mais aussi des talents d'organisation ? Alors cette formation est la cl\u00e9 d'une carri\u00e8re pleine de moments culinaires forts et d'\u00e9v\u00e9nements inoubliables !","og_url":"https:\/\/www.linslerhof.de\/fr\/equipe\/formation\/specialiste-en-restauration\/","og_site_name":"Linslerhof","article_publisher":"https:\/\/www.facebook.com\/Linslerhof","article_modified_time":"2025-11-21T08:39:41+00:00","twitter_card":"summary_large_image","twitter_misc":{"Dur\u00e9e de lecture estim\u00e9e":"5 minutes"},"schema":{"@context":"https:\/\/schema.org","@graph":[{"@type":"WebPage","@id":"https:\/\/www.linslerhof.de\/fr\/equipe\/formation\/specialiste-en-restauration\/","url":"https:\/\/www.linslerhof.de\/fr\/equipe\/formation\/specialiste-en-restauration\/","name":"Sp\u00e9cialiste en restauration | Linslerhof","isPartOf":{"@id":"https:\/\/www.linslerhof.de\/fr\/#website"},"datePublished":"2024-01-12T13:51:13+00:00","dateModified":"2025-11-21T08:39:41+00:00","description":"RESTAURANT *** Es-tu pr\u00eat(e) \u00e0 exercer un m\u00e9tier qui exige non seulement du go\u00fbt, mais aussi des talents d'organisation ? Alors cette formation est la cl\u00e9 d'une carri\u00e8re pleine de moments culinaires forts et d'\u00e9v\u00e9nements inoubliables !","breadcrumb":{"@id":"https:\/\/www.linslerhof.de\/fr\/equipe\/formation\/specialiste-en-restauration\/#breadcrumb"},"inLanguage":"fr-FR","potentialAction":[{"@type":"ReadAction","target":["https:\/\/www.linslerhof.de\/fr\/equipe\/formation\/specialiste-en-restauration\/"]}]},{"@type":"BreadcrumbList","@id":"https:\/\/www.linslerhof.de\/fr\/equipe\/formation\/specialiste-en-restauration\/#breadcrumb","itemListElement":[{"@type":"ListItem","position":1,"name":"Startseite","item":"https:\/\/www.linslerhof.de\/fr\/hotel-4-etoiles-en-sarre\/"},{"@type":"ListItem","position":2,"name":"\u00c9quipe","item":"https:\/\/www.linslerhof.de\/fr\/equipe\/"},{"@type":"ListItem","position":3,"name":"Formation","item":"https:\/\/www.linslerhof.de\/fr\/equipe\/formation\/"},{"@type":"ListItem","position":4,"name":"Sp\u00e9cialiste en restauration"}]},{"@type":"WebSite","@id":"https:\/\/www.linslerhof.de\/fr\/#website","url":"https:\/\/www.linslerhof.de\/fr\/","name":"Linslerhof","description":"Historischer Gutshof","publisher":{"@id":"https:\/\/www.linslerhof.de\/fr\/#organization"},"potentialAction":[{"@type":"SearchAction","target":{"@type":"EntryPoint","urlTemplate":"https:\/\/www.linslerhof.de\/fr\/?s={search_term_string}"},"query-input":{"@type":"PropertyValueSpecification","valueRequired":true,"valueName":"search_term_string"}}],"inLanguage":"fr-FR"},{"@type":"Organization","@id":"https:\/\/www.linslerhof.de\/fr\/#organization","name":"Linslerhof","url":"https:\/\/www.linslerhof.de\/fr\/","logo":{"@type":"ImageObject","inLanguage":"fr-FR","@id":"https:\/\/www.linslerhof.de\/fr\/#\/schema\/logo\/image\/","url":"https:\/\/www.linslerhof.de\/wp-content\/uploads\/2020\/12\/Logo_2020.png","contentUrl":"https:\/\/www.linslerhof.de\/wp-content\/uploads\/2020\/12\/Logo_2020.png","width":466,"height":300,"caption":"Linslerhof"},"image":{"@id":"https:\/\/www.linslerhof.de\/fr\/#\/schema\/logo\/image\/"},"sameAs":["https:\/\/www.facebook.com\/Linslerhof","https:\/\/www.instagram.com\/linslerhof\/"]}]}},"_links":{"self":[{"href":"https:\/\/www.linslerhof.de\/fr\/wp-json\/wp\/v2\/pages\/33742","targetHints":{"allow":["GET"]}}],"collection":[{"href":"https:\/\/www.linslerhof.de\/fr\/wp-json\/wp\/v2\/pages"}],"about":[{"href":"https:\/\/www.linslerhof.de\/fr\/wp-json\/wp\/v2\/types\/page"}],"author":[{"embeddable":true,"href":"https:\/\/www.linslerhof.de\/fr\/wp-json\/wp\/v2\/users\/3"}],"replies":[{"embeddable":true,"href":"https:\/\/www.linslerhof.de\/fr\/wp-json\/wp\/v2\/comments?post=33742"}],"version-history":[{"count":19,"href":"https:\/\/www.linslerhof.de\/fr\/wp-json\/wp\/v2\/pages\/33742\/revisions"}],"predecessor-version":[{"id":46551,"href":"https:\/\/www.linslerhof.de\/fr\/wp-json\/wp\/v2\/pages\/33742\/revisions\/46551"}],"up":[{"embeddable":true,"href":"https:\/\/www.linslerhof.de\/fr\/wp-json\/wp\/v2\/pages\/33508"}],"wp:attachment":[{"href":"https:\/\/www.linslerhof.de\/fr\/wp-json\/wp\/v2\/media?parent=33742"}],"curies":[{"name":"wp","href":"https:\/\/api.w.org\/{rel}","templated":true}]}}