{"id":33748,"date":"2024-01-12T19:44:46","date_gmt":"2024-01-12T18:44:46","guid":{"rendered":"https:\/\/dev.linslerhof.de\/equipe\/formation\/specialiste-en-hotellerie\/"},"modified":"2025-11-21T09:39:41","modified_gmt":"2025-11-21T08:39:41","slug":"specialiste-en-hotellerie","status":"publish","type":"page","link":"https:\/\/www.linslerhof.de\/fr\/equipe\/formation\/specialiste-en-hotellerie\/","title":{"rendered":"Sp\u00e9cialiste en h\u00f4tellerie"},"content":{"rendered":"<section class=\"l-section wpb_row us_custom_98b4ceb1 fs-section-reverse height_medium\"><div class=\"l-section-h i-cf\"><div class=\"g-cols vc_row via_flex valign_middle type_boxes stacking_default\" style=\"--additional-gap:5px;\"><div class=\"vc_col-sm-3\/5 wpb_column vc_column_container has_bg_color\"><div class=\"vc_column-inner us_custom_94501421\"><div class=\"wpb_wrapper\"><div class=\"wpb_text_column us_custom_50cc7d67\"><div class=\"wpb_wrapper\"><h1 style=\"text-align: left;\"><strong>SP\u00c9CIALISTE EN H\u00d4TELLERIE \/ SP\u00c9CIALISTE EN H\u00d4TELLERIE<\/strong><\/h1>\n<h3>Allrounder avec vue d&rsquo;ensemble<\/h3>\n<p>Cette formation est le ticket pour une carri\u00e8re pleine d&rsquo;hospitalit\u00e9, d&rsquo;organisation et d&rsquo;exp\u00e9riences inoubliables !<\/p>\n<\/div><\/div><\/div><\/div><\/div><div class=\"vc_col-sm-2\/5 wpb_column vc_column_container  has_bg_color\"><div class=\"vc_column-inner us_custom_3496c04d us_animate_this\"><div class=\"wpb_wrapper\"><\/div><\/div><\/div><\/div><\/div><\/section><section class=\"l-section wpb_row us_custom_98b4ceb1 fs-section-reverse height_medium\"><div class=\"l-section-h i-cf\"><div class=\"g-cols vc_row via_flex valign_top type_boxes reversed stacking_default\" style=\"--additional-gap:5px;\"><div class=\"vc_col-sm-6 wpb_column vc_column_container has_bg_color\"><div class=\"vc_column-inner us_custom_04b5345d\"><div class=\"wpb_wrapper\"><div class=\"wpb_text_column\"><div class=\"wpb_wrapper\"><h2><strong>\u00c0 propos de la formation<\/strong><\/h2>\n<p>Imagine que tu es le metteur en sc\u00e8ne d&rsquo;une grande pi\u00e8ce de th\u00e9\u00e2tre dans laquelle des invit\u00e9s jouent le r\u00f4le principal. Dans le cadre de la formation de sp\u00e9cialiste en h\u00f4tellerie, tu apprendras \u00e0 tirer les ficelles dans l&rsquo;ombre pour faire de chaque s\u00e9jour une exp\u00e9rience inoubliable. De l&rsquo;arriv\u00e9e au d\u00e9part, tu fais en sorte que les clients se sentent parfaitement \u00e0 l&rsquo;aise.<br \/>\nTu as une vue d&rsquo;ensemble des interfaces entre tous les services, tu veilles \u00e0 ce que la qualit\u00e9 soit partout au rendez-vous et que les rouages s&#8217;embo\u00eetent sans probl\u00e8me.<br \/>\nQu&rsquo;il s&rsquo;agisse de l&rsquo;enregistrement, des r\u00e9servations ou de la gestion d&rsquo;\u00e9v\u00e9nements, tu jongles avec diff\u00e9rentes t\u00e2ches et tu rel\u00e8ves chaque d\u00e9fi avec le sourire. Ton charisme positif et ton go\u00fbt pour la communication deviendront tes meilleurs outils.<br \/>\nAlors, si tu as envie d&rsquo;une formation o\u00f9 chaque jour est diff\u00e9rent et que tu souhaites t&rsquo;immerger dans le monde de l&rsquo;hospitalit\u00e9, la formation d&#8217;employ\u00e9(e) d&rsquo;h\u00f4tel est faite pour toi.<\/p>\n<\/div><\/div><\/div><\/div><\/div><div class=\"vc_col-sm-6 wpb_column vc_column_container  has_bg_color\"><div class=\"vc_column-inner us_custom_87010153 us_animate_this\"><div class=\"wpb_wrapper\"><div class=\"wpb_text_column\"><div class=\"wpb_wrapper\"><h2><strong>Ce que tu apprends<\/strong><\/h2>\n<ul>\n<li>Relations avec les clients et organisation de l&rsquo;exp\u00e9rience gastronomique<\/li>\n<li>Organisation de la zone d&rsquo;accueil\/r\u00e9servation<\/li>\n<li>Vente de nuit\u00e9es et de services<\/li>\n<li>Organisation et r\u00e9alisation de manifestations<\/li>\n<li>Planification, r\u00e9alisation et contr\u00f4le du housekeeping<\/li>\n<li>T\u00e2ches dans la gestion F&amp;B<\/li>\n<li>Encadrement et gestion des collaborateurs<\/li>\n<li>Gestion des interfaces<\/li>\n<\/ul>\n<\/div><\/div><\/div><\/div><\/div><\/div><\/div><\/section><section class=\"l-section wpb_row us_custom_98b4ceb1 fs-section-reverse height_medium\"><div class=\"l-section-h i-cf\"><div class=\"g-cols vc_row via_flex valign_top type_boxes reversed stacking_default\" style=\"--additional-gap:5px;\"><div class=\"vc_col-sm-6 wpb_column vc_column_container has_bg_color\"><div class=\"vc_column-inner us_custom_04b5345d\"><div class=\"wpb_wrapper\"><div class=\"wpb_text_column\"><div class=\"wpb_wrapper\"><h2><strong>Conditions g\u00e9n\u00e9rales<\/strong><\/h2>\n<p>Dur\u00e9e : 3 ans, r\u00e9duction possible<br \/>\nFormation en entreprise et \u00e0 l&rsquo;\u00e9cole professionnelle<\/p>\n<h2><strong>Ce que tu apportes<\/strong><\/h2>\n<ul>\n<li>Ouverture et gentillesse<\/li>\n<li>Talent de communication et de vente<\/li>\n<li>Capacit\u00e9 d&rsquo;organisation et de travail en \u00e9quipe<\/li>\n<li>Les langues \u00e9trang\u00e8res sont un avantage<\/li>\n<\/ul>\n<\/div><\/div><\/div><\/div><\/div><div class=\"vc_col-sm-6 wpb_column vc_column_container has_bg_color\"><div class=\"vc_column-inner us_custom_04b5345d\"><div class=\"wpb_wrapper\"><div class=\"wpb_text_column\"><div class=\"wpb_wrapper\"><h2><strong>Tu peux continuer ainsi<\/strong><\/h2>\n<p>De nombreux professionnels de l&rsquo;h\u00f4tellerie prennent ensuite la direction de diff\u00e9rents services dans notre h\u00f4tel. Ou bien tu te mets \u00e0 ton compte et tu g\u00e8res ton propre h\u00f4tel.<\/p>\n<\/div><\/div><div class=\"wpb_text_column\"><div class=\"wpb_wrapper\"><h2><a href=\"https:\/\/www.linslerhof.de\/fr\/equipe\/formation\/\"><span style=\"color: #d74808;\"><strong>&gt;&gt;  RETOUR \u00c0 LA PAGE DES APPRENTIS<\/strong><\/span><\/a><\/h2>\n<\/div><\/div><\/div><\/div><\/div><\/div><\/div><\/section>\n","protected":false},"excerpt":{"rendered":"SP\u00c9CIALISTE EN H\u00d4TELLERIE \/ SP\u00c9CIALISTE EN H\u00d4TELLERIE Allrounder avec vue d&rsquo;ensemble Cette formation est le ticket pour une carri\u00e8re pleine d&rsquo;hospitalit\u00e9, d&rsquo;organisation et d&rsquo;exp\u00e9riences inoubliables ! \u00c0 propos de la formation Imagine que tu es le metteur en sc\u00e8ne d&rsquo;une grande pi\u00e8ce de th\u00e9\u00e2tre dans laquelle des invit\u00e9s jouent le r\u00f4le principal. Dans le cadre...","protected":false},"author":3,"featured_media":0,"parent":33508,"menu_order":5,"comment_status":"closed","ping_status":"closed","template":"","meta":{"footnotes":""},"class_list":["post-33748","page","type-page","status-publish","hentry"],"yoast_head":"<!-- This site is optimized with the Yoast SEO plugin v27.3 - https:\/\/yoast.com\/product\/yoast-seo-wordpress\/ -->\n<title>Sp\u00e9cialiste en h\u00f4tellerie | Linslerhof<\/title>\n<meta name=\"description\" content=\"Sp\u00e9cialiste en h\u00f4tellerie *** Cette formation est le ticket pour une carri\u00e8re pleine d&#039;hospitalit\u00e9, d&#039;organisation et d&#039;exp\u00e9riences inoubliables !\" \/>\n<meta name=\"robots\" content=\"index, follow, max-snippet:-1, max-image-preview:large, max-video-preview:-1\" \/>\n<link rel=\"canonical\" href=\"https:\/\/www.linslerhof.de\/fr\/equipe\/formation\/specialiste-en-hotellerie\/\" \/>\n<meta property=\"og:locale\" content=\"fr_FR\" \/>\n<meta property=\"og:type\" content=\"article\" \/>\n<meta property=\"og:title\" content=\"Sp\u00e9cialiste en h\u00f4tellerie | Linslerhof\" \/>\n<meta property=\"og:description\" content=\"Sp\u00e9cialiste en h\u00f4tellerie *** Cette formation est le ticket pour une carri\u00e8re pleine d&#039;hospitalit\u00e9, d&#039;organisation et d&#039;exp\u00e9riences inoubliables !\" \/>\n<meta property=\"og:url\" content=\"https:\/\/www.linslerhof.de\/fr\/equipe\/formation\/specialiste-en-hotellerie\/\" \/>\n<meta property=\"og:site_name\" content=\"Linslerhof\" \/>\n<meta property=\"article:publisher\" content=\"https:\/\/www.facebook.com\/Linslerhof\" \/>\n<meta property=\"article:modified_time\" content=\"2025-11-21T08:39:41+00:00\" \/>\n<meta name=\"twitter:card\" content=\"summary_large_image\" \/>\n<meta name=\"twitter:label1\" content=\"Dur\u00e9e de lecture estim\u00e9e\" \/>\n\t<meta name=\"twitter:data1\" content=\"5 minutes\" \/>\n<script type=\"application\/ld+json\" class=\"yoast-schema-graph\">{\"@context\":\"https:\\\/\\\/schema.org\",\"@graph\":[{\"@type\":\"WebPage\",\"@id\":\"https:\\\/\\\/www.linslerhof.de\\\/fr\\\/equipe\\\/formation\\\/specialiste-en-hotellerie\\\/\",\"url\":\"https:\\\/\\\/www.linslerhof.de\\\/fr\\\/equipe\\\/formation\\\/specialiste-en-hotellerie\\\/\",\"name\":\"Sp\u00e9cialiste en h\u00f4tellerie | Linslerhof\",\"isPartOf\":{\"@id\":\"https:\\\/\\\/www.linslerhof.de\\\/fr\\\/#website\"},\"datePublished\":\"2024-01-12T18:44:46+00:00\",\"dateModified\":\"2025-11-21T08:39:41+00:00\",\"description\":\"Sp\u00e9cialiste en h\u00f4tellerie *** Cette formation est le ticket pour une carri\u00e8re pleine d'hospitalit\u00e9, d'organisation et d'exp\u00e9riences inoubliables !\",\"breadcrumb\":{\"@id\":\"https:\\\/\\\/www.linslerhof.de\\\/fr\\\/equipe\\\/formation\\\/specialiste-en-hotellerie\\\/#breadcrumb\"},\"inLanguage\":\"fr-FR\",\"potentialAction\":[{\"@type\":\"ReadAction\",\"target\":[\"https:\\\/\\\/www.linslerhof.de\\\/fr\\\/equipe\\\/formation\\\/specialiste-en-hotellerie\\\/\"]}]},{\"@type\":\"BreadcrumbList\",\"@id\":\"https:\\\/\\\/www.linslerhof.de\\\/fr\\\/equipe\\\/formation\\\/specialiste-en-hotellerie\\\/#breadcrumb\",\"itemListElement\":[{\"@type\":\"ListItem\",\"position\":1,\"name\":\"Startseite\",\"item\":\"https:\\\/\\\/www.linslerhof.de\\\/fr\\\/hotel-4-etoiles-en-sarre\\\/\"},{\"@type\":\"ListItem\",\"position\":2,\"name\":\"\u00c9quipe\",\"item\":\"https:\\\/\\\/www.linslerhof.de\\\/fr\\\/equipe\\\/\"},{\"@type\":\"ListItem\",\"position\":3,\"name\":\"Formation\",\"item\":\"https:\\\/\\\/www.linslerhof.de\\\/fr\\\/equipe\\\/formation\\\/\"},{\"@type\":\"ListItem\",\"position\":4,\"name\":\"Sp\u00e9cialiste en h\u00f4tellerie\"}]},{\"@type\":\"WebSite\",\"@id\":\"https:\\\/\\\/www.linslerhof.de\\\/fr\\\/#website\",\"url\":\"https:\\\/\\\/www.linslerhof.de\\\/fr\\\/\",\"name\":\"Linslerhof\",\"description\":\"Historischer Gutshof\",\"publisher\":{\"@id\":\"https:\\\/\\\/www.linslerhof.de\\\/fr\\\/#organization\"},\"potentialAction\":[{\"@type\":\"SearchAction\",\"target\":{\"@type\":\"EntryPoint\",\"urlTemplate\":\"https:\\\/\\\/www.linslerhof.de\\\/fr\\\/?s={search_term_string}\"},\"query-input\":{\"@type\":\"PropertyValueSpecification\",\"valueRequired\":true,\"valueName\":\"search_term_string\"}}],\"inLanguage\":\"fr-FR\"},{\"@type\":\"Organization\",\"@id\":\"https:\\\/\\\/www.linslerhof.de\\\/fr\\\/#organization\",\"name\":\"Linslerhof\",\"url\":\"https:\\\/\\\/www.linslerhof.de\\\/fr\\\/\",\"logo\":{\"@type\":\"ImageObject\",\"inLanguage\":\"fr-FR\",\"@id\":\"https:\\\/\\\/www.linslerhof.de\\\/fr\\\/#\\\/schema\\\/logo\\\/image\\\/\",\"url\":\"https:\\\/\\\/www.linslerhof.de\\\/wp-content\\\/uploads\\\/2020\\\/12\\\/Logo_2020.png\",\"contentUrl\":\"https:\\\/\\\/www.linslerhof.de\\\/wp-content\\\/uploads\\\/2020\\\/12\\\/Logo_2020.png\",\"width\":466,\"height\":300,\"caption\":\"Linslerhof\"},\"image\":{\"@id\":\"https:\\\/\\\/www.linslerhof.de\\\/fr\\\/#\\\/schema\\\/logo\\\/image\\\/\"},\"sameAs\":[\"https:\\\/\\\/www.facebook.com\\\/Linslerhof\",\"https:\\\/\\\/www.instagram.com\\\/linslerhof\\\/\"]}]}<\/script>\n<!-- \/ Yoast SEO plugin. -->","yoast_head_json":{"title":"Sp\u00e9cialiste en h\u00f4tellerie | Linslerhof","description":"Sp\u00e9cialiste en h\u00f4tellerie *** Cette formation est le ticket pour une carri\u00e8re pleine d'hospitalit\u00e9, d'organisation et d'exp\u00e9riences inoubliables !","robots":{"index":"index","follow":"follow","max-snippet":"max-snippet:-1","max-image-preview":"max-image-preview:large","max-video-preview":"max-video-preview:-1"},"canonical":"https:\/\/www.linslerhof.de\/fr\/equipe\/formation\/specialiste-en-hotellerie\/","og_locale":"fr_FR","og_type":"article","og_title":"Sp\u00e9cialiste en h\u00f4tellerie | Linslerhof","og_description":"Sp\u00e9cialiste en h\u00f4tellerie *** Cette formation est le ticket pour une carri\u00e8re pleine d'hospitalit\u00e9, d'organisation et d'exp\u00e9riences inoubliables !","og_url":"https:\/\/www.linslerhof.de\/fr\/equipe\/formation\/specialiste-en-hotellerie\/","og_site_name":"Linslerhof","article_publisher":"https:\/\/www.facebook.com\/Linslerhof","article_modified_time":"2025-11-21T08:39:41+00:00","twitter_card":"summary_large_image","twitter_misc":{"Dur\u00e9e de lecture estim\u00e9e":"5 minutes"},"schema":{"@context":"https:\/\/schema.org","@graph":[{"@type":"WebPage","@id":"https:\/\/www.linslerhof.de\/fr\/equipe\/formation\/specialiste-en-hotellerie\/","url":"https:\/\/www.linslerhof.de\/fr\/equipe\/formation\/specialiste-en-hotellerie\/","name":"Sp\u00e9cialiste en h\u00f4tellerie | Linslerhof","isPartOf":{"@id":"https:\/\/www.linslerhof.de\/fr\/#website"},"datePublished":"2024-01-12T18:44:46+00:00","dateModified":"2025-11-21T08:39:41+00:00","description":"Sp\u00e9cialiste en h\u00f4tellerie *** Cette formation est le ticket pour une carri\u00e8re pleine d'hospitalit\u00e9, d'organisation et d'exp\u00e9riences inoubliables !","breadcrumb":{"@id":"https:\/\/www.linslerhof.de\/fr\/equipe\/formation\/specialiste-en-hotellerie\/#breadcrumb"},"inLanguage":"fr-FR","potentialAction":[{"@type":"ReadAction","target":["https:\/\/www.linslerhof.de\/fr\/equipe\/formation\/specialiste-en-hotellerie\/"]}]},{"@type":"BreadcrumbList","@id":"https:\/\/www.linslerhof.de\/fr\/equipe\/formation\/specialiste-en-hotellerie\/#breadcrumb","itemListElement":[{"@type":"ListItem","position":1,"name":"Startseite","item":"https:\/\/www.linslerhof.de\/fr\/hotel-4-etoiles-en-sarre\/"},{"@type":"ListItem","position":2,"name":"\u00c9quipe","item":"https:\/\/www.linslerhof.de\/fr\/equipe\/"},{"@type":"ListItem","position":3,"name":"Formation","item":"https:\/\/www.linslerhof.de\/fr\/equipe\/formation\/"},{"@type":"ListItem","position":4,"name":"Sp\u00e9cialiste en h\u00f4tellerie"}]},{"@type":"WebSite","@id":"https:\/\/www.linslerhof.de\/fr\/#website","url":"https:\/\/www.linslerhof.de\/fr\/","name":"Linslerhof","description":"Historischer Gutshof","publisher":{"@id":"https:\/\/www.linslerhof.de\/fr\/#organization"},"potentialAction":[{"@type":"SearchAction","target":{"@type":"EntryPoint","urlTemplate":"https:\/\/www.linslerhof.de\/fr\/?s={search_term_string}"},"query-input":{"@type":"PropertyValueSpecification","valueRequired":true,"valueName":"search_term_string"}}],"inLanguage":"fr-FR"},{"@type":"Organization","@id":"https:\/\/www.linslerhof.de\/fr\/#organization","name":"Linslerhof","url":"https:\/\/www.linslerhof.de\/fr\/","logo":{"@type":"ImageObject","inLanguage":"fr-FR","@id":"https:\/\/www.linslerhof.de\/fr\/#\/schema\/logo\/image\/","url":"https:\/\/www.linslerhof.de\/wp-content\/uploads\/2020\/12\/Logo_2020.png","contentUrl":"https:\/\/www.linslerhof.de\/wp-content\/uploads\/2020\/12\/Logo_2020.png","width":466,"height":300,"caption":"Linslerhof"},"image":{"@id":"https:\/\/www.linslerhof.de\/fr\/#\/schema\/logo\/image\/"},"sameAs":["https:\/\/www.facebook.com\/Linslerhof","https:\/\/www.instagram.com\/linslerhof\/"]}]}},"_links":{"self":[{"href":"https:\/\/www.linslerhof.de\/fr\/wp-json\/wp\/v2\/pages\/33748","targetHints":{"allow":["GET"]}}],"collection":[{"href":"https:\/\/www.linslerhof.de\/fr\/wp-json\/wp\/v2\/pages"}],"about":[{"href":"https:\/\/www.linslerhof.de\/fr\/wp-json\/wp\/v2\/types\/page"}],"author":[{"embeddable":true,"href":"https:\/\/www.linslerhof.de\/fr\/wp-json\/wp\/v2\/users\/3"}],"replies":[{"embeddable":true,"href":"https:\/\/www.linslerhof.de\/fr\/wp-json\/wp\/v2\/comments?post=33748"}],"version-history":[{"count":20,"href":"https:\/\/www.linslerhof.de\/fr\/wp-json\/wp\/v2\/pages\/33748\/revisions"}],"predecessor-version":[{"id":45866,"href":"https:\/\/www.linslerhof.de\/fr\/wp-json\/wp\/v2\/pages\/33748\/revisions\/45866"}],"up":[{"embeddable":true,"href":"https:\/\/www.linslerhof.de\/fr\/wp-json\/wp\/v2\/pages\/33508"}],"wp:attachment":[{"href":"https:\/\/www.linslerhof.de\/fr\/wp-json\/wp\/v2\/media?parent=33748"}],"curies":[{"name":"wp","href":"https:\/\/api.w.org\/{rel}","templated":true}]}}