{"id":38006,"date":"2024-09-16T13:02:39","date_gmt":"2024-09-16T11:02:39","guid":{"rendered":"https:\/\/www.linslerhof.de\/chambre\/conditions-pour-les-entreprises\/"},"modified":"2026-01-22T10:35:37","modified_gmt":"2026-01-22T09:35:37","slug":"conditions-pour-les-entreprises","status":"publish","type":"page","link":"https:\/\/www.linslerhof.de\/fr\/hotel\/conditions-pour-les-entreprises\/","title":{"rendered":"Conditions pour les entreprises"},"content":{"rendered":"<section class=\"l-section wpb_row us_custom_8d4f5dab height_medium\"><div class=\"l-section-h i-cf\"><div class=\"g-cols vc_row via_flex valign_top type_boxes stacking_default\"><div class=\"vc_col-sm-12 wpb_column vc_column_container fs-page-header-area fs-landscape has_bg_color\"><div class=\"vc_column-inner us_custom_c72d29d4\"><div class=\"wpb_wrapper\"><\/div><\/div><\/div><\/div><\/div><\/section><section class=\"l-section wpb_row us_custom_3fcb7a80 fs-title-row height_medium\"><div class=\"l-section-h i-cf\"><div class=\"g-cols vc_row via_flex valign_top type_boxes stacking_default\"><div class=\"vc_col-sm-12 wpb_column vc_column_container\"><div class=\"vc_column-inner us_custom_5af77061\"><div class=\"wpb_wrapper\"><div class=\"g-cols wpb_row us_custom_d19ec48c fs-inner-area via_flex valign_top type_default stacking_default\"><div class=\"vc_col-sm-12 wpb_column vc_column_container\"><div class=\"vc_column-inner us_custom_86196ebf\"><div class=\"wpb_wrapper\"><div class=\"wpb_text_column us_custom_50cc7d67\"><div class=\"wpb_wrapper\"><h1 style=\"text-align: center;\"><strong>CONDITIONS POUR LES ENTREPRISES<\/strong><\/h1>\n<h3>Des conditions sp\u00e9ciales attrayantes pour votre entreprise<\/h3>\n<p>Profitez de nos offres sp\u00e9ciales pour les entreprises qui h\u00e9bergent r\u00e9guli\u00e8rement des clients dans notre h\u00f4tel. Sur demande, vous pouvez b\u00e9n\u00e9ficier d&rsquo;un tarif d&rsquo;entreprise r\u00e9duit, r\u00e9serv\u00e9 \u00e0 vos employ\u00e9s et invit\u00e9s. Nous nous ferons un plaisir de vous conseiller !<\/p>\n<\/div><\/div><div class=\" vc_custom_1769074534956 ubtn-ctn-center \"><a class=\"ubtn-link ult-adjust-bottom-margin ubtn-center ubtn-large \" href=\"https:\/\/www.linslerhof.de\/fr\/hotel\/demander-des-conditions-speciales\/\" title=\"demander conditions\" rel=\"nofollow \" ><button type=\"button\" id=\"ubtn-4071\"  class=\"ubtn ult-adjust-bottom-margin ult-responsive ubtn-large ubtn-no-hover-bg  ulta-grow  ubtn-center   tooltip-69de174d97906\"  data-hover=\"\" data-border-color=\"\" data-bg=\"#d74808\" data-hover-bg=\"\" data-border-hover=\"\" data-shadow-hover=\"\" data-shadow-click=\"none\" data-shadow=\"\" data-shd-shadow=\"\"  data-ultimate-target='#ubtn-4071'  data-responsive-json-new='{\"font-size\":\"desktop:20px;tablet:18px;tablet_portrait:18px;mobile_landscape:15px;mobile:15px;\",\"line-height\":\"\"}'  style=\"font-family:&#039;Open Sans Condensed&#039;;font-weight:normal;font-style:normal;border:none;background: #d74808;color: #ffffff;\"><span class=\"ubtn-hover\" style=\"background-color:\"><\/span><span class=\"ubtn-data ubtn-text \" >DEMANDER MAINTENANT !<\/span><\/button><\/a><\/div><\/div><\/div><\/div><\/div><\/div><\/div><\/div><\/div><\/div><\/section><section class=\"l-section wpb_row us_custom_e3cfe923 height_medium\"><div class=\"l-section-h i-cf\"><div class=\"g-cols vc_row via_flex valign_middle type_boxes stacking_default\" style=\"--additional-gap:5px;\"><div class=\"vc_col-sm-6 wpb_column vc_column_container has_bg_color\"><div class=\"vc_column-inner us_custom_2c17af6b\"><div class=\"wpb_wrapper\"><div class=\"wpb_text_column us_custom_38ec8cf5\"><div class=\"wpb_wrapper\"><h2 style=\"text-align: left;\"><strong>Vos avantages en un coup d&rsquo;\u0153il<\/strong><\/h2>\n<ul>\n<li style=\"text-align: left;\">Conditions sp\u00e9ciales attrayantes<\/li>\n<li>pas d&rsquo;obligation d&rsquo;achat<\/li>\n<li>R\u00e9servation en ligne facile gr\u00e2ce au code de l&rsquo;offre<\/li>\n<li>annulation flexible jusqu&rsquo;\u00e0 un jour avant l&rsquo;arriv\u00e9e<\/li>\n<li>Utilisation gratuite du sauna et de la salle de sport<\/li>\n<li>parking gratuit<\/li>\n<li>Wi-Fi gratuit<\/li>\n<\/ul>\n<\/div><\/div><\/div><\/div><\/div><div class=\"vc_col-sm-6 wpb_column vc_column_container has_bg_color\"><div class=\"vc_column-inner us_custom_ee93dcee\"><div class=\"wpb_wrapper\"><\/div><\/div><\/div><\/div><\/div><\/section><section class=\"l-section wpb_row us_custom_d65abc75 height_large\"><div class=\"l-section-h i-cf\"><div class=\"g-cols vc_row via_flex valign_middle type_boxes stacking_default\" style=\"--additional-gap:2.5px;\"><div class=\"vc_col-sm-12 wpb_column vc_column_container\"><div class=\"vc_column-inner us_custom_36724591\"><div class=\"wpb_wrapper\">\n\t\t\t<!-- START Standard Zimmer REVOLUTION SLIDER 6.7.41 --><p class=\"rs-p-wp-fix\"><\/p>\n\t\t\t<rs-module-wrap id=\"rev_slider_6_1_wrapper\" data-source=\"gallery\" style=\"visibility:hidden;background:transparent;padding:0;margin:0px auto;margin-top:0;margin-bottom:0;\">\n\t\t\t\t<rs-module id=\"rev_slider_6_1\" style=\"\" data-version=\"6.7.41\">\n\t\t\t\t\t<rs-slides style=\"overflow: hidden; position: absolute;\">\n\t\t\t\t\t\t<rs-slide style=\"position: absolute;\" data-key=\"rs-21\" data-title=\"Slide\" data-thumb=\"\/\/www.linslerhof.de\/wp-content\/uploads\/2024\/11\/slide_standard-02-1-100x50.jpg\" data-anim=\"adpr:false;\" data-in=\"o:0;\" data-out=\"a:false;\">\n\t\t\t\t\t\t\t<img decoding=\"async\" src=\"\/\/www.linslerhof.de\/wp-content\/plugins\/revslider\/sr6\/assets\/assets\/dummy.png\" alt=\"Hotelzimmer im Saarland, standardzimmer, bett, rot gelb\" title=\"slide_standard-02\" width=\"1300\" height=\"650\" class=\"rev-slidebg tp-rs-img rs-lazyload\" data-lazyload=\"\/\/www.linslerhof.de\/wp-content\/uploads\/2024\/11\/slide_standard-02-1.jpg\" data-no-retina>\n<!---->\t\t\t\t\t<\/rs-slide>\n\t\t\t\t\t\t<rs-slide style=\"position: absolute;\" data-key=\"rs-20\" data-title=\"Slide\" data-thumb=\"\/\/www.linslerhof.de\/wp-content\/uploads\/2024\/11\/slide_standardzimmer-bad-100x50.jpg\" data-anim=\"adpr:false;\" data-in=\"o:0;\" data-out=\"a:false;\">\n\t\t\t\t\t\t\t<img decoding=\"async\" src=\"\/\/www.linslerhof.de\/wp-content\/plugins\/revslider\/sr6\/assets\/assets\/dummy.png\" alt=\"standardzimmer bad dusche bett renoviert\" title=\"slide_standardzimmer-bad\" width=\"1300\" height=\"650\" class=\"rev-slidebg tp-rs-img rs-lazyload\" data-lazyload=\"\/\/www.linslerhof.de\/wp-content\/uploads\/2024\/11\/slide_standardzimmer-bad.jpg\" data-no-retina>\n<!---->\t\t\t\t\t<\/rs-slide>\n\t\t\t\t\t\t<rs-slide style=\"position: absolute;\" data-key=\"rs-23\" data-title=\"Slide\" data-thumb=\"\/\/www.linslerhof.de\/wp-content\/uploads\/2024\/11\/slide_standard-01-1-100x50.jpg\" data-anim=\"adpr:false;\" data-in=\"o:0;\" data-out=\"a:false;\">\n\t\t\t\t\t\t\t<img decoding=\"async\" src=\"\/\/www.linslerhof.de\/wp-content\/plugins\/revslider\/sr6\/assets\/assets\/dummy.png\" alt=\"Hotelzimmer im Saarland, standardzimmer mit heller einrichtung\" title=\"slide_standard-01\" width=\"1300\" height=\"650\" class=\"rev-slidebg tp-rs-img rs-lazyload\" data-lazyload=\"\/\/www.linslerhof.de\/wp-content\/uploads\/2024\/11\/slide_standard-01-1.jpg\" data-no-retina>\n<!---->\t\t\t\t\t<\/rs-slide>\n\t\t\t\t\t<\/rs-slides>\n\t\t\t\t<\/rs-module>\n\t\t\t\t<script>\n\t\t\t\t\tsetREVStartSize({c: 'rev_slider_6_1',rl:[1240,1024,778,480],el:[650],gw:[1300],gh:[650],type:'standard',justify:'',layout:'fullwidth',mh:\"0\"});if (window.RS_MODULES!==undefined && window.RS_MODULES.modules!==undefined && window.RS_MODULES.modules[\"revslider61\"]!==undefined) {window.RS_MODULES.modules[\"revslider61\"].once = false;window.revapi6 = undefined;if (window.RS_MODULES.checkMinimal!==undefined) window.RS_MODULES.checkMinimal()}\n\t\t\t\t<\/script>\n\t\t\t<\/rs-module-wrap>\n\t\t\t<!-- END REVOLUTION SLIDER -->\n<\/div><\/div><\/div><\/div><\/div><\/section>\n","protected":false},"excerpt":{"rendered":"CONDITIONS POUR LES ENTREPRISES Des conditions sp\u00e9ciales attrayantes pour votre entreprise Profitez de nos offres sp\u00e9ciales pour les entreprises qui h\u00e9bergent r\u00e9guli\u00e8rement des clients dans notre h\u00f4tel. Sur demande, vous pouvez b\u00e9n\u00e9ficier d&rsquo;un tarif d&rsquo;entreprise r\u00e9duit, r\u00e9serv\u00e9 \u00e0 vos employ\u00e9s et invit\u00e9s. Nous nous ferons un plaisir de vous conseiller ! DEMANDER MAINTENANT !Vos avantages...","protected":false},"author":3,"featured_media":0,"parent":33299,"menu_order":4,"comment_status":"closed","ping_status":"closed","template":"","meta":{"footnotes":""},"class_list":["post-38006","page","type-page","status-publish","hentry"],"yoast_head":"<!-- This site is optimized with the Yoast SEO plugin v27.3 - https:\/\/yoast.com\/product\/yoast-seo-wordpress\/ -->\n<title>Conditions pour les entreprises | Linslerhof<\/title>\n<meta name=\"description\" content=\"Passez la nuit dans l&#039;une des chambres standard confortables d&#039;une superficie moyenne de 18 m\u00b2 dans un style campagnard moderne.\" \/>\n<meta name=\"robots\" content=\"index, follow, max-snippet:-1, max-image-preview:large, max-video-preview:-1\" \/>\n<link rel=\"canonical\" href=\"https:\/\/www.linslerhof.de\/fr\/hotel\/conditions-pour-les-entreprises\/\" \/>\n<meta property=\"og:locale\" content=\"fr_FR\" \/>\n<meta property=\"og:type\" content=\"article\" \/>\n<meta property=\"og:title\" content=\"Conditions pour les entreprises | Linslerhof\" \/>\n<meta property=\"og:description\" content=\"Passez la nuit dans l&#039;une des chambres standard confortables d&#039;une superficie moyenne de 18 m\u00b2 dans un style campagnard moderne.\" \/>\n<meta property=\"og:url\" content=\"https:\/\/www.linslerhof.de\/fr\/hotel\/conditions-pour-les-entreprises\/\" \/>\n<meta property=\"og:site_name\" content=\"Linslerhof\" \/>\n<meta property=\"article:publisher\" content=\"https:\/\/www.facebook.com\/Linslerhof\" \/>\n<meta property=\"article:modified_time\" content=\"2026-01-22T09:35:37+00:00\" \/>\n<meta name=\"twitter:card\" content=\"summary_large_image\" \/>\n<meta name=\"twitter:label1\" content=\"Dur\u00e9e de lecture estim\u00e9e\" \/>\n\t<meta name=\"twitter:data1\" content=\"1 minute\" \/>\n<script type=\"application\/ld+json\" class=\"yoast-schema-graph\">{\"@context\":\"https:\\\/\\\/schema.org\",\"@graph\":[{\"@type\":\"WebPage\",\"@id\":\"https:\\\/\\\/www.linslerhof.de\\\/fr\\\/hotel\\\/conditions-pour-les-entreprises\\\/\",\"url\":\"https:\\\/\\\/www.linslerhof.de\\\/fr\\\/hotel\\\/conditions-pour-les-entreprises\\\/\",\"name\":\"Conditions pour les entreprises | Linslerhof\",\"isPartOf\":{\"@id\":\"https:\\\/\\\/www.linslerhof.de\\\/fr\\\/#website\"},\"datePublished\":\"2024-09-16T11:02:39+00:00\",\"dateModified\":\"2026-01-22T09:35:37+00:00\",\"description\":\"Passez la nuit dans l'une des chambres standard confortables d'une superficie moyenne de 18 m\u00b2 dans un style campagnard moderne.\",\"breadcrumb\":{\"@id\":\"https:\\\/\\\/www.linslerhof.de\\\/fr\\\/hotel\\\/conditions-pour-les-entreprises\\\/#breadcrumb\"},\"inLanguage\":\"fr-FR\",\"potentialAction\":[{\"@type\":\"ReadAction\",\"target\":[\"https:\\\/\\\/www.linslerhof.de\\\/fr\\\/hotel\\\/conditions-pour-les-entreprises\\\/\"]}]},{\"@type\":\"BreadcrumbList\",\"@id\":\"https:\\\/\\\/www.linslerhof.de\\\/fr\\\/hotel\\\/conditions-pour-les-entreprises\\\/#breadcrumb\",\"itemListElement\":[{\"@type\":\"ListItem\",\"position\":1,\"name\":\"Startseite\",\"item\":\"https:\\\/\\\/www.linslerhof.de\\\/fr\\\/hotel-4-etoiles-en-sarre\\\/\"},{\"@type\":\"ListItem\",\"position\":2,\"name\":\"H\u00f4tel\",\"item\":\"https:\\\/\\\/www.linslerhof.de\\\/fr\\\/hotel\\\/\"},{\"@type\":\"ListItem\",\"position\":3,\"name\":\"Conditions pour les entreprises\"}]},{\"@type\":\"WebSite\",\"@id\":\"https:\\\/\\\/www.linslerhof.de\\\/fr\\\/#website\",\"url\":\"https:\\\/\\\/www.linslerhof.de\\\/fr\\\/\",\"name\":\"Linslerhof\",\"description\":\"Historischer Gutshof\",\"publisher\":{\"@id\":\"https:\\\/\\\/www.linslerhof.de\\\/fr\\\/#organization\"},\"potentialAction\":[{\"@type\":\"SearchAction\",\"target\":{\"@type\":\"EntryPoint\",\"urlTemplate\":\"https:\\\/\\\/www.linslerhof.de\\\/fr\\\/?s={search_term_string}\"},\"query-input\":{\"@type\":\"PropertyValueSpecification\",\"valueRequired\":true,\"valueName\":\"search_term_string\"}}],\"inLanguage\":\"fr-FR\"},{\"@type\":\"Organization\",\"@id\":\"https:\\\/\\\/www.linslerhof.de\\\/fr\\\/#organization\",\"name\":\"Linslerhof\",\"url\":\"https:\\\/\\\/www.linslerhof.de\\\/fr\\\/\",\"logo\":{\"@type\":\"ImageObject\",\"inLanguage\":\"fr-FR\",\"@id\":\"https:\\\/\\\/www.linslerhof.de\\\/fr\\\/#\\\/schema\\\/logo\\\/image\\\/\",\"url\":\"https:\\\/\\\/www.linslerhof.de\\\/wp-content\\\/uploads\\\/2020\\\/12\\\/Logo_2020.png\",\"contentUrl\":\"https:\\\/\\\/www.linslerhof.de\\\/wp-content\\\/uploads\\\/2020\\\/12\\\/Logo_2020.png\",\"width\":466,\"height\":300,\"caption\":\"Linslerhof\"},\"image\":{\"@id\":\"https:\\\/\\\/www.linslerhof.de\\\/fr\\\/#\\\/schema\\\/logo\\\/image\\\/\"},\"sameAs\":[\"https:\\\/\\\/www.facebook.com\\\/Linslerhof\",\"https:\\\/\\\/www.instagram.com\\\/linslerhof\\\/\"]}]}<\/script>\n<!-- \/ Yoast SEO plugin. -->","yoast_head_json":{"title":"Conditions pour les entreprises | Linslerhof","description":"Passez la nuit dans l'une des chambres standard confortables d'une superficie moyenne de 18 m\u00b2 dans un style campagnard moderne.","robots":{"index":"index","follow":"follow","max-snippet":"max-snippet:-1","max-image-preview":"max-image-preview:large","max-video-preview":"max-video-preview:-1"},"canonical":"https:\/\/www.linslerhof.de\/fr\/hotel\/conditions-pour-les-entreprises\/","og_locale":"fr_FR","og_type":"article","og_title":"Conditions pour les entreprises | Linslerhof","og_description":"Passez la nuit dans l'une des chambres standard confortables d'une superficie moyenne de 18 m\u00b2 dans un style campagnard moderne.","og_url":"https:\/\/www.linslerhof.de\/fr\/hotel\/conditions-pour-les-entreprises\/","og_site_name":"Linslerhof","article_publisher":"https:\/\/www.facebook.com\/Linslerhof","article_modified_time":"2026-01-22T09:35:37+00:00","twitter_card":"summary_large_image","twitter_misc":{"Dur\u00e9e de lecture estim\u00e9e":"1 minute"},"schema":{"@context":"https:\/\/schema.org","@graph":[{"@type":"WebPage","@id":"https:\/\/www.linslerhof.de\/fr\/hotel\/conditions-pour-les-entreprises\/","url":"https:\/\/www.linslerhof.de\/fr\/hotel\/conditions-pour-les-entreprises\/","name":"Conditions pour les entreprises | Linslerhof","isPartOf":{"@id":"https:\/\/www.linslerhof.de\/fr\/#website"},"datePublished":"2024-09-16T11:02:39+00:00","dateModified":"2026-01-22T09:35:37+00:00","description":"Passez la nuit dans l'une des chambres standard confortables d'une superficie moyenne de 18 m\u00b2 dans un style campagnard moderne.","breadcrumb":{"@id":"https:\/\/www.linslerhof.de\/fr\/hotel\/conditions-pour-les-entreprises\/#breadcrumb"},"inLanguage":"fr-FR","potentialAction":[{"@type":"ReadAction","target":["https:\/\/www.linslerhof.de\/fr\/hotel\/conditions-pour-les-entreprises\/"]}]},{"@type":"BreadcrumbList","@id":"https:\/\/www.linslerhof.de\/fr\/hotel\/conditions-pour-les-entreprises\/#breadcrumb","itemListElement":[{"@type":"ListItem","position":1,"name":"Startseite","item":"https:\/\/www.linslerhof.de\/fr\/hotel-4-etoiles-en-sarre\/"},{"@type":"ListItem","position":2,"name":"H\u00f4tel","item":"https:\/\/www.linslerhof.de\/fr\/hotel\/"},{"@type":"ListItem","position":3,"name":"Conditions pour les entreprises"}]},{"@type":"WebSite","@id":"https:\/\/www.linslerhof.de\/fr\/#website","url":"https:\/\/www.linslerhof.de\/fr\/","name":"Linslerhof","description":"Historischer Gutshof","publisher":{"@id":"https:\/\/www.linslerhof.de\/fr\/#organization"},"potentialAction":[{"@type":"SearchAction","target":{"@type":"EntryPoint","urlTemplate":"https:\/\/www.linslerhof.de\/fr\/?s={search_term_string}"},"query-input":{"@type":"PropertyValueSpecification","valueRequired":true,"valueName":"search_term_string"}}],"inLanguage":"fr-FR"},{"@type":"Organization","@id":"https:\/\/www.linslerhof.de\/fr\/#organization","name":"Linslerhof","url":"https:\/\/www.linslerhof.de\/fr\/","logo":{"@type":"ImageObject","inLanguage":"fr-FR","@id":"https:\/\/www.linslerhof.de\/fr\/#\/schema\/logo\/image\/","url":"https:\/\/www.linslerhof.de\/wp-content\/uploads\/2020\/12\/Logo_2020.png","contentUrl":"https:\/\/www.linslerhof.de\/wp-content\/uploads\/2020\/12\/Logo_2020.png","width":466,"height":300,"caption":"Linslerhof"},"image":{"@id":"https:\/\/www.linslerhof.de\/fr\/#\/schema\/logo\/image\/"},"sameAs":["https:\/\/www.facebook.com\/Linslerhof","https:\/\/www.instagram.com\/linslerhof\/"]}]}},"_links":{"self":[{"href":"https:\/\/www.linslerhof.de\/fr\/wp-json\/wp\/v2\/pages\/38006","targetHints":{"allow":["GET"]}}],"collection":[{"href":"https:\/\/www.linslerhof.de\/fr\/wp-json\/wp\/v2\/pages"}],"about":[{"href":"https:\/\/www.linslerhof.de\/fr\/wp-json\/wp\/v2\/types\/page"}],"author":[{"embeddable":true,"href":"https:\/\/www.linslerhof.de\/fr\/wp-json\/wp\/v2\/users\/3"}],"replies":[{"embeddable":true,"href":"https:\/\/www.linslerhof.de\/fr\/wp-json\/wp\/v2\/comments?post=38006"}],"version-history":[{"count":30,"href":"https:\/\/www.linslerhof.de\/fr\/wp-json\/wp\/v2\/pages\/38006\/revisions"}],"predecessor-version":[{"id":47171,"href":"https:\/\/www.linslerhof.de\/fr\/wp-json\/wp\/v2\/pages\/38006\/revisions\/47171"}],"up":[{"embeddable":true,"href":"https:\/\/www.linslerhof.de\/fr\/wp-json\/wp\/v2\/pages\/33299"}],"wp:attachment":[{"href":"https:\/\/www.linslerhof.de\/fr\/wp-json\/wp\/v2\/media?parent=38006"}],"curies":[{"name":"wp","href":"https:\/\/api.w.org\/{rel}","templated":true}]}}