{"id":38081,"date":"2024-09-16T14:57:56","date_gmt":"2024-09-16T12:57:56","guid":{"rendered":"https:\/\/www.linslerhof.de\/lieu-devenement-en-sarre\/prix-speciaux-pour-les-groupes\/"},"modified":"2026-01-22T11:14:07","modified_gmt":"2026-01-22T10:14:07","slug":"prix-speciaux-pour-les-groupes","status":"publish","type":"page","link":"https:\/\/www.linslerhof.de\/fr\/lieu-devenement-en-sarre\/prix-speciaux-pour-les-groupes\/","title":{"rendered":"Prix sp\u00e9ciaux pour les groupes"},"content":{"rendered":"<section class=\"l-section wpb_row us_custom_8d4f5dab height_medium\"><div class=\"l-section-h i-cf\"><div class=\"g-cols vc_row via_flex valign_top type_boxes stacking_default\"><div class=\"vc_col-sm-12 wpb_column vc_column_container fs-page-header-area fs-landscape has_bg_color\"><div class=\"vc_column-inner us_custom_aadb5926\"><div class=\"wpb_wrapper\"><\/div><\/div><\/div><\/div><\/div><\/section><section class=\"l-section wpb_row us_custom_3fcb7a80 fs-title-row height_medium\"><div class=\"l-section-h i-cf\"><div class=\"g-cols vc_row via_flex valign_top type_boxes stacking_default\"><div class=\"vc_col-sm-12 wpb_column vc_column_container\"><div class=\"vc_column-inner us_custom_5af77061\"><div class=\"wpb_wrapper\"><div class=\"g-cols wpb_row us_custom_d19ec48c fs-inner-area via_flex valign_top type_default stacking_default\"><div class=\"vc_col-sm-12 wpb_column vc_column_container\"><div class=\"vc_column-inner us_custom_86196ebf\"><div class=\"wpb_wrapper\"><div class=\"wpb_text_column us_custom_50cc7d67\"><div class=\"wpb_wrapper\"><h1 style=\"text-align: center;\"><strong>Conditions sp\u00e9ciales pour les groupes<\/strong><\/h1>\n<h3>Vos invit\u00e9s \u00e0 la f\u00eate logent moins cher !<\/h3>\n<p>B\u00e9n\u00e9ficiez de r\u00e9ductions sp\u00e9ciales de 10 \u00e0 15% sur les nuit\u00e9es de vos invit\u00e9s apr\u00e8s une f\u00eate. Vous pouvez choisir de g\u00e9rer vous-m\u00eame un contingent de groupes ou de donner un code de r\u00e9servation de groupe \u00e0 vos invit\u00e9s. Nous nous ferons un plaisir de vous conseiller !<\/p>\n<\/div><\/div><div class=\" vc_custom_1769076843648 ubtn-ctn-center \"><a class=\"ubtn-link ult-adjust-bottom-margin ubtn-center ubtn-large \" href=\"https:\/\/www.linslerhof.de\/fr\/lieu-devenement-en-sarre\/demandes-devenements\/\" title=\"Demandes d\" rel=\"nofollow \" ><button type=\"button\" id=\"ubtn-6977\"  class=\"ubtn ult-adjust-bottom-margin ult-responsive ubtn-large ubtn-no-hover-bg  ulta-grow  ubtn-center   tooltip-69f2afb797daa\"  data-hover=\"\" data-border-color=\"\" data-bg=\"#d74808\" data-hover-bg=\"\" data-border-hover=\"\" data-shadow-hover=\"\" data-shadow-click=\"none\" data-shadow=\"\" data-shd-shadow=\"\"  data-ultimate-target='#ubtn-6977'  data-responsive-json-new='{\"font-size\":\"desktop:20px;tablet:18px;tablet_portrait:18px;mobile_landscape:15px;mobile:15px;\",\"line-height\":\"\"}'  style=\"font-family:&#039;Open Sans Condensed&#039;;font-weight:normal;font-style:normal;border:none;background: #d74808;color: #ffffff;\"><span class=\"ubtn-hover\" style=\"background-color:\"><\/span><span class=\"ubtn-data ubtn-text \" >DEMANDER MAINTENANT !<\/span><\/button><\/a><\/div><\/div><\/div><\/div><\/div><\/div><\/div><\/div><\/div><\/div><\/section><section class=\"l-section wpb_row us_custom_e3cfe923 height_medium\"><div class=\"l-section-h i-cf\"><div class=\"g-cols vc_row via_flex valign_top type_boxes stacking_default\" style=\"--additional-gap:5px;\"><div class=\"vc_col-sm-6 wpb_column vc_column_container has_bg_color\"><div class=\"vc_column-inner us_custom_6aa38114\"><div class=\"wpb_wrapper\"><div class=\"w-image us_custom_33c3a0a5 align_none\"><div class=\"w-image-h\"><img decoding=\"async\" width=\"1024\" height=\"512\" src=\"https:\/\/www.linslerhof.de\/wp-content\/uploads\/2024\/11\/standard-zimmer-neutral-header.jpg\" class=\"attachment-full size-full\" alt=\"Hotelzimmer im Saarland, standardzimmer, gutshaus\" loading=\"lazy\" srcset=\"https:\/\/www.linslerhof.de\/wp-content\/uploads\/2024\/11\/standard-zimmer-neutral-header.jpg 1024w, https:\/\/www.linslerhof.de\/wp-content\/uploads\/2024\/11\/standard-zimmer-neutral-header-300x150.jpg 300w\" sizes=\"auto, (max-width: 1024px) 100vw, 1024px\" \/><\/div><\/div><div class=\"wpb_text_column us_custom_34429031\"><div class=\"wpb_wrapper\"><h2 style=\"text-align: left;\"><strong>Contingent de groupe<\/strong><\/h2>\n<p>Vous recevez une offre de contingent de groupe de 10 \u00e0 25 chambres que nous r\u00e9servons pour vous. Les r\u00e9servations sont ensuite garanties, effectu\u00e9es et g\u00e9r\u00e9es par votre interm\u00e9diaire en tant que contact de groupe.<\/p>\n<\/div><\/div><\/div><\/div><\/div><div class=\"vc_col-sm-6 wpb_column vc_column_container has_bg_color\"><div class=\"vc_column-inner us_custom_04b5345d\"><div class=\"wpb_wrapper\"><div class=\"w-image us_custom_33c3a0a5 align_none\"><div class=\"w-image-h\"><img decoding=\"async\" width=\"1300\" height=\"650\" src=\"https:\/\/www.linslerhof.de\/wp-content\/uploads\/2024\/11\/slide_standard-03-1.jpg\" class=\"attachment-full size-full\" alt=\"Hotelzimmer im Saarland, standardzimmer\" loading=\"lazy\" srcset=\"https:\/\/www.linslerhof.de\/wp-content\/uploads\/2024\/11\/slide_standard-03-1.jpg 1300w, https:\/\/www.linslerhof.de\/wp-content\/uploads\/2024\/11\/slide_standard-03-1-300x150.jpg 300w, https:\/\/www.linslerhof.de\/wp-content\/uploads\/2024\/11\/slide_standard-03-1-1024x512.jpg 1024w\" sizes=\"auto, (max-width: 1300px) 100vw, 1300px\" \/><\/div><\/div><div class=\"wpb_text_column us_custom_34429031\"><div class=\"wpb_wrapper\"><h2 style=\"text-align: left;\"><strong>Code de r\u00e9servation de groupe<\/strong><\/h2>\n<p>Vous recevez un code de r\u00e9servation (valable \u00e0 partir de 5 chambres) qui permet \u00e0 vos h\u00f4tes de r\u00e9server des chambres en ligne \u00e0 prix r\u00e9duit. Aucun quota de chambres n&rsquo;est r\u00e9serv\u00e9 pour vous.<\/p>\n<\/div><\/div><\/div><\/div><\/div><\/div><\/div><\/section>\n","protected":false},"excerpt":{"rendered":"Conditions sp\u00e9ciales pour les groupes Vos invit\u00e9s \u00e0 la f\u00eate logent moins cher ! B\u00e9n\u00e9ficiez de r\u00e9ductions sp\u00e9ciales de 10 \u00e0 15% sur les nuit\u00e9es de vos invit\u00e9s apr\u00e8s une f\u00eate. Vous pouvez choisir de g\u00e9rer vous-m\u00eame un contingent de groupes ou de donner un code de r\u00e9servation de groupe \u00e0 vos invit\u00e9s. Nous nous...","protected":false},"author":3,"featured_media":0,"parent":33346,"menu_order":6,"comment_status":"closed","ping_status":"closed","template":"","meta":{"footnotes":""},"class_list":["post-38081","page","type-page","status-publish","hentry"],"yoast_head":"<!-- This site is optimized with the Yoast SEO plugin v27.5 - https:\/\/yoast.com\/product\/yoast-seo-wordpress\/ -->\n<title>Prix sp\u00e9ciaux pour les groupes | Linslerhof<\/title>\n<meta name=\"description\" content=\"Conditions sp\u00e9ciales pour les groupes * B\u00e9n\u00e9ficiez de r\u00e9ductions sp\u00e9ciales de 10 &amp; 15% pour les nuit\u00e9es de vos invit\u00e9s apr\u00e8s une f\u00eate. Vous pouvez d\u00e9cider de g\u00e9rer vous-m\u00eame un contingent de groupes ou de transmettre un code de r\u00e9servation de groupe \u00e0 vos invit\u00e9s.\" \/>\n<meta name=\"robots\" content=\"index, follow, max-snippet:-1, max-image-preview:large, max-video-preview:-1\" \/>\n<link rel=\"canonical\" href=\"https:\/\/www.linslerhof.de\/fr\/lieu-devenement-en-sarre\/prix-speciaux-pour-les-groupes\/\" \/>\n<meta property=\"og:locale\" content=\"fr_FR\" \/>\n<meta property=\"og:type\" content=\"article\" \/>\n<meta property=\"og:title\" content=\"Prix sp\u00e9ciaux pour les groupes | Linslerhof\" \/>\n<meta property=\"og:description\" content=\"Conditions sp\u00e9ciales pour les groupes * B\u00e9n\u00e9ficiez de r\u00e9ductions sp\u00e9ciales de 10 &amp; 15% pour les nuit\u00e9es de vos invit\u00e9s apr\u00e8s une f\u00eate. Vous pouvez d\u00e9cider de g\u00e9rer vous-m\u00eame un contingent de groupes ou de transmettre un code de r\u00e9servation de groupe \u00e0 vos invit\u00e9s.\" \/>\n<meta property=\"og:url\" content=\"https:\/\/www.linslerhof.de\/fr\/lieu-devenement-en-sarre\/prix-speciaux-pour-les-groupes\/\" \/>\n<meta property=\"og:site_name\" content=\"Linslerhof\" \/>\n<meta property=\"article:publisher\" content=\"https:\/\/www.facebook.com\/Linslerhof\" \/>\n<meta property=\"article:modified_time\" content=\"2026-01-22T10:14:07+00:00\" \/>\n<meta name=\"twitter:card\" content=\"summary_large_image\" \/>\n<meta name=\"twitter:label1\" content=\"Dur\u00e9e de lecture estim\u00e9e\" \/>\n\t<meta name=\"twitter:data1\" content=\"2 minutes\" \/>\n<script type=\"application\/ld+json\" class=\"yoast-schema-graph\">{\"@context\":\"https:\\\/\\\/schema.org\",\"@graph\":[{\"@type\":\"WebPage\",\"@id\":\"https:\\\/\\\/www.linslerhof.de\\\/fr\\\/lieu-devenement-en-sarre\\\/prix-speciaux-pour-les-groupes\\\/\",\"url\":\"https:\\\/\\\/www.linslerhof.de\\\/fr\\\/lieu-devenement-en-sarre\\\/prix-speciaux-pour-les-groupes\\\/\",\"name\":\"Prix sp\u00e9ciaux pour les groupes | Linslerhof\",\"isPartOf\":{\"@id\":\"https:\\\/\\\/www.linslerhof.de\\\/fr\\\/#website\"},\"datePublished\":\"2024-09-16T12:57:56+00:00\",\"dateModified\":\"2026-01-22T10:14:07+00:00\",\"description\":\"Conditions sp\u00e9ciales pour les groupes * B\u00e9n\u00e9ficiez de r\u00e9ductions sp\u00e9ciales de 10 & 15% pour les nuit\u00e9es de vos invit\u00e9s apr\u00e8s une f\u00eate. Vous pouvez d\u00e9cider de g\u00e9rer vous-m\u00eame un contingent de groupes ou de transmettre un code de r\u00e9servation de groupe \u00e0 vos invit\u00e9s.\",\"breadcrumb\":{\"@id\":\"https:\\\/\\\/www.linslerhof.de\\\/fr\\\/lieu-devenement-en-sarre\\\/prix-speciaux-pour-les-groupes\\\/#breadcrumb\"},\"inLanguage\":\"fr-FR\",\"potentialAction\":[{\"@type\":\"ReadAction\",\"target\":[\"https:\\\/\\\/www.linslerhof.de\\\/fr\\\/lieu-devenement-en-sarre\\\/prix-speciaux-pour-les-groupes\\\/\"]}]},{\"@type\":\"BreadcrumbList\",\"@id\":\"https:\\\/\\\/www.linslerhof.de\\\/fr\\\/lieu-devenement-en-sarre\\\/prix-speciaux-pour-les-groupes\\\/#breadcrumb\",\"itemListElement\":[{\"@type\":\"ListItem\",\"position\":1,\"name\":\"Startseite\",\"item\":\"https:\\\/\\\/www.linslerhof.de\\\/fr\\\/hotel-4-etoiles-en-sarre\\\/\"},{\"@type\":\"ListItem\",\"position\":2,\"name\":\"Lieu d&#8217;\u00e9v\u00e9nement en Sarre\",\"item\":\"https:\\\/\\\/www.linslerhof.de\\\/fr\\\/lieu-devenement-en-sarre\\\/\"},{\"@type\":\"ListItem\",\"position\":3,\"name\":\"Prix sp\u00e9ciaux pour les groupes\"}]},{\"@type\":\"WebSite\",\"@id\":\"https:\\\/\\\/www.linslerhof.de\\\/fr\\\/#website\",\"url\":\"https:\\\/\\\/www.linslerhof.de\\\/fr\\\/\",\"name\":\"Linslerhof\",\"description\":\"Historischer Gutshof\",\"publisher\":{\"@id\":\"https:\\\/\\\/www.linslerhof.de\\\/fr\\\/#organization\"},\"potentialAction\":[{\"@type\":\"SearchAction\",\"target\":{\"@type\":\"EntryPoint\",\"urlTemplate\":\"https:\\\/\\\/www.linslerhof.de\\\/fr\\\/?s={search_term_string}\"},\"query-input\":{\"@type\":\"PropertyValueSpecification\",\"valueRequired\":true,\"valueName\":\"search_term_string\"}}],\"inLanguage\":\"fr-FR\"},{\"@type\":\"Organization\",\"@id\":\"https:\\\/\\\/www.linslerhof.de\\\/fr\\\/#organization\",\"name\":\"Linslerhof\",\"url\":\"https:\\\/\\\/www.linslerhof.de\\\/fr\\\/\",\"logo\":{\"@type\":\"ImageObject\",\"inLanguage\":\"fr-FR\",\"@id\":\"https:\\\/\\\/www.linslerhof.de\\\/fr\\\/#\\\/schema\\\/logo\\\/image\\\/\",\"url\":\"https:\\\/\\\/www.linslerhof.de\\\/wp-content\\\/uploads\\\/2020\\\/12\\\/Logo_2020.png\",\"contentUrl\":\"https:\\\/\\\/www.linslerhof.de\\\/wp-content\\\/uploads\\\/2020\\\/12\\\/Logo_2020.png\",\"width\":466,\"height\":300,\"caption\":\"Linslerhof\"},\"image\":{\"@id\":\"https:\\\/\\\/www.linslerhof.de\\\/fr\\\/#\\\/schema\\\/logo\\\/image\\\/\"},\"sameAs\":[\"https:\\\/\\\/www.facebook.com\\\/Linslerhof\",\"https:\\\/\\\/www.instagram.com\\\/linslerhof\\\/\"]}]}<\/script>\n<!-- \/ Yoast SEO plugin. -->","yoast_head_json":{"title":"Prix sp\u00e9ciaux pour les groupes | Linslerhof","description":"Conditions sp\u00e9ciales pour les groupes * B\u00e9n\u00e9ficiez de r\u00e9ductions sp\u00e9ciales de 10 & 15% pour les nuit\u00e9es de vos invit\u00e9s apr\u00e8s une f\u00eate. Vous pouvez d\u00e9cider de g\u00e9rer vous-m\u00eame un contingent de groupes ou de transmettre un code de r\u00e9servation de groupe \u00e0 vos invit\u00e9s.","robots":{"index":"index","follow":"follow","max-snippet":"max-snippet:-1","max-image-preview":"max-image-preview:large","max-video-preview":"max-video-preview:-1"},"canonical":"https:\/\/www.linslerhof.de\/fr\/lieu-devenement-en-sarre\/prix-speciaux-pour-les-groupes\/","og_locale":"fr_FR","og_type":"article","og_title":"Prix sp\u00e9ciaux pour les groupes | Linslerhof","og_description":"Conditions sp\u00e9ciales pour les groupes * B\u00e9n\u00e9ficiez de r\u00e9ductions sp\u00e9ciales de 10 & 15% pour les nuit\u00e9es de vos invit\u00e9s apr\u00e8s une f\u00eate. Vous pouvez d\u00e9cider de g\u00e9rer vous-m\u00eame un contingent de groupes ou de transmettre un code de r\u00e9servation de groupe \u00e0 vos invit\u00e9s.","og_url":"https:\/\/www.linslerhof.de\/fr\/lieu-devenement-en-sarre\/prix-speciaux-pour-les-groupes\/","og_site_name":"Linslerhof","article_publisher":"https:\/\/www.facebook.com\/Linslerhof","article_modified_time":"2026-01-22T10:14:07+00:00","twitter_card":"summary_large_image","twitter_misc":{"Dur\u00e9e de lecture estim\u00e9e":"2 minutes"},"schema":{"@context":"https:\/\/schema.org","@graph":[{"@type":"WebPage","@id":"https:\/\/www.linslerhof.de\/fr\/lieu-devenement-en-sarre\/prix-speciaux-pour-les-groupes\/","url":"https:\/\/www.linslerhof.de\/fr\/lieu-devenement-en-sarre\/prix-speciaux-pour-les-groupes\/","name":"Prix sp\u00e9ciaux pour les groupes | Linslerhof","isPartOf":{"@id":"https:\/\/www.linslerhof.de\/fr\/#website"},"datePublished":"2024-09-16T12:57:56+00:00","dateModified":"2026-01-22T10:14:07+00:00","description":"Conditions sp\u00e9ciales pour les groupes * B\u00e9n\u00e9ficiez de r\u00e9ductions sp\u00e9ciales de 10 & 15% pour les nuit\u00e9es de vos invit\u00e9s apr\u00e8s une f\u00eate. Vous pouvez d\u00e9cider de g\u00e9rer vous-m\u00eame un contingent de groupes ou de transmettre un code de r\u00e9servation de groupe \u00e0 vos invit\u00e9s.","breadcrumb":{"@id":"https:\/\/www.linslerhof.de\/fr\/lieu-devenement-en-sarre\/prix-speciaux-pour-les-groupes\/#breadcrumb"},"inLanguage":"fr-FR","potentialAction":[{"@type":"ReadAction","target":["https:\/\/www.linslerhof.de\/fr\/lieu-devenement-en-sarre\/prix-speciaux-pour-les-groupes\/"]}]},{"@type":"BreadcrumbList","@id":"https:\/\/www.linslerhof.de\/fr\/lieu-devenement-en-sarre\/prix-speciaux-pour-les-groupes\/#breadcrumb","itemListElement":[{"@type":"ListItem","position":1,"name":"Startseite","item":"https:\/\/www.linslerhof.de\/fr\/hotel-4-etoiles-en-sarre\/"},{"@type":"ListItem","position":2,"name":"Lieu d&#8217;\u00e9v\u00e9nement en Sarre","item":"https:\/\/www.linslerhof.de\/fr\/lieu-devenement-en-sarre\/"},{"@type":"ListItem","position":3,"name":"Prix sp\u00e9ciaux pour les groupes"}]},{"@type":"WebSite","@id":"https:\/\/www.linslerhof.de\/fr\/#website","url":"https:\/\/www.linslerhof.de\/fr\/","name":"Linslerhof","description":"Historischer Gutshof","publisher":{"@id":"https:\/\/www.linslerhof.de\/fr\/#organization"},"potentialAction":[{"@type":"SearchAction","target":{"@type":"EntryPoint","urlTemplate":"https:\/\/www.linslerhof.de\/fr\/?s={search_term_string}"},"query-input":{"@type":"PropertyValueSpecification","valueRequired":true,"valueName":"search_term_string"}}],"inLanguage":"fr-FR"},{"@type":"Organization","@id":"https:\/\/www.linslerhof.de\/fr\/#organization","name":"Linslerhof","url":"https:\/\/www.linslerhof.de\/fr\/","logo":{"@type":"ImageObject","inLanguage":"fr-FR","@id":"https:\/\/www.linslerhof.de\/fr\/#\/schema\/logo\/image\/","url":"https:\/\/www.linslerhof.de\/wp-content\/uploads\/2020\/12\/Logo_2020.png","contentUrl":"https:\/\/www.linslerhof.de\/wp-content\/uploads\/2020\/12\/Logo_2020.png","width":466,"height":300,"caption":"Linslerhof"},"image":{"@id":"https:\/\/www.linslerhof.de\/fr\/#\/schema\/logo\/image\/"},"sameAs":["https:\/\/www.facebook.com\/Linslerhof","https:\/\/www.instagram.com\/linslerhof\/"]}]}},"_links":{"self":[{"href":"https:\/\/www.linslerhof.de\/fr\/wp-json\/wp\/v2\/pages\/38081","targetHints":{"allow":["GET"]}}],"collection":[{"href":"https:\/\/www.linslerhof.de\/fr\/wp-json\/wp\/v2\/pages"}],"about":[{"href":"https:\/\/www.linslerhof.de\/fr\/wp-json\/wp\/v2\/types\/page"}],"author":[{"embeddable":true,"href":"https:\/\/www.linslerhof.de\/fr\/wp-json\/wp\/v2\/users\/3"}],"replies":[{"embeddable":true,"href":"https:\/\/www.linslerhof.de\/fr\/wp-json\/wp\/v2\/comments?post=38081"}],"version-history":[{"count":48,"href":"https:\/\/www.linslerhof.de\/fr\/wp-json\/wp\/v2\/pages\/38081\/revisions"}],"predecessor-version":[{"id":47213,"href":"https:\/\/www.linslerhof.de\/fr\/wp-json\/wp\/v2\/pages\/38081\/revisions\/47213"}],"up":[{"embeddable":true,"href":"https:\/\/www.linslerhof.de\/fr\/wp-json\/wp\/v2\/pages\/33346"}],"wp:attachment":[{"href":"https:\/\/www.linslerhof.de\/fr\/wp-json\/wp\/v2\/media?parent=38081"}],"curies":[{"name":"wp","href":"https:\/\/api.w.org\/{rel}","templated":true}]}}