{"id":38383,"date":"2024-09-19T10:51:45","date_gmt":"2024-09-19T08:51:45","guid":{"rendered":"https:\/\/www.linslerhof.de\/restaurant-en-sarre\/petit-dejeuner\/"},"modified":"2026-04-13T10:03:48","modified_gmt":"2026-04-13T08:03:48","slug":"petit-dejeuner","status":"publish","type":"page","link":"https:\/\/www.linslerhof.de\/fr\/restaurant-en-sarre\/petit-dejeuner\/","title":{"rendered":"Petit d\u00e9jeuner"},"content":{"rendered":"<section class=\"l-section wpb_row us_custom_8d4f5dab height_medium\"><div class=\"l-section-h i-cf\"><div class=\"g-cols vc_row via_flex valign_top type_boxes stacking_default\"><div class=\"vc_col-sm-12 wpb_column vc_column_container fs-page-header-area fs-landscape has_bg_color\"><div class=\"vc_column-inner us_custom_92c3a1cb\"><div class=\"wpb_wrapper\"><\/div><\/div><\/div><\/div><\/div><\/section><section class=\"l-section wpb_row us_custom_3fcb7a80 fs-title-row height_medium\"><div class=\"l-section-h i-cf\"><div class=\"g-cols vc_row via_flex valign_top type_boxes stacking_default\"><div class=\"vc_col-sm-12 wpb_column vc_column_container\"><div class=\"vc_column-inner us_custom_5af77061\"><div class=\"wpb_wrapper\"><div class=\"g-cols wpb_row us_custom_d19ec48c fs-inner-area via_flex valign_top type_default stacking_default\"><div class=\"vc_col-sm-12 wpb_column vc_column_container\"><div class=\"vc_column-inner us_custom_e645dbf4\"><div class=\"wpb_wrapper\"><div class=\"wpb_text_column us_custom_50cc7d67\"><div class=\"wpb_wrapper\"><h1 style=\"text-align: center;\"><strong>Petit d\u00e9jeuner<\/strong><\/h1>\n<h3 style=\"text-align: left;\">Profitez de notre copieux petit d\u00e9jeuner buffet.<\/h3>\n<p style=\"text-align: left;\">Pour les clients externes, nous proposons chaque jour notre petit-d\u00e9jeuner \u00e0 l&rsquo;h\u00f4tel. Vous y trouverez des petits pains frais, de la p\u00e2te \u00e0 tartiner d\u00e9licieuse, du miel du Linslerhof, des c\u00e9r\u00e9ales, des fruits et des l\u00e9gumes. Vous trouverez \u00e9galement un grand choix de fromages et de charcuteries. Le tout accompagn\u00e9 de caf\u00e9, de th\u00e9 et de jus de fruits. Le buffet, boissons comprises, co\u00fbte 19,50\u20ac par personne. Les \u0153ufs, les omelettes et les cr\u00eapes sont disponibles moyennant un suppl\u00e9ment.     <\/p>\n<p>Les r\u00e9servations sont demand\u00e9es \u00e0 l&rsquo;adresse suivante<br \/>\n<a href=\"mailto:%20info@linslerhof.de\"><strong> info@linslerhof.de<\/strong><\/a><br \/>\n<a href=\"tel:+4968368070\"><strong>06836-8070<\/strong><\/a><\/p>\n<p><strong>Horaires du petit-d\u00e9jeuner :<\/strong><br \/>\nLundi \u00e0 vendredi : 06:30 &#8211; 10:00<br \/>\nSamedi, dimanche &amp; jours f\u00e9ri\u00e9s : 07:00 &#8211; 11:00<\/p>\n<\/div><\/div><\/div><\/div><\/div><\/div><\/div><\/div><\/div><\/div><\/div><\/section>\n","protected":false},"excerpt":{"rendered":"Petit d\u00e9jeuner Profitez de notre copieux petit d\u00e9jeuner buffet. Pour les clients externes, nous proposons chaque jour notre petit-d\u00e9jeuner \u00e0 l&rsquo;h\u00f4tel. Vous y trouverez des petits pains frais, de la p\u00e2te \u00e0 tartiner d\u00e9licieuse, du miel du Linslerhof, des c\u00e9r\u00e9ales, des fruits et des l\u00e9gumes. Vous trouverez \u00e9galement un grand choix de fromages et de...","protected":false},"author":3,"featured_media":0,"parent":33306,"menu_order":4,"comment_status":"closed","ping_status":"closed","template":"","meta":{"footnotes":""},"class_list":["post-38383","page","type-page","status-publish","hentry"],"yoast_head":"<!-- This site is optimized with the Yoast SEO plugin v27.5 - https:\/\/yoast.com\/product\/yoast-seo-wordpress\/ -->\n<title>Petit d\u00e9jeuner | Linslerhof<\/title>\n<meta name=\"description\" content=\"Mangez dans notre restaurant et notre Biergarten, qui vous invite \u00e0 vous attarder par beau temps. Une cabane pour barbecue est \u00e9galement disponible.\" \/>\n<meta name=\"robots\" content=\"index, follow, max-snippet:-1, max-image-preview:large, max-video-preview:-1\" \/>\n<link rel=\"canonical\" href=\"https:\/\/www.linslerhof.de\/fr\/restaurant-en-sarre\/petit-dejeuner\/\" \/>\n<meta property=\"og:locale\" content=\"fr_FR\" \/>\n<meta property=\"og:type\" content=\"article\" \/>\n<meta property=\"og:title\" content=\"Petit d\u00e9jeuner | Linslerhof\" \/>\n<meta property=\"og:description\" content=\"Mangez dans notre restaurant et notre Biergarten, qui vous invite \u00e0 vous attarder par beau temps. Une cabane pour barbecue est \u00e9galement disponible.\" \/>\n<meta property=\"og:url\" content=\"https:\/\/www.linslerhof.de\/fr\/restaurant-en-sarre\/petit-dejeuner\/\" \/>\n<meta property=\"og:site_name\" content=\"Linslerhof\" \/>\n<meta property=\"article:publisher\" content=\"https:\/\/www.facebook.com\/Linslerhof\" \/>\n<meta property=\"article:modified_time\" content=\"2026-04-13T08:03:48+00:00\" \/>\n<meta name=\"twitter:card\" content=\"summary_large_image\" \/>\n<meta name=\"twitter:label1\" content=\"Dur\u00e9e de lecture estim\u00e9e\" \/>\n\t<meta name=\"twitter:data1\" content=\"2 minutes\" \/>\n<script type=\"application\/ld+json\" class=\"yoast-schema-graph\">{\"@context\":\"https:\\\/\\\/schema.org\",\"@graph\":[{\"@type\":\"WebPage\",\"@id\":\"https:\\\/\\\/www.linslerhof.de\\\/fr\\\/restaurant-en-sarre\\\/petit-dejeuner\\\/\",\"url\":\"https:\\\/\\\/www.linslerhof.de\\\/fr\\\/restaurant-en-sarre\\\/petit-dejeuner\\\/\",\"name\":\"Petit d\u00e9jeuner | Linslerhof\",\"isPartOf\":{\"@id\":\"https:\\\/\\\/www.linslerhof.de\\\/fr\\\/#website\"},\"datePublished\":\"2024-09-19T08:51:45+00:00\",\"dateModified\":\"2026-04-13T08:03:48+00:00\",\"description\":\"Mangez dans notre restaurant et notre Biergarten, qui vous invite \u00e0 vous attarder par beau temps. Une cabane pour barbecue est \u00e9galement disponible.\",\"breadcrumb\":{\"@id\":\"https:\\\/\\\/www.linslerhof.de\\\/fr\\\/restaurant-en-sarre\\\/petit-dejeuner\\\/#breadcrumb\"},\"inLanguage\":\"fr-FR\",\"potentialAction\":[{\"@type\":\"ReadAction\",\"target\":[\"https:\\\/\\\/www.linslerhof.de\\\/fr\\\/restaurant-en-sarre\\\/petit-dejeuner\\\/\"]}]},{\"@type\":\"BreadcrumbList\",\"@id\":\"https:\\\/\\\/www.linslerhof.de\\\/fr\\\/restaurant-en-sarre\\\/petit-dejeuner\\\/#breadcrumb\",\"itemListElement\":[{\"@type\":\"ListItem\",\"position\":1,\"name\":\"Startseite\",\"item\":\"https:\\\/\\\/www.linslerhof.de\\\/fr\\\/hotel-4-etoiles-en-sarre\\\/\"},{\"@type\":\"ListItem\",\"position\":2,\"name\":\"Restaurant en Sarre\",\"item\":\"https:\\\/\\\/www.linslerhof.de\\\/fr\\\/restaurant-en-sarre\\\/\"},{\"@type\":\"ListItem\",\"position\":3,\"name\":\"Petit d\u00e9jeuner\"}]},{\"@type\":\"WebSite\",\"@id\":\"https:\\\/\\\/www.linslerhof.de\\\/fr\\\/#website\",\"url\":\"https:\\\/\\\/www.linslerhof.de\\\/fr\\\/\",\"name\":\"Linslerhof\",\"description\":\"Historischer Gutshof\",\"publisher\":{\"@id\":\"https:\\\/\\\/www.linslerhof.de\\\/fr\\\/#organization\"},\"potentialAction\":[{\"@type\":\"SearchAction\",\"target\":{\"@type\":\"EntryPoint\",\"urlTemplate\":\"https:\\\/\\\/www.linslerhof.de\\\/fr\\\/?s={search_term_string}\"},\"query-input\":{\"@type\":\"PropertyValueSpecification\",\"valueRequired\":true,\"valueName\":\"search_term_string\"}}],\"inLanguage\":\"fr-FR\"},{\"@type\":\"Organization\",\"@id\":\"https:\\\/\\\/www.linslerhof.de\\\/fr\\\/#organization\",\"name\":\"Linslerhof\",\"url\":\"https:\\\/\\\/www.linslerhof.de\\\/fr\\\/\",\"logo\":{\"@type\":\"ImageObject\",\"inLanguage\":\"fr-FR\",\"@id\":\"https:\\\/\\\/www.linslerhof.de\\\/fr\\\/#\\\/schema\\\/logo\\\/image\\\/\",\"url\":\"https:\\\/\\\/www.linslerhof.de\\\/wp-content\\\/uploads\\\/2020\\\/12\\\/Logo_2020.png\",\"contentUrl\":\"https:\\\/\\\/www.linslerhof.de\\\/wp-content\\\/uploads\\\/2020\\\/12\\\/Logo_2020.png\",\"width\":466,\"height\":300,\"caption\":\"Linslerhof\"},\"image\":{\"@id\":\"https:\\\/\\\/www.linslerhof.de\\\/fr\\\/#\\\/schema\\\/logo\\\/image\\\/\"},\"sameAs\":[\"https:\\\/\\\/www.facebook.com\\\/Linslerhof\",\"https:\\\/\\\/www.instagram.com\\\/linslerhof\\\/\"]}]}<\/script>\n<!-- \/ Yoast SEO plugin. -->","yoast_head_json":{"title":"Petit d\u00e9jeuner | Linslerhof","description":"Mangez dans notre restaurant et notre Biergarten, qui vous invite \u00e0 vous attarder par beau temps. Une cabane pour barbecue est \u00e9galement disponible.","robots":{"index":"index","follow":"follow","max-snippet":"max-snippet:-1","max-image-preview":"max-image-preview:large","max-video-preview":"max-video-preview:-1"},"canonical":"https:\/\/www.linslerhof.de\/fr\/restaurant-en-sarre\/petit-dejeuner\/","og_locale":"fr_FR","og_type":"article","og_title":"Petit d\u00e9jeuner | Linslerhof","og_description":"Mangez dans notre restaurant et notre Biergarten, qui vous invite \u00e0 vous attarder par beau temps. Une cabane pour barbecue est \u00e9galement disponible.","og_url":"https:\/\/www.linslerhof.de\/fr\/restaurant-en-sarre\/petit-dejeuner\/","og_site_name":"Linslerhof","article_publisher":"https:\/\/www.facebook.com\/Linslerhof","article_modified_time":"2026-04-13T08:03:48+00:00","twitter_card":"summary_large_image","twitter_misc":{"Dur\u00e9e de lecture estim\u00e9e":"2 minutes"},"schema":{"@context":"https:\/\/schema.org","@graph":[{"@type":"WebPage","@id":"https:\/\/www.linslerhof.de\/fr\/restaurant-en-sarre\/petit-dejeuner\/","url":"https:\/\/www.linslerhof.de\/fr\/restaurant-en-sarre\/petit-dejeuner\/","name":"Petit d\u00e9jeuner | Linslerhof","isPartOf":{"@id":"https:\/\/www.linslerhof.de\/fr\/#website"},"datePublished":"2024-09-19T08:51:45+00:00","dateModified":"2026-04-13T08:03:48+00:00","description":"Mangez dans notre restaurant et notre Biergarten, qui vous invite \u00e0 vous attarder par beau temps. Une cabane pour barbecue est \u00e9galement disponible.","breadcrumb":{"@id":"https:\/\/www.linslerhof.de\/fr\/restaurant-en-sarre\/petit-dejeuner\/#breadcrumb"},"inLanguage":"fr-FR","potentialAction":[{"@type":"ReadAction","target":["https:\/\/www.linslerhof.de\/fr\/restaurant-en-sarre\/petit-dejeuner\/"]}]},{"@type":"BreadcrumbList","@id":"https:\/\/www.linslerhof.de\/fr\/restaurant-en-sarre\/petit-dejeuner\/#breadcrumb","itemListElement":[{"@type":"ListItem","position":1,"name":"Startseite","item":"https:\/\/www.linslerhof.de\/fr\/hotel-4-etoiles-en-sarre\/"},{"@type":"ListItem","position":2,"name":"Restaurant en Sarre","item":"https:\/\/www.linslerhof.de\/fr\/restaurant-en-sarre\/"},{"@type":"ListItem","position":3,"name":"Petit d\u00e9jeuner"}]},{"@type":"WebSite","@id":"https:\/\/www.linslerhof.de\/fr\/#website","url":"https:\/\/www.linslerhof.de\/fr\/","name":"Linslerhof","description":"Historischer Gutshof","publisher":{"@id":"https:\/\/www.linslerhof.de\/fr\/#organization"},"potentialAction":[{"@type":"SearchAction","target":{"@type":"EntryPoint","urlTemplate":"https:\/\/www.linslerhof.de\/fr\/?s={search_term_string}"},"query-input":{"@type":"PropertyValueSpecification","valueRequired":true,"valueName":"search_term_string"}}],"inLanguage":"fr-FR"},{"@type":"Organization","@id":"https:\/\/www.linslerhof.de\/fr\/#organization","name":"Linslerhof","url":"https:\/\/www.linslerhof.de\/fr\/","logo":{"@type":"ImageObject","inLanguage":"fr-FR","@id":"https:\/\/www.linslerhof.de\/fr\/#\/schema\/logo\/image\/","url":"https:\/\/www.linslerhof.de\/wp-content\/uploads\/2020\/12\/Logo_2020.png","contentUrl":"https:\/\/www.linslerhof.de\/wp-content\/uploads\/2020\/12\/Logo_2020.png","width":466,"height":300,"caption":"Linslerhof"},"image":{"@id":"https:\/\/www.linslerhof.de\/fr\/#\/schema\/logo\/image\/"},"sameAs":["https:\/\/www.facebook.com\/Linslerhof","https:\/\/www.instagram.com\/linslerhof\/"]}]}},"_links":{"self":[{"href":"https:\/\/www.linslerhof.de\/fr\/wp-json\/wp\/v2\/pages\/38383","targetHints":{"allow":["GET"]}}],"collection":[{"href":"https:\/\/www.linslerhof.de\/fr\/wp-json\/wp\/v2\/pages"}],"about":[{"href":"https:\/\/www.linslerhof.de\/fr\/wp-json\/wp\/v2\/types\/page"}],"author":[{"embeddable":true,"href":"https:\/\/www.linslerhof.de\/fr\/wp-json\/wp\/v2\/users\/3"}],"replies":[{"embeddable":true,"href":"https:\/\/www.linslerhof.de\/fr\/wp-json\/wp\/v2\/comments?post=38383"}],"version-history":[{"count":37,"href":"https:\/\/www.linslerhof.de\/fr\/wp-json\/wp\/v2\/pages\/38383\/revisions"}],"predecessor-version":[{"id":47790,"href":"https:\/\/www.linslerhof.de\/fr\/wp-json\/wp\/v2\/pages\/38383\/revisions\/47790"}],"up":[{"embeddable":true,"href":"https:\/\/www.linslerhof.de\/fr\/wp-json\/wp\/v2\/pages\/33306"}],"wp:attachment":[{"href":"https:\/\/www.linslerhof.de\/fr\/wp-json\/wp\/v2\/media?parent=38383"}],"curies":[{"name":"wp","href":"https:\/\/api.w.org\/{rel}","templated":true}]}}