{"id":42311,"date":"2025-02-17T10:47:55","date_gmt":"2025-02-17T09:47:55","guid":{"rendered":"https:\/\/www.linslerhof.de\/lieu-devenement-en-sarre\/lieu-de-mariage-en-sarre\/plan-de-situation\/"},"modified":"2025-11-24T14:49:41","modified_gmt":"2025-11-24T13:49:41","slug":"plan-de-situation","status":"publish","type":"page","link":"https:\/\/www.linslerhof.de\/fr\/lieu-devenement-en-sarre\/lieu-de-mariage-en-sarre\/plan-de-situation\/","title":{"rendered":"Plan de situation"},"content":{"rendered":"<section class=\"l-section wpb_row us_custom_f749bf3c fs-title-row height_medium\"><div class=\"l-section-h i-cf\"><div class=\"g-cols vc_row via_flex valign_top type_boxes stacking_default\"><div class=\"vc_col-sm-12 wpb_column vc_column_container\"><div class=\"vc_column-inner us_custom_5af77061\"><div class=\"wpb_wrapper\"><div class=\"g-cols wpb_row via_flex valign_top type_default stacking_default\"><div class=\"vc_col-sm-12 wpb_column vc_column_container has_bg_color\"><div class=\"vc_column-inner us_custom_a1d124ad\"><div class=\"wpb_wrapper\">[vc_custom_heading text=\u00a0\u00bb<strong>Plan de situation<\/strong>\u00a0\u00bb font_container=\u00a0\u00bbtag:h1|font_size:45px|text_align:center|line_height:1.1em\u00a0\u00bb use_theme_fonts=\u00a0\u00bbyes\u00a0\u00bb css=\u00a0\u00bb%7B%22default%22%3A%7B%22margin-top%22%3A%2220px%22%2C%22margin-bottom%22%3A%2220px%22%2C%22font-size%22%3A%2245px%22%2C%22line-height%22%3A%221.1em%22%7D%7D\u00a0\u00bb]<div class=\"wpb_text_column us_custom_50cc7d67\"><div class=\"wpb_wrapper\"><p style=\"text-align: left\">Le Linslerhof dispose d&rsquo;une superficie totale de 330 hectares. Nous voulons que vous vous y retrouviez toujours bien !<\/p>\n<\/div><\/div><\/div><\/div><\/div><\/div><div class=\"g-cols wpb_row us_custom_e93349dc fs-inner-area via_flex valign_top type_default stacking_default\"><div class=\"vc_col-sm-12 wpb_column vc_column_container\"><div class=\"vc_column-inner us_custom_1dfdc494\"><div class=\"wpb_wrapper\"><div class=\"w-image align_center\"><a ref=\"magnificPopup\" href=\"https:\/\/www.linslerhof.de\/wp-content\/uploads\/2025\/03\/lageplan-2025.jpg\" aria-label=\"Linslerhof Lageplan f\u00fcr Hochzeitspaare\" class=\"w-image-h\"><img decoding=\"async\" width=\"1400\" height=\"933\" src=\"https:\/\/www.linslerhof.de\/wp-content\/uploads\/2025\/03\/lageplan-2025.jpg\" class=\"attachment-full size-full\" alt=\"Linslerhof Lageplan f\u00fcr Hochzeitspaare\" loading=\"lazy\" srcset=\"https:\/\/www.linslerhof.de\/wp-content\/uploads\/2025\/03\/lageplan-2025.jpg 1400w, https:\/\/www.linslerhof.de\/wp-content\/uploads\/2025\/03\/lageplan-2025-300x200.jpg 300w, https:\/\/www.linslerhof.de\/wp-content\/uploads\/2025\/03\/lageplan-2025-1024x682.jpg 1024w, https:\/\/www.linslerhof.de\/wp-content\/uploads\/2025\/03\/lageplan-2025-272x182.jpg 272w\" sizes=\"auto, (max-width: 1400px) 100vw, 1400px\" \/><\/a><\/div><\/div><\/div><\/div><\/div><div class=\"g-cols wpb_row via_flex valign_top type_default stacking_default\"><div class=\"vc_col-sm-12 wpb_column vc_column_container has_bg_color\"><div class=\"vc_column-inner us_custom_a1d124ad\"><div class=\"wpb_wrapper\"><div class=\"wpb_text_column us_custom_50cc7d67\"><div class=\"wpb_wrapper\"><p class=\"p1\">Dans la maison Galhaus, vous trouverez la salle de mariage et la plupart des <a href=\"https:\/\/www.linslerhof.de\/fr\/chambre\/\"><strong>Chambres d&rsquo;h\u00f4tel<\/strong><\/a>. Le <strong><a href=\"https:\/\/www.linslerhof.de\/fr\/lieu-devenement-en-sarre\/salle-des-fetes-marstall\/\">Marstall<\/a><\/strong> situ\u00e9e en face de l&rsquo;entr\u00e9e principale, est notre plus grande salle de r\u00e9ception. <strong><a href=\"https:\/\/www.linslerhof.de\/fr\/restaurant-en-sarre\/\">Le restaurant, le Biergarten<\/a><\/strong> et <strong><a href=\"https:\/\/www.linslerhof.de\/fr\/lieu-devenement-en-sarre\/salle-des-fetes-hubertus\/\">Salle Hubertus<\/a><\/strong> se trouvent dans un b\u00e2timent gastronomique s\u00e9par\u00e9. Vous pouvez vous dire \u00ab\u00a0oui\u00a0\u00bb en plein air sur la pelouse du manoir. Pour vous rendre \u00e0 la chapelle, suivez le sentier et les panneaux derri\u00e8re le parking de l&rsquo;h\u00f4tel.   <\/p>\n<\/div><\/div><\/div><\/div><\/div><\/div><\/div><\/div><\/div><\/div><\/div><\/section>\n","protected":false},"excerpt":{"rendered":"[vc_custom_heading text=\"Plan de situation\" font_container=\"tag:h1|font_size:45px|text_align:center|line_height:1.1em\" use_theme_fonts=\"yes\" css=\"%7B%22default%22%3A%7B%22margin-top%22%3A%2220px%22%2C%22margin-bottom%22%3A%2220px%22%2C%22font-size%22%3A%2245px%22%2C%22line-height%22%3A%221.1em%22%7D%7D\"]Le Linslerhof dispose d&rsquo;une superficie totale de 330 hectares. Nous voulons que vous vous y retrouviez toujours bien ! Dans la maison Galhaus, vous trouverez la salle de mariage et la plupart des Chambres d&rsquo;h\u00f4tel. Le Marstall situ\u00e9e en face de l&rsquo;entr\u00e9e principale, est notre plus grande salle de...","protected":false},"author":3,"featured_media":0,"parent":33362,"menu_order":3,"comment_status":"closed","ping_status":"closed","template":"","meta":{"footnotes":""},"class_list":["post-42311","page","type-page","status-publish","hentry"],"yoast_head":"<!-- This site is optimized with the Yoast SEO plugin v27.4 - https:\/\/yoast.com\/product\/yoast-seo-wordpress\/ -->\n<title>Plan de situation | Linslerhof<\/title>\n<meta name=\"description\" content=\"Gr\u00e2ce \u00e0 notre plan de situation de l&#039;h\u00f4tel 4 \u00e9toiles Linslerhof, vous gardez toujours une vue d&#039;ensemble sur notre vaste terrain de 330 hectares.\" \/>\n<meta name=\"robots\" content=\"index, follow, max-snippet:-1, max-image-preview:large, max-video-preview:-1\" \/>\n<link rel=\"canonical\" href=\"https:\/\/www.linslerhof.de\/fr\/lieu-devenement-en-sarre\/lieu-de-mariage-en-sarre\/plan-de-situation\/\" \/>\n<meta property=\"og:locale\" content=\"fr_FR\" \/>\n<meta property=\"og:type\" content=\"article\" \/>\n<meta property=\"og:title\" content=\"Plan de situation | Linslerhof\" \/>\n<meta property=\"og:description\" content=\"Gr\u00e2ce \u00e0 notre plan de situation de l&#039;h\u00f4tel 4 \u00e9toiles Linslerhof, vous gardez toujours une vue d&#039;ensemble sur notre vaste terrain de 330 hectares.\" \/>\n<meta property=\"og:url\" content=\"https:\/\/www.linslerhof.de\/fr\/lieu-devenement-en-sarre\/lieu-de-mariage-en-sarre\/plan-de-situation\/\" \/>\n<meta property=\"og:site_name\" content=\"Linslerhof\" \/>\n<meta property=\"article:publisher\" content=\"https:\/\/www.facebook.com\/Linslerhof\" \/>\n<meta property=\"article:modified_time\" content=\"2025-11-24T13:49:41+00:00\" \/>\n<meta name=\"twitter:card\" content=\"summary_large_image\" \/>\n<meta name=\"twitter:label1\" content=\"Dur\u00e9e de lecture estim\u00e9e\" \/>\n\t<meta name=\"twitter:data1\" content=\"2 minutes\" \/>\n<script type=\"application\/ld+json\" class=\"yoast-schema-graph\">{\"@context\":\"https:\\\/\\\/schema.org\",\"@graph\":[{\"@type\":\"WebPage\",\"@id\":\"https:\\\/\\\/www.linslerhof.de\\\/fr\\\/lieu-devenement-en-sarre\\\/lieu-de-mariage-en-sarre\\\/plan-de-situation\\\/\",\"url\":\"https:\\\/\\\/www.linslerhof.de\\\/fr\\\/lieu-devenement-en-sarre\\\/lieu-de-mariage-en-sarre\\\/plan-de-situation\\\/\",\"name\":\"Plan de situation | Linslerhof\",\"isPartOf\":{\"@id\":\"https:\\\/\\\/www.linslerhof.de\\\/fr\\\/#website\"},\"datePublished\":\"2025-02-17T09:47:55+00:00\",\"dateModified\":\"2025-11-24T13:49:41+00:00\",\"description\":\"Gr\u00e2ce \u00e0 notre plan de situation de l'h\u00f4tel 4 \u00e9toiles Linslerhof, vous gardez toujours une vue d'ensemble sur notre vaste terrain de 330 hectares.\",\"breadcrumb\":{\"@id\":\"https:\\\/\\\/www.linslerhof.de\\\/fr\\\/lieu-devenement-en-sarre\\\/lieu-de-mariage-en-sarre\\\/plan-de-situation\\\/#breadcrumb\"},\"inLanguage\":\"fr-FR\",\"potentialAction\":[{\"@type\":\"ReadAction\",\"target\":[\"https:\\\/\\\/www.linslerhof.de\\\/fr\\\/lieu-devenement-en-sarre\\\/lieu-de-mariage-en-sarre\\\/plan-de-situation\\\/\"]}]},{\"@type\":\"BreadcrumbList\",\"@id\":\"https:\\\/\\\/www.linslerhof.de\\\/fr\\\/lieu-devenement-en-sarre\\\/lieu-de-mariage-en-sarre\\\/plan-de-situation\\\/#breadcrumb\",\"itemListElement\":[{\"@type\":\"ListItem\",\"position\":1,\"name\":\"Startseite\",\"item\":\"https:\\\/\\\/www.linslerhof.de\\\/fr\\\/hotel-4-etoiles-en-sarre\\\/\"},{\"@type\":\"ListItem\",\"position\":2,\"name\":\"Lieu d&#8217;\u00e9v\u00e9nement en Sarre\",\"item\":\"https:\\\/\\\/www.linslerhof.de\\\/fr\\\/lieu-devenement-en-sarre\\\/\"},{\"@type\":\"ListItem\",\"position\":3,\"name\":\"Lieu de mariage en Sarre\",\"item\":\"https:\\\/\\\/www.linslerhof.de\\\/fr\\\/lieu-devenement-en-sarre\\\/lieu-de-mariage-en-sarre\\\/\"},{\"@type\":\"ListItem\",\"position\":4,\"name\":\"Plan de situation\"}]},{\"@type\":\"WebSite\",\"@id\":\"https:\\\/\\\/www.linslerhof.de\\\/fr\\\/#website\",\"url\":\"https:\\\/\\\/www.linslerhof.de\\\/fr\\\/\",\"name\":\"Linslerhof\",\"description\":\"Historischer Gutshof\",\"publisher\":{\"@id\":\"https:\\\/\\\/www.linslerhof.de\\\/fr\\\/#organization\"},\"potentialAction\":[{\"@type\":\"SearchAction\",\"target\":{\"@type\":\"EntryPoint\",\"urlTemplate\":\"https:\\\/\\\/www.linslerhof.de\\\/fr\\\/?s={search_term_string}\"},\"query-input\":{\"@type\":\"PropertyValueSpecification\",\"valueRequired\":true,\"valueName\":\"search_term_string\"}}],\"inLanguage\":\"fr-FR\"},{\"@type\":\"Organization\",\"@id\":\"https:\\\/\\\/www.linslerhof.de\\\/fr\\\/#organization\",\"name\":\"Linslerhof\",\"url\":\"https:\\\/\\\/www.linslerhof.de\\\/fr\\\/\",\"logo\":{\"@type\":\"ImageObject\",\"inLanguage\":\"fr-FR\",\"@id\":\"https:\\\/\\\/www.linslerhof.de\\\/fr\\\/#\\\/schema\\\/logo\\\/image\\\/\",\"url\":\"https:\\\/\\\/www.linslerhof.de\\\/wp-content\\\/uploads\\\/2020\\\/12\\\/Logo_2020.png\",\"contentUrl\":\"https:\\\/\\\/www.linslerhof.de\\\/wp-content\\\/uploads\\\/2020\\\/12\\\/Logo_2020.png\",\"width\":466,\"height\":300,\"caption\":\"Linslerhof\"},\"image\":{\"@id\":\"https:\\\/\\\/www.linslerhof.de\\\/fr\\\/#\\\/schema\\\/logo\\\/image\\\/\"},\"sameAs\":[\"https:\\\/\\\/www.facebook.com\\\/Linslerhof\",\"https:\\\/\\\/www.instagram.com\\\/linslerhof\\\/\"]}]}<\/script>\n<!-- \/ Yoast SEO plugin. -->","yoast_head_json":{"title":"Plan de situation | Linslerhof","description":"Gr\u00e2ce \u00e0 notre plan de situation de l'h\u00f4tel 4 \u00e9toiles Linslerhof, vous gardez toujours une vue d'ensemble sur notre vaste terrain de 330 hectares.","robots":{"index":"index","follow":"follow","max-snippet":"max-snippet:-1","max-image-preview":"max-image-preview:large","max-video-preview":"max-video-preview:-1"},"canonical":"https:\/\/www.linslerhof.de\/fr\/lieu-devenement-en-sarre\/lieu-de-mariage-en-sarre\/plan-de-situation\/","og_locale":"fr_FR","og_type":"article","og_title":"Plan de situation | Linslerhof","og_description":"Gr\u00e2ce \u00e0 notre plan de situation de l'h\u00f4tel 4 \u00e9toiles Linslerhof, vous gardez toujours une vue d'ensemble sur notre vaste terrain de 330 hectares.","og_url":"https:\/\/www.linslerhof.de\/fr\/lieu-devenement-en-sarre\/lieu-de-mariage-en-sarre\/plan-de-situation\/","og_site_name":"Linslerhof","article_publisher":"https:\/\/www.facebook.com\/Linslerhof","article_modified_time":"2025-11-24T13:49:41+00:00","twitter_card":"summary_large_image","twitter_misc":{"Dur\u00e9e de lecture estim\u00e9e":"2 minutes"},"schema":{"@context":"https:\/\/schema.org","@graph":[{"@type":"WebPage","@id":"https:\/\/www.linslerhof.de\/fr\/lieu-devenement-en-sarre\/lieu-de-mariage-en-sarre\/plan-de-situation\/","url":"https:\/\/www.linslerhof.de\/fr\/lieu-devenement-en-sarre\/lieu-de-mariage-en-sarre\/plan-de-situation\/","name":"Plan de situation | Linslerhof","isPartOf":{"@id":"https:\/\/www.linslerhof.de\/fr\/#website"},"datePublished":"2025-02-17T09:47:55+00:00","dateModified":"2025-11-24T13:49:41+00:00","description":"Gr\u00e2ce \u00e0 notre plan de situation de l'h\u00f4tel 4 \u00e9toiles Linslerhof, vous gardez toujours une vue d'ensemble sur notre vaste terrain de 330 hectares.","breadcrumb":{"@id":"https:\/\/www.linslerhof.de\/fr\/lieu-devenement-en-sarre\/lieu-de-mariage-en-sarre\/plan-de-situation\/#breadcrumb"},"inLanguage":"fr-FR","potentialAction":[{"@type":"ReadAction","target":["https:\/\/www.linslerhof.de\/fr\/lieu-devenement-en-sarre\/lieu-de-mariage-en-sarre\/plan-de-situation\/"]}]},{"@type":"BreadcrumbList","@id":"https:\/\/www.linslerhof.de\/fr\/lieu-devenement-en-sarre\/lieu-de-mariage-en-sarre\/plan-de-situation\/#breadcrumb","itemListElement":[{"@type":"ListItem","position":1,"name":"Startseite","item":"https:\/\/www.linslerhof.de\/fr\/hotel-4-etoiles-en-sarre\/"},{"@type":"ListItem","position":2,"name":"Lieu d&#8217;\u00e9v\u00e9nement en Sarre","item":"https:\/\/www.linslerhof.de\/fr\/lieu-devenement-en-sarre\/"},{"@type":"ListItem","position":3,"name":"Lieu de mariage en Sarre","item":"https:\/\/www.linslerhof.de\/fr\/lieu-devenement-en-sarre\/lieu-de-mariage-en-sarre\/"},{"@type":"ListItem","position":4,"name":"Plan de situation"}]},{"@type":"WebSite","@id":"https:\/\/www.linslerhof.de\/fr\/#website","url":"https:\/\/www.linslerhof.de\/fr\/","name":"Linslerhof","description":"Historischer Gutshof","publisher":{"@id":"https:\/\/www.linslerhof.de\/fr\/#organization"},"potentialAction":[{"@type":"SearchAction","target":{"@type":"EntryPoint","urlTemplate":"https:\/\/www.linslerhof.de\/fr\/?s={search_term_string}"},"query-input":{"@type":"PropertyValueSpecification","valueRequired":true,"valueName":"search_term_string"}}],"inLanguage":"fr-FR"},{"@type":"Organization","@id":"https:\/\/www.linslerhof.de\/fr\/#organization","name":"Linslerhof","url":"https:\/\/www.linslerhof.de\/fr\/","logo":{"@type":"ImageObject","inLanguage":"fr-FR","@id":"https:\/\/www.linslerhof.de\/fr\/#\/schema\/logo\/image\/","url":"https:\/\/www.linslerhof.de\/wp-content\/uploads\/2020\/12\/Logo_2020.png","contentUrl":"https:\/\/www.linslerhof.de\/wp-content\/uploads\/2020\/12\/Logo_2020.png","width":466,"height":300,"caption":"Linslerhof"},"image":{"@id":"https:\/\/www.linslerhof.de\/fr\/#\/schema\/logo\/image\/"},"sameAs":["https:\/\/www.facebook.com\/Linslerhof","https:\/\/www.instagram.com\/linslerhof\/"]}]}},"_links":{"self":[{"href":"https:\/\/www.linslerhof.de\/fr\/wp-json\/wp\/v2\/pages\/42311","targetHints":{"allow":["GET"]}}],"collection":[{"href":"https:\/\/www.linslerhof.de\/fr\/wp-json\/wp\/v2\/pages"}],"about":[{"href":"https:\/\/www.linslerhof.de\/fr\/wp-json\/wp\/v2\/types\/page"}],"author":[{"embeddable":true,"href":"https:\/\/www.linslerhof.de\/fr\/wp-json\/wp\/v2\/users\/3"}],"replies":[{"embeddable":true,"href":"https:\/\/www.linslerhof.de\/fr\/wp-json\/wp\/v2\/comments?post=42311"}],"version-history":[{"count":30,"href":"https:\/\/www.linslerhof.de\/fr\/wp-json\/wp\/v2\/pages\/42311\/revisions"}],"predecessor-version":[{"id":45321,"href":"https:\/\/www.linslerhof.de\/fr\/wp-json\/wp\/v2\/pages\/42311\/revisions\/45321"}],"up":[{"embeddable":true,"href":"https:\/\/www.linslerhof.de\/fr\/wp-json\/wp\/v2\/pages\/33362"}],"wp:attachment":[{"href":"https:\/\/www.linslerhof.de\/fr\/wp-json\/wp\/v2\/media?parent=42311"}],"curies":[{"name":"wp","href":"https:\/\/api.w.org\/{rel}","templated":true}]}}