{"id":44486,"date":"2025-06-13T09:13:54","date_gmt":"2025-06-13T07:13:54","guid":{"rendered":"https:\/\/www.linslerhof.de\/contact-demandes\/accessibilite\/"},"modified":"2025-08-12T10:17:44","modified_gmt":"2025-08-12T08:17:44","slug":"accessibilite","status":"publish","type":"page","link":"https:\/\/www.linslerhof.de\/fr\/contact\/accessibilite\/","title":{"rendered":"Accessibilit\u00e9"},"content":{"rendered":"<section class=\"l-section wpb_row us_custom_3fcb7a80 fs-title-row height_medium\"><div class=\"l-section-h i-cf\"><div class=\"g-cols vc_row via_flex valign_top type_boxes stacking_default\"><div class=\"vc_col-sm-12 wpb_column vc_column_container\"><div class=\"vc_column-inner us_custom_5af77061\"><div class=\"wpb_wrapper\"><div class=\"g-cols wpb_row us_custom_d19ec48c fs-inner-area via_flex valign_top type_default stacking_default\"><div class=\"vc_col-sm-12 wpb_column vc_column_container\"><div class=\"vc_column-inner us_custom_e645dbf4\"><div class=\"wpb_wrapper\">[vc_custom_heading text=\u00a0\u00bb<strong>D\u00e9claration d&apos;accessibilit\u00e9<br \/>\n<\/strong>\u00a0\u00bb font_container=\u00a0\u00bbtag:h1|font_size:45px|text_align:center|line_height:1.1em\u00a0\u00bb use_theme_fonts=\u00a0\u00bbyes\u00a0\u00bb css=\u00a0\u00bb%7B%22default%22%3A%7B%22font-size%22%3A%2245px%22%2C%22line-height%22%3A%221.1em%22%2C%22margin-top%22%3A%2220px%22%2C%22margin-bottom%22%3A%2220px%22%7D%7D\u00a0\u00bb]<\/div><\/div><\/div><\/div><\/div><\/div><\/div><\/div><\/div><\/section><section class=\"l-section wpb_row us_custom_33fe73d0 height_medium\"><div class=\"l-section-h i-cf\"><div class=\"g-cols vc_row via_flex valign_middle type_boxes stacking_default\" style=\"--additional-gap:10px;\"><div class=\"vc_col-sm-12 wpb_column vc_column_container has_bg_color us_animate_afr\"><div class=\"vc_column-inner us_custom_72239c0f\"><div class=\"wpb_wrapper\"><div class=\"wpb_text_column us_custom_50cc7d67\"><div class=\"wpb_wrapper\"><div id=\"jmdcontent\" data-jid=\"60336\" data-jtype=\"imprint\">\n<p>Country Life von Boch-Galhau GmbH &amp; Co. KG<br \/>\nLinslerhof 1<br \/>\n66802 \u00dcberherrn<br \/>\nAllemagne<\/p>\n<p>T\u00e9l\u00e9phone : +49 (0)6836 &#8211; 8070<br \/>\nMail : <a href=\"mailto:info@linslerhof.de\">info@linslerhof.de<\/a><\/p>\n<p>Introduction<br \/>\nLa soci\u00e9t\u00e9 Country Life von Boch-Galhau GmbH &amp; Co. KG s&rsquo;efforce de rendre son site Internet www.linslerhof.de accessible \u00e0 tous, conform\u00e9ment \u00e0 la loi allemande sur l&rsquo;accessibilit\u00e9 (Barrierefreiheitsst\u00e4rkungsgesetz, BFSG). La pr\u00e9sente d\u00e9claration d&rsquo;accessibilit\u00e9 s&rsquo;applique au site Internet www.linslerhof.de. <\/p>\n<p>Obstacles Signaler, donner son avis et contacter<br \/>\nAvez-vous rencontr\u00e9 des obstacles \u00e0 l&rsquo;acc\u00e8s au contenu de www.linslerhof.de ? N&rsquo;h\u00e9sitez pas \u00e0 nous les signaler. Nous nous r\u00e9jouissons de votre feed-back et nous nous efforcerons d&rsquo;\u00e9liminer les obstacles signal\u00e9s dans les meilleurs d\u00e9lais, dans la mesure des possibilit\u00e9s techniques et \u00e9conomiques. Veuillez nous indiquer sur quelle page et pour quelle fonction vous avez rencontr\u00e9 des obstacles. Pour cela, il vous suffit de copier le lien de la barre d&rsquo;adresse de votre navigateur. Vous pouvez nous signaler les obstacles par les moyens suivants :<br \/>\nE-mail : info@linslerhof.de<br \/>\nT\u00e9l\u00e9phone : +49 (0)6836 &#8211; 8070<br \/>\nAdresse postale : Country Life von Boch-Galhau GmbH &amp; Co. KG, Linslerhof 1, 66802 \u00dcberherrn, Allemagne     <\/p>\n<p>Organisme charg\u00e9 de l&rsquo;application<br \/>\nSi vous ne recevez pas de r\u00e9ponses satisfaisantes \u00e0 vos communications ou \u00e0 vos demandes concernant l&rsquo;accessibilit\u00e9, vous pouvez vous adresser \u00e0 l&rsquo;organisme charg\u00e9 de l&rsquo;application. L&rsquo;organisme charg\u00e9 de l&rsquo;application vous aidera \u00e0 faire valoir vos droits.<br \/>\nAdresse de l&rsquo;organisme charg\u00e9 de l&rsquo;application :<br \/>\nLandeskompetenzzentrum Barrierefreie IT (LBIT), Landgraf-Philipp-Platz 1-7, 35390 Gie\u00dfen<br \/>\nT\u00e9l\u00e9phone : +49 641 303-2902<br \/>\nE-mail : LBIT@rpgi.hessen.de <\/p>\n<p>Autorit\u00e9 de surveillance du march\u00e9<br \/>\nLes coordonn\u00e9es de l&rsquo;autorit\u00e9 de surveillance du march\u00e9 comp\u00e9tente sont les suivantes :<br \/>\nLandeskompetenzzentrum Barrierefreie IT (LBIT), Landgraf-Philipp-Platz 1-7, 35390 Gie\u00dfen<br \/>\nT\u00e9l\u00e9phone : +49 641 303-2902<br \/>\nE-mail : LBIT@rpgi.hessen.de<\/p>\n<p>Cette d\u00e9claration a \u00e9t\u00e9 r\u00e9dig\u00e9e le 13. 06. 2025.<br \/>\nCette d\u00e9claration d&rsquo;accessibilit\u00e9 a \u00e9t\u00e9 r\u00e9dig\u00e9e avec le plus grand soin et est r\u00e9guli\u00e8rement mise \u00e0 jour afin de r\u00e9pondre aux exigences et normes actuelles. Toutefois, des erreurs ne peuvent pas \u00eatre totalement exclues. Si vous trouvez des erreurs dans cette d\u00e9claration, merci de nous les signaler.<br \/>\nLa derni\u00e8re mise \u00e0 jour de ce document a eu lieu le 13. 06.    2025.<\/p>\n<\/div>\n<\/div><\/div><\/div><\/div><\/div><\/div><\/div><\/section>\n","protected":false},"excerpt":{"rendered":"[vc_custom_heading text=\"D\u00e9claration d&apos;accessibilit\u00e9 \" font_container=\"tag:h1|font_size:45px|text_align:center|line_height:1.1em\" use_theme_fonts=\"yes\" css=\"%7B%22default%22%3A%7B%22font-size%22%3A%2245px%22%2C%22line-height%22%3A%221.1em%22%2C%22margin-top%22%3A%2220px%22%2C%22margin-bottom%22%3A%2220px%22%7D%7D\"] Country Life von Boch-Galhau GmbH &amp; Co. KG Linslerhof 1 66802 \u00dcberherrn Allemagne T\u00e9l\u00e9phone : +49 (0)6836 &#8211; 8070 Mail : info@linslerhof.de Introduction La soci\u00e9t\u00e9 Country Life von Boch-Galhau GmbH &amp; Co. KG s&rsquo;efforce de rendre son site Internet www.linslerhof.de accessible \u00e0 tous, conform\u00e9ment \u00e0 la loi allemande...","protected":false},"author":3,"featured_media":0,"parent":33382,"menu_order":6,"comment_status":"closed","ping_status":"closed","template":"","meta":{"footnotes":""},"class_list":["post-44486","page","type-page","status-publish","hentry"],"yoast_head":"<!-- This site is optimized with the Yoast SEO plugin v27.5 - https:\/\/yoast.com\/product\/yoast-seo-wordpress\/ -->\n<title>Accessibilit\u00e9 | Linslerhof<\/title>\n<meta name=\"description\" content=\"La soci\u00e9t\u00e9 Country Life von Boch-Galhau GmbH &amp; Co. KG s&#039;efforce de rendre son site Internet www.linslerhof.de accessible \u00e0 tous, conform\u00e9ment \u00e0 la loi allemande sur le renforcement de l&#039;accessibilit\u00e9 (Barrierefreiheitsst\u00e4rkungsgesetz, BFSG).\" \/>\n<meta name=\"robots\" content=\"index, follow, max-snippet:-1, max-image-preview:large, max-video-preview:-1\" \/>\n<link rel=\"canonical\" href=\"https:\/\/www.linslerhof.de\/fr\/contact\/accessibilite\/\" \/>\n<meta property=\"og:locale\" content=\"fr_FR\" \/>\n<meta property=\"og:type\" content=\"article\" \/>\n<meta property=\"og:title\" content=\"Accessibilit\u00e9 | Linslerhof\" \/>\n<meta property=\"og:description\" content=\"La soci\u00e9t\u00e9 Country Life von Boch-Galhau GmbH &amp; Co. KG s&#039;efforce de rendre son site Internet www.linslerhof.de accessible \u00e0 tous, conform\u00e9ment \u00e0 la loi allemande sur le renforcement de l&#039;accessibilit\u00e9 (Barrierefreiheitsst\u00e4rkungsgesetz, BFSG).\" \/>\n<meta property=\"og:url\" content=\"https:\/\/www.linslerhof.de\/fr\/contact\/accessibilite\/\" \/>\n<meta property=\"og:site_name\" content=\"Linslerhof\" \/>\n<meta property=\"article:publisher\" content=\"https:\/\/www.facebook.com\/Linslerhof\" \/>\n<meta property=\"article:modified_time\" content=\"2025-08-12T08:17:44+00:00\" \/>\n<meta name=\"twitter:card\" content=\"summary_large_image\" \/>\n<meta name=\"twitter:label1\" content=\"Dur\u00e9e de lecture estim\u00e9e\" \/>\n\t<meta name=\"twitter:data1\" content=\"3 minutes\" \/>\n<script type=\"application\/ld+json\" class=\"yoast-schema-graph\">{\"@context\":\"https:\\\/\\\/schema.org\",\"@graph\":[{\"@type\":\"WebPage\",\"@id\":\"https:\\\/\\\/www.linslerhof.de\\\/fr\\\/contact\\\/accessibilite\\\/\",\"url\":\"https:\\\/\\\/www.linslerhof.de\\\/fr\\\/contact\\\/accessibilite\\\/\",\"name\":\"Accessibilit\u00e9 | Linslerhof\",\"isPartOf\":{\"@id\":\"https:\\\/\\\/www.linslerhof.de\\\/fr\\\/#website\"},\"datePublished\":\"2025-06-13T07:13:54+00:00\",\"dateModified\":\"2025-08-12T08:17:44+00:00\",\"description\":\"La soci\u00e9t\u00e9 Country Life von Boch-Galhau GmbH & Co. KG s'efforce de rendre son site Internet www.linslerhof.de accessible \u00e0 tous, conform\u00e9ment \u00e0 la loi allemande sur le renforcement de l'accessibilit\u00e9 (Barrierefreiheitsst\u00e4rkungsgesetz, BFSG).\",\"breadcrumb\":{\"@id\":\"https:\\\/\\\/www.linslerhof.de\\\/fr\\\/contact\\\/accessibilite\\\/#breadcrumb\"},\"inLanguage\":\"fr-FR\",\"potentialAction\":[{\"@type\":\"ReadAction\",\"target\":[\"https:\\\/\\\/www.linslerhof.de\\\/fr\\\/contact\\\/accessibilite\\\/\"]}]},{\"@type\":\"BreadcrumbList\",\"@id\":\"https:\\\/\\\/www.linslerhof.de\\\/fr\\\/contact\\\/accessibilite\\\/#breadcrumb\",\"itemListElement\":[{\"@type\":\"ListItem\",\"position\":1,\"name\":\"Startseite\",\"item\":\"https:\\\/\\\/www.linslerhof.de\\\/fr\\\/hotel-4-etoiles-en-sarre\\\/\"},{\"@type\":\"ListItem\",\"position\":2,\"name\":\"Contact\",\"item\":\"https:\\\/\\\/www.linslerhof.de\\\/fr\\\/contact\\\/\"},{\"@type\":\"ListItem\",\"position\":3,\"name\":\"Accessibilit\u00e9\"}]},{\"@type\":\"WebSite\",\"@id\":\"https:\\\/\\\/www.linslerhof.de\\\/fr\\\/#website\",\"url\":\"https:\\\/\\\/www.linslerhof.de\\\/fr\\\/\",\"name\":\"Linslerhof\",\"description\":\"Historischer Gutshof\",\"publisher\":{\"@id\":\"https:\\\/\\\/www.linslerhof.de\\\/fr\\\/#organization\"},\"potentialAction\":[{\"@type\":\"SearchAction\",\"target\":{\"@type\":\"EntryPoint\",\"urlTemplate\":\"https:\\\/\\\/www.linslerhof.de\\\/fr\\\/?s={search_term_string}\"},\"query-input\":{\"@type\":\"PropertyValueSpecification\",\"valueRequired\":true,\"valueName\":\"search_term_string\"}}],\"inLanguage\":\"fr-FR\"},{\"@type\":\"Organization\",\"@id\":\"https:\\\/\\\/www.linslerhof.de\\\/fr\\\/#organization\",\"name\":\"Linslerhof\",\"url\":\"https:\\\/\\\/www.linslerhof.de\\\/fr\\\/\",\"logo\":{\"@type\":\"ImageObject\",\"inLanguage\":\"fr-FR\",\"@id\":\"https:\\\/\\\/www.linslerhof.de\\\/fr\\\/#\\\/schema\\\/logo\\\/image\\\/\",\"url\":\"https:\\\/\\\/www.linslerhof.de\\\/wp-content\\\/uploads\\\/2020\\\/12\\\/Logo_2020.png\",\"contentUrl\":\"https:\\\/\\\/www.linslerhof.de\\\/wp-content\\\/uploads\\\/2020\\\/12\\\/Logo_2020.png\",\"width\":466,\"height\":300,\"caption\":\"Linslerhof\"},\"image\":{\"@id\":\"https:\\\/\\\/www.linslerhof.de\\\/fr\\\/#\\\/schema\\\/logo\\\/image\\\/\"},\"sameAs\":[\"https:\\\/\\\/www.facebook.com\\\/Linslerhof\",\"https:\\\/\\\/www.instagram.com\\\/linslerhof\\\/\"]}]}<\/script>\n<!-- \/ Yoast SEO plugin. -->","yoast_head_json":{"title":"Accessibilit\u00e9 | Linslerhof","description":"La soci\u00e9t\u00e9 Country Life von Boch-Galhau GmbH & Co. KG s'efforce de rendre son site Internet www.linslerhof.de accessible \u00e0 tous, conform\u00e9ment \u00e0 la loi allemande sur le renforcement de l'accessibilit\u00e9 (Barrierefreiheitsst\u00e4rkungsgesetz, BFSG).","robots":{"index":"index","follow":"follow","max-snippet":"max-snippet:-1","max-image-preview":"max-image-preview:large","max-video-preview":"max-video-preview:-1"},"canonical":"https:\/\/www.linslerhof.de\/fr\/contact\/accessibilite\/","og_locale":"fr_FR","og_type":"article","og_title":"Accessibilit\u00e9 | Linslerhof","og_description":"La soci\u00e9t\u00e9 Country Life von Boch-Galhau GmbH & Co. KG s'efforce de rendre son site Internet www.linslerhof.de accessible \u00e0 tous, conform\u00e9ment \u00e0 la loi allemande sur le renforcement de l'accessibilit\u00e9 (Barrierefreiheitsst\u00e4rkungsgesetz, BFSG).","og_url":"https:\/\/www.linslerhof.de\/fr\/contact\/accessibilite\/","og_site_name":"Linslerhof","article_publisher":"https:\/\/www.facebook.com\/Linslerhof","article_modified_time":"2025-08-12T08:17:44+00:00","twitter_card":"summary_large_image","twitter_misc":{"Dur\u00e9e de lecture estim\u00e9e":"3 minutes"},"schema":{"@context":"https:\/\/schema.org","@graph":[{"@type":"WebPage","@id":"https:\/\/www.linslerhof.de\/fr\/contact\/accessibilite\/","url":"https:\/\/www.linslerhof.de\/fr\/contact\/accessibilite\/","name":"Accessibilit\u00e9 | Linslerhof","isPartOf":{"@id":"https:\/\/www.linslerhof.de\/fr\/#website"},"datePublished":"2025-06-13T07:13:54+00:00","dateModified":"2025-08-12T08:17:44+00:00","description":"La soci\u00e9t\u00e9 Country Life von Boch-Galhau GmbH & Co. KG s'efforce de rendre son site Internet www.linslerhof.de accessible \u00e0 tous, conform\u00e9ment \u00e0 la loi allemande sur le renforcement de l'accessibilit\u00e9 (Barrierefreiheitsst\u00e4rkungsgesetz, BFSG).","breadcrumb":{"@id":"https:\/\/www.linslerhof.de\/fr\/contact\/accessibilite\/#breadcrumb"},"inLanguage":"fr-FR","potentialAction":[{"@type":"ReadAction","target":["https:\/\/www.linslerhof.de\/fr\/contact\/accessibilite\/"]}]},{"@type":"BreadcrumbList","@id":"https:\/\/www.linslerhof.de\/fr\/contact\/accessibilite\/#breadcrumb","itemListElement":[{"@type":"ListItem","position":1,"name":"Startseite","item":"https:\/\/www.linslerhof.de\/fr\/hotel-4-etoiles-en-sarre\/"},{"@type":"ListItem","position":2,"name":"Contact","item":"https:\/\/www.linslerhof.de\/fr\/contact\/"},{"@type":"ListItem","position":3,"name":"Accessibilit\u00e9"}]},{"@type":"WebSite","@id":"https:\/\/www.linslerhof.de\/fr\/#website","url":"https:\/\/www.linslerhof.de\/fr\/","name":"Linslerhof","description":"Historischer Gutshof","publisher":{"@id":"https:\/\/www.linslerhof.de\/fr\/#organization"},"potentialAction":[{"@type":"SearchAction","target":{"@type":"EntryPoint","urlTemplate":"https:\/\/www.linslerhof.de\/fr\/?s={search_term_string}"},"query-input":{"@type":"PropertyValueSpecification","valueRequired":true,"valueName":"search_term_string"}}],"inLanguage":"fr-FR"},{"@type":"Organization","@id":"https:\/\/www.linslerhof.de\/fr\/#organization","name":"Linslerhof","url":"https:\/\/www.linslerhof.de\/fr\/","logo":{"@type":"ImageObject","inLanguage":"fr-FR","@id":"https:\/\/www.linslerhof.de\/fr\/#\/schema\/logo\/image\/","url":"https:\/\/www.linslerhof.de\/wp-content\/uploads\/2020\/12\/Logo_2020.png","contentUrl":"https:\/\/www.linslerhof.de\/wp-content\/uploads\/2020\/12\/Logo_2020.png","width":466,"height":300,"caption":"Linslerhof"},"image":{"@id":"https:\/\/www.linslerhof.de\/fr\/#\/schema\/logo\/image\/"},"sameAs":["https:\/\/www.facebook.com\/Linslerhof","https:\/\/www.instagram.com\/linslerhof\/"]}]}},"_links":{"self":[{"href":"https:\/\/www.linslerhof.de\/fr\/wp-json\/wp\/v2\/pages\/44486","targetHints":{"allow":["GET"]}}],"collection":[{"href":"https:\/\/www.linslerhof.de\/fr\/wp-json\/wp\/v2\/pages"}],"about":[{"href":"https:\/\/www.linslerhof.de\/fr\/wp-json\/wp\/v2\/types\/page"}],"author":[{"embeddable":true,"href":"https:\/\/www.linslerhof.de\/fr\/wp-json\/wp\/v2\/users\/3"}],"replies":[{"embeddable":true,"href":"https:\/\/www.linslerhof.de\/fr\/wp-json\/wp\/v2\/comments?post=44486"}],"version-history":[{"count":4,"href":"https:\/\/www.linslerhof.de\/fr\/wp-json\/wp\/v2\/pages\/44486\/revisions"}],"predecessor-version":[{"id":45021,"href":"https:\/\/www.linslerhof.de\/fr\/wp-json\/wp\/v2\/pages\/44486\/revisions\/45021"}],"up":[{"embeddable":true,"href":"https:\/\/www.linslerhof.de\/fr\/wp-json\/wp\/v2\/pages\/33382"}],"wp:attachment":[{"href":"https:\/\/www.linslerhof.de\/fr\/wp-json\/wp\/v2\/media?parent=44486"}],"curies":[{"name":"wp","href":"https:\/\/api.w.org\/{rel}","templated":true}]}}