{"id":45115,"date":"2025-08-19T14:27:40","date_gmt":"2025-08-19T12:27:40","guid":{"rendered":"https:\/\/www.linslerhof.de\/lieu-devenement-en-sarre\/lieu-de-mariage-en-sarre\/package-complet-mariage-classique\/"},"modified":"2026-01-22T11:26:55","modified_gmt":"2026-01-22T10:26:55","slug":"package-complet-mariage-classique","status":"publish","type":"page","link":"https:\/\/www.linslerhof.de\/fr\/lieu-devenement-en-sarre\/lieu-de-mariage-en-sarre\/package-complet-mariage-classique\/","title":{"rendered":"Package complet Mariage Classique"},"content":{"rendered":"<section class=\"l-section wpb_row us_custom_1abdb309 hide_on_tablets hide_on_mobiles height_medium\"><div class=\"l-section-h i-cf\"><div class=\"g-cols vc_row via_flex valign_middle type_boxes stacking_default\" style=\"--additional-gap:10px;\"><div class=\"vc_col-sm-6 wpb_column vc_column_container  has_bg_color\"><div class=\"vc_column-inner us_custom_504d1e89 us_animate_this\"><div class=\"wpb_wrapper\"><\/div><\/div><\/div><div class=\"vc_col-sm-6 wpb_column vc_column_container has_bg_color\"><div class=\"vc_column-inner us_custom_94501421\"><div class=\"wpb_wrapper\"><div class=\"wpb_text_column us_custom_50cc7d67\"><div class=\"wpb_wrapper\"><h1><strong>Pack complet <\/strong><strong>Mariage <\/strong><strong>Classique<\/strong><\/h1>\n<h3 style=\"text-align: left;\">Votre mariage romantique au Linslerhof<\/h3>\n<p style=\"text-align: left;\">C\u00e9l\u00e9brez en toute d\u00e9contraction dans notre ambiance particuli\u00e8re avec une r\u00e9ception au champagne, un buffet de mariage et un accompagnement de boissons.<\/p>\n<p><strong>devis sans engagement : <\/strong><\/p>\n<ul>\n<li>R\u00e9ception au champagne<\/li>\n<li>Buffet ou BBQ<\/li>\n<li>Forfait boissons jusqu&rsquo;\u00e0 3 heures<\/li>\n<li>\u00e0 partir de 129,- \u20ac par personne (plus location de la salle \u00e0 partir de 300,- \u20ac)<\/li>\n<\/ul>\n<p><strong>Services suppl\u00e9mentaires : <\/strong><\/p>\n<ul>\n<li>Linge de table pour 250,- \u20ac.<\/li>\n<li style=\"text-align: left;\">C\u00e9r\u00e9monie de mariage libre ou religieuse dans la chapelle pour 350,- \u20ac.<\/li>\n<li style=\"text-align: left;\">C\u00e9r\u00e9monie civile dans la salle de mariage pour 300,- \u20ac.<\/li>\n<li>Fingerfood \u00e0 14,50\u20ac p.p.<\/li>\n<li>Collation de minuit pour 7,50\u20ac p.p.<\/li>\n<li>Forfait long drink \u00e0 19,50\u20ac p.p.<\/li>\n<\/ul>\n<p style=\"text-align: left;\">Nous nous ferons \u00e9galement un plaisir de vous faire une offre personnalis\u00e9e et de vous conseiller dans l&rsquo;organisation de votre mariage.<br \/>\nT\u00e9l\u00e9phone :<a href=\"tel:+49683680766\"><strong> 06836-807-66<\/strong><\/a> \/\/ E-mail :\u00a0<strong><a href=\"mailto:bankett@linslerhof.de\">bankett@linslerhof.de<\/a><br \/>\n<\/strong><\/p>\n<\/div><\/div><div class=\" vc_custom_1769077605996 ubtn-ctn-left \"><a class=\"ubtn-link ult-adjust-bottom-margin ubtn-left ubtn-large \" href=\"https:\/\/www.linslerhof.de\/fr\/lieu-devenement-en-sarre\/demandes-devenements\/\" title=\"Demandes d\" ><button type=\"button\" id=\"ubtn-2620\"  class=\"ubtn ult-adjust-bottom-margin ult-responsive ubtn-large ubtn-no-hover-bg  ulta-grow  ubtn-left   tooltip-69f3aba86858b\"  data-hover=\"\" data-border-color=\"\" data-bg=\"#d74808\" data-hover-bg=\"\" data-border-hover=\"\" data-shadow-hover=\"\" data-shadow-click=\"none\" data-shadow=\"\" data-shd-shadow=\"\"  data-ultimate-target='#ubtn-2620'  data-responsive-json-new='{\"font-size\":\"desktop:20px;tablet:18px;tablet_portrait:18px;mobile_landscape:15px;mobile:15px;\",\"line-height\":\"\"}'  style=\"font-family:&#039;Open Sans Condensed&#039;;font-weight:normal;font-style:normal;border:none;background: #d74808;color: #ffffff;\"><span class=\"ubtn-hover\" style=\"background-color:\"><\/span><span class=\"ubtn-data ubtn-text \" >DEMANDEZ CONSEIL MAINTENANT !<\/span><\/button><\/a><\/div><div class=\"wpb_text_column us_custom_50cc7d67\"><div class=\"wpb_wrapper\"><p><a href=\"https:\/\/www.linslerhof.de\/fr\/lieu-de-mariage-en-sarre\/\"><span style=\"color: #d74808;\"><strong>&gt;&gt; RETOUR \u00c0 L&rsquo;APER\u00c7U DES OFFRES<\/strong><\/span><\/a><\/p>\n<\/div><\/div><\/div><\/div><\/div><\/div><\/div><\/section><section class=\"l-section wpb_row us_custom_1abdb309 hide_on_default hide_on_laptops height_medium\"><div class=\"l-section-h i-cf\"><div class=\"g-cols vc_row via_flex valign_middle type_boxes stacking_default\" style=\"--additional-gap:10px;\"><div class=\"vc_col-sm-6 wpb_column vc_column_container  hide_on_default hide_on_laptops hide_on_tablets has_bg_color\"><div class=\"vc_column-inner us_custom_96155d5b us_animate_this\"><div class=\"wpb_wrapper\"><\/div><\/div><\/div><div class=\"vc_col-sm-6 wpb_column vc_column_container has_bg_color\"><div class=\"vc_column-inner us_custom_94501421\"><div class=\"wpb_wrapper\"><div class=\"wpb_text_column us_custom_50cc7d67\"><div class=\"wpb_wrapper\"><h1><strong>Pack complet <\/strong><strong>Mariage <\/strong><strong>Classique<\/strong><\/h1>\n<h3 style=\"text-align: left;\">Votre mariage romantique au Linslerhof<\/h3>\n<p style=\"text-align: left;\">C\u00e9l\u00e9brez en toute d\u00e9contraction dans notre ambiance particuli\u00e8re avec une r\u00e9ception au champagne, un buffet de mariage et un accompagnement de boissons.<\/p>\n<p><strong>devis sans engagement : <\/strong><\/p>\n<ul>\n<li>R\u00e9ception au champagne<\/li>\n<li>Buffet ou BBQ<\/li>\n<li>Forfait boissons jusqu&rsquo;\u00e0 3 heures<\/li>\n<li>\u00e0 partir de 129,- \u20ac par personne (plus location de la salle \u00e0 partir de 300,- \u20ac)<\/li>\n<\/ul>\n<p><strong>Services suppl\u00e9mentaires : <\/strong><\/p>\n<ul>\n<li>Linge de table pour 250,- \u20ac.<\/li>\n<li style=\"text-align: left;\">C\u00e9r\u00e9monie de mariage libre ou religieuse dans la chapelle pour 350,- \u20ac.<\/li>\n<li style=\"text-align: left;\">C\u00e9r\u00e9monie civile dans la salle de mariage pour 300,- \u20ac.<\/li>\n<li>Fingerfood \u00e0 14,50\u20ac p.p.<\/li>\n<li>Collation de minuit pour 7,50\u20ac p.p.<\/li>\n<li>Forfait long drink \u00e0 19,50\u20ac p.p.<\/li>\n<\/ul>\n<p style=\"text-align: left;\">Nous nous ferons \u00e9galement un plaisir de vous faire une offre personnalis\u00e9e et de vous conseiller dans l&rsquo;organisation de votre mariage.<br \/>\nT\u00e9l\u00e9phone : <a href=\"tel:+49683680766\"><strong>06836-807-66<\/strong><\/a> \/\/ E-mail :\u00a0<strong><a href=\"mailto:bankett@linslerhof.de\">bankett@linslerhof.de<\/a><br \/>\n<\/strong><\/p>\n<\/div><\/div><div class=\" vc_custom_1769077554748 ubtn-ctn-left \"><a class=\"ubtn-link ult-adjust-bottom-margin ubtn-left ubtn-large \" href=\"https:\/\/www.linslerhof.de\/fr\/lieu-devenement-en-sarre\/demandes-devenements\/\" title=\"Demandes d\" ><button type=\"button\" id=\"ubtn-5340\"  class=\"ubtn ult-adjust-bottom-margin ult-responsive ubtn-large ubtn-no-hover-bg  ulta-grow  ubtn-left   tooltip-69f3aba868dd5\"  data-hover=\"\" data-border-color=\"\" data-bg=\"#d74808\" data-hover-bg=\"\" data-border-hover=\"\" data-shadow-hover=\"\" data-shadow-click=\"none\" data-shadow=\"\" data-shd-shadow=\"\"  data-ultimate-target='#ubtn-5340'  data-responsive-json-new='{\"font-size\":\"desktop:20px;tablet:18px;tablet_portrait:18px;mobile_landscape:15px;mobile:15px;\",\"line-height\":\"\"}'  style=\"font-family:&#039;Open Sans Condensed&#039;;font-weight:normal;font-style:normal;border:none;background: #d74808;color: #ffffff;\"><span class=\"ubtn-hover\" style=\"background-color:\"><\/span><span class=\"ubtn-data ubtn-text \" >DEMANDEZ CONSEIL MAINTENANT !<\/span><\/button><\/a><\/div><div class=\"wpb_text_column us_custom_50cc7d67\"><div class=\"wpb_wrapper\"><p><a href=\"https:\/\/www.linslerhof.de\/fr\/lieu-de-mariage-en-sarre\/\"><span style=\"color: #d74808;\"><strong>&gt;&gt; RETOUR \u00c0 L&rsquo;APER\u00c7U DES OFFRES<\/strong><\/span><\/a><\/p>\n<\/div><\/div><\/div><\/div><\/div><\/div><\/div><\/section><section class=\"l-section wpb_row us_custom_1abdb309 height_medium\"><div class=\"l-section-h i-cf\"><div class=\"g-cols vc_row via_flex valign_middle type_boxes stacking_default\" style=\"--additional-gap:10px;\"><div class=\"vc_col-sm-12 wpb_column vc_column_container has_bg_color\"><div class=\"vc_column-inner us_custom_94501421\"><div class=\"wpb_wrapper\"><div class=\"wpb_text_column us_custom_50cc7d67\"><div class=\"wpb_wrapper\"><p><strong>Vivez le plus beau jour de votre vie au Linslerhof<\/strong><br \/>\n<span>Faites de votre r\u00eave de mariage une r\u00e9alit\u00e9 au c\u0153ur de la nature idyllique et de l&rsquo;ambiance historique du Linslerhof. Avec notre \u00ab\u00a0package complet mariage classique\u00a0\u00bb, nous vous offrons un plaisir sans souci : d&rsquo;une r\u00e9ception \u00e9l\u00e9gante au champagne \u00e0 un d\u00e9licieux buffet de mariage, en passant par un forfait boissons &#8211; votre f\u00eate est entre de bonnes mains chez nous. D\u00e9tendez-vous et profitez de moments inoubliables avec vos proches pendant que nous nous occupons de chaque d\u00e9tail. <\/span><br \/>\n<span>Que vous r\u00eaviez d&rsquo;une c\u00e9r\u00e9monie de mariage libre ou religieuse dans notre chapelle romantique, que vous souhaitiez g\u00e2ter vos invit\u00e9s avec des fingerfoods exclusifs ou une collation de minuit &#8211; notre offre vari\u00e9e r\u00e9pond \u00e0 tous vos souhaits. Notre ambiance \u00e9l\u00e9gante, nos services personnalisables et nos conseils professionnels feront de votre mariage un moment unique. <\/span><\/p>\n<p><span>Faites confiance \u00e0 notre exp\u00e9rience et laissez-vous conseiller personnellement. Ensemble, nous organiserons votre journ\u00e9e sp\u00e9ciale &#8211; aussi individuelle que votre amour. Convenez d\u00e8s maintenant d&rsquo;un rendez-vous sans engagement <a href=\"https:\/\/www.linslerhof.de\/fr\/demandes-devenements\/\"><strong>Entretien<\/strong><\/a>! <\/span><\/p>\n<p><span>C\u00e9l\u00e9brez votre mariage au Linslerhof &#8211; o\u00f9 les grandes \u00e9motions et les moments festifs se transforment en souvenirs \u00e9ternels.<\/span><\/p>\n<\/div><\/div><\/div><\/div><\/div><\/div><\/div><\/section>\n","protected":false},"excerpt":{"rendered":"Pack complet Mariage Classique Votre mariage romantique au Linslerhof C\u00e9l\u00e9brez en toute d\u00e9contraction dans notre ambiance particuli\u00e8re avec une r\u00e9ception au champagne, un buffet de mariage et un accompagnement de boissons. devis sans engagement : R\u00e9ception au champagne Buffet ou BBQ Forfait boissons jusqu&rsquo;\u00e0 3 heures \u00e0 partir de 129,- \u20ac par personne (plus location...","protected":false},"author":3,"featured_media":0,"parent":33362,"menu_order":6,"comment_status":"closed","ping_status":"closed","template":"","meta":{"footnotes":""},"class_list":["post-45115","page","type-page","status-publish","hentry"],"yoast_head":"<!-- This site is optimized with the Yoast SEO plugin v27.5 - https:\/\/yoast.com\/product\/yoast-seo-wordpress\/ -->\n<title>Package complet Mariage Classique | Linslerhof<\/title>\n<meta name=\"description\" content=\"Mariage d&#039;hiver au Linslerhof \u00e0 partir de 99\u20ac par personne. Le mariage de vos r\u00eaves dans le domaine hivernal !\" \/>\n<meta name=\"robots\" content=\"index, follow, max-snippet:-1, max-image-preview:large, max-video-preview:-1\" \/>\n<link rel=\"canonical\" href=\"https:\/\/www.linslerhof.de\/fr\/lieu-devenement-en-sarre\/lieu-de-mariage-en-sarre\/package-complet-mariage-classique\/\" \/>\n<meta property=\"og:locale\" content=\"fr_FR\" \/>\n<meta property=\"og:type\" content=\"article\" \/>\n<meta property=\"og:title\" content=\"Package complet Mariage Classique | Linslerhof\" \/>\n<meta property=\"og:description\" content=\"Mariage d&#039;hiver au Linslerhof \u00e0 partir de 99\u20ac par personne. Le mariage de vos r\u00eaves dans le domaine hivernal !\" \/>\n<meta property=\"og:url\" content=\"https:\/\/www.linslerhof.de\/fr\/lieu-devenement-en-sarre\/lieu-de-mariage-en-sarre\/package-complet-mariage-classique\/\" \/>\n<meta property=\"og:site_name\" content=\"Linslerhof\" \/>\n<meta property=\"article:publisher\" content=\"https:\/\/www.facebook.com\/Linslerhof\" \/>\n<meta property=\"article:modified_time\" content=\"2026-01-22T10:26:55+00:00\" \/>\n<meta name=\"twitter:card\" content=\"summary_large_image\" \/>\n<meta name=\"twitter:label1\" content=\"Dur\u00e9e de lecture estim\u00e9e\" \/>\n\t<meta name=\"twitter:data1\" content=\"4 minutes\" \/>\n<script type=\"application\/ld+json\" class=\"yoast-schema-graph\">{\"@context\":\"https:\\\/\\\/schema.org\",\"@graph\":[{\"@type\":\"WebPage\",\"@id\":\"https:\\\/\\\/www.linslerhof.de\\\/fr\\\/lieu-devenement-en-sarre\\\/lieu-de-mariage-en-sarre\\\/package-complet-mariage-classique\\\/\",\"url\":\"https:\\\/\\\/www.linslerhof.de\\\/fr\\\/lieu-devenement-en-sarre\\\/lieu-de-mariage-en-sarre\\\/package-complet-mariage-classique\\\/\",\"name\":\"Package complet Mariage Classique | Linslerhof\",\"isPartOf\":{\"@id\":\"https:\\\/\\\/www.linslerhof.de\\\/fr\\\/#website\"},\"datePublished\":\"2025-08-19T12:27:40+00:00\",\"dateModified\":\"2026-01-22T10:26:55+00:00\",\"description\":\"Mariage d'hiver au Linslerhof \u00e0 partir de 99\u20ac par personne. Le mariage de vos r\u00eaves dans le domaine hivernal !\",\"breadcrumb\":{\"@id\":\"https:\\\/\\\/www.linslerhof.de\\\/fr\\\/lieu-devenement-en-sarre\\\/lieu-de-mariage-en-sarre\\\/package-complet-mariage-classique\\\/#breadcrumb\"},\"inLanguage\":\"fr-FR\",\"potentialAction\":[{\"@type\":\"ReadAction\",\"target\":[\"https:\\\/\\\/www.linslerhof.de\\\/fr\\\/lieu-devenement-en-sarre\\\/lieu-de-mariage-en-sarre\\\/package-complet-mariage-classique\\\/\"]}]},{\"@type\":\"BreadcrumbList\",\"@id\":\"https:\\\/\\\/www.linslerhof.de\\\/fr\\\/lieu-devenement-en-sarre\\\/lieu-de-mariage-en-sarre\\\/package-complet-mariage-classique\\\/#breadcrumb\",\"itemListElement\":[{\"@type\":\"ListItem\",\"position\":1,\"name\":\"Startseite\",\"item\":\"https:\\\/\\\/www.linslerhof.de\\\/fr\\\/hotel-4-etoiles-en-sarre\\\/\"},{\"@type\":\"ListItem\",\"position\":2,\"name\":\"Lieu d&#8217;\u00e9v\u00e9nement en Sarre\",\"item\":\"https:\\\/\\\/www.linslerhof.de\\\/fr\\\/lieu-devenement-en-sarre\\\/\"},{\"@type\":\"ListItem\",\"position\":3,\"name\":\"Lieu de mariage en Sarre\",\"item\":\"https:\\\/\\\/www.linslerhof.de\\\/fr\\\/lieu-devenement-en-sarre\\\/lieu-de-mariage-en-sarre\\\/\"},{\"@type\":\"ListItem\",\"position\":4,\"name\":\"Package complet Mariage Classique\"}]},{\"@type\":\"WebSite\",\"@id\":\"https:\\\/\\\/www.linslerhof.de\\\/fr\\\/#website\",\"url\":\"https:\\\/\\\/www.linslerhof.de\\\/fr\\\/\",\"name\":\"Linslerhof\",\"description\":\"Historischer Gutshof\",\"publisher\":{\"@id\":\"https:\\\/\\\/www.linslerhof.de\\\/fr\\\/#organization\"},\"potentialAction\":[{\"@type\":\"SearchAction\",\"target\":{\"@type\":\"EntryPoint\",\"urlTemplate\":\"https:\\\/\\\/www.linslerhof.de\\\/fr\\\/?s={search_term_string}\"},\"query-input\":{\"@type\":\"PropertyValueSpecification\",\"valueRequired\":true,\"valueName\":\"search_term_string\"}}],\"inLanguage\":\"fr-FR\"},{\"@type\":\"Organization\",\"@id\":\"https:\\\/\\\/www.linslerhof.de\\\/fr\\\/#organization\",\"name\":\"Linslerhof\",\"url\":\"https:\\\/\\\/www.linslerhof.de\\\/fr\\\/\",\"logo\":{\"@type\":\"ImageObject\",\"inLanguage\":\"fr-FR\",\"@id\":\"https:\\\/\\\/www.linslerhof.de\\\/fr\\\/#\\\/schema\\\/logo\\\/image\\\/\",\"url\":\"https:\\\/\\\/www.linslerhof.de\\\/wp-content\\\/uploads\\\/2020\\\/12\\\/Logo_2020.png\",\"contentUrl\":\"https:\\\/\\\/www.linslerhof.de\\\/wp-content\\\/uploads\\\/2020\\\/12\\\/Logo_2020.png\",\"width\":466,\"height\":300,\"caption\":\"Linslerhof\"},\"image\":{\"@id\":\"https:\\\/\\\/www.linslerhof.de\\\/fr\\\/#\\\/schema\\\/logo\\\/image\\\/\"},\"sameAs\":[\"https:\\\/\\\/www.facebook.com\\\/Linslerhof\",\"https:\\\/\\\/www.instagram.com\\\/linslerhof\\\/\"]}]}<\/script>\n<!-- \/ Yoast SEO plugin. -->","yoast_head_json":{"title":"Package complet Mariage Classique | Linslerhof","description":"Mariage d'hiver au Linslerhof \u00e0 partir de 99\u20ac par personne. Le mariage de vos r\u00eaves dans le domaine hivernal !","robots":{"index":"index","follow":"follow","max-snippet":"max-snippet:-1","max-image-preview":"max-image-preview:large","max-video-preview":"max-video-preview:-1"},"canonical":"https:\/\/www.linslerhof.de\/fr\/lieu-devenement-en-sarre\/lieu-de-mariage-en-sarre\/package-complet-mariage-classique\/","og_locale":"fr_FR","og_type":"article","og_title":"Package complet Mariage Classique | Linslerhof","og_description":"Mariage d'hiver au Linslerhof \u00e0 partir de 99\u20ac par personne. Le mariage de vos r\u00eaves dans le domaine hivernal !","og_url":"https:\/\/www.linslerhof.de\/fr\/lieu-devenement-en-sarre\/lieu-de-mariage-en-sarre\/package-complet-mariage-classique\/","og_site_name":"Linslerhof","article_publisher":"https:\/\/www.facebook.com\/Linslerhof","article_modified_time":"2026-01-22T10:26:55+00:00","twitter_card":"summary_large_image","twitter_misc":{"Dur\u00e9e de lecture estim\u00e9e":"4 minutes"},"schema":{"@context":"https:\/\/schema.org","@graph":[{"@type":"WebPage","@id":"https:\/\/www.linslerhof.de\/fr\/lieu-devenement-en-sarre\/lieu-de-mariage-en-sarre\/package-complet-mariage-classique\/","url":"https:\/\/www.linslerhof.de\/fr\/lieu-devenement-en-sarre\/lieu-de-mariage-en-sarre\/package-complet-mariage-classique\/","name":"Package complet Mariage Classique | Linslerhof","isPartOf":{"@id":"https:\/\/www.linslerhof.de\/fr\/#website"},"datePublished":"2025-08-19T12:27:40+00:00","dateModified":"2026-01-22T10:26:55+00:00","description":"Mariage d'hiver au Linslerhof \u00e0 partir de 99\u20ac par personne. Le mariage de vos r\u00eaves dans le domaine hivernal !","breadcrumb":{"@id":"https:\/\/www.linslerhof.de\/fr\/lieu-devenement-en-sarre\/lieu-de-mariage-en-sarre\/package-complet-mariage-classique\/#breadcrumb"},"inLanguage":"fr-FR","potentialAction":[{"@type":"ReadAction","target":["https:\/\/www.linslerhof.de\/fr\/lieu-devenement-en-sarre\/lieu-de-mariage-en-sarre\/package-complet-mariage-classique\/"]}]},{"@type":"BreadcrumbList","@id":"https:\/\/www.linslerhof.de\/fr\/lieu-devenement-en-sarre\/lieu-de-mariage-en-sarre\/package-complet-mariage-classique\/#breadcrumb","itemListElement":[{"@type":"ListItem","position":1,"name":"Startseite","item":"https:\/\/www.linslerhof.de\/fr\/hotel-4-etoiles-en-sarre\/"},{"@type":"ListItem","position":2,"name":"Lieu d&#8217;\u00e9v\u00e9nement en Sarre","item":"https:\/\/www.linslerhof.de\/fr\/lieu-devenement-en-sarre\/"},{"@type":"ListItem","position":3,"name":"Lieu de mariage en Sarre","item":"https:\/\/www.linslerhof.de\/fr\/lieu-devenement-en-sarre\/lieu-de-mariage-en-sarre\/"},{"@type":"ListItem","position":4,"name":"Package complet Mariage Classique"}]},{"@type":"WebSite","@id":"https:\/\/www.linslerhof.de\/fr\/#website","url":"https:\/\/www.linslerhof.de\/fr\/","name":"Linslerhof","description":"Historischer Gutshof","publisher":{"@id":"https:\/\/www.linslerhof.de\/fr\/#organization"},"potentialAction":[{"@type":"SearchAction","target":{"@type":"EntryPoint","urlTemplate":"https:\/\/www.linslerhof.de\/fr\/?s={search_term_string}"},"query-input":{"@type":"PropertyValueSpecification","valueRequired":true,"valueName":"search_term_string"}}],"inLanguage":"fr-FR"},{"@type":"Organization","@id":"https:\/\/www.linslerhof.de\/fr\/#organization","name":"Linslerhof","url":"https:\/\/www.linslerhof.de\/fr\/","logo":{"@type":"ImageObject","inLanguage":"fr-FR","@id":"https:\/\/www.linslerhof.de\/fr\/#\/schema\/logo\/image\/","url":"https:\/\/www.linslerhof.de\/wp-content\/uploads\/2020\/12\/Logo_2020.png","contentUrl":"https:\/\/www.linslerhof.de\/wp-content\/uploads\/2020\/12\/Logo_2020.png","width":466,"height":300,"caption":"Linslerhof"},"image":{"@id":"https:\/\/www.linslerhof.de\/fr\/#\/schema\/logo\/image\/"},"sameAs":["https:\/\/www.facebook.com\/Linslerhof","https:\/\/www.instagram.com\/linslerhof\/"]}]}},"_links":{"self":[{"href":"https:\/\/www.linslerhof.de\/fr\/wp-json\/wp\/v2\/pages\/45115","targetHints":{"allow":["GET"]}}],"collection":[{"href":"https:\/\/www.linslerhof.de\/fr\/wp-json\/wp\/v2\/pages"}],"about":[{"href":"https:\/\/www.linslerhof.de\/fr\/wp-json\/wp\/v2\/types\/page"}],"author":[{"embeddable":true,"href":"https:\/\/www.linslerhof.de\/fr\/wp-json\/wp\/v2\/users\/3"}],"replies":[{"embeddable":true,"href":"https:\/\/www.linslerhof.de\/fr\/wp-json\/wp\/v2\/comments?post=45115"}],"version-history":[{"count":7,"href":"https:\/\/www.linslerhof.de\/fr\/wp-json\/wp\/v2\/pages\/45115\/revisions"}],"predecessor-version":[{"id":47234,"href":"https:\/\/www.linslerhof.de\/fr\/wp-json\/wp\/v2\/pages\/45115\/revisions\/47234"}],"up":[{"embeddable":true,"href":"https:\/\/www.linslerhof.de\/fr\/wp-json\/wp\/v2\/pages\/33362"}],"wp:attachment":[{"href":"https:\/\/www.linslerhof.de\/fr\/wp-json\/wp\/v2\/media?parent=45115"}],"curies":[{"name":"wp","href":"https:\/\/api.w.org\/{rel}","templated":true}]}}