{"id":45259,"date":"2025-08-21T14:44:33","date_gmt":"2025-08-21T12:44:33","guid":{"rendered":"https:\/\/www.linslerhof.de\/lieu-devenement-en-sarre\/salle-de-mariage-jardin-de-lhotel\/"},"modified":"2026-01-22T11:22:37","modified_gmt":"2026-01-22T10:22:37","slug":"salle-de-mariage-jardin-de-lhotel","status":"publish","type":"page","link":"https:\/\/www.linslerhof.de\/fr\/lieu-devenement-en-sarre\/lieu-de-mariage-en-sarre\/salle-de-mariage-jardin-de-lhotel\/","title":{"rendered":"Salle de mariage &amp; jardin de l&rsquo;h\u00f4tel"},"content":{"rendered":"<section class=\"l-section wpb_row us_custom_33fe73d0 hide_on_tablets hide_on_mobiles height_medium\"><div class=\"l-section-h i-cf\"><div class=\"g-cols vc_row via_flex valign_middle type_boxes stacking_default\" style=\"--additional-gap:10px;\"><div class=\"vc_col-sm-6 wpb_column vc_column_container  has_bg_color\"><div class=\"vc_column-inner us_custom_7de1b66e us_animate_this\"><div class=\"wpb_wrapper\"><\/div><\/div><\/div><div class=\"vc_col-sm-6 wpb_column vc_column_container has_bg_color\"><div class=\"vc_column-inner us_custom_94501421\"><div class=\"wpb_wrapper\"><div class=\"wpb_text_column us_custom_50cc7d67\"><div class=\"wpb_wrapper\"><h2 style=\"text-align: left;\"><strong>Salle de mariage<\/strong><\/h2>\n<h3>\u00c9l\u00e9gance d\u00e9contract\u00e9e<\/h3>\n<p style=\"text-align: left;\">L&rsquo;\u00e9l\u00e9gante salle de mariage du Linslerhof offre un cadre parfait pour votre mariage civil. Dans une ambiance \u00e9l\u00e9gante et raffin\u00e9e, vous pouvez accueillir jusqu&rsquo;\u00e0 60 invit\u00e9s, entour\u00e9s d&rsquo;une atmosph\u00e8re historique et d&rsquo;une d\u00e9coration soign\u00e9e. L&rsquo;espace g\u00e9n\u00e9reux de la salle cr\u00e9e une atmosph\u00e8re \u00e0 la fois digne et personnelle &#8211; id\u00e9ale pour les c\u00e9r\u00e9monies solennelles en petit comit\u00e9.<\/p>\n<\/div><\/div><div class=\" vc_custom_1769077328917 ubtn-ctn-left \"><a class=\"ubtn-link ult-adjust-bottom-margin ubtn-left ubtn-large \" href=\"https:\/\/www.linslerhof.de\/fr\/lieu-devenement-en-sarre\/demandes-devenements\/\" title=\"Demandes d\" ><button type=\"button\" id=\"ubtn-9825\"  class=\"ubtn ult-adjust-bottom-margin ult-responsive ubtn-large ubtn-no-hover-bg  ulta-push  ubtn-left   tooltip-69f2c9b775ae0\"  data-hover=\"\" data-border-color=\"\" data-bg=\"#ea5b0b\" data-hover-bg=\"\" data-border-hover=\"\" data-shadow-hover=\"\" data-shadow-click=\"none\" data-shadow=\"\" data-shd-shadow=\"\"  data-ultimate-target='#ubtn-9825'  data-responsive-json-new='{\"font-size\":\"desktop:20px;\",\"line-height\":\"desktop:18px;\"}'  style=\"font-family:&#039;Open Sans Condensed&#039;;font-weight:normal;font-style:normal;border:none;background: #ea5b0b;color: #ffffff;\"><span class=\"ubtn-hover\" style=\"background-color:\"><\/span><span class=\"ubtn-data ubtn-text \" >DEMANDEZ MAINTENANT<\/span><\/button><\/a><\/div><div class=\"wpb_text_column us_custom_090aafef\"><div class=\"wpb_wrapper\"><p>Ou contactez-nous :<br \/>\n<strong><a href=\"tel:+49683680766\">+49 (0)6836 &#8211; 80766<\/a><\/strong><br \/>\n<strong><a href=\"mailto:bankett@linslerhof.de\">bankett@linslerhof.de<\/a><\/strong><\/p>\n<\/div><\/div><\/div><\/div><\/div><\/div><\/div><\/section><section class=\"l-section wpb_row us_custom_33fe73d0 hide_on_default hide_on_laptops height_medium\"><div class=\"l-section-h i-cf\"><div class=\"g-cols vc_row via_flex valign_middle type_boxes stacking_default\" style=\"--additional-gap:10px;\"><div class=\"vc_col-sm-6 wpb_column vc_column_container  has_bg_color\"><div class=\"vc_column-inner us_custom_0b8fbb6b us_animate_this\"><div class=\"wpb_wrapper\"><\/div><\/div><\/div><div class=\"vc_col-sm-6 wpb_column vc_column_container has_bg_color\"><div class=\"vc_column-inner us_custom_94501421\"><div class=\"wpb_wrapper\"><div class=\"wpb_text_column us_custom_50cc7d67\"><div class=\"wpb_wrapper\"><h2 style=\"text-align: left;\"><strong>Salle de mariage<\/strong><\/h2>\n<h3>\u00c9l\u00e9gance d\u00e9contract\u00e9e<\/h3>\n<p style=\"text-align: left;\">L&rsquo;\u00e9l\u00e9gante salle de mariage du Linslerhof offre un cadre parfait pour votre mariage civil. Dans une ambiance \u00e9l\u00e9gante et raffin\u00e9e, vous pouvez accueillir jusqu&rsquo;\u00e0 60 invit\u00e9s, entour\u00e9s d&rsquo;une atmosph\u00e8re historique et d&rsquo;une d\u00e9coration soign\u00e9e. L&rsquo;espace g\u00e9n\u00e9reux de la salle cr\u00e9e une atmosph\u00e8re \u00e0 la fois digne et personnelle &#8211; id\u00e9ale pour les c\u00e9r\u00e9monies solennelles en petit comit\u00e9.<\/p>\n<\/div><\/div><div class=\" vc_custom_1769077338053 ubtn-ctn-left \"><a class=\"ubtn-link ult-adjust-bottom-margin ubtn-left ubtn-large \" href=\"https:\/\/www.linslerhof.de\/fr\/lieu-devenement-en-sarre\/demandes-devenements\/\" title=\"Demandes d\" ><button type=\"button\" id=\"ubtn-8748\"  class=\"ubtn ult-adjust-bottom-margin ult-responsive ubtn-large ubtn-no-hover-bg  ulta-push  ubtn-left   tooltip-69f2c9b77699e\"  data-hover=\"\" data-border-color=\"\" data-bg=\"#ea5b0b\" data-hover-bg=\"\" data-border-hover=\"\" data-shadow-hover=\"\" data-shadow-click=\"none\" data-shadow=\"\" data-shd-shadow=\"\"  data-ultimate-target='#ubtn-8748'  data-responsive-json-new='{\"font-size\":\"desktop:20px;\",\"line-height\":\"desktop:18px;\"}'  style=\"font-family:&#039;Open Sans Condensed&#039;;font-weight:normal;font-style:normal;border:none;background: #ea5b0b;color: #ffffff;\"><span class=\"ubtn-hover\" style=\"background-color:\"><\/span><span class=\"ubtn-data ubtn-text \" >DEMANDEZ MAINTENANT<\/span><\/button><\/a><\/div><div class=\"wpb_text_column us_custom_090aafef\"><div class=\"wpb_wrapper\"><p>Ou contactez-nous :<br \/>\n<strong><a href=\"tel:+49683680766\">+49 (0)6836 &#8211; 80766<\/a><\/strong><br \/>\n<strong><a href=\"mailto:bankett@linslerhof.de\">bankett@linslerhof.de<\/a><\/strong><\/p>\n<\/div><\/div><\/div><\/div><\/div><\/div><\/div><\/section><section class=\"l-section wpb_row us_custom_1abdb309 hide_on_tablets hide_on_mobiles height_medium\"><div class=\"l-section-h i-cf\"><div class=\"g-cols vc_row via_flex valign_middle type_boxes stacking_default\" style=\"--additional-gap:10px;\"><div class=\"vc_col-sm-6 wpb_column vc_column_container has_bg_color\"><div class=\"vc_column-inner us_custom_94501421\"><div class=\"wpb_wrapper\"><div class=\"wpb_text_column us_custom_50cc7d67\"><div class=\"wpb_wrapper\"><h2 style=\"text-align: left;\"><strong>Jardin de l&rsquo;h\u00f4tel<\/strong><\/h2>\n<h3>Se marier en plein air<\/h3>\n<p style=\"text-align: left;\">Imaginez un peu : Le chant des oiseaux, le parfum des roses et une large vue sur la nature. Notre vaste jardin offre le cadre parfait pour une c\u00e9r\u00e9monie de mariage libre. Les vieux arbres, les parterres amoureusement entretenus et le caract\u00e8re particulier du Linslerhof cr\u00e9ent une atmosph\u00e8re \u00e0 la fois festive et d\u00e9contract\u00e9e. Ici, le naturel et l&rsquo;\u00e9l\u00e9gance s&rsquo;unissent pour cr\u00e9er un moment inoubliable.<\/p>\n<\/div><\/div><div class=\" vc_custom_1769077347021 ubtn-ctn-left \"><a class=\"ubtn-link ult-adjust-bottom-margin ubtn-left ubtn-large \" href=\"https:\/\/www.linslerhof.de\/fr\/lieu-devenement-en-sarre\/demandes-devenements\/\" title=\"Demandes d\" ><button type=\"button\" id=\"ubtn-7412\"  class=\"ubtn ult-adjust-bottom-margin ult-responsive ubtn-large ubtn-no-hover-bg  ulta-push  ubtn-left   tooltip-69f2c9b776ed6\"  data-hover=\"\" data-border-color=\"\" data-bg=\"#ea5b0b\" data-hover-bg=\"\" data-border-hover=\"\" data-shadow-hover=\"\" data-shadow-click=\"none\" data-shadow=\"\" data-shd-shadow=\"\"  data-ultimate-target='#ubtn-7412'  data-responsive-json-new='{\"font-size\":\"desktop:20px;\",\"line-height\":\"desktop:18px;\"}'  style=\"font-family:&#039;Open Sans Condensed&#039;;font-weight:normal;font-style:normal;border:none;background: #ea5b0b;color: #ffffff;\"><span class=\"ubtn-hover\" style=\"background-color:\"><\/span><span class=\"ubtn-data ubtn-text \" >DEMANDEZ MAINTENANT<\/span><\/button><\/a><\/div><div class=\"wpb_text_column us_custom_090aafef\"><div class=\"wpb_wrapper\"><p>Ou contactez-nous :<br \/>\n<strong><a href=\"tel:+49683680766\">+49 (0)6836 &#8211; 80766<\/a><\/strong><br \/>\n<strong><a href=\"mailto:bankett@linslerhof.de\">bankett@linslerhof.de<\/a><\/strong><\/p>\n<\/div><\/div><\/div><\/div><\/div><div class=\"vc_col-sm-6 wpb_column vc_column_container  has_bg_color\"><div class=\"vc_column-inner us_custom_9e2d1c56 us_animate_this\"><div class=\"wpb_wrapper\"><\/div><\/div><\/div><\/div><\/div><\/section><section class=\"l-section wpb_row us_custom_1abdb309 hide_on_default hide_on_laptops height_medium\"><div class=\"l-section-h i-cf\"><div class=\"g-cols vc_row via_flex valign_middle type_boxes stacking_default\" style=\"--additional-gap:10px;\"><div class=\"vc_col-sm-6 wpb_column vc_column_container  has_bg_color\"><div class=\"vc_column-inner us_custom_0c07e372 us_animate_this\"><div class=\"wpb_wrapper\"><\/div><\/div><\/div><div class=\"vc_col-sm-6 wpb_column vc_column_container has_bg_color\"><div class=\"vc_column-inner us_custom_94501421\"><div class=\"wpb_wrapper\"><div class=\"wpb_text_column us_custom_50cc7d67\"><div class=\"wpb_wrapper\"><h2 style=\"text-align: left;\"><strong>Jardin de l&rsquo;h\u00f4tel<\/strong><\/h2>\n<h3>Se marier en plein air<\/h3>\n<p style=\"text-align: left;\">Imaginez un peu : Le chant des oiseaux, le parfum des roses et une large vue sur la nature. Notre vaste jardin offre le cadre parfait pour une c\u00e9r\u00e9monie de mariage libre. Les vieux arbres, les parterres amoureusement entretenus et le caract\u00e8re particulier du Linslerhof cr\u00e9ent une atmosph\u00e8re \u00e0 la fois festive et d\u00e9contract\u00e9e. Ici, le naturel et l&rsquo;\u00e9l\u00e9gance s&rsquo;unissent pour cr\u00e9er un moment inoubliable.<\/p>\n<\/div><\/div><div class=\" vc_custom_1769077355800 ubtn-ctn-left \"><a class=\"ubtn-link ult-adjust-bottom-margin ubtn-left ubtn-large \" href=\"https:\/\/www.linslerhof.de\/fr\/lieu-devenement-en-sarre\/demandes-devenements\/\" title=\"Demandes d\" ><button type=\"button\" id=\"ubtn-3258\"  class=\"ubtn ult-adjust-bottom-margin ult-responsive ubtn-large ubtn-no-hover-bg  ulta-push  ubtn-left   tooltip-69f2c9b77751d\"  data-hover=\"\" data-border-color=\"\" data-bg=\"#ea5b0b\" data-hover-bg=\"\" data-border-hover=\"\" data-shadow-hover=\"\" data-shadow-click=\"none\" data-shadow=\"\" data-shd-shadow=\"\"  data-ultimate-target='#ubtn-3258'  data-responsive-json-new='{\"font-size\":\"desktop:20px;\",\"line-height\":\"desktop:18px;\"}'  style=\"font-family:&#039;Open Sans Condensed&#039;;font-weight:normal;font-style:normal;border:none;background: #ea5b0b;color: #ffffff;\"><span class=\"ubtn-hover\" style=\"background-color:\"><\/span><span class=\"ubtn-data ubtn-text \" >DEMANDEZ MAINTENANT<\/span><\/button><\/a><\/div><div class=\"wpb_text_column us_custom_090aafef\"><div class=\"wpb_wrapper\"><p>Ou contactez-nous :<br \/>\n<strong><a href=\"tel:+49683680766\">+49 (0)6836 &#8211; 80766<\/a><\/strong><br \/>\n<strong><a href=\"mailto:bankett@linslerhof.de\">bankett@linslerhof.de<\/a><\/strong><\/p>\n<\/div><\/div><\/div><\/div><\/div><\/div><\/div><\/section>\n","protected":false},"excerpt":{"rendered":"Salle de mariage \u00c9l\u00e9gance d\u00e9contract\u00e9e L&rsquo;\u00e9l\u00e9gante salle de mariage du Linslerhof offre un cadre parfait pour votre mariage civil. Dans une ambiance \u00e9l\u00e9gante et raffin\u00e9e, vous pouvez accueillir jusqu&rsquo;\u00e0 60 invit\u00e9s, entour\u00e9s d&rsquo;une atmosph\u00e8re historique et d&rsquo;une d\u00e9coration soign\u00e9e. L&rsquo;espace g\u00e9n\u00e9reux de la salle cr\u00e9e une atmosph\u00e8re \u00e0 la fois digne et personnelle &#8211; id\u00e9ale...","protected":false},"author":3,"featured_media":0,"parent":33362,"menu_order":1,"comment_status":"closed","ping_status":"closed","template":"","meta":{"footnotes":""},"class_list":["post-45259","page","type-page","status-publish","hentry"],"yoast_head":"<!-- This site is optimized with the Yoast SEO plugin v27.5 - https:\/\/yoast.com\/product\/yoast-seo-wordpress\/ -->\n<title>Salle de mariage &amp; jardin de l&#039;h\u00f4tel | Linslerhof<\/title>\n<meta name=\"description\" content=\"Vivez votre c\u00e9r\u00e9monie de mariage dans la chapelle historique Saint-Antoine du Linslerhof\" \/>\n<meta name=\"robots\" content=\"index, follow, max-snippet:-1, max-image-preview:large, max-video-preview:-1\" \/>\n<link rel=\"canonical\" href=\"https:\/\/www.linslerhof.de\/fr\/lieu-devenement-en-sarre\/lieu-de-mariage-en-sarre\/salle-de-mariage-jardin-de-lhotel\/\" \/>\n<meta property=\"og:locale\" content=\"fr_FR\" \/>\n<meta property=\"og:type\" content=\"article\" \/>\n<meta property=\"og:title\" content=\"Salle de mariage &amp; jardin de l&#039;h\u00f4tel | Linslerhof\" \/>\n<meta property=\"og:description\" content=\"Vivez votre c\u00e9r\u00e9monie de mariage dans la chapelle historique Saint-Antoine du Linslerhof\" \/>\n<meta property=\"og:url\" content=\"https:\/\/www.linslerhof.de\/fr\/lieu-devenement-en-sarre\/lieu-de-mariage-en-sarre\/salle-de-mariage-jardin-de-lhotel\/\" \/>\n<meta property=\"og:site_name\" content=\"Linslerhof\" \/>\n<meta property=\"article:publisher\" content=\"https:\/\/www.facebook.com\/Linslerhof\" \/>\n<meta property=\"article:modified_time\" content=\"2026-01-22T10:22:37+00:00\" \/>\n<meta name=\"twitter:card\" content=\"summary_large_image\" \/>\n<meta name=\"twitter:label1\" content=\"Dur\u00e9e de lecture estim\u00e9e\" \/>\n\t<meta name=\"twitter:data1\" content=\"3 minutes\" \/>\n<script type=\"application\/ld+json\" class=\"yoast-schema-graph\">{\"@context\":\"https:\\\/\\\/schema.org\",\"@graph\":[{\"@type\":\"WebPage\",\"@id\":\"https:\\\/\\\/www.linslerhof.de\\\/fr\\\/lieu-devenement-en-sarre\\\/lieu-de-mariage-en-sarre\\\/salle-de-mariage-jardin-de-lhotel\\\/\",\"url\":\"https:\\\/\\\/www.linslerhof.de\\\/fr\\\/lieu-devenement-en-sarre\\\/lieu-de-mariage-en-sarre\\\/salle-de-mariage-jardin-de-lhotel\\\/\",\"name\":\"Salle de mariage &amp; jardin de l'h\u00f4tel | Linslerhof\",\"isPartOf\":{\"@id\":\"https:\\\/\\\/www.linslerhof.de\\\/fr\\\/#website\"},\"datePublished\":\"2025-08-21T12:44:33+00:00\",\"dateModified\":\"2026-01-22T10:22:37+00:00\",\"description\":\"Vivez votre c\u00e9r\u00e9monie de mariage dans la chapelle historique Saint-Antoine du Linslerhof\",\"breadcrumb\":{\"@id\":\"https:\\\/\\\/www.linslerhof.de\\\/fr\\\/lieu-devenement-en-sarre\\\/lieu-de-mariage-en-sarre\\\/salle-de-mariage-jardin-de-lhotel\\\/#breadcrumb\"},\"inLanguage\":\"fr-FR\",\"potentialAction\":[{\"@type\":\"ReadAction\",\"target\":[\"https:\\\/\\\/www.linslerhof.de\\\/fr\\\/lieu-devenement-en-sarre\\\/lieu-de-mariage-en-sarre\\\/salle-de-mariage-jardin-de-lhotel\\\/\"]}]},{\"@type\":\"BreadcrumbList\",\"@id\":\"https:\\\/\\\/www.linslerhof.de\\\/fr\\\/lieu-devenement-en-sarre\\\/lieu-de-mariage-en-sarre\\\/salle-de-mariage-jardin-de-lhotel\\\/#breadcrumb\",\"itemListElement\":[{\"@type\":\"ListItem\",\"position\":1,\"name\":\"Startseite\",\"item\":\"https:\\\/\\\/www.linslerhof.de\\\/fr\\\/hotel-4-etoiles-en-sarre\\\/\"},{\"@type\":\"ListItem\",\"position\":2,\"name\":\"Lieu d&#8217;\u00e9v\u00e9nement en Sarre\",\"item\":\"https:\\\/\\\/www.linslerhof.de\\\/fr\\\/lieu-devenement-en-sarre\\\/\"},{\"@type\":\"ListItem\",\"position\":3,\"name\":\"Lieu de mariage en Sarre\",\"item\":\"https:\\\/\\\/www.linslerhof.de\\\/fr\\\/lieu-devenement-en-sarre\\\/lieu-de-mariage-en-sarre\\\/\"},{\"@type\":\"ListItem\",\"position\":4,\"name\":\"Salle de mariage &amp; jardin de l&#8217;h\u00f4tel\"}]},{\"@type\":\"WebSite\",\"@id\":\"https:\\\/\\\/www.linslerhof.de\\\/fr\\\/#website\",\"url\":\"https:\\\/\\\/www.linslerhof.de\\\/fr\\\/\",\"name\":\"Linslerhof\",\"description\":\"Historischer Gutshof\",\"publisher\":{\"@id\":\"https:\\\/\\\/www.linslerhof.de\\\/fr\\\/#organization\"},\"potentialAction\":[{\"@type\":\"SearchAction\",\"target\":{\"@type\":\"EntryPoint\",\"urlTemplate\":\"https:\\\/\\\/www.linslerhof.de\\\/fr\\\/?s={search_term_string}\"},\"query-input\":{\"@type\":\"PropertyValueSpecification\",\"valueRequired\":true,\"valueName\":\"search_term_string\"}}],\"inLanguage\":\"fr-FR\"},{\"@type\":\"Organization\",\"@id\":\"https:\\\/\\\/www.linslerhof.de\\\/fr\\\/#organization\",\"name\":\"Linslerhof\",\"url\":\"https:\\\/\\\/www.linslerhof.de\\\/fr\\\/\",\"logo\":{\"@type\":\"ImageObject\",\"inLanguage\":\"fr-FR\",\"@id\":\"https:\\\/\\\/www.linslerhof.de\\\/fr\\\/#\\\/schema\\\/logo\\\/image\\\/\",\"url\":\"https:\\\/\\\/www.linslerhof.de\\\/wp-content\\\/uploads\\\/2020\\\/12\\\/Logo_2020.png\",\"contentUrl\":\"https:\\\/\\\/www.linslerhof.de\\\/wp-content\\\/uploads\\\/2020\\\/12\\\/Logo_2020.png\",\"width\":466,\"height\":300,\"caption\":\"Linslerhof\"},\"image\":{\"@id\":\"https:\\\/\\\/www.linslerhof.de\\\/fr\\\/#\\\/schema\\\/logo\\\/image\\\/\"},\"sameAs\":[\"https:\\\/\\\/www.facebook.com\\\/Linslerhof\",\"https:\\\/\\\/www.instagram.com\\\/linslerhof\\\/\"]}]}<\/script>\n<!-- \/ Yoast SEO plugin. -->","yoast_head_json":{"title":"Salle de mariage &amp; jardin de l'h\u00f4tel | Linslerhof","description":"Vivez votre c\u00e9r\u00e9monie de mariage dans la chapelle historique Saint-Antoine du Linslerhof","robots":{"index":"index","follow":"follow","max-snippet":"max-snippet:-1","max-image-preview":"max-image-preview:large","max-video-preview":"max-video-preview:-1"},"canonical":"https:\/\/www.linslerhof.de\/fr\/lieu-devenement-en-sarre\/lieu-de-mariage-en-sarre\/salle-de-mariage-jardin-de-lhotel\/","og_locale":"fr_FR","og_type":"article","og_title":"Salle de mariage &amp; jardin de l'h\u00f4tel | Linslerhof","og_description":"Vivez votre c\u00e9r\u00e9monie de mariage dans la chapelle historique Saint-Antoine du Linslerhof","og_url":"https:\/\/www.linslerhof.de\/fr\/lieu-devenement-en-sarre\/lieu-de-mariage-en-sarre\/salle-de-mariage-jardin-de-lhotel\/","og_site_name":"Linslerhof","article_publisher":"https:\/\/www.facebook.com\/Linslerhof","article_modified_time":"2026-01-22T10:22:37+00:00","twitter_card":"summary_large_image","twitter_misc":{"Dur\u00e9e de lecture estim\u00e9e":"3 minutes"},"schema":{"@context":"https:\/\/schema.org","@graph":[{"@type":"WebPage","@id":"https:\/\/www.linslerhof.de\/fr\/lieu-devenement-en-sarre\/lieu-de-mariage-en-sarre\/salle-de-mariage-jardin-de-lhotel\/","url":"https:\/\/www.linslerhof.de\/fr\/lieu-devenement-en-sarre\/lieu-de-mariage-en-sarre\/salle-de-mariage-jardin-de-lhotel\/","name":"Salle de mariage &amp; jardin de l'h\u00f4tel | Linslerhof","isPartOf":{"@id":"https:\/\/www.linslerhof.de\/fr\/#website"},"datePublished":"2025-08-21T12:44:33+00:00","dateModified":"2026-01-22T10:22:37+00:00","description":"Vivez votre c\u00e9r\u00e9monie de mariage dans la chapelle historique Saint-Antoine du Linslerhof","breadcrumb":{"@id":"https:\/\/www.linslerhof.de\/fr\/lieu-devenement-en-sarre\/lieu-de-mariage-en-sarre\/salle-de-mariage-jardin-de-lhotel\/#breadcrumb"},"inLanguage":"fr-FR","potentialAction":[{"@type":"ReadAction","target":["https:\/\/www.linslerhof.de\/fr\/lieu-devenement-en-sarre\/lieu-de-mariage-en-sarre\/salle-de-mariage-jardin-de-lhotel\/"]}]},{"@type":"BreadcrumbList","@id":"https:\/\/www.linslerhof.de\/fr\/lieu-devenement-en-sarre\/lieu-de-mariage-en-sarre\/salle-de-mariage-jardin-de-lhotel\/#breadcrumb","itemListElement":[{"@type":"ListItem","position":1,"name":"Startseite","item":"https:\/\/www.linslerhof.de\/fr\/hotel-4-etoiles-en-sarre\/"},{"@type":"ListItem","position":2,"name":"Lieu d&#8217;\u00e9v\u00e9nement en Sarre","item":"https:\/\/www.linslerhof.de\/fr\/lieu-devenement-en-sarre\/"},{"@type":"ListItem","position":3,"name":"Lieu de mariage en Sarre","item":"https:\/\/www.linslerhof.de\/fr\/lieu-devenement-en-sarre\/lieu-de-mariage-en-sarre\/"},{"@type":"ListItem","position":4,"name":"Salle de mariage &amp; jardin de l&#8217;h\u00f4tel"}]},{"@type":"WebSite","@id":"https:\/\/www.linslerhof.de\/fr\/#website","url":"https:\/\/www.linslerhof.de\/fr\/","name":"Linslerhof","description":"Historischer Gutshof","publisher":{"@id":"https:\/\/www.linslerhof.de\/fr\/#organization"},"potentialAction":[{"@type":"SearchAction","target":{"@type":"EntryPoint","urlTemplate":"https:\/\/www.linslerhof.de\/fr\/?s={search_term_string}"},"query-input":{"@type":"PropertyValueSpecification","valueRequired":true,"valueName":"search_term_string"}}],"inLanguage":"fr-FR"},{"@type":"Organization","@id":"https:\/\/www.linslerhof.de\/fr\/#organization","name":"Linslerhof","url":"https:\/\/www.linslerhof.de\/fr\/","logo":{"@type":"ImageObject","inLanguage":"fr-FR","@id":"https:\/\/www.linslerhof.de\/fr\/#\/schema\/logo\/image\/","url":"https:\/\/www.linslerhof.de\/wp-content\/uploads\/2020\/12\/Logo_2020.png","contentUrl":"https:\/\/www.linslerhof.de\/wp-content\/uploads\/2020\/12\/Logo_2020.png","width":466,"height":300,"caption":"Linslerhof"},"image":{"@id":"https:\/\/www.linslerhof.de\/fr\/#\/schema\/logo\/image\/"},"sameAs":["https:\/\/www.facebook.com\/Linslerhof","https:\/\/www.instagram.com\/linslerhof\/"]}]}},"_links":{"self":[{"href":"https:\/\/www.linslerhof.de\/fr\/wp-json\/wp\/v2\/pages\/45259","targetHints":{"allow":["GET"]}}],"collection":[{"href":"https:\/\/www.linslerhof.de\/fr\/wp-json\/wp\/v2\/pages"}],"about":[{"href":"https:\/\/www.linslerhof.de\/fr\/wp-json\/wp\/v2\/types\/page"}],"author":[{"embeddable":true,"href":"https:\/\/www.linslerhof.de\/fr\/wp-json\/wp\/v2\/users\/3"}],"replies":[{"embeddable":true,"href":"https:\/\/www.linslerhof.de\/fr\/wp-json\/wp\/v2\/comments?post=45259"}],"version-history":[{"count":10,"href":"https:\/\/www.linslerhof.de\/fr\/wp-json\/wp\/v2\/pages\/45259\/revisions"}],"predecessor-version":[{"id":47229,"href":"https:\/\/www.linslerhof.de\/fr\/wp-json\/wp\/v2\/pages\/45259\/revisions\/47229"}],"up":[{"embeddable":true,"href":"https:\/\/www.linslerhof.de\/fr\/wp-json\/wp\/v2\/pages\/33362"}],"wp:attachment":[{"href":"https:\/\/www.linslerhof.de\/fr\/wp-json\/wp\/v2\/media?parent=45259"}],"curies":[{"name":"wp","href":"https:\/\/api.w.org\/{rel}","templated":true}]}}