{"id":45337,"date":"2025-08-26T13:59:46","date_gmt":"2025-08-26T11:59:46","guid":{"rendered":"https:\/\/www.linslerhof.de\/hotel\/hotel-accueillant-pour-les-chiens\/"},"modified":"2025-08-26T14:22:53","modified_gmt":"2025-08-26T12:22:53","slug":"hotel-accueillant-pour-les-chiens","status":"publish","type":"page","link":"https:\/\/www.linslerhof.de\/fr\/hotel\/hotel-accueillant-pour-les-chiens\/","title":{"rendered":"H\u00f4tel accueillant pour les chiens"},"content":{"rendered":"<section class=\"l-section wpb_row us_custom_8d4f5dab height_medium\"><div class=\"l-section-h i-cf\"><div class=\"g-cols vc_row via_flex valign_top type_boxes stacking_default\"><div class=\"vc_col-sm-12 wpb_column vc_column_container fs-page-header-area fs-landscape has_bg_color\"><div class=\"vc_column-inner us_custom_eacfaa01\"><div class=\"wpb_wrapper\"><\/div><\/div><\/div><\/div><\/div><\/section><section class=\"l-section wpb_row us_custom_3fcb7a80 fs-title-row height_medium\"><div class=\"l-section-h i-cf\"><div class=\"g-cols vc_row via_flex valign_top type_boxes stacking_default\"><div class=\"vc_col-sm-12 wpb_column vc_column_container\"><div class=\"vc_column-inner us_custom_5af77061\"><div class=\"wpb_wrapper\"><div class=\"g-cols wpb_row us_custom_d19ec48c fs-inner-area via_flex valign_top type_default stacking_default\"><div class=\"vc_col-sm-12 wpb_column vc_column_container\"><div class=\"vc_column-inner us_custom_86196ebf\"><div class=\"wpb_wrapper\"><div class=\"wpb_text_column us_custom_50cc7d67\"><div class=\"wpb_wrapper\"><h1 style=\"text-align: center\"><strong>H\u00f4tel accueillant pour les chiens<\/strong><\/h1>\n<h3>Bienvenue \u00e0 l&rsquo;h\u00f4tel Linslerhof, accueillant pour les chiens<\/h3>\n<p>Vous ne voulez pas passer vos vacances sans votre fid\u00e8le compagnon \u00e0 quatre pattes ? Alors vous \u00eates \u00e0 la bonne adresse ! Le Linslerhof est un h\u00f4tel accueillant pour les chiens en Sarre. Que ce soit pour un week-end de d\u00e9tente ou un s\u00e9jour plus long, chez nous, hommes et chiens profitent ensemble d&rsquo;un moment de d\u00e9tente.<\/p>\n<\/div><\/div><div class=\" vc_custom_1722428122423 ubtn-ctn-center fs-arrow-link d21-trigger-ibe\"><button type=\"button\" id=\"ubtn-2313\"  class=\"ubtn ult-adjust-bottom-margin ult-responsive ubtn-large ubtn-no-hover-bg  ulta-grow  ubtn-center   tooltip-69f60b9e27ad6\"  data-hover=\"\" data-border-color=\"\" data-bg=\"#d74808\" data-hover-bg=\"\" data-border-hover=\"\" data-shadow-hover=\"\" data-shadow-click=\"none\" data-shadow=\"\" data-shd-shadow=\"\"  data-ultimate-target='#ubtn-2313'  data-responsive-json-new='{\"font-size\":\"desktop:20px;tablet:18px;tablet_portrait:18px;mobile_landscape:15px;mobile:15px;\",\"line-height\":\"\"}'  style=\"font-family:&#039;Open Sans Condensed&#039;;font-weight:normal;font-style:normal;border:none;background: #d74808;color: #ffffff;\"><span class=\"ubtn-hover\" style=\"background-color:\"><\/span><span class=\"ubtn-data ubtn-text \" >R\u00c9SERVEZ MAINTENANT !<\/span><\/button><\/div><\/div><\/div><\/div><\/div><\/div><\/div><\/div><\/div><\/div><\/section><section class=\"l-section wpb_row us_custom_e3cfe923 height_medium\"><div class=\"l-section-h i-cf\"><div class=\"g-cols vc_row via_flex valign_middle type_boxes stacking_default\" style=\"--additional-gap:5px;\"><div class=\"vc_col-sm-6 wpb_column vc_column_container has_bg_color\"><div class=\"vc_column-inner us_custom_2c17af6b\"><div class=\"wpb_wrapper\"><div class=\"wpb_text_column us_custom_38ec8cf5\"><div class=\"wpb_wrapper\"><h2 style=\"text-align: left\">Passer la nuit avec son chien dans le pavillon de jardin<\/h2>\n<div>Nos chambres \u00ab\u00a0dog friendly\u00a0\u00bb dans le pavillon de jardin sont sp\u00e9cialement r\u00e9serv\u00e9es aux clients accompagn\u00e9s de leur chien.<\/div>\n<div>Pour que votre compagnon \u00e0 quatre pattes se sente bien d\u00e8s le d\u00e9but, nous lui pr\u00e9parons un petit paquet de bienvenue :<\/div>\n<div><span>  &#8211; couverture confortable pour chien<\/span><\/div>\n<div><span>  &#8211; Gamelle pour chien<\/span><\/div>\n<div><span>  &#8211; une friandise s\u00e9lectionn\u00e9e avec soin<\/span><\/div>\n<div><span>  &#8211; panneau de porte pratique \u00ab\u00a0Je suis seul !\u00a0\u00bb si votre chien reste bri\u00e8vement dans la pi\u00e8ce<\/span><\/div>\n<div><\/div>\n<div>Ainsi, vos vacances avec votre chien commencent chez nous de mani\u00e8re d\u00e9tendue et sans stress.<\/div>\n<p><a class=\"d21-trigger-ibe\" href=\"#\"><span style=\"color: #d74808\"><strong>&gt;&gt;  DISPONIBILIT\u00c9 &amp; PRIX<\/strong><\/span><\/a><\/p>\n<\/div><\/div><\/div><\/div><\/div><div class=\"vc_col-sm-6 wpb_column vc_column_container has_bg_color has-link\"><div class=\"vc_column-inner us_custom_5383c42f\"><div class=\"wpb_wrapper\"><\/div><\/div><a href=\"https:\/\/www.linslerhof.de\/fr\/linslerhof\/garantie-du-meilleur-prix\/\" class=\"vc_column-link smooth-scroll\" aria-label=\"Lien\"><\/a><\/div><\/div><\/div><\/section><section class=\"l-section wpb_row us_custom_3fcb7a80 fs-title-row height_medium\"><div class=\"l-section-h i-cf\"><div class=\"g-cols vc_row via_flex valign_top type_boxes stacking_default\"><div class=\"vc_col-sm-12 wpb_column vc_column_container\"><div class=\"vc_column-inner us_custom_5af77061\"><div class=\"wpb_wrapper\"><div class=\"g-cols wpb_row us_custom_d19ec48c fs-inner-area via_flex valign_top type_default stacking_default\"><div class=\"vc_col-sm-12 wpb_column vc_column_container\"><div class=\"vc_column-inner us_custom_86196ebf\"><div class=\"wpb_wrapper\"><div class=\"wpb_text_column us_custom_50cc7d67\"><div class=\"wpb_wrapper\"><h3>Profiter ensemble :<\/h3>\n<p>Vous ne devez pas non plus renoncer \u00e0 la compagnie de votre chien sur le plan culinaire. Les chiens sont les bienvenus dans notre restaurant et dans notre jardin de bi\u00e8re idyllique. Pendant que vous d\u00e9gustez des sp\u00e9cialit\u00e9s r\u00e9gionales et une cuisine raffin\u00e9e, votre compagnon \u00e0 quatre pattes peut rester \u00e0 vos c\u00f4t\u00e9s en toute d\u00e9contraction.<\/p>\n<\/div><\/div><div class=\"wpb_text_column us_custom_50cc7d67\"><div class=\"wpb_wrapper\"><h3>La nature \u00e0 l&rsquo;\u00e9tat pur :<\/h3>\n<p>De nombreux sentiers de randonn\u00e9e pour les propri\u00e9taires de chiens commencent directement devant notre porte. Le Wendelinusweg, qui traverse les paysages vari\u00e9s de la Sarre, est particuli\u00e8rement appr\u00e9ci\u00e9. Vous pouvez y explorer la nature avec votre chien, profiter de l&rsquo;air frais et \u00eatre actif ensemble.<\/p>\n<\/div><\/div><\/div><\/div><\/div><\/div><\/div><\/div><\/div><\/div><\/div><\/section>\n","protected":false},"excerpt":{"rendered":"H\u00f4tel accueillant pour les chiens Bienvenue \u00e0 l&rsquo;h\u00f4tel Linslerhof, accueillant pour les chiens Vous ne voulez pas passer vos vacances sans votre fid\u00e8le compagnon \u00e0 quatre pattes ? Alors vous \u00eates \u00e0 la bonne adresse ! Le Linslerhof est un h\u00f4tel accueillant pour les chiens en Sarre. Que ce soit pour un week-end de d\u00e9tente...","protected":false},"author":3,"featured_media":0,"parent":33299,"menu_order":3,"comment_status":"closed","ping_status":"closed","template":"","meta":{"footnotes":""},"class_list":["post-45337","page","type-page","status-publish","hentry"],"yoast_head":"<!-- This site is optimized with the Yoast SEO plugin v27.5 - https:\/\/yoast.com\/product\/yoast-seo-wordpress\/ -->\n<title>H\u00f4tel accueillant pour les chiens | Linslerhof<\/title>\n<meta name=\"description\" content=\"Vacances avec votre chien en Sarre - Linslerhof : chambres adapt\u00e9es aux chiens, restaurant avec chien et beaux sentiers de randonn\u00e9e juste devant la porte.\" \/>\n<meta name=\"robots\" content=\"index, follow, max-snippet:-1, max-image-preview:large, max-video-preview:-1\" \/>\n<link rel=\"canonical\" href=\"https:\/\/www.linslerhof.de\/fr\/hotel\/hotel-accueillant-pour-les-chiens\/\" \/>\n<meta property=\"og:locale\" content=\"fr_FR\" \/>\n<meta property=\"og:type\" content=\"article\" \/>\n<meta property=\"og:title\" content=\"H\u00f4tel accueillant pour les chiens | Linslerhof\" \/>\n<meta property=\"og:description\" content=\"Vacances avec votre chien en Sarre - Linslerhof : chambres adapt\u00e9es aux chiens, restaurant avec chien et beaux sentiers de randonn\u00e9e juste devant la porte.\" \/>\n<meta property=\"og:url\" content=\"https:\/\/www.linslerhof.de\/fr\/hotel\/hotel-accueillant-pour-les-chiens\/\" \/>\n<meta property=\"og:site_name\" content=\"Linslerhof\" \/>\n<meta property=\"article:publisher\" content=\"https:\/\/www.facebook.com\/Linslerhof\" \/>\n<meta property=\"article:modified_time\" content=\"2025-08-26T12:22:53+00:00\" \/>\n<meta name=\"twitter:card\" content=\"summary_large_image\" \/>\n<meta name=\"twitter:label1\" content=\"Dur\u00e9e de lecture estim\u00e9e\" \/>\n\t<meta name=\"twitter:data1\" content=\"4 minutes\" \/>\n<script type=\"application\/ld+json\" class=\"yoast-schema-graph\">{\"@context\":\"https:\\\/\\\/schema.org\",\"@graph\":[{\"@type\":\"WebPage\",\"@id\":\"https:\\\/\\\/www.linslerhof.de\\\/fr\\\/hotel\\\/hotel-accueillant-pour-les-chiens\\\/\",\"url\":\"https:\\\/\\\/www.linslerhof.de\\\/fr\\\/hotel\\\/hotel-accueillant-pour-les-chiens\\\/\",\"name\":\"H\u00f4tel accueillant pour les chiens | Linslerhof\",\"isPartOf\":{\"@id\":\"https:\\\/\\\/www.linslerhof.de\\\/fr\\\/#website\"},\"datePublished\":\"2025-08-26T11:59:46+00:00\",\"dateModified\":\"2025-08-26T12:22:53+00:00\",\"description\":\"Vacances avec votre chien en Sarre - Linslerhof : chambres adapt\u00e9es aux chiens, restaurant avec chien et beaux sentiers de randonn\u00e9e juste devant la porte.\",\"breadcrumb\":{\"@id\":\"https:\\\/\\\/www.linslerhof.de\\\/fr\\\/hotel\\\/hotel-accueillant-pour-les-chiens\\\/#breadcrumb\"},\"inLanguage\":\"fr-FR\",\"potentialAction\":[{\"@type\":\"ReadAction\",\"target\":[\"https:\\\/\\\/www.linslerhof.de\\\/fr\\\/hotel\\\/hotel-accueillant-pour-les-chiens\\\/\"]}]},{\"@type\":\"BreadcrumbList\",\"@id\":\"https:\\\/\\\/www.linslerhof.de\\\/fr\\\/hotel\\\/hotel-accueillant-pour-les-chiens\\\/#breadcrumb\",\"itemListElement\":[{\"@type\":\"ListItem\",\"position\":1,\"name\":\"Startseite\",\"item\":\"https:\\\/\\\/www.linslerhof.de\\\/fr\\\/hotel-4-etoiles-en-sarre\\\/\"},{\"@type\":\"ListItem\",\"position\":2,\"name\":\"H\u00f4tel\",\"item\":\"https:\\\/\\\/www.linslerhof.de\\\/fr\\\/hotel\\\/\"},{\"@type\":\"ListItem\",\"position\":3,\"name\":\"H\u00f4tel accueillant pour les chiens\"}]},{\"@type\":\"WebSite\",\"@id\":\"https:\\\/\\\/www.linslerhof.de\\\/fr\\\/#website\",\"url\":\"https:\\\/\\\/www.linslerhof.de\\\/fr\\\/\",\"name\":\"Linslerhof\",\"description\":\"Historischer Gutshof\",\"publisher\":{\"@id\":\"https:\\\/\\\/www.linslerhof.de\\\/fr\\\/#organization\"},\"potentialAction\":[{\"@type\":\"SearchAction\",\"target\":{\"@type\":\"EntryPoint\",\"urlTemplate\":\"https:\\\/\\\/www.linslerhof.de\\\/fr\\\/?s={search_term_string}\"},\"query-input\":{\"@type\":\"PropertyValueSpecification\",\"valueRequired\":true,\"valueName\":\"search_term_string\"}}],\"inLanguage\":\"fr-FR\"},{\"@type\":\"Organization\",\"@id\":\"https:\\\/\\\/www.linslerhof.de\\\/fr\\\/#organization\",\"name\":\"Linslerhof\",\"url\":\"https:\\\/\\\/www.linslerhof.de\\\/fr\\\/\",\"logo\":{\"@type\":\"ImageObject\",\"inLanguage\":\"fr-FR\",\"@id\":\"https:\\\/\\\/www.linslerhof.de\\\/fr\\\/#\\\/schema\\\/logo\\\/image\\\/\",\"url\":\"https:\\\/\\\/www.linslerhof.de\\\/wp-content\\\/uploads\\\/2020\\\/12\\\/Logo_2020.png\",\"contentUrl\":\"https:\\\/\\\/www.linslerhof.de\\\/wp-content\\\/uploads\\\/2020\\\/12\\\/Logo_2020.png\",\"width\":466,\"height\":300,\"caption\":\"Linslerhof\"},\"image\":{\"@id\":\"https:\\\/\\\/www.linslerhof.de\\\/fr\\\/#\\\/schema\\\/logo\\\/image\\\/\"},\"sameAs\":[\"https:\\\/\\\/www.facebook.com\\\/Linslerhof\",\"https:\\\/\\\/www.instagram.com\\\/linslerhof\\\/\"]}]}<\/script>\n<!-- \/ Yoast SEO plugin. -->","yoast_head_json":{"title":"H\u00f4tel accueillant pour les chiens | Linslerhof","description":"Vacances avec votre chien en Sarre - Linslerhof : chambres adapt\u00e9es aux chiens, restaurant avec chien et beaux sentiers de randonn\u00e9e juste devant la porte.","robots":{"index":"index","follow":"follow","max-snippet":"max-snippet:-1","max-image-preview":"max-image-preview:large","max-video-preview":"max-video-preview:-1"},"canonical":"https:\/\/www.linslerhof.de\/fr\/hotel\/hotel-accueillant-pour-les-chiens\/","og_locale":"fr_FR","og_type":"article","og_title":"H\u00f4tel accueillant pour les chiens | Linslerhof","og_description":"Vacances avec votre chien en Sarre - Linslerhof : chambres adapt\u00e9es aux chiens, restaurant avec chien et beaux sentiers de randonn\u00e9e juste devant la porte.","og_url":"https:\/\/www.linslerhof.de\/fr\/hotel\/hotel-accueillant-pour-les-chiens\/","og_site_name":"Linslerhof","article_publisher":"https:\/\/www.facebook.com\/Linslerhof","article_modified_time":"2025-08-26T12:22:53+00:00","twitter_card":"summary_large_image","twitter_misc":{"Dur\u00e9e de lecture estim\u00e9e":"4 minutes"},"schema":{"@context":"https:\/\/schema.org","@graph":[{"@type":"WebPage","@id":"https:\/\/www.linslerhof.de\/fr\/hotel\/hotel-accueillant-pour-les-chiens\/","url":"https:\/\/www.linslerhof.de\/fr\/hotel\/hotel-accueillant-pour-les-chiens\/","name":"H\u00f4tel accueillant pour les chiens | Linslerhof","isPartOf":{"@id":"https:\/\/www.linslerhof.de\/fr\/#website"},"datePublished":"2025-08-26T11:59:46+00:00","dateModified":"2025-08-26T12:22:53+00:00","description":"Vacances avec votre chien en Sarre - Linslerhof : chambres adapt\u00e9es aux chiens, restaurant avec chien et beaux sentiers de randonn\u00e9e juste devant la porte.","breadcrumb":{"@id":"https:\/\/www.linslerhof.de\/fr\/hotel\/hotel-accueillant-pour-les-chiens\/#breadcrumb"},"inLanguage":"fr-FR","potentialAction":[{"@type":"ReadAction","target":["https:\/\/www.linslerhof.de\/fr\/hotel\/hotel-accueillant-pour-les-chiens\/"]}]},{"@type":"BreadcrumbList","@id":"https:\/\/www.linslerhof.de\/fr\/hotel\/hotel-accueillant-pour-les-chiens\/#breadcrumb","itemListElement":[{"@type":"ListItem","position":1,"name":"Startseite","item":"https:\/\/www.linslerhof.de\/fr\/hotel-4-etoiles-en-sarre\/"},{"@type":"ListItem","position":2,"name":"H\u00f4tel","item":"https:\/\/www.linslerhof.de\/fr\/hotel\/"},{"@type":"ListItem","position":3,"name":"H\u00f4tel accueillant pour les chiens"}]},{"@type":"WebSite","@id":"https:\/\/www.linslerhof.de\/fr\/#website","url":"https:\/\/www.linslerhof.de\/fr\/","name":"Linslerhof","description":"Historischer Gutshof","publisher":{"@id":"https:\/\/www.linslerhof.de\/fr\/#organization"},"potentialAction":[{"@type":"SearchAction","target":{"@type":"EntryPoint","urlTemplate":"https:\/\/www.linslerhof.de\/fr\/?s={search_term_string}"},"query-input":{"@type":"PropertyValueSpecification","valueRequired":true,"valueName":"search_term_string"}}],"inLanguage":"fr-FR"},{"@type":"Organization","@id":"https:\/\/www.linslerhof.de\/fr\/#organization","name":"Linslerhof","url":"https:\/\/www.linslerhof.de\/fr\/","logo":{"@type":"ImageObject","inLanguage":"fr-FR","@id":"https:\/\/www.linslerhof.de\/fr\/#\/schema\/logo\/image\/","url":"https:\/\/www.linslerhof.de\/wp-content\/uploads\/2020\/12\/Logo_2020.png","contentUrl":"https:\/\/www.linslerhof.de\/wp-content\/uploads\/2020\/12\/Logo_2020.png","width":466,"height":300,"caption":"Linslerhof"},"image":{"@id":"https:\/\/www.linslerhof.de\/fr\/#\/schema\/logo\/image\/"},"sameAs":["https:\/\/www.facebook.com\/Linslerhof","https:\/\/www.instagram.com\/linslerhof\/"]}]}},"_links":{"self":[{"href":"https:\/\/www.linslerhof.de\/fr\/wp-json\/wp\/v2\/pages\/45337","targetHints":{"allow":["GET"]}}],"collection":[{"href":"https:\/\/www.linslerhof.de\/fr\/wp-json\/wp\/v2\/pages"}],"about":[{"href":"https:\/\/www.linslerhof.de\/fr\/wp-json\/wp\/v2\/types\/page"}],"author":[{"embeddable":true,"href":"https:\/\/www.linslerhof.de\/fr\/wp-json\/wp\/v2\/users\/3"}],"replies":[{"embeddable":true,"href":"https:\/\/www.linslerhof.de\/fr\/wp-json\/wp\/v2\/comments?post=45337"}],"version-history":[{"count":4,"href":"https:\/\/www.linslerhof.de\/fr\/wp-json\/wp\/v2\/pages\/45337\/revisions"}],"predecessor-version":[{"id":45341,"href":"https:\/\/www.linslerhof.de\/fr\/wp-json\/wp\/v2\/pages\/45337\/revisions\/45341"}],"up":[{"embeddable":true,"href":"https:\/\/www.linslerhof.de\/fr\/wp-json\/wp\/v2\/pages\/33299"}],"wp:attachment":[{"href":"https:\/\/www.linslerhof.de\/fr\/wp-json\/wp\/v2\/media?parent=45337"}],"curies":[{"name":"wp","href":"https:\/\/api.w.org\/{rel}","templated":true}]}}