{"id":45817,"date":"2025-04-30T14:44:46","date_gmt":"2025-04-30T12:44:46","guid":{"rendered":"https:\/\/www.linslerhof.de\/reunions\/offre-de-reunion-linslerhof-premium\/"},"modified":"2026-01-22T10:50:16","modified_gmt":"2026-01-22T09:50:16","slug":"offre-de-reunion-linslerhof-premium","status":"publish","type":"page","link":"https:\/\/www.linslerhof.de\/fr\/reunions\/offre-de-reunion\/offre-de-reunion-linslerhof-premium\/","title":{"rendered":"Offre de r\u00e9union Linslerhof \u00ab\u00a0Premium"},"content":{"rendered":"<section class=\"l-section wpb_row us_custom_1abdb309 fs-section-reverse height_medium\"><div class=\"l-section-h i-cf\"><div class=\"g-cols vc_row via_flex valign_middle type_boxes stacking_default\" style=\"--additional-gap:10px;\"><div class=\"vc_col-sm-6 wpb_column vc_column_container  has_bg_color\"><div class=\"vc_column-inner us_custom_a54a63b5 us_animate_this\"><div class=\"wpb_wrapper\"><\/div><\/div><\/div><div class=\"vc_col-sm-6 wpb_column vc_column_container has_bg_color\"><div class=\"vc_column-inner us_custom_94501421\"><div class=\"wpb_wrapper\"><div class=\"wpb_text_column us_custom_50cc7d67\"><div class=\"wpb_wrapper\"><h2 style=\"text-align: left;\"><strong>Offre de r\u00e9union<\/strong> Linslerhof \u00ab\u00a0Premium<\/h2>\n<p style=\"text-align: left;\"><strong>R\u00e9servable \u00e0 partir de 20 personnes \u00e0 partir de 317,40 \u20ac par personne<\/strong><\/p>\n<ul style=\"text-align: left;\">\n<li style=\"text-align: left;\">Utilisation de la salle de r\u00e9union \u00e0 la demi-journ\u00e9e ou \u00e0 la journ\u00e9e<\/li>\n<li style=\"text-align: left;\">Utilisation d&rsquo;un vid\u00e9oprojecteur, d&rsquo;un tableau d&rsquo;affichage, d&rsquo;un flipchart et d&rsquo;une mallette d&rsquo;animateur<\/li>\n<li style=\"text-align: left;\">Utilisation d&rsquo;un syst\u00e8me de sonorisation et de 2 microphones (1x filaire, 1x sans fil)<\/li>\n<li style=\"text-align: left;\">Sp\u00e9cialit\u00e9s de caf\u00e9 et de th\u00e9 au d\u00e9but<\/li>\n<li style=\"text-align: left;\">Eau min\u00e9rale \u00e0 volont\u00e9 dans la salle de r\u00e9union<\/li>\n<li style=\"text-align: left;\">Divers jus de fruits r\u00e9frig\u00e9r\u00e9s et boissons non alcoolis\u00e9es \u00e0 volont\u00e9 dans la salle de r\u00e9union<\/li>\n<li style=\"text-align: left;\">Pause caf\u00e9 le matin avec diff\u00e9rentes sp\u00e9cialit\u00e9s de caf\u00e9 et de th\u00e9, des petits g\u00e2teaux sucr\u00e9s ou sal\u00e9s et une salade de fruits<\/li>\n<li style=\"text-align: left;\">D\u00e9jeuner \u00e0 midi, 3 plats au choix du chef (menu ou buffet), plusieurs plats principaux au choix, boissons non alcoolis\u00e9es comprises, dans nos salles de restaurant.<\/li>\n<li style=\"text-align: left;\">Pause caf\u00e9 l&rsquo;apr\u00e8s-midi, avec diff\u00e9rentes sp\u00e9cialit\u00e9s de caf\u00e9 et de th\u00e9, des sp\u00e9cialit\u00e9s de p\u00e2tisserie, des g\u00e2teaux et des fruits frais de saison<\/li>\n<li style=\"text-align: left;\">Menu du domaine le soir, 3 plats au choix du chef (menu ou buffet), plusieurs plats principaux au choix, dans nos salles de restaurant<\/li>\n<li style=\"text-align: left;\">Boissons incluses au d\u00eener (eau, boissons non alcoolis\u00e9es, bi\u00e8re, vin, vin mousseux et boissons chaudes)<\/li>\n<li style=\"text-align: left;\">Acc\u00e8s WLAN s\u00e9par\u00e9 jusqu&rsquo;\u00e0 200 Mbits\/s<\/li>\n<li style=\"text-align: left;\">Parking gratuit<\/li>\n<li>des wallboxes pratiques pour toutes les voitures \u00e9lectriques<\/li>\n<li>H\u00e9bergement dans notre chambre du domaine, petit d\u00e9jeuner compris<\/li>\n<\/ul>\n<\/div><\/div><div class=\" vc_custom_1769075408577 ubtn-ctn-left \"><a class=\"ubtn-link ult-adjust-bottom-margin ubtn-left ubtn-large \" href=\"https:\/\/www.linslerhof.de\/fr\/reunions\/demander-une-reunion\/\" title=\"demander une reunion\" ><button type=\"button\" id=\"ubtn-4217\"  class=\"ubtn ult-adjust-bottom-margin ult-responsive ubtn-large ubtn-no-hover-bg  ulta-push  ubtn-left   tooltip-6a033220309ba\"  data-hover=\"\" data-border-color=\"\" data-bg=\"#ea5b0b\" data-hover-bg=\"\" data-border-hover=\"\" data-shadow-hover=\"\" data-shadow-click=\"none\" data-shadow=\"\" data-shd-shadow=\"\"  data-ultimate-target='#ubtn-4217'  data-responsive-json-new='{\"font-size\":\"desktop:20px;\",\"line-height\":\"desktop:18px;\"}'  style=\"font-family:&#039;Open Sans Condensed&#039;;font-weight:normal;font-style:normal;border:none;background: #ea5b0b;color: #ffffff;\"><span class=\"ubtn-hover\" style=\"background-color:\"><\/span><span class=\"ubtn-data ubtn-text \" >DEMANDEZ MAINTENANT<\/span><\/button><\/a><\/div><div class=\"wpb_text_column us_custom_090aafef\"><div class=\"wpb_wrapper\"><p>Ou contactez-nous :<strong><br \/>\n<a href=\"tel:+4968368070\">+49 (0)6836 &#8211; 8070<\/a><\/strong><strong><br \/>\n<a href=\"mailto:tagung@linslerhof.de\">tagung@linslerhof.de<\/a><br \/>\n<\/strong><\/p>\n<\/div><\/div><div class=\"wpb_text_column us_custom_69561aa4\"><div class=\"wpb_wrapper\"><p><a href=\"https:\/\/www.linslerhof.de\/fr\/reunions\/\"><span style=\"color: #d74808;\"><strong>&gt;&gt; RETOUR \u00c0 L&rsquo;APER\u00c7U DES OFFRES<\/strong><\/span><\/a><\/p>\n<\/div><\/div><\/div><\/div><\/div><\/div><\/div><\/section>\n","protected":false},"excerpt":{"rendered":"Offre de r\u00e9union Linslerhof \u00ab\u00a0Premium R\u00e9servable \u00e0 partir de 20 personnes \u00e0 partir de 317,40 \u20ac par personne Utilisation de la salle de r\u00e9union \u00e0 la demi-journ\u00e9e ou \u00e0 la journ\u00e9e Utilisation d&rsquo;un vid\u00e9oprojecteur, d&rsquo;un tableau d&rsquo;affichage, d&rsquo;un flipchart et d&rsquo;une mallette d&rsquo;animateur Utilisation d&rsquo;un syst\u00e8me de sonorisation et de 2 microphones (1x filaire, 1x...","protected":false},"author":3,"featured_media":0,"parent":33366,"menu_order":4,"comment_status":"closed","ping_status":"closed","template":"","meta":{"footnotes":""},"class_list":["post-45817","page","type-page","status-publish","hentry"],"yoast_head":"<!-- This site is optimized with the Yoast SEO plugin v27.5 - https:\/\/yoast.com\/product\/yoast-seo-wordpress\/ -->\n<title>Offre de r\u00e9union Linslerhof &quot;Premium | Linslerhof<\/title>\n<meta name=\"description\" content=\"R\u00e9unissez-vous au Linslerhof \u00e0 partir de 317,- \u20ac par personne, y compris les d\u00e9licieux menus, les repas complets et l&#039;h\u00e9bergement. Demandez maintenant !\" \/>\n<meta name=\"robots\" content=\"index, follow, max-snippet:-1, max-image-preview:large, max-video-preview:-1\" \/>\n<link rel=\"canonical\" href=\"https:\/\/www.linslerhof.de\/fr\/reunions\/offre-de-reunion\/offre-de-reunion-linslerhof-premium\/\" \/>\n<meta property=\"og:locale\" content=\"fr_FR\" \/>\n<meta property=\"og:type\" content=\"article\" \/>\n<meta property=\"og:title\" content=\"Offre de r\u00e9union Linslerhof &quot;Premium | Linslerhof\" \/>\n<meta property=\"og:description\" content=\"R\u00e9unissez-vous au Linslerhof \u00e0 partir de 317,- \u20ac par personne, y compris les d\u00e9licieux menus, les repas complets et l&#039;h\u00e9bergement. Demandez maintenant !\" \/>\n<meta property=\"og:url\" content=\"https:\/\/www.linslerhof.de\/fr\/reunions\/offre-de-reunion\/offre-de-reunion-linslerhof-premium\/\" \/>\n<meta property=\"og:site_name\" content=\"Linslerhof\" \/>\n<meta property=\"article:publisher\" content=\"https:\/\/www.facebook.com\/Linslerhof\" \/>\n<meta property=\"article:modified_time\" content=\"2026-01-22T09:50:16+00:00\" \/>\n<meta name=\"twitter:card\" content=\"summary_large_image\" \/>\n<meta name=\"twitter:label1\" content=\"Dur\u00e9e de lecture estim\u00e9e\" \/>\n\t<meta name=\"twitter:data1\" content=\"2 minutes\" \/>\n<script type=\"application\/ld+json\" class=\"yoast-schema-graph\">{\"@context\":\"https:\\\/\\\/schema.org\",\"@graph\":[{\"@type\":\"WebPage\",\"@id\":\"https:\\\/\\\/www.linslerhof.de\\\/fr\\\/reunions\\\/offre-de-reunion\\\/offre-de-reunion-linslerhof-premium\\\/\",\"url\":\"https:\\\/\\\/www.linslerhof.de\\\/fr\\\/reunions\\\/offre-de-reunion\\\/offre-de-reunion-linslerhof-premium\\\/\",\"name\":\"Offre de r\u00e9union Linslerhof \\\"Premium | Linslerhof\",\"isPartOf\":{\"@id\":\"https:\\\/\\\/www.linslerhof.de\\\/fr\\\/#website\"},\"datePublished\":\"2025-04-30T12:44:46+00:00\",\"dateModified\":\"2026-01-22T09:50:16+00:00\",\"description\":\"R\u00e9unissez-vous au Linslerhof \u00e0 partir de 317,- \u20ac par personne, y compris les d\u00e9licieux menus, les repas complets et l'h\u00e9bergement. Demandez maintenant !\",\"breadcrumb\":{\"@id\":\"https:\\\/\\\/www.linslerhof.de\\\/fr\\\/reunions\\\/offre-de-reunion\\\/offre-de-reunion-linslerhof-premium\\\/#breadcrumb\"},\"inLanguage\":\"fr-FR\",\"potentialAction\":[{\"@type\":\"ReadAction\",\"target\":[\"https:\\\/\\\/www.linslerhof.de\\\/fr\\\/reunions\\\/offre-de-reunion\\\/offre-de-reunion-linslerhof-premium\\\/\"]}]},{\"@type\":\"BreadcrumbList\",\"@id\":\"https:\\\/\\\/www.linslerhof.de\\\/fr\\\/reunions\\\/offre-de-reunion\\\/offre-de-reunion-linslerhof-premium\\\/#breadcrumb\",\"itemListElement\":[{\"@type\":\"ListItem\",\"position\":1,\"name\":\"Startseite\",\"item\":\"https:\\\/\\\/www.linslerhof.de\\\/fr\\\/hotel-4-etoiles-en-sarre\\\/\"},{\"@type\":\"ListItem\",\"position\":2,\"name\":\"R\u00e9unions\",\"item\":\"https:\\\/\\\/www.linslerhof.de\\\/fr\\\/reunions\\\/\"},{\"@type\":\"ListItem\",\"position\":3,\"name\":\"Offre de r\u00e9union\",\"item\":\"https:\\\/\\\/www.linslerhof.de\\\/fr\\\/reunions\\\/offre-de-reunion\\\/\"},{\"@type\":\"ListItem\",\"position\":4,\"name\":\"Offre de r\u00e9union Linslerhof &#8222;Premium\"}]},{\"@type\":\"WebSite\",\"@id\":\"https:\\\/\\\/www.linslerhof.de\\\/fr\\\/#website\",\"url\":\"https:\\\/\\\/www.linslerhof.de\\\/fr\\\/\",\"name\":\"Linslerhof\",\"description\":\"Historischer Gutshof\",\"publisher\":{\"@id\":\"https:\\\/\\\/www.linslerhof.de\\\/fr\\\/#organization\"},\"potentialAction\":[{\"@type\":\"SearchAction\",\"target\":{\"@type\":\"EntryPoint\",\"urlTemplate\":\"https:\\\/\\\/www.linslerhof.de\\\/fr\\\/?s={search_term_string}\"},\"query-input\":{\"@type\":\"PropertyValueSpecification\",\"valueRequired\":true,\"valueName\":\"search_term_string\"}}],\"inLanguage\":\"fr-FR\"},{\"@type\":\"Organization\",\"@id\":\"https:\\\/\\\/www.linslerhof.de\\\/fr\\\/#organization\",\"name\":\"Linslerhof\",\"url\":\"https:\\\/\\\/www.linslerhof.de\\\/fr\\\/\",\"logo\":{\"@type\":\"ImageObject\",\"inLanguage\":\"fr-FR\",\"@id\":\"https:\\\/\\\/www.linslerhof.de\\\/fr\\\/#\\\/schema\\\/logo\\\/image\\\/\",\"url\":\"https:\\\/\\\/www.linslerhof.de\\\/wp-content\\\/uploads\\\/2020\\\/12\\\/Logo_2020.png\",\"contentUrl\":\"https:\\\/\\\/www.linslerhof.de\\\/wp-content\\\/uploads\\\/2020\\\/12\\\/Logo_2020.png\",\"width\":466,\"height\":300,\"caption\":\"Linslerhof\"},\"image\":{\"@id\":\"https:\\\/\\\/www.linslerhof.de\\\/fr\\\/#\\\/schema\\\/logo\\\/image\\\/\"},\"sameAs\":[\"https:\\\/\\\/www.facebook.com\\\/Linslerhof\",\"https:\\\/\\\/www.instagram.com\\\/linslerhof\\\/\"]}]}<\/script>\n<!-- \/ Yoast SEO plugin. -->","yoast_head_json":{"title":"Offre de r\u00e9union Linslerhof \"Premium | Linslerhof","description":"R\u00e9unissez-vous au Linslerhof \u00e0 partir de 317,- \u20ac par personne, y compris les d\u00e9licieux menus, les repas complets et l'h\u00e9bergement. Demandez maintenant !","robots":{"index":"index","follow":"follow","max-snippet":"max-snippet:-1","max-image-preview":"max-image-preview:large","max-video-preview":"max-video-preview:-1"},"canonical":"https:\/\/www.linslerhof.de\/fr\/reunions\/offre-de-reunion\/offre-de-reunion-linslerhof-premium\/","og_locale":"fr_FR","og_type":"article","og_title":"Offre de r\u00e9union Linslerhof \"Premium | Linslerhof","og_description":"R\u00e9unissez-vous au Linslerhof \u00e0 partir de 317,- \u20ac par personne, y compris les d\u00e9licieux menus, les repas complets et l'h\u00e9bergement. Demandez maintenant !","og_url":"https:\/\/www.linslerhof.de\/fr\/reunions\/offre-de-reunion\/offre-de-reunion-linslerhof-premium\/","og_site_name":"Linslerhof","article_publisher":"https:\/\/www.facebook.com\/Linslerhof","article_modified_time":"2026-01-22T09:50:16+00:00","twitter_card":"summary_large_image","twitter_misc":{"Dur\u00e9e de lecture estim\u00e9e":"2 minutes"},"schema":{"@context":"https:\/\/schema.org","@graph":[{"@type":"WebPage","@id":"https:\/\/www.linslerhof.de\/fr\/reunions\/offre-de-reunion\/offre-de-reunion-linslerhof-premium\/","url":"https:\/\/www.linslerhof.de\/fr\/reunions\/offre-de-reunion\/offre-de-reunion-linslerhof-premium\/","name":"Offre de r\u00e9union Linslerhof \"Premium | Linslerhof","isPartOf":{"@id":"https:\/\/www.linslerhof.de\/fr\/#website"},"datePublished":"2025-04-30T12:44:46+00:00","dateModified":"2026-01-22T09:50:16+00:00","description":"R\u00e9unissez-vous au Linslerhof \u00e0 partir de 317,- \u20ac par personne, y compris les d\u00e9licieux menus, les repas complets et l'h\u00e9bergement. Demandez maintenant !","breadcrumb":{"@id":"https:\/\/www.linslerhof.de\/fr\/reunions\/offre-de-reunion\/offre-de-reunion-linslerhof-premium\/#breadcrumb"},"inLanguage":"fr-FR","potentialAction":[{"@type":"ReadAction","target":["https:\/\/www.linslerhof.de\/fr\/reunions\/offre-de-reunion\/offre-de-reunion-linslerhof-premium\/"]}]},{"@type":"BreadcrumbList","@id":"https:\/\/www.linslerhof.de\/fr\/reunions\/offre-de-reunion\/offre-de-reunion-linslerhof-premium\/#breadcrumb","itemListElement":[{"@type":"ListItem","position":1,"name":"Startseite","item":"https:\/\/www.linslerhof.de\/fr\/hotel-4-etoiles-en-sarre\/"},{"@type":"ListItem","position":2,"name":"R\u00e9unions","item":"https:\/\/www.linslerhof.de\/fr\/reunions\/"},{"@type":"ListItem","position":3,"name":"Offre de r\u00e9union","item":"https:\/\/www.linslerhof.de\/fr\/reunions\/offre-de-reunion\/"},{"@type":"ListItem","position":4,"name":"Offre de r\u00e9union Linslerhof &#8222;Premium"}]},{"@type":"WebSite","@id":"https:\/\/www.linslerhof.de\/fr\/#website","url":"https:\/\/www.linslerhof.de\/fr\/","name":"Linslerhof","description":"Historischer Gutshof","publisher":{"@id":"https:\/\/www.linslerhof.de\/fr\/#organization"},"potentialAction":[{"@type":"SearchAction","target":{"@type":"EntryPoint","urlTemplate":"https:\/\/www.linslerhof.de\/fr\/?s={search_term_string}"},"query-input":{"@type":"PropertyValueSpecification","valueRequired":true,"valueName":"search_term_string"}}],"inLanguage":"fr-FR"},{"@type":"Organization","@id":"https:\/\/www.linslerhof.de\/fr\/#organization","name":"Linslerhof","url":"https:\/\/www.linslerhof.de\/fr\/","logo":{"@type":"ImageObject","inLanguage":"fr-FR","@id":"https:\/\/www.linslerhof.de\/fr\/#\/schema\/logo\/image\/","url":"https:\/\/www.linslerhof.de\/wp-content\/uploads\/2020\/12\/Logo_2020.png","contentUrl":"https:\/\/www.linslerhof.de\/wp-content\/uploads\/2020\/12\/Logo_2020.png","width":466,"height":300,"caption":"Linslerhof"},"image":{"@id":"https:\/\/www.linslerhof.de\/fr\/#\/schema\/logo\/image\/"},"sameAs":["https:\/\/www.facebook.com\/Linslerhof","https:\/\/www.instagram.com\/linslerhof\/"]}]}},"_links":{"self":[{"href":"https:\/\/www.linslerhof.de\/fr\/wp-json\/wp\/v2\/pages\/45817","targetHints":{"allow":["GET"]}}],"collection":[{"href":"https:\/\/www.linslerhof.de\/fr\/wp-json\/wp\/v2\/pages"}],"about":[{"href":"https:\/\/www.linslerhof.de\/fr\/wp-json\/wp\/v2\/types\/page"}],"author":[{"embeddable":true,"href":"https:\/\/www.linslerhof.de\/fr\/wp-json\/wp\/v2\/users\/3"}],"replies":[{"embeddable":true,"href":"https:\/\/www.linslerhof.de\/fr\/wp-json\/wp\/v2\/comments?post=45817"}],"version-history":[{"count":2,"href":"https:\/\/www.linslerhof.de\/fr\/wp-json\/wp\/v2\/pages\/45817\/revisions"}],"predecessor-version":[{"id":47191,"href":"https:\/\/www.linslerhof.de\/fr\/wp-json\/wp\/v2\/pages\/45817\/revisions\/47191"}],"up":[{"embeddable":true,"href":"https:\/\/www.linslerhof.de\/fr\/wp-json\/wp\/v2\/pages\/33366"}],"wp:attachment":[{"href":"https:\/\/www.linslerhof.de\/fr\/wp-json\/wp\/v2\/media?parent=45817"}],"curies":[{"name":"wp","href":"https:\/\/api.w.org\/{rel}","templated":true}]}}