{"id":47867,"date":"2026-04-24T12:25:55","date_gmt":"2026-04-24T10:25:55","guid":{"rendered":"https:\/\/www.linslerhof.de\/restaurant-en-sarre\/gin-du-linslerhof\/"},"modified":"2026-04-24T12:38:00","modified_gmt":"2026-04-24T10:38:00","slug":"gin-du-linslerhof","status":"publish","type":"page","link":"https:\/\/www.linslerhof.de\/fr\/restaurant-en-sarre\/gin-du-linslerhof\/","title":{"rendered":"Gin du Linslerhof"},"content":{"rendered":"<section class=\"l-section wpb_row us_custom_8d4f5dab height_medium\"><div class=\"l-section-h i-cf\"><div class=\"g-cols vc_row via_flex valign_top type_boxes stacking_default\"><div class=\"vc_col-sm-12 wpb_column vc_column_container fs-page-header-area fs-landscape has_bg_color\"><div class=\"vc_column-inner us_custom_b4444132\"><div class=\"wpb_wrapper\"><\/div><\/div><\/div><\/div><\/div><\/section><section class=\"l-section wpb_row us_custom_3fcb7a80 fs-title-row height_medium\"><div class=\"l-section-h i-cf\"><div class=\"g-cols vc_row via_flex valign_top type_boxes stacking_default\"><div class=\"vc_col-sm-12 wpb_column vc_column_container\"><div class=\"vc_column-inner us_custom_5af77061\"><div class=\"wpb_wrapper\"><div class=\"g-cols wpb_row us_custom_d19ec48c fs-inner-area via_flex valign_top type_default stacking_default\"><div class=\"vc_col-sm-12 wpb_column vc_column_container\"><div class=\"vc_column-inner us_custom_e645dbf4\"><div class=\"wpb_wrapper\"><div class=\"wpb_text_column us_custom_50cc7d67\"><div class=\"wpb_wrapper\"><h1 style=\"text-align: center;\"><strong>Gin Linslerhof<\/strong><\/h1>\n<\/div><\/div><\/div><\/div><\/div><\/div><div class=\"g-cols wpb_row us_custom_04b5345d fs-inner-area via_flex valign_top type_default stacking_default\"><div class=\"vc_col-sm-6 wpb_column vc_column_container\"><div class=\"vc_column-inner\"><div class=\"wpb_wrapper\"><div class=\"wpb_text_column\"><div class=\"wpb_wrapper\"><h3 style=\"text-align: left;\">La patrie en verre<\/h3>\n<p class=\"p1\">C&rsquo;est lors de notre randonn\u00e9e sur le sentier Wendelinus que nous avons eu l&rsquo;id\u00e9e de cr\u00e9er notre propre gin avec des herbes r\u00e9gionales : pimpinelle, reine des pr\u00e9s, fleurs de sauge des pr\u00e9s, pointes d&rsquo;\u00e9pic\u00e9a et d&rsquo;autres botaniques soigneusement s\u00e9lectionn\u00e9s, finement ajust\u00e9s et distill\u00e9s avec beaucoup d&rsquo;artisanat, lui conf\u00e8rent son ar\u00f4me \u00e9quilibr\u00e9 et plein de caract\u00e8re. Un morceau de Sarre qui se d\u00e9guste ! <\/p>\n<\/div><\/div><\/div><\/div><\/div><div class=\"vc_col-sm-6 wpb_column vc_column_container\"><div class=\"vc_column-inner\"><div class=\"wpb_wrapper\"><div class=\"wpb_text_column us_custom_50cc7d67\"><div class=\"wpb_wrapper\"><h3 style=\"text-align: left;\">Handcrafted Dry Gin &#8211; Acheter Jeztz \u00e0 la ferme<\/h3>\n<p class=\"p1\">Entre les vieux murs, les vastes prairies et l&rsquo;hospitalit\u00e9 v\u00e9cue, quelque chose de sp\u00e9cial est n\u00e9 : le Linslerhof Dry Gin. Inspir\u00e9 par l&rsquo;atmosph\u00e8re unique de notre domaine historique et par la culture gastronomique sarroise.<br \/>\nD\u00e9gustez notre Linslerhof Dry Gin dans le Linslerstube ou emportez-le chez vous en bouteille de 0,5 ou 0,2 litre. Vous pouvez acheter le gin au restaurant ou \u00e0 la r\u00e9ception de l&rsquo;h\u00f4tel.<br \/>\n<b>Prix :<br \/>\n0,5l 34,50 \u20ac.<span class=\"Apple-converted-space\"><br \/>\n<\/span>0,2l 16,50 \u20ac<\/b><\/p>\n<\/div><\/div><\/div><\/div><\/div><\/div><\/div><\/div><\/div><\/div><\/div><\/section>\n","protected":false},"excerpt":{"rendered":"Gin Linslerhof La patrie en verre C&rsquo;est lors de notre randonn\u00e9e sur le sentier Wendelinus que nous avons eu l&rsquo;id\u00e9e de cr\u00e9er notre propre gin avec des herbes r\u00e9gionales : pimpinelle, reine des pr\u00e9s, fleurs de sauge des pr\u00e9s, pointes d&rsquo;\u00e9pic\u00e9a et d&rsquo;autres botaniques soigneusement s\u00e9lectionn\u00e9s, finement ajust\u00e9s et distill\u00e9s avec beaucoup d&rsquo;artisanat, lui conf\u00e8rent...","protected":false},"author":3,"featured_media":0,"parent":33306,"menu_order":5,"comment_status":"closed","ping_status":"closed","template":"","meta":{"footnotes":""},"class_list":["post-47867","page","type-page","status-publish","hentry"],"yoast_head":"<!-- This site is optimized with the Yoast SEO plugin v27.4 - https:\/\/yoast.com\/product\/yoast-seo-wordpress\/ -->\n<title>Gin du Linslerhof | Linslerhof<\/title>\n<meta name=\"description\" content=\"Mangez dans notre restaurant et notre Biergarten, qui vous invite \u00e0 vous attarder par beau temps. Une cabane pour barbecue est \u00e9galement disponible.\" \/>\n<meta name=\"robots\" content=\"index, follow, max-snippet:-1, max-image-preview:large, max-video-preview:-1\" \/>\n<link rel=\"canonical\" href=\"https:\/\/www.linslerhof.de\/fr\/restaurant-en-sarre\/gin-du-linslerhof\/\" \/>\n<meta property=\"og:locale\" content=\"fr_FR\" \/>\n<meta property=\"og:type\" content=\"article\" \/>\n<meta property=\"og:title\" content=\"Gin du Linslerhof | Linslerhof\" \/>\n<meta property=\"og:description\" content=\"Mangez dans notre restaurant et notre Biergarten, qui vous invite \u00e0 vous attarder par beau temps. Une cabane pour barbecue est \u00e9galement disponible.\" \/>\n<meta property=\"og:url\" content=\"https:\/\/www.linslerhof.de\/fr\/restaurant-en-sarre\/gin-du-linslerhof\/\" \/>\n<meta property=\"og:site_name\" content=\"Linslerhof\" \/>\n<meta property=\"article:publisher\" content=\"https:\/\/www.facebook.com\/Linslerhof\" \/>\n<meta property=\"article:modified_time\" content=\"2026-04-24T10:38:00+00:00\" \/>\n<meta name=\"twitter:card\" content=\"summary_large_image\" \/>\n<meta name=\"twitter:label1\" content=\"Dur\u00e9e de lecture estim\u00e9e\" \/>\n\t<meta name=\"twitter:data1\" content=\"2 minutes\" \/>\n<script type=\"application\/ld+json\" class=\"yoast-schema-graph\">{\"@context\":\"https:\\\/\\\/schema.org\",\"@graph\":[{\"@type\":\"WebPage\",\"@id\":\"https:\\\/\\\/www.linslerhof.de\\\/fr\\\/restaurant-en-sarre\\\/gin-du-linslerhof\\\/\",\"url\":\"https:\\\/\\\/www.linslerhof.de\\\/fr\\\/restaurant-en-sarre\\\/gin-du-linslerhof\\\/\",\"name\":\"Gin du Linslerhof | Linslerhof\",\"isPartOf\":{\"@id\":\"https:\\\/\\\/www.linslerhof.de\\\/fr\\\/#website\"},\"datePublished\":\"2026-04-24T10:25:55+00:00\",\"dateModified\":\"2026-04-24T10:38:00+00:00\",\"description\":\"Mangez dans notre restaurant et notre Biergarten, qui vous invite \u00e0 vous attarder par beau temps. Une cabane pour barbecue est \u00e9galement disponible.\",\"breadcrumb\":{\"@id\":\"https:\\\/\\\/www.linslerhof.de\\\/fr\\\/restaurant-en-sarre\\\/gin-du-linslerhof\\\/#breadcrumb\"},\"inLanguage\":\"fr-FR\",\"potentialAction\":[{\"@type\":\"ReadAction\",\"target\":[\"https:\\\/\\\/www.linslerhof.de\\\/fr\\\/restaurant-en-sarre\\\/gin-du-linslerhof\\\/\"]}]},{\"@type\":\"BreadcrumbList\",\"@id\":\"https:\\\/\\\/www.linslerhof.de\\\/fr\\\/restaurant-en-sarre\\\/gin-du-linslerhof\\\/#breadcrumb\",\"itemListElement\":[{\"@type\":\"ListItem\",\"position\":1,\"name\":\"Startseite\",\"item\":\"https:\\\/\\\/www.linslerhof.de\\\/fr\\\/hotel-4-etoiles-en-sarre\\\/\"},{\"@type\":\"ListItem\",\"position\":2,\"name\":\"Restaurant en Sarre\",\"item\":\"https:\\\/\\\/www.linslerhof.de\\\/fr\\\/restaurant-en-sarre\\\/\"},{\"@type\":\"ListItem\",\"position\":3,\"name\":\"Gin du Linslerhof\"}]},{\"@type\":\"WebSite\",\"@id\":\"https:\\\/\\\/www.linslerhof.de\\\/fr\\\/#website\",\"url\":\"https:\\\/\\\/www.linslerhof.de\\\/fr\\\/\",\"name\":\"Linslerhof\",\"description\":\"Historischer Gutshof\",\"publisher\":{\"@id\":\"https:\\\/\\\/www.linslerhof.de\\\/fr\\\/#organization\"},\"potentialAction\":[{\"@type\":\"SearchAction\",\"target\":{\"@type\":\"EntryPoint\",\"urlTemplate\":\"https:\\\/\\\/www.linslerhof.de\\\/fr\\\/?s={search_term_string}\"},\"query-input\":{\"@type\":\"PropertyValueSpecification\",\"valueRequired\":true,\"valueName\":\"search_term_string\"}}],\"inLanguage\":\"fr-FR\"},{\"@type\":\"Organization\",\"@id\":\"https:\\\/\\\/www.linslerhof.de\\\/fr\\\/#organization\",\"name\":\"Linslerhof\",\"url\":\"https:\\\/\\\/www.linslerhof.de\\\/fr\\\/\",\"logo\":{\"@type\":\"ImageObject\",\"inLanguage\":\"fr-FR\",\"@id\":\"https:\\\/\\\/www.linslerhof.de\\\/fr\\\/#\\\/schema\\\/logo\\\/image\\\/\",\"url\":\"https:\\\/\\\/www.linslerhof.de\\\/wp-content\\\/uploads\\\/2020\\\/12\\\/Logo_2020.png\",\"contentUrl\":\"https:\\\/\\\/www.linslerhof.de\\\/wp-content\\\/uploads\\\/2020\\\/12\\\/Logo_2020.png\",\"width\":466,\"height\":300,\"caption\":\"Linslerhof\"},\"image\":{\"@id\":\"https:\\\/\\\/www.linslerhof.de\\\/fr\\\/#\\\/schema\\\/logo\\\/image\\\/\"},\"sameAs\":[\"https:\\\/\\\/www.facebook.com\\\/Linslerhof\",\"https:\\\/\\\/www.instagram.com\\\/linslerhof\\\/\"]}]}<\/script>\n<!-- \/ Yoast SEO plugin. -->","yoast_head_json":{"title":"Gin du Linslerhof | Linslerhof","description":"Mangez dans notre restaurant et notre Biergarten, qui vous invite \u00e0 vous attarder par beau temps. Une cabane pour barbecue est \u00e9galement disponible.","robots":{"index":"index","follow":"follow","max-snippet":"max-snippet:-1","max-image-preview":"max-image-preview:large","max-video-preview":"max-video-preview:-1"},"canonical":"https:\/\/www.linslerhof.de\/fr\/restaurant-en-sarre\/gin-du-linslerhof\/","og_locale":"fr_FR","og_type":"article","og_title":"Gin du Linslerhof | Linslerhof","og_description":"Mangez dans notre restaurant et notre Biergarten, qui vous invite \u00e0 vous attarder par beau temps. Une cabane pour barbecue est \u00e9galement disponible.","og_url":"https:\/\/www.linslerhof.de\/fr\/restaurant-en-sarre\/gin-du-linslerhof\/","og_site_name":"Linslerhof","article_publisher":"https:\/\/www.facebook.com\/Linslerhof","article_modified_time":"2026-04-24T10:38:00+00:00","twitter_card":"summary_large_image","twitter_misc":{"Dur\u00e9e de lecture estim\u00e9e":"2 minutes"},"schema":{"@context":"https:\/\/schema.org","@graph":[{"@type":"WebPage","@id":"https:\/\/www.linslerhof.de\/fr\/restaurant-en-sarre\/gin-du-linslerhof\/","url":"https:\/\/www.linslerhof.de\/fr\/restaurant-en-sarre\/gin-du-linslerhof\/","name":"Gin du Linslerhof | Linslerhof","isPartOf":{"@id":"https:\/\/www.linslerhof.de\/fr\/#website"},"datePublished":"2026-04-24T10:25:55+00:00","dateModified":"2026-04-24T10:38:00+00:00","description":"Mangez dans notre restaurant et notre Biergarten, qui vous invite \u00e0 vous attarder par beau temps. Une cabane pour barbecue est \u00e9galement disponible.","breadcrumb":{"@id":"https:\/\/www.linslerhof.de\/fr\/restaurant-en-sarre\/gin-du-linslerhof\/#breadcrumb"},"inLanguage":"fr-FR","potentialAction":[{"@type":"ReadAction","target":["https:\/\/www.linslerhof.de\/fr\/restaurant-en-sarre\/gin-du-linslerhof\/"]}]},{"@type":"BreadcrumbList","@id":"https:\/\/www.linslerhof.de\/fr\/restaurant-en-sarre\/gin-du-linslerhof\/#breadcrumb","itemListElement":[{"@type":"ListItem","position":1,"name":"Startseite","item":"https:\/\/www.linslerhof.de\/fr\/hotel-4-etoiles-en-sarre\/"},{"@type":"ListItem","position":2,"name":"Restaurant en Sarre","item":"https:\/\/www.linslerhof.de\/fr\/restaurant-en-sarre\/"},{"@type":"ListItem","position":3,"name":"Gin du Linslerhof"}]},{"@type":"WebSite","@id":"https:\/\/www.linslerhof.de\/fr\/#website","url":"https:\/\/www.linslerhof.de\/fr\/","name":"Linslerhof","description":"Historischer Gutshof","publisher":{"@id":"https:\/\/www.linslerhof.de\/fr\/#organization"},"potentialAction":[{"@type":"SearchAction","target":{"@type":"EntryPoint","urlTemplate":"https:\/\/www.linslerhof.de\/fr\/?s={search_term_string}"},"query-input":{"@type":"PropertyValueSpecification","valueRequired":true,"valueName":"search_term_string"}}],"inLanguage":"fr-FR"},{"@type":"Organization","@id":"https:\/\/www.linslerhof.de\/fr\/#organization","name":"Linslerhof","url":"https:\/\/www.linslerhof.de\/fr\/","logo":{"@type":"ImageObject","inLanguage":"fr-FR","@id":"https:\/\/www.linslerhof.de\/fr\/#\/schema\/logo\/image\/","url":"https:\/\/www.linslerhof.de\/wp-content\/uploads\/2020\/12\/Logo_2020.png","contentUrl":"https:\/\/www.linslerhof.de\/wp-content\/uploads\/2020\/12\/Logo_2020.png","width":466,"height":300,"caption":"Linslerhof"},"image":{"@id":"https:\/\/www.linslerhof.de\/fr\/#\/schema\/logo\/image\/"},"sameAs":["https:\/\/www.facebook.com\/Linslerhof","https:\/\/www.instagram.com\/linslerhof\/"]}]}},"_links":{"self":[{"href":"https:\/\/www.linslerhof.de\/fr\/wp-json\/wp\/v2\/pages\/47867","targetHints":{"allow":["GET"]}}],"collection":[{"href":"https:\/\/www.linslerhof.de\/fr\/wp-json\/wp\/v2\/pages"}],"about":[{"href":"https:\/\/www.linslerhof.de\/fr\/wp-json\/wp\/v2\/types\/page"}],"author":[{"embeddable":true,"href":"https:\/\/www.linslerhof.de\/fr\/wp-json\/wp\/v2\/users\/3"}],"replies":[{"embeddable":true,"href":"https:\/\/www.linslerhof.de\/fr\/wp-json\/wp\/v2\/comments?post=47867"}],"version-history":[{"count":14,"href":"https:\/\/www.linslerhof.de\/fr\/wp-json\/wp\/v2\/pages\/47867\/revisions"}],"predecessor-version":[{"id":47900,"href":"https:\/\/www.linslerhof.de\/fr\/wp-json\/wp\/v2\/pages\/47867\/revisions\/47900"}],"up":[{"embeddable":true,"href":"https:\/\/www.linslerhof.de\/fr\/wp-json\/wp\/v2\/pages\/33306"}],"wp:attachment":[{"href":"https:\/\/www.linslerhof.de\/fr\/wp-json\/wp\/v2\/media?parent=47867"}],"curies":[{"name":"wp","href":"https:\/\/api.w.org\/{rel}","templated":true}]}}